{"id":30967,"date":"2018-03-22T16:59:46","date_gmt":"2018-03-22T16:59:46","guid":{"rendered":"https:\/\/monatglobal.com\/ca\/?page_id=30967"},"modified":"2024-03-12T12:40:40","modified_gmt":"2024-03-12T16:40:40","slug":"before-and-after","status":"publish","type":"page","link":"https:\/\/monatglobal.com\/ca\/before-and-after\/?lang=fr","title":{"rendered":"AVANT ET APR\u00c8S"},"content":{"rendered":"\n<style>\n    .col_3 { grid-template-columns: repeat(3, 1fr); }\n    @media screen and (min-width: 1300px) { .big_col_4 { grid-template-columns: repeat(4, 1fr); } }\n    @media screen and (max-width: 992px) { .med_col_2 { grid-template-columns: repeat(2, 1fr); } }\n    @media screen and (max-width: 700px) { .small_col_1 { grid-template-columns: repeat(1, 1fr); } }\n<\/style>\n    <h1>Avant et Apr\u00e8s<\/h1>\n        <h2>APR\u00c8S une utilisation du <br>SOIN D\u00c9M\u00caLANT<\/h2>\n            <h2>AVANT d&#8217;utiliser le <br>SOIN D\u00c9M\u00caLANT<\/h2>\n    <input id=\"divisorSlider\" type=\"range\" min=\"0\" max=\"100\" value=\"50\">\n    <h2>Partagez vos photos avant et apr\u00e8s<\/h2>\n    <a href=\"\/ca\/?page_id=87898&amp;lang=fr#form\">T\u00c9L\u00c9CHARGER VOS PHOTOS<\/a>\n    <h3>ou taguez-nous sur les r\u00e9seaux sociaux<br>@monatcanadaofficial<\/h3>\n    <h2>CHEVEUX<\/h2>\n        <!--==============tara==============-->\n            <a href=\"https:\/\/www.instagram.com\/p\/COvoTHoFgNd\/\" target=\"_blank\" rel=\"noopener\">\n                        <img decoding=\"async\" src=\"https:\/\/monatglobal.com\/wp-content\/uploads\/2024\/01\/375737178_1346701369293098_5038725691223365423_n.jpg\">\n                        <p>tara_bohm<\/p>\n                    <img decoding=\"async\" src=\"https:\/\/monatglobal.com\/wp-content\/uploads\/2024\/01\/link-icon.svg\">\n                    <p>AVANT<\/p>\n                    <img decoding=\"async\" src=\"https:\/\/monatglobal.com\/wp-content\/uploads\/2024\/01\/Tara-bohm-before-and-after-min.jpg\">  \n                    <p>APR\u00c8S<\/p>\n            <\/a>\n            <!--<a href=\"https:\/\/monatglobal.com\/rejuvabeads\/\" target=\"_blank\" rel=\"noopener\">-->\n            <!--    <p>REJUVABEADS\u00ae BY MONAT<\/p>-->\n            <!--    <img decoding=\"async\" src=\"https:\/\/monatglobal.com\/wp-content\/uploads\/2021\/07\/REJUVABEADS\u00ae-BY-MONAT.png\"\/>-->\n            <!--    <img decoding=\"async\" src=\"https:\/\/monatglobal.com\/wp-content\/uploads\/2024\/01\/link-arrow-icon.svg\" id=\"imgHover_card\"\/>-->\n            <!--<\/a>-->\n          <!--==============tara==============-->\n          <!--==============doralizhernaiz==============-->\n            <a href=\"https:\/\/www.instagram.com\/p\/Csreb2wLFHq\/\" target=\"_blank\" rel=\"noopener\">\n                        <img decoding=\"async\" src=\"https:\/\/monatglobal.com\/wp-content\/uploads\/2024\/01\/279778883_112603844641632_8414247593260333201_n.jpg\">\n                        <p>doralizhernaiz<\/p>\n                    <img decoding=\"async\" src=\"https:\/\/monatglobal.com\/wp-content\/uploads\/2024\/01\/link-icon.svg\">\n                    <p>AVANT<\/p>\n                    <img decoding=\"async\" src=\"https:\/\/monatglobal.com\/wp-content\/uploads\/2024\/01\/doraliz-hernaiz-before-and-after-min.jpg\">  \n                    <p>APR\u00c8S<\/p>\n            <\/a>\n            <!--<a href=\"https:\/\/monatglobal.com\/rejuvabeads\/\" target=\"_blank\" rel=\"noopener\">-->\n            <!--    <p>REJUVABEADS\u00ae BY MONAT<\/p>-->\n            <!--    <img decoding=\"async\" src=\"https:\/\/monatglobal.com\/wp-content\/uploads\/2021\/07\/REJUVABEADS\u00ae-BY-MONAT.png\"\/>-->\n            <!--    <img decoding=\"async\" src=\"https:\/\/monatglobal.com\/wp-content\/uploads\/2024\/01\/link-arrow-icon.svg\" id=\"imgHover_card\"\/>-->\n            <!--<\/a>-->\n          <!--==============doralizhernaiz==============-->\n          <!--==============allisonmcglinchey==============-->          \n            <a href=\"https:\/\/www.instagram.com\/p\/CsjnomOuXw9\/\" target=\"_blank\" rel=\"noopener\">\n                        <img decoding=\"async\" src=\"https:\/\/monatglobal.com\/wp-content\/uploads\/2024\/01\/20766893_124458948185883_1810913762824159232_a.jpg\">\n                        <p>allisonmcglinchey<\/p>\n                    <img decoding=\"async\" src=\"https:\/\/monatglobal.com\/wp-content\/uploads\/2024\/01\/link-icon.svg\">\n                    <p>AVANT<\/p>\n                    <img decoding=\"async\" src=\"https:\/\/monatglobal.com\/wp-content\/uploads\/2024\/01\/allison-mcglinchey-before-and-after-min.jpg\">  \n                    <p>APR\u00c8S<\/p>\n            <\/a>\n            <!--<a href=\"https:\/\/monatglobal.com\/rejuvabeads\/\" target=\"_blank\" rel=\"noopener\">-->\n            <!--    <p>REJUVABEADS\u00ae BY MONAT<\/p>-->\n            <!--    <img decoding=\"async\" src=\"https:\/\/monatglobal.com\/wp-content\/uploads\/2021\/07\/REJUVABEADS\u00ae-BY-MONAT.png\"\/>-->\n            <!--    <img decoding=\"async\" src=\"https:\/\/monatglobal.com\/wp-content\/uploads\/2024\/01\/link-arrow-icon.svg\" id=\"imgHover_card\"\/>-->\n            <!--<\/a>-->\n          <!--==============allisonmcglinchey==============--> \n          <!--==============amanda_curlygal_matter==============-->           \n            <a href=\"https:\/\/www.instagram.com\/p\/Cvdi-8QNaty\/\" target=\"_blank\" rel=\"noopener\">\n                        <img decoding=\"async\" src=\"https:\/\/monatglobal.com\/wp-content\/uploads\/2024\/01\/332062261_853171449205849_2345437702183204855_n.jpg\">\n                        <p>amanda_curlygal_matter<\/p>\n                    <img decoding=\"async\" src=\"https:\/\/monatglobal.com\/wp-content\/uploads\/2024\/01\/link-icon.svg\">\n                    <p>AVANT<\/p>\n                    <img decoding=\"async\" src=\"https:\/\/monatglobal.com\/wp-content\/uploads\/2024\/01\/amanda-matter-before-and-after-min.jpg\">  \n                    <p>APR\u00c8S<\/p>\n            <\/a>\n            <!--<a href=\"https:\/\/monatglobal.com\/rejuvabeads\/\" target=\"_blank\" rel=\"noopener\">-->\n            <!--    <p>REJUVABEADS\u00ae BY MONAT<\/p>-->\n            <!--    <img decoding=\"async\" src=\"https:\/\/monatglobal.com\/wp-content\/uploads\/2021\/07\/REJUVABEADS\u00ae-BY-MONAT.png\"\/>-->\n            <!--    <img decoding=\"async\" src=\"https:\/\/monatglobal.com\/wp-content\/uploads\/2024\/01\/link-arrow-icon.svg\" id=\"imgHover_card\"\/>-->\n            <!--<\/a>-->\n          <!--==============amanda_curlygal_matter==============-->\n          <!--==============rachelballenger==============-->          \n            <a href=\"https:\/\/www.instagram.com\/p\/CsjpW6Fp52u\/\" target=\"_blank\" rel=\"noopener\">\n                        <img decoding=\"async\" src=\"https:\/\/monatglobal.com\/wp-content\/uploads\/2024\/01\/336178910_2393122144195411_152357337960698777_n.jpg\">\n                        <p>rachelballenger<\/p>\n                    <img decoding=\"async\" src=\"https:\/\/monatglobal.com\/wp-content\/uploads\/2024\/01\/link-icon.svg\">\n                    <p>AVANT<\/p>\n                    <img decoding=\"async\" src=\"https:\/\/monatglobal.com\/wp-content\/uploads\/2024\/01\/rachelballenger-before-and-after-min.jpg\">  \n                    <p>APR\u00c8S<\/p>\n            <\/a>\n            <!--<a href=\"https:\/\/monatglobal.com\/rejuvabeads\/\" target=\"_blank\" rel=\"noopener\">-->\n            <!--    <p>REJUVABEADS\u00ae BY MONAT<\/p>-->\n            <!--    <img decoding=\"async\" src=\"https:\/\/monatglobal.com\/wp-content\/uploads\/2021\/07\/REJUVABEADS\u00ae-BY-MONAT.png\"\/>-->\n            <!--    <img decoding=\"async\" src=\"https:\/\/monatglobal.com\/wp-content\/uploads\/2024\/01\/link-arrow-icon.svg\" id=\"imgHover_card\"\/>-->\n            <!--<\/a>-->\n          <!--==============rachelballenger==============-->  \n          <!--==============ljviolin==============-->            \n            <a href=\"https:\/\/www.instagram.com\/p\/CsjwzizPRrf\/\" target=\"_blank\" rel=\"noopener\">\n                        <img decoding=\"async\" src=\"https:\/\/monatglobal.com\/wp-content\/uploads\/2024\/01\/361386941_801894124755972_3555321030032721784_n.jpg\">\n                        <p>ljviolin<\/p>\n                    <img decoding=\"async\" src=\"https:\/\/monatglobal.com\/wp-content\/uploads\/2024\/01\/link-icon.svg\">\n                    <p>AVANT<\/p>\n                    <img decoding=\"async\" src=\"https:\/\/monatglobal.com\/wp-content\/uploads\/2024\/01\/Lori-Jean-before-and-after-min.jpg\">  \n                    <p>APR\u00c8S<\/p>\n            <\/a>\n            <!--<a href=\"https:\/\/monatglobal.com\/rejuvabeads\/\" target=\"_blank\" rel=\"noopener\">-->\n            <!--    <p>REJUVABEADS\u00ae BY MONAT<\/p>-->\n            <!--    <img decoding=\"async\" src=\"https:\/\/monatglobal.com\/wp-content\/uploads\/2021\/07\/REJUVABEADS\u00ae-BY-MONAT.png\"\/>-->\n            <!--    <img decoding=\"async\" src=\"https:\/\/monatglobal.com\/wp-content\/uploads\/2024\/01\/link-arrow-icon.svg\" id=\"imgHover_card\"\/>-->\n            <!--<\/a>-->\n          <!--==============ljviolin==============-->  \n    <h2>PEAU<\/h2>\n          <!--==============graceandersonhair==============-->  \n            <a href=\"https:\/\/www.instagram.com\/p\/C1crbE4v4_H\/\" target=\"_blank\" rel=\"noopener\">\n                        <img decoding=\"async\" src=\"https:\/\/monatglobal.com\/wp-content\/uploads\/2024\/01\/346679008_1270189987259777_4094664207512864340_n-1.jpg\">\n                        <p>graceandersonhair<\/p>\n                    <img decoding=\"async\" src=\"https:\/\/monatglobal.com\/wp-content\/uploads\/2024\/01\/link-icon.svg\">\n                    <p>AVANT<\/p>\n                    <img decoding=\"async\" src=\"https:\/\/monatglobal.com\/wp-content\/uploads\/2024\/01\/gracea-nderson-before-and-after-min.jpg\">  \n                    <p>APR\u00c8S<\/p>\n            <\/a>\n                    <a href=\"\/ca\/?page_id=59166&amp;lang=fr\" target=\"_blank\" rel=\"noopener\">\n                        <p>Nettoyant clarifiant BE PURIFIED\u2122<\/p>\n                        <img decoding=\"async\" src=\"https:\/\/monatglobal.com\/wp-content\/uploads\/2021\/02\/be-pcc.png\">\n                        <img decoding=\"async\" src=\"https:\/\/monatglobal.com\/wp-content\/uploads\/2024\/01\/link-arrow-icon.svg\" id=\"imgHover_card\">  \n                    <\/a>\n                    <a href=\"\/ca\/?page_id=77086&amp;lang=fr\" target=\"_blank\" rel=\"noopener\">\n                        <p>EXFOLIATING PEEL PADS\u2122<\/p>\n                        <img decoding=\"async\" src=\"https:\/\/monatglobal.com\/wp-content\/uploads\/2023\/01\/EXFOLIATING-PEEL-PADSBOX_Ecomm-JAN-2023-ecomm_-min_all-prods-min.png\">\n                        <img decoding=\"async\" src=\"https:\/\/monatglobal.com\/wp-content\/uploads\/2024\/01\/link-arrow-icon.svg\" id=\"imgHover_card\">  \n                    <\/a>\n                    <a href=\"\/ca\/?page_id=49101&amp;lang=fr\" target=\"_blank\" rel=\"noopener\">\n                        <p>S\u00c9RUM ILLUMINANT C. RADIANCE\u2122<\/p>\n                        <img decoding=\"async\" src=\"https:\/\/monatglobal.com\/wp-content\/uploads\/2019\/11\/c-radiance.png\">\n                        <img decoding=\"async\" src=\"https:\/\/monatglobal.com\/wp-content\/uploads\/2024\/01\/link-arrow-icon.svg\" id=\"imgHover_card\">  \n                    <\/a>\n                    <a href=\"\/ca\/?page_id=57729&amp;lang=fr\" target=\"_blank\" rel=\"noopener\">\n                        <p>BAKUCHIOL V\u00c9G\u00c9TAL, LOTION ALTERNATIVE V\u00c9G\u00c9TALE AU R\u00c9TINOL<\/p>\n                        <img decoding=\"async\" src=\"https:\/\/monatglobal.com\/wp-content\/uploads\/2020\/11\/bbvr.png\">\n                        <img decoding=\"async\" src=\"https:\/\/monatglobal.com\/wp-content\/uploads\/2024\/01\/link-arrow-icon.svg\" id=\"imgHover_card\">  \n                    <\/a>                    \n          <!--==============graceandersonhair==============-->          \n    <h2>Merci d&#8217;avoir partag\u00e9 vos photos Avant et Apr\u00e8s avec nous!<\/h2>\n    Si nous avons d\u00e9j\u00e0 publi\u00e9 vos photos Avant et Apr\u00e8s, veuillez ne pas soumettre les m\u00eames photos de nouveau. Nous aimerions voir du nouveau!\n    <p>*Veuillez noter : Si vous \u00eates coiffeuse\/coiffeur et vous d\u00e9sirez soumettre plusieurs photos Avant et Apr\u00e8s, veuillez les envoyer par courriel \u00e0 <a href=\"mailto:marketing@monatglobal.com\">marketing@monatglobal.com<\/a>.<\/p>\n","protected":false},"excerpt":{"rendered":"<p>Avant et Apr\u00e8s APR\u00c8S une utilisation du SOIN D\u00c9M\u00caLANT AVANT d&#8217;utiliser le SOIN D\u00c9M\u00caLANT Partagez vos photos avant et apr\u00e8s T\u00c9L\u00c9CHARGER VOS PHOTOS ou taguez-nous sur les r\u00e9seaux sociaux@monatcanadaofficial CHEVEUX tara_bohm AVANT APR\u00c8S doralizhernaiz AVANT APR\u00c8S allisonmcglinchey AVANT APR\u00c8S amanda_curlygal_matter AVANT APR\u00c8S rachelballenger AVANT APR\u00c8S ljviolin AVANT APR\u00c8S PEAU graceandersonhair AVANT APR\u00c8S Nettoyant clarifiant BE&hellip;<\/p>\n","protected":false},"author":31,"featured_media":87896,"parent":0,"menu_order":0,"comment_status":"closed","ping_status":"closed","template":"","meta":{"inline_featured_image":false,"om_disable_all_campaigns":false,"_monsterinsights_skip_tracking":false,"_monsterinsights_sitenote_active":false,"_monsterinsights_sitenote_note":"","_monsterinsights_sitenote_category":0,"footnotes":""},"categories":[],"tags":[],"class_list":["post-30967","page","type-page","status-publish","has-post-thumbnail","hentry"],"aioseo_notices":[],"aioseo_head":"\n\t\t<!-- All in One SEO Pro 4.9.5.2 - aioseo.com -->\n\t<meta name=\"description\" content=\"Avant et Apr\u00e8s APR\u00c8S une utilisation du SOIN D\u00c9M\u00caLANT AVANT d&#039;utiliser le SOIN D\u00c9M\u00caLANT Partagez vos photos avant et apr\u00e8s T\u00c9L\u00c9CHARGER VOS PHOTOS ou taguez-nous sur les r\u00e9seaux sociaux@monatcanadaofficial CHEVEUX --&gt; --&gt; --&gt; --&gt; --&gt; --&gt; PEAU graceandersonhair AVANT APR\u00c8S Nettoyant clarifiant BE PURIFIED\u2122 EXFOLIATING PEEL PADS\u2122 S\u00c9RUM ILLUMINANT C. RADIANCE\u2122 BAKUCHIOL V\u00c9G\u00c9TAL, LOTION ALTERNATIVE\" \/>\n\t<meta name=\"robots\" content=\"max-image-preview:large\" \/>\n\t<link rel=\"canonical\" href=\"https:\/\/monatglobal.com\/ca\/before-and-after\/?lang=fr\" \/>\n\t<meta name=\"generator\" content=\"All in One SEO Pro (AIOSEO) 4.9.5.2\" \/>\n\t\t<meta property=\"og:locale\" content=\"en_US\" \/>\n\t\t<meta property=\"og:site_name\" content=\"Monat Canada English - We Are Modern Nature\" \/>\n\t\t<meta property=\"og:type\" content=\"article\" \/>\n\t\t<meta property=\"og:title\" content=\"AVANT ET APR\u00c8S - Monat Canada English\" \/>\n\t\t<meta property=\"og:description\" content=\"Avant et Apr\u00e8s APR\u00c8S une utilisation du SOIN D\u00c9M\u00caLANT AVANT d&#039;utiliser le SOIN D\u00c9M\u00caLANT Partagez vos photos avant et apr\u00e8s T\u00c9L\u00c9CHARGER VOS PHOTOS ou taguez-nous sur les r\u00e9seaux sociaux@monatcanadaofficial CHEVEUX --&gt; --&gt; --&gt; --&gt; --&gt; --&gt; PEAU graceandersonhair AVANT APR\u00c8S Nettoyant clarifiant BE PURIFIED\u2122 EXFOLIATING PEEL PADS\u2122 S\u00c9RUM ILLUMINANT C. RADIANCE\u2122 BAKUCHIOL V\u00c9G\u00c9TAL, LOTION ALTERNATIVE\" \/>\n\t\t<meta property=\"og:url\" content=\"https:\/\/monatglobal.com\/ca\/before-and-after\/?lang=fr\" \/>\n\t\t<meta property=\"article:published_time\" content=\"2018-03-22T16:59:46+00:00\" \/>\n\t\t<meta property=\"article:modified_time\" content=\"2024-03-12T16:40:40+00:00\" \/>\n\t\t<meta name=\"twitter:card\" content=\"summary_large_image\" \/>\n\t\t<meta name=\"twitter:title\" content=\"AVANT ET APR\u00c8S - Monat Canada English\" \/>\n\t\t<meta name=\"twitter:description\" content=\"Avant et Apr\u00e8s APR\u00c8S une utilisation du SOIN D\u00c9M\u00caLANT AVANT d&#039;utiliser le SOIN D\u00c9M\u00caLANT Partagez vos photos avant et apr\u00e8s T\u00c9L\u00c9CHARGER VOS PHOTOS ou taguez-nous sur les r\u00e9seaux sociaux@monatcanadaofficial CHEVEUX --&gt; --&gt; --&gt; --&gt; --&gt; --&gt; PEAU graceandersonhair AVANT APR\u00c8S Nettoyant clarifiant BE PURIFIED\u2122 EXFOLIATING PEEL PADS\u2122 S\u00c9RUM ILLUMINANT C. RADIANCE\u2122 BAKUCHIOL V\u00c9G\u00c9TAL, LOTION ALTERNATIVE\" \/>\n\t\t<script type=\"application\/ld+json\" class=\"aioseo-schema\">\n\t\t\t{\"@context\":\"https:\\\/\\\/schema.org\",\"@graph\":[{\"@type\":\"BreadcrumbList\",\"@id\":\"https:\\\/\\\/monatglobal.com\\\/ca\\\/before-and-after\\\/?lang=fr#breadcrumblist\",\"itemListElement\":[{\"@type\":\"ListItem\",\"@id\":\"https:\\\/\\\/monatglobal.com\\\/ca#listItem\",\"position\":1,\"name\":\"Home\",\"item\":\"https:\\\/\\\/monatglobal.com\\\/ca\",\"nextItem\":{\"@type\":\"ListItem\",\"@id\":\"https:\\\/\\\/monatglobal.com\\\/ca\\\/before-and-after\\\/?lang=fr#listItem\",\"name\":\"AVANT ET APR\\u00c8S\"}},{\"@type\":\"ListItem\",\"@id\":\"https:\\\/\\\/monatglobal.com\\\/ca\\\/before-and-after\\\/?lang=fr#listItem\",\"position\":2,\"name\":\"AVANT ET APR\\u00c8S\",\"previousItem\":{\"@type\":\"ListItem\",\"@id\":\"https:\\\/\\\/monatglobal.com\\\/ca#listItem\",\"name\":\"Home\"}}]},{\"@type\":\"Organization\",\"@id\":\"https:\\\/\\\/monatglobal.com\\\/ca\\\/#organization\",\"name\":\"Monat Canada English\",\"description\":\"We Are Modern Nature\",\"url\":\"https:\\\/\\\/monatglobal.com\\\/ca\\\/\"},{\"@type\":\"WebPage\",\"@id\":\"https:\\\/\\\/monatglobal.com\\\/ca\\\/before-and-after\\\/?lang=fr#webpage\",\"url\":\"https:\\\/\\\/monatglobal.com\\\/ca\\\/before-and-after\\\/?lang=fr\",\"name\":\"AVANT ET APR\\u00c8S - Monat Canada English\",\"description\":\"Avant et Apr\\u00e8s APR\\u00c8S une utilisation du SOIN D\\u00c9M\\u00caLANT AVANT d'utiliser le SOIN D\\u00c9M\\u00caLANT Partagez vos photos avant et apr\\u00e8s T\\u00c9L\\u00c9CHARGER VOS PHOTOS ou taguez-nous sur les r\\u00e9seaux sociaux@monatcanadaofficial CHEVEUX --> --> --> --> --> --> PEAU graceandersonhair AVANT APR\\u00c8S Nettoyant clarifiant BE PURIFIED\\u2122 EXFOLIATING PEEL PADS\\u2122 S\\u00c9RUM ILLUMINANT C. RADIANCE\\u2122 BAKUCHIOL V\\u00c9G\\u00c9TAL, LOTION ALTERNATIVE\",\"inLanguage\":\"en-US\",\"isPartOf\":{\"@id\":\"https:\\\/\\\/monatglobal.com\\\/ca\\\/#website\"},\"breadcrumb\":{\"@id\":\"https:\\\/\\\/monatglobal.com\\\/ca\\\/before-and-after\\\/?lang=fr#breadcrumblist\"},\"image\":{\"@type\":\"ImageObject\",\"url\":\"https:\\\/\\\/monatglobal.com\\\/ca\\\/wp-content\\\/uploads\\\/sites\\\/5\\\/2024\\\/03\\\/before-and-after-1024x579-1.jpg\",\"@id\":\"https:\\\/\\\/monatglobal.com\\\/ca\\\/before-and-after\\\/?lang=fr\\\/#mainImage\",\"width\":1024,\"height\":579},\"primaryImageOfPage\":{\"@id\":\"https:\\\/\\\/monatglobal.com\\\/ca\\\/before-and-after\\\/?lang=fr#mainImage\"},\"datePublished\":\"2018-03-22T16:59:46-04:00\",\"dateModified\":\"2024-03-12T12:40:40-04:00\"},{\"@type\":\"WebSite\",\"@id\":\"https:\\\/\\\/monatglobal.com\\\/ca\\\/#website\",\"url\":\"https:\\\/\\\/monatglobal.com\\\/ca\\\/\",\"name\":\"Monat Canada English\",\"description\":\"We Are Modern Nature\",\"inLanguage\":\"en-US\",\"publisher\":{\"@id\":\"https:\\\/\\\/monatglobal.com\\\/ca\\\/#organization\"}}]}\n\t\t<\/script>\n\t\t<!-- All in One SEO Pro -->\r\n\t\t<title>AVANT ET APR\u00c8S - Monat Canada English<\/title>\n\n","aioseo_head_json":{"title":"AVANT ET APR\u00c8S - Monat Canada English","description":"Avant et Apr\u00e8s APR\u00c8S une utilisation du SOIN D\u00c9M\u00caLANT AVANT d'utiliser le SOIN D\u00c9M\u00caLANT Partagez vos photos avant et apr\u00e8s T\u00c9L\u00c9CHARGER VOS PHOTOS ou taguez-nous sur les r\u00e9seaux sociaux@monatcanadaofficial CHEVEUX --> --> --> --> --> --> PEAU graceandersonhair AVANT APR\u00c8S Nettoyant clarifiant BE PURIFIED\u2122 EXFOLIATING PEEL PADS\u2122 S\u00c9RUM ILLUMINANT C. RADIANCE\u2122 BAKUCHIOL V\u00c9G\u00c9TAL, LOTION ALTERNATIVE","canonical_url":"https:\/\/monatglobal.com\/ca\/before-and-after\/?lang=fr","robots":"max-image-preview:large","keywords":"","webmasterTools":{"miscellaneous":""},"schema":{"@context":"https:\/\/schema.org","@graph":[{"@type":"BreadcrumbList","@id":"https:\/\/monatglobal.com\/ca\/before-and-after\/?lang=fr#breadcrumblist","itemListElement":[{"@type":"ListItem","@id":"https:\/\/monatglobal.com\/ca#listItem","position":1,"name":"Home","item":"https:\/\/monatglobal.com\/ca","nextItem":{"@type":"ListItem","@id":"https:\/\/monatglobal.com\/ca\/before-and-after\/?lang=fr#listItem","name":"AVANT ET APR\u00c8S"}},{"@type":"ListItem","@id":"https:\/\/monatglobal.com\/ca\/before-and-after\/?lang=fr#listItem","position":2,"name":"AVANT ET APR\u00c8S","previousItem":{"@type":"ListItem","@id":"https:\/\/monatglobal.com\/ca#listItem","name":"Home"}}]},{"@type":"Organization","@id":"https:\/\/monatglobal.com\/ca\/#organization","name":"Monat Canada English","description":"We Are Modern Nature","url":"https:\/\/monatglobal.com\/ca\/"},{"@type":"WebPage","@id":"https:\/\/monatglobal.com\/ca\/before-and-after\/?lang=fr#webpage","url":"https:\/\/monatglobal.com\/ca\/before-and-after\/?lang=fr","name":"AVANT ET APR\u00c8S - Monat Canada English","description":"Avant et Apr\u00e8s APR\u00c8S une utilisation du SOIN D\u00c9M\u00caLANT AVANT d'utiliser le SOIN D\u00c9M\u00caLANT Partagez vos photos avant et apr\u00e8s T\u00c9L\u00c9CHARGER VOS PHOTOS ou taguez-nous sur les r\u00e9seaux sociaux@monatcanadaofficial CHEVEUX --> --> --> --> --> --> PEAU graceandersonhair AVANT APR\u00c8S Nettoyant clarifiant BE PURIFIED\u2122 EXFOLIATING PEEL PADS\u2122 S\u00c9RUM ILLUMINANT C. RADIANCE\u2122 BAKUCHIOL V\u00c9G\u00c9TAL, LOTION ALTERNATIVE","inLanguage":"en-US","isPartOf":{"@id":"https:\/\/monatglobal.com\/ca\/#website"},"breadcrumb":{"@id":"https:\/\/monatglobal.com\/ca\/before-and-after\/?lang=fr#breadcrumblist"},"image":{"@type":"ImageObject","url":"https:\/\/monatglobal.com\/ca\/wp-content\/uploads\/sites\/5\/2024\/03\/before-and-after-1024x579-1.jpg","@id":"https:\/\/monatglobal.com\/ca\/before-and-after\/?lang=fr\/#mainImage","width":1024,"height":579},"primaryImageOfPage":{"@id":"https:\/\/monatglobal.com\/ca\/before-and-after\/?lang=fr#mainImage"},"datePublished":"2018-03-22T16:59:46-04:00","dateModified":"2024-03-12T12:40:40-04:00"},{"@type":"WebSite","@id":"https:\/\/monatglobal.com\/ca\/#website","url":"https:\/\/monatglobal.com\/ca\/","name":"Monat Canada English","description":"We Are Modern Nature","inLanguage":"en-US","publisher":{"@id":"https:\/\/monatglobal.com\/ca\/#organization"}}]},"og:locale":"en_US","og:site_name":"Monat Canada English - We Are Modern Nature","og:type":"article","og:title":"AVANT ET APR\u00c8S - Monat Canada English","og:description":"Avant et Apr\u00e8s APR\u00c8S une utilisation du SOIN D\u00c9M\u00caLANT AVANT d'utiliser le SOIN D\u00c9M\u00caLANT Partagez vos photos avant et apr\u00e8s T\u00c9L\u00c9CHARGER VOS PHOTOS ou taguez-nous sur les r\u00e9seaux sociaux@monatcanadaofficial CHEVEUX --&gt; --&gt; --&gt; --&gt; --&gt; --&gt; PEAU graceandersonhair AVANT APR\u00c8S Nettoyant clarifiant BE PURIFIED\u2122 EXFOLIATING PEEL PADS\u2122 S\u00c9RUM ILLUMINANT C. RADIANCE\u2122 BAKUCHIOL V\u00c9G\u00c9TAL, LOTION ALTERNATIVE","og:url":"https:\/\/monatglobal.com\/ca\/before-and-after\/?lang=fr","article:published_time":"2018-03-22T16:59:46+00:00","article:modified_time":"2024-03-12T16:40:40+00:00","twitter:card":"summary_large_image","twitter:title":"AVANT ET APR\u00c8S - Monat Canada English","twitter:description":"Avant et Apr\u00e8s APR\u00c8S une utilisation du SOIN D\u00c9M\u00caLANT AVANT d'utiliser le SOIN D\u00c9M\u00caLANT Partagez vos photos avant et apr\u00e8s T\u00c9L\u00c9CHARGER VOS PHOTOS ou taguez-nous sur les r\u00e9seaux sociaux@monatcanadaofficial CHEVEUX --&gt; --&gt; --&gt; --&gt; --&gt; --&gt; PEAU graceandersonhair AVANT APR\u00c8S Nettoyant clarifiant BE PURIFIED\u2122 EXFOLIATING PEEL PADS\u2122 S\u00c9RUM ILLUMINANT C. RADIANCE\u2122 BAKUCHIOL V\u00c9G\u00c9TAL, LOTION ALTERNATIVE"},"aioseo_meta_data":{"post_id":"30967","title":null,"description":null,"keywords":[],"keyphrases":{"focus":{"keyphrase":"","score":0,"analysis":{"keyphraseInTitle":{"score":0,"maxScore":9,"error":1}}},"additional":[]},"primary_term":null,"canonical_url":null,"og_title":null,"og_description":null,"og_object_type":"default","og_image_type":"default","og_image_url":null,"og_image_width":null,"og_image_height":null,"og_image_custom_url":null,"og_image_custom_fields":null,"og_video":"","og_custom_url":null,"og_article_section":null,"og_article_tags":[],"twitter_use_og":false,"twitter_card":"default","twitter_image_type":"default","twitter_image_url":null,"twitter_image_custom_url":null,"twitter_image_custom_fields":null,"twitter_title":null,"twitter_description":null,"schema":{"blockGraphs":[],"customGraphs":[],"default":{"data":{"Article":[],"Course":[],"Dataset":[],"FAQPage":[],"Movie":[],"Person":[],"Product":[],"ProductReview":[],"Car":[],"Recipe":[],"Service":[],"SoftwareApplication":[],"WebPage":[]},"graphName":"WebPage","isEnabled":true},"graphs":[]},"schema_type":"default","schema_type_options":null,"pillar_content":false,"robots_default":true,"robots_noindex":false,"robots_noarchive":false,"robots_nosnippet":false,"robots_nofollow":false,"robots_noimageindex":false,"robots_noodp":false,"robots_notranslate":false,"robots_max_snippet":"-1","robots_max_videopreview":"-1","robots_max_imagepreview":"large","priority":null,"frequency":"default","local_seo":null,"seo_analyzer_scan_date":"2026-02-10 03:16:53","limit_modified_date":false,"reviewed_by":null,"open_ai":"{\"title\":{\"suggestions\":[],\"usage\":0},\"description\":{\"suggestions\":[],\"usage\":0}}","ai":null,"created":"2023-07-26 12:15:07","updated":"2026-02-10 03:16:53"},"aioseo_breadcrumb":"<div class=\"aioseo-breadcrumbs\"><span class=\"aioseo-breadcrumb\">\n\t<a href=\"https:\/\/monatglobal.com\/ca\" title=\"Home\">Home<\/a>\n<\/span><span class=\"aioseo-breadcrumb-separator\">&raquo;<\/span><span class=\"aioseo-breadcrumb\">\n\tAVANT ET APR\u00c8S\n<\/span><\/div>","aioseo_breadcrumb_json":[{"label":"Home","link":"https:\/\/monatglobal.com\/ca"},{"label":"AVANT ET APR\u00c8S","link":"https:\/\/monatglobal.com\/ca\/before-and-after\/?lang=fr"}],"_links":{"self":[{"href":"https:\/\/monatglobal.com\/ca\/wp-json\/wp\/v2\/pages\/30967","targetHints":{"allow":["GET"]}}],"collection":[{"href":"https:\/\/monatglobal.com\/ca\/wp-json\/wp\/v2\/pages"}],"about":[{"href":"https:\/\/monatglobal.com\/ca\/wp-json\/wp\/v2\/types\/page"}],"author":[{"embeddable":true,"href":"https:\/\/monatglobal.com\/ca\/wp-json\/wp\/v2\/users\/31"}],"replies":[{"embeddable":true,"href":"https:\/\/monatglobal.com\/ca\/wp-json\/wp\/v2\/comments?post=30967"}],"version-history":[{"count":13,"href":"https:\/\/monatglobal.com\/ca\/wp-json\/wp\/v2\/pages\/30967\/revisions"}],"predecessor-version":[{"id":87906,"href":"https:\/\/monatglobal.com\/ca\/wp-json\/wp\/v2\/pages\/30967\/revisions\/87906"}],"wp:featuredmedia":[{"embeddable":true,"href":"https:\/\/monatglobal.com\/ca\/wp-json\/wp\/v2\/media\/87896"}],"wp:attachment":[{"href":"https:\/\/monatglobal.com\/ca\/wp-json\/wp\/v2\/media?parent=30967"}],"wp:term":[{"taxonomy":"category","embeddable":true,"href":"https:\/\/monatglobal.com\/ca\/wp-json\/wp\/v2\/categories?post=30967"},{"taxonomy":"post_tag","embeddable":true,"href":"https:\/\/monatglobal.com\/ca\/wp-json\/wp\/v2\/tags?post=30967"}],"curies":[{"name":"wp","href":"https:\/\/api.w.org\/{rel}","templated":true}]}}