{"id":30908,"date":"2018-03-21T03:19:11","date_gmt":"2018-03-21T03:19:11","guid":{"rendered":"https:\/\/monatglobal.com\/ca\/?page_id=30908"},"modified":"2022-09-20T16:29:22","modified_gmt":"2022-09-20T20:29:22","slug":"la-science-derriere-monat","status":"publish","type":"page","link":"https:\/\/monatglobal.com\/ca\/la-science-derriere-monat\/?lang=fr","title":{"rendered":"LA SCIENCE DERRI\u00c8RE MONAT"},"content":{"rendered":"\n\n        <h1>La science <br \/> derri\u00e8re MONAT<\/h1>\n        <h2>Les ingr\u00e9dients de MONAT sont d&#8217;origine naturelle, s\u00e9curitaires et purs. \n        Comme les autres marques reconnaissent la puissance des huiles v\u00e9g\u00e9tales, qu&#8217;est-ce qui diff\u00e9rencie MONAT \n        des&nbsp;autres?<\/h2>\n        La r\u00e9ponse : nos riches formules. Ces ingr\u00e9dients d&#8217;origine naturelle travaillent ensemble. Ils se combinent \n        et se font r\u00e9agir, multipliant leurs bienfaits naturels pour faire passer les produits MONAT au prochain niveau. \n        Voici quelques renseignements sur la science derri\u00e8re&nbsp;MONAT.\n              <p>REJUVENIQE S\u2122 <br \/> Huile intensive<\/p>\n              Un m\u00e9lange de plus de 13 huiles v\u00e9g\u00e9tales et huiles essentielles naturelles riche en acides gras om\u00e9ga, en \n              antioxydants et en nutriments, qui est tr\u00e8s compatible avec la peau et les&nbsp;cheveux.\n              <p>CAPIXYL\u2122<\/p>\n              <p>Un m\u00e9lange actif unique aidant \u00e0 renforcer et \u00e0 \u00e9paissir les cheveux tout en appuyant la croissance naturelle.<\/p>\n              <p>PROCATALINE\u2122<\/p>\n              <p>Ce m\u00e9lange de pointe contenant l&#8217;extrait de pois soutient les cheveux sains et d&#8217;apparence plus jeune en aidant \u00e0 prot\u00e9ger vos cheveux des facteurs environnementaux.<\/p>\n              <p>CRODASORB\u2122<\/p>\n              <p>Un puissant ingr\u00e9dient qui aide \u00e0 pr\u00e9server la pigmentation naturelle, pour des cheveux prot\u00e9g\u00e9s et r\u00e9sistants.  <\/p>\n            <p>NOUS SOMMES MONAT<\/p>\n            <h2>Nous sommes engag\u00e9s envers la qualit\u00e9 et la&nbsp;s\u00e9curit\u00e9<\/h2>\n            Chez MONAT, nous utilisons uniquement des ingr\u00e9dients et des mat\u00e9riaux s\u00e9curitaires et efficaces, \n            combinant le meilleur de la science et de la nature. Nos ingr\u00e9dients d&#8217;origine naturelle sont test\u00e9s et con\u00e7us pour \n            votre&nbsp;s\u00e9curit\u00e9.\n            <p>Oui!Nous utilisons seulement des ingr\u00e9dients s\u00e9curitaires et test\u00e9s cliniquement.<\/p>\n            Toutes les formules de MONAT sont soumises \u00e0 des tests de s\u00e9curit\u00e9 cliniques effectu\u00e9s par des \n            laboratoires ind\u00e9pendants pour assurer qu&#8217;ils ne favorisent pas l&#8217;irritation. Nos produits sont con\u00e7us pour satisfaire \n            aux normes les plus rigoureuses aux \u00c9.-U, au Canada et en&nbsp;Europe. \n            Pour ce qui est de la s\u00e9curit\u00e9 de nos produits, nous maintenons un engagement in\u00e9branlable envers \n            l&#8217;utilisation d&#8217;ingr\u00e9dients ayant \u00e9t\u00e9 d\u00e9clar\u00e9s s\u00e9curitaires pour leur usage propos\u00e9 par des tierces parties fiables comme \n            le Cosmetic Ingredient Review Expert Panel (CIR) aux \u00c9.-U. et le Comit\u00e9 scientifique pour la s\u00e9curit\u00e9 des consommateurs \n            en&nbsp;Europe.\n            De plus, toutes les formules MONAT utilisent des ingr\u00e9dients qui sont consid\u00e9r\u00e9s par la FDA,\n            Sant\u00e9 Canada et la Commission europ\u00e9enne (dont les normes sont plus rigoureuses) comme \u00e9tant \u00ab s\u00e9curitaires pour leur \n            utilisation cosm\u00e9tique&nbsp;pr\u00e9vue&nbsp;\u00bb.\n            <p>Oui!Nous utilisons des colorants s\u00e9curitaires.<\/p>\n            Nous utilisons des colorants s\u00e9curitaires approuv\u00e9s par la FDA, Sant\u00e9 Canada et la \n            Commission europ\u00e9enne dans l&#8217;Union&nbsp;Europ\u00e9enne.\n            <p>Oui!Nous utilisons des parfums s\u00e9curitaires.<\/p>\n            Nous utilisons des parfums dont les ingr\u00e9dients ont \u00e9t\u00e9 approuv\u00e9s comme \u00e9tant s\u00e9curitaires \n            par le Research Institute for Fragrance Materials (RIFM) et la International Fragrance Association&nbsp;(IFRA). \n            Le RIFM et l&#8217;IFRA sont les autorit\u00e9s scientifiques \u00e0 l&#8217;\u00e9chelle mondiale sur l&#8217;utilisation \n            de parfums et de mati\u00e8res parfum\u00e9es dans les produits de soins&nbsp;personnels.\n            <p>Oui!Nous sommes v\u00e9g\u00e9taliens et respectueux des&nbsp;animaux.<\/p>\n            Nous n&#8217;utilisons pas d&#8217;ingr\u00e9dients d&#8217;origine animale ou de sous-produits animaux. Nos produits \n            ne sont jamais test\u00e9s sur les&nbsp;animaux.\n            <p>Oui!Nous sommes :<\/p>\n    <h2>Oui! <br \/>We Are Modern Nature\u2122<\/h2>\n\n","protected":false},"excerpt":{"rendered":"<p>La science derri\u00e8re MONAT Les ingr\u00e9dients de MONAT sont d&#8217;origine naturelle, s\u00e9curitaires et purs. Comme les autres marques reconnaissent la puissance des huiles v\u00e9g\u00e9tales, qu&#8217;est-ce qui diff\u00e9rencie MONAT des&nbsp;autres? La r\u00e9ponse : nos riches formules. Ces ingr\u00e9dients d&#8217;origine naturelle travaillent ensemble. Ils se combinent et se font r\u00e9agir, multipliant leurs bienfaits naturels pour faire passer&hellip;<\/p>\n","protected":false},"author":31,"featured_media":32240,"parent":0,"menu_order":0,"comment_status":"closed","ping_status":"closed","template":"","meta":{"inline_featured_image":false,"om_disable_all_campaigns":false,"_monsterinsights_skip_tracking":false,"_monsterinsights_sitenote_active":false,"_monsterinsights_sitenote_note":"","_monsterinsights_sitenote_category":0,"footnotes":""},"categories":[],"tags":[],"class_list":["post-30908","page","type-page","status-publish","has-post-thumbnail","hentry"],"aioseo_notices":[],"aioseo_head":"\n\t\t<!-- All in One SEO Pro 4.9.6 - aioseo.com -->\n\t<meta name=\"description\" content=\"La science derri\u00e8re MONAT Les ingr\u00e9dients de MONAT sont d&#039;origine naturelle, s\u00e9curitaires et purs. Comme les autres marques reconnaissent la puissance des huiles v\u00e9g\u00e9tales, qu&#039;est-ce qui diff\u00e9rencie MONAT des autres? La r\u00e9ponse : nos riches formules. Ces ingr\u00e9dients d&#039;origine naturelle travaillent ensemble. Ils se combinent et se font r\u00e9agir, multipliant leurs bienfaits naturels pour faire passer\" \/>\n\t<meta name=\"robots\" content=\"max-image-preview:large\" \/>\n\t<link rel=\"canonical\" href=\"https:\/\/monatglobal.com\/ca\/la-science-derriere-monat\/?lang=fr\" \/>\n\t<meta name=\"generator\" content=\"All in One SEO Pro (AIOSEO) 4.9.6\" \/>\n\t\t<meta property=\"og:locale\" content=\"en_US\" \/>\n\t\t<meta property=\"og:site_name\" content=\"Monat Canada English - We Are Modern Nature\" \/>\n\t\t<meta property=\"og:type\" content=\"article\" \/>\n\t\t<meta property=\"og:title\" content=\"LA SCIENCE DERRI\u00c8RE MONAT - Monat Canada English\" \/>\n\t\t<meta property=\"og:description\" content=\"La science derri\u00e8re MONAT Les ingr\u00e9dients de MONAT sont d&#039;origine naturelle, s\u00e9curitaires et purs. Comme les autres marques reconnaissent la puissance des huiles v\u00e9g\u00e9tales, qu&#039;est-ce qui diff\u00e9rencie MONAT des autres? La r\u00e9ponse : nos riches formules. Ces ingr\u00e9dients d&#039;origine naturelle travaillent ensemble. Ils se combinent et se font r\u00e9agir, multipliant leurs bienfaits naturels pour faire passer\" \/>\n\t\t<meta property=\"og:url\" content=\"https:\/\/monatglobal.com\/ca\/la-science-derriere-monat\/?lang=fr\" \/>\n\t\t<meta property=\"article:published_time\" content=\"2018-03-21T03:19:11+00:00\" \/>\n\t\t<meta property=\"article:modified_time\" content=\"2022-09-20T20:29:22+00:00\" \/>\n\t\t<meta name=\"twitter:card\" content=\"summary_large_image\" \/>\n\t\t<meta name=\"twitter:title\" content=\"LA SCIENCE DERRI\u00c8RE MONAT - Monat Canada English\" \/>\n\t\t<meta name=\"twitter:description\" content=\"La science derri\u00e8re MONAT Les ingr\u00e9dients de MONAT sont d&#039;origine naturelle, s\u00e9curitaires et purs. Comme les autres marques reconnaissent la puissance des huiles v\u00e9g\u00e9tales, qu&#039;est-ce qui diff\u00e9rencie MONAT des autres? La r\u00e9ponse : nos riches formules. Ces ingr\u00e9dients d&#039;origine naturelle travaillent ensemble. Ils se combinent et se font r\u00e9agir, multipliant leurs bienfaits naturels pour faire passer\" \/>\n\t\t<script type=\"application\/ld+json\" class=\"aioseo-schema\">\n\t\t\t{\"@context\":\"https:\\\/\\\/schema.org\",\"@graph\":[{\"@type\":\"BreadcrumbList\",\"@id\":\"https:\\\/\\\/monatglobal.com\\\/ca\\\/la-science-derriere-monat\\\/?lang=fr#breadcrumblist\",\"itemListElement\":[{\"@type\":\"ListItem\",\"@id\":\"https:\\\/\\\/monatglobal.com\\\/ca#listItem\",\"position\":1,\"name\":\"Home\",\"item\":\"https:\\\/\\\/monatglobal.com\\\/ca\",\"nextItem\":{\"@type\":\"ListItem\",\"@id\":\"https:\\\/\\\/monatglobal.com\\\/ca\\\/la-science-derriere-monat\\\/?lang=fr#listItem\",\"name\":\"LA SCIENCE DERRI\\u00c8RE MONAT\"}},{\"@type\":\"ListItem\",\"@id\":\"https:\\\/\\\/monatglobal.com\\\/ca\\\/la-science-derriere-monat\\\/?lang=fr#listItem\",\"position\":2,\"name\":\"LA SCIENCE DERRI\\u00c8RE MONAT\",\"previousItem\":{\"@type\":\"ListItem\",\"@id\":\"https:\\\/\\\/monatglobal.com\\\/ca#listItem\",\"name\":\"Home\"}}]},{\"@type\":\"Organization\",\"@id\":\"https:\\\/\\\/monatglobal.com\\\/ca\\\/#organization\",\"name\":\"Monat Canada English\",\"description\":\"We Are Modern Nature\",\"url\":\"https:\\\/\\\/monatglobal.com\\\/ca\\\/\"},{\"@type\":\"WebPage\",\"@id\":\"https:\\\/\\\/monatglobal.com\\\/ca\\\/la-science-derriere-monat\\\/?lang=fr#webpage\",\"url\":\"https:\\\/\\\/monatglobal.com\\\/ca\\\/la-science-derriere-monat\\\/?lang=fr\",\"name\":\"LA SCIENCE DERRI\\u00c8RE MONAT - Monat Canada English\",\"description\":\"La science derri\\u00e8re MONAT Les ingr\\u00e9dients de MONAT sont d'origine naturelle, s\\u00e9curitaires et purs. Comme les autres marques reconnaissent la puissance des huiles v\\u00e9g\\u00e9tales, qu'est-ce qui diff\\u00e9rencie MONAT des autres? La r\\u00e9ponse : nos riches formules. Ces ingr\\u00e9dients d'origine naturelle travaillent ensemble. Ils se combinent et se font r\\u00e9agir, multipliant leurs bienfaits naturels pour faire passer\",\"inLanguage\":\"en-US\",\"isPartOf\":{\"@id\":\"https:\\\/\\\/monatglobal.com\\\/ca\\\/#website\"},\"breadcrumb\":{\"@id\":\"https:\\\/\\\/monatglobal.com\\\/ca\\\/la-science-derriere-monat\\\/?lang=fr#breadcrumblist\"},\"image\":{\"@type\":\"ImageObject\",\"url\":\"https:\\\/\\\/monatglobal.com\\\/ca\\\/wp-content\\\/uploads\\\/sites\\\/5\\\/2018\\\/04\\\/header-science-fr.jpg\",\"@id\":\"https:\\\/\\\/monatglobal.com\\\/ca\\\/la-science-derriere-monat\\\/?lang=fr\\\/#mainImage\",\"width\":998,\"height\":453},\"primaryImageOfPage\":{\"@id\":\"https:\\\/\\\/monatglobal.com\\\/ca\\\/la-science-derriere-monat\\\/?lang=fr#mainImage\"},\"datePublished\":\"2018-03-21T03:19:11-04:00\",\"dateModified\":\"2022-09-20T16:29:22-04:00\"},{\"@type\":\"WebSite\",\"@id\":\"https:\\\/\\\/monatglobal.com\\\/ca\\\/#website\",\"url\":\"https:\\\/\\\/monatglobal.com\\\/ca\\\/\",\"name\":\"Monat Canada English\",\"description\":\"We Are Modern Nature\",\"inLanguage\":\"en-US\",\"publisher\":{\"@id\":\"https:\\\/\\\/monatglobal.com\\\/ca\\\/#organization\"}}]}\n\t\t<\/script>\n\t\t<!-- All in One SEO Pro -->\r\n\t\t<title>LA SCIENCE DERRI\u00c8RE MONAT - Monat Canada English<\/title>\n\n","aioseo_head_json":{"title":"LA SCIENCE DERRI\u00c8RE MONAT - Monat Canada English","description":"La science derri\u00e8re MONAT Les ingr\u00e9dients de MONAT sont d'origine naturelle, s\u00e9curitaires et purs. Comme les autres marques reconnaissent la puissance des huiles v\u00e9g\u00e9tales, qu'est-ce qui diff\u00e9rencie MONAT des autres? La r\u00e9ponse : nos riches formules. Ces ingr\u00e9dients d'origine naturelle travaillent ensemble. Ils se combinent et se font r\u00e9agir, multipliant leurs bienfaits naturels pour faire passer","canonical_url":"https:\/\/monatglobal.com\/ca\/la-science-derriere-monat\/?lang=fr","robots":"max-image-preview:large","keywords":"","webmasterTools":{"miscellaneous":""},"schema":{"@context":"https:\/\/schema.org","@graph":[{"@type":"BreadcrumbList","@id":"https:\/\/monatglobal.com\/ca\/la-science-derriere-monat\/?lang=fr#breadcrumblist","itemListElement":[{"@type":"ListItem","@id":"https:\/\/monatglobal.com\/ca#listItem","position":1,"name":"Home","item":"https:\/\/monatglobal.com\/ca","nextItem":{"@type":"ListItem","@id":"https:\/\/monatglobal.com\/ca\/la-science-derriere-monat\/?lang=fr#listItem","name":"LA SCIENCE DERRI\u00c8RE MONAT"}},{"@type":"ListItem","@id":"https:\/\/monatglobal.com\/ca\/la-science-derriere-monat\/?lang=fr#listItem","position":2,"name":"LA SCIENCE DERRI\u00c8RE MONAT","previousItem":{"@type":"ListItem","@id":"https:\/\/monatglobal.com\/ca#listItem","name":"Home"}}]},{"@type":"Organization","@id":"https:\/\/monatglobal.com\/ca\/#organization","name":"Monat Canada English","description":"We Are Modern Nature","url":"https:\/\/monatglobal.com\/ca\/"},{"@type":"WebPage","@id":"https:\/\/monatglobal.com\/ca\/la-science-derriere-monat\/?lang=fr#webpage","url":"https:\/\/monatglobal.com\/ca\/la-science-derriere-monat\/?lang=fr","name":"LA SCIENCE DERRI\u00c8RE MONAT - Monat Canada English","description":"La science derri\u00e8re MONAT Les ingr\u00e9dients de MONAT sont d'origine naturelle, s\u00e9curitaires et purs. Comme les autres marques reconnaissent la puissance des huiles v\u00e9g\u00e9tales, qu'est-ce qui diff\u00e9rencie MONAT des autres? La r\u00e9ponse : nos riches formules. Ces ingr\u00e9dients d'origine naturelle travaillent ensemble. Ils se combinent et se font r\u00e9agir, multipliant leurs bienfaits naturels pour faire passer","inLanguage":"en-US","isPartOf":{"@id":"https:\/\/monatglobal.com\/ca\/#website"},"breadcrumb":{"@id":"https:\/\/monatglobal.com\/ca\/la-science-derriere-monat\/?lang=fr#breadcrumblist"},"image":{"@type":"ImageObject","url":"https:\/\/monatglobal.com\/ca\/wp-content\/uploads\/sites\/5\/2018\/04\/header-science-fr.jpg","@id":"https:\/\/monatglobal.com\/ca\/la-science-derriere-monat\/?lang=fr\/#mainImage","width":998,"height":453},"primaryImageOfPage":{"@id":"https:\/\/monatglobal.com\/ca\/la-science-derriere-monat\/?lang=fr#mainImage"},"datePublished":"2018-03-21T03:19:11-04:00","dateModified":"2022-09-20T16:29:22-04:00"},{"@type":"WebSite","@id":"https:\/\/monatglobal.com\/ca\/#website","url":"https:\/\/monatglobal.com\/ca\/","name":"Monat Canada English","description":"We Are Modern Nature","inLanguage":"en-US","publisher":{"@id":"https:\/\/monatglobal.com\/ca\/#organization"}}]},"og:locale":"en_US","og:site_name":"Monat Canada English - We Are Modern Nature","og:type":"article","og:title":"LA SCIENCE DERRI\u00c8RE MONAT - Monat Canada English","og:description":"La science derri\u00e8re MONAT Les ingr\u00e9dients de MONAT sont d'origine naturelle, s\u00e9curitaires et purs. Comme les autres marques reconnaissent la puissance des huiles v\u00e9g\u00e9tales, qu'est-ce qui diff\u00e9rencie MONAT des autres? La r\u00e9ponse : nos riches formules. Ces ingr\u00e9dients d'origine naturelle travaillent ensemble. Ils se combinent et se font r\u00e9agir, multipliant leurs bienfaits naturels pour faire passer","og:url":"https:\/\/monatglobal.com\/ca\/la-science-derriere-monat\/?lang=fr","article:published_time":"2018-03-21T03:19:11+00:00","article:modified_time":"2022-09-20T20:29:22+00:00","twitter:card":"summary_large_image","twitter:title":"LA SCIENCE DERRI\u00c8RE MONAT - Monat Canada English","twitter:description":"La science derri\u00e8re MONAT Les ingr\u00e9dients de MONAT sont d'origine naturelle, s\u00e9curitaires et purs. Comme les autres marques reconnaissent la puissance des huiles v\u00e9g\u00e9tales, qu'est-ce qui diff\u00e9rencie MONAT des autres? La r\u00e9ponse : nos riches formules. Ces ingr\u00e9dients d'origine naturelle travaillent ensemble. Ils se combinent et se font r\u00e9agir, multipliant leurs bienfaits naturels pour faire passer"},"aioseo_meta_data":{"post_id":"30908","title":null,"description":null,"keywords":null,"keyphrases":null,"primary_term":null,"canonical_url":null,"og_title":null,"og_description":null,"og_object_type":"default","og_image_type":"default","og_image_url":null,"og_image_width":null,"og_image_height":null,"og_image_custom_url":null,"og_image_custom_fields":null,"og_video":null,"og_custom_url":null,"og_article_section":null,"og_article_tags":null,"twitter_use_og":false,"twitter_card":"default","twitter_image_type":"default","twitter_image_url":null,"twitter_image_custom_url":null,"twitter_image_custom_fields":null,"twitter_title":null,"twitter_description":null,"schema":{"blockGraphs":[],"customGraphs":[],"default":{"data":{"Article":[],"Course":[],"Dataset":[],"FAQPage":[],"Movie":[],"Person":[],"Product":[],"ProductReview":[],"Car":[],"Recipe":[],"Service":[],"SoftwareApplication":[],"WebPage":[]},"graphName":"","isEnabled":true},"graphs":[]},"schema_type":"default","schema_type_options":null,"pillar_content":false,"robots_default":true,"robots_noindex":false,"robots_noarchive":false,"robots_nosnippet":false,"robots_nofollow":false,"robots_noimageindex":false,"robots_noodp":false,"robots_notranslate":false,"robots_max_snippet":null,"robots_max_videopreview":null,"robots_max_imagepreview":"large","priority":null,"frequency":null,"local_seo":null,"seo_analyzer_scan_date":"2026-02-10 03:14:40","limit_modified_date":false,"reviewed_by":null,"open_ai":null,"ai":null,"created":"2023-07-26 12:15:07","updated":"2026-02-10 03:14:40"},"aioseo_breadcrumb":"<div class=\"aioseo-breadcrumbs\"><span class=\"aioseo-breadcrumb\">\n\t<a href=\"https:\/\/monatglobal.com\/ca\" title=\"Home\">Home<\/a>\n<\/span><span class=\"aioseo-breadcrumb-separator\">&raquo;<\/span><span class=\"aioseo-breadcrumb\">\n\tLA SCIENCE DERRI\u00c8RE MONAT\n<\/span><\/div>","aioseo_breadcrumb_json":[{"label":"Home","link":"https:\/\/monatglobal.com\/ca"},{"label":"LA SCIENCE DERRI\u00c8RE MONAT","link":"https:\/\/monatglobal.com\/ca\/la-science-derriere-monat\/?lang=fr"}],"_links":{"self":[{"href":"https:\/\/monatglobal.com\/ca\/wp-json\/wp\/v2\/pages\/30908","targetHints":{"allow":["GET"]}}],"collection":[{"href":"https:\/\/monatglobal.com\/ca\/wp-json\/wp\/v2\/pages"}],"about":[{"href":"https:\/\/monatglobal.com\/ca\/wp-json\/wp\/v2\/types\/page"}],"author":[{"embeddable":true,"href":"https:\/\/monatglobal.com\/ca\/wp-json\/wp\/v2\/users\/31"}],"replies":[{"embeddable":true,"href":"https:\/\/monatglobal.com\/ca\/wp-json\/wp\/v2\/comments?post=30908"}],"version-history":[{"count":25,"href":"https:\/\/monatglobal.com\/ca\/wp-json\/wp\/v2\/pages\/30908\/revisions"}],"predecessor-version":[{"id":73256,"href":"https:\/\/monatglobal.com\/ca\/wp-json\/wp\/v2\/pages\/30908\/revisions\/73256"}],"wp:featuredmedia":[{"embeddable":true,"href":"https:\/\/monatglobal.com\/ca\/wp-json\/wp\/v2\/media\/32240"}],"wp:attachment":[{"href":"https:\/\/monatglobal.com\/ca\/wp-json\/wp\/v2\/media?parent=30908"}],"wp:term":[{"taxonomy":"category","embeddable":true,"href":"https:\/\/monatglobal.com\/ca\/wp-json\/wp\/v2\/categories?post=30908"},{"taxonomy":"post_tag","embeddable":true,"href":"https:\/\/monatglobal.com\/ca\/wp-json\/wp\/v2\/tags?post=30908"}],"curies":[{"name":"wp","href":"https:\/\/api.w.org\/{rel}","templated":true}]}}