{"id":30900,"date":"2018-03-21T02:33:31","date_gmt":"2018-03-21T02:33:31","guid":{"rendered":"https:\/\/monatglobal.com\/ca\/?page_id=30900"},"modified":"2020-08-08T00:51:39","modified_gmt":"2020-08-08T00:51:39","slug":"conseils-coiffure-et-plus","status":"publish","type":"page","link":"https:\/\/monatglobal.com\/ca\/conseils-coiffure-et-plus\/?lang=fr","title":{"rendered":"Conseils coiffure et plus"},"content":{"rendered":"<h3>\n\t\tCONSEILS COIFFURE ET PLUS\n\t<\/h3>\n<h3>\n\t\tLA SANT\u00c9 DU CUIR CHEVELU\n\t<\/h3>\n\t<a href=\"https:\/\/player.vimeo.com\/video\/270109237?autoplay=1&amp;color=ffffff&amp;title=0&amp;byline=0&amp;portrait=0\"><img loading=\"lazy\" decoding=\"async\" src=\"https:\/\/monatglobal.com\/wp-content\/uploads\/2016\/03\/play_btn_lines.png\" alt=\"play_btn_lines\" width=\"50\" height=\"50\" \/><\/a>\n<h3>\n\t\t<a href=\"https:\/\/monatglobal.com\/ca\/shampooing-revitalisant\/\" title=\"SHAMPOOING + &lt;br&gt;REVITALISANT\" target=\"_self\">\n\t\tSHAMPOOING + <br>REVITALISANT\n\t\t<\/a>\n\t<\/h3>\n<h3>\n\t\t\u00c9VITER LES CHEVEUX RIGIDES ET COLLANTS\n\t<\/h3>\n\t<a href=\"https:\/\/player.vimeo.com\/video\/270095710?autoplay=1&amp;color=ffffff&amp;title=0&amp;byline=0&amp;portrait=0\"><img loading=\"lazy\" decoding=\"async\" src=\"https:\/\/monatglobal.com\/wp-content\/uploads\/2016\/03\/play_btn_lines.png\" alt=\"play_btn_lines\" width=\"50\" height=\"50\" \/><\/a>\n<h3>\n\t\t<a href=\"https:\/\/monatglobal.com\/ca\/pate-coiffante-monat-black\/\" title=\"P\u00c2TE COIFFANTE GROOM \" target=\"_self\">\n\t\tP\u00c2TE COIFFANTE GROOM \n\t\t<\/a>\n\t<\/h3>\n<h3>\n\t\tUN RASAGE PARFAIT\n\t<\/h3>\n\t<a href=\"https:\/\/player.vimeo.com\/video\/220352733?autoplay=1&amp;color=ffffff&amp;title=0&amp;byline=0&amp;portrait=0\"><img loading=\"lazy\" decoding=\"async\" src=\"https:\/\/monatglobal.com\/wp-content\/uploads\/2016\/03\/play_btn_lines.png\" alt=\"play_btn_lines\" width=\"50\" height=\"50\" \/><\/a>\n<h3>\n\t\t<a href=\"https:\/\/monatglobal.com\/ca\/creme-a-raser-monat-black\/\" title=\"CR\u00c8ME \u00c0 &lt;br&gt; RASER\" target=\"_self\">\n\t\tCR\u00c8ME \u00c0 <br> RASER\n\t\t<\/a>\n\t<\/h3>\n<h3>\n\t\tEFFET PLAGE\n\t<\/h3>\n\t<a href=\"https:\/\/player.vimeo.com\/video\/273739044?autoplay=1&amp;color=ffffff&amp;title=0&amp;byline=0&amp;portrait=0\"><img loading=\"lazy\" decoding=\"async\" src=\"https:\/\/monatglobal.com\/wp-content\/uploads\/2016\/03\/play_btn_lines.png\" alt=\"play_btn_lines\" width=\"50\" height=\"50\" \/><\/a>\n<h3>\n\t\t<a href=\"https:\/\/monatglobal.com\/ca\/brume-texturante-tousled\/\" title=\"BRUME &lt;br&gt;TEXTURANTE TOUSLED\" target=\"_self\">\n\t\tBRUME <br>TEXTURANTE TOUSLED\n\t\t<\/a>\n\t<\/h3>\n<h3>\n\t\tCHEVEUX STYLIS\u00c9S\n\t<\/h3>\n\t<a href=\"https:\/\/player.vimeo.com\/video\/270563138?autoplay=1&amp;color=ffffff&amp;title=0&amp;byline=0&amp;portrait=0\"><img loading=\"lazy\" decoding=\"async\" src=\"https:\/\/monatglobal.com\/wp-content\/uploads\/2016\/03\/play_btn_lines.png\" alt=\"play_btn_lines\" width=\"50\" height=\"50\" \/><\/a>\n<h3>\n\t\t<a href=\"https:\/\/monatglobal.com\/ca\/pommade-sculptante-restyle\/\" title=\"POMMADE SCULPTANTE&lt;br&gt; INSTANTAN\u00c9E RESTYLE \" target=\"_self\">\n\t\tPOMMADE SCULPTANTE<br> INSTANTAN\u00c9E RESTYLE \n\t\t<\/a>\n\t<\/h3>\n<h3>\n\t\tSE COIFFER AVEC MONAT\n\t<\/h3>\n\t<a href=\"https:\/\/player.vimeo.com\/video\/273738901?autoplay=1&amp;color=ffffff&amp;title=0&amp;byline=0&amp;portrait=0\"><img loading=\"lazy\" decoding=\"async\" src=\"https:\/\/monatglobal.com\/wp-content\/uploads\/2016\/03\/play_btn_lines.png\" alt=\"play_btn_lines\" width=\"50\" height=\"50\" \/><\/a>\n<h3>\n\t\t<a href=\"https:\/\/monatglobal.com\/ca\/creme-blow-out\/\" title=\"CR\u00c8ME &lt;br&gt;BLOW OUT\" target=\"_self\">\n\t\tCR\u00c8ME <br>BLOW OUT\n\t\t<\/a>\n\t<\/h3>\n<h3>\n\t\tDE SUPERBES ONDULATIONS\n\t<\/h3>\n\t<a href=\"https:\/\/player.vimeo.com\/video\/270097711?autoplay=1&amp;color=ffffff&amp;title=0&amp;byline=0&amp;portrait=0\"><img loading=\"lazy\" decoding=\"async\" src=\"https:\/\/monatglobal.com\/wp-content\/uploads\/2016\/03\/play_btn_lines.png\" alt=\"play_btn_lines\" width=\"50\" height=\"50\" \/><\/a>\n<h3>\n\t\t<a href=\"https:\/\/monatglobal.com\/ca\/pommade-sculptante-restyle\/\" title=\"POMMADE SCULPTANTE &lt;br&gt;INSTANTAN\u00c9E RESTYLE\" target=\"_self\">\n\t\tPOMMADE SCULPTANTE <br>INSTANTAN\u00c9E RESTYLE\n\t\t<\/a>\n\t<\/h3>\n<h3>\n\t\tTEXTURE ET ONDULATIONS\n\t<\/h3>\n\t<a href=\"https:\/\/player.vimeo.com\/video\/273738960\/?autoplay=1&amp;color=ffffff&amp;title=0&amp;byline=0&amp;portrait=0\"><img loading=\"lazy\" decoding=\"async\" src=\"https:\/\/monatglobal.com\/wp-content\/uploads\/2016\/03\/play_btn_lines.png\" alt=\"play_btn_lines\" width=\"50\" height=\"50\" \/><\/a>\n<h3>\n\t\t<a href=\"https:\/\/monatglobal.com\/ca\/shampoing-sec-the-champ\/\" title=\"SHAMPOING SEC &lt;br&gt;THE CHAMP\" target=\"_self\">\n\t\tSHAMPOING SEC <br>THE CHAMP\n\t\t<\/a>\n\t<\/h3>\n<h3>\n\t\tVOLUME ET VAGUES\n\t<\/h3>\n\t<a href=\"https:\/\/player.vimeo.com\/video\/273778901?autoplay=1&amp;color=ffffff&amp;title=0&amp;byline=0&amp;portrait=0\"><img loading=\"lazy\" decoding=\"async\" src=\"https:\/\/monatglobal.com\/wp-content\/uploads\/2016\/03\/play_btn_lines.png\" alt=\"play_btn_lines\" width=\"50\" height=\"50\" \/><\/a>\n<h3>\n\t\t<a href=\"https:\/\/monatglobal.com\/ca\/amplificateur-de-racines-reshape\/\" title=\"AMPLIFICATEUR DE &lt;br&gt;RACINES RESHAPE\" target=\"_self\">\n\t\tAMPLIFICATEUR DE <br>RACINES RESHAPE\n\t\t<\/a>\n\t<\/h3>\n<h3>\n\t\tCOIFFURE POMPADOUR\n\t<\/h3>\n\t<a href=\"https:\/\/player.vimeo.com\/video\/270562713?autoplay=1&amp;color=ffffff&amp;title=0&amp;byline=0&amp;portrait=0\"><img loading=\"lazy\" decoding=\"async\" src=\"https:\/\/monatglobal.com\/wp-content\/uploads\/2016\/03\/play_btn_lines.png\" alt=\"play_btn_lines\" width=\"50\" height=\"50\" \/><\/a>\n<h3>\n\t\t<a href=\"https:\/\/monatglobal.com\/ca\/pate-coiffante-monat-black\/\" title=\"&lt;br&gt;P\u00c2TE COIFFANTE GROOM\" target=\"_self\">\n\t\t<br>P\u00c2TE COIFFANTE GROOM\n\t\t<\/a>\n\t<\/h3>\n","protected":false},"excerpt":{"rendered":"<p>CONSEILS COIFFURE ET PLUS LA SANT\u00c9 DU CUIR CHEVELU SHAMPOOING + REVITALISANT \u00c9VITER LES CHEVEUX RIGIDES ET COLLANTS P\u00c2TE COIFFANTE GROOM UN RASAGE PARFAIT CR\u00c8ME \u00c0 RASER EFFET PLAGE BRUME TEXTURANTE TOUSLED CHEVEUX STYLIS\u00c9S POMMADE SCULPTANTE INSTANTAN\u00c9E RESTYLE SE COIFFER AVEC MONAT CR\u00c8ME BLOW OUT DE SUPERBES ONDULATIONS POMMADE SCULPTANTE INSTANTAN\u00c9E RESTYLE TEXTURE ET ONDULATIONS&hellip;<\/p>\n","protected":false},"author":20,"featured_media":0,"parent":0,"menu_order":0,"comment_status":"closed","ping_status":"closed","template":"template-full-custom.php","meta":{"inline_featured_image":false,"om_disable_all_campaigns":false,"_monsterinsights_skip_tracking":false,"_monsterinsights_sitenote_active":false,"_monsterinsights_sitenote_note":"","_monsterinsights_sitenote_category":0,"footnotes":""},"categories":[],"tags":[],"class_list":["post-30900","page","type-page","status-publish","hentry"],"aioseo_notices":[],"aioseo_head":"\n\t\t<!-- All in One SEO Pro 4.9.6 - aioseo.com -->\n\t<meta name=\"description\" content=\"CONSEILS COIFFURE ET PLUS LA SANT\u00c9 DU CUIR CHEVELU SHAMPOOING + REVITALISANT \u00c9VITER LES CHEVEUX RIGIDES ET COLLANTS P\u00c2TE COIFFANTE GROOM UN RASAGE PARFAIT CR\u00c8ME \u00c0 RASER EFFET PLAGE BRUME TEXTURANTE TOUSLED CHEVEUX STYLIS\u00c9S POMMADE SCULPTANTE INSTANTAN\u00c9E RESTYLE SE COIFFER AVEC MONAT CR\u00c8ME BLOW OUT DE SUPERBES ONDULATIONS POMMADE SCULPTANTE INSTANTAN\u00c9E RESTYLE TEXTURE ET ONDULATIONS\" \/>\n\t<meta name=\"robots\" content=\"max-image-preview:large\" \/>\n\t<link rel=\"canonical\" href=\"https:\/\/monatglobal.com\/ca\/conseils-coiffure-et-plus\/?lang=fr\" \/>\n\t<meta name=\"generator\" content=\"All in One SEO Pro (AIOSEO) 4.9.6\" \/>\n\t\t<meta property=\"og:locale\" content=\"en_US\" \/>\n\t\t<meta property=\"og:site_name\" content=\"Monat Canada English - We Are Modern Nature\" \/>\n\t\t<meta property=\"og:type\" content=\"article\" \/>\n\t\t<meta property=\"og:title\" content=\"Conseils coiffure et plus - Monat Canada English\" \/>\n\t\t<meta property=\"og:description\" content=\"CONSEILS COIFFURE ET PLUS LA SANT\u00c9 DU CUIR CHEVELU SHAMPOOING + REVITALISANT \u00c9VITER LES CHEVEUX RIGIDES ET COLLANTS P\u00c2TE COIFFANTE GROOM UN RASAGE PARFAIT CR\u00c8ME \u00c0 RASER EFFET PLAGE BRUME TEXTURANTE TOUSLED CHEVEUX STYLIS\u00c9S POMMADE SCULPTANTE INSTANTAN\u00c9E RESTYLE SE COIFFER AVEC MONAT CR\u00c8ME BLOW OUT DE SUPERBES ONDULATIONS POMMADE SCULPTANTE INSTANTAN\u00c9E RESTYLE TEXTURE ET ONDULATIONS\" \/>\n\t\t<meta property=\"og:url\" content=\"https:\/\/monatglobal.com\/ca\/conseils-coiffure-et-plus\/?lang=fr\" \/>\n\t\t<meta property=\"article:published_time\" content=\"2018-03-21T02:33:31+00:00\" \/>\n\t\t<meta property=\"article:modified_time\" content=\"2020-08-08T00:51:39+00:00\" \/>\n\t\t<meta name=\"twitter:card\" content=\"summary_large_image\" \/>\n\t\t<meta name=\"twitter:title\" content=\"Conseils coiffure et plus - Monat Canada English\" \/>\n\t\t<meta name=\"twitter:description\" content=\"CONSEILS COIFFURE ET PLUS LA SANT\u00c9 DU CUIR CHEVELU SHAMPOOING + REVITALISANT \u00c9VITER LES CHEVEUX RIGIDES ET COLLANTS P\u00c2TE COIFFANTE GROOM UN RASAGE PARFAIT CR\u00c8ME \u00c0 RASER EFFET PLAGE BRUME TEXTURANTE TOUSLED CHEVEUX STYLIS\u00c9S POMMADE SCULPTANTE INSTANTAN\u00c9E RESTYLE SE COIFFER AVEC MONAT CR\u00c8ME BLOW OUT DE SUPERBES ONDULATIONS POMMADE SCULPTANTE INSTANTAN\u00c9E RESTYLE TEXTURE ET ONDULATIONS\" \/>\n\t\t<script type=\"application\/ld+json\" class=\"aioseo-schema\">\n\t\t\t{\"@context\":\"https:\\\/\\\/schema.org\",\"@graph\":[{\"@type\":\"BreadcrumbList\",\"@id\":\"https:\\\/\\\/monatglobal.com\\\/ca\\\/conseils-coiffure-et-plus\\\/?lang=fr#breadcrumblist\",\"itemListElement\":[{\"@type\":\"ListItem\",\"@id\":\"https:\\\/\\\/monatglobal.com\\\/ca#listItem\",\"position\":1,\"name\":\"Home\",\"item\":\"https:\\\/\\\/monatglobal.com\\\/ca\",\"nextItem\":{\"@type\":\"ListItem\",\"@id\":\"https:\\\/\\\/monatglobal.com\\\/ca\\\/conseils-coiffure-et-plus\\\/?lang=fr#listItem\",\"name\":\"Conseils coiffure et plus\"}},{\"@type\":\"ListItem\",\"@id\":\"https:\\\/\\\/monatglobal.com\\\/ca\\\/conseils-coiffure-et-plus\\\/?lang=fr#listItem\",\"position\":2,\"name\":\"Conseils coiffure et plus\",\"previousItem\":{\"@type\":\"ListItem\",\"@id\":\"https:\\\/\\\/monatglobal.com\\\/ca#listItem\",\"name\":\"Home\"}}]},{\"@type\":\"Organization\",\"@id\":\"https:\\\/\\\/monatglobal.com\\\/ca\\\/#organization\",\"name\":\"Monat Canada English\",\"description\":\"We Are Modern Nature\",\"url\":\"https:\\\/\\\/monatglobal.com\\\/ca\\\/\"},{\"@type\":\"WebPage\",\"@id\":\"https:\\\/\\\/monatglobal.com\\\/ca\\\/conseils-coiffure-et-plus\\\/?lang=fr#webpage\",\"url\":\"https:\\\/\\\/monatglobal.com\\\/ca\\\/conseils-coiffure-et-plus\\\/?lang=fr\",\"name\":\"Conseils coiffure et plus - Monat Canada English\",\"description\":\"CONSEILS COIFFURE ET PLUS LA SANT\\u00c9 DU CUIR CHEVELU SHAMPOOING + REVITALISANT \\u00c9VITER LES CHEVEUX RIGIDES ET COLLANTS P\\u00c2TE COIFFANTE GROOM UN RASAGE PARFAIT CR\\u00c8ME \\u00c0 RASER EFFET PLAGE BRUME TEXTURANTE TOUSLED CHEVEUX STYLIS\\u00c9S POMMADE SCULPTANTE INSTANTAN\\u00c9E RESTYLE SE COIFFER AVEC MONAT CR\\u00c8ME BLOW OUT DE SUPERBES ONDULATIONS POMMADE SCULPTANTE INSTANTAN\\u00c9E RESTYLE TEXTURE ET ONDULATIONS\",\"inLanguage\":\"en-US\",\"isPartOf\":{\"@id\":\"https:\\\/\\\/monatglobal.com\\\/ca\\\/#website\"},\"breadcrumb\":{\"@id\":\"https:\\\/\\\/monatglobal.com\\\/ca\\\/conseils-coiffure-et-plus\\\/?lang=fr#breadcrumblist\"},\"datePublished\":\"2018-03-21T02:33:31-04:00\",\"dateModified\":\"2020-08-08T00:51:39-04:00\"},{\"@type\":\"WebSite\",\"@id\":\"https:\\\/\\\/monatglobal.com\\\/ca\\\/#website\",\"url\":\"https:\\\/\\\/monatglobal.com\\\/ca\\\/\",\"name\":\"Monat Canada English\",\"description\":\"We Are Modern Nature\",\"inLanguage\":\"en-US\",\"publisher\":{\"@id\":\"https:\\\/\\\/monatglobal.com\\\/ca\\\/#organization\"}}]}\n\t\t<\/script>\n\t\t<!-- All in One SEO Pro -->\r\n\t\t<title>Conseils coiffure et plus - Monat Canada English<\/title>\n\n","aioseo_head_json":{"title":"Conseils coiffure et plus - Monat Canada English","description":"CONSEILS COIFFURE ET PLUS LA SANT\u00c9 DU CUIR CHEVELU SHAMPOOING + REVITALISANT \u00c9VITER LES CHEVEUX RIGIDES ET COLLANTS P\u00c2TE COIFFANTE GROOM UN RASAGE PARFAIT CR\u00c8ME \u00c0 RASER EFFET PLAGE BRUME TEXTURANTE TOUSLED CHEVEUX STYLIS\u00c9S POMMADE SCULPTANTE INSTANTAN\u00c9E RESTYLE SE COIFFER AVEC MONAT CR\u00c8ME BLOW OUT DE SUPERBES ONDULATIONS POMMADE SCULPTANTE INSTANTAN\u00c9E RESTYLE TEXTURE ET ONDULATIONS","canonical_url":"https:\/\/monatglobal.com\/ca\/conseils-coiffure-et-plus\/?lang=fr","robots":"max-image-preview:large","keywords":"","webmasterTools":{"miscellaneous":""},"schema":{"@context":"https:\/\/schema.org","@graph":[{"@type":"BreadcrumbList","@id":"https:\/\/monatglobal.com\/ca\/conseils-coiffure-et-plus\/?lang=fr#breadcrumblist","itemListElement":[{"@type":"ListItem","@id":"https:\/\/monatglobal.com\/ca#listItem","position":1,"name":"Home","item":"https:\/\/monatglobal.com\/ca","nextItem":{"@type":"ListItem","@id":"https:\/\/monatglobal.com\/ca\/conseils-coiffure-et-plus\/?lang=fr#listItem","name":"Conseils coiffure et plus"}},{"@type":"ListItem","@id":"https:\/\/monatglobal.com\/ca\/conseils-coiffure-et-plus\/?lang=fr#listItem","position":2,"name":"Conseils coiffure et plus","previousItem":{"@type":"ListItem","@id":"https:\/\/monatglobal.com\/ca#listItem","name":"Home"}}]},{"@type":"Organization","@id":"https:\/\/monatglobal.com\/ca\/#organization","name":"Monat Canada English","description":"We Are Modern Nature","url":"https:\/\/monatglobal.com\/ca\/"},{"@type":"WebPage","@id":"https:\/\/monatglobal.com\/ca\/conseils-coiffure-et-plus\/?lang=fr#webpage","url":"https:\/\/monatglobal.com\/ca\/conseils-coiffure-et-plus\/?lang=fr","name":"Conseils coiffure et plus - Monat Canada English","description":"CONSEILS COIFFURE ET PLUS LA SANT\u00c9 DU CUIR CHEVELU SHAMPOOING + REVITALISANT \u00c9VITER LES CHEVEUX RIGIDES ET COLLANTS P\u00c2TE COIFFANTE GROOM UN RASAGE PARFAIT CR\u00c8ME \u00c0 RASER EFFET PLAGE BRUME TEXTURANTE TOUSLED CHEVEUX STYLIS\u00c9S POMMADE SCULPTANTE INSTANTAN\u00c9E RESTYLE SE COIFFER AVEC MONAT CR\u00c8ME BLOW OUT DE SUPERBES ONDULATIONS POMMADE SCULPTANTE INSTANTAN\u00c9E RESTYLE TEXTURE ET ONDULATIONS","inLanguage":"en-US","isPartOf":{"@id":"https:\/\/monatglobal.com\/ca\/#website"},"breadcrumb":{"@id":"https:\/\/monatglobal.com\/ca\/conseils-coiffure-et-plus\/?lang=fr#breadcrumblist"},"datePublished":"2018-03-21T02:33:31-04:00","dateModified":"2020-08-08T00:51:39-04:00"},{"@type":"WebSite","@id":"https:\/\/monatglobal.com\/ca\/#website","url":"https:\/\/monatglobal.com\/ca\/","name":"Monat Canada English","description":"We Are Modern Nature","inLanguage":"en-US","publisher":{"@id":"https:\/\/monatglobal.com\/ca\/#organization"}}]},"og:locale":"en_US","og:site_name":"Monat Canada English - We Are Modern Nature","og:type":"article","og:title":"Conseils coiffure et plus - Monat Canada English","og:description":"CONSEILS COIFFURE ET PLUS LA SANT\u00c9 DU CUIR CHEVELU SHAMPOOING + REVITALISANT \u00c9VITER LES CHEVEUX RIGIDES ET COLLANTS P\u00c2TE COIFFANTE GROOM UN RASAGE PARFAIT CR\u00c8ME \u00c0 RASER EFFET PLAGE BRUME TEXTURANTE TOUSLED CHEVEUX STYLIS\u00c9S POMMADE SCULPTANTE INSTANTAN\u00c9E RESTYLE SE COIFFER AVEC MONAT CR\u00c8ME BLOW OUT DE SUPERBES ONDULATIONS POMMADE SCULPTANTE INSTANTAN\u00c9E RESTYLE TEXTURE ET ONDULATIONS","og:url":"https:\/\/monatglobal.com\/ca\/conseils-coiffure-et-plus\/?lang=fr","article:published_time":"2018-03-21T02:33:31+00:00","article:modified_time":"2020-08-08T00:51:39+00:00","twitter:card":"summary_large_image","twitter:title":"Conseils coiffure et plus - Monat Canada English","twitter:description":"CONSEILS COIFFURE ET PLUS LA SANT\u00c9 DU CUIR CHEVELU SHAMPOOING + REVITALISANT \u00c9VITER LES CHEVEUX RIGIDES ET COLLANTS P\u00c2TE COIFFANTE GROOM UN RASAGE PARFAIT CR\u00c8ME \u00c0 RASER EFFET PLAGE BRUME TEXTURANTE TOUSLED CHEVEUX STYLIS\u00c9S POMMADE SCULPTANTE INSTANTAN\u00c9E RESTYLE SE COIFFER AVEC MONAT CR\u00c8ME BLOW OUT DE SUPERBES ONDULATIONS POMMADE SCULPTANTE INSTANTAN\u00c9E RESTYLE TEXTURE ET ONDULATIONS"},"aioseo_meta_data":{"post_id":"30900","title":null,"description":null,"keywords":null,"keyphrases":null,"primary_term":null,"canonical_url":null,"og_title":null,"og_description":null,"og_object_type":"default","og_image_type":"default","og_image_url":null,"og_image_width":null,"og_image_height":null,"og_image_custom_url":null,"og_image_custom_fields":null,"og_video":null,"og_custom_url":null,"og_article_section":null,"og_article_tags":null,"twitter_use_og":false,"twitter_card":"default","twitter_image_type":"default","twitter_image_url":null,"twitter_image_custom_url":null,"twitter_image_custom_fields":null,"twitter_title":null,"twitter_description":null,"schema":{"blockGraphs":[],"customGraphs":[],"default":{"data":{"Article":[],"Course":[],"Dataset":[],"FAQPage":[],"Movie":[],"Person":[],"Product":[],"ProductReview":[],"Car":[],"Recipe":[],"Service":[],"SoftwareApplication":[],"WebPage":[]},"graphName":"","isEnabled":true},"graphs":[]},"schema_type":"default","schema_type_options":null,"pillar_content":false,"robots_default":true,"robots_noindex":false,"robots_noarchive":false,"robots_nosnippet":false,"robots_nofollow":false,"robots_noimageindex":false,"robots_noodp":false,"robots_notranslate":false,"robots_max_snippet":null,"robots_max_videopreview":null,"robots_max_imagepreview":"large","priority":null,"frequency":null,"local_seo":null,"seo_analyzer_scan_date":"2026-02-10 03:14:39","limit_modified_date":false,"reviewed_by":null,"open_ai":null,"ai":null,"created":"2023-07-26 12:15:07","updated":"2026-02-10 03:14:39"},"aioseo_breadcrumb":"<div class=\"aioseo-breadcrumbs\"><span class=\"aioseo-breadcrumb\">\n\t<a href=\"https:\/\/monatglobal.com\/ca\" title=\"Home\">Home<\/a>\n<\/span><span class=\"aioseo-breadcrumb-separator\">&raquo;<\/span><span class=\"aioseo-breadcrumb\">\n\tConseils coiffure et plus\n<\/span><\/div>","aioseo_breadcrumb_json":[{"label":"Home","link":"https:\/\/monatglobal.com\/ca"},{"label":"Conseils coiffure et plus","link":"https:\/\/monatglobal.com\/ca\/conseils-coiffure-et-plus\/?lang=fr"}],"_links":{"self":[{"href":"https:\/\/monatglobal.com\/ca\/wp-json\/wp\/v2\/pages\/30900","targetHints":{"allow":["GET"]}}],"collection":[{"href":"https:\/\/monatglobal.com\/ca\/wp-json\/wp\/v2\/pages"}],"about":[{"href":"https:\/\/monatglobal.com\/ca\/wp-json\/wp\/v2\/types\/page"}],"author":[{"embeddable":true,"href":"https:\/\/monatglobal.com\/ca\/wp-json\/wp\/v2\/users\/20"}],"replies":[{"embeddable":true,"href":"https:\/\/monatglobal.com\/ca\/wp-json\/wp\/v2\/comments?post=30900"}],"version-history":[{"count":15,"href":"https:\/\/monatglobal.com\/ca\/wp-json\/wp\/v2\/pages\/30900\/revisions"}],"predecessor-version":[{"id":53226,"href":"https:\/\/monatglobal.com\/ca\/wp-json\/wp\/v2\/pages\/30900\/revisions\/53226"}],"wp:attachment":[{"href":"https:\/\/monatglobal.com\/ca\/wp-json\/wp\/v2\/media?parent=30900"}],"wp:term":[{"taxonomy":"category","embeddable":true,"href":"https:\/\/monatglobal.com\/ca\/wp-json\/wp\/v2\/categories?post=30900"},{"taxonomy":"post_tag","embeddable":true,"href":"https:\/\/monatglobal.com\/ca\/wp-json\/wp\/v2\/tags?post=30900"}],"curies":[{"name":"wp","href":"https:\/\/api.w.org\/{rel}","templated":true}]}}