{"id":30364,"date":"2018-03-15T02:14:47","date_gmt":"2018-03-15T02:14:47","guid":{"rendered":"https:\/\/monatglobal.com\/ca\/?page_id=30364"},"modified":"2026-02-20T16:00:41","modified_gmt":"2026-02-20T21:00:41","slug":"contact","status":"publish","type":"page","link":"https:\/\/monatglobal.com\/ca\/contact\/?lang=fr","title":{"rendered":"Nous Contacter"},"content":{"rendered":"\nNOUS CONTACTER \n<h3>\n\t\tPar courriel\n\t<\/h3>\n\t<hr>\n\t<strong>\tPour les questions concernant les ingr\u00e9dients et l&#8217;utilisation des produits : <\/strong><br>\n<p><a href=\"mailto:productquestions@monatglobal.com\"> productquestions@monatglobal.com<\/a> <br><\/p>\n<br>\n<strong>Pour les retours, les renseignements sur les comptes et les questions d&#8217;ordre g\u00e9n\u00e9ral :<\/strong> \n<p><a href=\"mailto:monatsupportfr@monatglobal.com\"> monatsupportfr@monatglobal.com<\/a><br><\/p>\n<br>\n<strong>Id\u00e9es de gratitude :<\/strong>\n<p><a href=\"mailto:gratitude@monatglobal.com\">  gratitude@monatglobal.com<\/a><br><\/p>\n<br>\n<strong>Questions concernant la reconnaissance :<\/strong>\n<p><a href=\"mailto:recognition@monatglobal.com\">recognition@monatglobal.com<\/a><br><\/p>\n<br>\n<!--<strong>\u00c9v\u00e8nements et incitatifs :<\/strong>\n<p><a href=\"mailto:events@monatglobal.com\"> events@monatglobal.com<\/a><br \/><\/p>\n<br \/>-->\n<strong>Utilisation du logo de MONAT, participation aux salons :<\/strong>\n<p><a href=\"mailto:brandguidelines@monatglobal.com\"> brandguidelines@monatglobal.com<\/a><\/p>\n<h3>\n\t\tPar t\u00e9l\u00e9phone\n\t<\/h3>\n\t<hr>\n\t(833) 750-4880\n<br><br>  \n<strong>Heures d&#8217;ouverture du Service \u00e0 la client\u00e8le :<\/strong>\n<br><br>\n<strong>Du lundi au vendredi : <\/strong> 10 h \u00e0 19 h (HE)\n<br>\n\n<h3>\n\t\tPar courrier\n\t<\/h3>\n\t<hr>\n\t<p>135 Sparks Avenue Toronto, ON M2H 2S5<\/p><br>\n\t \n<strong>REMARQUE IMPORTANTE :  <\/strong>\nPour votre protection, veuillez ne pas r\u00e9v\u00e9ler le num\u00e9ro de votre carte de cr\u00e9dit ou d&#8217;autres renseignements confidentiels par courriel ou chat.\n <br>\n","protected":false},"excerpt":{"rendered":"<p>NOUS CONTACTER Par courriel Pour les questions concernant les ingr\u00e9dients et l&#8217;utilisation des produits : productquestions@monatglobal.com Pour les retours, les renseignements sur les comptes et les questions d&#8217;ordre g\u00e9n\u00e9ral : monatsupportfr@monatglobal.com Id\u00e9es de gratitude : gratitude@monatglobal.com Questions concernant la reconnaissance : recognition@monatglobal.com Utilisation du logo de MONAT, participation aux salons : brandguidelines@monatglobal.com Par t\u00e9l\u00e9phone (833)&hellip;<\/p>\n","protected":false},"author":20,"featured_media":0,"parent":0,"menu_order":0,"comment_status":"closed","ping_status":"closed","template":"","meta":{"inline_featured_image":false,"om_disable_all_campaigns":false,"_monsterinsights_skip_tracking":false,"_monsterinsights_sitenote_active":false,"_monsterinsights_sitenote_note":"","_monsterinsights_sitenote_category":0,"footnotes":""},"categories":[],"tags":[],"class_list":["post-30364","page","type-page","status-publish","hentry"],"aioseo_notices":[],"aioseo_head":"\n\t\t<!-- All in One SEO Pro 4.9.6 - aioseo.com -->\n\t<meta name=\"description\" content=\"NOUS CONTACTER Par courriel Pour les questions concernant les ingr\u00e9dients et l&#039;utilisation des produits : productquestions@monatglobal.com Pour les retours, les renseignements sur les comptes et les questions d&#039;ordre g\u00e9n\u00e9ral : monatsupportfr@monatglobal.com Id\u00e9es de gratitude : gratitude@monatglobal.com Questions concernant la reconnaissance : recognition@monatglobal.com Utilisation du logo de MONAT, participation aux salons : brandguidelines@monatglobal.com Par t\u00e9l\u00e9phone (833)\" \/>\n\t<meta name=\"robots\" content=\"max-image-preview:large\" \/>\n\t<link rel=\"canonical\" href=\"https:\/\/monatglobal.com\/ca\/contact\/?lang=fr\" \/>\n\t<meta name=\"generator\" content=\"All in One SEO Pro (AIOSEO) 4.9.6\" \/>\n\t\t<meta property=\"og:locale\" content=\"en_US\" \/>\n\t\t<meta property=\"og:site_name\" content=\"Monat Canada English - We Are Modern Nature\" \/>\n\t\t<meta property=\"og:type\" content=\"article\" \/>\n\t\t<meta property=\"og:title\" content=\"Nous Contacter - Monat Canada English\" \/>\n\t\t<meta property=\"og:description\" content=\"NOUS CONTACTER Par courriel Pour les questions concernant les ingr\u00e9dients et l&#039;utilisation des produits : productquestions@monatglobal.com Pour les retours, les renseignements sur les comptes et les questions d&#039;ordre g\u00e9n\u00e9ral : monatsupportfr@monatglobal.com Id\u00e9es de gratitude : gratitude@monatglobal.com Questions concernant la reconnaissance : recognition@monatglobal.com Utilisation du logo de MONAT, participation aux salons : brandguidelines@monatglobal.com Par t\u00e9l\u00e9phone (833)\" \/>\n\t\t<meta property=\"og:url\" content=\"https:\/\/monatglobal.com\/ca\/contact\/?lang=fr\" \/>\n\t\t<meta property=\"article:published_time\" content=\"2018-03-15T02:14:47+00:00\" \/>\n\t\t<meta property=\"article:modified_time\" content=\"2026-02-20T21:00:41+00:00\" \/>\n\t\t<meta name=\"twitter:card\" content=\"summary_large_image\" \/>\n\t\t<meta name=\"twitter:title\" content=\"Nous Contacter - Monat Canada English\" \/>\n\t\t<meta name=\"twitter:description\" content=\"NOUS CONTACTER Par courriel Pour les questions concernant les ingr\u00e9dients et l&#039;utilisation des produits : productquestions@monatglobal.com Pour les retours, les renseignements sur les comptes et les questions d&#039;ordre g\u00e9n\u00e9ral : monatsupportfr@monatglobal.com Id\u00e9es de gratitude : gratitude@monatglobal.com Questions concernant la reconnaissance : recognition@monatglobal.com Utilisation du logo de MONAT, participation aux salons : brandguidelines@monatglobal.com Par t\u00e9l\u00e9phone (833)\" \/>\n\t\t<script type=\"application\/ld+json\" class=\"aioseo-schema\">\n\t\t\t{\"@context\":\"https:\\\/\\\/schema.org\",\"@graph\":[{\"@type\":\"BreadcrumbList\",\"@id\":\"https:\\\/\\\/monatglobal.com\\\/ca\\\/contact\\\/?lang=fr#breadcrumblist\",\"itemListElement\":[{\"@type\":\"ListItem\",\"@id\":\"https:\\\/\\\/monatglobal.com\\\/ca#listItem\",\"position\":1,\"name\":\"Home\",\"item\":\"https:\\\/\\\/monatglobal.com\\\/ca\",\"nextItem\":{\"@type\":\"ListItem\",\"@id\":\"https:\\\/\\\/monatglobal.com\\\/ca\\\/contact\\\/?lang=fr#listItem\",\"name\":\"Nous Contacter\"}},{\"@type\":\"ListItem\",\"@id\":\"https:\\\/\\\/monatglobal.com\\\/ca\\\/contact\\\/?lang=fr#listItem\",\"position\":2,\"name\":\"Nous Contacter\",\"previousItem\":{\"@type\":\"ListItem\",\"@id\":\"https:\\\/\\\/monatglobal.com\\\/ca#listItem\",\"name\":\"Home\"}}]},{\"@type\":\"Organization\",\"@id\":\"https:\\\/\\\/monatglobal.com\\\/ca\\\/#organization\",\"name\":\"Monat Canada English\",\"description\":\"We Are Modern Nature\",\"url\":\"https:\\\/\\\/monatglobal.com\\\/ca\\\/\"},{\"@type\":\"WebPage\",\"@id\":\"https:\\\/\\\/monatglobal.com\\\/ca\\\/contact\\\/?lang=fr#webpage\",\"url\":\"https:\\\/\\\/monatglobal.com\\\/ca\\\/contact\\\/?lang=fr\",\"name\":\"Nous Contacter - Monat Canada English\",\"description\":\"NOUS CONTACTER Par courriel Pour les questions concernant les ingr\\u00e9dients et l'utilisation des produits : productquestions@monatglobal.com Pour les retours, les renseignements sur les comptes et les questions d'ordre g\\u00e9n\\u00e9ral : monatsupportfr@monatglobal.com Id\\u00e9es de gratitude : gratitude@monatglobal.com Questions concernant la reconnaissance : recognition@monatglobal.com Utilisation du logo de MONAT, participation aux salons : brandguidelines@monatglobal.com Par t\\u00e9l\\u00e9phone (833)\",\"inLanguage\":\"en-US\",\"isPartOf\":{\"@id\":\"https:\\\/\\\/monatglobal.com\\\/ca\\\/#website\"},\"breadcrumb\":{\"@id\":\"https:\\\/\\\/monatglobal.com\\\/ca\\\/contact\\\/?lang=fr#breadcrumblist\"},\"datePublished\":\"2018-03-15T02:14:47-04:00\",\"dateModified\":\"2026-02-20T16:00:41-05:00\"},{\"@type\":\"WebSite\",\"@id\":\"https:\\\/\\\/monatglobal.com\\\/ca\\\/#website\",\"url\":\"https:\\\/\\\/monatglobal.com\\\/ca\\\/\",\"name\":\"Monat Canada English\",\"description\":\"We Are Modern Nature\",\"inLanguage\":\"en-US\",\"publisher\":{\"@id\":\"https:\\\/\\\/monatglobal.com\\\/ca\\\/#organization\"}}]}\n\t\t<\/script>\n\t\t<!-- All in One SEO Pro -->\r\n\t\t<title>Nous Contacter - Monat Canada English<\/title>\n\n","aioseo_head_json":{"title":"Nous Contacter - Monat Canada English","description":"NOUS CONTACTER Par courriel Pour les questions concernant les ingr\u00e9dients et l'utilisation des produits : productquestions@monatglobal.com Pour les retours, les renseignements sur les comptes et les questions d'ordre g\u00e9n\u00e9ral : monatsupportfr@monatglobal.com Id\u00e9es de gratitude : gratitude@monatglobal.com Questions concernant la reconnaissance : recognition@monatglobal.com Utilisation du logo de MONAT, participation aux salons : brandguidelines@monatglobal.com Par t\u00e9l\u00e9phone (833)","canonical_url":"https:\/\/monatglobal.com\/ca\/contact\/?lang=fr","robots":"max-image-preview:large","keywords":"","webmasterTools":{"miscellaneous":""},"schema":{"@context":"https:\/\/schema.org","@graph":[{"@type":"BreadcrumbList","@id":"https:\/\/monatglobal.com\/ca\/contact\/?lang=fr#breadcrumblist","itemListElement":[{"@type":"ListItem","@id":"https:\/\/monatglobal.com\/ca#listItem","position":1,"name":"Home","item":"https:\/\/monatglobal.com\/ca","nextItem":{"@type":"ListItem","@id":"https:\/\/monatglobal.com\/ca\/contact\/?lang=fr#listItem","name":"Nous Contacter"}},{"@type":"ListItem","@id":"https:\/\/monatglobal.com\/ca\/contact\/?lang=fr#listItem","position":2,"name":"Nous Contacter","previousItem":{"@type":"ListItem","@id":"https:\/\/monatglobal.com\/ca#listItem","name":"Home"}}]},{"@type":"Organization","@id":"https:\/\/monatglobal.com\/ca\/#organization","name":"Monat Canada English","description":"We Are Modern Nature","url":"https:\/\/monatglobal.com\/ca\/"},{"@type":"WebPage","@id":"https:\/\/monatglobal.com\/ca\/contact\/?lang=fr#webpage","url":"https:\/\/monatglobal.com\/ca\/contact\/?lang=fr","name":"Nous Contacter - Monat Canada English","description":"NOUS CONTACTER Par courriel Pour les questions concernant les ingr\u00e9dients et l'utilisation des produits : productquestions@monatglobal.com Pour les retours, les renseignements sur les comptes et les questions d'ordre g\u00e9n\u00e9ral : monatsupportfr@monatglobal.com Id\u00e9es de gratitude : gratitude@monatglobal.com Questions concernant la reconnaissance : recognition@monatglobal.com Utilisation du logo de MONAT, participation aux salons : brandguidelines@monatglobal.com Par t\u00e9l\u00e9phone (833)","inLanguage":"en-US","isPartOf":{"@id":"https:\/\/monatglobal.com\/ca\/#website"},"breadcrumb":{"@id":"https:\/\/monatglobal.com\/ca\/contact\/?lang=fr#breadcrumblist"},"datePublished":"2018-03-15T02:14:47-04:00","dateModified":"2026-02-20T16:00:41-05:00"},{"@type":"WebSite","@id":"https:\/\/monatglobal.com\/ca\/#website","url":"https:\/\/monatglobal.com\/ca\/","name":"Monat Canada English","description":"We Are Modern Nature","inLanguage":"en-US","publisher":{"@id":"https:\/\/monatglobal.com\/ca\/#organization"}}]},"og:locale":"en_US","og:site_name":"Monat Canada English - We Are Modern Nature","og:type":"article","og:title":"Nous Contacter - Monat Canada English","og:description":"NOUS CONTACTER Par courriel Pour les questions concernant les ingr\u00e9dients et l'utilisation des produits : productquestions@monatglobal.com Pour les retours, les renseignements sur les comptes et les questions d'ordre g\u00e9n\u00e9ral : monatsupportfr@monatglobal.com Id\u00e9es de gratitude : gratitude@monatglobal.com Questions concernant la reconnaissance : recognition@monatglobal.com Utilisation du logo de MONAT, participation aux salons : brandguidelines@monatglobal.com Par t\u00e9l\u00e9phone (833)","og:url":"https:\/\/monatglobal.com\/ca\/contact\/?lang=fr","article:published_time":"2018-03-15T02:14:47+00:00","article:modified_time":"2026-02-20T21:00:41+00:00","twitter:card":"summary_large_image","twitter:title":"Nous Contacter - Monat Canada English","twitter:description":"NOUS CONTACTER Par courriel Pour les questions concernant les ingr\u00e9dients et l'utilisation des produits : productquestions@monatglobal.com Pour les retours, les renseignements sur les comptes et les questions d'ordre g\u00e9n\u00e9ral : monatsupportfr@monatglobal.com Id\u00e9es de gratitude : gratitude@monatglobal.com Questions concernant la reconnaissance : recognition@monatglobal.com Utilisation du logo de MONAT, participation aux salons : brandguidelines@monatglobal.com Par t\u00e9l\u00e9phone (833)"},"aioseo_meta_data":{"post_id":"30364","title":null,"description":null,"keywords":null,"keyphrases":{"focus":{"keyphrase":"","score":0,"analysis":{"keyphraseInTitle":{"score":0,"maxScore":9,"error":1}}},"additional":[]},"primary_term":null,"canonical_url":null,"og_title":null,"og_description":null,"og_object_type":"default","og_image_type":"default","og_image_url":null,"og_image_width":null,"og_image_height":null,"og_image_custom_url":null,"og_image_custom_fields":null,"og_video":"","og_custom_url":null,"og_article_section":null,"og_article_tags":null,"twitter_use_og":false,"twitter_card":"default","twitter_image_type":"default","twitter_image_url":null,"twitter_image_custom_url":null,"twitter_image_custom_fields":null,"twitter_title":null,"twitter_description":null,"schema":{"blockGraphs":[],"customGraphs":[],"default":{"data":{"Article":[],"Course":[],"Dataset":[],"FAQPage":[],"Movie":[],"Person":[],"Product":[],"ProductReview":[],"Car":[],"Recipe":[],"Service":[],"SoftwareApplication":[],"WebPage":[]},"graphName":"WebPage","isEnabled":true},"graphs":[]},"schema_type":"default","schema_type_options":null,"pillar_content":false,"robots_default":true,"robots_noindex":false,"robots_noarchive":false,"robots_nosnippet":false,"robots_nofollow":false,"robots_noimageindex":false,"robots_noodp":false,"robots_notranslate":false,"robots_max_snippet":"-1","robots_max_videopreview":"-1","robots_max_imagepreview":"large","priority":null,"frequency":"default","local_seo":null,"seo_analyzer_scan_date":"2026-02-20 22:33:14","limit_modified_date":false,"reviewed_by":"0","open_ai":null,"ai":{"faqs":[],"keyPoints":[],"titles":[],"descriptions":[],"socialPosts":{"email":[],"linkedin":[],"twitter":[],"facebook":[],"instagram":[]}},"created":"2023-07-26 12:15:07","updated":"2026-02-20 22:33:14"},"aioseo_breadcrumb":"<div class=\"aioseo-breadcrumbs\"><span class=\"aioseo-breadcrumb\">\n\t<a href=\"https:\/\/monatglobal.com\/ca\" title=\"Home\">Home<\/a>\n<\/span><span class=\"aioseo-breadcrumb-separator\">&raquo;<\/span><span class=\"aioseo-breadcrumb\">\n\tNous Contacter\n<\/span><\/div>","aioseo_breadcrumb_json":[{"label":"Home","link":"https:\/\/monatglobal.com\/ca"},{"label":"Nous Contacter","link":"https:\/\/monatglobal.com\/ca\/contact\/?lang=fr"}],"_links":{"self":[{"href":"https:\/\/monatglobal.com\/ca\/wp-json\/wp\/v2\/pages\/30364","targetHints":{"allow":["GET"]}}],"collection":[{"href":"https:\/\/monatglobal.com\/ca\/wp-json\/wp\/v2\/pages"}],"about":[{"href":"https:\/\/monatglobal.com\/ca\/wp-json\/wp\/v2\/types\/page"}],"author":[{"embeddable":true,"href":"https:\/\/monatglobal.com\/ca\/wp-json\/wp\/v2\/users\/20"}],"replies":[{"embeddable":true,"href":"https:\/\/monatglobal.com\/ca\/wp-json\/wp\/v2\/comments?post=30364"}],"version-history":[{"count":31,"href":"https:\/\/monatglobal.com\/ca\/wp-json\/wp\/v2\/pages\/30364\/revisions"}],"predecessor-version":[{"id":91902,"href":"https:\/\/monatglobal.com\/ca\/wp-json\/wp\/v2\/pages\/30364\/revisions\/91902"}],"wp:attachment":[{"href":"https:\/\/monatglobal.com\/ca\/wp-json\/wp\/v2\/media?parent=30364"}],"wp:term":[{"taxonomy":"category","embeddable":true,"href":"https:\/\/monatglobal.com\/ca\/wp-json\/wp\/v2\/categories?post=30364"},{"taxonomy":"post_tag","embeddable":true,"href":"https:\/\/monatglobal.com\/ca\/wp-json\/wp\/v2\/tags?post=30364"}],"curies":[{"name":"wp","href":"https:\/\/api.w.org\/{rel}","templated":true}]}}