{"id":30355,"date":"2018-03-14T21:55:19","date_gmt":"2018-03-14T21:55:19","guid":{"rendered":"https:\/\/monatglobal.com\/ca\/?page_id=30355"},"modified":"2026-01-19T09:15:29","modified_gmt":"2026-01-19T14:15:29","slug":"rejuvabeads","status":"publish","type":"page","link":"https:\/\/monatglobal.com\/ca\/rejuvabeads\/?lang=fr","title":{"rendered":"REJUVABEADS"},"content":{"rendered":"\n\n\t<link rel=\"stylesheet\" href=\"https:\/\/unpkg.com\/swiper\/swiper-bundle.min.css\" \/>\n<link rel=\"stylesheet\" href=\"https:\/\/monatglobal.com\/wp-content\/creative_css\/product_styles_sheet.css\" \/>\n   <!--==================================================== ECOMM SECTION ====================================================-->\n   <p>MEILLEUR VENDEUR<\/p>\n      <!--==================================================== Ecomm image ====================================================-->\n      <img decoding=\"async\" src=\"https:\/\/monatglobal.com\/es\/wp-content\/uploads\/sites\/10\/2021\/10\/Rejevabeads-ecomm.png\" alt=\"Rejuvabeads\u00ae\" loading=\"lazy\"\/>\n      <!--==================================================== Ecomm information  ====================================================-->\n         \n         <p>MEILLEUR VENDEUR<\/p>\n         <h1>REJUVABEADS<sup>\u00ae<\/sup><\/h1> \n         <p>Avec REJUVENIQE<sup>\u00ae<\/sup><\/p>\n         <p>Un traitement sans rin\u00e7age r\u00e9volutionnaire qui cible et r\u00e9pare les pointes&nbsp;fourchues.<\/p>\n         <p>70 ml \u212e 2,4 oz liq.<\/p>\n       <!--==================================================== pricing box ====================================================-->    \n   <p>Prix de d\u00e9tail<br \/>$00.00 $ CA<\/p>\n   <p>Prix de client VIP<br \/>$00.00 $ CA<\/p> \n       <!--==================================================== pricing box ====================================================-->    \n         <p>Pour en savoir plus sur REJUVABEADS<sup>\u00ae<\/sup>, veuillez contacter votre partenaire de march\u00e9&nbsp;MONAT.<\/p>\n           <a href=\"\" target=\"_blank\" role=\"button\" aria-label=\"\" rel=\"noopener\"><\/a>\n   <!--==================================================== \/ECOMM SECTION  ====================================================-->\n   <!--==================================================== Benefits image ====================================================-->\n   \n      <source media=\"(max-width: 700px)\" srcset=\"https:\/\/monatglobal.com\/nz\/wp-content\/uploads\/sites\/15\/2022\/10\/Rejuvabeads-benefits_mobile.jpg\" loading=\"lazy\"\/>\n      <img decoding=\"async\" src=\"https:\/\/monatglobal.com\/nz\/wp-content\/uploads\/sites\/15\/2022\/10\/Rejuvabeads-benefits.jpg\" \n      alt=\"A blonde female smiling while holding REJUVABEADS\u00ae by MONAT\" loading=\"lazy\"\/>\n   \n   <!--==================================================== Benefits text ====================================================-->\n         <h2>BIENFAITS<\/h2>\n         <h3>R\u00e9duisez instantan\u00e9ment les pointes fourchues de 47 % jusqu&#8217;\u00e0 24 heures gr\u00e2ce \u00e0 ce s\u00e9rum qui les r\u00e9pare et les&nbsp;scelle.<\/h3>\n         <p>Laissez les pointes fragiles plus douces et lisses pour des cheveux d&#8217;apparence plus saine et plus sains au&nbsp;toucher.<\/p>\n         <!--==================================================== features image  ====================================================-->\n         <img decoding=\"async\" alt=\"REJUVABEADS\u00ae by MONAT laying on a flat surface, along with ingredients such as lemon slices, lime slices, seeds, carrots and tomatoes\" src=\"https:\/\/monatglobal.com\/nz\/wp-content\/uploads\/sites\/15\/2022\/10\/Rejuvabeads-features.jpg\" loading=\"lazy\"\/>\n      <!--==================================================== features text ====================================================-->\n            <h3>Caract\u00e9ristiques<\/h3>\n               <p>\/ Un l\u00e9ger s\u00e9rum sans rin\u00e7age qui donne une apparence plus saine aux cheveux et r\u00e9duit le nombre de pointes&nbsp;fourchues<\/p>\n               <p>\/\tIl est dot\u00e9 d&#8217;une technologie de scellage qui r\u00e9pare instantan\u00e9ment les&nbsp;pointes<\/p>\n               <br \/>\n            <p>Parfum \/ Un m\u00e9lange all\u00e9chant de fruits s&#8217;inspirant de confiture aux notes de p\u00eache, de mangue, d&#8217;orange et de grenade, rehauss\u00e9 de sauge sclar\u00e9e, de jasmin et de vanille&nbsp;cr\u00e9meuse.<\/p>\n            <p> Texture \/ S\u00e9rum l\u00e9ger<\/p>\n   <!--==================================================== composition image mobile ====================================================-->\n   <img decoding=\"async\" alt=\"REJUVABEADS\u00ae by MONAT laying on a wooden tray sitting on a counter next to a mirror, plant, a wooden comb and wooden brush\" src=\"https:\/\/monatglobal.com\/nz\/wp-content\/uploads\/sites\/15\/2022\/10\/Rejuvabeads-composition-1.jpg\" loading=\"lazy\"\/>\n   <!--==================================================== Why it works text ====================================================-->\n      <h2>Profitez instantan\u00e9ment de cheveux d&#8217;apparence plus saine et de moins de pointes fourchues.<\/h2>\n      <h3>Il contient un puissant m\u00e9lange exclusif d&#8217;ingr\u00e9dients qui soutiennent les cheveux sains dont le REJUVENIQE<sup>\u00ae<\/sup> et l&#8217;extrait de graines de chia pour r\u00e9parer instantan\u00e9ment les pointes&nbsp;fourchues.<\/h3>\n      \n<!--==================================================== Composition section ====================================================-->\n      <img decoding=\"async\" alt=\"Blonde female holding REJUVABEADS\u00ae by MONAT, overlaying a texture shot of REJUVABEADS\u00ae by MONAT\" src=\"https:\/\/monatglobal.com\/nz\/wp-content\/uploads\/sites\/15\/2022\/10\/Rejuvabeads-composition-1.jpg\" loading=\"lazy\"\/>\n      <img decoding=\"async\" alt=\"\" \n      src=\"https:\/\/monatglobal.com\/nz\/wp-content\/uploads\/sites\/15\/2022\/10\/Rejuvabeads-composition-3.jpg\" loading=\"lazy\"\/>\n            <!--==================================================== Directions text ====================================================--> \n               <h3>Mode d&#8217;emploi<\/h3>\n                    <p>\/ Appliquer le produit sur cheveux propres et essor\u00e9s, du milieu jusqu&#8217;aux&nbsp;pointes. <\/p>\n                    <p>\/ Attendre une minute. <\/p>\n                    <p>\/ Coiffer comme d&#8217;habitude.<\/p>\n            <!--==================================================== Directions video ====================================================-->\n      <p>REJUVENIQE<sup>\u00ae<\/sup> <br \/>0:00<\/p>\n   <a href=\"\" target=\"_blank\" role=\"button\" aria-label=\"\" rel=\"noopener\"><\/a>\n   <!--==================================================== Ingredients section  ====================================================-->\n      <h2>INGR\u00c9DIENTS CL\u00c9S<\/h2>\n               <p>REJUVENIQE<sup>\u00ae<\/sup><\/p>\n               <p>Extrait de graines de chia <\/p>\n        <button id=\"myBtn\" type=\"button\">LISTE D&#8217;INGR\u00c9DIENTS<\/button>\n      <!--==================================================== Modal content  ====================================================-->\n         &times;\n         <p>Aqua\/Water\/Eau, Cetearyl Alcohol, Isoamyl Laurate, Behentrimonium Chloride, Glycerin, Limnanthes Alba (Meadowfoam) Seed Oil, Crambe Abyssinica Seed Oil, Camellia Oleifera Seed Oil, Solanum Lycopersicum (Tomato) Seed Oil, Daucus Carota Sativa (Carrot) Seed Oil, Citrus Limon (Lemon) Peel Oil, Citrus Aurantifolia (Lime) Oil, Citrus Aurantium Bergamia (Bergamot) Fruit Oil, Adansonia Digitata Oil, Mauritia Flexuosa Fruit Oil, Cocos Nucifera (Coconut) Oil, Gardenia Taitensis Flower Extract, Moringa Oleifera Seed Oil, Caryocar Brasiliense Fruit Oil, Helianthus Annuus (Sunflower) Seed Oil, Linum Usitatissimum (Linseed) Seed Extract, Salvia Hispanica Seed Extract, Tocopherol, Xanthan Gum, Carrageenan, Algin, Guar Hydroxypropyltrimonium Chloride, Chitosan, Caprylic\/Capric Triglyceride, Coco-Glucoside, Sorbitan Oleate, Fragrance\/Parfum,  Stearamidopropyl Dimethylamine, Benzyl Alcohol, Ethylhexylglycerin, Limonene.<\/p>\n   <!--==================================================== You might also like section ====================================================-->\n      <h2>VOUS POURRIEZ AUSSI AIMER<\/h2>\n      <!--==================================================== Slider YOU MIGHT ALSO LIKE ====================================================-->\n      <!---->\n      <!--   -->\n            <!--==================================================== Slides products ====================================================-->\n      <!--      -->\n      <!--         <a href=\"\/ca\/hair-damage-repair-shampoo\/?lang=fr\" aria-label=\"Go to Shampooing favorisant la coh\u00e9sion R\u00e9paration des dommages  page\">-->\n      <!--            <img decoding=\"async\" src=\"https:\/\/monatglobal.com\/wp-content\/uploads\/2021\/09\/ADVANCED-HYDRATING-SHAMPOO-all-prod.png\" alt=\"Shampooing favorisant la coh\u00e9sion R\u00e9paration des dommages\" loading=\"lazy\"\/>-->\n      <!--            <p>Shampooing favorisant la coh\u00e9sion<br \/>R\u00e9paration des dommages <\/p>-->\n      <!--         <\/a>-->\n      <!--      -->\n      <!--      -->\n      <!--         <a href=\"\/ca\/hair-damage-repair-masque\/?lang=fr\" aria-label=\"Go toMasque favorisant la coh\u00e9sion R\u00e9paration des dommages page\">-->\n      <!--            <img decoding=\"async\" src=\"https:\/\/monatglobal.com\/wp-content\/uploads\/2021\/09\/ADVANCED-HYDRATING-masque_allprod.png\" alt=\"Masque favorisant la coh\u00e9sion R\u00e9paration des dommages\" loading=\"lazy\"\/>-->\n      <!--            <p>Masque favorisant la coh\u00e9sion<br \/>R\u00e9paration des dommages <\/p>-->\n      <!--         <\/a>-->\n      <!--      -->\n            <!---->\n            <!--   <a href=\"\/ca\/hair-glossy-shine-mist\/?lang=fr\" aria-label=\"Go to Brume \u00e9clat parfait MONAT STUDIO ONE\u2122 page\">-->\n            <!--      <img decoding=\"async\" src=\"https:\/\/monatglobal.com\/wp-content\/uploads\/2021\/07\/GLOSSY-SHINE-MIST.png\" alt=\"Brume \u00e9clat parfait MONAT STUDIO ONE\u2122\"\/>-->\n            <!--      <p>Brume \u00e9clat parfait<br \/>MONAT STUDIO ONE\u2122<\/p>-->\n            <!--   <\/a>-->\n            <!---->\n      <!--   -->\n         <!--==================================================== If we need navigation buttons  ====================================================-->\n      <!--   -->\n      <!--   -->\n         <!--==================================================== If we need paginations  ====================================================-->\n      <!--   -->\n      <!---->\n             <!-- If we need navigation buttons -->\n             <!-- If we need paginations -->\n    <a href=\"\" aria-label=\"\"><\/a>\n<!--==================================================== this link has to go last for it to work   ====================================================-->\n\n","protected":false},"excerpt":{"rendered":"<p>MEILLEUR VENDEUR MEILLEUR VENDEUR REJUVABEADS\u00ae Avec REJUVENIQE\u00ae Un traitement sans rin\u00e7age r\u00e9volutionnaire qui cible et r\u00e9pare les pointes&nbsp;fourchues. 70 ml \u212e 2,4 oz liq. Prix de d\u00e9tail$00.00 $ CA Prix de client VIP$00.00 $ CA Pour en savoir plus sur REJUVABEADS\u00ae, veuillez contacter votre partenaire de march\u00e9&nbsp;MONAT. BIENFAITS R\u00e9duisez instantan\u00e9ment les pointes fourchues de 47&hellip;<\/p>\n","protected":false},"author":20,"featured_media":40384,"parent":0,"menu_order":0,"comment_status":"closed","ping_status":"closed","template":"","meta":{"inline_featured_image":false,"om_disable_all_campaigns":false,"_monsterinsights_skip_tracking":false,"_monsterinsights_sitenote_active":false,"_monsterinsights_sitenote_note":"","_monsterinsights_sitenote_category":0,"footnotes":""},"categories":[3629],"tags":[],"class_list":["post-30355","page","type-page","status-publish","has-post-thumbnail","hentry","category-product-fra"],"aioseo_notices":[],"aioseo_head":"\n\t\t<!-- All in One SEO Pro 4.9.6 - aioseo.com -->\n\t<meta name=\"description\" content=\"MEILLEUR VENDEUR MEILLEUR VENDEUR REJUVABEADS\u00ae Avec REJUVENIQE\u00ae Un traitement sans rin\u00e7age r\u00e9volutionnaire qui cible et r\u00e9pare les pointes fourchues. 70 ml \u212e 2,4 oz liq. Prix de d\u00e9tail$00.00 $ CA Prix de client VIP$00.00 $ CA Pour en savoir plus sur REJUVABEADS\u00ae, veuillez contacter votre partenaire de march\u00e9 MONAT. BIENFAITS R\u00e9duisez instantan\u00e9ment les pointes fourchues de 47\" \/>\n\t<meta name=\"robots\" content=\"max-image-preview:large\" \/>\n\t<link rel=\"canonical\" href=\"https:\/\/monatglobal.com\/ca\/rejuvabeads\/?lang=fr\" \/>\n\t<meta name=\"generator\" content=\"All in One SEO Pro (AIOSEO) 4.9.6\" \/>\n\t\t<meta property=\"og:locale\" content=\"en_US\" \/>\n\t\t<meta property=\"og:site_name\" content=\"Monat Canada English - We Are Modern Nature\" \/>\n\t\t<meta property=\"og:type\" content=\"article\" \/>\n\t\t<meta property=\"og:title\" content=\"REJUVABEADS - Monat Canada English\" \/>\n\t\t<meta property=\"og:description\" content=\"MEILLEUR VENDEUR MEILLEUR VENDEUR REJUVABEADS\u00ae Avec REJUVENIQE\u00ae Un traitement sans rin\u00e7age r\u00e9volutionnaire qui cible et r\u00e9pare les pointes fourchues. 70 ml \u212e 2,4 oz liq. Prix de d\u00e9tail$00.00 $ CA Prix de client VIP$00.00 $ CA Pour en savoir plus sur REJUVABEADS\u00ae, veuillez contacter votre partenaire de march\u00e9 MONAT. BIENFAITS R\u00e9duisez instantan\u00e9ment les pointes fourchues de 47\" \/>\n\t\t<meta property=\"og:url\" content=\"https:\/\/monatglobal.com\/ca\/rejuvabeads\/?lang=fr\" \/>\n\t\t<meta property=\"article:published_time\" content=\"2018-03-14T21:55:19+00:00\" \/>\n\t\t<meta property=\"article:modified_time\" content=\"2026-01-19T14:15:29+00:00\" \/>\n\t\t<meta name=\"twitter:card\" content=\"summary_large_image\" \/>\n\t\t<meta name=\"twitter:title\" content=\"REJUVABEADS - Monat Canada English\" \/>\n\t\t<meta name=\"twitter:description\" content=\"MEILLEUR VENDEUR MEILLEUR VENDEUR REJUVABEADS\u00ae Avec REJUVENIQE\u00ae Un traitement sans rin\u00e7age r\u00e9volutionnaire qui cible et r\u00e9pare les pointes fourchues. 70 ml \u212e 2,4 oz liq. Prix de d\u00e9tail$00.00 $ CA Prix de client VIP$00.00 $ CA Pour en savoir plus sur REJUVABEADS\u00ae, veuillez contacter votre partenaire de march\u00e9 MONAT. BIENFAITS R\u00e9duisez instantan\u00e9ment les pointes fourchues de 47\" \/>\n\t\t<script type=\"application\/ld+json\" class=\"aioseo-schema\">\n\t\t\t{\"@context\":\"https:\\\/\\\/schema.org\",\"@graph\":[{\"@type\":\"BreadcrumbList\",\"@id\":\"https:\\\/\\\/monatglobal.com\\\/ca\\\/rejuvabeads\\\/?lang=fr#breadcrumblist\",\"itemListElement\":[{\"@type\":\"ListItem\",\"@id\":\"https:\\\/\\\/monatglobal.com\\\/ca#listItem\",\"position\":1,\"name\":\"Home\",\"item\":\"https:\\\/\\\/monatglobal.com\\\/ca\",\"nextItem\":{\"@type\":\"ListItem\",\"@id\":\"https:\\\/\\\/monatglobal.com\\\/ca\\\/rejuvabeads\\\/?lang=fr#listItem\",\"name\":\"REJUVABEADS\"}},{\"@type\":\"ListItem\",\"@id\":\"https:\\\/\\\/monatglobal.com\\\/ca\\\/rejuvabeads\\\/?lang=fr#listItem\",\"position\":2,\"name\":\"REJUVABEADS\",\"previousItem\":{\"@type\":\"ListItem\",\"@id\":\"https:\\\/\\\/monatglobal.com\\\/ca#listItem\",\"name\":\"Home\"}}]},{\"@type\":\"Organization\",\"@id\":\"https:\\\/\\\/monatglobal.com\\\/ca\\\/#organization\",\"name\":\"Monat Canada English\",\"description\":\"We Are Modern Nature\",\"url\":\"https:\\\/\\\/monatglobal.com\\\/ca\\\/\"},{\"@type\":\"WebPage\",\"@id\":\"https:\\\/\\\/monatglobal.com\\\/ca\\\/rejuvabeads\\\/?lang=fr#webpage\",\"url\":\"https:\\\/\\\/monatglobal.com\\\/ca\\\/rejuvabeads\\\/?lang=fr\",\"name\":\"REJUVABEADS - Monat Canada English\",\"description\":\"MEILLEUR VENDEUR MEILLEUR VENDEUR REJUVABEADS\\u00ae Avec REJUVENIQE\\u00ae Un traitement sans rin\\u00e7age r\\u00e9volutionnaire qui cible et r\\u00e9pare les pointes fourchues. 70 ml \\u212e 2,4 oz liq. Prix de d\\u00e9tail$00.00 $ CA Prix de client VIP$00.00 $ CA Pour en savoir plus sur REJUVABEADS\\u00ae, veuillez contacter votre partenaire de march\\u00e9 MONAT. BIENFAITS R\\u00e9duisez instantan\\u00e9ment les pointes fourchues de 47\",\"inLanguage\":\"en-US\",\"isPartOf\":{\"@id\":\"https:\\\/\\\/monatglobal.com\\\/ca\\\/#website\"},\"breadcrumb\":{\"@id\":\"https:\\\/\\\/monatglobal.com\\\/ca\\\/rejuvabeads\\\/?lang=fr#breadcrumblist\"},\"image\":{\"@type\":\"ImageObject\",\"url\":\"https:\\\/\\\/monatglobal.com\\\/ca\\\/wp-content\\\/uploads\\\/sites\\\/5\\\/2019\\\/01\\\/REJUVABEADS-500x438.png\",\"@id\":\"https:\\\/\\\/monatglobal.com\\\/ca\\\/rejuvabeads\\\/?lang=fr\\\/#mainImage\",\"width\":438,\"height\":500},\"primaryImageOfPage\":{\"@id\":\"https:\\\/\\\/monatglobal.com\\\/ca\\\/rejuvabeads\\\/?lang=fr#mainImage\"},\"datePublished\":\"2018-03-14T21:55:19-04:00\",\"dateModified\":\"2026-01-19T09:15:29-05:00\"},{\"@type\":\"WebSite\",\"@id\":\"https:\\\/\\\/monatglobal.com\\\/ca\\\/#website\",\"url\":\"https:\\\/\\\/monatglobal.com\\\/ca\\\/\",\"name\":\"Monat Canada English\",\"description\":\"We Are Modern Nature\",\"inLanguage\":\"en-US\",\"publisher\":{\"@id\":\"https:\\\/\\\/monatglobal.com\\\/ca\\\/#organization\"}}]}\n\t\t<\/script>\n\t\t<!-- All in One SEO Pro -->\r\n\t\t<title>REJUVABEADS - Monat Canada English<\/title>\n\n","aioseo_head_json":{"title":"REJUVABEADS - Monat Canada English","description":"MEILLEUR VENDEUR MEILLEUR VENDEUR REJUVABEADS\u00ae Avec REJUVENIQE\u00ae Un traitement sans rin\u00e7age r\u00e9volutionnaire qui cible et r\u00e9pare les pointes fourchues. 70 ml \u212e 2,4 oz liq. Prix de d\u00e9tail$00.00 $ CA Prix de client VIP$00.00 $ CA Pour en savoir plus sur REJUVABEADS\u00ae, veuillez contacter votre partenaire de march\u00e9 MONAT. BIENFAITS R\u00e9duisez instantan\u00e9ment les pointes fourchues de 47","canonical_url":"https:\/\/monatglobal.com\/ca\/rejuvabeads\/?lang=fr","robots":"max-image-preview:large","keywords":"","webmasterTools":{"miscellaneous":""},"schema":{"@context":"https:\/\/schema.org","@graph":[{"@type":"BreadcrumbList","@id":"https:\/\/monatglobal.com\/ca\/rejuvabeads\/?lang=fr#breadcrumblist","itemListElement":[{"@type":"ListItem","@id":"https:\/\/monatglobal.com\/ca#listItem","position":1,"name":"Home","item":"https:\/\/monatglobal.com\/ca","nextItem":{"@type":"ListItem","@id":"https:\/\/monatglobal.com\/ca\/rejuvabeads\/?lang=fr#listItem","name":"REJUVABEADS"}},{"@type":"ListItem","@id":"https:\/\/monatglobal.com\/ca\/rejuvabeads\/?lang=fr#listItem","position":2,"name":"REJUVABEADS","previousItem":{"@type":"ListItem","@id":"https:\/\/monatglobal.com\/ca#listItem","name":"Home"}}]},{"@type":"Organization","@id":"https:\/\/monatglobal.com\/ca\/#organization","name":"Monat Canada English","description":"We Are Modern Nature","url":"https:\/\/monatglobal.com\/ca\/"},{"@type":"WebPage","@id":"https:\/\/monatglobal.com\/ca\/rejuvabeads\/?lang=fr#webpage","url":"https:\/\/monatglobal.com\/ca\/rejuvabeads\/?lang=fr","name":"REJUVABEADS - Monat Canada English","description":"MEILLEUR VENDEUR MEILLEUR VENDEUR REJUVABEADS\u00ae Avec REJUVENIQE\u00ae Un traitement sans rin\u00e7age r\u00e9volutionnaire qui cible et r\u00e9pare les pointes fourchues. 70 ml \u212e 2,4 oz liq. Prix de d\u00e9tail$00.00 $ CA Prix de client VIP$00.00 $ CA Pour en savoir plus sur REJUVABEADS\u00ae, veuillez contacter votre partenaire de march\u00e9 MONAT. BIENFAITS R\u00e9duisez instantan\u00e9ment les pointes fourchues de 47","inLanguage":"en-US","isPartOf":{"@id":"https:\/\/monatglobal.com\/ca\/#website"},"breadcrumb":{"@id":"https:\/\/monatglobal.com\/ca\/rejuvabeads\/?lang=fr#breadcrumblist"},"image":{"@type":"ImageObject","url":"https:\/\/monatglobal.com\/ca\/wp-content\/uploads\/sites\/5\/2019\/01\/REJUVABEADS-500x438.png","@id":"https:\/\/monatglobal.com\/ca\/rejuvabeads\/?lang=fr\/#mainImage","width":438,"height":500},"primaryImageOfPage":{"@id":"https:\/\/monatglobal.com\/ca\/rejuvabeads\/?lang=fr#mainImage"},"datePublished":"2018-03-14T21:55:19-04:00","dateModified":"2026-01-19T09:15:29-05:00"},{"@type":"WebSite","@id":"https:\/\/monatglobal.com\/ca\/#website","url":"https:\/\/monatglobal.com\/ca\/","name":"Monat Canada English","description":"We Are Modern Nature","inLanguage":"en-US","publisher":{"@id":"https:\/\/monatglobal.com\/ca\/#organization"}}]},"og:locale":"en_US","og:site_name":"Monat Canada English - We Are Modern Nature","og:type":"article","og:title":"REJUVABEADS - Monat Canada English","og:description":"MEILLEUR VENDEUR MEILLEUR VENDEUR REJUVABEADS\u00ae Avec REJUVENIQE\u00ae Un traitement sans rin\u00e7age r\u00e9volutionnaire qui cible et r\u00e9pare les pointes fourchues. 70 ml \u212e 2,4 oz liq. Prix de d\u00e9tail$00.00 $ CA Prix de client VIP$00.00 $ CA Pour en savoir plus sur REJUVABEADS\u00ae, veuillez contacter votre partenaire de march\u00e9 MONAT. BIENFAITS R\u00e9duisez instantan\u00e9ment les pointes fourchues de 47","og:url":"https:\/\/monatglobal.com\/ca\/rejuvabeads\/?lang=fr","article:published_time":"2018-03-14T21:55:19+00:00","article:modified_time":"2026-01-19T14:15:29+00:00","twitter:card":"summary_large_image","twitter:title":"REJUVABEADS - Monat Canada English","twitter:description":"MEILLEUR VENDEUR MEILLEUR VENDEUR REJUVABEADS\u00ae Avec REJUVENIQE\u00ae Un traitement sans rin\u00e7age r\u00e9volutionnaire qui cible et r\u00e9pare les pointes fourchues. 70 ml \u212e 2,4 oz liq. Prix de d\u00e9tail$00.00 $ CA Prix de client VIP$00.00 $ CA Pour en savoir plus sur REJUVABEADS\u00ae, veuillez contacter votre partenaire de march\u00e9 MONAT. BIENFAITS R\u00e9duisez instantan\u00e9ment les pointes fourchues de 47"},"aioseo_meta_data":{"post_id":"30355","title":null,"description":null,"keywords":null,"keyphrases":null,"primary_term":null,"canonical_url":null,"og_title":null,"og_description":null,"og_object_type":"default","og_image_type":"default","og_image_url":null,"og_image_width":null,"og_image_height":null,"og_image_custom_url":null,"og_image_custom_fields":null,"og_video":null,"og_custom_url":null,"og_article_section":null,"og_article_tags":null,"twitter_use_og":false,"twitter_card":"default","twitter_image_type":"default","twitter_image_url":null,"twitter_image_custom_url":null,"twitter_image_custom_fields":null,"twitter_title":null,"twitter_description":null,"schema":{"blockGraphs":[],"customGraphs":[],"default":{"data":{"Article":[],"Course":[],"Dataset":[],"FAQPage":[],"Movie":[],"Person":[],"Product":[],"ProductReview":[],"Car":[],"Recipe":[],"Service":[],"SoftwareApplication":[],"WebPage":[]},"graphName":"WebPage","isEnabled":true},"graphs":[]},"schema_type":"default","schema_type_options":null,"pillar_content":false,"robots_default":true,"robots_noindex":false,"robots_noarchive":false,"robots_nosnippet":false,"robots_nofollow":false,"robots_noimageindex":false,"robots_noodp":false,"robots_notranslate":false,"robots_max_snippet":null,"robots_max_videopreview":null,"robots_max_imagepreview":"large","priority":null,"frequency":null,"local_seo":null,"seo_analyzer_scan_date":"2026-02-10 03:12:36","limit_modified_date":false,"reviewed_by":null,"open_ai":null,"ai":null,"created":"2023-07-26 12:12:51","updated":"2026-02-10 05:18:31"},"aioseo_breadcrumb":"<div class=\"aioseo-breadcrumbs\"><span class=\"aioseo-breadcrumb\">\n\t<a href=\"https:\/\/monatglobal.com\/ca\" title=\"Home\">Home<\/a>\n<\/span><span class=\"aioseo-breadcrumb-separator\">&raquo;<\/span><span class=\"aioseo-breadcrumb\">\n\tREJUVABEADS\n<\/span><\/div>","aioseo_breadcrumb_json":[{"label":"Home","link":"https:\/\/monatglobal.com\/ca"},{"label":"REJUVABEADS","link":"https:\/\/monatglobal.com\/ca\/rejuvabeads\/?lang=fr"}],"_links":{"self":[{"href":"https:\/\/monatglobal.com\/ca\/wp-json\/wp\/v2\/pages\/30355","targetHints":{"allow":["GET"]}}],"collection":[{"href":"https:\/\/monatglobal.com\/ca\/wp-json\/wp\/v2\/pages"}],"about":[{"href":"https:\/\/monatglobal.com\/ca\/wp-json\/wp\/v2\/types\/page"}],"author":[{"embeddable":true,"href":"https:\/\/monatglobal.com\/ca\/wp-json\/wp\/v2\/users\/20"}],"replies":[{"embeddable":true,"href":"https:\/\/monatglobal.com\/ca\/wp-json\/wp\/v2\/comments?post=30355"}],"version-history":[{"count":65,"href":"https:\/\/monatglobal.com\/ca\/wp-json\/wp\/v2\/pages\/30355\/revisions"}],"predecessor-version":[{"id":110103,"href":"https:\/\/monatglobal.com\/ca\/wp-json\/wp\/v2\/pages\/30355\/revisions\/110103"}],"wp:featuredmedia":[{"embeddable":true,"href":"https:\/\/monatglobal.com\/ca\/wp-json\/wp\/v2\/media\/40384"}],"wp:attachment":[{"href":"https:\/\/monatglobal.com\/ca\/wp-json\/wp\/v2\/media?parent=30355"}],"wp:term":[{"taxonomy":"category","embeddable":true,"href":"https:\/\/monatglobal.com\/ca\/wp-json\/wp\/v2\/categories?post=30355"},{"taxonomy":"post_tag","embeddable":true,"href":"https:\/\/monatglobal.com\/ca\/wp-json\/wp\/v2\/tags?post=30355"}],"curies":[{"name":"wp","href":"https:\/\/api.w.org\/{rel}","templated":true}]}}