{"id":30337,"date":"2018-03-14T19:55:01","date_gmt":"2018-03-14T19:55:01","guid":{"rendered":"https:\/\/monatglobal.com\/ca\/?page_id=30337"},"modified":"2026-01-19T15:21:22","modified_gmt":"2026-01-19T20:21:22","slug":"rejuveniqe-oil","status":"publish","type":"page","link":"https:\/\/monatglobal.com\/ca\/rejuveniqe-oil\/?lang=fr","title":{"rendered":"REJUVENIQE\u00ae"},"content":{"rendered":"\n\n\t<link rel=\"stylesheet\" href=\"https:\/\/unpkg.com\/swiper\/swiper-bundle.min.css\"\/>\n<link rel=\"stylesheet\" href=\"https:\/\/monatglobal.com\/wp-content\/creative_css\/product_styles_sheet.css\"\/>\n  <!--==================================================== ECOMM SECTION ====================================================-->\n  <p>MEILLEUR VENDEUR<\/p>\n    <!--==================================================== Ecomm image ====================================================-->\n    <img decoding=\"async\" src=\"https:\/\/monatglobal.com\/es\/wp-content\/uploads\/sites\/10\/2021\/10\/rejuveniqe_2021-ecomm.png\" alt=\"MONAT REJUVENIQE\u00ae\" loading=\"lazy\"\/>\n      <!--==================================================== Ecomm information  ====================================================-->\n        \n        <p>MEILLEUR VENDEUR<\/p>\n        <h1>REJUVENIQE<sup>\u00ae<\/sup><\/h1>\n        \n        <p>Un m\u00e9lange exclusif de plus de 13 huiles v\u00e9g\u00e9tales et essentielles pour les cheveux et la&nbsp;peau.<\/p>\n        <p>30 ml \uff45 1,0 oz liq.<\/p>\n       <!--==================================================== pricing box ====================================================-->    \n<p>Retail Price<br \/>$00.00 (USD)<\/p>\n<p>VIP Customer Price<br \/>$00.00 (USD)<\/p>\n       <!--==================================================== pricing box ====================================================-->    \n        <p>Pour en savoir plus sur le REJUVENIQE<sup>\u00ae<\/sup>, veuillez contacter votre partenaire de march\u00e9&nbsp;MONAT.<\/p>\n         <a href=\"\" target=\"_blank\" role=\"button\" aria-label=\"\" rel=\"noopener\"><\/a>\n    <!--==================================================== \/ECOMM SECTION  ====================================================-->\n    <!--==================================================== Benefits image ====================================================-->\n    \n      <source media=\"(max-width: 700px)\" srcset=\"https:\/\/monatglobal.com\/es\/wp-content\/uploads\/sites\/10\/2021\/10\/rejuveniqe-benefits_mobile.jpg\" loading=\"lazy\"\/>\n        <img decoding=\"async\" src=\"https:\/\/monatglobal.com\/es\/wp-content\/uploads\/sites\/10\/2021\/10\/Rejuvenique-benefits-2021.jpg\" alt=\"* * * TBD-update text * * *\" loading=\"lazy\"\/>\n      \n      <!--==================================================== Benefits text ====================================================-->\n          <h2>BIENFAITS<\/h2>\n          <h3>Cette huile multifonction pour les cheveux et la peau renforce les cheveux*, augmente la brillance**, r\u00e9duit les frisottis** et hydrate la&nbsp;peau**.<\/h3>\n          *Bas\u00e9 sur une \u00e9tude statistiquement significative sur la casse de cheveux \u00e9valuant la r\u00e9duction du nombre de fibres bris\u00e9es par le peignage et le brossage&nbsp;r\u00e9p\u00e9t\u00e9s.<br \/>\n          **Bas\u00e9 sur des tests instrumentaux men\u00e9s par un laboratoire&nbsp;tiers.\n          <!--==================================================== features image  ====================================================-->\n          <img decoding=\"async\" src=\"https:\/\/monatglobal.com\/es\/wp-content\/uploads\/sites\/10\/2021\/09\/Rejuvenique%C2%AE_2.png\" alt=\"-\" loading=\"lazy\"\/>\n        <!--==================================================== features text ====================================================-->\n            <h3>Caract\u00e9ristiques<\/h3>\n              <p>\/ Un m\u00e9lange exclusif de plus de 13 huiles v\u00e9g\u00e9tales et&nbsp;essentielles<\/p>\n              <p>\/ Compte-goutte permettant une application cibl\u00e9e sur le cuir&nbsp;chevelu<\/p>\n              <p>\/ Peut aussi s&#8217;utiliser comme hydratant pour le visage ou le&nbsp;corps<\/p>\n              <p>\/ Polyvalent : s&#8217;utilise sur les cheveux, le visage ou le corps, comme soin \u00e0 rincer ou sans&nbsp;rin\u00e7age<\/p>\n              <p>\/ Ajoutez-le \u00e0 un masque ou une cr\u00e8me pour une hydratation&nbsp;additionnelle<\/p>\n      <!--==================================================== composition image mobile ====================================================-->\n      <img decoding=\"async\" alt=\"\" src=\"https:\/\/monatglobal.com\/es\/wp-content\/uploads\/sites\/10\/2021\/10\/composition_img_1-Rejuveniqe-2021.jpg\" loading=\"lazy\"\/>\n      <!--==================================================== Why it works text ====================================================-->\n        <h2>UN V\u00c9RITABLE JOYAU EN MATI\u00c8RE&nbsp;D&#8217;OPULENCE.<\/h2>\n        <h3>MONAT a parcouru le monde pour trouver les huiles b\u00e9n\u00e9fiques les plus exquises pour aider \u00e0 \u00e9quilibrer et \u00e0 r\u00e9g\u00e9n\u00e9rer les cheveux et la&nbsp;peau.<\/h3>\n        <p>L&#8217;huile abyssinienne a \u00e9t\u00e9 le premier ingr\u00e9dient s\u00e9lectionn\u00e9 en raison de ses remarquables propri\u00e9t\u00e9s&nbsp;rajeunissantes.<\/p><br \/>\n        <p>Wyj\u0105tkowo wydajny &#8211; wystarczy na\u0142o\u017cy\u0107 niewielk\u0105 ilo\u015b\u0107&nbsp;produktu.<\/p>\n    <!--==================================================== Composition section ====================================================-->\n        <img decoding=\"async\" src=\"https:\/\/monatglobal.com\/es\/wp-content\/uploads\/sites\/10\/2021\/10\/composition_img_1-Rejuveniqe-2021.jpg\" alt=\"MONAT's Hydration Booster product is set over a solid pink background with serum spilled as additional texture.\" loading=\"lazy\"\/>\n        <img decoding=\"async\" src=\"https:\/\/monatglobal.com\/es\/wp-content\/uploads\/sites\/10\/2021\/09\/small-square.png\" alt=\"An african-american woman looking directly at the camera while applying the serum with the eyedropper. Left hand showcases MONAT's Hydration Booster.\" loading=\"lazy\"\/>\n            <!--==================================================== Directions text ====================================================--> \n              <h3>Mode D&#8217;emploi<\/h3>\n              <p><strong>Traitement pr\u00e9-shampooing :<\/strong><\/p>\n              <p>\/ Appliquer une quantit\u00e9 g\u00e9n\u00e9reuse le cuir chevelu et les cheveux humides ou&nbsp;secs.<\/p>\n              <p>\/ Laisser agir 15 minutes. <\/p>\n              <p>\/ Rincer abondamment, ensuite utiliser un shampooing et un&nbsp;revitalisant.<\/p>\n            <!--==================================================== Directions video ====================================================-->\n        <p><strong>Comme traitement d&#8217;hydratation&nbsp;intense : <\/strong><\/p>\n        <p>\/ Appliquer une quantit\u00e9 g\u00e9n\u00e9reuse le cuir chevelu et les cheveux&nbsp;humides.<\/p>\n        <p>\/ Placer une serviette chaude et humide autour de la t\u00eate et attendre 30&nbsp;minutes.<\/p>\n        <p>\/ Rincer abondamment, ensuite utiliser un shampooing et un&nbsp;revitalisant.<\/p>\n        <br \/>\n        <p><strong>Traitement de finition sans rin\u00e7age :<\/strong><\/p>\n        <p>\/ Une fois les cheveux s\u00e9ch\u00e9s, frotter une petite quantit\u00e9 entre vos mains et l&#8217;appliquer sur vos&nbsp;pointes.<\/p>\n        <br \/>\n        <p><strong>Hydratant pour le visage :<\/strong><\/p>\n        <p>\/ Appliquer matin et soir sur le visage, le cou et le d\u00e9collet\u00e9 avant d&#8217;appliquer votre hydratant, en se concentrant sur les endroits probl\u00e9matiques comme les ridules pour une hydratation et une protection&nbsp;instantan\u00e9es.<\/p>\n        <p><strong>Hydratant pour le corps : <\/strong><\/p>\n        <p>\/ Appliquer matin et soir sur coudes, genoux, endroits secs, squames et la peau sensible du dos des&nbsp;mains.<\/p>\n        <br \/>\n        <p><strong>APPLICATIONS ADDITIONNELLES : <\/strong><\/p>\n        <p>\/ M\u00e9langer \u00e0 votre hydratant favori (pour le visage ou le corps) pour une meilleure&nbsp;hydratation.<\/p>\n        <p>\/ Ajouter \u00e0 votre revitalisant ou votre masque capillaire pour augmenter le conditionnement et la&nbsp;brillance.<\/p>\n        <p>\/ Ajouter \u00e0 votre fond de teint favori pour hydrater votre visage; id\u00e9al pour les climats plus&nbsp;secs.<\/p>\n        <p>\/ Appliquer quelques gouttes sur le visage avant de prendre l&#8217;avion pour r\u00e9duire la perte&nbsp;d&#8217;humidit\u00e9.<\/p>\n    <a href=\"\" target=\"_blank\" role=\"button\" aria-label=\"\" rel=\"noopener\"><\/a>\n    <!--==================================================== Ingredients section  ====================================================-->\n      <h2>INGR\u00c9DIENTS CL\u00c9S<\/h2>\n            <img decoding=\"async\" src=\"https:\/\/monatglobal.com\/wp-content\/uploads\/2022\/11\/Abyssinian-Oil.svg\" alt=\"Abyssinian Oil\"\/>\n          <p>Huile abissinienne<\/p>\n          <img decoding=\"async\" src=\"https:\/\/monatglobal.com\/wp-content\/uploads\/2022\/11\/Meadowfoam-Oil.svg\" alt=\"Meadowfoam Oil\"\/>\n        <p>Huile de graines d&#8217;\u00e9cume des&nbsp;pr\u00e9s<\/p>\n            <img decoding=\"async\" src=\"https:\/\/monatglobal.com\/wp-content\/uploads\/2022\/12\/carrotoil.svg\" alt=\"Carrot Seed Oil\"\/>\n          <p>Huile de graines de&nbsp;carotte<\/p>\n  <button id=\"myBtn\" type=\"button\">LISTE D&#8217;INGR\u00c9DIENTS<\/button>\n  <!--==================================================== Modal content  ====================================================-->\n    \u00d7\n    <p>Limnanthes Alba (Meadowfoam) Seed Oil, Crambe Abyssinica Seed Oil, Camellia Oleifera Seed Oil, Solanum Lycopersicum (Tomato) Seed Oil, Daucus Carota Sativa (Carrot) Seed Oil, Citrus Limon (Lemon) Peel Oil, Citrus Aurantifolia (Lime) Oil, Citrus Aurantium Bergamia (Bergamot) Fruit Oil, Adansonia Digitata Oil, Mauritia Flexuosa Fruit Oil, Cocos Nucifera (Coconut) Oil, Gardenia Taitensis Flower Extract, Moringa Oleifera Seed Oil, Caryocar Brasiliense Fruit Oil, Helianthus Annuus (Sunflower) Seed Oil, Citral, Limonene, Linalool.<\/p>\n<!--==================================================== You might also like section ====================================================-->\n  <h2>VOUS POURRIEZ AUSSI AIMER<\/h2>\n  <!--==================================================== Slider YOU MIGHT ALSO LIKE ====================================================-->\n  <!---->\n  <!--  -->\n      <!--==================================================== Slides products ====================================================-->\n  <!--    -->\n  <!--      <a href=\"\/ca\/rejuvabeads\/?lang=fr\" aria-label=\"Go to REJUVABEADS page\">-->\n  <!--        <img decoding=\"async\" src=\"https:\/\/monatglobal.com\/wp-content\/uploads\/2022\/12\/Rejevabeads-ecomm.png\" alt=\"REJUVABEADS\" loading=\"lazy\"\/>-->\n  <!--        <p>REJUVABEADS<sup>\u00ae<\/sup><\/p>-->\n  <!--      <\/a>-->\n  <!--    -->\n  <!--    -->\n  <!--      <a href=\"\/ca\/replenish-masque\/?lang=fr\" aria-label=\"Go to Masque Replenish\u2122 page\">-->\n  <!--        <img decoding=\"async\" src=\"https:\/\/monatglobal.com\/wp-content\/uploads\/2022\/12\/replenish-masque-e-comm-min.png\" alt=\"Masque Replenish\u2122\" loading=\"lazy\"\/>-->\n  <!--        <p>Masque<br \/>Replenish\u2122<\/p>-->\n  <!--      <\/a>-->\n  <!--    -->\n  <!--    -->\n  <!--      <a href=\"\/ca\/lightweight-moisturizer\/?lang=fr\" aria-label=\"Go to Cr\u00e8me hydratante l\u00e9g\u00e8re BE BALANCED\u2122 Page\">-->\n  <!--        <img decoding=\"async\" src=\"https:\/\/monatglobal.com\/wp-content\/uploads\/2022\/12\/BE-BALANCED-Lightweight-Moisturizer_ecomm-min.png\" alt=\"Cr\u00e8me hydratante l\u00e9g\u00e8re BE BALANCED\u2122\" loading=\"lazy\"\/>-->\n  <!--        <p>Cr\u00e8me hydratante l\u00e9g\u00e8re<br \/>BE BALANCED\u2122<\/p>-->\n  <!--      <\/a>-->\n  <!--    -->\n  <!--  -->\n    <!--==================================================== If we need navigation buttons  ====================================================-->\n  <!--  -->\n  <!--  -->\n    <!--==================================================== If we need paginations  ====================================================-->\n  <!--  -->\n  <!---->\n<!-- If we need navigation buttons -->\n<!-- If we need paginations -->\n<a href=\"\" aria-label=\"\"><\/a>\n     <!--==================================================== this link has to go last for it to work   ====================================================-->\n\n","protected":false},"excerpt":{"rendered":"<p>MEILLEUR VENDEUR MEILLEUR VENDEUR REJUVENIQE\u00ae Un m\u00e9lange exclusif de plus de 13 huiles v\u00e9g\u00e9tales et essentielles pour les cheveux et la&nbsp;peau. 30 ml \uff45 1,0 oz liq. Retail Price$00.00 (USD) VIP Customer Price$00.00 (USD) Pour en savoir plus sur le REJUVENIQE\u00ae, veuillez contacter votre partenaire de march\u00e9&nbsp;MONAT. BIENFAITS Cette huile multifonction pour les cheveux et&hellip;<\/p>\n","protected":false},"author":31,"featured_media":52553,"parent":0,"menu_order":0,"comment_status":"closed","ping_status":"closed","template":"","meta":{"inline_featured_image":false,"om_disable_all_campaigns":false,"_monsterinsights_skip_tracking":false,"_monsterinsights_sitenote_active":false,"_monsterinsights_sitenote_note":"","_monsterinsights_sitenote_category":0,"footnotes":""},"categories":[3629],"tags":[],"class_list":["post-30337","page","type-page","status-publish","has-post-thumbnail","hentry","category-product-fra"],"aioseo_notices":[],"aioseo_head":"\n\t\t<!-- All in One SEO Pro 4.9.5.2 - aioseo.com -->\n\t<meta name=\"description\" content=\"MEILLEUR VENDEUR MEILLEUR VENDEUR REJUVENIQE\u00ae Un m\u00e9lange exclusif de plus de 13 huiles v\u00e9g\u00e9tales et essentielles pour les cheveux et la peau. 30 ml \uff45 1,0 oz liq. Retail Price$00.00 (USD) VIP Customer Price$00.00 (USD) Pour en savoir plus sur le REJUVENIQE\u00ae, veuillez contacter votre partenaire de march\u00e9 MONAT. BIENFAITS Cette huile multifonction pour les cheveux et\" \/>\n\t<meta name=\"robots\" content=\"max-image-preview:large\" \/>\n\t<link rel=\"canonical\" href=\"https:\/\/monatglobal.com\/ca\/rejuveniqe-oil\/?lang=fr\" \/>\n\t<meta name=\"generator\" content=\"All in One SEO Pro (AIOSEO) 4.9.5.2\" \/>\n\t\t<meta property=\"og:locale\" content=\"en_US\" \/>\n\t\t<meta property=\"og:site_name\" content=\"Monat Canada English - We Are Modern Nature\" \/>\n\t\t<meta property=\"og:type\" content=\"article\" \/>\n\t\t<meta property=\"og:title\" content=\"REJUVENIQE\u00ae - Monat Canada English\" \/>\n\t\t<meta property=\"og:description\" content=\"MEILLEUR VENDEUR MEILLEUR VENDEUR REJUVENIQE\u00ae Un m\u00e9lange exclusif de plus de 13 huiles v\u00e9g\u00e9tales et essentielles pour les cheveux et la peau. 30 ml \uff45 1,0 oz liq. Retail Price$00.00 (USD) VIP Customer Price$00.00 (USD) Pour en savoir plus sur le REJUVENIQE\u00ae, veuillez contacter votre partenaire de march\u00e9 MONAT. BIENFAITS Cette huile multifonction pour les cheveux et\" \/>\n\t\t<meta property=\"og:url\" content=\"https:\/\/monatglobal.com\/ca\/rejuveniqe-oil\/?lang=fr\" \/>\n\t\t<meta property=\"article:published_time\" content=\"2018-03-14T19:55:01+00:00\" \/>\n\t\t<meta property=\"article:modified_time\" content=\"2026-01-19T20:21:22+00:00\" \/>\n\t\t<meta name=\"twitter:card\" content=\"summary_large_image\" \/>\n\t\t<meta name=\"twitter:title\" content=\"REJUVENIQE\u00ae - Monat Canada English\" \/>\n\t\t<meta name=\"twitter:description\" content=\"MEILLEUR VENDEUR MEILLEUR VENDEUR REJUVENIQE\u00ae Un m\u00e9lange exclusif de plus de 13 huiles v\u00e9g\u00e9tales et essentielles pour les cheveux et la peau. 30 ml \uff45 1,0 oz liq. Retail Price$00.00 (USD) VIP Customer Price$00.00 (USD) Pour en savoir plus sur le REJUVENIQE\u00ae, veuillez contacter votre partenaire de march\u00e9 MONAT. BIENFAITS Cette huile multifonction pour les cheveux et\" \/>\n\t\t<script type=\"application\/ld+json\" class=\"aioseo-schema\">\n\t\t\t{\"@context\":\"https:\\\/\\\/schema.org\",\"@graph\":[{\"@type\":\"BreadcrumbList\",\"@id\":\"https:\\\/\\\/monatglobal.com\\\/ca\\\/rejuveniqe-oil\\\/?lang=fr#breadcrumblist\",\"itemListElement\":[{\"@type\":\"ListItem\",\"@id\":\"https:\\\/\\\/monatglobal.com\\\/ca#listItem\",\"position\":1,\"name\":\"Home\",\"item\":\"https:\\\/\\\/monatglobal.com\\\/ca\",\"nextItem\":{\"@type\":\"ListItem\",\"@id\":\"https:\\\/\\\/monatglobal.com\\\/ca\\\/rejuveniqe-oil\\\/?lang=fr#listItem\",\"name\":\"REJUVENIQE\\u00ae\"}},{\"@type\":\"ListItem\",\"@id\":\"https:\\\/\\\/monatglobal.com\\\/ca\\\/rejuveniqe-oil\\\/?lang=fr#listItem\",\"position\":2,\"name\":\"REJUVENIQE\\u00ae\",\"previousItem\":{\"@type\":\"ListItem\",\"@id\":\"https:\\\/\\\/monatglobal.com\\\/ca#listItem\",\"name\":\"Home\"}}]},{\"@type\":\"Organization\",\"@id\":\"https:\\\/\\\/monatglobal.com\\\/ca\\\/#organization\",\"name\":\"Monat Canada English\",\"description\":\"We Are Modern Nature\",\"url\":\"https:\\\/\\\/monatglobal.com\\\/ca\\\/\"},{\"@type\":\"WebPage\",\"@id\":\"https:\\\/\\\/monatglobal.com\\\/ca\\\/rejuveniqe-oil\\\/?lang=fr#webpage\",\"url\":\"https:\\\/\\\/monatglobal.com\\\/ca\\\/rejuveniqe-oil\\\/?lang=fr\",\"name\":\"REJUVENIQE\\u00ae - Monat Canada English\",\"description\":\"MEILLEUR VENDEUR MEILLEUR VENDEUR REJUVENIQE\\u00ae Un m\\u00e9lange exclusif de plus de 13 huiles v\\u00e9g\\u00e9tales et essentielles pour les cheveux et la peau. 30 ml \\uff45 1,0 oz liq. Retail Price$00.00 (USD) VIP Customer Price$00.00 (USD) Pour en savoir plus sur le REJUVENIQE\\u00ae, veuillez contacter votre partenaire de march\\u00e9 MONAT. BIENFAITS Cette huile multifonction pour les cheveux et\",\"inLanguage\":\"en-US\",\"isPartOf\":{\"@id\":\"https:\\\/\\\/monatglobal.com\\\/ca\\\/#website\"},\"breadcrumb\":{\"@id\":\"https:\\\/\\\/monatglobal.com\\\/ca\\\/rejuveniqe-oil\\\/?lang=fr#breadcrumblist\"},\"image\":{\"@type\":\"ImageObject\",\"url\":\"https:\\\/\\\/monatglobal.com\\\/ca\\\/wp-content\\\/uploads\\\/sites\\\/5\\\/2020\\\/07\\\/REJUVENIQE-.png\",\"@id\":\"https:\\\/\\\/monatglobal.com\\\/ca\\\/rejuveniqe-oil\\\/?lang=fr\\\/#mainImage\",\"width\":263,\"height\":300},\"primaryImageOfPage\":{\"@id\":\"https:\\\/\\\/monatglobal.com\\\/ca\\\/rejuveniqe-oil\\\/?lang=fr#mainImage\"},\"datePublished\":\"2018-03-14T19:55:01-04:00\",\"dateModified\":\"2026-01-19T15:21:22-05:00\"},{\"@type\":\"WebSite\",\"@id\":\"https:\\\/\\\/monatglobal.com\\\/ca\\\/#website\",\"url\":\"https:\\\/\\\/monatglobal.com\\\/ca\\\/\",\"name\":\"Monat Canada English\",\"description\":\"We Are Modern Nature\",\"inLanguage\":\"en-US\",\"publisher\":{\"@id\":\"https:\\\/\\\/monatglobal.com\\\/ca\\\/#organization\"}}]}\n\t\t<\/script>\n\t\t<!-- All in One SEO Pro -->\r\n\t\t<title>REJUVENIQE\u00ae - Monat Canada English<\/title>\n\n","aioseo_head_json":{"title":"REJUVENIQE\u00ae - Monat Canada English","description":"MEILLEUR VENDEUR MEILLEUR VENDEUR REJUVENIQE\u00ae Un m\u00e9lange exclusif de plus de 13 huiles v\u00e9g\u00e9tales et essentielles pour les cheveux et la peau. 30 ml \uff45 1,0 oz liq. Retail Price$00.00 (USD) VIP Customer Price$00.00 (USD) Pour en savoir plus sur le REJUVENIQE\u00ae, veuillez contacter votre partenaire de march\u00e9 MONAT. BIENFAITS Cette huile multifonction pour les cheveux et","canonical_url":"https:\/\/monatglobal.com\/ca\/rejuveniqe-oil\/?lang=fr","robots":"max-image-preview:large","keywords":"","webmasterTools":{"miscellaneous":""},"schema":{"@context":"https:\/\/schema.org","@graph":[{"@type":"BreadcrumbList","@id":"https:\/\/monatglobal.com\/ca\/rejuveniqe-oil\/?lang=fr#breadcrumblist","itemListElement":[{"@type":"ListItem","@id":"https:\/\/monatglobal.com\/ca#listItem","position":1,"name":"Home","item":"https:\/\/monatglobal.com\/ca","nextItem":{"@type":"ListItem","@id":"https:\/\/monatglobal.com\/ca\/rejuveniqe-oil\/?lang=fr#listItem","name":"REJUVENIQE\u00ae"}},{"@type":"ListItem","@id":"https:\/\/monatglobal.com\/ca\/rejuveniqe-oil\/?lang=fr#listItem","position":2,"name":"REJUVENIQE\u00ae","previousItem":{"@type":"ListItem","@id":"https:\/\/monatglobal.com\/ca#listItem","name":"Home"}}]},{"@type":"Organization","@id":"https:\/\/monatglobal.com\/ca\/#organization","name":"Monat Canada English","description":"We Are Modern Nature","url":"https:\/\/monatglobal.com\/ca\/"},{"@type":"WebPage","@id":"https:\/\/monatglobal.com\/ca\/rejuveniqe-oil\/?lang=fr#webpage","url":"https:\/\/monatglobal.com\/ca\/rejuveniqe-oil\/?lang=fr","name":"REJUVENIQE\u00ae - Monat Canada English","description":"MEILLEUR VENDEUR MEILLEUR VENDEUR REJUVENIQE\u00ae Un m\u00e9lange exclusif de plus de 13 huiles v\u00e9g\u00e9tales et essentielles pour les cheveux et la peau. 30 ml \uff45 1,0 oz liq. Retail Price$00.00 (USD) VIP Customer Price$00.00 (USD) Pour en savoir plus sur le REJUVENIQE\u00ae, veuillez contacter votre partenaire de march\u00e9 MONAT. BIENFAITS Cette huile multifonction pour les cheveux et","inLanguage":"en-US","isPartOf":{"@id":"https:\/\/monatglobal.com\/ca\/#website"},"breadcrumb":{"@id":"https:\/\/monatglobal.com\/ca\/rejuveniqe-oil\/?lang=fr#breadcrumblist"},"image":{"@type":"ImageObject","url":"https:\/\/monatglobal.com\/ca\/wp-content\/uploads\/sites\/5\/2020\/07\/REJUVENIQE-.png","@id":"https:\/\/monatglobal.com\/ca\/rejuveniqe-oil\/?lang=fr\/#mainImage","width":263,"height":300},"primaryImageOfPage":{"@id":"https:\/\/monatglobal.com\/ca\/rejuveniqe-oil\/?lang=fr#mainImage"},"datePublished":"2018-03-14T19:55:01-04:00","dateModified":"2026-01-19T15:21:22-05:00"},{"@type":"WebSite","@id":"https:\/\/monatglobal.com\/ca\/#website","url":"https:\/\/monatglobal.com\/ca\/","name":"Monat Canada English","description":"We Are Modern Nature","inLanguage":"en-US","publisher":{"@id":"https:\/\/monatglobal.com\/ca\/#organization"}}]},"og:locale":"en_US","og:site_name":"Monat Canada English - We Are Modern Nature","og:type":"article","og:title":"REJUVENIQE\u00ae - Monat Canada English","og:description":"MEILLEUR VENDEUR MEILLEUR VENDEUR REJUVENIQE\u00ae Un m\u00e9lange exclusif de plus de 13 huiles v\u00e9g\u00e9tales et essentielles pour les cheveux et la peau. 30 ml \uff45 1,0 oz liq. Retail Price$00.00 (USD) VIP Customer Price$00.00 (USD) Pour en savoir plus sur le REJUVENIQE\u00ae, veuillez contacter votre partenaire de march\u00e9 MONAT. BIENFAITS Cette huile multifonction pour les cheveux et","og:url":"https:\/\/monatglobal.com\/ca\/rejuveniqe-oil\/?lang=fr","article:published_time":"2018-03-14T19:55:01+00:00","article:modified_time":"2026-01-19T20:21:22+00:00","twitter:card":"summary_large_image","twitter:title":"REJUVENIQE\u00ae - Monat Canada English","twitter:description":"MEILLEUR VENDEUR MEILLEUR VENDEUR REJUVENIQE\u00ae Un m\u00e9lange exclusif de plus de 13 huiles v\u00e9g\u00e9tales et essentielles pour les cheveux et la peau. 30 ml \uff45 1,0 oz liq. Retail Price$00.00 (USD) VIP Customer Price$00.00 (USD) Pour en savoir plus sur le REJUVENIQE\u00ae, veuillez contacter votre partenaire de march\u00e9 MONAT. BIENFAITS Cette huile multifonction pour les cheveux et"},"aioseo_meta_data":{"post_id":"30337","title":null,"description":null,"keywords":null,"keyphrases":null,"primary_term":null,"canonical_url":null,"og_title":null,"og_description":null,"og_object_type":"default","og_image_type":"default","og_image_url":null,"og_image_width":null,"og_image_height":null,"og_image_custom_url":null,"og_image_custom_fields":null,"og_video":null,"og_custom_url":null,"og_article_section":null,"og_article_tags":null,"twitter_use_og":false,"twitter_card":"default","twitter_image_type":"default","twitter_image_url":null,"twitter_image_custom_url":null,"twitter_image_custom_fields":null,"twitter_title":null,"twitter_description":null,"schema":{"blockGraphs":[],"customGraphs":[],"default":{"data":{"Article":[],"Course":[],"Dataset":[],"FAQPage":[],"Movie":[],"Person":[],"Product":[],"ProductReview":[],"Car":[],"Recipe":[],"Service":[],"SoftwareApplication":[],"WebPage":[]},"graphName":"WebPage","isEnabled":true},"graphs":[]},"schema_type":"default","schema_type_options":null,"pillar_content":false,"robots_default":true,"robots_noindex":false,"robots_noarchive":false,"robots_nosnippet":false,"robots_nofollow":false,"robots_noimageindex":false,"robots_noodp":false,"robots_notranslate":false,"robots_max_snippet":null,"robots_max_videopreview":null,"robots_max_imagepreview":"large","priority":null,"frequency":null,"local_seo":null,"seo_analyzer_scan_date":"2026-02-10 03:12:33","limit_modified_date":false,"reviewed_by":null,"open_ai":null,"ai":null,"created":"2023-07-26 12:12:51","updated":"2026-02-10 05:18:31"},"aioseo_breadcrumb":"<div class=\"aioseo-breadcrumbs\"><span class=\"aioseo-breadcrumb\">\n\t<a href=\"https:\/\/monatglobal.com\/ca\" title=\"Home\">Home<\/a>\n<\/span><span class=\"aioseo-breadcrumb-separator\">&raquo;<\/span><span class=\"aioseo-breadcrumb\">\n\tREJUVENIQE\u00ae\n<\/span><\/div>","aioseo_breadcrumb_json":[{"label":"Home","link":"https:\/\/monatglobal.com\/ca"},{"label":"REJUVENIQE\u00ae","link":"https:\/\/monatglobal.com\/ca\/rejuveniqe-oil\/?lang=fr"}],"_links":{"self":[{"href":"https:\/\/monatglobal.com\/ca\/wp-json\/wp\/v2\/pages\/30337","targetHints":{"allow":["GET"]}}],"collection":[{"href":"https:\/\/monatglobal.com\/ca\/wp-json\/wp\/v2\/pages"}],"about":[{"href":"https:\/\/monatglobal.com\/ca\/wp-json\/wp\/v2\/types\/page"}],"author":[{"embeddable":true,"href":"https:\/\/monatglobal.com\/ca\/wp-json\/wp\/v2\/users\/31"}],"replies":[{"embeddable":true,"href":"https:\/\/monatglobal.com\/ca\/wp-json\/wp\/v2\/comments?post=30337"}],"version-history":[{"count":71,"href":"https:\/\/monatglobal.com\/ca\/wp-json\/wp\/v2\/pages\/30337\/revisions"}],"predecessor-version":[{"id":110155,"href":"https:\/\/monatglobal.com\/ca\/wp-json\/wp\/v2\/pages\/30337\/revisions\/110155"}],"wp:featuredmedia":[{"embeddable":true,"href":"https:\/\/monatglobal.com\/ca\/wp-json\/wp\/v2\/media\/52553"}],"wp:attachment":[{"href":"https:\/\/monatglobal.com\/ca\/wp-json\/wp\/v2\/media?parent=30337"}],"wp:term":[{"taxonomy":"category","embeddable":true,"href":"https:\/\/monatglobal.com\/ca\/wp-json\/wp\/v2\/categories?post=30337"},{"taxonomy":"post_tag","embeddable":true,"href":"https:\/\/monatglobal.com\/ca\/wp-json\/wp\/v2\/tags?post=30337"}],"curies":[{"name":"wp","href":"https:\/\/api.w.org\/{rel}","templated":true}]}}