{"id":30309,"date":"2018-03-14T06:02:30","date_gmt":"2018-03-14T06:02:30","guid":{"rendered":"https:\/\/monatglobal.com\/ca\/?page_id=30309"},"modified":"2021-03-10T22:07:51","modified_gmt":"2021-03-10T22:07:51","slug":"ce-qui-nous-distingue-des-autres","status":"publish","type":"page","link":"https:\/\/monatglobal.com\/ca\/ce-qui-nous-distingue-des-autres\/?lang=fr","title":{"rendered":"CE QUI NOUS DISTINGUE DES AUTRES"},"content":{"rendered":"\n\t[masterslider id=&#8221;100&#8243;]\n<h1>\n\t\tEn avez-vous assez de gagner votre vie sans vivre votre vie? Pr\u00eat \u00e0 r\u00eaver en grand et \u00e0 prendre le contr\u00f4le de votre temps et de vos finances? \n\t<\/h1>\n<h2>\n\t\tVous \u00eates au bon endroit! Chez MONAT, nous sommes fiers d\u2019offrir un des plans de r\u00e9mun\u00e9ration les plus comp\u00e9titifs de l\u2019industrie, offrant une commission s\u2019\u00e9levant jusqu\u2019\u00e0 40 % sur les ventes personnelles, ainsi que plusieurs avantages et des promotions incroyables.\n\t<\/h2>\n<h2>\n\t\tCe qui nous distingue des autres\n\t<\/h2>\n\t<p><img loading=\"lazy\" decoding=\"async\" src=\"https:\/\/monatglobal.com\/wp-content\/uploads\/2016\/03\/reason_1.png\" alt=\"reason_1\" width=\"52\" height=\"52\" \/><\/p>\n<p>Nous sommes les premiers \u00e0 offrir une occasion d\u2019affaires ax\u00e9e sur les produits de soins capillaires dans l\u2019industrie de la vente directe.<\/p>\n\t<p><img loading=\"lazy\" decoding=\"async\" src=\"https:\/\/monatglobal.com\/wp-content\/uploads\/2016\/03\/reason_2.png\" alt=\"reason_2\" width=\"52\" height=\"52\" \/><\/p>\n<p>Les produits de soins capillaires repr\u00e9sentent une industrie multimilliardaire. Lorsque les consommateurs trouvent le produit parfait, ils ont tendance \u00e0 y rester fid\u00e8les. Apr\u00e8s tout, lorsque vous \u00eates satisfait de votre apparence, vous vous sentez bien!<\/p>\n\t<p><img loading=\"lazy\" decoding=\"async\" src=\"https:\/\/monatglobal.com\/wp-content\/uploads\/2016\/03\/reason_3.png\" alt=\"reason_1\" width=\"52\" height=\"52\" \/><\/p>\n<p>Nos produits s\u00e9curitaires et non toxiques font l\u2019objet d\u2019\u00e9tudes cliniques et sont fond\u00e9s sur la science; vous pouvez donc avoir confiance en ce que nous vous offrons. <\/p>\n\t<p><img loading=\"lazy\" decoding=\"async\" src=\"https:\/\/monatglobal.com\/wp-content\/uploads\/2016\/03\/reason_4.png\" alt=\"reason_1\" width=\"52\" height=\"52\" \/><\/p>\n<p>Nous offrons un g\u00e9n\u00e9reux plan de r\u00e9mun\u00e9ration avec des primes qui sont pay\u00e9es de fa\u00e7on hebdomadaire et le D\u00e9part INTELLIGENT qui aide les nouveaux partenaires de march\u00e9 \u00e0 s\u2019\u00e9tablir lorsqu\u2019ils suivent la feuille de route du D\u00e9part INTELLIGENT. <\/p>\n\t<p><img loading=\"lazy\" decoding=\"async\" src=\"https:\/\/monatglobal.com\/wp-content\/uploads\/2016\/03\/reason_5.png\" alt=\"reason_5\" width=\"52\" height=\"52\" \/><\/p>\n<p>Nous offrons un g\u00e9n\u00e9reux programme pour clients VIP, qui offre \u00e0 vos VIP des rabais sur les produits, un service de livraison gratuite pour les commandes qualifi\u00e9es et des promotions r\u00e9guli\u00e8res. <\/p>\n\t<p><img loading=\"lazy\" decoding=\"async\" src=\"https:\/\/monatglobal.com\/ca\/wp-content\/uploads\/sites\/5\/2016\/04\/6_.png\" alt=\"6_\" width=\"49\" height=\"49\" \/><\/p>\n<p>Les produits sont consommables, ce qui signifie que vous profiterez des achats r\u00e9p\u00e9t\u00e9s de vos clients VIP. <\/p>\n\t<p><img loading=\"lazy\" decoding=\"async\" src=\"https:\/\/monatglobal.com\/ca\/wp-content\/uploads\/sites\/5\/2016\/04\/7.png\" alt=\"7\" width=\"49\" height=\"49\" \/><\/p>\n<p>Nous vous aidons tout au long du processus! L\u2019Acad\u00e9mie des partenaires de march\u00e9, accessible en ligne, est une des fa\u00e7ons dont nous vous aidons \u00e0 tirer le maximum de votre entreprise MONAT.<\/p>\n\t<p><img loading=\"lazy\" decoding=\"async\" src=\"https:\/\/monatglobal.com\/ca\/wp-content\/uploads\/sites\/5\/2016\/04\/8.png\" alt=\"8\" width=\"49\" height=\"49\" \/><\/p>\n<p>Nous pouvons m\u00eame vous mettre au volant de votre propre Cadillac! Qualifiez-vous pour le MONAT Motor Club et vous recevrez une prime mensuelle pour la Cadillac blanche de votre choix.<\/p>\n\t[masterslider alias=&#8221;ms-12-1&#8243;]\n<h2>\n\t\tVos efforts seront r\u00e9compens\u00e9s\n\t<\/h2>\n\tNous sommes fiers d\u2019offrir un des plans de r\u00e9mun\u00e9ration les plus comp\u00e9titifs de l\u2019industrie, offrant une commission s\u2019\u00e9levant \u00e0 jusqu\u2019\u00e0 40 % sur les ventes personnelles, ainsi que des primes de promotion et des primes \u00e9quivalentes. \n<br><br>\nGr\u00e2ce au programme D\u00e9part INTELLIGENT, nos nouveaux partenaires de march\u00e9 peuvent se m\u00e9riter de superbes r\u00e9compenses d\u00e8s le d\u00e9but en recrutant des clients VIP et des partenaires de march\u00e9.  \n<BR>\n\t[masterslider id=&#8221;101&#8243;]\n<h2>\n\t\tDes produits en lesquels vous pouvez croire\n\t<\/h2>\n\tMONAT attire les gens pour de nombreuses raisons, mais une raison qui ne peut pas \u00eatre n\u00e9glig\u00e9e est la qualit\u00e9. Fabriqu\u00e9s \u00e0 partir de puissants ingr\u00e9dients botaniques actifs, nos produits sont con\u00e7us pour travailler ensemble afin de permettre \u00e0 nos clients d\u2019avoir leurs plus beaux cheveux. Que ce soit pour combattre l\u2019amincissement des cheveux, pour les aider \u00e0 friser ou pour transformer des m\u00e8ches s\u00e8ches en boucles lisses et souples \u2013 MONAT a la solution qu\u2019il vous faut.\n\n<BR>\n\t\t\t<a href=\"https:\/\/mymonat.com\/pyr_core\/v2_enrollments\/select_market?enroll_params=profile_form_type%3Dexpress&#038;mp_only=true\" target=\"_blank\" role=\"button\" rel=\"noopener\" >\n\t\t\t\t\t\t\tS\u2019INSCRIRE MAINTENANT\n\t\t\t\t\t<\/a>\n\t<a href=\"https:\/\/monatglobal.com\/ca\/faites-partie-dune-aventure-extraordinaire\/?lang=fr\">\n    JOIGNEZ-VOUS AU <br>MOUVEMENT DE MONAT\n<img decoding=\"async\" src=\"https:\/\/monatglobal.com\/wp-content\/uploads\/2016\/03\/link.png\">\n<\/a>\n\t<a href=\"https:\/\/monatglobal.com\/ca\/pourquoi-le-marketing-social\/?lang=fr\">\n    POURQUOI LE <br>MARKETING SOCIAL\n<img decoding=\"async\" src=\"https:\/\/monatglobal.com\/wp-content\/uploads\/2016\/03\/link.png\">\n<\/a>\n\t<a href=\"https:\/\/monatglobal.com\/ca\/les-avantages-dune-entreprise-monat\/?lang=fr\">\n   D\u00c9COUVRIR <br>LES AVANTAGES\n<img decoding=\"async\" src=\"https:\/\/monatglobal.com\/wp-content\/uploads\/2016\/03\/link.png\">\n<\/a>\n\t<a href=\"https:\/\/monatglobal.com\/ca\/ce-que-monat-represente-pour-moi\/?lang=fr\">\n    CE QUE MONAT <br>REPR\u00c9SENTE POUR MOI\n<img decoding=\"async\" src=\"https:\/\/monatglobal.com\/wp-content\/uploads\/2016\/03\/link.png\">\n<\/a>\n\t\t\t<a href=\"https:\/\/monatglobal.com\/ca\/opportunite\/?lang=fr\" target=\"_self\" role=\"button\">\n\t\t\t\t\t\t\t L\u2019OPPORTUNIT\u00c9 MONAT\n\t\t\t\t\t<\/a>\n\t[instagram-feed]\n","protected":false},"excerpt":{"rendered":"<p>[masterslider id=&#8221;100&#8243;] En avez-vous assez de gagner votre vie sans vivre votre vie? Pr\u00eat \u00e0 r\u00eaver en grand et \u00e0 prendre le contr\u00f4le de votre temps et de vos finances? Vous \u00eates au bon endroit! Chez MONAT, nous sommes fiers d\u2019offrir un des plans de r\u00e9mun\u00e9ration les plus comp\u00e9titifs de l\u2019industrie, offrant une commission s\u2019\u00e9levant&hellip;<\/p>\n","protected":false},"author":31,"featured_media":46756,"parent":0,"menu_order":0,"comment_status":"closed","ping_status":"closed","template":"template-full-custom.php","meta":{"inline_featured_image":false,"om_disable_all_campaigns":false,"_monsterinsights_skip_tracking":false,"_monsterinsights_sitenote_active":false,"_monsterinsights_sitenote_note":"","_monsterinsights_sitenote_category":0,"footnotes":""},"categories":[],"tags":[],"class_list":["post-30309","page","type-page","status-publish","has-post-thumbnail","hentry"],"aioseo_notices":[],"aioseo_head":"\n\t\t<!-- All in One SEO Pro 4.9.6 - aioseo.com -->\n\t<meta name=\"description\" content=\"[masterslider id=&quot;100&quot;] En avez-vous assez de gagner votre vie sans vivre votre vie? Pr\u00eat \u00e0 r\u00eaver en grand et \u00e0 prendre le contr\u00f4le de votre temps et de vos finances? Vous \u00eates au bon endroit! Chez MONAT, nous sommes fiers d\u2019offrir un des plans de r\u00e9mun\u00e9ration les plus comp\u00e9titifs de l\u2019industrie, offrant une commission s\u2019\u00e9levant\" \/>\n\t<meta name=\"robots\" content=\"max-image-preview:large\" \/>\n\t<link rel=\"canonical\" href=\"https:\/\/monatglobal.com\/ca\/ce-qui-nous-distingue-des-autres\/?lang=fr\" \/>\n\t<meta name=\"generator\" content=\"All in One SEO Pro (AIOSEO) 4.9.6\" \/>\n\t\t<meta property=\"og:locale\" content=\"en_US\" \/>\n\t\t<meta property=\"og:site_name\" content=\"Monat Canada English - We Are Modern Nature\" \/>\n\t\t<meta property=\"og:type\" content=\"article\" \/>\n\t\t<meta property=\"og:title\" content=\"CE QUI NOUS DISTINGUE DES AUTRES - Monat Canada English\" \/>\n\t\t<meta property=\"og:description\" content=\"[masterslider id=&quot;100&quot;] En avez-vous assez de gagner votre vie sans vivre votre vie? Pr\u00eat \u00e0 r\u00eaver en grand et \u00e0 prendre le contr\u00f4le de votre temps et de vos finances? Vous \u00eates au bon endroit! Chez MONAT, nous sommes fiers d\u2019offrir un des plans de r\u00e9mun\u00e9ration les plus comp\u00e9titifs de l\u2019industrie, offrant une commission s\u2019\u00e9levant\" \/>\n\t\t<meta property=\"og:url\" content=\"https:\/\/monatglobal.com\/ca\/ce-qui-nous-distingue-des-autres\/?lang=fr\" \/>\n\t\t<meta property=\"article:published_time\" content=\"2018-03-14T06:02:30+00:00\" \/>\n\t\t<meta property=\"article:modified_time\" content=\"2021-03-10T22:07:51+00:00\" \/>\n\t\t<meta name=\"twitter:card\" content=\"summary_large_image\" \/>\n\t\t<meta name=\"twitter:title\" content=\"CE QUI NOUS DISTINGUE DES AUTRES - Monat Canada English\" \/>\n\t\t<meta name=\"twitter:description\" content=\"[masterslider id=&quot;100&quot;] En avez-vous assez de gagner votre vie sans vivre votre vie? Pr\u00eat \u00e0 r\u00eaver en grand et \u00e0 prendre le contr\u00f4le de votre temps et de vos finances? Vous \u00eates au bon endroit! Chez MONAT, nous sommes fiers d\u2019offrir un des plans de r\u00e9mun\u00e9ration les plus comp\u00e9titifs de l\u2019industrie, offrant une commission s\u2019\u00e9levant\" \/>\n\t\t<script type=\"application\/ld+json\" class=\"aioseo-schema\">\n\t\t\t{\"@context\":\"https:\\\/\\\/schema.org\",\"@graph\":[{\"@type\":\"BreadcrumbList\",\"@id\":\"https:\\\/\\\/monatglobal.com\\\/ca\\\/ce-qui-nous-distingue-des-autres\\\/?lang=fr#breadcrumblist\",\"itemListElement\":[{\"@type\":\"ListItem\",\"@id\":\"https:\\\/\\\/monatglobal.com\\\/ca#listItem\",\"position\":1,\"name\":\"Home\",\"item\":\"https:\\\/\\\/monatglobal.com\\\/ca\",\"nextItem\":{\"@type\":\"ListItem\",\"@id\":\"https:\\\/\\\/monatglobal.com\\\/ca\\\/ce-qui-nous-distingue-des-autres\\\/?lang=fr#listItem\",\"name\":\"CE QUI NOUS DISTINGUE DES AUTRES\"}},{\"@type\":\"ListItem\",\"@id\":\"https:\\\/\\\/monatglobal.com\\\/ca\\\/ce-qui-nous-distingue-des-autres\\\/?lang=fr#listItem\",\"position\":2,\"name\":\"CE QUI NOUS DISTINGUE DES AUTRES\",\"previousItem\":{\"@type\":\"ListItem\",\"@id\":\"https:\\\/\\\/monatglobal.com\\\/ca#listItem\",\"name\":\"Home\"}}]},{\"@type\":\"Organization\",\"@id\":\"https:\\\/\\\/monatglobal.com\\\/ca\\\/#organization\",\"name\":\"Monat Canada English\",\"description\":\"We Are Modern Nature\",\"url\":\"https:\\\/\\\/monatglobal.com\\\/ca\\\/\"},{\"@type\":\"WebPage\",\"@id\":\"https:\\\/\\\/monatglobal.com\\\/ca\\\/ce-qui-nous-distingue-des-autres\\\/?lang=fr#webpage\",\"url\":\"https:\\\/\\\/monatglobal.com\\\/ca\\\/ce-qui-nous-distingue-des-autres\\\/?lang=fr\",\"name\":\"CE QUI NOUS DISTINGUE DES AUTRES - Monat Canada English\",\"description\":\"[masterslider id=\\\"100\\\"] En avez-vous assez de gagner votre vie sans vivre votre vie? Pr\\u00eat \\u00e0 r\\u00eaver en grand et \\u00e0 prendre le contr\\u00f4le de votre temps et de vos finances? Vous \\u00eates au bon endroit! Chez MONAT, nous sommes fiers d\\u2019offrir un des plans de r\\u00e9mun\\u00e9ration les plus comp\\u00e9titifs de l\\u2019industrie, offrant une commission s\\u2019\\u00e9levant\",\"inLanguage\":\"en-US\",\"isPartOf\":{\"@id\":\"https:\\\/\\\/monatglobal.com\\\/ca\\\/#website\"},\"breadcrumb\":{\"@id\":\"https:\\\/\\\/monatglobal.com\\\/ca\\\/ce-qui-nous-distingue-des-autres\\\/?lang=fr#breadcrumblist\"},\"image\":{\"@type\":\"ImageObject\",\"url\":\"https:\\\/\\\/monatglobal.com\\\/ca\\\/wp-content\\\/uploads\\\/sites\\\/5\\\/2019\\\/10\\\/make-us-different.jpg\",\"@id\":\"https:\\\/\\\/monatglobal.com\\\/ca\\\/ce-qui-nous-distingue-des-autres\\\/?lang=fr\\\/#mainImage\",\"width\":600,\"height\":400},\"primaryImageOfPage\":{\"@id\":\"https:\\\/\\\/monatglobal.com\\\/ca\\\/ce-qui-nous-distingue-des-autres\\\/?lang=fr#mainImage\"},\"datePublished\":\"2018-03-14T06:02:30-04:00\",\"dateModified\":\"2021-03-10T22:07:51-05:00\"},{\"@type\":\"WebSite\",\"@id\":\"https:\\\/\\\/monatglobal.com\\\/ca\\\/#website\",\"url\":\"https:\\\/\\\/monatglobal.com\\\/ca\\\/\",\"name\":\"Monat Canada English\",\"description\":\"We Are Modern Nature\",\"inLanguage\":\"en-US\",\"publisher\":{\"@id\":\"https:\\\/\\\/monatglobal.com\\\/ca\\\/#organization\"}}]}\n\t\t<\/script>\n\t\t<!-- All in One SEO Pro -->\r\n\t\t<title>CE QUI NOUS DISTINGUE DES AUTRES - Monat Canada English<\/title>\n\n","aioseo_head_json":{"title":"CE QUI NOUS DISTINGUE DES AUTRES - Monat Canada English","description":"[masterslider id=\"100\"] En avez-vous assez de gagner votre vie sans vivre votre vie? Pr\u00eat \u00e0 r\u00eaver en grand et \u00e0 prendre le contr\u00f4le de votre temps et de vos finances? Vous \u00eates au bon endroit! Chez MONAT, nous sommes fiers d\u2019offrir un des plans de r\u00e9mun\u00e9ration les plus comp\u00e9titifs de l\u2019industrie, offrant une commission s\u2019\u00e9levant","canonical_url":"https:\/\/monatglobal.com\/ca\/ce-qui-nous-distingue-des-autres\/?lang=fr","robots":"max-image-preview:large","keywords":"","webmasterTools":{"miscellaneous":""},"schema":{"@context":"https:\/\/schema.org","@graph":[{"@type":"BreadcrumbList","@id":"https:\/\/monatglobal.com\/ca\/ce-qui-nous-distingue-des-autres\/?lang=fr#breadcrumblist","itemListElement":[{"@type":"ListItem","@id":"https:\/\/monatglobal.com\/ca#listItem","position":1,"name":"Home","item":"https:\/\/monatglobal.com\/ca","nextItem":{"@type":"ListItem","@id":"https:\/\/monatglobal.com\/ca\/ce-qui-nous-distingue-des-autres\/?lang=fr#listItem","name":"CE QUI NOUS DISTINGUE DES AUTRES"}},{"@type":"ListItem","@id":"https:\/\/monatglobal.com\/ca\/ce-qui-nous-distingue-des-autres\/?lang=fr#listItem","position":2,"name":"CE QUI NOUS DISTINGUE DES AUTRES","previousItem":{"@type":"ListItem","@id":"https:\/\/monatglobal.com\/ca#listItem","name":"Home"}}]},{"@type":"Organization","@id":"https:\/\/monatglobal.com\/ca\/#organization","name":"Monat Canada English","description":"We Are Modern Nature","url":"https:\/\/monatglobal.com\/ca\/"},{"@type":"WebPage","@id":"https:\/\/monatglobal.com\/ca\/ce-qui-nous-distingue-des-autres\/?lang=fr#webpage","url":"https:\/\/monatglobal.com\/ca\/ce-qui-nous-distingue-des-autres\/?lang=fr","name":"CE QUI NOUS DISTINGUE DES AUTRES - Monat Canada English","description":"[masterslider id=\"100\"] En avez-vous assez de gagner votre vie sans vivre votre vie? Pr\u00eat \u00e0 r\u00eaver en grand et \u00e0 prendre le contr\u00f4le de votre temps et de vos finances? Vous \u00eates au bon endroit! Chez MONAT, nous sommes fiers d\u2019offrir un des plans de r\u00e9mun\u00e9ration les plus comp\u00e9titifs de l\u2019industrie, offrant une commission s\u2019\u00e9levant","inLanguage":"en-US","isPartOf":{"@id":"https:\/\/monatglobal.com\/ca\/#website"},"breadcrumb":{"@id":"https:\/\/monatglobal.com\/ca\/ce-qui-nous-distingue-des-autres\/?lang=fr#breadcrumblist"},"image":{"@type":"ImageObject","url":"https:\/\/monatglobal.com\/ca\/wp-content\/uploads\/sites\/5\/2019\/10\/make-us-different.jpg","@id":"https:\/\/monatglobal.com\/ca\/ce-qui-nous-distingue-des-autres\/?lang=fr\/#mainImage","width":600,"height":400},"primaryImageOfPage":{"@id":"https:\/\/monatglobal.com\/ca\/ce-qui-nous-distingue-des-autres\/?lang=fr#mainImage"},"datePublished":"2018-03-14T06:02:30-04:00","dateModified":"2021-03-10T22:07:51-05:00"},{"@type":"WebSite","@id":"https:\/\/monatglobal.com\/ca\/#website","url":"https:\/\/monatglobal.com\/ca\/","name":"Monat Canada English","description":"We Are Modern Nature","inLanguage":"en-US","publisher":{"@id":"https:\/\/monatglobal.com\/ca\/#organization"}}]},"og:locale":"en_US","og:site_name":"Monat Canada English - We Are Modern Nature","og:type":"article","og:title":"CE QUI NOUS DISTINGUE DES AUTRES - Monat Canada English","og:description":"[masterslider id=&quot;100&quot;] En avez-vous assez de gagner votre vie sans vivre votre vie? Pr\u00eat \u00e0 r\u00eaver en grand et \u00e0 prendre le contr\u00f4le de votre temps et de vos finances? Vous \u00eates au bon endroit! Chez MONAT, nous sommes fiers d\u2019offrir un des plans de r\u00e9mun\u00e9ration les plus comp\u00e9titifs de l\u2019industrie, offrant une commission s\u2019\u00e9levant","og:url":"https:\/\/monatglobal.com\/ca\/ce-qui-nous-distingue-des-autres\/?lang=fr","article:published_time":"2018-03-14T06:02:30+00:00","article:modified_time":"2021-03-10T22:07:51+00:00","twitter:card":"summary_large_image","twitter:title":"CE QUI NOUS DISTINGUE DES AUTRES - Monat Canada English","twitter:description":"[masterslider id=&quot;100&quot;] En avez-vous assez de gagner votre vie sans vivre votre vie? Pr\u00eat \u00e0 r\u00eaver en grand et \u00e0 prendre le contr\u00f4le de votre temps et de vos finances? Vous \u00eates au bon endroit! Chez MONAT, nous sommes fiers d\u2019offrir un des plans de r\u00e9mun\u00e9ration les plus comp\u00e9titifs de l\u2019industrie, offrant une commission s\u2019\u00e9levant"},"aioseo_meta_data":{"post_id":"30309","title":null,"description":null,"keywords":null,"keyphrases":null,"primary_term":null,"canonical_url":null,"og_title":null,"og_description":null,"og_object_type":"default","og_image_type":"default","og_image_url":null,"og_image_width":null,"og_image_height":null,"og_image_custom_url":null,"og_image_custom_fields":null,"og_video":null,"og_custom_url":null,"og_article_section":null,"og_article_tags":null,"twitter_use_og":false,"twitter_card":"default","twitter_image_type":"default","twitter_image_url":null,"twitter_image_custom_url":null,"twitter_image_custom_fields":null,"twitter_title":null,"twitter_description":null,"schema":{"blockGraphs":[],"customGraphs":[],"default":{"data":{"Article":[],"Course":[],"Dataset":[],"FAQPage":[],"Movie":[],"Person":[],"Product":[],"ProductReview":[],"Car":[],"Recipe":[],"Service":[],"SoftwareApplication":[],"WebPage":[]},"graphName":"","isEnabled":true},"graphs":[]},"schema_type":"default","schema_type_options":null,"pillar_content":false,"robots_default":true,"robots_noindex":false,"robots_noarchive":false,"robots_nosnippet":false,"robots_nofollow":false,"robots_noimageindex":false,"robots_noodp":false,"robots_notranslate":false,"robots_max_snippet":null,"robots_max_videopreview":null,"robots_max_imagepreview":"large","priority":null,"frequency":null,"local_seo":null,"seo_analyzer_scan_date":"2026-02-10 03:12:31","limit_modified_date":false,"reviewed_by":null,"open_ai":null,"ai":null,"created":"2023-07-26 12:12:51","updated":"2026-02-10 03:12:31"},"aioseo_breadcrumb":"<div class=\"aioseo-breadcrumbs\"><span class=\"aioseo-breadcrumb\">\n\t<a href=\"https:\/\/monatglobal.com\/ca\" title=\"Home\">Home<\/a>\n<\/span><span class=\"aioseo-breadcrumb-separator\">&raquo;<\/span><span class=\"aioseo-breadcrumb\">\n\tCE QUI NOUS DISTINGUE DES AUTRES\n<\/span><\/div>","aioseo_breadcrumb_json":[{"label":"Home","link":"https:\/\/monatglobal.com\/ca"},{"label":"CE QUI NOUS DISTINGUE DES AUTRES","link":"https:\/\/monatglobal.com\/ca\/ce-qui-nous-distingue-des-autres\/?lang=fr"}],"_links":{"self":[{"href":"https:\/\/monatglobal.com\/ca\/wp-json\/wp\/v2\/pages\/30309","targetHints":{"allow":["GET"]}}],"collection":[{"href":"https:\/\/monatglobal.com\/ca\/wp-json\/wp\/v2\/pages"}],"about":[{"href":"https:\/\/monatglobal.com\/ca\/wp-json\/wp\/v2\/types\/page"}],"author":[{"embeddable":true,"href":"https:\/\/monatglobal.com\/ca\/wp-json\/wp\/v2\/users\/31"}],"replies":[{"embeddable":true,"href":"https:\/\/monatglobal.com\/ca\/wp-json\/wp\/v2\/comments?post=30309"}],"version-history":[{"count":10,"href":"https:\/\/monatglobal.com\/ca\/wp-json\/wp\/v2\/pages\/30309\/revisions"}],"predecessor-version":[{"id":46760,"href":"https:\/\/monatglobal.com\/ca\/wp-json\/wp\/v2\/pages\/30309\/revisions\/46760"}],"wp:featuredmedia":[{"embeddable":true,"href":"https:\/\/monatglobal.com\/ca\/wp-json\/wp\/v2\/media\/46756"}],"wp:attachment":[{"href":"https:\/\/monatglobal.com\/ca\/wp-json\/wp\/v2\/media?parent=30309"}],"wp:term":[{"taxonomy":"category","embeddable":true,"href":"https:\/\/monatglobal.com\/ca\/wp-json\/wp\/v2\/categories?post=30309"},{"taxonomy":"post_tag","embeddable":true,"href":"https:\/\/monatglobal.com\/ca\/wp-json\/wp\/v2\/tags?post=30309"}],"curies":[{"name":"wp","href":"https:\/\/api.w.org\/{rel}","templated":true}]}}