{"id":30300,"date":"2018-03-14T05:27:40","date_gmt":"2018-03-14T05:27:40","guid":{"rendered":"https:\/\/monatglobal.com\/ca\/?page_id=30300"},"modified":"2020-06-10T21:06:44","modified_gmt":"2020-06-10T21:06:44","slug":"les-avantages-dune-entreprise-monat","status":"publish","type":"page","link":"https:\/\/monatglobal.com\/ca\/les-avantages-dune-entreprise-monat\/?lang=fr","title":{"rendered":"LES AVANTAGES D\u2019UNE ENTREPRISE MONAT"},"content":{"rendered":"\n\t[masterslider id=&#8221;99&#8243;]\n<h1>\n\t\tPr\u00eat \u00e0 b\u00e2tir quelque chose qui n\u2019appartient qu\u2019\u00e0 vous seul?  Lancez votre entreprise MONAT d\u00e8s maintenant!\n\t<\/h1>\n<h2>\n\t\tD\u00e9couvrez les avantages :\n\t<\/h2>\n\t<ul>\n    <li>L\u2019admissibilit\u00e9 aux promotions et aux incitatifs des partenaires de march\u00e9 ind\u00e9pendants <\/li>\n    <li>Un site Web personnel et un magasin en ligne pour faciliter les commandes<\/li>\n    <li>Une commission de 30 % sur les ventes au d\u00e9tail et de 15 % sur les achats des clients VIP<\/li>\n    <li>L\u2019acc\u00e8s \u00e0 nos documents en format papier et num\u00e9rique pour vous informer, informer votre \u00e9quipe et informer vos clients<\/li>\n    <li>Pas d\u2019inventaire; MONAT livre directement<\/li>\n    <li>La libert\u00e9 d\u2019explorer des territoires de vente \u00e0 l\u2019\u00e9chelle locale et nationale<\/li>\n    <li>Des prix et de fabuleux voyages incitatifs pour reconna\u00eetre l\u2019atteinte de vos objectifs <\/li>\n    <li>L\u2019acc\u00e8s aux ensembles de produits dans les 30 jours suivant votre inscription<\/li>\n<\/ul>\n\t<img decoding=\"async\" src=\"https:\/\/monatglobal.com\/wp-content\/uploads\/2016\/03\/benefits-of-a-monat-business1.jpg\">\n<h2>\n\t\tJoignez-vous au mouvement\n\t<\/h2>\n\tVous pouvez b\u00e2tir quelque chose de sp\u00e9cial avec MONAT! Lancez votre entreprise MONAT d\u00e8s maintenant. Pour seulement 125 $ CA (avec des frais de renouvellement annuels de 64,99 $ CA) vous entamerez le prochain chapitre de votre vie. Lorsque vous vous inscrivez, vous recevrez la trousse de d\u00e9part de MONAT, qui comprendra de la documentation de formation et de marketing ainsi que plusieurs \u00e9chantillons de produits \u00e0 partager avec vos amis. Apprenez-en plus ci-dessous.\n\n<h2>\n\t\tApprendre \u00e0 r\u00e9ussir\n\t<\/h2>\n\t<ul>\n    <li>Le Guide de travail du D\u00e9part INTELLIGENT inclut des informations d\u00e9taill\u00e9es sur les produits individuels et les gammes de traitement de MONAT.  <\/li><br>\n    <li>La feuille de route du D\u00e9part INTELLIGENT vous aide \u00e0 commencer en force. <\/li><br>\n    <li>Vous avez un acc\u00e8s imm\u00e9diat \u00e0 l\u2019Acad\u00e9mie des partenaires de march\u00e9 de MONAT en ligne, avec des modules de formation interactifs qui d\u00e9crivent des m\u00e9thodes \u00e9prouv\u00e9es et des astuces qui m\u00e8nent au d\u00e9veloppement. <\/li><br>\n<\/ul>\n<h2>\n\t\t\u00c9chantillons de produits\n\t<\/h2>\n\t<ul>\n    <li>L\u2019ensemble de produits Affaires et la trousse de d\u00e9part incluent 35 \u00e9chantillons, l\u2019ensemble de produits Succ\u00e8s comprend 56 \u00e9chantillons, et l\u2019Entrepreneur en contient 70! Ils sont con\u00e7us pour \u00eatre partag\u00e9s avec les autres. \n<\/li>\n<\/ul>\n<h2>\n\t\tPartagez notre histoire\n\t<\/h2>\n\t<ul>\n    <li>Les d\u00e9pliants du programme de client VIP vous aident \u00e0 pr\u00e9senter le plan des clients VIP et le service de livraison Flexship.<\/li><br>\n    <li>Les d\u00e9pliants \u00ab Rencontrez Monat \u00bb vous aident \u00e0 partager cette magnifique entreprise avec les autres. <\/li><br>\n    <li>Les d\u00e9pliants de produits contiennent les informations et les prix pour les produits individuels et les syst\u00e8mes de traitement de MONAT.<\/li>\n<\/ul>\n<h2>\n\t\tVous disposerez aussi d\u2019un site Web personnel vous permettant de promouvoir les produits MONAT 24 heures sur 24, 7 jours sur 7. Et bien s\u00fbr, en tant que partenaire de march\u00e9, vous profiterez d\u2019un rabais de 30 % sur le prix de d\u00e9tail de nos magnifiques produits! \n\t<\/h2>\n<h2>\n\t\tJoignez-vous au mouvement de MONAT et faites partie de la famille MONAT!\n\t<\/h2>\n\t\t\t<a href=\"https:\/\/mymonat.com\/pyr_core\/v2_enrollments\/select_market?enroll_params=profile_form_type%3Dexpress&#038;mp_only=true\" target=\"_blank\" role=\"button\" rel=\"noopener\" >\n\t\t\t\t\t\t\tS\u2019INSCRIRE MAINTENANT\n\t\t\t\t\t<\/a>\n\t<a href=\"https:\/\/monatglobal.com\/ca\/faites-partie-dune-aventure-extraordinaire\/?lang=fr\">\n    JOIGNEZ-VOUS AU <br>MOUVEMENT DE MONAT\n<img decoding=\"async\" src=\"https:\/\/monatglobal.com\/wp-content\/uploads\/2016\/03\/link.png\">\n<\/a>\n\t<a href=\"https:\/\/monatglobal.com\/ca\/pourquoi-le-marketing-social\/?lang=fr\">\n    POURQUOI LE <br>MARKETING SOCIAL\n<img decoding=\"async\" src=\"https:\/\/monatglobal.com\/wp-content\/uploads\/2016\/03\/link.png\">\n<\/a>\n\t<a href=\"https:\/\/monatglobal.com\/ca\/ce-qui-nous-distingue-des-autres\/?lang=fr\">\n    CE QUI NOUS <br>DISTINGUE DES AUTRES\n<img decoding=\"async\" src=\"https:\/\/monatglobal.com\/wp-content\/uploads\/2016\/03\/link.png\">\n<\/a>\n\t<a href=\"https:\/\/monatglobal.com\/ca\/ce-que-monat-represente-pour-moi\/?lang=fr\">\n    CE QUE MONAT <br>REPR\u00c9SENTE POUR MOI\n<img decoding=\"async\" src=\"https:\/\/monatglobal.com\/wp-content\/uploads\/2016\/03\/link.png\">\n<\/a>\n\t\t\t<a href=\"https:\/\/monatglobal.com\/ca\/opportunite\/?lang=fr\" target=\"_self\" role=\"button\">\n\t\t\t\t\t\t\tL\u2019OPPORTUNIT\u00c9 MONAT\n\t\t\t\t\t<\/a>\n\t[instagram-feed]\n","protected":false},"excerpt":{"rendered":"<p>[masterslider id=&#8221;99&#8243;] Pr\u00eat \u00e0 b\u00e2tir quelque chose qui n\u2019appartient qu\u2019\u00e0 vous seul? Lancez votre entreprise MONAT d\u00e8s maintenant! D\u00e9couvrez les avantages : L\u2019admissibilit\u00e9 aux promotions et aux incitatifs des partenaires de march\u00e9 ind\u00e9pendants Un site Web personnel et un magasin en ligne pour faciliter les commandes Une commission de 30 % sur les ventes au&hellip;<\/p>\n","protected":false},"author":31,"featured_media":46755,"parent":0,"menu_order":0,"comment_status":"closed","ping_status":"closed","template":"template-full-custom.php","meta":{"inline_featured_image":false,"om_disable_all_campaigns":false,"_monsterinsights_skip_tracking":false,"_monsterinsights_sitenote_active":false,"_monsterinsights_sitenote_note":"","_monsterinsights_sitenote_category":0,"footnotes":""},"categories":[],"tags":[],"class_list":["post-30300","page","type-page","status-publish","has-post-thumbnail","hentry"],"aioseo_notices":[],"aioseo_head":"\n\t\t<!-- All in One SEO Pro 4.9.5.2 - aioseo.com -->\n\t<meta name=\"description\" content=\"[masterslider id=&quot;99&quot;] Pr\u00eat \u00e0 b\u00e2tir quelque chose qui n\u2019appartient qu\u2019\u00e0 vous seul? Lancez votre entreprise MONAT d\u00e8s maintenant! D\u00e9couvrez les avantages : L\u2019admissibilit\u00e9 aux promotions et aux incitatifs des partenaires de march\u00e9 ind\u00e9pendants Un site Web personnel et un magasin en ligne pour faciliter les commandes Une commission de 30 % sur les ventes au\" \/>\n\t<meta name=\"robots\" content=\"max-image-preview:large\" \/>\n\t<link rel=\"canonical\" href=\"https:\/\/monatglobal.com\/ca\/les-avantages-dune-entreprise-monat\/?lang=fr\" \/>\n\t<meta name=\"generator\" content=\"All in One SEO Pro (AIOSEO) 4.9.5.2\" \/>\n\t\t<meta property=\"og:locale\" content=\"en_US\" \/>\n\t\t<meta property=\"og:site_name\" content=\"Monat Canada English - We Are Modern Nature\" \/>\n\t\t<meta property=\"og:type\" content=\"article\" \/>\n\t\t<meta property=\"og:title\" content=\"LES AVANTAGES D\u2019UNE ENTREPRISE MONAT - Monat Canada English\" \/>\n\t\t<meta property=\"og:description\" content=\"[masterslider id=&quot;99&quot;] Pr\u00eat \u00e0 b\u00e2tir quelque chose qui n\u2019appartient qu\u2019\u00e0 vous seul? Lancez votre entreprise MONAT d\u00e8s maintenant! D\u00e9couvrez les avantages : L\u2019admissibilit\u00e9 aux promotions et aux incitatifs des partenaires de march\u00e9 ind\u00e9pendants Un site Web personnel et un magasin en ligne pour faciliter les commandes Une commission de 30 % sur les ventes au\" \/>\n\t\t<meta property=\"og:url\" content=\"https:\/\/monatglobal.com\/ca\/les-avantages-dune-entreprise-monat\/?lang=fr\" \/>\n\t\t<meta property=\"article:published_time\" content=\"2018-03-14T05:27:40+00:00\" \/>\n\t\t<meta property=\"article:modified_time\" content=\"2020-06-10T21:06:44+00:00\" \/>\n\t\t<meta name=\"twitter:card\" content=\"summary_large_image\" \/>\n\t\t<meta name=\"twitter:title\" content=\"LES AVANTAGES D\u2019UNE ENTREPRISE MONAT - Monat Canada English\" \/>\n\t\t<meta name=\"twitter:description\" content=\"[masterslider id=&quot;99&quot;] Pr\u00eat \u00e0 b\u00e2tir quelque chose qui n\u2019appartient qu\u2019\u00e0 vous seul? Lancez votre entreprise MONAT d\u00e8s maintenant! D\u00e9couvrez les avantages : L\u2019admissibilit\u00e9 aux promotions et aux incitatifs des partenaires de march\u00e9 ind\u00e9pendants Un site Web personnel et un magasin en ligne pour faciliter les commandes Une commission de 30 % sur les ventes au\" \/>\n\t\t<script type=\"application\/ld+json\" class=\"aioseo-schema\">\n\t\t\t{\"@context\":\"https:\\\/\\\/schema.org\",\"@graph\":[{\"@type\":\"BreadcrumbList\",\"@id\":\"https:\\\/\\\/monatglobal.com\\\/ca\\\/les-avantages-dune-entreprise-monat\\\/?lang=fr#breadcrumblist\",\"itemListElement\":[{\"@type\":\"ListItem\",\"@id\":\"https:\\\/\\\/monatglobal.com\\\/ca#listItem\",\"position\":1,\"name\":\"Home\",\"item\":\"https:\\\/\\\/monatglobal.com\\\/ca\",\"nextItem\":{\"@type\":\"ListItem\",\"@id\":\"https:\\\/\\\/monatglobal.com\\\/ca\\\/les-avantages-dune-entreprise-monat\\\/?lang=fr#listItem\",\"name\":\"LES AVANTAGES D\\u2019UNE ENTREPRISE MONAT\"}},{\"@type\":\"ListItem\",\"@id\":\"https:\\\/\\\/monatglobal.com\\\/ca\\\/les-avantages-dune-entreprise-monat\\\/?lang=fr#listItem\",\"position\":2,\"name\":\"LES AVANTAGES D\\u2019UNE ENTREPRISE MONAT\",\"previousItem\":{\"@type\":\"ListItem\",\"@id\":\"https:\\\/\\\/monatglobal.com\\\/ca#listItem\",\"name\":\"Home\"}}]},{\"@type\":\"Organization\",\"@id\":\"https:\\\/\\\/monatglobal.com\\\/ca\\\/#organization\",\"name\":\"Monat Canada English\",\"description\":\"We Are Modern Nature\",\"url\":\"https:\\\/\\\/monatglobal.com\\\/ca\\\/\"},{\"@type\":\"WebPage\",\"@id\":\"https:\\\/\\\/monatglobal.com\\\/ca\\\/les-avantages-dune-entreprise-monat\\\/?lang=fr#webpage\",\"url\":\"https:\\\/\\\/monatglobal.com\\\/ca\\\/les-avantages-dune-entreprise-monat\\\/?lang=fr\",\"name\":\"LES AVANTAGES D\\u2019UNE ENTREPRISE MONAT - Monat Canada English\",\"description\":\"[masterslider id=\\\"99\\\"] Pr\\u00eat \\u00e0 b\\u00e2tir quelque chose qui n\\u2019appartient qu\\u2019\\u00e0 vous seul? Lancez votre entreprise MONAT d\\u00e8s maintenant! D\\u00e9couvrez les avantages : L\\u2019admissibilit\\u00e9 aux promotions et aux incitatifs des partenaires de march\\u00e9 ind\\u00e9pendants Un site Web personnel et un magasin en ligne pour faciliter les commandes Une commission de 30 % sur les ventes au\",\"inLanguage\":\"en-US\",\"isPartOf\":{\"@id\":\"https:\\\/\\\/monatglobal.com\\\/ca\\\/#website\"},\"breadcrumb\":{\"@id\":\"https:\\\/\\\/monatglobal.com\\\/ca\\\/les-avantages-dune-entreprise-monat\\\/?lang=fr#breadcrumblist\"},\"image\":{\"@type\":\"ImageObject\",\"url\":\"https:\\\/\\\/monatglobal.com\\\/ca\\\/wp-content\\\/uploads\\\/sites\\\/5\\\/2019\\\/10\\\/perks.jpg\",\"@id\":\"https:\\\/\\\/monatglobal.com\\\/ca\\\/les-avantages-dune-entreprise-monat\\\/?lang=fr\\\/#mainImage\",\"width\":600,\"height\":400},\"primaryImageOfPage\":{\"@id\":\"https:\\\/\\\/monatglobal.com\\\/ca\\\/les-avantages-dune-entreprise-monat\\\/?lang=fr#mainImage\"},\"datePublished\":\"2018-03-14T05:27:40-04:00\",\"dateModified\":\"2020-06-10T21:06:44-04:00\"},{\"@type\":\"WebSite\",\"@id\":\"https:\\\/\\\/monatglobal.com\\\/ca\\\/#website\",\"url\":\"https:\\\/\\\/monatglobal.com\\\/ca\\\/\",\"name\":\"Monat Canada English\",\"description\":\"We Are Modern Nature\",\"inLanguage\":\"en-US\",\"publisher\":{\"@id\":\"https:\\\/\\\/monatglobal.com\\\/ca\\\/#organization\"}}]}\n\t\t<\/script>\n\t\t<!-- All in One SEO Pro -->\r\n\t\t<title>LES AVANTAGES D\u2019UNE ENTREPRISE MONAT - Monat Canada English<\/title>\n\n","aioseo_head_json":{"title":"LES AVANTAGES D\u2019UNE ENTREPRISE MONAT - Monat Canada English","description":"[masterslider id=\"99\"] Pr\u00eat \u00e0 b\u00e2tir quelque chose qui n\u2019appartient qu\u2019\u00e0 vous seul? Lancez votre entreprise MONAT d\u00e8s maintenant! D\u00e9couvrez les avantages : L\u2019admissibilit\u00e9 aux promotions et aux incitatifs des partenaires de march\u00e9 ind\u00e9pendants Un site Web personnel et un magasin en ligne pour faciliter les commandes Une commission de 30 % sur les ventes au","canonical_url":"https:\/\/monatglobal.com\/ca\/les-avantages-dune-entreprise-monat\/?lang=fr","robots":"max-image-preview:large","keywords":"","webmasterTools":{"miscellaneous":""},"schema":{"@context":"https:\/\/schema.org","@graph":[{"@type":"BreadcrumbList","@id":"https:\/\/monatglobal.com\/ca\/les-avantages-dune-entreprise-monat\/?lang=fr#breadcrumblist","itemListElement":[{"@type":"ListItem","@id":"https:\/\/monatglobal.com\/ca#listItem","position":1,"name":"Home","item":"https:\/\/monatglobal.com\/ca","nextItem":{"@type":"ListItem","@id":"https:\/\/monatglobal.com\/ca\/les-avantages-dune-entreprise-monat\/?lang=fr#listItem","name":"LES AVANTAGES D\u2019UNE ENTREPRISE MONAT"}},{"@type":"ListItem","@id":"https:\/\/monatglobal.com\/ca\/les-avantages-dune-entreprise-monat\/?lang=fr#listItem","position":2,"name":"LES AVANTAGES D\u2019UNE ENTREPRISE MONAT","previousItem":{"@type":"ListItem","@id":"https:\/\/monatglobal.com\/ca#listItem","name":"Home"}}]},{"@type":"Organization","@id":"https:\/\/monatglobal.com\/ca\/#organization","name":"Monat Canada English","description":"We Are Modern Nature","url":"https:\/\/monatglobal.com\/ca\/"},{"@type":"WebPage","@id":"https:\/\/monatglobal.com\/ca\/les-avantages-dune-entreprise-monat\/?lang=fr#webpage","url":"https:\/\/monatglobal.com\/ca\/les-avantages-dune-entreprise-monat\/?lang=fr","name":"LES AVANTAGES D\u2019UNE ENTREPRISE MONAT - Monat Canada English","description":"[masterslider id=\"99\"] Pr\u00eat \u00e0 b\u00e2tir quelque chose qui n\u2019appartient qu\u2019\u00e0 vous seul? Lancez votre entreprise MONAT d\u00e8s maintenant! D\u00e9couvrez les avantages : L\u2019admissibilit\u00e9 aux promotions et aux incitatifs des partenaires de march\u00e9 ind\u00e9pendants Un site Web personnel et un magasin en ligne pour faciliter les commandes Une commission de 30 % sur les ventes au","inLanguage":"en-US","isPartOf":{"@id":"https:\/\/monatglobal.com\/ca\/#website"},"breadcrumb":{"@id":"https:\/\/monatglobal.com\/ca\/les-avantages-dune-entreprise-monat\/?lang=fr#breadcrumblist"},"image":{"@type":"ImageObject","url":"https:\/\/monatglobal.com\/ca\/wp-content\/uploads\/sites\/5\/2019\/10\/perks.jpg","@id":"https:\/\/monatglobal.com\/ca\/les-avantages-dune-entreprise-monat\/?lang=fr\/#mainImage","width":600,"height":400},"primaryImageOfPage":{"@id":"https:\/\/monatglobal.com\/ca\/les-avantages-dune-entreprise-monat\/?lang=fr#mainImage"},"datePublished":"2018-03-14T05:27:40-04:00","dateModified":"2020-06-10T21:06:44-04:00"},{"@type":"WebSite","@id":"https:\/\/monatglobal.com\/ca\/#website","url":"https:\/\/monatglobal.com\/ca\/","name":"Monat Canada English","description":"We Are Modern Nature","inLanguage":"en-US","publisher":{"@id":"https:\/\/monatglobal.com\/ca\/#organization"}}]},"og:locale":"en_US","og:site_name":"Monat Canada English - We Are Modern Nature","og:type":"article","og:title":"LES AVANTAGES D\u2019UNE ENTREPRISE MONAT - Monat Canada English","og:description":"[masterslider id=&quot;99&quot;] Pr\u00eat \u00e0 b\u00e2tir quelque chose qui n\u2019appartient qu\u2019\u00e0 vous seul? Lancez votre entreprise MONAT d\u00e8s maintenant! D\u00e9couvrez les avantages : L\u2019admissibilit\u00e9 aux promotions et aux incitatifs des partenaires de march\u00e9 ind\u00e9pendants Un site Web personnel et un magasin en ligne pour faciliter les commandes Une commission de 30 % sur les ventes au","og:url":"https:\/\/monatglobal.com\/ca\/les-avantages-dune-entreprise-monat\/?lang=fr","article:published_time":"2018-03-14T05:27:40+00:00","article:modified_time":"2020-06-10T21:06:44+00:00","twitter:card":"summary_large_image","twitter:title":"LES AVANTAGES D\u2019UNE ENTREPRISE MONAT - Monat Canada English","twitter:description":"[masterslider id=&quot;99&quot;] Pr\u00eat \u00e0 b\u00e2tir quelque chose qui n\u2019appartient qu\u2019\u00e0 vous seul? Lancez votre entreprise MONAT d\u00e8s maintenant! D\u00e9couvrez les avantages : L\u2019admissibilit\u00e9 aux promotions et aux incitatifs des partenaires de march\u00e9 ind\u00e9pendants Un site Web personnel et un magasin en ligne pour faciliter les commandes Une commission de 30 % sur les ventes au"},"aioseo_meta_data":{"post_id":"30300","title":null,"description":null,"keywords":null,"keyphrases":null,"primary_term":null,"canonical_url":null,"og_title":null,"og_description":null,"og_object_type":"default","og_image_type":"default","og_image_url":null,"og_image_width":null,"og_image_height":null,"og_image_custom_url":null,"og_image_custom_fields":null,"og_video":null,"og_custom_url":null,"og_article_section":null,"og_article_tags":null,"twitter_use_og":false,"twitter_card":"default","twitter_image_type":"default","twitter_image_url":null,"twitter_image_custom_url":null,"twitter_image_custom_fields":null,"twitter_title":null,"twitter_description":null,"schema":{"blockGraphs":[],"customGraphs":[],"default":{"data":{"Article":[],"Course":[],"Dataset":[],"FAQPage":[],"Movie":[],"Person":[],"Product":[],"ProductReview":[],"Car":[],"Recipe":[],"Service":[],"SoftwareApplication":[],"WebPage":[]},"graphName":"","isEnabled":true},"graphs":[]},"schema_type":"default","schema_type_options":null,"pillar_content":false,"robots_default":true,"robots_noindex":false,"robots_noarchive":false,"robots_nosnippet":false,"robots_nofollow":false,"robots_noimageindex":false,"robots_noodp":false,"robots_notranslate":false,"robots_max_snippet":null,"robots_max_videopreview":null,"robots_max_imagepreview":"large","priority":null,"frequency":null,"local_seo":null,"seo_analyzer_scan_date":"2026-02-10 03:12:27","limit_modified_date":false,"reviewed_by":null,"open_ai":null,"ai":null,"created":"2023-07-26 12:12:51","updated":"2026-02-10 03:12:27"},"aioseo_breadcrumb":"<div class=\"aioseo-breadcrumbs\"><span class=\"aioseo-breadcrumb\">\n\t<a href=\"https:\/\/monatglobal.com\/ca\" title=\"Home\">Home<\/a>\n<\/span><span class=\"aioseo-breadcrumb-separator\">&raquo;<\/span><span class=\"aioseo-breadcrumb\">\n\tLES AVANTAGES D\u2019UNE ENTREPRISE MONAT\n<\/span><\/div>","aioseo_breadcrumb_json":[{"label":"Home","link":"https:\/\/monatglobal.com\/ca"},{"label":"LES AVANTAGES D\u2019UNE ENTREPRISE MONAT","link":"https:\/\/monatglobal.com\/ca\/les-avantages-dune-entreprise-monat\/?lang=fr"}],"_links":{"self":[{"href":"https:\/\/monatglobal.com\/ca\/wp-json\/wp\/v2\/pages\/30300","targetHints":{"allow":["GET"]}}],"collection":[{"href":"https:\/\/monatglobal.com\/ca\/wp-json\/wp\/v2\/pages"}],"about":[{"href":"https:\/\/monatglobal.com\/ca\/wp-json\/wp\/v2\/types\/page"}],"author":[{"embeddable":true,"href":"https:\/\/monatglobal.com\/ca\/wp-json\/wp\/v2\/users\/31"}],"replies":[{"embeddable":true,"href":"https:\/\/monatglobal.com\/ca\/wp-json\/wp\/v2\/comments?post=30300"}],"version-history":[{"count":17,"href":"https:\/\/monatglobal.com\/ca\/wp-json\/wp\/v2\/pages\/30300\/revisions"}],"predecessor-version":[{"id":42510,"href":"https:\/\/monatglobal.com\/ca\/wp-json\/wp\/v2\/pages\/30300\/revisions\/42510"}],"wp:featuredmedia":[{"embeddable":true,"href":"https:\/\/monatglobal.com\/ca\/wp-json\/wp\/v2\/media\/46755"}],"wp:attachment":[{"href":"https:\/\/monatglobal.com\/ca\/wp-json\/wp\/v2\/media?parent=30300"}],"wp:term":[{"taxonomy":"category","embeddable":true,"href":"https:\/\/monatglobal.com\/ca\/wp-json\/wp\/v2\/categories?post=30300"},{"taxonomy":"post_tag","embeddable":true,"href":"https:\/\/monatglobal.com\/ca\/wp-json\/wp\/v2\/tags?post=30300"}],"curies":[{"name":"wp","href":"https:\/\/api.w.org\/{rel}","templated":true}]}}