{"id":30292,"date":"2018-03-14T04:53:09","date_gmt":"2018-03-14T04:53:09","guid":{"rendered":"https:\/\/monatglobal.com\/ca\/?page_id=30292"},"modified":"2020-06-10T21:06:05","modified_gmt":"2020-06-10T21:06:05","slug":"ce-que-monat-represente-pour-moi","status":"publish","type":"page","link":"https:\/\/monatglobal.com\/ca\/ce-que-monat-represente-pour-moi\/?lang=fr","title":{"rendered":"CE QUE MONAT REPR\u00c9SENTE POUR MOI"},"content":{"rendered":"\n\t[masterslider id=&#8221;98&#8243;]\n\t<a href=\"https:\/\/player.vimeo.com\/video\/204258746?autoplay=1&amp;color=ffffff&amp;title=0&amp;byline=0&amp;portrait=0\"><img loading=\"lazy\" decoding=\"async\" src=\"https:\/\/monatglobal.com\/wp-content\/uploads\/2016\/03\/play_btn_lines_shadow.png\" alt=\"play_video\" width=\"71\" height=\"71\" \/><\/a>\n\t<a href=\"https:\/\/player.vimeo.com\/video\/204258586?autoplay=1&amp;color=ffffff&amp;title=0&amp;byline=0&amp;portrait=0\"><img loading=\"lazy\" decoding=\"async\" src=\"https:\/\/monatglobal.com\/wp-content\/uploads\/2016\/03\/play_btn_lines_shadow.png\" alt=\"play_video\" width=\"71\" height=\"71\" \/><\/a>\n\t<a href=\"https:\/\/www.youtube.com\/embed\/6xI5LfAafh0?autoplay=1\"><img loading=\"lazy\" decoding=\"async\" src=\"https:\/\/monatglobal.com\/wp-content\/uploads\/2016\/03\/play_btn_lines_shadow.png\" alt=\"play_video\" width=\"71\" height=\"71\" \/><\/a>\n\t<a href=\"https:\/\/www.youtube.com\/embed\/RlLDhH4xo1Y?autoplay=1\"><img loading=\"lazy\" decoding=\"async\" src=\"https:\/\/monatglobal.com\/wp-content\/uploads\/2016\/03\/play_btn_lines_shadow.png\" alt=\"play_video\" width=\"71\" height=\"71\" \/><\/a>\n\t<a href=\"https:\/\/www.youtube.com\/embed\/Zj7kWDJcB1U?autoplay=1\"><img loading=\"lazy\" decoding=\"async\" src=\"https:\/\/monatglobal.com\/wp-content\/uploads\/2016\/03\/play_btn_lines_shadow.png\" alt=\"play_video\" width=\"71\" height=\"71\" \/><\/a>\n\t[masterslider alias=&#8221;ms-10&#8243;]\n\t\t\t\t<h2>Le plan de r\u00e9mun\u00e9ration de MONAT<\/h2>\n<p>\u00ab Je suis tellement excit\u00e9e de faire partie de la famille MONAT \u2013 c\u2019est l\u00e0 o\u00f9 est ma place. Je suis vraiment impressionn\u00e9e par le plan de r\u00e9mun\u00e9ration et la gamme de produits. Si je peux d\u00e9velopper mon entreprise, vous pouvez certainement d\u00e9velopper la v\u00f4tre. Nous avons d\u2019excellentes formations en leadership et les bonnes personnes pour vous aider \u00e0 obtenir ce que vous voulez de votre entreprise. Que vous soyez \u00e0 vos d\u00e9buts ou que vous soyez encore incertain, sachez ceci : VOUS POUVEZ Y ARRIVER! Vous n\u2019avez qu\u2019\u00e0 dire oui!  \u00bb<\/p>\n<h4>Toni Vanschoyck<\/h4>\n\t\t\t\t<h2>Les produits de MONAT<\/h2>\n<p>\u00ab J\u2019ai eu de la difficult\u00e9 \u00e0 trouver un produit qui m\u2019aiderait \u00e0 avoir des cheveux plus sains et aiderait mon mari avec sa ligne de cheveux qui reculait sans cesse. Gr\u00e2ce \u00e0 MONAT, mes cheveux sont superbes! Ma couleur ne se d\u00e9colore plus, je n\u2019ai pas remarqu\u00e9 de pointes fourchues, et mes cheveux sont devenus plus \u00e9pais! Mon mari a aussi connu des r\u00e9sultats magnifiques, avec une repousse et des cheveux plus \u00e9pais. Nous adorons ces produits. \u00bb<\/p>\n<h4>Megan Christine Mackay<\/h4>\n\t\t\t\t<h2>Le syst\u00e8me de soutien de MONAT<\/h2>\n<p>\u00ab J\u2019adore cette compagnie \u2014 Elle a chang\u00e9 ma vie de plusieurs fa\u00e7ons! J\u2019ai fait partie de quelques compagnies qui faisaient des promesses qu\u2019elles ne tenaient jamais, mais je n\u2019ai jamais v\u00e9cu cela avec MONAT. Ils \u00e9coutent vos probl\u00e8mes et vos inqui\u00e9tudes. \u00bb<\/p>\n<h4>Rozalynn Bradford<\/h4>\n\t\t\t<a href=\"https:\/\/mymonat.com\/pyr_core\/v2_enrollments\/select_market?enroll_params=profile_form_type%3Dexpress&#038;mp_only=true\" target=\"_blank\" role=\"button\" rel=\"noopener\" >\n\t\t\t\t\t\t\tS\u2019INSCRIRE MAINTENANT\n\t\t\t\t\t<\/a>\n\t<a href=\"https:\/\/monatglobal.com\/ca\/les-avantages-dune-entreprise-monat\/?lang=fr\">\n    D\u00c9COUVRIR <br>LES AVANTAGES\n<img decoding=\"async\" src=\"https:\/\/monatglobal.com\/wp-content\/uploads\/2016\/03\/link.png\">\n<\/a>\n\t<a href=\"https:\/\/monatglobal.com\/ca\/ce-qui-nous-distingue-des-autres\/?lang=fr\">\n    CE QUI NOUS <br>DISTINGUE DES AUTRES\n<img decoding=\"async\" src=\"https:\/\/monatglobal.com\/wp-content\/uploads\/2016\/03\/link.png\">\n<\/a>\n\t<a href=\"https:\/\/monatglobal.com\/ca\/faites-partie-dune-aventure-extraordinaire\/?lang=fr\">\n    JOIGNEZ-VOUS AU <br>MOUVEMENT DE MONAT\n<img decoding=\"async\" src=\"https:\/\/monatglobal.com\/wp-content\/uploads\/2016\/03\/link.png\">\n<\/a>\n\t<a href=\"https:\/\/monatglobal.com\/ca\/pourquoi-le-marketing-social\/?lang=fr\">\n    WHY SOCIAL<BR> MARKETING\n<img decoding=\"async\" src=\"https:\/\/monatglobal.com\/wp-content\/uploads\/2016\/03\/link.png\">\n<\/a>\n\t\t\t<a href=\"https:\/\/monatglobal.com\/ca\/opportunite\/?lang=fr\" target=\"_self\" role=\"button\">\n\t\t\t\t\t\t\tL\u2019OPPORTUNIT\u00c9 MONAT\n\t\t\t\t\t<\/a>\n\t[instagram-feed]\n","protected":false},"excerpt":{"rendered":"<p>[masterslider id=&#8221;98&#8243;] [masterslider alias=&#8221;ms-10&#8243;] Le plan de r\u00e9mun\u00e9ration de MONAT \u00ab Je suis tellement excit\u00e9e de faire partie de la famille MONAT \u2013 c\u2019est l\u00e0 o\u00f9 est ma place. Je suis vraiment impressionn\u00e9e par le plan de r\u00e9mun\u00e9ration et la gamme de produits. Si je peux d\u00e9velopper mon entreprise, vous pouvez certainement d\u00e9velopper la v\u00f4tre.&hellip;<\/p>\n","protected":false},"author":31,"featured_media":46754,"parent":0,"menu_order":0,"comment_status":"closed","ping_status":"closed","template":"template-full-custom.php","meta":{"inline_featured_image":false,"om_disable_all_campaigns":false,"_monsterinsights_skip_tracking":false,"_monsterinsights_sitenote_active":false,"_monsterinsights_sitenote_note":"","_monsterinsights_sitenote_category":0,"footnotes":""},"categories":[],"tags":[],"class_list":["post-30292","page","type-page","status-publish","has-post-thumbnail","hentry"],"aioseo_notices":[],"aioseo_head":"\n\t\t<!-- All in One SEO Pro 4.9.6 - aioseo.com -->\n\t<meta name=\"description\" content=\"[masterslider id=&quot;98&quot;] [masterslider alias=&quot;ms-10&quot;] Le plan de r\u00e9mun\u00e9ration de MONAT \u00ab Je suis tellement excit\u00e9e de faire partie de la famille MONAT \u2013 c\u2019est l\u00e0 o\u00f9 est ma place. Je suis vraiment impressionn\u00e9e par le plan de r\u00e9mun\u00e9ration et la gamme de produits. Si je peux d\u00e9velopper mon entreprise, vous pouvez certainement d\u00e9velopper la v\u00f4tre.\" \/>\n\t<meta name=\"robots\" content=\"max-image-preview:large\" \/>\n\t<link rel=\"canonical\" href=\"https:\/\/monatglobal.com\/ca\/ce-que-monat-represente-pour-moi\/?lang=fr\" \/>\n\t<meta name=\"generator\" content=\"All in One SEO Pro (AIOSEO) 4.9.6\" \/>\n\t\t<meta property=\"og:locale\" content=\"en_US\" \/>\n\t\t<meta property=\"og:site_name\" content=\"Monat Canada English - We Are Modern Nature\" \/>\n\t\t<meta property=\"og:type\" content=\"article\" \/>\n\t\t<meta property=\"og:title\" content=\"CE QUE MONAT REPR\u00c9SENTE POUR MOI - Monat Canada English\" \/>\n\t\t<meta property=\"og:description\" content=\"[masterslider id=&quot;98&quot;] [masterslider alias=&quot;ms-10&quot;] Le plan de r\u00e9mun\u00e9ration de MONAT \u00ab Je suis tellement excit\u00e9e de faire partie de la famille MONAT \u2013 c\u2019est l\u00e0 o\u00f9 est ma place. Je suis vraiment impressionn\u00e9e par le plan de r\u00e9mun\u00e9ration et la gamme de produits. Si je peux d\u00e9velopper mon entreprise, vous pouvez certainement d\u00e9velopper la v\u00f4tre.\" \/>\n\t\t<meta property=\"og:url\" content=\"https:\/\/monatglobal.com\/ca\/ce-que-monat-represente-pour-moi\/?lang=fr\" \/>\n\t\t<meta property=\"article:published_time\" content=\"2018-03-14T04:53:09+00:00\" \/>\n\t\t<meta property=\"article:modified_time\" content=\"2020-06-10T21:06:05+00:00\" \/>\n\t\t<meta name=\"twitter:card\" content=\"summary_large_image\" \/>\n\t\t<meta name=\"twitter:title\" content=\"CE QUE MONAT REPR\u00c9SENTE POUR MOI - Monat Canada English\" \/>\n\t\t<meta name=\"twitter:description\" content=\"[masterslider id=&quot;98&quot;] [masterslider alias=&quot;ms-10&quot;] Le plan de r\u00e9mun\u00e9ration de MONAT \u00ab Je suis tellement excit\u00e9e de faire partie de la famille MONAT \u2013 c\u2019est l\u00e0 o\u00f9 est ma place. Je suis vraiment impressionn\u00e9e par le plan de r\u00e9mun\u00e9ration et la gamme de produits. Si je peux d\u00e9velopper mon entreprise, vous pouvez certainement d\u00e9velopper la v\u00f4tre.\" \/>\n\t\t<script type=\"application\/ld+json\" class=\"aioseo-schema\">\n\t\t\t{\"@context\":\"https:\\\/\\\/schema.org\",\"@graph\":[{\"@type\":\"BreadcrumbList\",\"@id\":\"https:\\\/\\\/monatglobal.com\\\/ca\\\/ce-que-monat-represente-pour-moi\\\/?lang=fr#breadcrumblist\",\"itemListElement\":[{\"@type\":\"ListItem\",\"@id\":\"https:\\\/\\\/monatglobal.com\\\/ca#listItem\",\"position\":1,\"name\":\"Home\",\"item\":\"https:\\\/\\\/monatglobal.com\\\/ca\",\"nextItem\":{\"@type\":\"ListItem\",\"@id\":\"https:\\\/\\\/monatglobal.com\\\/ca\\\/ce-que-monat-represente-pour-moi\\\/?lang=fr#listItem\",\"name\":\"CE QUE MONAT REPR\\u00c9SENTE POUR MOI\"}},{\"@type\":\"ListItem\",\"@id\":\"https:\\\/\\\/monatglobal.com\\\/ca\\\/ce-que-monat-represente-pour-moi\\\/?lang=fr#listItem\",\"position\":2,\"name\":\"CE QUE MONAT REPR\\u00c9SENTE POUR MOI\",\"previousItem\":{\"@type\":\"ListItem\",\"@id\":\"https:\\\/\\\/monatglobal.com\\\/ca#listItem\",\"name\":\"Home\"}}]},{\"@type\":\"Organization\",\"@id\":\"https:\\\/\\\/monatglobal.com\\\/ca\\\/#organization\",\"name\":\"Monat Canada English\",\"description\":\"We Are Modern Nature\",\"url\":\"https:\\\/\\\/monatglobal.com\\\/ca\\\/\"},{\"@type\":\"WebPage\",\"@id\":\"https:\\\/\\\/monatglobal.com\\\/ca\\\/ce-que-monat-represente-pour-moi\\\/?lang=fr#webpage\",\"url\":\"https:\\\/\\\/monatglobal.com\\\/ca\\\/ce-que-monat-represente-pour-moi\\\/?lang=fr\",\"name\":\"CE QUE MONAT REPR\\u00c9SENTE POUR MOI - Monat Canada English\",\"description\":\"[masterslider id=\\\"98\\\"] [masterslider alias=\\\"ms-10\\\"] Le plan de r\\u00e9mun\\u00e9ration de MONAT \\u00ab Je suis tellement excit\\u00e9e de faire partie de la famille MONAT \\u2013 c\\u2019est l\\u00e0 o\\u00f9 est ma place. Je suis vraiment impressionn\\u00e9e par le plan de r\\u00e9mun\\u00e9ration et la gamme de produits. Si je peux d\\u00e9velopper mon entreprise, vous pouvez certainement d\\u00e9velopper la v\\u00f4tre.\",\"inLanguage\":\"en-US\",\"isPartOf\":{\"@id\":\"https:\\\/\\\/monatglobal.com\\\/ca\\\/#website\"},\"breadcrumb\":{\"@id\":\"https:\\\/\\\/monatglobal.com\\\/ca\\\/ce-que-monat-represente-pour-moi\\\/?lang=fr#breadcrumblist\"},\"image\":{\"@type\":\"ImageObject\",\"url\":\"https:\\\/\\\/monatglobal.com\\\/ca\\\/wp-content\\\/uploads\\\/sites\\\/5\\\/2019\\\/10\\\/means-to-me.jpg\",\"@id\":\"https:\\\/\\\/monatglobal.com\\\/ca\\\/ce-que-monat-represente-pour-moi\\\/?lang=fr\\\/#mainImage\",\"width\":600,\"height\":400},\"primaryImageOfPage\":{\"@id\":\"https:\\\/\\\/monatglobal.com\\\/ca\\\/ce-que-monat-represente-pour-moi\\\/?lang=fr#mainImage\"},\"datePublished\":\"2018-03-14T04:53:09-04:00\",\"dateModified\":\"2020-06-10T21:06:05-04:00\"},{\"@type\":\"WebSite\",\"@id\":\"https:\\\/\\\/monatglobal.com\\\/ca\\\/#website\",\"url\":\"https:\\\/\\\/monatglobal.com\\\/ca\\\/\",\"name\":\"Monat Canada English\",\"description\":\"We Are Modern Nature\",\"inLanguage\":\"en-US\",\"publisher\":{\"@id\":\"https:\\\/\\\/monatglobal.com\\\/ca\\\/#organization\"}}]}\n\t\t<\/script>\n\t\t<!-- All in One SEO Pro -->\r\n\t\t<title>CE QUE MONAT REPR\u00c9SENTE POUR MOI - Monat Canada English<\/title>\n\n","aioseo_head_json":{"title":"CE QUE MONAT REPR\u00c9SENTE POUR MOI - Monat Canada English","description":"[masterslider id=\"98\"] [masterslider alias=\"ms-10\"] Le plan de r\u00e9mun\u00e9ration de MONAT \u00ab Je suis tellement excit\u00e9e de faire partie de la famille MONAT \u2013 c\u2019est l\u00e0 o\u00f9 est ma place. Je suis vraiment impressionn\u00e9e par le plan de r\u00e9mun\u00e9ration et la gamme de produits. Si je peux d\u00e9velopper mon entreprise, vous pouvez certainement d\u00e9velopper la v\u00f4tre.","canonical_url":"https:\/\/monatglobal.com\/ca\/ce-que-monat-represente-pour-moi\/?lang=fr","robots":"max-image-preview:large","keywords":"","webmasterTools":{"miscellaneous":""},"schema":{"@context":"https:\/\/schema.org","@graph":[{"@type":"BreadcrumbList","@id":"https:\/\/monatglobal.com\/ca\/ce-que-monat-represente-pour-moi\/?lang=fr#breadcrumblist","itemListElement":[{"@type":"ListItem","@id":"https:\/\/monatglobal.com\/ca#listItem","position":1,"name":"Home","item":"https:\/\/monatglobal.com\/ca","nextItem":{"@type":"ListItem","@id":"https:\/\/monatglobal.com\/ca\/ce-que-monat-represente-pour-moi\/?lang=fr#listItem","name":"CE QUE MONAT REPR\u00c9SENTE POUR MOI"}},{"@type":"ListItem","@id":"https:\/\/monatglobal.com\/ca\/ce-que-monat-represente-pour-moi\/?lang=fr#listItem","position":2,"name":"CE QUE MONAT REPR\u00c9SENTE POUR MOI","previousItem":{"@type":"ListItem","@id":"https:\/\/monatglobal.com\/ca#listItem","name":"Home"}}]},{"@type":"Organization","@id":"https:\/\/monatglobal.com\/ca\/#organization","name":"Monat Canada English","description":"We Are Modern Nature","url":"https:\/\/monatglobal.com\/ca\/"},{"@type":"WebPage","@id":"https:\/\/monatglobal.com\/ca\/ce-que-monat-represente-pour-moi\/?lang=fr#webpage","url":"https:\/\/monatglobal.com\/ca\/ce-que-monat-represente-pour-moi\/?lang=fr","name":"CE QUE MONAT REPR\u00c9SENTE POUR MOI - Monat Canada English","description":"[masterslider id=\"98\"] [masterslider alias=\"ms-10\"] Le plan de r\u00e9mun\u00e9ration de MONAT \u00ab Je suis tellement excit\u00e9e de faire partie de la famille MONAT \u2013 c\u2019est l\u00e0 o\u00f9 est ma place. Je suis vraiment impressionn\u00e9e par le plan de r\u00e9mun\u00e9ration et la gamme de produits. Si je peux d\u00e9velopper mon entreprise, vous pouvez certainement d\u00e9velopper la v\u00f4tre.","inLanguage":"en-US","isPartOf":{"@id":"https:\/\/monatglobal.com\/ca\/#website"},"breadcrumb":{"@id":"https:\/\/monatglobal.com\/ca\/ce-que-monat-represente-pour-moi\/?lang=fr#breadcrumblist"},"image":{"@type":"ImageObject","url":"https:\/\/monatglobal.com\/ca\/wp-content\/uploads\/sites\/5\/2019\/10\/means-to-me.jpg","@id":"https:\/\/monatglobal.com\/ca\/ce-que-monat-represente-pour-moi\/?lang=fr\/#mainImage","width":600,"height":400},"primaryImageOfPage":{"@id":"https:\/\/monatglobal.com\/ca\/ce-que-monat-represente-pour-moi\/?lang=fr#mainImage"},"datePublished":"2018-03-14T04:53:09-04:00","dateModified":"2020-06-10T21:06:05-04:00"},{"@type":"WebSite","@id":"https:\/\/monatglobal.com\/ca\/#website","url":"https:\/\/monatglobal.com\/ca\/","name":"Monat Canada English","description":"We Are Modern Nature","inLanguage":"en-US","publisher":{"@id":"https:\/\/monatglobal.com\/ca\/#organization"}}]},"og:locale":"en_US","og:site_name":"Monat Canada English - We Are Modern Nature","og:type":"article","og:title":"CE QUE MONAT REPR\u00c9SENTE POUR MOI - Monat Canada English","og:description":"[masterslider id=&quot;98&quot;] [masterslider alias=&quot;ms-10&quot;] Le plan de r\u00e9mun\u00e9ration de MONAT \u00ab Je suis tellement excit\u00e9e de faire partie de la famille MONAT \u2013 c\u2019est l\u00e0 o\u00f9 est ma place. Je suis vraiment impressionn\u00e9e par le plan de r\u00e9mun\u00e9ration et la gamme de produits. Si je peux d\u00e9velopper mon entreprise, vous pouvez certainement d\u00e9velopper la v\u00f4tre.","og:url":"https:\/\/monatglobal.com\/ca\/ce-que-monat-represente-pour-moi\/?lang=fr","article:published_time":"2018-03-14T04:53:09+00:00","article:modified_time":"2020-06-10T21:06:05+00:00","twitter:card":"summary_large_image","twitter:title":"CE QUE MONAT REPR\u00c9SENTE POUR MOI - Monat Canada English","twitter:description":"[masterslider id=&quot;98&quot;] [masterslider alias=&quot;ms-10&quot;] Le plan de r\u00e9mun\u00e9ration de MONAT \u00ab Je suis tellement excit\u00e9e de faire partie de la famille MONAT \u2013 c\u2019est l\u00e0 o\u00f9 est ma place. Je suis vraiment impressionn\u00e9e par le plan de r\u00e9mun\u00e9ration et la gamme de produits. Si je peux d\u00e9velopper mon entreprise, vous pouvez certainement d\u00e9velopper la v\u00f4tre."},"aioseo_meta_data":{"post_id":"30292","title":null,"description":null,"keywords":null,"keyphrases":null,"primary_term":null,"canonical_url":null,"og_title":null,"og_description":null,"og_object_type":"default","og_image_type":"default","og_image_url":null,"og_image_width":null,"og_image_height":null,"og_image_custom_url":null,"og_image_custom_fields":null,"og_video":null,"og_custom_url":null,"og_article_section":null,"og_article_tags":null,"twitter_use_og":false,"twitter_card":"default","twitter_image_type":"default","twitter_image_url":null,"twitter_image_custom_url":null,"twitter_image_custom_fields":null,"twitter_title":null,"twitter_description":null,"schema":{"blockGraphs":[],"customGraphs":[],"default":{"data":{"Article":[],"Course":[],"Dataset":[],"FAQPage":[],"Movie":[],"Person":[],"Product":[],"ProductReview":[],"Car":[],"Recipe":[],"Service":[],"SoftwareApplication":[],"WebPage":[]},"graphName":"","isEnabled":true},"graphs":[]},"schema_type":"default","schema_type_options":null,"pillar_content":false,"robots_default":true,"robots_noindex":false,"robots_noarchive":false,"robots_nosnippet":false,"robots_nofollow":false,"robots_noimageindex":false,"robots_noodp":false,"robots_notranslate":false,"robots_max_snippet":null,"robots_max_videopreview":null,"robots_max_imagepreview":"large","priority":null,"frequency":null,"local_seo":null,"seo_analyzer_scan_date":"2026-02-10 03:12:25","limit_modified_date":false,"reviewed_by":null,"open_ai":null,"ai":null,"created":"2023-07-26 12:12:51","updated":"2026-02-10 03:12:25"},"aioseo_breadcrumb":"<div class=\"aioseo-breadcrumbs\"><span class=\"aioseo-breadcrumb\">\n\t<a href=\"https:\/\/monatglobal.com\/ca\" title=\"Home\">Home<\/a>\n<\/span><span class=\"aioseo-breadcrumb-separator\">&raquo;<\/span><span class=\"aioseo-breadcrumb\">\n\tCE QUE MONAT REPR\u00c9SENTE POUR MOI\n<\/span><\/div>","aioseo_breadcrumb_json":[{"label":"Home","link":"https:\/\/monatglobal.com\/ca"},{"label":"CE QUE MONAT REPR\u00c9SENTE POUR MOI","link":"https:\/\/monatglobal.com\/ca\/ce-que-monat-represente-pour-moi\/?lang=fr"}],"_links":{"self":[{"href":"https:\/\/monatglobal.com\/ca\/wp-json\/wp\/v2\/pages\/30292","targetHints":{"allow":["GET"]}}],"collection":[{"href":"https:\/\/monatglobal.com\/ca\/wp-json\/wp\/v2\/pages"}],"about":[{"href":"https:\/\/monatglobal.com\/ca\/wp-json\/wp\/v2\/types\/page"}],"author":[{"embeddable":true,"href":"https:\/\/monatglobal.com\/ca\/wp-json\/wp\/v2\/users\/31"}],"replies":[{"embeddable":true,"href":"https:\/\/monatglobal.com\/ca\/wp-json\/wp\/v2\/comments?post=30292"}],"version-history":[{"count":10,"href":"https:\/\/monatglobal.com\/ca\/wp-json\/wp\/v2\/pages\/30292\/revisions"}],"predecessor-version":[{"id":46759,"href":"https:\/\/monatglobal.com\/ca\/wp-json\/wp\/v2\/pages\/30292\/revisions\/46759"}],"wp:featuredmedia":[{"embeddable":true,"href":"https:\/\/monatglobal.com\/ca\/wp-json\/wp\/v2\/media\/46754"}],"wp:attachment":[{"href":"https:\/\/monatglobal.com\/ca\/wp-json\/wp\/v2\/media?parent=30292"}],"wp:term":[{"taxonomy":"category","embeddable":true,"href":"https:\/\/monatglobal.com\/ca\/wp-json\/wp\/v2\/categories?post=30292"},{"taxonomy":"post_tag","embeddable":true,"href":"https:\/\/monatglobal.com\/ca\/wp-json\/wp\/v2\/tags?post=30292"}],"curies":[{"name":"wp","href":"https:\/\/api.w.org\/{rel}","templated":true}]}}