{"id":30281,"date":"2018-03-14T03:56:45","date_gmt":"2018-03-14T03:56:45","guid":{"rendered":"https:\/\/monatglobal.com\/ca\/?page_id=30281"},"modified":"2020-06-10T21:04:51","modified_gmt":"2020-06-10T21:04:51","slug":"pourquoi-le-marketing-social","status":"publish","type":"page","link":"https:\/\/monatglobal.com\/ca\/pourquoi-le-marketing-social\/?lang=fr","title":{"rendered":"POURQUOI  LE MARKETING  SOCIAL?"},"content":{"rendered":"\n\t[masterslider id=&#8221;97&#8243;]\n<h1>\n\t\tLe mod\u00e8le d\u2019entreprise de la vente directe et du marketing de r\u00e9seau contourne les canaux traditionnels de d\u00e9tail pour privil\u00e9gier les rencontres un \u00e0 un.\n\t<\/h1>\n<h2>\n\t\tPourquoi le <br>marketing social?\n\t<\/h2>\n\t<p>Nous le savons \u2014 lancer sa propre entreprise peut \u00eatre angoissant. De la tenue d\u2019un inventaire \u00e0 la tentative d\u2019\u00eatre rentable au cours de votre premi\u00e8re (ou deuxi\u00e8me) ann\u00e9e, en passant par l\u2019embauche et la perte de temps pr\u00e9cieux, il y a plusieurs embuches pour les entreprises traditionnelles. De nos jours, entrer en contact avec d\u2019autres personnes est si facile \u2013 et naturel! C\u2019est pourquoi notre mod\u00e8le de vente directe et de marketing social contourne les vieilles m\u00e9thodes de vente au d\u00e9tail et privil\u00e9gie les relations personne \u00e0 personne.<\/p>\n<br>\n<p>MONAT est votre partenaire! Nous nous occupons de la livraison, du d\u00e9veloppement des produits, du marketing, des \u00e9v\u00e9nements et plus encore. Cela vous permet de vous concentrer sur le partage de MONAT avec les autres. Notre plateforme unique nous permet de r\u00e9compenser nos partenaires de march\u00e9 pour faire ce qu\u2019ils font d\u00e9j\u00e0 : partager des produits et des services qui changent des vies. Et vous n\u2019avez pas \u00e0 \u00eatre un coiffeur de m\u00e9tier pour le faire!<\/p> \n<br>\n<p>En tant que partenaire de march\u00e9 MONAT, vous \u00eates en contr\u00f4le \u2014 du temps et du moment o\u00f9 vous travaillez, de la fa\u00e7on dont vous partagez, des personnes avec qui vous travaillez et plus encore. De plus, vous faites partie d\u2019une \u00e9quipe plus grande qui travaille avec vous vers des objectifs communs.<\/p> \n<br>\n<p>Nous r\u00e9ussissons tous ensemble. Quoi de plus \u00ab social \u00bb que cela? Que ce soit pour gagner assez d\u2019argent pour acheter un nouveau sofa, une nouvelle voiture ou pour vivre la vie de vos r\u00eaves, MONAT rend tout cela possible. <\/p>\n<br>\n\t[masterslider id=&#8221;96&#8243;]\n<h2>\n\t\tUn chemin clair <br>vers le succ\u00e8s\n\t<\/h2>\n\tAvec le programme D\u00e9part INTELLIGENT de MONAT, vous pouvez facilement commencer \u00e0 faire des profits, \u00e0 recevoir des primes et \u00e0 monter dans les rangs. \n<br><br> \nApr\u00e8s la vente initiale, MONAT fait en sorte qu\u2019il soit facile pour vos clients de continuer d\u2019aimer et d\u2019acheter les produits avec le <a href=\"https:\/\/monatglobal.com\/ca\/programme-vip\/\"><strong>programme du client VIP<\/strong><\/a>, un service de livraison Flexship qui offre des renouvellements automatiques et des prix attrayants. Cela fait en sorte que vos clients soient satisfaits, que vos profits augmentent et que votre cercle de MONAT grandisse! \n<h2>\n\t\tQue ce soit pour d\u00e9velopper votre entreprise MONAT \u00e0 temps plein ou \u00e0 temps partiel, vous pouvez le faire de la fa\u00e7on de votre choix. \n\t<\/h2>\n\t<p> Plut\u00f4t que d\u2019engager des employ\u00e9s, vous assemblerez une \u00e9quipe de partenaires de march\u00e9 qui partagent votre \u00e9tat d\u2019esprit et votre vision. Lorsque leurs entreprises grandiront, la v\u00f4tre grandira aussi.<\/p>\n\t<p>Apr\u00e8s avoir partag\u00e9 les \u00e9l\u00e9ments cl\u00e9s vous ayant men\u00e9 au succ\u00e8s, vous recevrez une partie de leurs commissions et de leurs primes en plus des v\u00f4tres. L\u2019\u00e9quipe forte que vous b\u00e2tirez deviendra encore plus puissante \u00e0 chaque \u00e9tape, offrant des possibilit\u00e9s infinies \u00e0 chaque membre.<\/p>\n\t\t\t<a href=\"https:\/\/mymonat.com\/pyr_core\/v2_enrollments\/select_market?enroll_params=profile_form_type%3Dexpress&#038;mp_only=true\" target=\"_blank\" role=\"button\" rel=\"noopener\" >\n\t\t\t\t\t\t\tS\u2019INSCRIRE MAINTENANT\n\t\t\t\t\t<\/a>\n\t<a href=\"https:\/\/monatglobal.com\/ca\/ce-que-monat-represente-pour-moi\/?lang=fr\">\n    CE QUE MONAT<br> REPR\u00c9SENTE POUR MOI\n<img decoding=\"async\" src=\"https:\/\/monatglobal.com\/wp-content\/uploads\/2016\/03\/link.png\">\n<\/a>\n\t<a href=\"https:\/\/monatglobal.com\/ca\/les-avantages-dune-entreprise-monat\/?lang=fr\">\n    D\u00c9COUVRIR <br>LES AVANTAGES\n<img decoding=\"async\" src=\"https:\/\/monatglobal.com\/wp-content\/uploads\/2016\/03\/link.png\">\n<\/a>\n\t<a href=\"https:\/\/monatglobal.com\/ca\/ce-qui-nous-distingue-des-autres\/?lang=fr\">\n    CE QUI NOUS <br>DISTINGUE DES AUTRES\n<img decoding=\"async\" src=\"https:\/\/monatglobal.com\/wp-content\/uploads\/2016\/03\/link.png\">\n<\/a>\n\t<a href=\"https:\/\/monatglobal.com\/ca\/faites-partie-dune-aventure-extraordinaire\/?lang=fr\">\n    JOIGNEZ-VOUS AU <br>MOUVEMENT DE MONAT\n<img decoding=\"async\" src=\"https:\/\/monatglobal.com\/wp-content\/uploads\/2016\/03\/link.png\">\n<\/a>\n\t\t\t<a href=\"https:\/\/monatglobal.com\/ca\/opportunite\/?lang=fr\" target=\"_self\" role=\"button\">\n\t\t\t\t\t\t\tL\u2019OPPORTUNIT\u00c9 MONAT\n\t\t\t\t\t<\/a>\n\t[instagram-feed]\n\t[instagram-feed]\n","protected":false},"excerpt":{"rendered":"<p>[masterslider id=&#8221;97&#8243;] Le mod\u00e8le d\u2019entreprise de la vente directe et du marketing de r\u00e9seau contourne les canaux traditionnels de d\u00e9tail pour privil\u00e9gier les rencontres un \u00e0 un. Pourquoi le marketing social? Nous le savons \u2014 lancer sa propre entreprise peut \u00eatre angoissant. De la tenue d\u2019un inventaire \u00e0 la tentative d\u2019\u00eatre rentable au cours de&hellip;<\/p>\n","protected":false},"author":31,"featured_media":46753,"parent":0,"menu_order":0,"comment_status":"closed","ping_status":"closed","template":"template-full-custom.php","meta":{"inline_featured_image":false,"om_disable_all_campaigns":false,"_monsterinsights_skip_tracking":false,"_monsterinsights_sitenote_active":false,"_monsterinsights_sitenote_note":"","_monsterinsights_sitenote_category":0,"footnotes":""},"categories":[],"tags":[],"class_list":["post-30281","page","type-page","status-publish","has-post-thumbnail","hentry"],"aioseo_notices":[],"aioseo_head":"\n\t\t<!-- All in One SEO Pro 4.9.6 - aioseo.com -->\n\t<meta name=\"description\" content=\"[masterslider id=&quot;97&quot;] Le mod\u00e8le d\u2019entreprise de la vente directe et du marketing de r\u00e9seau contourne les canaux traditionnels de d\u00e9tail pour privil\u00e9gier les rencontres un \u00e0 un. Pourquoi le marketing social? Nous le savons \u2014 lancer sa propre entreprise peut \u00eatre angoissant. De la tenue d\u2019un inventaire \u00e0 la tentative d\u2019\u00eatre rentable au cours de\" \/>\n\t<meta name=\"robots\" content=\"max-image-preview:large\" \/>\n\t<link rel=\"canonical\" href=\"https:\/\/monatglobal.com\/ca\/pourquoi-le-marketing-social\/?lang=fr\" \/>\n\t<meta name=\"generator\" content=\"All in One SEO Pro (AIOSEO) 4.9.6\" \/>\n\t\t<meta property=\"og:locale\" content=\"en_US\" \/>\n\t\t<meta property=\"og:site_name\" content=\"Monat Canada English - We Are Modern Nature\" \/>\n\t\t<meta property=\"og:type\" content=\"article\" \/>\n\t\t<meta property=\"og:title\" content=\"POURQUOI LE MARKETING SOCIAL? - Monat Canada English\" \/>\n\t\t<meta property=\"og:description\" content=\"[masterslider id=&quot;97&quot;] Le mod\u00e8le d\u2019entreprise de la vente directe et du marketing de r\u00e9seau contourne les canaux traditionnels de d\u00e9tail pour privil\u00e9gier les rencontres un \u00e0 un. Pourquoi le marketing social? Nous le savons \u2014 lancer sa propre entreprise peut \u00eatre angoissant. De la tenue d\u2019un inventaire \u00e0 la tentative d\u2019\u00eatre rentable au cours de\" \/>\n\t\t<meta property=\"og:url\" content=\"https:\/\/monatglobal.com\/ca\/pourquoi-le-marketing-social\/?lang=fr\" \/>\n\t\t<meta property=\"article:published_time\" content=\"2018-03-14T03:56:45+00:00\" \/>\n\t\t<meta property=\"article:modified_time\" content=\"2020-06-10T21:04:51+00:00\" \/>\n\t\t<meta name=\"twitter:card\" content=\"summary_large_image\" \/>\n\t\t<meta name=\"twitter:title\" content=\"POURQUOI LE MARKETING SOCIAL? - Monat Canada English\" \/>\n\t\t<meta name=\"twitter:description\" content=\"[masterslider id=&quot;97&quot;] Le mod\u00e8le d\u2019entreprise de la vente directe et du marketing de r\u00e9seau contourne les canaux traditionnels de d\u00e9tail pour privil\u00e9gier les rencontres un \u00e0 un. Pourquoi le marketing social? Nous le savons \u2014 lancer sa propre entreprise peut \u00eatre angoissant. De la tenue d\u2019un inventaire \u00e0 la tentative d\u2019\u00eatre rentable au cours de\" \/>\n\t\t<script type=\"application\/ld+json\" class=\"aioseo-schema\">\n\t\t\t{\"@context\":\"https:\\\/\\\/schema.org\",\"@graph\":[{\"@type\":\"BreadcrumbList\",\"@id\":\"https:\\\/\\\/monatglobal.com\\\/ca\\\/pourquoi-le-marketing-social\\\/?lang=fr#breadcrumblist\",\"itemListElement\":[{\"@type\":\"ListItem\",\"@id\":\"https:\\\/\\\/monatglobal.com\\\/ca#listItem\",\"position\":1,\"name\":\"Home\",\"item\":\"https:\\\/\\\/monatglobal.com\\\/ca\",\"nextItem\":{\"@type\":\"ListItem\",\"@id\":\"https:\\\/\\\/monatglobal.com\\\/ca\\\/pourquoi-le-marketing-social\\\/?lang=fr#listItem\",\"name\":\"POURQUOI  LE MARKETING  SOCIAL?\"}},{\"@type\":\"ListItem\",\"@id\":\"https:\\\/\\\/monatglobal.com\\\/ca\\\/pourquoi-le-marketing-social\\\/?lang=fr#listItem\",\"position\":2,\"name\":\"POURQUOI  LE MARKETING  SOCIAL?\",\"previousItem\":{\"@type\":\"ListItem\",\"@id\":\"https:\\\/\\\/monatglobal.com\\\/ca#listItem\",\"name\":\"Home\"}}]},{\"@type\":\"Organization\",\"@id\":\"https:\\\/\\\/monatglobal.com\\\/ca\\\/#organization\",\"name\":\"Monat Canada English\",\"description\":\"We Are Modern Nature\",\"url\":\"https:\\\/\\\/monatglobal.com\\\/ca\\\/\"},{\"@type\":\"WebPage\",\"@id\":\"https:\\\/\\\/monatglobal.com\\\/ca\\\/pourquoi-le-marketing-social\\\/?lang=fr#webpage\",\"url\":\"https:\\\/\\\/monatglobal.com\\\/ca\\\/pourquoi-le-marketing-social\\\/?lang=fr\",\"name\":\"POURQUOI LE MARKETING SOCIAL? - Monat Canada English\",\"description\":\"[masterslider id=\\\"97\\\"] Le mod\\u00e8le d\\u2019entreprise de la vente directe et du marketing de r\\u00e9seau contourne les canaux traditionnels de d\\u00e9tail pour privil\\u00e9gier les rencontres un \\u00e0 un. Pourquoi le marketing social? Nous le savons \\u2014 lancer sa propre entreprise peut \\u00eatre angoissant. De la tenue d\\u2019un inventaire \\u00e0 la tentative d\\u2019\\u00eatre rentable au cours de\",\"inLanguage\":\"en-US\",\"isPartOf\":{\"@id\":\"https:\\\/\\\/monatglobal.com\\\/ca\\\/#website\"},\"breadcrumb\":{\"@id\":\"https:\\\/\\\/monatglobal.com\\\/ca\\\/pourquoi-le-marketing-social\\\/?lang=fr#breadcrumblist\"},\"image\":{\"@type\":\"ImageObject\",\"url\":\"https:\\\/\\\/monatglobal.com\\\/ca\\\/wp-content\\\/uploads\\\/sites\\\/5\\\/2019\\\/10\\\/social-marketing.jpg\",\"@id\":\"https:\\\/\\\/monatglobal.com\\\/ca\\\/pourquoi-le-marketing-social\\\/?lang=fr\\\/#mainImage\",\"width\":600,\"height\":400},\"primaryImageOfPage\":{\"@id\":\"https:\\\/\\\/monatglobal.com\\\/ca\\\/pourquoi-le-marketing-social\\\/?lang=fr#mainImage\"},\"datePublished\":\"2018-03-14T03:56:45-04:00\",\"dateModified\":\"2020-06-10T21:04:51-04:00\"},{\"@type\":\"WebSite\",\"@id\":\"https:\\\/\\\/monatglobal.com\\\/ca\\\/#website\",\"url\":\"https:\\\/\\\/monatglobal.com\\\/ca\\\/\",\"name\":\"Monat Canada English\",\"description\":\"We Are Modern Nature\",\"inLanguage\":\"en-US\",\"publisher\":{\"@id\":\"https:\\\/\\\/monatglobal.com\\\/ca\\\/#organization\"}}]}\n\t\t<\/script>\n\t\t<!-- All in One SEO Pro -->\r\n\t\t<title>POURQUOI LE MARKETING SOCIAL? - Monat Canada English<\/title>\n\n","aioseo_head_json":{"title":"POURQUOI LE MARKETING SOCIAL? - Monat Canada English","description":"[masterslider id=\"97\"] Le mod\u00e8le d\u2019entreprise de la vente directe et du marketing de r\u00e9seau contourne les canaux traditionnels de d\u00e9tail pour privil\u00e9gier les rencontres un \u00e0 un. Pourquoi le marketing social? Nous le savons \u2014 lancer sa propre entreprise peut \u00eatre angoissant. De la tenue d\u2019un inventaire \u00e0 la tentative d\u2019\u00eatre rentable au cours de","canonical_url":"https:\/\/monatglobal.com\/ca\/pourquoi-le-marketing-social\/?lang=fr","robots":"max-image-preview:large","keywords":"","webmasterTools":{"miscellaneous":""},"schema":{"@context":"https:\/\/schema.org","@graph":[{"@type":"BreadcrumbList","@id":"https:\/\/monatglobal.com\/ca\/pourquoi-le-marketing-social\/?lang=fr#breadcrumblist","itemListElement":[{"@type":"ListItem","@id":"https:\/\/monatglobal.com\/ca#listItem","position":1,"name":"Home","item":"https:\/\/monatglobal.com\/ca","nextItem":{"@type":"ListItem","@id":"https:\/\/monatglobal.com\/ca\/pourquoi-le-marketing-social\/?lang=fr#listItem","name":"POURQUOI  LE MARKETING  SOCIAL?"}},{"@type":"ListItem","@id":"https:\/\/monatglobal.com\/ca\/pourquoi-le-marketing-social\/?lang=fr#listItem","position":2,"name":"POURQUOI  LE MARKETING  SOCIAL?","previousItem":{"@type":"ListItem","@id":"https:\/\/monatglobal.com\/ca#listItem","name":"Home"}}]},{"@type":"Organization","@id":"https:\/\/monatglobal.com\/ca\/#organization","name":"Monat Canada English","description":"We Are Modern Nature","url":"https:\/\/monatglobal.com\/ca\/"},{"@type":"WebPage","@id":"https:\/\/monatglobal.com\/ca\/pourquoi-le-marketing-social\/?lang=fr#webpage","url":"https:\/\/monatglobal.com\/ca\/pourquoi-le-marketing-social\/?lang=fr","name":"POURQUOI LE MARKETING SOCIAL? - Monat Canada English","description":"[masterslider id=\"97\"] Le mod\u00e8le d\u2019entreprise de la vente directe et du marketing de r\u00e9seau contourne les canaux traditionnels de d\u00e9tail pour privil\u00e9gier les rencontres un \u00e0 un. Pourquoi le marketing social? Nous le savons \u2014 lancer sa propre entreprise peut \u00eatre angoissant. De la tenue d\u2019un inventaire \u00e0 la tentative d\u2019\u00eatre rentable au cours de","inLanguage":"en-US","isPartOf":{"@id":"https:\/\/monatglobal.com\/ca\/#website"},"breadcrumb":{"@id":"https:\/\/monatglobal.com\/ca\/pourquoi-le-marketing-social\/?lang=fr#breadcrumblist"},"image":{"@type":"ImageObject","url":"https:\/\/monatglobal.com\/ca\/wp-content\/uploads\/sites\/5\/2019\/10\/social-marketing.jpg","@id":"https:\/\/monatglobal.com\/ca\/pourquoi-le-marketing-social\/?lang=fr\/#mainImage","width":600,"height":400},"primaryImageOfPage":{"@id":"https:\/\/monatglobal.com\/ca\/pourquoi-le-marketing-social\/?lang=fr#mainImage"},"datePublished":"2018-03-14T03:56:45-04:00","dateModified":"2020-06-10T21:04:51-04:00"},{"@type":"WebSite","@id":"https:\/\/monatglobal.com\/ca\/#website","url":"https:\/\/monatglobal.com\/ca\/","name":"Monat Canada English","description":"We Are Modern Nature","inLanguage":"en-US","publisher":{"@id":"https:\/\/monatglobal.com\/ca\/#organization"}}]},"og:locale":"en_US","og:site_name":"Monat Canada English - We Are Modern Nature","og:type":"article","og:title":"POURQUOI LE MARKETING SOCIAL? - Monat Canada English","og:description":"[masterslider id=&quot;97&quot;] Le mod\u00e8le d\u2019entreprise de la vente directe et du marketing de r\u00e9seau contourne les canaux traditionnels de d\u00e9tail pour privil\u00e9gier les rencontres un \u00e0 un. Pourquoi le marketing social? Nous le savons \u2014 lancer sa propre entreprise peut \u00eatre angoissant. De la tenue d\u2019un inventaire \u00e0 la tentative d\u2019\u00eatre rentable au cours de","og:url":"https:\/\/monatglobal.com\/ca\/pourquoi-le-marketing-social\/?lang=fr","article:published_time":"2018-03-14T03:56:45+00:00","article:modified_time":"2020-06-10T21:04:51+00:00","twitter:card":"summary_large_image","twitter:title":"POURQUOI LE MARKETING SOCIAL? - Monat Canada English","twitter:description":"[masterslider id=&quot;97&quot;] Le mod\u00e8le d\u2019entreprise de la vente directe et du marketing de r\u00e9seau contourne les canaux traditionnels de d\u00e9tail pour privil\u00e9gier les rencontres un \u00e0 un. Pourquoi le marketing social? Nous le savons \u2014 lancer sa propre entreprise peut \u00eatre angoissant. De la tenue d\u2019un inventaire \u00e0 la tentative d\u2019\u00eatre rentable au cours de"},"aioseo_meta_data":{"post_id":"30281","title":null,"description":null,"keywords":null,"keyphrases":null,"primary_term":null,"canonical_url":null,"og_title":null,"og_description":null,"og_object_type":"default","og_image_type":"default","og_image_url":null,"og_image_width":null,"og_image_height":null,"og_image_custom_url":null,"og_image_custom_fields":null,"og_video":null,"og_custom_url":null,"og_article_section":null,"og_article_tags":null,"twitter_use_og":false,"twitter_card":"default","twitter_image_type":"default","twitter_image_url":null,"twitter_image_custom_url":null,"twitter_image_custom_fields":null,"twitter_title":null,"twitter_description":null,"schema":{"blockGraphs":[],"customGraphs":[],"default":{"data":{"Article":[],"Course":[],"Dataset":[],"FAQPage":[],"Movie":[],"Person":[],"Product":[],"ProductReview":[],"Car":[],"Recipe":[],"Service":[],"SoftwareApplication":[],"WebPage":[]},"graphName":"","isEnabled":true},"graphs":[]},"schema_type":"default","schema_type_options":null,"pillar_content":false,"robots_default":true,"robots_noindex":false,"robots_noarchive":false,"robots_nosnippet":false,"robots_nofollow":false,"robots_noimageindex":false,"robots_noodp":false,"robots_notranslate":false,"robots_max_snippet":null,"robots_max_videopreview":null,"robots_max_imagepreview":"large","priority":null,"frequency":null,"local_seo":null,"seo_analyzer_scan_date":"2026-02-10 03:10:39","limit_modified_date":false,"reviewed_by":null,"open_ai":null,"ai":null,"created":"2023-07-26 12:12:51","updated":"2026-02-10 03:10:39"},"aioseo_breadcrumb":"<div class=\"aioseo-breadcrumbs\"><span class=\"aioseo-breadcrumb\">\n\t<a href=\"https:\/\/monatglobal.com\/ca\" title=\"Home\">Home<\/a>\n<\/span><span class=\"aioseo-breadcrumb-separator\">&raquo;<\/span><span class=\"aioseo-breadcrumb\">\n\tPOURQUOI  LE MARKETING  SOCIAL?\n<\/span><\/div>","aioseo_breadcrumb_json":[{"label":"Home","link":"https:\/\/monatglobal.com\/ca"},{"label":"POURQUOI  LE MARKETING  SOCIAL?","link":"https:\/\/monatglobal.com\/ca\/pourquoi-le-marketing-social\/?lang=fr"}],"_links":{"self":[{"href":"https:\/\/monatglobal.com\/ca\/wp-json\/wp\/v2\/pages\/30281","targetHints":{"allow":["GET"]}}],"collection":[{"href":"https:\/\/monatglobal.com\/ca\/wp-json\/wp\/v2\/pages"}],"about":[{"href":"https:\/\/monatglobal.com\/ca\/wp-json\/wp\/v2\/types\/page"}],"author":[{"embeddable":true,"href":"https:\/\/monatglobal.com\/ca\/wp-json\/wp\/v2\/users\/31"}],"replies":[{"embeddable":true,"href":"https:\/\/monatglobal.com\/ca\/wp-json\/wp\/v2\/comments?post=30281"}],"version-history":[{"count":19,"href":"https:\/\/monatglobal.com\/ca\/wp-json\/wp\/v2\/pages\/30281\/revisions"}],"predecessor-version":[{"id":46758,"href":"https:\/\/monatglobal.com\/ca\/wp-json\/wp\/v2\/pages\/30281\/revisions\/46758"}],"wp:featuredmedia":[{"embeddable":true,"href":"https:\/\/monatglobal.com\/ca\/wp-json\/wp\/v2\/media\/46753"}],"wp:attachment":[{"href":"https:\/\/monatglobal.com\/ca\/wp-json\/wp\/v2\/media?parent=30281"}],"wp:term":[{"taxonomy":"category","embeddable":true,"href":"https:\/\/monatglobal.com\/ca\/wp-json\/wp\/v2\/categories?post=30281"},{"taxonomy":"post_tag","embeddable":true,"href":"https:\/\/monatglobal.com\/ca\/wp-json\/wp\/v2\/tags?post=30281"}],"curies":[{"name":"wp","href":"https:\/\/api.w.org\/{rel}","templated":true}]}}