{"id":110503,"date":"2026-05-06T12:54:35","date_gmt":"2026-05-06T16:54:35","guid":{"rendered":"https:\/\/monatglobal.com\/ca\/?page_id=110503"},"modified":"2026-05-07T09:05:40","modified_gmt":"2026-05-07T13:05:40","slug":"glowtint-lip-oil","status":"publish","type":"page","link":"https:\/\/monatglobal.com\/ca\/glowtint-lip-oil\/?lang=fr","title":{"rendered":"Huile \u00e0 l\u00e8vres teint\u00e9e MONAT GlowTint\u2122 | Gloss hydratant et teinture pour les l\u00e8vres"},"content":{"rendered":"\n\n\t<!--Title: Huile \u00e0 l\u00e8vres teint\u00e9e MONAT GlowTint\u2122 | Gloss hydratant et teinture pour les l\u00e8vres -->\n<!--Meta:Obtenez un \u00e9clat lustr\u00e9 gr\u00e2ce \u00e0 l'Huile \u00e0 l\u00e8vres teint\u00e9e MONAT GlowTint\u2122. Cette huile \u00e0 l\u00e8vres teint\u00e9e hydratante et non collante offre une couleur transparente et vibrante.-->\n<link rel=\"stylesheet\" href=\"https:\/\/monatglobal.com\/wp-content\/creative_css\/product_styles_sheet.css\"\/>\n    <!--==================================================== ECOMM SECTION ====================================================-->\n        <!--==================================================== Ecomm image ====================================================-->\n                    <img decoding=\"async\" alt=\"\" src=\"\"\/>\n                  <img decoding=\"async\" alt=\"BE CLARIFIED\u2122 Acne-Clearing Moisturizer overlaying a texture shot of the moisturizer.\" src=\"https:\/\/monatglobal.com\/wp-content\/uploads\/2023\/03\/pop-up-ecomm-be-clarified-Acne-Clearing-Moisturizer-texture.jpg\" loading=\"lazy\"\/>\n                  <img decoding=\"async\" alt=\"BE CLARIFIED\u2122 Acne-Clearing Moisturizer overlaying a texture shot of the moisturizer.\" src=\"https:\/\/monatglobal.com\/wp-content\/uploads\/2023\/03\/pop-up-ecomm-be-clarified-Acne-Clearing-Moisturizer-texture.jpg\" loading=\"lazy\"\/>\n                  <img decoding=\"async\" alt=\"A male smiling while holding BE CLARIFIED\u2122 Acne-Clearing Moisturizer.\" src=\"https:\/\/monatglobal.com\/wp-content\/uploads\/2023\/03\/pop-up-ecomm-be-clarified-Acne-Clearing-Moisturizer.jpg\" loading=\"lazy\"\/>\n                        <img decoding=\"async\" alt=\"\" src=\"\" data-lbxp=\"\"\/>\n                      <img decoding=\"async\" alt=\"BE CLARIFIED\u2122 Acne-Clearing Moisturizer overlaying a texture shot of the moisturizer.\" src=\"https:\/\/monatglobal.com\/wp-content\/uploads\/2023\/03\/pop-up-ecomm-be-clarified-Acne-Clearing-Moisturizer-texture.jpg\" data-lbxp=\"\" loading=\"lazy\"\/>\n                      <img decoding=\"async\" alt=\"BE CLARIFIED\u2122 Acne-Clearing Moisturizer overlaying a texture shot of the moisturizer.\" src=\"https:\/\/monatglobal.com\/wp-content\/uploads\/2023\/03\/pop-up-ecomm-be-clarified-Acne-Clearing-Moisturizer-texture.jpg\" data-lbxp=\"\" loading=\"lazy\"\/>\n                      <img decoding=\"async\" alt=\"A male smiling while holding BE CLARIFIED\u2122 Acne-Clearing Moisturizer.\" src=\"https:\/\/monatglobal.com\/wp-content\/uploads\/2023\/03\/pop-up-ecomm-be-clarified-Acne-Clearing-Moisturizer.jpg\" loading=\"lazy\"\/>\n        <!--==================================================== Ecomm information  ====================================================-->\n            NOUVEAU\n            <p>MONAT<\/p>\n            <h1>Huile \u00e0 l\u00e8vres teint\u00e9e<br \/> MONAT GlowTint<sup>\u2122\ufe0f<\/sup><\/h1>\n            <!--<p>with Niacinamide and Squalane<\/p> -->\n            <p>Offre une brillance effet de verre qui tient longtemps.<\/p>\n            <p>8 ml \u212e 0,27 oz liq.<\/p>\n            \n                <label><input type=\"radio\"  name=\"glowTint\"\/><\/label>\n                <label><input type=\"radio\"  name=\"glowTint\"\/><\/label>\n           <!--==================================================== pricing box  ====================================================-->    \n                    <p>Prix de d\u00e9tail<br \/>00.00 $ CA<\/p>\n                    <p>Prix de client VIP<br \/>00.00 $ CA<\/p>\n           <!--==================================================== pricing box  ====================================================-->\n            <p>Pour en savoir plus sur   l&#8217;Huile \u00e0 l\u00e8vres teint\u00e9e MONAT GlowTint<sup>\u2122\ufe0f<\/sup>, veuillez contacter votre partenaire de march\u00e9&nbsp;MONAT.<\/p>\n      <a href=\"\" target=\"_blank\" role=\"button\" aria-label=\"\"><\/a>\n    <!--==================================================== \/ECOMM SECTION  ====================================================-->\n    <!--==================================================== Benefits image ====================================================-->\n    \n        <source id=\"benefitsMobImg\" media=\"(max-width: 700px)\" srcset=\"\"\/>\n        <img decoding=\"async\" id=\"benefitsImg\" src=\"\" alt=\"\"\/>\n    \n    <!--==================================================== Benefits text ====================================================-->\n            <h2>BIENFAITS<\/h2>\n            <h3>Cette formule riche en antioxydants combine les bienfaits nourrissants d&#8217;une huile pour les l\u00e8vres et l&#8217;impact durable d&#8217;une teinture, et se d\u00e9cline en deux teintes tendance. <\/h3>\n            <p>Sa formule non collante laisse une douce teinture brillante qui tient longtemps.<\/p>\n            <!--==================================================== features image slide  ====================================================-->\n                    <img decoding=\"async\" src=\"\" alt=\"\"\/>\n                    <img decoding=\"async\" src=\"\" alt=\"\"\/>\n        <!--==================================================== features text ====================================================-->\n                <h3>Caract\u00e9ristiques<\/h3>\n                    <p>\/ Combine les bienfaits nourrissants d&#8217;une huile pour les l\u00e8vres et l&#8217;impact durable d&#8217;une teinture<\/p>\n                    <p>\/ Hydrate en profondeur et emprisonne l&#8217;humidit\u00e9*<\/p>\n                    <p>\/ Teinture transparente et ultra brillante pour les l\u00e8vres <\/p>\n                    <p>\/ Aide \u00e0 diminuer l&#8217;apparence des ridules*<\/p>\n                    <p>\/ Laisse les l\u00e8vres douces, lisses et souples* <\/p>\n                <p>*Bas\u00e9 sur une \u00e9tude de consommateurs de 7 jours men\u00e9e par un laboratoire ind\u00e9pendant aupr\u00e8s de 32 sujets.<\/p>\n                <br \/>\n                <p>Parfum \/ Baie l\u00e9g\u00e8re<\/p>\n                <p>Texture \/ Hybride s\u00e9rum\/huile<\/p>\n                <!--<p>*Based on a consumer study with 35 women between ages 20-60 years, current users of loose powder. Tested by an independent laboratory.<\/p>-->\n    <!--==================================================== composition image mobile ====================================================-->\n    <img decoding=\"async\" src=\"\" alt=\"\"\/>\n    <!--==================================================== Why it works text ====================================================-->\n        <h2>Un soin soyeux. Une brillance effet de verre.<\/h2>\n        <h3>Cette huile nourrissante pour les l\u00e8vres contient des ingr\u00e9dients hydratants comme la vanille tahitienne, l&#8217;huile de jojoba et le REJUVENIQE S\u2122 pour emprisonner l&#8217;humidit\u00e9 et adoucir les l\u00e8vres.<\/h3>\n        <p> Porter seul pour un look brillant ou appliquer apr\u00e8s votre rouge \u00e0 l\u00e8vres pour en rehausser la dimension et l&#8217;\u00e9clat.<\/p>\n<!--==================================================== Composition section ====================================================-->\n        <img decoding=\"async\" src=\"\" alt=\"\"\/>\n        <img decoding=\"async\" id=\"compImg_2\" src=\"\" alt=\"\"\/>\n                <!--==================================================== Directions text ====================================================--> \n                    <h3>Mode d&#8217;emploi<\/h3>\n                        <p>\/ Appliquer directement sur les l\u00e8vres. Utiliser seul ou en plus de vos produits pour les l\u00e8vres MONAT favoris pour augmenter la brillance et l&#8217;hydratation.<\/p>\n                <!--==================================================== Directions video ====================================================-->\n    <p>Huile \u00e0 l\u00e8vres teint\u00e9e<br \/> MONAT GlowTint<sup>\u2122<\/sup>   <br \/>0:30<\/p>\n  <a href=\"\" target=\"_blank\"  role=\"button\" aria-label=\"\"><\/a>\n    <!--==================================================== Ingredients section  ====================================================-->\n        <h2>Ingr\u00e9dients cl\u00e9s<\/h2>\n                <img decoding=\"async\" src=\"https:\/\/monatglobal.com\/wp-content\/uploads\/2026\/05\/REJUVENIQE-S.svg\" alt=\"icon of  REJUVENIQE S\u2122\"\/> \n            <p>REJUVENIQE S\u2122<\/p>\n              <img decoding=\"async\" src=\"https:\/\/monatglobal.com\/wp-content\/uploads\/2026\/05\/Vitamin-E.svg\" alt=\"icon of VVitamin E\"\/>\n      <p>Vitamine E<\/p>\n           <img decoding=\"async\" src=\"https:\/\/monatglobal.com\/wp-content\/uploads\/2026\/05\/Tahitian-Vanilla.svg\" alt=\"icon of Tahitian Vanilla\"\/>\n      <p>Vanille tahitienne<\/p>\n            <img decoding=\"async\" src=\"https:\/\/monatglobal.com\/wp-content\/uploads\/2026\/05\/Jojoba-Oil.svg\" alt=\"icon of Jojoba Oil\"\/> \n      <p>Huile de jojoba<\/p>\n        <button id=\"myBtn\" type=\"button\">INGR\u00c9DIENTS<\/button>\n        <!--==================================================== Modal content  ====================================================-->\n            \u00d7\n            &#8220;DREAM: Mango Butter Dimer Dilinoleyl Esters\/Dimer Dilinoleate Copolymer, Helianthus Annuus (Sunflower) Seed Oil, Diisostearyl Malate, Simmondsia Chinensis (Jojoba) Seed Oil, Ricinus Communis (Castor) Seed Oil, Glyceryl Behenate\/Eicosadioate, Silica, Vanilla Planifolia Fruit Extract, Vanilla Tahitensis Fruit Extract, Limnanthes Alba (Meadowfoam) Seed Oil, Adansonia Digitata Seed Oil, Mauritia Flexuosa Fruit Oil, Cocos Nucifera (Coconut) Oil, Gardenia Taitensis Flower Extract, Crambe Abyssinica Seed Oil, CamelliaOleifera Seed Oil, Solanum Lycopersicum (Tomato) Seed Oil, Daucus Carota Sativa\n(Carrot) Seed Oil, Simmondsia Chinensis (Jojoba) Seed Extract, Moringa Oleifera Seed Oil, Citrus Limon (Lemon) Peel Oil, Citrus Aurantifolia (Lime) Oil, Citrus Aurantium Bergamia (Bergamot) Fruit Oil, Caryocar Brasiliense Fruit Oil, Olea Europaea (Olive) Fruit Oil, Caprylyl Glycol, Sorbitan Oleate, Stearoyl Glutamic Acid, Polyhydroxystearic Acid, Tocopherol, Tocopheryl Acetate, Flavor\/Aroma, Limonene, Benzaldehyde, May Contain (+\/-): Red 27 (CI 45410), Red 28 Lake (CI 45410), Red 33 Lake (CI 17200), Blue 1 Lake (CI 42090). <br \/><br \/>  FLIRT:Mango Butter Dimer Dilinoleyl Esters\/Dimer Dilinoleate Copolymer, Helianthus Annuus(Sunflower) Seed Oil, Diisostearyl Malate, Simmondsia Chinensis (Jojoba) Seed Oil, Ricinus Communis (Castor) Seed Oil, Glyceryl Behenate\/Eicosadioate, Silica, Vanilla Planifolia Fruit Extract, Vanilla Tahitensis Fruit Extract, Limnanthes Alba (Meadowfoam)\nSeed Oil, Solanum Lycopersicum (Tomato) Seed Oil, Daucus Carota Sativa (Carrot)Seed Oil, Simmondsia Chinensis (Jojoba) Seed Extract, Moringa Oleifera Seed Oil, Tocopherol, Tocopheryl Acetate, Adansonia Digitata Seed Oil, Olea Europaea (Olive) Fruit Oil, Mauritia Flexuosa Fruit Oil, Cocos Nucifera (Coconut) Oil, Gardenia Taitensis Flower Extract, Crambe Abyssinica Seed Oil, Camellia Oleifera Seed Oil, Citrus Limon (Lemon) Peel Oil, Citrus Aurantifolia (Lime) Oil, Citrus Aurantium Bergamia (Bergamot)\nFruit Oil, Caryocar Brasiliense Fruit Oil, Caprylyl Glycol, Stearoyl Glutamic Acid, Polyhydroxystearic Acid, Flavor\/Aroma, Limonene, Benzaldehyde May Contain (+\/-): Red 7 (CI 15850), Red 27 (CI 45410), Red 28 Lake (CI 45410), Red 33 Lake (CI 17200).&#8221;\n\n    <!--==================================================== You might also like section ====================================================-->\n        <h2>VOUS POURRIEZ AUSSI AIMER<\/h2>\n        <!--==================================================== Slider YOU MIGHT ALSO LIKE ====================================================-->\n            <!-- If we need navigation buttons -->\n            <!-- If we need paginations -->\n    <a href=\"\" aria-label=\"\"><\/a>\n<!--==================================================== this link has to go last for it to work   ====================================================-->\n\n","protected":false},"excerpt":{"rendered":"<p>NOUVEAU MONAT Huile \u00e0 l\u00e8vres teint\u00e9e MONAT GlowTint\u2122\ufe0f Offre une brillance effet de verre qui tient longtemps. 8 ml \u212e 0,27 oz liq. Prix de d\u00e9tail00.00 $ CA Prix de client VIP00.00 $ CA Pour en savoir plus sur l&#8217;Huile \u00e0 l\u00e8vres teint\u00e9e MONAT GlowTint\u2122\ufe0f, veuillez contacter votre partenaire de march\u00e9&nbsp;MONAT. BIENFAITS Cette formule riche&hellip;<\/p>\n","protected":false},"author":31,"featured_media":110499,"parent":0,"menu_order":0,"comment_status":"closed","ping_status":"closed","template":"","meta":{"inline_featured_image":false,"om_disable_all_campaigns":false,"_monsterinsights_skip_tracking":false,"_monsterinsights_sitenote_active":false,"_monsterinsights_sitenote_note":"","_monsterinsights_sitenote_category":0,"footnotes":""},"categories":[3629],"tags":[],"class_list":["post-110503","page","type-page","status-publish","has-post-thumbnail","hentry","category-product-fra"],"aioseo_notices":[],"aioseo_head":"\n\t\t<!-- All in One SEO Pro 4.9.6 - aioseo.com -->\n\t<meta name=\"description\" content=\"Obtenez un \u00e9clat lustr\u00e9 gr\u00e2ce \u00e0 l\u2019Huile \u00e0 l\u00e8vres teint\u00e9e MONAT GlowTint\u2122. Cette huile \u00e0 l\u00e8vres teint\u00e9e hydratante et non collante offre une couleur transparente et vibrante.\" \/>\n\t<meta name=\"robots\" content=\"max-image-preview:large\" \/>\n\t<link rel=\"canonical\" href=\"https:\/\/monatglobal.com\/ca\/glowtint-lip-oil\/?lang=fr\" \/>\n\t<meta name=\"generator\" content=\"All in One SEO Pro (AIOSEO) 4.9.6\" \/>\n\t\t<meta property=\"og:locale\" content=\"en_US\" \/>\n\t\t<meta property=\"og:site_name\" content=\"Monat Canada English - We Are Modern Nature\" \/>\n\t\t<meta property=\"og:type\" content=\"article\" \/>\n\t\t<meta property=\"og:title\" content=\"Huile \u00e0 l\u00e8vres teint\u00e9e MONAT GlowTint\u2122 | Gloss hydratant et teinture pour les l\u00e8vres\" \/>\n\t\t<meta property=\"og:description\" content=\"Obtenez un \u00e9clat lustr\u00e9 gr\u00e2ce \u00e0 l\u2019Huile \u00e0 l\u00e8vres teint\u00e9e MONAT GlowTint\u2122. Cette huile \u00e0 l\u00e8vres teint\u00e9e hydratante et non collante offre une couleur transparente et vibrante.\" \/>\n\t\t<meta property=\"og:url\" content=\"https:\/\/monatglobal.com\/ca\/glowtint-lip-oil\/?lang=fr\" \/>\n\t\t<meta property=\"article:published_time\" content=\"2026-05-06T16:54:35+00:00\" \/>\n\t\t<meta property=\"article:modified_time\" content=\"2026-05-07T13:05:40+00:00\" \/>\n\t\t<meta name=\"twitter:card\" content=\"summary_large_image\" \/>\n\t\t<meta name=\"twitter:title\" content=\"Huile \u00e0 l\u00e8vres teint\u00e9e MONAT GlowTint\u2122 | Gloss hydratant et teinture pour les l\u00e8vres\" \/>\n\t\t<meta name=\"twitter:description\" content=\"Obtenez un \u00e9clat lustr\u00e9 gr\u00e2ce \u00e0 l\u2019Huile \u00e0 l\u00e8vres teint\u00e9e MONAT GlowTint\u2122. Cette huile \u00e0 l\u00e8vres teint\u00e9e hydratante et non collante offre une couleur transparente et vibrante.\" \/>\n\t\t<script type=\"application\/ld+json\" class=\"aioseo-schema\">\n\t\t\t{\"@context\":\"https:\\\/\\\/schema.org\",\"@graph\":[{\"@type\":\"BreadcrumbList\",\"@id\":\"https:\\\/\\\/monatglobal.com\\\/ca\\\/glowtint-lip-oil\\\/?lang=fr#breadcrumblist\",\"itemListElement\":[{\"@type\":\"ListItem\",\"@id\":\"https:\\\/\\\/monatglobal.com\\\/ca#listItem\",\"position\":1,\"name\":\"Home\",\"item\":\"https:\\\/\\\/monatglobal.com\\\/ca\",\"nextItem\":{\"@type\":\"ListItem\",\"@id\":\"https:\\\/\\\/monatglobal.com\\\/ca\\\/glowtint-lip-oil\\\/?lang=fr#listItem\",\"name\":\"Huile \\u00e0 l\\u00e8vres teint\\u00e9e MONAT GlowTint\\u2122 | Gloss hydratant et teinture pour les l\\u00e8vres\"}},{\"@type\":\"ListItem\",\"@id\":\"https:\\\/\\\/monatglobal.com\\\/ca\\\/glowtint-lip-oil\\\/?lang=fr#listItem\",\"position\":2,\"name\":\"Huile \\u00e0 l\\u00e8vres teint\\u00e9e MONAT GlowTint\\u2122 | Gloss hydratant et teinture pour les l\\u00e8vres\",\"previousItem\":{\"@type\":\"ListItem\",\"@id\":\"https:\\\/\\\/monatglobal.com\\\/ca#listItem\",\"name\":\"Home\"}}]},{\"@type\":\"Organization\",\"@id\":\"https:\\\/\\\/monatglobal.com\\\/ca\\\/#organization\",\"name\":\"Monat Canada English\",\"description\":\"We Are Modern Nature\",\"url\":\"https:\\\/\\\/monatglobal.com\\\/ca\\\/\"},{\"@type\":\"WebPage\",\"@id\":\"https:\\\/\\\/monatglobal.com\\\/ca\\\/glowtint-lip-oil\\\/?lang=fr#webpage\",\"url\":\"https:\\\/\\\/monatglobal.com\\\/ca\\\/glowtint-lip-oil\\\/?lang=fr\",\"name\":\"Huile \\u00e0 l\\u00e8vres teint\\u00e9e MONAT GlowTint\\u2122 | Gloss hydratant et teinture pour les l\\u00e8vres\",\"description\":\"Obtenez un \\u00e9clat lustr\\u00e9 gr\\u00e2ce \\u00e0 l\\u2019Huile \\u00e0 l\\u00e8vres teint\\u00e9e MONAT GlowTint\\u2122. Cette huile \\u00e0 l\\u00e8vres teint\\u00e9e hydratante et non collante offre une couleur transparente et vibrante.\",\"inLanguage\":\"en-US\",\"isPartOf\":{\"@id\":\"https:\\\/\\\/monatglobal.com\\\/ca\\\/#website\"},\"breadcrumb\":{\"@id\":\"https:\\\/\\\/monatglobal.com\\\/ca\\\/glowtint-lip-oil\\\/?lang=fr#breadcrumblist\"},\"image\":{\"@type\":\"ImageObject\",\"url\":\"https:\\\/\\\/monatglobal.com\\\/ca\\\/wp-content\\\/uploads\\\/sites\\\/5\\\/2026\\\/05\\\/MONAT-Glow-Tint-Lip-Oil-dream.png\",\"@id\":\"https:\\\/\\\/monatglobal.com\\\/ca\\\/glowtint-lip-oil\\\/?lang=fr\\\/#mainImage\",\"width\":641,\"height\":800},\"primaryImageOfPage\":{\"@id\":\"https:\\\/\\\/monatglobal.com\\\/ca\\\/glowtint-lip-oil\\\/?lang=fr#mainImage\"},\"datePublished\":\"2026-05-06T12:54:35-04:00\",\"dateModified\":\"2026-05-07T09:05:40-04:00\"},{\"@type\":\"WebSite\",\"@id\":\"https:\\\/\\\/monatglobal.com\\\/ca\\\/#website\",\"url\":\"https:\\\/\\\/monatglobal.com\\\/ca\\\/\",\"name\":\"Monat Canada English\",\"description\":\"We Are Modern Nature\",\"inLanguage\":\"en-US\",\"publisher\":{\"@id\":\"https:\\\/\\\/monatglobal.com\\\/ca\\\/#organization\"}}]}\n\t\t<\/script>\n\t\t<!-- All in One SEO Pro -->\r\n\t\t<title>Huile \u00e0 l\u00e8vres teint\u00e9e MONAT GlowTint\u2122 | Gloss hydratant et teinture pour les l\u00e8vres<\/title>\n\n","aioseo_head_json":{"title":"Huile \u00e0 l\u00e8vres teint\u00e9e MONAT GlowTint\u2122 | Gloss hydratant et teinture pour les l\u00e8vres","description":"Obtenez un \u00e9clat lustr\u00e9 gr\u00e2ce \u00e0 l\u2019Huile \u00e0 l\u00e8vres teint\u00e9e MONAT GlowTint\u2122. Cette huile \u00e0 l\u00e8vres teint\u00e9e hydratante et non collante offre une couleur transparente et vibrante.","canonical_url":"https:\/\/monatglobal.com\/ca\/glowtint-lip-oil\/?lang=fr","robots":"max-image-preview:large","keywords":"","webmasterTools":{"miscellaneous":""},"schema":{"@context":"https:\/\/schema.org","@graph":[{"@type":"BreadcrumbList","@id":"https:\/\/monatglobal.com\/ca\/glowtint-lip-oil\/?lang=fr#breadcrumblist","itemListElement":[{"@type":"ListItem","@id":"https:\/\/monatglobal.com\/ca#listItem","position":1,"name":"Home","item":"https:\/\/monatglobal.com\/ca","nextItem":{"@type":"ListItem","@id":"https:\/\/monatglobal.com\/ca\/glowtint-lip-oil\/?lang=fr#listItem","name":"Huile \u00e0 l\u00e8vres teint\u00e9e MONAT GlowTint\u2122 | Gloss hydratant et teinture pour les l\u00e8vres"}},{"@type":"ListItem","@id":"https:\/\/monatglobal.com\/ca\/glowtint-lip-oil\/?lang=fr#listItem","position":2,"name":"Huile \u00e0 l\u00e8vres teint\u00e9e MONAT GlowTint\u2122 | Gloss hydratant et teinture pour les l\u00e8vres","previousItem":{"@type":"ListItem","@id":"https:\/\/monatglobal.com\/ca#listItem","name":"Home"}}]},{"@type":"Organization","@id":"https:\/\/monatglobal.com\/ca\/#organization","name":"Monat Canada English","description":"We Are Modern Nature","url":"https:\/\/monatglobal.com\/ca\/"},{"@type":"WebPage","@id":"https:\/\/monatglobal.com\/ca\/glowtint-lip-oil\/?lang=fr#webpage","url":"https:\/\/monatglobal.com\/ca\/glowtint-lip-oil\/?lang=fr","name":"Huile \u00e0 l\u00e8vres teint\u00e9e MONAT GlowTint\u2122 | Gloss hydratant et teinture pour les l\u00e8vres","description":"Obtenez un \u00e9clat lustr\u00e9 gr\u00e2ce \u00e0 l\u2019Huile \u00e0 l\u00e8vres teint\u00e9e MONAT GlowTint\u2122. Cette huile \u00e0 l\u00e8vres teint\u00e9e hydratante et non collante offre une couleur transparente et vibrante.","inLanguage":"en-US","isPartOf":{"@id":"https:\/\/monatglobal.com\/ca\/#website"},"breadcrumb":{"@id":"https:\/\/monatglobal.com\/ca\/glowtint-lip-oil\/?lang=fr#breadcrumblist"},"image":{"@type":"ImageObject","url":"https:\/\/monatglobal.com\/ca\/wp-content\/uploads\/sites\/5\/2026\/05\/MONAT-Glow-Tint-Lip-Oil-dream.png","@id":"https:\/\/monatglobal.com\/ca\/glowtint-lip-oil\/?lang=fr\/#mainImage","width":641,"height":800},"primaryImageOfPage":{"@id":"https:\/\/monatglobal.com\/ca\/glowtint-lip-oil\/?lang=fr#mainImage"},"datePublished":"2026-05-06T12:54:35-04:00","dateModified":"2026-05-07T09:05:40-04:00"},{"@type":"WebSite","@id":"https:\/\/monatglobal.com\/ca\/#website","url":"https:\/\/monatglobal.com\/ca\/","name":"Monat Canada English","description":"We Are Modern Nature","inLanguage":"en-US","publisher":{"@id":"https:\/\/monatglobal.com\/ca\/#organization"}}]},"og:locale":"en_US","og:site_name":"Monat Canada English - We Are Modern Nature","og:type":"article","og:title":"Huile \u00e0 l\u00e8vres teint\u00e9e MONAT GlowTint\u2122 | Gloss hydratant et teinture pour les l\u00e8vres","og:description":"Obtenez un \u00e9clat lustr\u00e9 gr\u00e2ce \u00e0 l\u2019Huile \u00e0 l\u00e8vres teint\u00e9e MONAT GlowTint\u2122. Cette huile \u00e0 l\u00e8vres teint\u00e9e hydratante et non collante offre une couleur transparente et vibrante.","og:url":"https:\/\/monatglobal.com\/ca\/glowtint-lip-oil\/?lang=fr","article:published_time":"2026-05-06T16:54:35+00:00","article:modified_time":"2026-05-07T13:05:40+00:00","twitter:card":"summary_large_image","twitter:title":"Huile \u00e0 l\u00e8vres teint\u00e9e MONAT GlowTint\u2122 | Gloss hydratant et teinture pour les l\u00e8vres","twitter:description":"Obtenez un \u00e9clat lustr\u00e9 gr\u00e2ce \u00e0 l\u2019Huile \u00e0 l\u00e8vres teint\u00e9e MONAT GlowTint\u2122. Cette huile \u00e0 l\u00e8vres teint\u00e9e hydratante et non collante offre une couleur transparente et vibrante."},"aioseo_meta_data":{"post_id":"110503","title":"Huile \u00e0 l\u00e8vres teint\u00e9e MONAT GlowTint\u2122 | Gloss hydratant et teinture pour les l\u00e8vres","description":"Obtenez un \u00e9clat lustr\u00e9 gr\u00e2ce \u00e0 l\u2019Huile \u00e0 l\u00e8vres teint\u00e9e MONAT GlowTint\u2122. Cette huile \u00e0 l\u00e8vres teint\u00e9e hydratante et non collante offre une couleur transparente et vibrante.","keywords":null,"keyphrases":{"focus":{"keyphrase":"","score":0,"analysis":{"keyphraseInTitle":{"score":0,"maxScore":9,"error":1}}},"additional":[]},"primary_term":null,"canonical_url":null,"og_title":null,"og_description":null,"og_object_type":"default","og_image_type":"default","og_image_url":null,"og_image_width":null,"og_image_height":null,"og_image_custom_url":null,"og_image_custom_fields":null,"og_video":"","og_custom_url":null,"og_article_section":null,"og_article_tags":null,"twitter_use_og":false,"twitter_card":"default","twitter_image_type":"default","twitter_image_url":null,"twitter_image_custom_url":null,"twitter_image_custom_fields":null,"twitter_title":null,"twitter_description":null,"schema":{"blockGraphs":[],"customGraphs":[],"default":{"data":{"Article":[],"Course":[],"Dataset":[],"FAQPage":[],"Movie":[],"Person":[],"Product":[],"ProductReview":[],"Car":[],"Recipe":[],"Service":[],"SoftwareApplication":[],"WebPage":[]},"graphName":"WebPage","isEnabled":true},"graphs":[]},"schema_type":"default","schema_type_options":null,"pillar_content":false,"robots_default":true,"robots_noindex":false,"robots_noarchive":false,"robots_nosnippet":false,"robots_nofollow":false,"robots_noimageindex":false,"robots_noodp":false,"robots_notranslate":false,"robots_max_snippet":"-1","robots_max_videopreview":"-1","robots_max_imagepreview":"large","priority":null,"frequency":"default","local_seo":null,"seo_analyzer_scan_date":null,"limit_modified_date":false,"reviewed_by":"0","open_ai":null,"ai":{"faqs":[],"keyPoints":[],"schemas":[],"titles":[],"descriptions":[],"socialPosts":{"email":[],"linkedin":[],"twitter":[],"facebook":[],"instagram":[]}},"created":"2026-05-06 16:53:28","updated":"2026-05-07 15:15:40"},"aioseo_breadcrumb":"<div class=\"aioseo-breadcrumbs\"><span class=\"aioseo-breadcrumb\">\n\t<a href=\"https:\/\/monatglobal.com\/ca\" title=\"Home\">Home<\/a>\n<\/span><span class=\"aioseo-breadcrumb-separator\">&raquo;<\/span><span class=\"aioseo-breadcrumb\">\n\tHuile \u00e0 l\u00e8vres teint\u00e9e MONAT GlowTint\u2122 | Gloss hydratant et teinture pour les l\u00e8vres\n<\/span><\/div>","aioseo_breadcrumb_json":[{"label":"Home","link":"https:\/\/monatglobal.com\/ca"},{"label":"Huile \u00e0 l\u00e8vres teint\u00e9e MONAT GlowTint\u2122 | Gloss hydratant et teinture pour les l\u00e8vres","link":"https:\/\/monatglobal.com\/ca\/glowtint-lip-oil\/?lang=fr"}],"_links":{"self":[{"href":"https:\/\/monatglobal.com\/ca\/wp-json\/wp\/v2\/pages\/110503","targetHints":{"allow":["GET"]}}],"collection":[{"href":"https:\/\/monatglobal.com\/ca\/wp-json\/wp\/v2\/pages"}],"about":[{"href":"https:\/\/monatglobal.com\/ca\/wp-json\/wp\/v2\/types\/page"}],"author":[{"embeddable":true,"href":"https:\/\/monatglobal.com\/ca\/wp-json\/wp\/v2\/users\/31"}],"replies":[{"embeddable":true,"href":"https:\/\/monatglobal.com\/ca\/wp-json\/wp\/v2\/comments?post=110503"}],"version-history":[{"count":16,"href":"https:\/\/monatglobal.com\/ca\/wp-json\/wp\/v2\/pages\/110503\/revisions"}],"predecessor-version":[{"id":110528,"href":"https:\/\/monatglobal.com\/ca\/wp-json\/wp\/v2\/pages\/110503\/revisions\/110528"}],"wp:featuredmedia":[{"embeddable":true,"href":"https:\/\/monatglobal.com\/ca\/wp-json\/wp\/v2\/media\/110499"}],"wp:attachment":[{"href":"https:\/\/monatglobal.com\/ca\/wp-json\/wp\/v2\/media?parent=110503"}],"wp:term":[{"taxonomy":"category","embeddable":true,"href":"https:\/\/monatglobal.com\/ca\/wp-json\/wp\/v2\/categories?post=110503"},{"taxonomy":"post_tag","embeddable":true,"href":"https:\/\/monatglobal.com\/ca\/wp-json\/wp\/v2\/tags?post=110503"}],"curies":[{"name":"wp","href":"https:\/\/api.w.org\/{rel}","templated":true}]}}