{"id":110390,"date":"2026-03-11T13:46:04","date_gmt":"2026-03-11T17:46:04","guid":{"rendered":"https:\/\/monatglobal.com\/ca\/?page_id=110390"},"modified":"2026-04-09T13:19:23","modified_gmt":"2026-04-09T17:19:23","slug":"bloom-theory-hair-perfume","status":"publish","type":"page","link":"https:\/\/monatglobal.com\/ca\/bloom-theory-hair-perfume\/?lang=fr","title":{"rendered":"Parfum pour cheveux Th\u00e9orie florale MONAT"},"content":{"rendered":"\n\n\t<link rel=\"stylesheet\" href=\"https:\/\/monatglobal.com\/wp-content\/creative_css\/product_styles_sheet.css\" \/>\n\t<!--==================================================== ECOMM SECTION ====================================================-->\n\t\t<!--==================================================== Ecomm image ====================================================-->\n\t\t<img decoding=\"async\" src=\"https:\/\/monatglobal.com\/wp-content\/uploads\/2026\/03\/MONAT-BLOOM-THEORY-HAIR-PERFUME_ecomm_2026-1.png\" \n\t\talt=\"MONAT Bloom Theory\u2122 Hair Perfume bottle\" loading=\"lazy\"\/>\n\t\t<!--==================================================== Ecomm information  ====================================================-->\n\t\t\t \n\t\t\tNOUVEAU\n\t\t\t <p>MONAT<\/p> \n\t\t\t<h1>Parfum pour cheveux Th\u00e9orie florale MONAT<\/h1>\n\t\t\t\n\t\t\t<p>Un parfum \u00e9l\u00e9gant aux notes romantiques de fruits, de fleurs et de bois.<\/p>\n\t\t\t<p>50 ml \u212e 1,7 oz liq.<\/p>\n\t\t\t<!--==================================================== pricing box  ====================================================-->\n\t\t\t\t\t<p>Prix de d\u00e9tail<br \/>$00,00 $ CA<\/p>\n\t\t\t\t\t<p>Prix de client VIP<br \/>$00,00 $ CA<\/p>\n\t\t<!--==================================================== pricing box  ====================================================-->\n\t\t\t<p>Pour en savoir plus sur le Parfum pour cheveux Th\u00e9orie florale MONAT, veuillez contacter votre partenaire de march\u00e9&nbsp;MONAT.<\/p>\n            <a href=\"\" target=\"_blank\" role=\"button\" aria-label=\"\"><\/a>\n\t<!--==================================================== \/ECOMM SECTION  ====================================================-->\n\t<!--==================================================== Benefits image ====================================================-->\n\t\n\t\t<source media=\"(max-width: 700px)\" srcset=\"https:\/\/monatglobal.com\/wp-content\/uploads\/2026\/03\/MONAT-BLOOM-THEORY-HAIR-PERFUME_mobile-benefits_2026.jpg\" loading=\"lazy\"\/>\n\t\t\t<img decoding=\"async\" alt=\"MONAT Bloom Theory Hair Perfume spray bottle nestled among pink lilies and red peonies against a light background\" src=\"https:\/\/monatglobal.com\/wp-content\/uploads\/2026\/03\/Bloom-Theory-Hair-Perfume-benefits-desktop_2026.jpg\" loading=\"lazy\"\/>\n\t\t\n\t\t<!--==================================================== Benefits text ====================================================-->\n\t\t\t\t<h2>BIENFAITS<\/h2>\n\t\t\t\t<h3>Transformez votre look en y ajoutant un parfum&nbsp;irr\u00e9sistible.<\/h3>\n                   <p>Enrichi en REJUVENIQE<sup>\u00ae<\/sup> pour augmenter l&#8217;\u00e9clat, le Parfum pour cheveux Th\u00e9orie florale est la touche finale parfaite pour rehausser votre routine de soins capillaires MONAT. Ce parfum n&#8217;est jamais trop fort et est toujours inoubliable.<\/p>\n\t\t\t\t<!--==================================================== features image  ====================================================-->\n\t\t\t\t<img decoding=\"async\" alt=\"ONAT Bloom Theory Hair Perfume tucked in a denim pocket alongside a white peony and pink lily, with flowing brown hair above\" src=\"https:\/\/monatglobal.com\/wp-content\/uploads\/2026\/03\/monat-Bloom-theory-features.jpg\" loading=\"lazy\"\/>\n\t\t\t<!--==================================================== features text ====================================================-->\n\t\t\t\t\t<h3>Caract\u00e9ristiques<\/h3><br \/>\n\t\t\t\t\t\t<p>\/ Insuffle aux cheveux un parfum luxueux et haut de gamme<\/p>\n\t\t\t\t\t\t<p>\/ Formule l\u00e9g\u00e8re et s\u00e9curitaire pour les cheveux enrichie en REJUVENIQE\u00ae pour am\u00e9liorer l&#8217;\u00e9clat*<\/p>\n\t\t\t\t\t\t<p>\/ Hydrate et offre un parfum longue dur\u00e9e*<\/p>\n\t\t\t\t\t\t<p>\/ Aide \u00e0 pr\u00e9server les colorations et la vitalit\u00e9 des cheveux* <\/p>\n\t\t\t\t\t\t<p>\/ Convient \u00e0 tous types de cheveux<\/p>\n\t\t\t\t\t<p>*Bas\u00e9 sur une \u00e9tude de consommateurs de 7 jours men\u00e9e par un laboratoire ind\u00e9pendant aupr\u00e8s de 35 participants.<\/p>\n\t\t\t\t\t\t<br \/>\n\t\t\t\t\t<p>Parfum \/ Notes fruit\u00e9es, florales et bois\u00e9es<\/p>\n\t\t\t\t\t<p> Texture \/ Vaporisateur l\u00e9ger<\/p>\n\t\t\t\t\t\t\n\t\t<!--==================================================== composition image mobile ====================================================-->\n\t\t<img decoding=\"async\" alt=\"Hand holding MONAT Bloom Theory Hair Perfume spray bottle with white and red peonies blooming from the top against a neutral background\" src=\"https:\/\/monatglobal.com\/wp-content\/uploads\/2026\/03\/monat-Bloom-theory-standalone.jpg\" loading=\"lazy\"\/>\n\t\t<!--==================================================== Why it works text ====================================================-->\n\t\t\t<h2>Doux. Irr\u00e9sistible. Inoubliable.<\/h2> \n\t\t\t<h3>Ce parfum \u00e9l\u00e9gant a des notes d&#8217;ouverture lumineuses de bergamote, de cassis et de poire, menant \u00e0 de douces notes de c\u0153ur florales de roses rouges, de p\u00e9tales de pivoine et de lys l\u00e9ger.<\/h3>\n\t\t\t<p>Les notes chaudes de bois de cachemire, de musc blanc, de n\u00e9roli et d&#8217;ambre s&#8217;attardent d\u00e9licatement dans l&#8217;air.<\/p>\n\t<!--==================================================== Composition section ====================================================-->\n\t\t\t<img decoding=\"async\" alt=\"Hand holding MONAT Bloom Theory Hair Perfume spray bottle with white and red peonies blooming from the top against a neutral background\" src=\"https:\/\/monatglobal.com\/wp-content\/uploads\/2026\/03\/monat-Bloom-theory-standalone.jpg\" loading=\"lazy\"\/>\n\t\t\t<img decoding=\"async\" alt=\"MONAT Bloom Theory Hair Perfume 50ml spray bottle resting among pink lilies, white peonies, and red peonies with green leaves\" src=\"https:\/\/monatglobal.com\/wp-content\/uploads\/2026\/03\/monat-Bloom-theory-composition.jpg\" loading=\"lazy\"\/>\n\t\t\t\t\t<!--==================================================== Directions text ====================================================--> \n\t\t\t\t\t\t<h3>Mode d&#8217;emploi<\/h3>\n\t\t\t\t\t\t\t<p>\/ Diviser les cheveux en sections.<\/p>\n\t\t\t\t\t\t\t<p>\/ Tenir de 20 \u00e0 25 cm des cheveux et pulv\u00e9riser de fa\u00e7on uniforme sur cheveux&nbsp;secs. <\/p>\n\t\t\t\t\t\t\t<p>\/ R\u00e9appliquer au besoin au courant de la journ\u00e9e pour rafra\u00eechir le&nbsp;parfum.<\/p>\n\t\t\t\t\t<!--==================================================== Directions video ====================================================-->\n\t\t\t\t\t<!--\t-->\n\t\t<!--<p>Parfum pour cheveux <br \/> Th\u00e9orie florale MONAT <br \/>0:30<\/p>-->\n            <a href=\"\" target=\"_blank\"  role=\"button\" aria-label=\"\"><\/a>\n\t<!--==================================================== Ingredients section  ====================================================-->\n\t\t<h2>Notes olfactives<\/h2>\n\t\t<img decoding=\"async\" src=\"https:\/\/monatglobal.com\/wp-content\/uploads\/2026\/03\/Bergamot.svg\" alt=\"Red Roses Icon\"\/>\n\t\t\t\t<p>Bergamote<\/p>\n\t\t\t\t<img decoding=\"async\" src=\"https:\/\/monatglobal.com\/wp-content\/uploads\/2026\/03\/pear.svg\" alt=\"rose Icon\"\/>\n\t\t\t<p>Poire <\/p> \n\t\t    \t<img decoding=\"async\" src=\"https:\/\/monatglobal.com\/wp-content\/uploads\/2026\/03\/rose.svg\" alt=\"rose Icon\"\/>\n\t\t<p>Rose<\/p>\n\t    \t\t    \t<img decoding=\"async\" src=\"https:\/\/monatglobal.com\/wp-content\/uploads\/2026\/03\/Cashmere-Woods-1.svg\" alt=\"Cashmere Woods Icon\"\/>\n\t<p>Bois de cachemire<\/p>\n<img decoding=\"async\" src=\"https:\/\/monatglobal.com\/wp-content\/uploads\/2022\/11\/Vegan-UV-Protectant.svg\" alt=\"Vegan UV Protectant Icon\"\/>\n\t<p>Vegan UV Protectant<\/p>\n<img decoding=\"async\" src=\"https:\/\/monatglobal.com\/wp-content\/uploads\/2022\/11\/Naturally-Derived-Emollients-Lipids.svg\" alt=\"Naturally Derived Emollients \n&amp; Lipids Icon\"\/>\n\t<p>Naturally Derived Emollients &#038;&nbsp;Lipids<\/p>\n\t<button id=\"myBtn\" type=\"button\">INGR\u00c9DIENTS<\/button>\n\t<!--==================================================== Modal content  ====================================================-->\n\t\t&times;\n\t\t<p>Alcohol Denat., Aqua\/Water\/Eau, Fragrance\/Parfum, Cinnamidopropyltrimonium Chloride, Glycerin, Picea Mariana Bark Extract, Limnanthes Alba (Meadowfoam) Seed Oil, Crambe Abyssinica Seed Oil, Camellia Oleifera Seed Oil, Pisum Sativum (Pea) Extract, Solanum Lycopersicum (Tomato) Seed Oil, Daucus Carota Sativa (Carrot) Seed Oil, Simmondsia Chinensis (Jojoba) Seed Extract, Moringa Oleifera Seed Oil, Helianthus Annuus (Sunflower) Seed Oil, Citrus Limon (Lemon) Peel Oil, Citrus Aurantifolia (Lime) Oil, Citrus Aurantium Bergamia (Bergamot) Fruit Oil, Adansonia Digitata Oil, Mauritia Flexuosa Fruit Oil, Cocos Nucifera (Coconut) Oil, Gardenia Taitensis Flower Extract, Caryocar Brasiliense Fruit Oil, Olea Europaea (Olive) Fruit Oil, Sodium Benzoate, Limonene, Juniperus Virginiana Oil, Geranyl Acetate, Pinene.<\/p>\n<!--==================================================== You might also like section ====================================================-->\n      <h2>VOUS POURRIEZ AUSSI AIMER<\/h2>\n             <!-- If we need navigation buttons -->\n             <!-- If we need paginations -->\n    <a href=\"\" aria-label=\"\"><\/a>\n\n","protected":false},"excerpt":{"rendered":"<p>NOUVEAU MONAT Parfum pour cheveux Th\u00e9orie florale MONAT Un parfum \u00e9l\u00e9gant aux notes romantiques de fruits, de fleurs et de bois. 50 ml \u212e 1,7 oz liq. Prix de d\u00e9tail$00,00 $ CA Prix de client VIP$00,00 $ CA Pour en savoir plus sur le Parfum pour cheveux Th\u00e9orie florale MONAT, veuillez contacter votre partenaire de&hellip;<\/p>\n","protected":false},"author":33,"featured_media":110384,"parent":0,"menu_order":0,"comment_status":"closed","ping_status":"closed","template":"","meta":{"inline_featured_image":false,"om_disable_all_campaigns":false,"_monsterinsights_skip_tracking":false,"_monsterinsights_sitenote_active":false,"_monsterinsights_sitenote_note":"","_monsterinsights_sitenote_category":0,"footnotes":""},"categories":[3629],"tags":[],"class_list":["post-110390","page","type-page","status-publish","has-post-thumbnail","hentry","category-product-fra"],"aioseo_notices":[],"aioseo_head":"\n\t\t<!-- All in One SEO Pro 4.9.6 - aioseo.com -->\n\t<meta name=\"description\" content=\"Un parfum de luxe pour les cheveux enrichi en Huile REJUVENIQE\u00ae pour augmenter la brillance. Une brume pour les cheveux au parfum floral, fruit\u00e9 et bois\u00e9 qu convient \u00e0 tous types de cheveux. L\u00e9ger et dot\u00e9 d&#039;un parfum de longue dur\u00e9e.\" \/>\n\t<meta name=\"robots\" content=\"max-image-preview:large\" \/>\n\t<link rel=\"canonical\" href=\"https:\/\/monatglobal.com\/ca\/bloom-theory-hair-perfume\/?lang=fr\" \/>\n\t<meta name=\"generator\" content=\"All in One SEO Pro (AIOSEO) 4.9.6\" \/>\n\t\t<meta property=\"og:locale\" content=\"en_US\" \/>\n\t\t<meta property=\"og:site_name\" content=\"Monat Canada English - We Are Modern Nature\" \/>\n\t\t<meta property=\"og:type\" content=\"article\" \/>\n\t\t<meta property=\"og:title\" content=\"Parfum pour cheveux Th\u00e9orie florale MONAT | \u00c9clat et parfum\" \/>\n\t\t<meta property=\"og:description\" content=\"Un parfum de luxe pour les cheveux enrichi en Huile REJUVENIQE\u00ae pour augmenter la brillance. Une brume pour les cheveux au parfum floral, fruit\u00e9 et bois\u00e9 qu convient \u00e0 tous types de cheveux. L\u00e9ger et dot\u00e9 d&#039;un parfum de longue dur\u00e9e.\" \/>\n\t\t<meta property=\"og:url\" content=\"https:\/\/monatglobal.com\/ca\/bloom-theory-hair-perfume\/?lang=fr\" \/>\n\t\t<meta property=\"article:published_time\" content=\"2026-03-11T17:46:04+00:00\" \/>\n\t\t<meta property=\"article:modified_time\" content=\"2026-04-09T17:19:23+00:00\" \/>\n\t\t<meta name=\"twitter:card\" content=\"summary_large_image\" \/>\n\t\t<meta name=\"twitter:title\" content=\"Parfum pour cheveux Th\u00e9orie florale MONAT | \u00c9clat et parfum\" \/>\n\t\t<meta name=\"twitter:description\" content=\"Un parfum de luxe pour les cheveux enrichi en Huile REJUVENIQE\u00ae pour augmenter la brillance. Une brume pour les cheveux au parfum floral, fruit\u00e9 et bois\u00e9 qu convient \u00e0 tous types de cheveux. L\u00e9ger et dot\u00e9 d&#039;un parfum de longue dur\u00e9e.\" \/>\n\t\t<script type=\"application\/ld+json\" class=\"aioseo-schema\">\n\t\t\t{\"@context\":\"https:\\\/\\\/schema.org\",\"@graph\":[{\"@type\":\"BreadcrumbList\",\"@id\":\"https:\\\/\\\/monatglobal.com\\\/ca\\\/bloom-theory-hair-perfume\\\/?lang=fr#breadcrumblist\",\"itemListElement\":[{\"@type\":\"ListItem\",\"@id\":\"https:\\\/\\\/monatglobal.com\\\/ca#listItem\",\"position\":1,\"name\":\"Home\",\"item\":\"https:\\\/\\\/monatglobal.com\\\/ca\",\"nextItem\":{\"@type\":\"ListItem\",\"@id\":\"https:\\\/\\\/monatglobal.com\\\/ca\\\/bloom-theory-hair-perfume\\\/?lang=fr#listItem\",\"name\":\"Parfum pour cheveux Th\\u00e9orie florale MONAT\"}},{\"@type\":\"ListItem\",\"@id\":\"https:\\\/\\\/monatglobal.com\\\/ca\\\/bloom-theory-hair-perfume\\\/?lang=fr#listItem\",\"position\":2,\"name\":\"Parfum pour cheveux Th\\u00e9orie florale MONAT\",\"previousItem\":{\"@type\":\"ListItem\",\"@id\":\"https:\\\/\\\/monatglobal.com\\\/ca#listItem\",\"name\":\"Home\"}}]},{\"@type\":\"Organization\",\"@id\":\"https:\\\/\\\/monatglobal.com\\\/ca\\\/#organization\",\"name\":\"Monat Canada English\",\"description\":\"We Are Modern Nature\",\"url\":\"https:\\\/\\\/monatglobal.com\\\/ca\\\/\"},{\"@type\":\"WebPage\",\"@id\":\"https:\\\/\\\/monatglobal.com\\\/ca\\\/bloom-theory-hair-perfume\\\/?lang=fr#webpage\",\"url\":\"https:\\\/\\\/monatglobal.com\\\/ca\\\/bloom-theory-hair-perfume\\\/?lang=fr\",\"name\":\"Parfum pour cheveux Th\\u00e9orie florale MONAT | \\u00c9clat et parfum\",\"description\":\"Un parfum de luxe pour les cheveux enrichi en Huile REJUVENIQE\\u00ae pour augmenter la brillance. Une brume pour les cheveux au parfum floral, fruit\\u00e9 et bois\\u00e9 qu convient \\u00e0 tous types de cheveux. L\\u00e9ger et dot\\u00e9 d'un parfum de longue dur\\u00e9e.\",\"inLanguage\":\"en-US\",\"isPartOf\":{\"@id\":\"https:\\\/\\\/monatglobal.com\\\/ca\\\/#website\"},\"breadcrumb\":{\"@id\":\"https:\\\/\\\/monatglobal.com\\\/ca\\\/bloom-theory-hair-perfume\\\/?lang=fr#breadcrumblist\"},\"image\":{\"@type\":\"ImageObject\",\"url\":\"https:\\\/\\\/monatglobal.com\\\/ca\\\/wp-content\\\/uploads\\\/sites\\\/5\\\/2026\\\/03\\\/MONAT-BLOOM-THEORY-HAIR-PERFUME_ecomm_2026-1.png\",\"@id\":\"https:\\\/\\\/monatglobal.com\\\/ca\\\/bloom-theory-hair-perfume\\\/?lang=fr\\\/#mainImage\",\"width\":641,\"height\":800},\"primaryImageOfPage\":{\"@id\":\"https:\\\/\\\/monatglobal.com\\\/ca\\\/bloom-theory-hair-perfume\\\/?lang=fr#mainImage\"},\"datePublished\":\"2026-03-11T13:46:04-04:00\",\"dateModified\":\"2026-04-09T13:19:23-04:00\"},{\"@type\":\"WebSite\",\"@id\":\"https:\\\/\\\/monatglobal.com\\\/ca\\\/#website\",\"url\":\"https:\\\/\\\/monatglobal.com\\\/ca\\\/\",\"name\":\"Monat Canada English\",\"description\":\"We Are Modern Nature\",\"inLanguage\":\"en-US\",\"publisher\":{\"@id\":\"https:\\\/\\\/monatglobal.com\\\/ca\\\/#organization\"}}]}\n\t\t<\/script>\n\t\t<!-- All in One SEO Pro -->\r\n\t\t<title>Parfum pour cheveux Th\u00e9orie florale MONAT | \u00c9clat et parfum<\/title>\n\n","aioseo_head_json":{"title":"Parfum pour cheveux Th\u00e9orie florale MONAT | \u00c9clat et parfum","description":"Un parfum de luxe pour les cheveux enrichi en Huile REJUVENIQE\u00ae pour augmenter la brillance. Une brume pour les cheveux au parfum floral, fruit\u00e9 et bois\u00e9 qu convient \u00e0 tous types de cheveux. L\u00e9ger et dot\u00e9 d'un parfum de longue dur\u00e9e.","canonical_url":"https:\/\/monatglobal.com\/ca\/bloom-theory-hair-perfume\/?lang=fr","robots":"max-image-preview:large","keywords":"","webmasterTools":{"miscellaneous":""},"schema":{"@context":"https:\/\/schema.org","@graph":[{"@type":"BreadcrumbList","@id":"https:\/\/monatglobal.com\/ca\/bloom-theory-hair-perfume\/?lang=fr#breadcrumblist","itemListElement":[{"@type":"ListItem","@id":"https:\/\/monatglobal.com\/ca#listItem","position":1,"name":"Home","item":"https:\/\/monatglobal.com\/ca","nextItem":{"@type":"ListItem","@id":"https:\/\/monatglobal.com\/ca\/bloom-theory-hair-perfume\/?lang=fr#listItem","name":"Parfum pour cheveux Th\u00e9orie florale MONAT"}},{"@type":"ListItem","@id":"https:\/\/monatglobal.com\/ca\/bloom-theory-hair-perfume\/?lang=fr#listItem","position":2,"name":"Parfum pour cheveux Th\u00e9orie florale MONAT","previousItem":{"@type":"ListItem","@id":"https:\/\/monatglobal.com\/ca#listItem","name":"Home"}}]},{"@type":"Organization","@id":"https:\/\/monatglobal.com\/ca\/#organization","name":"Monat Canada English","description":"We Are Modern Nature","url":"https:\/\/monatglobal.com\/ca\/"},{"@type":"WebPage","@id":"https:\/\/monatglobal.com\/ca\/bloom-theory-hair-perfume\/?lang=fr#webpage","url":"https:\/\/monatglobal.com\/ca\/bloom-theory-hair-perfume\/?lang=fr","name":"Parfum pour cheveux Th\u00e9orie florale MONAT | \u00c9clat et parfum","description":"Un parfum de luxe pour les cheveux enrichi en Huile REJUVENIQE\u00ae pour augmenter la brillance. Une brume pour les cheveux au parfum floral, fruit\u00e9 et bois\u00e9 qu convient \u00e0 tous types de cheveux. L\u00e9ger et dot\u00e9 d'un parfum de longue dur\u00e9e.","inLanguage":"en-US","isPartOf":{"@id":"https:\/\/monatglobal.com\/ca\/#website"},"breadcrumb":{"@id":"https:\/\/monatglobal.com\/ca\/bloom-theory-hair-perfume\/?lang=fr#breadcrumblist"},"image":{"@type":"ImageObject","url":"https:\/\/monatglobal.com\/ca\/wp-content\/uploads\/sites\/5\/2026\/03\/MONAT-BLOOM-THEORY-HAIR-PERFUME_ecomm_2026-1.png","@id":"https:\/\/monatglobal.com\/ca\/bloom-theory-hair-perfume\/?lang=fr\/#mainImage","width":641,"height":800},"primaryImageOfPage":{"@id":"https:\/\/monatglobal.com\/ca\/bloom-theory-hair-perfume\/?lang=fr#mainImage"},"datePublished":"2026-03-11T13:46:04-04:00","dateModified":"2026-04-09T13:19:23-04:00"},{"@type":"WebSite","@id":"https:\/\/monatglobal.com\/ca\/#website","url":"https:\/\/monatglobal.com\/ca\/","name":"Monat Canada English","description":"We Are Modern Nature","inLanguage":"en-US","publisher":{"@id":"https:\/\/monatglobal.com\/ca\/#organization"}}]},"og:locale":"en_US","og:site_name":"Monat Canada English - We Are Modern Nature","og:type":"article","og:title":"Parfum pour cheveux Th\u00e9orie florale MONAT | \u00c9clat et parfum","og:description":"Un parfum de luxe pour les cheveux enrichi en Huile REJUVENIQE\u00ae pour augmenter la brillance. Une brume pour les cheveux au parfum floral, fruit\u00e9 et bois\u00e9 qu convient \u00e0 tous types de cheveux. L\u00e9ger et dot\u00e9 d'un parfum de longue dur\u00e9e.","og:url":"https:\/\/monatglobal.com\/ca\/bloom-theory-hair-perfume\/?lang=fr","article:published_time":"2026-03-11T17:46:04+00:00","article:modified_time":"2026-04-09T17:19:23+00:00","twitter:card":"summary_large_image","twitter:title":"Parfum pour cheveux Th\u00e9orie florale MONAT | \u00c9clat et parfum","twitter:description":"Un parfum de luxe pour les cheveux enrichi en Huile REJUVENIQE\u00ae pour augmenter la brillance. Une brume pour les cheveux au parfum floral, fruit\u00e9 et bois\u00e9 qu convient \u00e0 tous types de cheveux. L\u00e9ger et dot\u00e9 d'un parfum de longue dur\u00e9e."},"aioseo_meta_data":{"post_id":"110390","title":"Parfum pour cheveux Th\u00e9orie florale MONAT | \u00c9clat et parfum","description":"Un parfum de luxe pour les cheveux enrichi en Huile REJUVENIQE\u00ae pour augmenter la brillance. Une brume pour les cheveux au parfum floral, fruit\u00e9 et bois\u00e9 qu convient \u00e0 tous types de cheveux. L\u00e9ger et dot\u00e9 d'un parfum de longue dur\u00e9e.","keywords":null,"keyphrases":{"focus":{"keyphrase":"","score":0,"analysis":{"keyphraseInTitle":{"score":0,"maxScore":9,"error":1}}},"additional":[]},"primary_term":null,"canonical_url":null,"og_title":null,"og_description":null,"og_object_type":"default","og_image_type":"default","og_image_url":null,"og_image_width":null,"og_image_height":null,"og_image_custom_url":null,"og_image_custom_fields":null,"og_video":"","og_custom_url":null,"og_article_section":null,"og_article_tags":null,"twitter_use_og":false,"twitter_card":"default","twitter_image_type":"default","twitter_image_url":null,"twitter_image_custom_url":null,"twitter_image_custom_fields":null,"twitter_title":null,"twitter_description":null,"schema":{"blockGraphs":[],"customGraphs":[],"default":{"data":{"Article":[],"Course":[],"Dataset":[],"FAQPage":[],"Movie":[],"Person":[],"Product":[],"ProductReview":[],"Car":[],"Recipe":[],"Service":[],"SoftwareApplication":[],"WebPage":[]},"graphName":"WebPage","isEnabled":true},"graphs":[]},"schema_type":"default","schema_type_options":null,"pillar_content":false,"robots_default":true,"robots_noindex":false,"robots_noarchive":false,"robots_nosnippet":false,"robots_nofollow":false,"robots_noimageindex":false,"robots_noodp":false,"robots_notranslate":false,"robots_max_snippet":"-1","robots_max_videopreview":"-1","robots_max_imagepreview":"large","priority":null,"frequency":"default","local_seo":null,"seo_analyzer_scan_date":"2026-04-13 17:29:02","limit_modified_date":false,"reviewed_by":"0","open_ai":null,"ai":{"faqs":[],"keyPoints":[],"titles":[],"descriptions":[],"socialPosts":{"email":[],"linkedin":[],"twitter":[],"facebook":[],"instagram":[]}},"created":"2026-03-11 17:41:21","updated":"2026-04-13 17:29:10"},"aioseo_breadcrumb":"<div class=\"aioseo-breadcrumbs\"><span class=\"aioseo-breadcrumb\">\n\t<a href=\"https:\/\/monatglobal.com\/ca\" title=\"Home\">Home<\/a>\n<\/span><span class=\"aioseo-breadcrumb-separator\">&raquo;<\/span><span class=\"aioseo-breadcrumb\">\n\tParfum pour cheveux Th\u00e9orie florale MONAT\n<\/span><\/div>","aioseo_breadcrumb_json":[{"label":"Home","link":"https:\/\/monatglobal.com\/ca"},{"label":"Parfum pour cheveux Th\u00e9orie florale MONAT","link":"https:\/\/monatglobal.com\/ca\/bloom-theory-hair-perfume\/?lang=fr"}],"_links":{"self":[{"href":"https:\/\/monatglobal.com\/ca\/wp-json\/wp\/v2\/pages\/110390","targetHints":{"allow":["GET"]}}],"collection":[{"href":"https:\/\/monatglobal.com\/ca\/wp-json\/wp\/v2\/pages"}],"about":[{"href":"https:\/\/monatglobal.com\/ca\/wp-json\/wp\/v2\/types\/page"}],"author":[{"embeddable":true,"href":"https:\/\/monatglobal.com\/ca\/wp-json\/wp\/v2\/users\/33"}],"replies":[{"embeddable":true,"href":"https:\/\/monatglobal.com\/ca\/wp-json\/wp\/v2\/comments?post=110390"}],"version-history":[{"count":7,"href":"https:\/\/monatglobal.com\/ca\/wp-json\/wp\/v2\/pages\/110390\/revisions"}],"predecessor-version":[{"id":110468,"href":"https:\/\/monatglobal.com\/ca\/wp-json\/wp\/v2\/pages\/110390\/revisions\/110468"}],"wp:featuredmedia":[{"embeddable":true,"href":"https:\/\/monatglobal.com\/ca\/wp-json\/wp\/v2\/media\/110384"}],"wp:attachment":[{"href":"https:\/\/monatglobal.com\/ca\/wp-json\/wp\/v2\/media?parent=110390"}],"wp:term":[{"taxonomy":"category","embeddable":true,"href":"https:\/\/monatglobal.com\/ca\/wp-json\/wp\/v2\/categories?post=110390"},{"taxonomy":"post_tag","embeddable":true,"href":"https:\/\/monatglobal.com\/ca\/wp-json\/wp\/v2\/tags?post=110390"}],"curies":[{"name":"wp","href":"https:\/\/api.w.org\/{rel}","templated":true}]}}