{"id":108708,"date":"2025-09-15T11:58:08","date_gmt":"2025-09-15T15:58:08","guid":{"rendered":"https:\/\/monatglobal.com\/ca\/?page_id=108708"},"modified":"2025-09-15T11:58:37","modified_gmt":"2025-09-15T15:58:37","slug":"monat-stylist-program","status":"publish","type":"page","link":"https:\/\/monatglobal.com\/ca\/monat-stylist-program\/?lang=fr","title":{"rendered":"Programme pour les stylistes MONAT | Rehaussez votre art et grandissez au-del\u00e0 du fauteuil"},"content":{"rendered":"\n<style>\n    :root {\n        --primary-color: #F8F4EE;\n    }\n<\/style> \n    <!--<img decoding=\"async\" src=\"https:\/\/monatglobal.com\/wp-content\/uploads\/2025\/09\/main-banner-stylist-program-min.jpg\"\/> -->\n    <!--<br \/>-->\n    <!--<br \/>-->\n    <!--<br \/>-->\n    <!--<br \/>-->\n    <section> \n        <img decoding=\"async\" src=\"https:\/\/monatglobal.com\/wp-content\/uploads\/2025\/09\/stylist-program-banner-moble-2025-min.png\" alt=\"Smiling blonde woman with long hair touching her face with one hand, overlaid with text 'Introducing the Stylist Program\">\n        <img decoding=\"async\" src=\"https:\/\/monatglobal.com\/wp-content\/uploads\/2025\/09\/stylist-program-banner-deskop-2025-colse-up-min.png\" alt=\"Smiling blonde woman with long hair touching her face with one hand, overlaid with text 'Introducing the Stylist Program\">\n               <p> Voici le <\/p>\n               <img decoding=\"async\" src=\"https:\/\/monatglobal.com\/ca\/wp-content\/uploads\/sites\/5\/2025\/09\/monat-stylist-program-french-logo.svg\" alt=\"MONAT logo\">\n    <\/section>\n    <section id=\"post_banner\">\n        Ce programme r\u00e9volutionnaire changera la donne! En plus \nd&#8217;autonomiser les professionnels de la beaut\u00e9 agr\u00e9\u00e9s en leur offrant nos meilleurs vendeurs en format salon, il leur offre aussi l&#8217;opportunit\u00e9 de  rehausser leur art, d&#8217;augmenter leurs revenus et de \nb\u00e2tir une entreprise dont la port\u00e9e va au-del\u00e0 du fauteuil!\n        <a href=\"https:\/\/mymonat.com\/pyr_core\/v2_enrollments\/select_market?sponsor_id=&amp;enroll_params=profile_form_type%3Dexpress&amp;market=ca&amp;lang_code=fr\" target=\"_blank\" rel=\"noopener\">S&#8217;INSCRIRE<\/a> \n            <img decoding=\"async\" src=\"https:\/\/monatglobal.com\/wp-content\/uploads\/2025\/09\/Group-of-saloon-pictures-min.png\" alt=\"Three black and white photos showing different women: one with long wavy hair, another in a light-colored top smiling and touching her hair, and a third in dark clothing with her hand holding a pair of scissors\">\n    <\/section>\n    <section id=\"youCan_sec\">\n        <h2>Gr\u00e2ce au Programme<br>pour les stylistes <br>MONAT, vous pouvez :<\/h2>\n                1\n                <p>D\u00e9velopper votre entreprise  en offrant \u00e0 vos clients des solutions de qualit\u00e9 professionnelle qu&#8217;ils peuvent utiliser \u00e0 la maison.<\/p>\n                2\n                Tirer le maximum d&#8217;un mod\u00e8le d&#8217;affaires qui vous permet de \ng\u00e9n\u00e9rer des revenus r\u00e9siduels* et de profiter de la libert\u00e9 de temps.\n                3\n                B\u00e2tir un h\u00e9ritage* qui va au-del\u00e0 du fauteuil, et avoir un impact sur \nvotre avenir, votre famille et votre communaut\u00e9.\n        <a href=\"https:\/\/mymonat.com\/pyr_core\/v2_enrollments\/select_market?sponsor_id=&amp;enroll_params=profile_form_type%3Dexpress&amp;market=ca&amp;lang_code=fr\" target=\"_blank\" rel=\"noopener\">S&#8217;INSCRIRE<\/a>\n            <img decoding=\"async\" src=\"https:\/\/monatglobal.com\/wp-content\/uploads\/2025\/09\/saloon-size_stylist-program_2025-min.png\" alt=\"Row of MONAT hair care products saloon size including shampoos, conditioners in dark blue and purple bottles arranged in a line\">\n    <\/section>\n    <section id=\"backed_sec\">\n         <h2>Des produits <br>luxueux fond\u00e9s<br> sur la science <\/h2>\n             <img decoding=\"async\" src=\"https:\/\/monatglobal.com\/wp-content\/uploads\/2025\/03\/BIOTECH-DERIVED-FORMULATIONS-min.jpg\" alt=\"Oil with bubbles in a petri dish and dropper.\">\n                 <p>Rehaussez tous vos services gr\u00e2ce aux formules prouv\u00e9es cliniquement qui sont de qualit\u00e9 professionnelle et qui renforcent et hydratent les cheveux pour les transformer depuis l&#8217;int\u00e9rieur.<\/p>\n                              <img decoding=\"async\" src=\"https:\/\/monatglobal.com\/wp-content\/uploads\/2025\/03\/BIOTECH-DERIVED-FORMULATIONS-min.jpg\" alt=\"Oil with bubbles in a petri dish and dropper.\">\n                     Une fois que vous vous inscrivez et fassiez l&#8217;objet d&#8217;une v\u00e9rification, \nvous aurez un acc\u00e8s exclusif aux produits en format salon et \u00e0 la Trousse pour les stylistes :\n                     <img decoding=\"async\" src=\"https:\/\/monatglobal.com\/wp-content\/uploads\/2025\/09\/stylist-kit-picure-2025-min.png\" alt=\"MONAT Stylist Kit\">\n         <a href=\"https:\/\/mymonat.com\/pyr_core\/v2_enrollments\/select_market?sponsor_id=&amp;enroll_params=profile_form_type%3Dexpress&amp;market=ca&amp;lang_code=fr\" target=\"_blank\" rel=\"noopener\">S&#8217;INSCRIRE<\/a> \n    <\/section>\n    <section id=\"movement_sec\">\n        <h2>Faites partie d&#8217;un<br>mouvement qui red\u00e9finit <br> ce qui est possible <br> pour les professionnels <br> de la beaut\u00e9 <\/h2>\n            En disant \u00ab oui \u00bb, vous faites partie d&#8217;une communaut\u00e9 exclusive et unique de stylistes visionnaires qui red\u00e9finissent ce \u00e0 quoi ressemble le succ\u00e8s dans l&#8217;industrie de la beaut\u00e9&#8230; \no\u00f9 la collaboration, l&#8217;innovation et les revenus au-del\u00e0 du fauteuil convergent.\n            <img decoding=\"async\" src=\"https:\/\/monatglobal.com\/wp-content\/uploads\/2025\/09\/beauty-profesionals-min.jpg\" loading=\"Black and white photo of a smiling woman with shoulder-length hair in what appears to be a salon or professional setting\">\n    <\/section>\n    <section id=\"pre-footer\">\n        <h2>\u00cates-vous pr\u00eats<br> \u00e0 commencer?<\/h2>\n        <a href=\"https:\/\/mymonat.com\/pyr_core\/v2_enrollments\/select_market?sponsor_id=&amp;enroll_params=profile_form_type%3Dexpress&amp;market=ca&amp;lang_code=fr\" target=\"_blank\" rel=\"noopener\">S&#8217;INSCRIRE<\/a> \n        <a href=\"https:\/\/monatglobal.com\/ca\/wp-content\/uploads\/sites\/5\/2025\/09\/CAN_MONATStylistProgram_FAQ_FR.pdf\" target=\"_blank\" rel=\"noopener\">FAQ<\/a>\n        <!-- <a href=\"https:\/\/monatglobal.com\/income-disclosure-statement\/\">See Income Disclosure Statement for details.<\/a>-->\n        <p>*Les revenus ne sont pas garantis. Les r\u00e9sultats individuels peuvent varier selon l&#8217;effort, le d\u00e9vouement et d&#8217;autre facteurs. Aucun r\u00e9sultat n&#8217;est garanti, mais les r\u00e9compenses potentielles peuvent \u00eatre incroyables pour ceux et celles qui travaillent fort et maintiennent leur engagement. Pour plus de renseignements, visitez la D\u00e9claration de MONAT concernant les revenus ici :  (https:\/\/monatglobal.com\/ca\/income-disclosure-statement\/?lang=fr)<\/p>\n    <\/section>\n","protected":false},"excerpt":{"rendered":"<p>Voici le Ce programme r\u00e9volutionnaire changera la donne! En plus d&#8217;autonomiser les professionnels de la beaut\u00e9 agr\u00e9\u00e9s en leur offrant nos meilleurs vendeurs en format salon, il leur offre aussi l&#8217;opportunit\u00e9 de rehausser leur art, d&#8217;augmenter leurs revenus et de b\u00e2tir une entreprise dont la port\u00e9e va au-del\u00e0 du fauteuil! S&#8217;INSCRIRE Gr\u00e2ce au Programmepour les&hellip;<\/p>\n","protected":false},"author":31,"featured_media":108704,"parent":0,"menu_order":0,"comment_status":"closed","ping_status":"closed","template":"","meta":{"inline_featured_image":false,"om_disable_all_campaigns":false,"_monsterinsights_skip_tracking":false,"_monsterinsights_sitenote_active":false,"_monsterinsights_sitenote_note":"","_monsterinsights_sitenote_category":0,"footnotes":""},"categories":[],"tags":[],"class_list":["post-108708","page","type-page","status-publish","has-post-thumbnail","hentry"],"aioseo_notices":[],"aioseo_head":"\n\t\t<!-- All in One SEO Pro 4.9.5.2 - aioseo.com -->\n\t<meta name=\"description\" content=\"D\u00e9couvrez le Programme pour les stylistes MONAT, cr\u00e9\u00e9 pour les professionnels de la beaut\u00e9 agr\u00e9\u00e9s. Ayez acc\u00e8s \u00e0 des produits en format salon, augmentez vos revenus et d\u00e9veloppez une entreprise dont la port\u00e9e s\u2019\u00e9tend au-del\u00e0 du fauteuil. Inscrivez-vous d\u00e8s aujourd\u2019hui!\" \/>\n\t<meta name=\"robots\" content=\"max-image-preview:large\" \/>\n\t<link rel=\"canonical\" href=\"https:\/\/monatglobal.com\/ca\/monat-stylist-program\/?lang=fr\" \/>\n\t<meta name=\"generator\" content=\"All in One SEO Pro (AIOSEO) 4.9.5.2\" \/>\n\t\t<meta property=\"og:locale\" content=\"en_US\" \/>\n\t\t<meta property=\"og:site_name\" content=\"Monat Canada English - We Are Modern Nature\" \/>\n\t\t<meta property=\"og:type\" content=\"article\" \/>\n\t\t<meta property=\"og:title\" content=\"Programme pour les stylistes MONAT | Rehaussez votre art et grandissez au-del\u00e0 du fauteuil\" \/>\n\t\t<meta property=\"og:description\" content=\"D\u00e9couvrez le Programme pour les stylistes MONAT, cr\u00e9\u00e9 pour les professionnels de la beaut\u00e9 agr\u00e9\u00e9s. Ayez acc\u00e8s \u00e0 des produits en format salon, augmentez vos revenus et d\u00e9veloppez une entreprise dont la port\u00e9e s\u2019\u00e9tend au-del\u00e0 du fauteuil. Inscrivez-vous d\u00e8s aujourd\u2019hui!\" \/>\n\t\t<meta property=\"og:url\" content=\"https:\/\/monatglobal.com\/ca\/monat-stylist-program\/?lang=fr\" \/>\n\t\t<meta property=\"article:published_time\" content=\"2025-09-15T15:58:08+00:00\" \/>\n\t\t<meta property=\"article:modified_time\" content=\"2025-09-15T15:58:37+00:00\" \/>\n\t\t<meta name=\"twitter:card\" content=\"summary_large_image\" \/>\n\t\t<meta name=\"twitter:title\" content=\"Programme pour les stylistes MONAT | Rehaussez votre art et grandissez au-del\u00e0 du fauteuil\" \/>\n\t\t<meta name=\"twitter:description\" content=\"D\u00e9couvrez le Programme pour les stylistes MONAT, cr\u00e9\u00e9 pour les professionnels de la beaut\u00e9 agr\u00e9\u00e9s. Ayez acc\u00e8s \u00e0 des produits en format salon, augmentez vos revenus et d\u00e9veloppez une entreprise dont la port\u00e9e s\u2019\u00e9tend au-del\u00e0 du fauteuil. Inscrivez-vous d\u00e8s aujourd\u2019hui!\" \/>\n\t\t<script type=\"application\/ld+json\" class=\"aioseo-schema\">\n\t\t\t{\"@context\":\"https:\\\/\\\/schema.org\",\"@graph\":[{\"@type\":\"BreadcrumbList\",\"@id\":\"https:\\\/\\\/monatglobal.com\\\/ca\\\/monat-stylist-program\\\/?lang=fr#breadcrumblist\",\"itemListElement\":[{\"@type\":\"ListItem\",\"@id\":\"https:\\\/\\\/monatglobal.com\\\/ca#listItem\",\"position\":1,\"name\":\"Home\",\"item\":\"https:\\\/\\\/monatglobal.com\\\/ca\",\"nextItem\":{\"@type\":\"ListItem\",\"@id\":\"https:\\\/\\\/monatglobal.com\\\/ca\\\/monat-stylist-program\\\/?lang=fr#listItem\",\"name\":\"Programme pour les stylistes MONAT | Rehaussez votre art et grandissez au-del\\u00e0 du fauteuil\"}},{\"@type\":\"ListItem\",\"@id\":\"https:\\\/\\\/monatglobal.com\\\/ca\\\/monat-stylist-program\\\/?lang=fr#listItem\",\"position\":2,\"name\":\"Programme pour les stylistes MONAT | Rehaussez votre art et grandissez au-del\\u00e0 du fauteuil\",\"previousItem\":{\"@type\":\"ListItem\",\"@id\":\"https:\\\/\\\/monatglobal.com\\\/ca#listItem\",\"name\":\"Home\"}}]},{\"@type\":\"Organization\",\"@id\":\"https:\\\/\\\/monatglobal.com\\\/ca\\\/#organization\",\"name\":\"Monat Canada English\",\"description\":\"We Are Modern Nature\",\"url\":\"https:\\\/\\\/monatglobal.com\\\/ca\\\/\"},{\"@type\":\"WebPage\",\"@id\":\"https:\\\/\\\/monatglobal.com\\\/ca\\\/monat-stylist-program\\\/?lang=fr#webpage\",\"url\":\"https:\\\/\\\/monatglobal.com\\\/ca\\\/monat-stylist-program\\\/?lang=fr\",\"name\":\"Programme pour les stylistes MONAT | Rehaussez votre art et grandissez au-del\\u00e0 du fauteuil\",\"description\":\"D\\u00e9couvrez le Programme pour les stylistes MONAT, cr\\u00e9\\u00e9 pour les professionnels de la beaut\\u00e9 agr\\u00e9\\u00e9s. Ayez acc\\u00e8s \\u00e0 des produits en format salon, augmentez vos revenus et d\\u00e9veloppez une entreprise dont la port\\u00e9e s\\u2019\\u00e9tend au-del\\u00e0 du fauteuil. Inscrivez-vous d\\u00e8s aujourd\\u2019hui!\",\"inLanguage\":\"en-US\",\"isPartOf\":{\"@id\":\"https:\\\/\\\/monatglobal.com\\\/ca\\\/#website\"},\"breadcrumb\":{\"@id\":\"https:\\\/\\\/monatglobal.com\\\/ca\\\/monat-stylist-program\\\/?lang=fr#breadcrumblist\"},\"image\":{\"@type\":\"ImageObject\",\"url\":\"https:\\\/\\\/monatglobal.com\\\/ca\\\/wp-content\\\/uploads\\\/sites\\\/5\\\/2025\\\/09\\\/monat-stylist-program-featured-image.jpg\",\"@id\":\"https:\\\/\\\/monatglobal.com\\\/ca\\\/monat-stylist-program\\\/?lang=fr\\\/#mainImage\",\"width\":1200,\"height\":628},\"primaryImageOfPage\":{\"@id\":\"https:\\\/\\\/monatglobal.com\\\/ca\\\/monat-stylist-program\\\/?lang=fr#mainImage\"},\"datePublished\":\"2025-09-15T11:58:08-04:00\",\"dateModified\":\"2025-09-15T11:58:37-04:00\"},{\"@type\":\"WebSite\",\"@id\":\"https:\\\/\\\/monatglobal.com\\\/ca\\\/#website\",\"url\":\"https:\\\/\\\/monatglobal.com\\\/ca\\\/\",\"name\":\"Monat Canada English\",\"description\":\"We Are Modern Nature\",\"inLanguage\":\"en-US\",\"publisher\":{\"@id\":\"https:\\\/\\\/monatglobal.com\\\/ca\\\/#organization\"}}]}\n\t\t<\/script>\n\t\t<!-- All in One SEO Pro -->\r\n\t\t<title>Programme pour les stylistes MONAT | Rehaussez votre art et grandissez au-del\u00e0 du fauteuil<\/title>\n\n","aioseo_head_json":{"title":"Programme pour les stylistes MONAT | Rehaussez votre art et grandissez au-del\u00e0 du fauteuil","description":"D\u00e9couvrez le Programme pour les stylistes MONAT, cr\u00e9\u00e9 pour les professionnels de la beaut\u00e9 agr\u00e9\u00e9s. Ayez acc\u00e8s \u00e0 des produits en format salon, augmentez vos revenus et d\u00e9veloppez une entreprise dont la port\u00e9e s\u2019\u00e9tend au-del\u00e0 du fauteuil. Inscrivez-vous d\u00e8s aujourd\u2019hui!","canonical_url":"https:\/\/monatglobal.com\/ca\/monat-stylist-program\/?lang=fr","robots":"max-image-preview:large","keywords":"","webmasterTools":{"miscellaneous":""},"schema":{"@context":"https:\/\/schema.org","@graph":[{"@type":"BreadcrumbList","@id":"https:\/\/monatglobal.com\/ca\/monat-stylist-program\/?lang=fr#breadcrumblist","itemListElement":[{"@type":"ListItem","@id":"https:\/\/monatglobal.com\/ca#listItem","position":1,"name":"Home","item":"https:\/\/monatglobal.com\/ca","nextItem":{"@type":"ListItem","@id":"https:\/\/monatglobal.com\/ca\/monat-stylist-program\/?lang=fr#listItem","name":"Programme pour les stylistes MONAT | Rehaussez votre art et grandissez au-del\u00e0 du fauteuil"}},{"@type":"ListItem","@id":"https:\/\/monatglobal.com\/ca\/monat-stylist-program\/?lang=fr#listItem","position":2,"name":"Programme pour les stylistes MONAT | Rehaussez votre art et grandissez au-del\u00e0 du fauteuil","previousItem":{"@type":"ListItem","@id":"https:\/\/monatglobal.com\/ca#listItem","name":"Home"}}]},{"@type":"Organization","@id":"https:\/\/monatglobal.com\/ca\/#organization","name":"Monat Canada English","description":"We Are Modern Nature","url":"https:\/\/monatglobal.com\/ca\/"},{"@type":"WebPage","@id":"https:\/\/monatglobal.com\/ca\/monat-stylist-program\/?lang=fr#webpage","url":"https:\/\/monatglobal.com\/ca\/monat-stylist-program\/?lang=fr","name":"Programme pour les stylistes MONAT | Rehaussez votre art et grandissez au-del\u00e0 du fauteuil","description":"D\u00e9couvrez le Programme pour les stylistes MONAT, cr\u00e9\u00e9 pour les professionnels de la beaut\u00e9 agr\u00e9\u00e9s. Ayez acc\u00e8s \u00e0 des produits en format salon, augmentez vos revenus et d\u00e9veloppez une entreprise dont la port\u00e9e s\u2019\u00e9tend au-del\u00e0 du fauteuil. Inscrivez-vous d\u00e8s aujourd\u2019hui!","inLanguage":"en-US","isPartOf":{"@id":"https:\/\/monatglobal.com\/ca\/#website"},"breadcrumb":{"@id":"https:\/\/monatglobal.com\/ca\/monat-stylist-program\/?lang=fr#breadcrumblist"},"image":{"@type":"ImageObject","url":"https:\/\/monatglobal.com\/ca\/wp-content\/uploads\/sites\/5\/2025\/09\/monat-stylist-program-featured-image.jpg","@id":"https:\/\/monatglobal.com\/ca\/monat-stylist-program\/?lang=fr\/#mainImage","width":1200,"height":628},"primaryImageOfPage":{"@id":"https:\/\/monatglobal.com\/ca\/monat-stylist-program\/?lang=fr#mainImage"},"datePublished":"2025-09-15T11:58:08-04:00","dateModified":"2025-09-15T11:58:37-04:00"},{"@type":"WebSite","@id":"https:\/\/monatglobal.com\/ca\/#website","url":"https:\/\/monatglobal.com\/ca\/","name":"Monat Canada English","description":"We Are Modern Nature","inLanguage":"en-US","publisher":{"@id":"https:\/\/monatglobal.com\/ca\/#organization"}}]},"og:locale":"en_US","og:site_name":"Monat Canada English - We Are Modern Nature","og:type":"article","og:title":"Programme pour les stylistes MONAT | Rehaussez votre art et grandissez au-del\u00e0 du fauteuil","og:description":"D\u00e9couvrez le Programme pour les stylistes MONAT, cr\u00e9\u00e9 pour les professionnels de la beaut\u00e9 agr\u00e9\u00e9s. Ayez acc\u00e8s \u00e0 des produits en format salon, augmentez vos revenus et d\u00e9veloppez une entreprise dont la port\u00e9e s\u2019\u00e9tend au-del\u00e0 du fauteuil. Inscrivez-vous d\u00e8s aujourd\u2019hui!","og:url":"https:\/\/monatglobal.com\/ca\/monat-stylist-program\/?lang=fr","article:published_time":"2025-09-15T15:58:08+00:00","article:modified_time":"2025-09-15T15:58:37+00:00","twitter:card":"summary_large_image","twitter:title":"Programme pour les stylistes MONAT | Rehaussez votre art et grandissez au-del\u00e0 du fauteuil","twitter:description":"D\u00e9couvrez le Programme pour les stylistes MONAT, cr\u00e9\u00e9 pour les professionnels de la beaut\u00e9 agr\u00e9\u00e9s. Ayez acc\u00e8s \u00e0 des produits en format salon, augmentez vos revenus et d\u00e9veloppez une entreprise dont la port\u00e9e s\u2019\u00e9tend au-del\u00e0 du fauteuil. Inscrivez-vous d\u00e8s aujourd\u2019hui!"},"aioseo_meta_data":{"post_id":"108708","title":"Programme pour les stylistes MONAT | Rehaussez votre art et grandissez au-del\u00e0 du fauteuil","description":"D\u00e9couvrez le Programme pour les stylistes MONAT, cr\u00e9\u00e9 pour les professionnels de la beaut\u00e9 agr\u00e9\u00e9s. Ayez acc\u00e8s \u00e0 des produits en format salon, augmentez vos revenus et d\u00e9veloppez une entreprise dont la port\u00e9e s\u2019\u00e9tend au-del\u00e0 du fauteuil. Inscrivez-vous d\u00e8s aujourd\u2019hui!","keywords":null,"keyphrases":{"focus":{"keyphrase":"","score":0,"analysis":{"keyphraseInTitle":{"score":0,"maxScore":9,"error":1}}},"additional":[]},"primary_term":null,"canonical_url":null,"og_title":null,"og_description":null,"og_object_type":"default","og_image_type":"default","og_image_url":null,"og_image_width":null,"og_image_height":null,"og_image_custom_url":null,"og_image_custom_fields":null,"og_video":"","og_custom_url":null,"og_article_section":null,"og_article_tags":null,"twitter_use_og":false,"twitter_card":"default","twitter_image_type":"default","twitter_image_url":null,"twitter_image_custom_url":null,"twitter_image_custom_fields":null,"twitter_title":null,"twitter_description":null,"schema":{"blockGraphs":[],"customGraphs":[],"default":{"data":{"Article":[],"Course":[],"Dataset":[],"FAQPage":[],"Movie":[],"Person":[],"Product":[],"ProductReview":[],"Car":[],"Recipe":[],"Service":[],"SoftwareApplication":[],"WebPage":[]},"graphName":"WebPage","isEnabled":true},"graphs":[]},"schema_type":"default","schema_type_options":null,"pillar_content":false,"robots_default":true,"robots_noindex":false,"robots_noarchive":false,"robots_nosnippet":false,"robots_nofollow":false,"robots_noimageindex":false,"robots_noodp":false,"robots_notranslate":false,"robots_max_snippet":"-1","robots_max_videopreview":"-1","robots_max_imagepreview":"large","priority":null,"frequency":"default","local_seo":null,"seo_analyzer_scan_date":"2026-02-10 21:25:26","limit_modified_date":false,"reviewed_by":"0","open_ai":null,"ai":{"faqs":[],"keyPoints":[],"titles":[],"descriptions":[],"socialPosts":{"email":[],"linkedin":[],"twitter":[],"facebook":[],"instagram":[]}},"created":"2025-09-15 14:48:37","updated":"2026-02-10 21:25:26"},"aioseo_breadcrumb":"<div class=\"aioseo-breadcrumbs\"><span class=\"aioseo-breadcrumb\">\n\t<a href=\"https:\/\/monatglobal.com\/ca\" title=\"Home\">Home<\/a>\n<\/span><span class=\"aioseo-breadcrumb-separator\">&raquo;<\/span><span class=\"aioseo-breadcrumb\">\n\tProgramme pour les stylistes MONAT | Rehaussez votre art et grandissez au-del\u00e0 du fauteuil\n<\/span><\/div>","aioseo_breadcrumb_json":[{"label":"Home","link":"https:\/\/monatglobal.com\/ca"},{"label":"Programme pour les stylistes MONAT | Rehaussez votre art et grandissez au-del\u00e0 du fauteuil","link":"https:\/\/monatglobal.com\/ca\/monat-stylist-program\/?lang=fr"}],"_links":{"self":[{"href":"https:\/\/monatglobal.com\/ca\/wp-json\/wp\/v2\/pages\/108708","targetHints":{"allow":["GET"]}}],"collection":[{"href":"https:\/\/monatglobal.com\/ca\/wp-json\/wp\/v2\/pages"}],"about":[{"href":"https:\/\/monatglobal.com\/ca\/wp-json\/wp\/v2\/types\/page"}],"author":[{"embeddable":true,"href":"https:\/\/monatglobal.com\/ca\/wp-json\/wp\/v2\/users\/31"}],"replies":[{"embeddable":true,"href":"https:\/\/monatglobal.com\/ca\/wp-json\/wp\/v2\/comments?post=108708"}],"version-history":[{"count":3,"href":"https:\/\/monatglobal.com\/ca\/wp-json\/wp\/v2\/pages\/108708\/revisions"}],"predecessor-version":[{"id":108721,"href":"https:\/\/monatglobal.com\/ca\/wp-json\/wp\/v2\/pages\/108708\/revisions\/108721"}],"wp:featuredmedia":[{"embeddable":true,"href":"https:\/\/monatglobal.com\/ca\/wp-json\/wp\/v2\/media\/108704"}],"wp:attachment":[{"href":"https:\/\/monatglobal.com\/ca\/wp-json\/wp\/v2\/media?parent=108708"}],"wp:term":[{"taxonomy":"category","embeddable":true,"href":"https:\/\/monatglobal.com\/ca\/wp-json\/wp\/v2\/categories?post=108708"},{"taxonomy":"post_tag","embeddable":true,"href":"https:\/\/monatglobal.com\/ca\/wp-json\/wp\/v2\/tags?post=108708"}],"curies":[{"name":"wp","href":"https:\/\/api.w.org\/{rel}","templated":true}]}}