{"id":865,"date":"2025-03-24T22:38:30","date_gmt":"2025-03-24T22:38:30","guid":{"rendered":"https:\/\/monatglobal.com\/be\/?page_id=865"},"modified":"2025-04-07T15:55:55","modified_gmt":"2025-04-07T14:55:55","slug":"biotechbeauty","status":"publish","type":"page","link":"https:\/\/monatglobal.com\/be\/biotechbeauty\/","title":{"rendered":"MONAT Biotech Beauty : Produits innovants pour les soins de la peau et des cheveux"},"content":{"rendered":"\n<style>\n    :root {\n         --mediumSizeP: clamp(1.8rem, 1.6vw, 2.3rem); \n         --smallSizeP: clamp(1.4rem, 1.4vw, 1.8rem);\n         --gray: #fbfbfb\n    } \n <\/style> \n <section id=\"bannerSec\">  \n         <img decoding=\"async\" id=\"monat_banner_logo\" src=\"https:\/\/monatglobal.com\/wp-content\/uploads\/2024\/11\/monat_logo_2024.svg\" alt=\"MONAT GLOBAL\">\n         <h2>Les pionniers<br>de la beaut\u00e9<br>biotechnologique<\/h2>\n             <p>Biotech Beauty<em>(noun)<\/em> -Cat\u00e9gorie de produits de soins et de cosm\u00e9tiques qui utilisent la biotechnologie pour d\u00e9velopper des ingr\u00e9dients cultiv\u00e9s en laboratoire ou issus de la bio-ing\u00e9nierie, am\u00e9liorant l&rsquo;efficacit\u00e9, la durabilit\u00e9 et l&rsquo;approvisionnement \u00e9thique tout en r\u00e9duisant la d\u00e9pendance \u00e0 l&rsquo;\u00e9gard des ressources naturelles ou&nbsp;synth\u00e9tiques.<\/p>\n <\/section>\n <section id=\"sec1\">\n     <p>Beaut\u00e9 biotechnologique <em>(noun)<\/em> &#8211; Une cat\u00e9gorie de soins de la peau et de produits cosm\u00e9tiques qui utilisent la biotechnologie pour d\u00e9velopper des ingr\u00e9dients cultiv\u00e9s en laboratoire ou gr\u00e2ce au g\u00e9nie biologique, afin d&rsquo;augmenter l&rsquo;efficacit\u00e9, la durabilit\u00e9 et l&rsquo;approvisionnement \u00e9thique tout en r\u00e9duisant la d\u00e9pendance sur les ressources naturelles ou&nbsp;synth\u00e9tiques.<\/p>\n         <p>Chez MONAT, l&rsquo;innovation n&rsquo;est pas une simple <br> tendance, c&rsquo;est notre h\u00e9ritage.<\/p>\n         <img decoding=\"async\" src=\"https:\/\/monatglobal.com\/wp-content\/uploads\/2025\/03\/BIOTECH-DERIVED-FORMULATIONS-min.jpg\" alt=\"Oil with bubbles in a petri dish and dropper.\">\n         <p>Depuis des ann\u00e9es, nous sommes \u00e0 l&rsquo;avant-garde de la biotechnologie, fusionnant la science r\u00e9volutionnaire avec les meilleurs ingr\u00e9dients naturels pour red\u00e9finir la beaut\u00e9 et le&nbsp;bien-\u00eatre.<\/p>\n             <p>Notre qu\u00eate incessante de l&rsquo;excellence a fait de nous un leader de l&rsquo;industrie, vous permettant d&rsquo;avoir l&rsquo;air et de vous sentir au mieux de&nbsp;votre forme.<\/p> \n             <br>\n             <br>\n             <br>\n             <h2>FORMULATIONS<br>D\u00c9RIV\u00c9ES DE LA<br>BIOTECHNOLOGIE<\/h2>\n             <p>La science de la beaut\u00e9 est au c\u0153ur de nos produits prim\u00e9s.<\/p>\n                         <img decoding=\"async\" alt=\"essential oil drops picture\" src=\"https:\/\/monatglobal.com\/wp-content\/uploads\/2023\/05\/essential-oil-drops-picture-min.png\">\n                         <img decoding=\"async\" alt=\"ceramides picture\" src=\"https:\/\/monatglobal.com\/wp-content\/uploads\/2025\/03\/ceramides-min.png\">\n                         <img decoding=\"async\" alt=\"hyaluronic acid picture\" src=\"https:\/\/monatglobal.com\/wp-content\/uploads\/2025\/03\/hyaluronic-acid-min.png\">\n                         <img decoding=\"async\" alt=\"oil texture formulations picture\" src=\"https:\/\/monatglobal.com\/wp-content\/uploads\/2025\/03\/oil-texture-formulations-min.png\">\n                         <img decoding=\"async\" alt=\"texture formulation picture\" src=\"https:\/\/monatglobal.com\/wp-content\/uploads\/2025\/03\/texture-formulation-2-min.png\">\n                         <img decoding=\"async\" alt=\"texture formulation picture\" src=\"https:\/\/monatglobal.com\/wp-content\/uploads\/2025\/03\/texture-formulations-min.png\">\n                 <p>Les produits naturels biotechnologiques contenus dans nos formulations exclusives comprennent des peptides, des mati\u00e8res premi\u00e8res d&rsquo;origine biologique, de l&rsquo;acide hyaluronique, des polym\u00e8res d&rsquo;origine naturelle, des ingr\u00e9dients issus de la fermentation, des c\u00e9ramides et des cellules souches&nbsp;v\u00e9g\u00e9tales.<\/p>\n             <img decoding=\"async\" src=\"https:\/\/monatglobal.com\/wp-content\/uploads\/2025\/03\/bio-based-raw-materials-min.jpg\" alt=\"Lab professional handling pink liquid\">    \n             <p>Des soins capillaires aux soins de la peau, les ingr\u00e9dients d&rsquo;origine naturelle font partie int\u00e9grante de l&rsquo;innovation de nos&nbsp;produits.<\/p> \n     <img decoding=\"async\" src=\"https:\/\/monatglobal.com\/wp-content\/uploads\/2025\/03\/plant-stem-cells-min.jpg\" alt=\"close up picture of plant cell\">\n <\/section>\n <section id=\"sec2\">\n             <h2>VEGAN <br> &amp; CLEAN<br><\/h2>\n             <p>En tant que marque certifi\u00e9e leaping bunny, nous n&rsquo;utilisons aucun ingr\u00e9dient d&rsquo;origine&nbsp;animale.<\/p>\n         <img decoding=\"async\" src=\"https:\/\/monatglobal.com\/wp-content\/uploads\/2025\/03\/vegan-clean-model-mobile-min.jpg\" alt=\"A woman lifts a MONAT scalp care product playfully, emphasizing clean beauty.\">\n                     <img decoding=\"async\" alt=\"picture of a cup of apple vinegar \" src=\"https:\/\/monatglobal.com\/wp-content\/uploads\/2025\/03\/apple-vinegar-min.png\">\n                     <img decoding=\"async\" alt=\"leaping bunny logo\" src=\"https:\/\/monatglobal.com\/wp-content\/uploads\/2025\/03\/leaping-bunny-logo-min.png\">\n                     <img decoding=\"async\" alt=\"Heap of chia-seeds picture\" src=\"https:\/\/monatglobal.com\/wp-content\/uploads\/2025\/03\/Heap-of-chia-seeds-min.png\">\n                     <img decoding=\"async\" alt=\"open Pomegranate picture\" src=\"https:\/\/monatglobal.com\/wp-content\/uploads\/2023\/05\/open-Pomegranate-picture-min.png\">\n                     <img decoding=\"async\" alt=\"Group-aloe-vera-slice-picture\" src=\"https:\/\/monatglobal.com\/wp-content\/uploads\/2025\/03\/Group-aloe-vera-slice-picture-min.png\">\n                     <img decoding=\"async\" alt=\"open coconut picture\" src=\"https:\/\/monatglobal.com\/wp-content\/uploads\/2025\/03\/coconut-min.png\">\n             <p>MONAT est exempt d&rsquo;ingr\u00e9dients d&rsquo;origine animale, de parab\u00e8nes, d&rsquo;huiles min\u00e9rales, de phtalates, de p\u00e9trolatum et d&rsquo;autres substances synth\u00e9tiques&nbsp;nocives.<\/p>\n         <img decoding=\"async\" src=\"https:\/\/monatglobal.com\/wp-content\/uploads\/2025\/03\/vegan-and-clean-model-min-1.png\" alt=\"A woman lifts a MONAT scalp care product playfully, emphasizing clean beauty.\">\n     <img decoding=\"async\" src=\"https:\/\/monatglobal.com\/wp-content\/uploads\/2025\/03\/free-of-animal-derived-ingredients-min.png\" alt=\"Close-up of skincare ingredients, showcasing a fine powder\">\n <\/section>\n <section id=\"sec3\">\n             <h2>DURABILIT\u00c9<\/h2>\n             <p>MONAT s&rsquo;engage en faveur de la durabilit\u00e9 par le biais d&rsquo;un approvisionnement responsable, d&#8217;emballages recyclables et d&rsquo;initiatives de conservation de l&rsquo;eau.<\/p>\n         <img decoding=\"async\" src=\"https:\/\/monatglobal.com\/wp-content\/uploads\/2025\/03\/responsible-sourcing-min.png\" alt=\"Hands holding a Monat IR Clinical Hair Thinning Defense serum bottle with a dropper releasing a drop of product.\">\n                     <img decoding=\"async\" alt=\"multiple monat bottles picture\" src=\"https:\/\/monatglobal.com\/wp-content\/uploads\/2025\/03\/recycle-byproducts-min.png\">\n                     <img decoding=\"async\" alt=\"cold press process picture\" src=\"https:\/\/monatglobal.com\/wp-content\/uploads\/2025\/03\/cold-processed-min.png\">\n                     <img decoding=\"async\" alt=\"picture of water ripples\" src=\"https:\/\/monatglobal.com\/wp-content\/uploads\/2025\/03\/product-performance-min.png\">\n                     <!--<img decoding=\"async\" alt=\"open Pomegranate picture\" src=\"https:\/\/monatglobal.com\/wp-content\/uploads\/2023\/05\/open-Pomegranate-picture-min.png\"\/>-->\n                     <!--<img decoding=\"async\" alt=\"Group-aloe-vera-slice-picture\" src=\"https:\/\/monatglobal.com\/wp-content\/uploads\/2023\/05\/Group-aloe-vera-slice-picture-min.png\"\/>-->\n                     <!--<img decoding=\"async\" alt=\"group of almonds picture\" src=\"https:\/\/monatglobal.com\/wp-content\/uploads\/2023\/05\/istockphoto-1390257052-612x612_1-removebg-preview-min.png\"\/>-->\n             \nNous recyclons les sous-produits de notre fabrication pour pr\u00e9server l&rsquo;environnement et nombre de nos formules sont trait\u00e9es \u00e0 froid pour optimiser l&rsquo;efficacit\u00e9 des ingr\u00e9dients et les performances du&nbsp;produit.\n <\/section>\n <section id=\"sec4\"> \n             <h2>AROMA<\/h2>\n             <p>MONAT cr\u00e9e des parfums de signature en utilisant les ingr\u00e9dients les plus s\u00fbrs, en exploitant la puissance des huiles essentielles et des extraits botaniques pour une exp\u00e9rience&nbsp;luxueuse.<\/p>\n                     <img decoding=\"async\" alt=\"lemon picture\" src=\"https:\/\/monatglobal.com\/wp-content\/uploads\/2025\/03\/lemon-aroma-min.png\">\n                     <img decoding=\"async\" alt=\"lavander picture\" src=\"https:\/\/monatglobal.com\/wp-content\/uploads\/2025\/03\/lavander-aroma-min.png\">\n                     <img decoding=\"async\" alt=\"cloves picture\" src=\"https:\/\/monatglobal.com\/wp-content\/uploads\/2025\/03\/cloves-aroma-min.png\">\n                     <img decoding=\"async\" alt=\"jasmin picture\" src=\"https:\/\/monatglobal.com\/wp-content\/uploads\/2025\/03\/jasmin-aroma-min.png\">\n                     <img decoding=\"async\" alt=\"yellow-flower picture\" src=\"https:\/\/monatglobal.com\/wp-content\/uploads\/2025\/03\/yellow-flower-aroma-min.png\">\n                     <img decoding=\"async\" alt=\"vanilla picture\" src=\"https:\/\/monatglobal.com\/wp-content\/uploads\/2025\/03\/vanilla-aroma-min.png\">\n             <p>Nous nous appuyons sur des pratiques durables ayant un impact minimal sur l&rsquo;environnement,&nbsp;en recyclant des mati\u00e8res premi\u00e8res pour cr\u00e9er des parfums tr\u00e8s&nbsp;performants.<\/p>\n             <img decoding=\"async\" src=\"https:\/\/monatglobal.com\/wp-content\/uploads\/2025\/03\/Blending-science-and-creativity-min.jpg\" alt=\" A purple flower petal resting on a smear of lavender-colored gel with a small droplet beside it.\">    \n             <p>En alliant science et cr\u00e9ativit\u00e9, nous offrons une exp\u00e9rience olfactive luxueuse, s\u00fbre et respectueuse de&nbsp;l&rsquo;environnement.<\/p> \n     <img decoding=\"async\" src=\"https:\/\/monatglobal.com\/wp-content\/uploads\/2025\/03\/aroma-flower-min.png\" alt=\"Close-up of a vibrant tulip.\">\n <\/section>\n <section id=\"sec5\">\n         <img decoding=\"async\" src=\"https:\/\/monatglobal.com\/wp-content\/uploads\/2025\/03\/safe-and-eco-conscious-min.jpg\" alt=\"Glass jars with liquids - Skincare formulations in small jars\">\n             <img decoding=\"async\" src=\"https:\/\/monatglobal.com\/wp-content\/uploads\/2025\/03\/Studio-One_Volume-Lift-Spray_Product_Lifestyle_1103-1-min.jpg\" alt=\"Studio-One Volume-Lift-Spray_Producte with watermelon\">\n                             <img decoding=\"async\" alt=\"Rambutan picture\" src=\"https:\/\/monatglobal.com\/wp-content\/uploads\/2025\/03\/Rambutan-min.png\">\n                             <img decoding=\"async\" alt=\"naturally derived ingredients picture\" src=\"https:\/\/monatglobal.com\/wp-content\/uploads\/2025\/03\/naturally-derived-ingredients-min.png\">\n                             <img decoding=\"async\" alt=\"shea butter picture\" src=\"https:\/\/monatglobal.com\/wp-content\/uploads\/2025\/03\/shea-butter-min.png\">\n                              <img decoding=\"async\" alt=\"Serum gel swatch picture\" src=\"https:\/\/monatglobal.com\/wp-content\/uploads\/2025\/03\/Serum-gel-swatch-picture-min.png\">\n                             <img decoding=\"async\" alt=\"coffee-beans picture\" src=\"https:\/\/monatglobal.com\/wp-content\/uploads\/2025\/03\/coffee-beans-min.png\">\n                             <img decoding=\"async\" alt=\"cutting-edge-technology e-picture\" src=\"https:\/\/monatglobal.com\/wp-content\/uploads\/2025\/03\/cutting-edge-technology-min.png\">\n                     <p>Nous nous engageons \u00e0 continuer d&rsquo;utiliser des ingr\u00e9dients d&rsquo;origine naturelle et des technologies de pointe pour offrir une beaut\u00e9 s\u00fbre, durable et ax\u00e9e sur les r\u00e9sultats qui n&rsquo;a pas son&nbsp;pareil.<\/p>\n                 <p>C&rsquo;est notre promesse &#8211; propre, efficace et toujours \u00e0&nbsp;l&rsquo;avant-garde.<\/p>\n         <img decoding=\"async\" src=\"https:\/\/monatglobal.com\/wp-content\/uploads\/2025\/03\/science-and-creativity-min.jpg\" alt=\"A purple flower petal resting on a smear of lavender-colored gel with a small droplet beside it.\">\n                 <h2>NOTRE <br> ENGAGEMENT <br> ENVERS VOUS<\/h2>\n                 <p>Chez MONAT, nous sommes des pionniers de la biotechnologie depuis le d\u00e9but, repoussant les limites de la science et de la nature pour cr\u00e9er des produits innovants et&nbsp;performants.<\/p>\n         \n             <source media=\"(max-width: 700px)\" srcset=\"https:\/\/monatglobal.com\/wp-content\/uploads\/2025\/03\/our-commitment-model-mobile-min.jpg\" loading=\"lazy\">\n             <img decoding=\"async\" src=\"https:\/\/monatglobal.com\/wp-content\/uploads\/2025\/03\/our-commitment-min-1.jpg\" alt=\"Sleek-haired woman exuding beauty. \" loading=\"lazy\">\n         \n <\/section>\n","protected":false},"excerpt":{"rendered":"<p>Les pionniersde la beaut\u00e9biotechnologique Biotech Beauty(noun) -Cat\u00e9gorie de produits de soins et de cosm\u00e9tiques qui utilisent la biotechnologie pour d\u00e9velopper des ingr\u00e9dients cultiv\u00e9s en laboratoire ou issus de la bio-ing\u00e9nierie, am\u00e9liorant l&rsquo;efficacit\u00e9, la durabilit\u00e9 et l&rsquo;approvisionnement \u00e9thique tout en r\u00e9duisant la d\u00e9pendance \u00e0 l&rsquo;\u00e9gard des ressources naturelles ou&nbsp;synth\u00e9tiques. Beaut\u00e9 biotechnologique (noun) &#8211; Une cat\u00e9gorie de&hellip;<\/p>\n","protected":false},"author":57,"featured_media":897,"parent":0,"menu_order":0,"comment_status":"closed","ping_status":"closed","template":"","meta":{"inline_featured_image":false,"om_disable_all_campaigns":false,"footnotes":""},"categories":[],"tags":[],"class_list":["post-865","page","type-page","status-publish","has-post-thumbnail","hentry"],"aioseo_notices":[],"aioseo_head":"\n\t\t<!-- All in One SEO Pro 4.9.5.2 - aioseo.com -->\n\t<meta name=\"description\" content=\"D\u00e9couvrez les produits de beaut\u00e9 biotechnologiques de MONAT, qui associent science innovante et ingr\u00e9dients naturels pour des solutions de soins de la peau et des cheveux propres et durables.\" \/>\n\t<meta name=\"robots\" content=\"max-image-preview:large\" \/>\n\t<link rel=\"canonical\" href=\"https:\/\/monatglobal.com\/be\/biotechbeauty\/\" \/>\n\t<meta name=\"generator\" content=\"All in One SEO Pro (AIOSEO) 4.9.5.2\" \/>\n\t\t<meta property=\"og:locale\" content=\"fr_FR\" \/>\n\t\t<meta property=\"og:site_name\" content=\"MONAT Belgium - We Are Modern Nature\u2122\" \/>\n\t\t<meta property=\"og:type\" content=\"article\" \/>\n\t\t<meta property=\"og:title\" content=\"MONAT Biotech Beauty : Produits innovants pour les soins de la peau et des cheveux\" \/>\n\t\t<meta property=\"og:description\" content=\"D\u00e9couvrez les produits de beaut\u00e9 biotechnologiques de MONAT, qui associent science innovante et ingr\u00e9dients naturels pour des solutions de soins de la peau et des cheveux propres et durables.\" \/>\n\t\t<meta property=\"og:url\" content=\"https:\/\/monatglobal.com\/be\/biotechbeauty\/\" \/>\n\t\t<meta property=\"article:published_time\" content=\"2025-03-24T22:38:30+00:00\" \/>\n\t\t<meta property=\"article:modified_time\" content=\"2025-04-07T14:55:55+00:00\" \/>\n\t\t<meta name=\"twitter:card\" content=\"summary_large_image\" \/>\n\t\t<meta name=\"twitter:title\" content=\"MONAT Biotech Beauty : Produits innovants pour les soins de la peau et des cheveux\" \/>\n\t\t<meta name=\"twitter:description\" content=\"D\u00e9couvrez les produits de beaut\u00e9 biotechnologiques de MONAT, qui associent science innovante et ingr\u00e9dients naturels pour des solutions de soins de la peau et des cheveux propres et durables.\" \/>\n\t\t<script type=\"application\/ld+json\" class=\"aioseo-schema\">\n\t\t\t{\"@context\":\"https:\\\/\\\/schema.org\",\"@graph\":[{\"@type\":\"BreadcrumbList\",\"@id\":\"https:\\\/\\\/monatglobal.com\\\/be\\\/biotechbeauty\\\/#breadcrumblist\",\"itemListElement\":[{\"@type\":\"ListItem\",\"@id\":\"https:\\\/\\\/monatglobal.com\\\/be#listItem\",\"position\":1,\"name\":\"Home\",\"item\":\"https:\\\/\\\/monatglobal.com\\\/be\",\"nextItem\":{\"@type\":\"ListItem\",\"@id\":\"https:\\\/\\\/monatglobal.com\\\/be\\\/biotechbeauty\\\/#listItem\",\"name\":\"MONAT Biotech Beauty : Produits innovants pour les soins de la peau et des cheveux\"}},{\"@type\":\"ListItem\",\"@id\":\"https:\\\/\\\/monatglobal.com\\\/be\\\/biotechbeauty\\\/#listItem\",\"position\":2,\"name\":\"MONAT Biotech Beauty : Produits innovants pour les soins de la peau et des cheveux\",\"previousItem\":{\"@type\":\"ListItem\",\"@id\":\"https:\\\/\\\/monatglobal.com\\\/be#listItem\",\"name\":\"Home\"}}]},{\"@type\":\"Organization\",\"@id\":\"https:\\\/\\\/monatglobal.com\\\/be\\\/#organization\",\"name\":\"MONAT Belgium\",\"description\":\"We Are Modern Nature\\u2122\",\"url\":\"https:\\\/\\\/monatglobal.com\\\/be\\\/\"},{\"@type\":\"WebPage\",\"@id\":\"https:\\\/\\\/monatglobal.com\\\/be\\\/biotechbeauty\\\/#webpage\",\"url\":\"https:\\\/\\\/monatglobal.com\\\/be\\\/biotechbeauty\\\/\",\"name\":\"MONAT Biotech Beauty : Produits innovants pour les soins de la peau et des cheveux\",\"description\":\"D\\u00e9couvrez les produits de beaut\\u00e9 biotechnologiques de MONAT, qui associent science innovante et ingr\\u00e9dients naturels pour des solutions de soins de la peau et des cheveux propres et durables.\",\"inLanguage\":\"fr-FR\",\"isPartOf\":{\"@id\":\"https:\\\/\\\/monatglobal.com\\\/be\\\/#website\"},\"breadcrumb\":{\"@id\":\"https:\\\/\\\/monatglobal.com\\\/be\\\/biotechbeauty\\\/#breadcrumblist\"},\"image\":{\"@type\":\"ImageObject\",\"url\":\"https:\\\/\\\/monatglobal.com\\\/be\\\/wp-content\\\/uploads\\\/sites\\\/23\\\/2025\\\/04\\\/MONAT-PIONEERS-OF-BIOTECH-BEAUTY-Be-fr-Feature-min.jpg\",\"@id\":\"https:\\\/\\\/monatglobal.com\\\/be\\\/biotechbeauty\\\/#mainImage\",\"width\":1200,\"height\":628},\"primaryImageOfPage\":{\"@id\":\"https:\\\/\\\/monatglobal.com\\\/be\\\/biotechbeauty\\\/#mainImage\"},\"datePublished\":\"2025-03-24T22:38:30+00:00\",\"dateModified\":\"2025-04-07T15:55:55+01:00\"},{\"@type\":\"WebSite\",\"@id\":\"https:\\\/\\\/monatglobal.com\\\/be\\\/#website\",\"url\":\"https:\\\/\\\/monatglobal.com\\\/be\\\/\",\"name\":\"MONAT Belgium\",\"description\":\"We Are Modern Nature\\u2122\",\"inLanguage\":\"fr-FR\",\"publisher\":{\"@id\":\"https:\\\/\\\/monatglobal.com\\\/be\\\/#organization\"}}]}\n\t\t<\/script>\n\t\t<!-- All in One SEO Pro -->\r\n\t\t<title>MONAT Biotech Beauty : Produits innovants pour les soins de la peau et des cheveux<\/title>\n\n","aioseo_head_json":{"title":"MONAT Biotech Beauty : Produits innovants pour les soins de la peau et des cheveux","description":"D\u00e9couvrez les produits de beaut\u00e9 biotechnologiques de MONAT, qui associent science innovante et ingr\u00e9dients naturels pour des solutions de soins de la peau et des cheveux propres et durables.","canonical_url":"https:\/\/monatglobal.com\/be\/biotechbeauty\/","robots":"max-image-preview:large","keywords":"","webmasterTools":{"miscellaneous":""},"schema":{"@context":"https:\/\/schema.org","@graph":[{"@type":"BreadcrumbList","@id":"https:\/\/monatglobal.com\/be\/biotechbeauty\/#breadcrumblist","itemListElement":[{"@type":"ListItem","@id":"https:\/\/monatglobal.com\/be#listItem","position":1,"name":"Home","item":"https:\/\/monatglobal.com\/be","nextItem":{"@type":"ListItem","@id":"https:\/\/monatglobal.com\/be\/biotechbeauty\/#listItem","name":"MONAT Biotech Beauty : Produits innovants pour les soins de la peau et des cheveux"}},{"@type":"ListItem","@id":"https:\/\/monatglobal.com\/be\/biotechbeauty\/#listItem","position":2,"name":"MONAT Biotech Beauty : Produits innovants pour les soins de la peau et des cheveux","previousItem":{"@type":"ListItem","@id":"https:\/\/monatglobal.com\/be#listItem","name":"Home"}}]},{"@type":"Organization","@id":"https:\/\/monatglobal.com\/be\/#organization","name":"MONAT Belgium","description":"We Are Modern Nature\u2122","url":"https:\/\/monatglobal.com\/be\/"},{"@type":"WebPage","@id":"https:\/\/monatglobal.com\/be\/biotechbeauty\/#webpage","url":"https:\/\/monatglobal.com\/be\/biotechbeauty\/","name":"MONAT Biotech Beauty : Produits innovants pour les soins de la peau et des cheveux","description":"D\u00e9couvrez les produits de beaut\u00e9 biotechnologiques de MONAT, qui associent science innovante et ingr\u00e9dients naturels pour des solutions de soins de la peau et des cheveux propres et durables.","inLanguage":"fr-FR","isPartOf":{"@id":"https:\/\/monatglobal.com\/be\/#website"},"breadcrumb":{"@id":"https:\/\/monatglobal.com\/be\/biotechbeauty\/#breadcrumblist"},"image":{"@type":"ImageObject","url":"https:\/\/monatglobal.com\/be\/wp-content\/uploads\/sites\/23\/2025\/04\/MONAT-PIONEERS-OF-BIOTECH-BEAUTY-Be-fr-Feature-min.jpg","@id":"https:\/\/monatglobal.com\/be\/biotechbeauty\/#mainImage","width":1200,"height":628},"primaryImageOfPage":{"@id":"https:\/\/monatglobal.com\/be\/biotechbeauty\/#mainImage"},"datePublished":"2025-03-24T22:38:30+00:00","dateModified":"2025-04-07T15:55:55+01:00"},{"@type":"WebSite","@id":"https:\/\/monatglobal.com\/be\/#website","url":"https:\/\/monatglobal.com\/be\/","name":"MONAT Belgium","description":"We Are Modern Nature\u2122","inLanguage":"fr-FR","publisher":{"@id":"https:\/\/monatglobal.com\/be\/#organization"}}]},"og:locale":"fr_FR","og:site_name":"MONAT Belgium - We Are Modern Nature\u2122","og:type":"article","og:title":"MONAT Biotech Beauty : Produits innovants pour les soins de la peau et des cheveux","og:description":"D\u00e9couvrez les produits de beaut\u00e9 biotechnologiques de MONAT, qui associent science innovante et ingr\u00e9dients naturels pour des solutions de soins de la peau et des cheveux propres et durables.","og:url":"https:\/\/monatglobal.com\/be\/biotechbeauty\/","article:published_time":"2025-03-24T22:38:30+00:00","article:modified_time":"2025-04-07T14:55:55+00:00","twitter:card":"summary_large_image","twitter:title":"MONAT Biotech Beauty : Produits innovants pour les soins de la peau et des cheveux","twitter:description":"D\u00e9couvrez les produits de beaut\u00e9 biotechnologiques de MONAT, qui associent science innovante et ingr\u00e9dients naturels pour des solutions de soins de la peau et des cheveux propres et durables."},"aioseo_meta_data":{"post_id":"865","title":"MONAT Biotech Beauty : Produits innovants pour les soins de la peau et des cheveux","description":"D\u00e9couvrez les produits de beaut\u00e9 biotechnologiques de MONAT, qui associent science innovante et ingr\u00e9dients naturels pour des solutions de soins de la peau et des cheveux propres et durables.","keywords":null,"keyphrases":{"focus":{"keyphrase":"","score":0,"analysis":{"keyphraseInTitle":{"score":0,"maxScore":9,"error":1}}},"additional":[]},"primary_term":null,"canonical_url":null,"og_title":null,"og_description":null,"og_object_type":"default","og_image_type":"default","og_image_url":null,"og_image_width":null,"og_image_height":null,"og_image_custom_url":null,"og_image_custom_fields":null,"og_video":"","og_custom_url":null,"og_article_section":null,"og_article_tags":null,"twitter_use_og":false,"twitter_card":"default","twitter_image_type":"default","twitter_image_url":null,"twitter_image_custom_url":null,"twitter_image_custom_fields":null,"twitter_title":null,"twitter_description":null,"schema":{"blockGraphs":[],"customGraphs":[],"default":{"data":{"Article":[],"Course":[],"Dataset":[],"FAQPage":[],"Movie":[],"Person":[],"Product":[],"ProductReview":[],"Car":[],"Recipe":[],"Service":[],"SoftwareApplication":[],"WebPage":[]},"graphName":"WebPage","isEnabled":true},"graphs":[]},"schema_type":"default","schema_type_options":null,"pillar_content":false,"robots_default":true,"robots_noindex":false,"robots_noarchive":false,"robots_nosnippet":false,"robots_nofollow":false,"robots_noimageindex":false,"robots_noodp":false,"robots_notranslate":false,"robots_max_snippet":"-1","robots_max_videopreview":"-1","robots_max_imagepreview":"large","priority":null,"frequency":"default","local_seo":null,"seo_analyzer_scan_date":null,"breadcrumb_settings":null,"limit_modified_date":false,"reviewed_by":null,"open_ai":null,"ai":null,"created":"2025-03-24 22:38:33","updated":"2026-02-10 05:25:15"},"aioseo_breadcrumb":"<div class=\"aioseo-breadcrumbs\"><span class=\"aioseo-breadcrumb\">\n\t<a href=\"https:\/\/monatglobal.com\/be\" title=\"Home\">Home<\/a>\n<\/span><span class=\"aioseo-breadcrumb-separator\">&raquo;<\/span><span class=\"aioseo-breadcrumb\">\n\tMONAT Biotech Beauty : Produits innovants pour les soins de la peau et des cheveux\n<\/span><\/div>","aioseo_breadcrumb_json":[{"label":"Home","link":"https:\/\/monatglobal.com\/be"},{"label":"MONAT Biotech Beauty : Produits innovants pour les soins de la peau et des cheveux","link":"https:\/\/monatglobal.com\/be\/biotechbeauty\/"}],"_links":{"self":[{"href":"https:\/\/monatglobal.com\/be\/wp-json\/wp\/v2\/pages\/865","targetHints":{"allow":["GET"]}}],"collection":[{"href":"https:\/\/monatglobal.com\/be\/wp-json\/wp\/v2\/pages"}],"about":[{"href":"https:\/\/monatglobal.com\/be\/wp-json\/wp\/v2\/types\/page"}],"author":[{"embeddable":true,"href":"https:\/\/monatglobal.com\/be\/wp-json\/wp\/v2\/users\/57"}],"replies":[{"embeddable":true,"href":"https:\/\/monatglobal.com\/be\/wp-json\/wp\/v2\/comments?post=865"}],"version-history":[{"count":5,"href":"https:\/\/monatglobal.com\/be\/wp-json\/wp\/v2\/pages\/865\/revisions"}],"predecessor-version":[{"id":895,"href":"https:\/\/monatglobal.com\/be\/wp-json\/wp\/v2\/pages\/865\/revisions\/895"}],"wp:featuredmedia":[{"embeddable":true,"href":"https:\/\/monatglobal.com\/be\/wp-json\/wp\/v2\/media\/897"}],"wp:attachment":[{"href":"https:\/\/monatglobal.com\/be\/wp-json\/wp\/v2\/media?parent=865"}],"wp:term":[{"taxonomy":"category","embeddable":true,"href":"https:\/\/monatglobal.com\/be\/wp-json\/wp\/v2\/categories?post=865"},{"taxonomy":"post_tag","embeddable":true,"href":"https:\/\/monatglobal.com\/be\/wp-json\/wp\/v2\/tags?post=865"}],"curies":[{"name":"wp","href":"https:\/\/api.w.org\/{rel}","templated":true}]}}