{"id":859,"date":"2025-03-24T19:29:09","date_gmt":"2025-03-24T19:29:09","guid":{"rendered":"https:\/\/monatglobal.com\/be\/?page_id=859"},"modified":"2025-03-26T13:57:55","modified_gmt":"2025-03-26T13:57:55","slug":"biotechbeauty","status":"publish","type":"page","link":"https:\/\/monatglobal.com\/be\/biotechbeauty\/?lang=nl","title":{"rendered":"MONAT Biotech Beauty: Innovatieve huid- en haarverzorgingsproducten"},"content":{"rendered":"\n<style>\n   :root {\n        --mediumSizeP: clamp(1.8rem, 1.6vw, 2.3rem); \n        --smallSizeP: clamp(1.4rem, 1.4vw, 1.8rem);\n        --gray: #fbfbfb\n   } \n<\/style> \n<section id=\"bannerSec\">\n        <img decoding=\"async\" id=\"monat_banner_logo\" src=\"https:\/\/monatglobal.com\/wp-content\/uploads\/2024\/11\/monat_logo_2024.svg\" alt=\"MONAT GLOBAL\">\n        <h2>De pioniers van<br>  biotechnologische<br> schoonheid<\/h2>\n            <p>Biotech Beauty <em>(zelfstandig naamwoord)<\/em> &#8211; Een categorie huidverzorgings- en cosmeticaproducten die gebruik maakt van biotechnologie om in het laboratorium gekweekte of bio-engineered ingredi\u00ebnten te ontwikkelen, die de doeltreffendheid, duurzaamheid en ethische herkomst verbeteren en tegelijkertijd de afhankelijkheid van natuurlijke of synthetische bronnen&nbsp;verminderen.<\/p>\n<\/section>\n<section id=\"sec1\">\n    <p>Biotech Beauty <em>(zelfstandig naamwoord)<\/em> &#8211; Een categorie huidverzorgings- en cosmeticaproducten die gebruik maakt van biotechnologie om in het laboratorium gekweekte of bio-engineered ingredi\u00ebnten te ontwikkelen, die de doeltreffendheid, duurzaamheid en ethische herkomst verbeteren en tegelijkertijd de afhankelijkheid van natuurlijke of synthetische bronnen&nbsp;verminderen.<\/p>\n        <p>Bij MONAT is innovatie niet zomaar <br> een trend &#8211; het is onze nalatenschap.<\/p>\n        <img decoding=\"async\" src=\"https:\/\/monatglobal.com\/wp-content\/uploads\/2025\/03\/BIOTECH-DERIVED-FORMULATIONS-min.jpg\" alt=\"Oil with bubbles in a petri dish and dropper.\">\n        <p>Al jaren lopen we voorop in de biotechnologie en combineren we baanbrekende wetenschap met de beste ingredi\u00ebnten uit de natuur om schoonheid en welzijn opnieuw te&nbsp;defini\u00ebren. <\/p>\n            <p>Ons niet-aflatende streven naar uitmuntendheid heeft ons tot marktleider gemaakt, zodat jij er op je best uit kunt zien en je op je best kunt&nbsp;voelen.<\/p> \n            <br>\n            <br>\n            <br>\n            <h2>VAN BIOTECHNOLOGIE <br> AFGELEIDE <br> FORMULERINGEN<\/h2>\n            <p>De wetenschap van schoonheid vormt de kern van onze bekroonde&nbsp;producten.<\/p> \n                        <img decoding=\"async\" alt=\"essential oil drops picture\" src=\"https:\/\/monatglobal.com\/wp-content\/uploads\/2023\/05\/essential-oil-drops-picture-min.png\">\n                        <img decoding=\"async\" alt=\"ceramides picture\" src=\"https:\/\/monatglobal.com\/wp-content\/uploads\/2025\/03\/ceramides-min.png\">\n                        <img decoding=\"async\" alt=\"hyaluronic acid picture\" src=\"https:\/\/monatglobal.com\/wp-content\/uploads\/2025\/03\/hyaluronic-acid-min.png\">\n                        <img decoding=\"async\" alt=\"oil texture formulations picture\" src=\"https:\/\/monatglobal.com\/wp-content\/uploads\/2025\/03\/oil-texture-formulations-min.png\">\n                        <img decoding=\"async\" alt=\"texture formulation picture\" src=\"https:\/\/monatglobal.com\/wp-content\/uploads\/2025\/03\/texture-formulation-2-min.png\">\n                        <img decoding=\"async\" alt=\"texture formulation picture\" src=\"https:\/\/monatglobal.com\/wp-content\/uploads\/2025\/03\/texture-formulations-min.png\">\n                <p>De biotechnologische ingredi\u00ebnten in onze gepatenteerde formules zijn onder andere peptiden, biogebaseerde grondstoffen, hyaluronzuur, natuurlijk afgeleide polymeren, van fermentatie afgeleide ingredi\u00ebnten, ceramiden en plantaardige&nbsp;stamcellen.<\/p>\n            <img decoding=\"async\" src=\"https:\/\/monatglobal.com\/wp-content\/uploads\/2025\/03\/bio-based-raw-materials-min.jpg\" alt=\"Lab professional handling pink liquid\">    \n            <p>Van haarverzorging tot huidverzorging, ingredi\u00ebnten van natuurlijke oorsprong vormen een integraal onderdeel van onze&nbsp;productinnovatie.<\/p> \n    <img decoding=\"async\" src=\"https:\/\/monatglobal.com\/wp-content\/uploads\/2025\/03\/plant-stem-cells-min.jpg\" alt=\"close up picture of plant cell\">\n<\/section>\n<section id=\"sec2\">\n            <h2>VEGAN <br> &amp; SCHOON<\/h2>\n            <p>Als leaping bunny gecertificeerd merk gebruiken we geen dierlijke&nbsp;ingredi\u00ebnten.<\/p>\n        <img decoding=\"async\" src=\"https:\/\/monatglobal.com\/wp-content\/uploads\/2025\/03\/vegan-clean-model-mobile-min.jpg\" alt=\"A woman lifts a MONAT scalp care product playfully, emphasizing clean beauty.\">\n                    <img decoding=\"async\" alt=\"picture of a cup of apple vinegar \" src=\"https:\/\/monatglobal.com\/wp-content\/uploads\/2025\/03\/apple-vinegar-min.png\">\n                    <img decoding=\"async\" alt=\"leaping bunny logo\" src=\"https:\/\/monatglobal.com\/wp-content\/uploads\/2025\/03\/leaping-bunny-logo-min.png\">\n                    <img decoding=\"async\" alt=\"Heap of chia-seeds picture\" src=\"https:\/\/monatglobal.com\/wp-content\/uploads\/2025\/03\/Heap-of-chia-seeds-min.png\">\n                    <img decoding=\"async\" alt=\"open Pomegranate picture\" src=\"https:\/\/monatglobal.com\/wp-content\/uploads\/2023\/05\/open-Pomegranate-picture-min.png\">\n                    <img decoding=\"async\" alt=\"Group-aloe-vera-slice-picture\" src=\"https:\/\/monatglobal.com\/wp-content\/uploads\/2025\/03\/Group-aloe-vera-slice-picture-min.png\">\n                    <img decoding=\"async\" alt=\"open coconut picture\" src=\"https:\/\/monatglobal.com\/wp-content\/uploads\/2025\/03\/coconut-min.png\">\n            <p>MONAT is vrij van dierlijke ingredi\u00ebnten, parabenen, minerale oli\u00ebn, ftalaten, petrolatum en andere schadelijke synthetische&nbsp;stoffen.<\/p>\n        <img decoding=\"async\" src=\"https:\/\/monatglobal.com\/wp-content\/uploads\/2025\/03\/vegan-and-clean-model-min-1.png\" alt=\"A woman lifts a MONAT scalp care product playfully, emphasizing clean beauty.\">\n    <img decoding=\"async\" src=\"https:\/\/monatglobal.com\/wp-content\/uploads\/2025\/03\/free-of-animal-derived-ingredients-min.png\" alt=\"Close-up of skincare ingredients, showcasing a fine powder\">\n<\/section>\n<section id=\"sec3\">\n            <h2>DUURZAAMHEID<\/h2>\n            <p>MONAT zet zich in voor duurzaamheid door middel van verantwoorde inkoop, recyclebare verpakkingen en initiatieven voor&nbsp;waterbesparing.<\/p>\n        <img decoding=\"async\" src=\"https:\/\/monatglobal.com\/wp-content\/uploads\/2025\/03\/responsible-sourcing-min.png\" alt=\"Hands holding a Monat IR Clinical Hair Thinning Defense serum bottle with a dropper releasing a drop of product.\">\n                    <img decoding=\"async\" alt=\"multiple monat bottles picture\" src=\"https:\/\/monatglobal.com\/wp-content\/uploads\/2025\/03\/recycle-byproducts-min.png\">\n                    <img decoding=\"async\" alt=\"cold press process picture\" src=\"https:\/\/monatglobal.com\/wp-content\/uploads\/2025\/03\/cold-processed-min.png\">\n                    <img decoding=\"async\" alt=\"picture of water ripples\" src=\"https:\/\/monatglobal.com\/wp-content\/uploads\/2025\/03\/product-performance-min.png\">\n                    <!--<img decoding=\"async\" alt=\"open Pomegranate picture\" src=\"https:\/\/monatglobal.com\/wp-content\/uploads\/2023\/05\/open-Pomegranate-picture-min.png\"\/>-->\n                    <!--<img decoding=\"async\" alt=\"Group-aloe-vera-slice-picture\" src=\"https:\/\/monatglobal.com\/wp-content\/uploads\/2023\/05\/Group-aloe-vera-slice-picture-min.png\"\/>-->\n                    <!--<img decoding=\"async\" alt=\"group of almonds picture\" src=\"https:\/\/monatglobal.com\/wp-content\/uploads\/2023\/05\/istockphoto-1390257052-612x612_1-removebg-preview-min.png\"\/>-->\n            <p>We recyclen bijproducten uit onze productie om het milieu te helpen en veel van onze formules worden koud verwerkt om de effectiviteit van&nbsp;ingredi\u00ebnten&nbsp;en&nbsp;productprestaties&nbsp;te&nbsp;optimaliseren.<\/p>\n<\/section>\n<section id=\"sec4\"> \n            <h2>AROMA<\/h2>\n            <p>MONAT maakt kenmerkende geuren met de veiligste geuringredi\u00ebnten en gebruikt de kracht van essenti\u00eble oli\u00ebn en botanische extracten voor een luxueuze&nbsp;ervaring.<\/p>\n                    <img decoding=\"async\" alt=\"lemon picture\" src=\"https:\/\/monatglobal.com\/wp-content\/uploads\/2025\/03\/lemon-aroma-min.png\">\n                    <img decoding=\"async\" alt=\"lavander picture\" src=\"https:\/\/monatglobal.com\/wp-content\/uploads\/2025\/03\/lavander-aroma-min.png\">\n                    <img decoding=\"async\" alt=\"cloves picture\" src=\"https:\/\/monatglobal.com\/wp-content\/uploads\/2025\/03\/cloves-aroma-min.png\">\n                    <img decoding=\"async\" alt=\"jasmin picture\" src=\"https:\/\/monatglobal.com\/wp-content\/uploads\/2025\/03\/jasmin-aroma-min.png\">\n                    <img decoding=\"async\" alt=\"yellow-flower picture\" src=\"https:\/\/monatglobal.com\/wp-content\/uploads\/2025\/03\/yellow-flower-aroma-min.png\">\n                    <img decoding=\"async\" alt=\"vanilla picture\" src=\"https:\/\/monatglobal.com\/wp-content\/uploads\/2025\/03\/vanilla-aroma-min.png\">\n            <p>We maken gebruik van duurzame praktijken met een minimale impact op het milieu, waarbij we grondstoffen upcyclen om hoogwaardige geuren te&nbsp;maken.<\/p>\n            <img decoding=\"async\" src=\"https:\/\/monatglobal.com\/wp-content\/uploads\/2025\/03\/Blending-science-and-creativity-min.jpg\" alt=\" A purple flower petal resting on a smear of lavender-colored gel with a small droplet beside it.\">    \n            <p>Door wetenschap en creativiteit te combineren, leveren we een luxe, veilige en milieubewuste&nbsp;geurbeleving.<\/p> \n    <img decoding=\"async\" src=\"https:\/\/monatglobal.com\/wp-content\/uploads\/2025\/03\/aroma-flower-min.png\" alt=\"Close-up of a vibrant tulip.\">\n<\/section>\n<section id=\"sec5\">\n        <img decoding=\"async\" src=\"https:\/\/monatglobal.com\/wp-content\/uploads\/2025\/03\/safe-and-eco-conscious-min.jpg\" alt=\"Glass jars with liquids - Skincare formulations in small jars\">\n            <img decoding=\"async\" src=\"https:\/\/monatglobal.com\/wp-content\/uploads\/2025\/03\/Studio-One_Volume-Lift-Spray_Product_Lifestyle_1103-1-min.jpg\" alt=\"Studio-One Volume-Lift-Spray_Producte with watermelon\">\n                            <img decoding=\"async\" alt=\"Rambutan picture\" src=\"https:\/\/monatglobal.com\/wp-content\/uploads\/2025\/03\/Rambutan-min.png\">\n                            <img decoding=\"async\" alt=\"naturally derived ingredients picture\" src=\"https:\/\/monatglobal.com\/wp-content\/uploads\/2025\/03\/naturally-derived-ingredients-min.png\">\n                            <img decoding=\"async\" alt=\"shea butter picture\" src=\"https:\/\/monatglobal.com\/wp-content\/uploads\/2025\/03\/shea-butter-min.png\">\n                             <img decoding=\"async\" alt=\"Serum gel swatch picture\" src=\"https:\/\/monatglobal.com\/wp-content\/uploads\/2025\/03\/Serum-gel-swatch-picture-min.png\">\n                            <img decoding=\"async\" alt=\"coffee-beans picture\" src=\"https:\/\/monatglobal.com\/wp-content\/uploads\/2025\/03\/coffee-beans-min.png\">\n                            <img decoding=\"async\" alt=\"cutting-edge-technology e-picture\" src=\"https:\/\/monatglobal.com\/wp-content\/uploads\/2025\/03\/cutting-edge-technology-min.png\">\n                    <p>We blijven natuurlijke ingredi\u00ebnten en geavanceerde technologie gebruiken om veilige, duurzame en resultaatgerichte schoonheid te leveren die onge\u00ebvenaard&nbsp;is. <\/p>\n                <p>Dat is onze belofte: schoon, effectief en altijd&nbsp;voorop.<\/p>\n        <img decoding=\"async\" src=\"https:\/\/monatglobal.com\/wp-content\/uploads\/2025\/03\/science-and-creativity-min.jpg\" alt=\"A purple flower petal resting on a smear of lavender-colored gel with a small droplet beside it.\">\n                <h2>ONZE <br> BELOFTE <br> AAN JOU<\/h2>\n                <p>Bij MONAT zijn we vanaf het begin pioniers geweest op het gebied van biotechnologie. We verleggen de grenzen van wetenschap en natuur om innovatieve, hoogwaardige producten te cre\u00ebren.<\/p>\n        \n            <source media=\"(max-width: 700px)\" srcset=\"https:\/\/monatglobal.com\/wp-content\/uploads\/2025\/03\/our-commitment-model-mobile-min.jpg\" loading=\"lazy\">\n            <img decoding=\"async\" src=\"https:\/\/monatglobal.com\/wp-content\/uploads\/2025\/03\/our-commitment-min-1.jpg\" alt=\"Sleek-haired woman exuding beauty. \" loading=\"lazy\">\n        \n<\/section>\n","protected":false},"excerpt":{"rendered":"<p>De pioniers van biotechnologische schoonheid Biotech Beauty (zelfstandig naamwoord) &#8211; Een categorie huidverzorgings- en cosmeticaproducten die gebruik maakt van biotechnologie om in het laboratorium gekweekte of bio-engineered ingredi\u00ebnten te ontwikkelen, die de doeltreffendheid, duurzaamheid en ethische herkomst verbeteren en tegelijkertijd de afhankelijkheid van natuurlijke of synthetische bronnen&nbsp;verminderen. Biotech Beauty (zelfstandig naamwoord) &#8211; Een categorie huidverzorgings-&hellip;<\/p>\n","protected":false},"author":57,"featured_media":873,"parent":0,"menu_order":0,"comment_status":"closed","ping_status":"closed","template":"","meta":{"inline_featured_image":false,"om_disable_all_campaigns":false,"footnotes":""},"categories":[],"tags":[],"class_list":["post-859","page","type-page","status-publish","has-post-thumbnail","hentry"],"aioseo_notices":[],"aioseo_head":"\n\t\t<!-- All in One SEO Pro 4.9.6 - aioseo.com -->\n\t<meta name=\"description\" content=\"Ontdek de biotechnologische schoonheidsproducten van MONAT, een combinatie van innovatieve wetenschap en natuurlijke ingredi\u00ebnten voor schone, duurzame huid- en haarverzorgingsoplossingen.\" \/>\n\t<meta name=\"robots\" content=\"max-image-preview:large\" \/>\n\t<link rel=\"canonical\" href=\"https:\/\/monatglobal.com\/be\/biotechbeauty\/?lang=nl\" \/>\n\t<meta name=\"generator\" content=\"All in One SEO Pro (AIOSEO) 4.9.6\" \/>\n\t\t<meta property=\"og:locale\" content=\"fr_FR\" \/>\n\t\t<meta property=\"og:site_name\" content=\"MONAT Belgium - We Are Modern Nature\u2122\" \/>\n\t\t<meta property=\"og:type\" content=\"article\" \/>\n\t\t<meta property=\"og:title\" content=\"MONAT Biotech Beauty: Innovatieve huid- en haarverzorgingsproducten\" \/>\n\t\t<meta property=\"og:description\" content=\"Ontdek de biotechnologische schoonheidsproducten van MONAT, een combinatie van innovatieve wetenschap en natuurlijke ingredi\u00ebnten voor schone, duurzame huid- en haarverzorgingsoplossingen.\" \/>\n\t\t<meta property=\"og:url\" content=\"https:\/\/monatglobal.com\/be\/biotechbeauty\/?lang=nl\" \/>\n\t\t<meta property=\"article:published_time\" content=\"2025-03-24T19:29:09+00:00\" \/>\n\t\t<meta property=\"article:modified_time\" content=\"2025-03-26T13:57:55+00:00\" \/>\n\t\t<meta name=\"twitter:card\" content=\"summary_large_image\" \/>\n\t\t<meta name=\"twitter:title\" content=\"MONAT Biotech Beauty: Innovatieve huid- en haarverzorgingsproducten\" \/>\n\t\t<meta name=\"twitter:description\" content=\"Ontdek de biotechnologische schoonheidsproducten van MONAT, een combinatie van innovatieve wetenschap en natuurlijke ingredi\u00ebnten voor schone, duurzame huid- en haarverzorgingsoplossingen.\" \/>\n\t\t<script type=\"application\/ld+json\" class=\"aioseo-schema\">\n\t\t\t{\"@context\":\"https:\\\/\\\/schema.org\",\"@graph\":[{\"@type\":\"BreadcrumbList\",\"@id\":\"https:\\\/\\\/monatglobal.com\\\/be\\\/biotechbeauty\\\/?lang=nl#breadcrumblist\",\"itemListElement\":[{\"@type\":\"ListItem\",\"@id\":\"https:\\\/\\\/monatglobal.com\\\/be#listItem\",\"position\":1,\"name\":\"Home\",\"item\":\"https:\\\/\\\/monatglobal.com\\\/be\",\"nextItem\":{\"@type\":\"ListItem\",\"@id\":\"https:\\\/\\\/monatglobal.com\\\/be\\\/biotechbeauty\\\/?lang=nl#listItem\",\"name\":\"MONAT Biotech Beauty: Innovatieve huid- en haarverzorgingsproducten\"}},{\"@type\":\"ListItem\",\"@id\":\"https:\\\/\\\/monatglobal.com\\\/be\\\/biotechbeauty\\\/?lang=nl#listItem\",\"position\":2,\"name\":\"MONAT Biotech Beauty: Innovatieve huid- en haarverzorgingsproducten\",\"previousItem\":{\"@type\":\"ListItem\",\"@id\":\"https:\\\/\\\/monatglobal.com\\\/be#listItem\",\"name\":\"Home\"}}]},{\"@type\":\"Organization\",\"@id\":\"https:\\\/\\\/monatglobal.com\\\/be\\\/#organization\",\"name\":\"MONAT Belgium\",\"description\":\"We Are Modern Nature\\u2122\",\"url\":\"https:\\\/\\\/monatglobal.com\\\/be\\\/\"},{\"@type\":\"WebPage\",\"@id\":\"https:\\\/\\\/monatglobal.com\\\/be\\\/biotechbeauty\\\/?lang=nl#webpage\",\"url\":\"https:\\\/\\\/monatglobal.com\\\/be\\\/biotechbeauty\\\/?lang=nl\",\"name\":\"MONAT Biotech Beauty: Innovatieve huid- en haarverzorgingsproducten\",\"description\":\"Ontdek de biotechnologische schoonheidsproducten van MONAT, een combinatie van innovatieve wetenschap en natuurlijke ingredi\\u00ebnten voor schone, duurzame huid- en haarverzorgingsoplossingen.\",\"inLanguage\":\"fr-FR\",\"isPartOf\":{\"@id\":\"https:\\\/\\\/monatglobal.com\\\/be\\\/#website\"},\"breadcrumb\":{\"@id\":\"https:\\\/\\\/monatglobal.com\\\/be\\\/biotechbeauty\\\/?lang=nl#breadcrumblist\"},\"image\":{\"@type\":\"ImageObject\",\"url\":\"https:\\\/\\\/monatglobal.com\\\/be\\\/wp-content\\\/uploads\\\/sites\\\/23\\\/2025\\\/03\\\/MONAT-PIONEERS-OF-BIOTECH-BEAUTY-DUT-Feature-min.jpg\",\"@id\":\"https:\\\/\\\/monatglobal.com\\\/be\\\/biotechbeauty\\\/?lang=nl\\\/#mainImage\",\"width\":1200,\"height\":628},\"primaryImageOfPage\":{\"@id\":\"https:\\\/\\\/monatglobal.com\\\/be\\\/biotechbeauty\\\/?lang=nl#mainImage\"},\"datePublished\":\"2025-03-24T19:29:09+00:00\",\"dateModified\":\"2025-03-26T13:57:55+00:00\"},{\"@type\":\"WebSite\",\"@id\":\"https:\\\/\\\/monatglobal.com\\\/be\\\/#website\",\"url\":\"https:\\\/\\\/monatglobal.com\\\/be\\\/\",\"name\":\"MONAT Belgium\",\"description\":\"We Are Modern Nature\\u2122\",\"inLanguage\":\"fr-FR\",\"publisher\":{\"@id\":\"https:\\\/\\\/monatglobal.com\\\/be\\\/#organization\"}}]}\n\t\t<\/script>\n\t\t<!-- All in One SEO Pro -->\r\n\t\t<title>MONAT Biotech Beauty: Innovatieve huid- en haarverzorgingsproducten<\/title>\n\n","aioseo_head_json":{"title":"MONAT Biotech Beauty: Innovatieve huid- en haarverzorgingsproducten","description":"Ontdek de biotechnologische schoonheidsproducten van MONAT, een combinatie van innovatieve wetenschap en natuurlijke ingredi\u00ebnten voor schone, duurzame huid- en haarverzorgingsoplossingen.","canonical_url":"https:\/\/monatglobal.com\/be\/biotechbeauty\/?lang=nl","robots":"max-image-preview:large","keywords":"","webmasterTools":{"miscellaneous":""},"schema":{"@context":"https:\/\/schema.org","@graph":[{"@type":"BreadcrumbList","@id":"https:\/\/monatglobal.com\/be\/biotechbeauty\/?lang=nl#breadcrumblist","itemListElement":[{"@type":"ListItem","@id":"https:\/\/monatglobal.com\/be#listItem","position":1,"name":"Home","item":"https:\/\/monatglobal.com\/be","nextItem":{"@type":"ListItem","@id":"https:\/\/monatglobal.com\/be\/biotechbeauty\/?lang=nl#listItem","name":"MONAT Biotech Beauty: Innovatieve huid- en haarverzorgingsproducten"}},{"@type":"ListItem","@id":"https:\/\/monatglobal.com\/be\/biotechbeauty\/?lang=nl#listItem","position":2,"name":"MONAT Biotech Beauty: Innovatieve huid- en haarverzorgingsproducten","previousItem":{"@type":"ListItem","@id":"https:\/\/monatglobal.com\/be#listItem","name":"Home"}}]},{"@type":"Organization","@id":"https:\/\/monatglobal.com\/be\/#organization","name":"MONAT Belgium","description":"We Are Modern Nature\u2122","url":"https:\/\/monatglobal.com\/be\/"},{"@type":"WebPage","@id":"https:\/\/monatglobal.com\/be\/biotechbeauty\/?lang=nl#webpage","url":"https:\/\/monatglobal.com\/be\/biotechbeauty\/?lang=nl","name":"MONAT Biotech Beauty: Innovatieve huid- en haarverzorgingsproducten","description":"Ontdek de biotechnologische schoonheidsproducten van MONAT, een combinatie van innovatieve wetenschap en natuurlijke ingredi\u00ebnten voor schone, duurzame huid- en haarverzorgingsoplossingen.","inLanguage":"fr-FR","isPartOf":{"@id":"https:\/\/monatglobal.com\/be\/#website"},"breadcrumb":{"@id":"https:\/\/monatglobal.com\/be\/biotechbeauty\/?lang=nl#breadcrumblist"},"image":{"@type":"ImageObject","url":"https:\/\/monatglobal.com\/be\/wp-content\/uploads\/sites\/23\/2025\/03\/MONAT-PIONEERS-OF-BIOTECH-BEAUTY-DUT-Feature-min.jpg","@id":"https:\/\/monatglobal.com\/be\/biotechbeauty\/?lang=nl\/#mainImage","width":1200,"height":628},"primaryImageOfPage":{"@id":"https:\/\/monatglobal.com\/be\/biotechbeauty\/?lang=nl#mainImage"},"datePublished":"2025-03-24T19:29:09+00:00","dateModified":"2025-03-26T13:57:55+00:00"},{"@type":"WebSite","@id":"https:\/\/monatglobal.com\/be\/#website","url":"https:\/\/monatglobal.com\/be\/","name":"MONAT Belgium","description":"We Are Modern Nature\u2122","inLanguage":"fr-FR","publisher":{"@id":"https:\/\/monatglobal.com\/be\/#organization"}}]},"og:locale":"fr_FR","og:site_name":"MONAT Belgium - We Are Modern Nature\u2122","og:type":"article","og:title":"MONAT Biotech Beauty: Innovatieve huid- en haarverzorgingsproducten","og:description":"Ontdek de biotechnologische schoonheidsproducten van MONAT, een combinatie van innovatieve wetenschap en natuurlijke ingredi\u00ebnten voor schone, duurzame huid- en haarverzorgingsoplossingen.","og:url":"https:\/\/monatglobal.com\/be\/biotechbeauty\/?lang=nl","article:published_time":"2025-03-24T19:29:09+00:00","article:modified_time":"2025-03-26T13:57:55+00:00","twitter:card":"summary_large_image","twitter:title":"MONAT Biotech Beauty: Innovatieve huid- en haarverzorgingsproducten","twitter:description":"Ontdek de biotechnologische schoonheidsproducten van MONAT, een combinatie van innovatieve wetenschap en natuurlijke ingredi\u00ebnten voor schone, duurzame huid- en haarverzorgingsoplossingen."},"aioseo_meta_data":{"post_id":"859","title":"MONAT Biotech Beauty: Innovatieve huid- en haarverzorgingsproducten","description":"Ontdek de biotechnologische schoonheidsproducten van MONAT, een combinatie van innovatieve wetenschap en natuurlijke ingredi\u00ebnten voor schone, duurzame huid- en haarverzorgingsoplossingen.","keywords":null,"keyphrases":{"focus":{"keyphrase":"","score":0,"analysis":{"keyphraseInTitle":{"score":0,"maxScore":9,"error":1}}},"additional":[]},"primary_term":null,"canonical_url":null,"og_title":null,"og_description":null,"og_object_type":"default","og_image_type":"default","og_image_url":null,"og_image_width":null,"og_image_height":null,"og_image_custom_url":null,"og_image_custom_fields":null,"og_video":"","og_custom_url":null,"og_article_section":null,"og_article_tags":null,"twitter_use_og":false,"twitter_card":"default","twitter_image_type":"default","twitter_image_url":null,"twitter_image_custom_url":null,"twitter_image_custom_fields":null,"twitter_title":null,"twitter_description":null,"schema":{"blockGraphs":[],"customGraphs":[],"default":{"data":{"Article":[],"Course":[],"Dataset":[],"FAQPage":[],"Movie":[],"Person":[],"Product":[],"ProductReview":[],"Car":[],"Recipe":[],"Service":[],"SoftwareApplication":[],"WebPage":[]},"graphName":"WebPage","isEnabled":true},"graphs":[]},"schema_type":"default","schema_type_options":null,"pillar_content":false,"robots_default":true,"robots_noindex":false,"robots_noarchive":false,"robots_nosnippet":false,"robots_nofollow":false,"robots_noimageindex":false,"robots_noodp":false,"robots_notranslate":false,"robots_max_snippet":"-1","robots_max_videopreview":"-1","robots_max_imagepreview":"large","priority":null,"frequency":"default","local_seo":null,"seo_analyzer_scan_date":null,"breadcrumb_settings":null,"limit_modified_date":false,"reviewed_by":null,"open_ai":null,"ai":null,"created":"2025-03-24 19:29:11","updated":"2026-02-10 05:25:15"},"aioseo_breadcrumb":"<div class=\"aioseo-breadcrumbs\"><span class=\"aioseo-breadcrumb\">\n\t<a href=\"https:\/\/monatglobal.com\/be\" title=\"Home\">Home<\/a>\n<\/span><span class=\"aioseo-breadcrumb-separator\">&raquo;<\/span><span class=\"aioseo-breadcrumb\">\n\tMONAT Biotech Beauty: Innovatieve huid- en haarverzorgingsproducten\n<\/span><\/div>","aioseo_breadcrumb_json":[{"label":"Home","link":"https:\/\/monatglobal.com\/be"},{"label":"MONAT Biotech Beauty: Innovatieve huid- en haarverzorgingsproducten","link":"https:\/\/monatglobal.com\/be\/biotechbeauty\/?lang=nl"}],"_links":{"self":[{"href":"https:\/\/monatglobal.com\/be\/wp-json\/wp\/v2\/pages\/859","targetHints":{"allow":["GET"]}}],"collection":[{"href":"https:\/\/monatglobal.com\/be\/wp-json\/wp\/v2\/pages"}],"about":[{"href":"https:\/\/monatglobal.com\/be\/wp-json\/wp\/v2\/types\/page"}],"author":[{"embeddable":true,"href":"https:\/\/monatglobal.com\/be\/wp-json\/wp\/v2\/users\/57"}],"replies":[{"embeddable":true,"href":"https:\/\/monatglobal.com\/be\/wp-json\/wp\/v2\/comments?post=859"}],"version-history":[{"count":7,"href":"https:\/\/monatglobal.com\/be\/wp-json\/wp\/v2\/pages\/859\/revisions"}],"predecessor-version":[{"id":871,"href":"https:\/\/monatglobal.com\/be\/wp-json\/wp\/v2\/pages\/859\/revisions\/871"}],"wp:featuredmedia":[{"embeddable":true,"href":"https:\/\/monatglobal.com\/be\/wp-json\/wp\/v2\/media\/873"}],"wp:attachment":[{"href":"https:\/\/monatglobal.com\/be\/wp-json\/wp\/v2\/media?parent=859"}],"wp:term":[{"taxonomy":"category","embeddable":true,"href":"https:\/\/monatglobal.com\/be\/wp-json\/wp\/v2\/categories?post=859"},{"taxonomy":"post_tag","embeddable":true,"href":"https:\/\/monatglobal.com\/be\/wp-json\/wp\/v2\/tags?post=859"}],"curies":[{"name":"wp","href":"https:\/\/api.w.org\/{rel}","templated":true}]}}