{"id":68,"date":"2024-12-20T15:50:11","date_gmt":"2024-12-20T15:50:11","guid":{"rendered":"https:\/\/monatglobal.com\/be\/?page_id=68"},"modified":"2025-12-10T15:40:48","modified_gmt":"2025-12-10T15:40:48","slug":"vip","status":"publish","type":"page","link":"https:\/\/monatglobal.com\/be\/vip\/","title":{"rendered":"MONAT VIP PERKS\u2122 Les r\u00e9compenses vous vont \u00e0 merveille"},"content":{"rendered":"\n\n\t<style>\n    :root{\n        --gray: #F4F3F2;\n        --green: #8C966A;\n    } \n<\/style>\n    <section id=\"bannerSec\">\n            <h3>Bienvenue \u00e0<\/h3>\n            <img decoding=\"async\" id=\"monatLogo_w\" src=\"https:\/\/monatglobal.com\/wp-content\/uploads\/2023\/08\/monat-logo-white-1.svg\" alt=\"monat logo\"\/>\n            <h1>VIP PERKS\u2122<\/h1> \n            <h2>Les r\u00e9compenses vous vont \u00e0 merveille.<\/h2>\n            <a href=\"https:\/\/corp.mymonat.com\/pyr_core\/v2_enrollments\/select_market?enroll_params=profile_form_type%3Dvip_for_life&#038;lang_code=fr&#038;market=BE\" target=\"_blank\" rel=\"noopener\">REJOINDRE MAINTENANT<\/a>\n    <\/section> \n        <a href=\"https:\/\/monatglobal.com\/be\/vip\/#healthy-savings\">DES \u00c9CONOMIES INCROYABLES<\/a> \n        <a href=\"https:\/\/monatglobal.com\/be\/vip\/#exclusive-rewards\">R\u00c9COMPENSES EXCLUSIVES<\/a>\n        <a href=\"https:\/\/monatglobal.com\/be\/vip\/#beautiful-results\">DE BEAUX R\u00c9SULTATS<\/a>\n    <img decoding=\"async\" src=\"https:\/\/monatglobal.com\/be\/wp-content\/uploads\/sites\/23\/2025\/01\/vip-perks-main-banner-2024-final-min.jpg\" alt=\"A woman with dark brown hair sitting on a couch, smiling while holding a MONAT Product bottle, set in a cozy, natural-lit living room\" loading=\"lazy\"\/>\n        <img decoding=\"async\" src=\"https:\/\/monatglobal.com\/be\/wp-content\/uploads\/sites\/23\/2025\/01\/vip-perks-main-banner-2024-mobile-min.jpg\" alt=\"A woman with dark brown hair sitting on a couch, smiling while holding a MONAT Product bottle, set in a cozy, natural-lit living room\" loading=\"lazy\"\/>\n        Devenez un VIP MONAT et vous profiterez d&rsquo;une multitude d&rsquo;avantages qui incluent \ndes \u00e9conomies incroyables, des r\u00e9compenses exclusives, des r\u00e9sultats magnifiques, et bien plus encore.\n        <p>INSCRIVEZ-VOUS D\u00c8S AUJOURD&rsquo;HUI &#8211; C&rsquo;EST GRATUIT &#8211; ET PROFITEZ DES AVANTAGES !<\/p>\n    <section id=\"healthy-savings\">\n                <h2>01 DES \u00c9CONOMIES <br \/> INCROYABLES<\/h2>\n            <img decoding=\"async\" src=\"https:\/\/monatglobal.com\/au\/wp-content\/uploads\/sites\/12\/2024\/11\/HEALTHY-SAVINGS-banner-apac-min.jpg\" alt=\"A blonde woman wearing a white top smiling as she holds a yellow bottle of Monat product outdoors near a poolside.\" loading=\"lazy\"\/>\n                <img decoding=\"async\" src=\"https:\/\/monatglobal.com\/be\/wp-content\/uploads\/sites\/23\/2024\/12\/15-OFF-BELFRENCH.svg\" alt=\"15 off icon\"\/>\n                <h3>15% DE R\u00c9DUCTION<\/h3>\n                <p>Sur chaque produit. <br \/> Tous les jours.<\/p>\n                <p>Vous b\u00e9n\u00e9ficierez toujours d&rsquo;une r\u00e9duction de 15 % sur le prix de vente au d\u00e9tail de n&rsquo;importe quel produit&nbsp;MONAT.<\/p>\n                <img decoding=\"async\" src=\"https:\/\/monatglobal.com\/wp-content\/uploads\/2024\/11\/PURCHASE.svg\" alt=\"PURCHASE+ icon\"\/>\n                <h3>\u00c9CONOMISEZ ENCORE PLUS AVEC MONAT PURCHASE +\u2122<\/h3>\n                <p>\u00c9conomisez encore plus.<\/p>\n                <p>B\u00e9n\u00e9ficiez d&rsquo;une r\u00e9duction suppl\u00e9mentaire de 15 \u00e0 25 % sur vos achats, en fonction du montant total de votre&nbsp;commande.<\/p> \n                <img decoding=\"async\" src=\"https:\/\/monatglobal.com\/wp-content\/uploads\/2024\/11\/FLAT-RATE-SHIPPING.svg\" alt=\"FLAT RATE SHIPPING icon\"\/>\n                <h3>LIVRAISON GRATUITE<\/h3>\n                <p>ELes deux mots pr\u00e9f\u00e9r\u00e9s de tous.<\/p>\n                <p>Les commandes Flexship \u00e9ligibles de plus de 75\u20ac sont toujours exp\u00e9di\u00e9es&nbsp;gratuitement.<\/p>\n    <\/section>\n    <section id=\"exclusive-rewards\">\n            <img decoding=\"async\" src=\"https:\/\/monatglobal.com\/wp-content\/uploads\/2024\/11\/Exclusive-Rewards-NA-pages-min.jpg\" alt=\"A brunette woman holding and examining two Monat product bottles in a warm, homey setting with light wood tones.\" loading=\"lazy\"\/>\n                <h2>02 R\u00c9COMPENSES<br \/> EXCLUSIVES<\/h2>\n                <img decoding=\"async\" src=\"https:\/\/monatglobal.com\/wp-content\/uploads\/2024\/11\/VIP-POINTS.svg\" alt=\"VIP POINTS icon\"\/>\n                <h3>POINTS VIP<\/h3>\n                <p>Gagnez, \u00e9changez, \u00e9conomisez.<\/p>\n                <p>Gagnez des points avec chaque achat, puis \u00e9changez-les contre des r\u00e9compenses exclusives&nbsp;: produits mis en avant ou remises&nbsp;suppl\u00e9mentaires.<\/p>\n                <img decoding=\"async\" src=\"https:\/\/monatglobal.com\/wp-content\/uploads\/2024\/11\/BIRTHDAY-GIFT.svg\" alt=\"BIRTHDAY GIFT icon\"\/>\n                <h3>COUPON D&rsquo;ANNIVERSAIRE<\/h3>\n                <p>Notre cadeau pour vous.<\/p>\n                <p>Recevez 25&nbsp;\u20ac de cr\u00e9dit pour c\u00e9l\u00e9brer votre&nbsp;anniversaire.<\/p>\n                <img decoding=\"async\" src=\"https:\/\/monatglobal.com\/wp-content\/uploads\/2024\/11\/ANNI-GIFT.svg\" alt=\"ANNI GIFT icon\"\/>\n                <h3>CADEAU D&rsquo;ANNIVERSAIRE VIP<\/h3>\n                <p>Nous vous appr\u00e9cions.<\/p>\n                <p>Le jour de votre anniversaire d&rsquo;adh\u00e9sion MONAT, recevez un cr\u00e9dit suppl\u00e9mentaire de&nbsp;10&nbsp;\u20ac.<\/p>\n    <\/section>\n    <section id=\"beautiful-results\">\n                <h2>03 DE BEAUX<br \/> R\u00c9SULTATS<\/h2> \n            <img decoding=\"async\" src=\"https:\/\/monatglobal.com\/au\/wp-content\/uploads\/sites\/12\/2024\/11\/Beautiful-Results-apac-2024-min.jpg\" alt=\"A dark-haired woman in a bathroom, smiling while reaching for a Monat product on a stylish shelf filled with other beauty products.\" loading=\"lazy\"\/>\n                <img decoding=\"async\" src=\"https:\/\/monatglobal.com\/wp-content\/uploads\/2024\/11\/FLEXSHIP-1.svg\" alt=\"FLEXSHIP icon\"\/>\n                <h3>FLEXSHIP<\/h3>\n                <p>Ne manquez jamais vos incontournables.<\/p>\n                <p>Choisissez vos produits et votre fr\u00e9quence &#8211; tous les 30 ou 60 jours. Mettez \u00e0 jour votre commande ou modifiez votre calendrier \u00e0 tout moment, sans probl\u00e8me.<\/p>\n                <img decoding=\"async\" src=\"https:\/\/monatglobal.com\/wp-content\/uploads\/2024\/11\/FREE-PRODUCTS-FRENCH.svg\" alt=\"FREE icon\"\/>\n                <h3>PRODUITS<br \/> GRATUITS<\/h3>\n                <p>Soyez gagnant avec FLEXSHIP<\/p>\n                <p>Recevez un produit GRATUIT lors de vos 2e, 3e et 4e commandes FLEXSHIP de 75&nbsp;\u20ac ou plus.<\/p>\n                <img decoding=\"async\" src=\"https:\/\/monatglobal.com\/wp-content\/uploads\/2024\/11\/SALES-AND-PROMOS.svg\" alt=\"SALES AND PROMOS icon\"\/>\n                <h3>VENTES ET PROMOTIONS EXCLUSIVES<\/h3>\n                <p>Bienvenue dans le cercle VIP<\/p>\n                <p>B\u00e9n\u00e9ficiez d&rsquo;un acc\u00e8s exclusif aux ventes flash et aux promotions sp\u00e9ciales o\u00f9 vous \u00e9conomiserez encore plus.<\/p>\n    <\/section>\n    <section id=\"preFooter\">\n        <h2>PR\u00caT \u00c0 DEVENIR <br \/>UN VIP MONAT ?<\/h2>\n        <p>Faites le premier pas vers la beaut\u00e9 de vos cheveux et de votre peau. <br \/> Ensuite, commencez \u00e0 gagner des points VIP sur chaque achat et voyez les r\u00e9compenses s&rsquo;accumuler.<\/p>\n        <a href=\"https:\/\/corp.mymonat.com\/pyr_core\/v2_enrollments\/select_market?enroll_params=profile_form_type%3Dvip_for_life&#038;lang_code=fr&#038;market=BE\" target=\"_blank\" rel=\"noopener\">REJOINDRE MAINTENANT<\/a>\n        <a href=\"https:\/\/monatglobal.com\/fr\/wp-content\/uploads\/sites\/19\/2025\/11\/FRABEL_MONAT-VIP-Perks\u2122-FAQs_112525_v8.pdf\" target=\"_blank\" id=\"faq_btn\" rel=\"noopener\">FAQ MONAT VIP PERKS\u2122<\/a>\n<!-- TrustBox widget - Slider -->\n  <a href=\"https:\/\/fr.trustpilot.com\/review\/monatglobal.com\" target=\"_blank\" rel=\"noopener\">Trustpilot<\/a>\n<!-- End TrustBox widget -->\n    <\/section>\n\n","protected":false},"excerpt":{"rendered":"<p>Bienvenue \u00e0 VIP PERKS\u2122 Les r\u00e9compenses vous vont \u00e0 merveille. REJOINDRE MAINTENANT DES \u00c9CONOMIES INCROYABLES R\u00c9COMPENSES EXCLUSIVES DE BEAUX R\u00c9SULTATS Devenez un VIP MONAT et vous profiterez d&rsquo;une multitude d&rsquo;avantages qui incluent des \u00e9conomies incroyables, des r\u00e9compenses exclusives, des r\u00e9sultats magnifiques, et bien plus encore. INSCRIVEZ-VOUS D\u00c8S AUJOURD&rsquo;HUI &#8211; C&rsquo;EST GRATUIT &#8211; ET PROFITEZ DES&hellip;<\/p>\n","protected":false},"author":31,"featured_media":347,"parent":0,"menu_order":0,"comment_status":"closed","ping_status":"closed","template":"","meta":{"inline_featured_image":false,"om_disable_all_campaigns":false,"footnotes":""},"categories":[],"tags":[],"class_list":["post-68","page","type-page","status-publish","has-post-thumbnail","hentry"],"aioseo_notices":[],"aioseo_head":"\n\t\t<!-- All in One SEO Pro 4.9.5.2 - aioseo.com -->\n\t<meta name=\"description\" content=\"Devenez un VIP MONAT et vous profiterez d&#039;une multitude d&#039;avantages qui incluent des \u00e9conomies, des r\u00e9compenses exclusives, des r\u00e9sultats magnifiques, et bien plus encore.\" \/>\n\t<meta name=\"robots\" content=\"max-image-preview:large\" \/>\n\t<link rel=\"canonical\" href=\"https:\/\/monatglobal.com\/be\/vip\/\" \/>\n\t<meta name=\"generator\" content=\"All in One SEO Pro (AIOSEO) 4.9.5.2\" \/>\n\t\t<meta property=\"og:locale\" content=\"fr_FR\" \/>\n\t\t<meta property=\"og:site_name\" content=\"MONAT Belgium - We Are Modern Nature\u2122\" \/>\n\t\t<meta property=\"og:type\" content=\"article\" \/>\n\t\t<meta property=\"og:title\" content=\"MONAT VIP PERKS\u2122 Les r\u00e9compenses vous vont \u00e0 merveille.\" \/>\n\t\t<meta property=\"og:description\" content=\"Devenez un VIP MONAT et vous profiterez d&#039;une multitude d&#039;avantages qui incluent des \u00e9conomies, des r\u00e9compenses exclusives, des r\u00e9sultats magnifiques, et bien plus encore.\" \/>\n\t\t<meta property=\"og:url\" content=\"https:\/\/monatglobal.com\/be\/vip\/\" \/>\n\t\t<meta property=\"article:published_time\" content=\"2024-12-20T15:50:11+00:00\" \/>\n\t\t<meta property=\"article:modified_time\" content=\"2025-12-10T15:40:48+00:00\" \/>\n\t\t<meta name=\"twitter:card\" content=\"summary_large_image\" \/>\n\t\t<meta name=\"twitter:title\" content=\"MONAT VIP PERKS\u2122 Les r\u00e9compenses vous vont \u00e0 merveille.\" \/>\n\t\t<meta name=\"twitter:description\" content=\"Devenez un VIP MONAT et vous profiterez d&#039;une multitude d&#039;avantages qui incluent des \u00e9conomies, des r\u00e9compenses exclusives, des r\u00e9sultats magnifiques, et bien plus encore.\" \/>\n\t\t<script type=\"application\/ld+json\" class=\"aioseo-schema\">\n\t\t\t{\"@context\":\"https:\\\/\\\/schema.org\",\"@graph\":[{\"@type\":\"BreadcrumbList\",\"@id\":\"https:\\\/\\\/monatglobal.com\\\/be\\\/vip\\\/#breadcrumblist\",\"itemListElement\":[{\"@type\":\"ListItem\",\"@id\":\"https:\\\/\\\/monatglobal.com\\\/be#listItem\",\"position\":1,\"name\":\"Home\",\"item\":\"https:\\\/\\\/monatglobal.com\\\/be\",\"nextItem\":{\"@type\":\"ListItem\",\"@id\":\"https:\\\/\\\/monatglobal.com\\\/be\\\/vip\\\/#listItem\",\"name\":\"MONAT VIP PERKS\\u2122 Les r\\u00e9compenses vous vont \\u00e0 merveille\"}},{\"@type\":\"ListItem\",\"@id\":\"https:\\\/\\\/monatglobal.com\\\/be\\\/vip\\\/#listItem\",\"position\":2,\"name\":\"MONAT VIP PERKS\\u2122 Les r\\u00e9compenses vous vont \\u00e0 merveille\",\"previousItem\":{\"@type\":\"ListItem\",\"@id\":\"https:\\\/\\\/monatglobal.com\\\/be#listItem\",\"name\":\"Home\"}}]},{\"@type\":\"Organization\",\"@id\":\"https:\\\/\\\/monatglobal.com\\\/be\\\/#organization\",\"name\":\"MONAT Belgium\",\"description\":\"We Are Modern Nature\\u2122\",\"url\":\"https:\\\/\\\/monatglobal.com\\\/be\\\/\"},{\"@type\":\"WebPage\",\"@id\":\"https:\\\/\\\/monatglobal.com\\\/be\\\/vip\\\/#webpage\",\"url\":\"https:\\\/\\\/monatglobal.com\\\/be\\\/vip\\\/\",\"name\":\"MONAT VIP PERKS\\u2122 Les r\\u00e9compenses vous vont \\u00e0 merveille.\",\"description\":\"Devenez un VIP MONAT et vous profiterez d'une multitude d'avantages qui incluent des \\u00e9conomies, des r\\u00e9compenses exclusives, des r\\u00e9sultats magnifiques, et bien plus encore.\",\"inLanguage\":\"fr-FR\",\"isPartOf\":{\"@id\":\"https:\\\/\\\/monatglobal.com\\\/be\\\/#website\"},\"breadcrumb\":{\"@id\":\"https:\\\/\\\/monatglobal.com\\\/be\\\/vip\\\/#breadcrumblist\"},\"image\":{\"@type\":\"ImageObject\",\"url\":\"https:\\\/\\\/monatglobal.com\\\/be\\\/wp-content\\\/uploads\\\/sites\\\/23\\\/2025\\\/01\\\/monat-vip-NAV-FR.jpg\",\"@id\":\"https:\\\/\\\/monatglobal.com\\\/be\\\/vip\\\/#mainImage\",\"width\":1000,\"height\":607},\"primaryImageOfPage\":{\"@id\":\"https:\\\/\\\/monatglobal.com\\\/be\\\/vip\\\/#mainImage\"},\"datePublished\":\"2024-12-20T15:50:11+00:00\",\"dateModified\":\"2025-12-10T15:40:48+00:00\"},{\"@type\":\"WebSite\",\"@id\":\"https:\\\/\\\/monatglobal.com\\\/be\\\/#website\",\"url\":\"https:\\\/\\\/monatglobal.com\\\/be\\\/\",\"name\":\"MONAT Belgium\",\"description\":\"We Are Modern Nature\\u2122\",\"inLanguage\":\"fr-FR\",\"publisher\":{\"@id\":\"https:\\\/\\\/monatglobal.com\\\/be\\\/#organization\"}}]}\n\t\t<\/script>\n\t\t<!-- All in One SEO Pro -->\r\n\t\t<title>MONAT VIP PERKS\u2122 Les r\u00e9compenses vous vont \u00e0 merveille.<\/title>\n\n","aioseo_head_json":{"title":"MONAT VIP PERKS\u2122 Les r\u00e9compenses vous vont \u00e0 merveille.","description":"Devenez un VIP MONAT et vous profiterez d'une multitude d'avantages qui incluent des \u00e9conomies, des r\u00e9compenses exclusives, des r\u00e9sultats magnifiques, et bien plus encore.","canonical_url":"https:\/\/monatglobal.com\/be\/vip\/","robots":"max-image-preview:large","keywords":"","webmasterTools":{"miscellaneous":""},"schema":{"@context":"https:\/\/schema.org","@graph":[{"@type":"BreadcrumbList","@id":"https:\/\/monatglobal.com\/be\/vip\/#breadcrumblist","itemListElement":[{"@type":"ListItem","@id":"https:\/\/monatglobal.com\/be#listItem","position":1,"name":"Home","item":"https:\/\/monatglobal.com\/be","nextItem":{"@type":"ListItem","@id":"https:\/\/monatglobal.com\/be\/vip\/#listItem","name":"MONAT VIP PERKS\u2122 Les r\u00e9compenses vous vont \u00e0 merveille"}},{"@type":"ListItem","@id":"https:\/\/monatglobal.com\/be\/vip\/#listItem","position":2,"name":"MONAT VIP PERKS\u2122 Les r\u00e9compenses vous vont \u00e0 merveille","previousItem":{"@type":"ListItem","@id":"https:\/\/monatglobal.com\/be#listItem","name":"Home"}}]},{"@type":"Organization","@id":"https:\/\/monatglobal.com\/be\/#organization","name":"MONAT Belgium","description":"We Are Modern Nature\u2122","url":"https:\/\/monatglobal.com\/be\/"},{"@type":"WebPage","@id":"https:\/\/monatglobal.com\/be\/vip\/#webpage","url":"https:\/\/monatglobal.com\/be\/vip\/","name":"MONAT VIP PERKS\u2122 Les r\u00e9compenses vous vont \u00e0 merveille.","description":"Devenez un VIP MONAT et vous profiterez d'une multitude d'avantages qui incluent des \u00e9conomies, des r\u00e9compenses exclusives, des r\u00e9sultats magnifiques, et bien plus encore.","inLanguage":"fr-FR","isPartOf":{"@id":"https:\/\/monatglobal.com\/be\/#website"},"breadcrumb":{"@id":"https:\/\/monatglobal.com\/be\/vip\/#breadcrumblist"},"image":{"@type":"ImageObject","url":"https:\/\/monatglobal.com\/be\/wp-content\/uploads\/sites\/23\/2025\/01\/monat-vip-NAV-FR.jpg","@id":"https:\/\/monatglobal.com\/be\/vip\/#mainImage","width":1000,"height":607},"primaryImageOfPage":{"@id":"https:\/\/monatglobal.com\/be\/vip\/#mainImage"},"datePublished":"2024-12-20T15:50:11+00:00","dateModified":"2025-12-10T15:40:48+00:00"},{"@type":"WebSite","@id":"https:\/\/monatglobal.com\/be\/#website","url":"https:\/\/monatglobal.com\/be\/","name":"MONAT Belgium","description":"We Are Modern Nature\u2122","inLanguage":"fr-FR","publisher":{"@id":"https:\/\/monatglobal.com\/be\/#organization"}}]},"og:locale":"fr_FR","og:site_name":"MONAT Belgium - We Are Modern Nature\u2122","og:type":"article","og:title":"MONAT VIP PERKS\u2122 Les r\u00e9compenses vous vont \u00e0 merveille.","og:description":"Devenez un VIP MONAT et vous profiterez d'une multitude d'avantages qui incluent des \u00e9conomies, des r\u00e9compenses exclusives, des r\u00e9sultats magnifiques, et bien plus encore.","og:url":"https:\/\/monatglobal.com\/be\/vip\/","article:published_time":"2024-12-20T15:50:11+00:00","article:modified_time":"2025-12-10T15:40:48+00:00","twitter:card":"summary_large_image","twitter:title":"MONAT VIP PERKS\u2122 Les r\u00e9compenses vous vont \u00e0 merveille.","twitter:description":"Devenez un VIP MONAT et vous profiterez d'une multitude d'avantages qui incluent des \u00e9conomies, des r\u00e9compenses exclusives, des r\u00e9sultats magnifiques, et bien plus encore."},"aioseo_meta_data":{"post_id":"68","title":"MONAT VIP PERKS\u2122 Les r\u00e9compenses vous vont \u00e0 merveille.","description":"Devenez un VIP MONAT et vous profiterez d'une multitude d'avantages qui incluent des \u00e9conomies, des r\u00e9compenses exclusives, des r\u00e9sultats magnifiques, et bien plus encore.","keywords":null,"keyphrases":{"focus":{"keyphrase":"","score":0,"analysis":{"keyphraseInTitle":{"score":0,"maxScore":9,"error":1}}},"additional":[]},"primary_term":null,"canonical_url":null,"og_title":null,"og_description":null,"og_object_type":"default","og_image_type":"default","og_image_url":null,"og_image_width":null,"og_image_height":null,"og_image_custom_url":null,"og_image_custom_fields":null,"og_video":"","og_custom_url":null,"og_article_section":null,"og_article_tags":null,"twitter_use_og":false,"twitter_card":"default","twitter_image_type":"default","twitter_image_url":null,"twitter_image_custom_url":null,"twitter_image_custom_fields":null,"twitter_title":null,"twitter_description":null,"schema":{"blockGraphs":[],"customGraphs":[],"default":{"data":{"Article":[],"Course":[],"Dataset":[],"FAQPage":[],"Movie":[],"Person":[],"Product":[],"ProductReview":[],"Car":[],"Recipe":[],"Service":[],"SoftwareApplication":[],"WebPage":[]},"graphName":"WebPage","isEnabled":true},"graphs":[]},"schema_type":"default","schema_type_options":null,"pillar_content":false,"robots_default":true,"robots_noindex":false,"robots_noarchive":false,"robots_nosnippet":false,"robots_nofollow":false,"robots_noimageindex":false,"robots_noodp":false,"robots_notranslate":false,"robots_max_snippet":"-1","robots_max_videopreview":"-1","robots_max_imagepreview":"large","priority":null,"frequency":"default","local_seo":null,"seo_analyzer_scan_date":null,"breadcrumb_settings":null,"limit_modified_date":false,"reviewed_by":null,"open_ai":null,"ai":null,"created":"2024-12-20 15:50:13","updated":"2026-02-10 05:46:15"},"aioseo_breadcrumb":"<div class=\"aioseo-breadcrumbs\"><span class=\"aioseo-breadcrumb\">\n\t<a href=\"https:\/\/monatglobal.com\/be\" title=\"Home\">Home<\/a>\n<\/span><span class=\"aioseo-breadcrumb-separator\">&raquo;<\/span><span class=\"aioseo-breadcrumb\">\n\tMONAT VIP PERKS\u2122 Les r\u00e9compenses vous vont \u00e0 merveille\n<\/span><\/div>","aioseo_breadcrumb_json":[{"label":"Home","link":"https:\/\/monatglobal.com\/be"},{"label":"MONAT VIP PERKS\u2122 Les r\u00e9compenses vous vont \u00e0 merveille","link":"https:\/\/monatglobal.com\/be\/vip\/"}],"_links":{"self":[{"href":"https:\/\/monatglobal.com\/be\/wp-json\/wp\/v2\/pages\/68","targetHints":{"allow":["GET"]}}],"collection":[{"href":"https:\/\/monatglobal.com\/be\/wp-json\/wp\/v2\/pages"}],"about":[{"href":"https:\/\/monatglobal.com\/be\/wp-json\/wp\/v2\/types\/page"}],"author":[{"embeddable":true,"href":"https:\/\/monatglobal.com\/be\/wp-json\/wp\/v2\/users\/31"}],"replies":[{"embeddable":true,"href":"https:\/\/monatglobal.com\/be\/wp-json\/wp\/v2\/comments?post=68"}],"version-history":[{"count":21,"href":"https:\/\/monatglobal.com\/be\/wp-json\/wp\/v2\/pages\/68\/revisions"}],"predecessor-version":[{"id":109666,"href":"https:\/\/monatglobal.com\/be\/wp-json\/wp\/v2\/pages\/68\/revisions\/109666"}],"wp:featuredmedia":[{"embeddable":true,"href":"https:\/\/monatglobal.com\/be\/wp-json\/wp\/v2\/media\/347"}],"wp:attachment":[{"href":"https:\/\/monatglobal.com\/be\/wp-json\/wp\/v2\/media?parent=68"}],"wp:term":[{"taxonomy":"category","embeddable":true,"href":"https:\/\/monatglobal.com\/be\/wp-json\/wp\/v2\/categories?post=68"},{"taxonomy":"post_tag","embeddable":true,"href":"https:\/\/monatglobal.com\/be\/wp-json\/wp\/v2\/tags?post=68"}],"curies":[{"name":"wp","href":"https:\/\/api.w.org\/{rel}","templated":true}]}}