{"id":656,"date":"2025-02-25T19:28:00","date_gmt":"2025-02-25T19:28:00","guid":{"rendered":"https:\/\/monatglobal.com\/be\/?page_id=656"},"modified":"2026-03-19T20:20:26","modified_gmt":"2026-03-19T20:20:26","slug":"join","status":"publish","type":"page","link":"https:\/\/monatglobal.com\/be\/join\/","title":{"rendered":"Rejoignez MONAT aujourd\u2019hui | D\u00e9couvrez MONAT"},"content":{"rendered":"\n\n\t<section id=\"joinSec\">\n        <img decoding=\"async\" src=\"https:\/\/monatglobal.com\/de\/wp-content\/uploads\/sites\/22\/2025\/01\/oil-drop-MONAT-logo-black-.png\" alt=\"MONAT oild drop logo\" loading=\"lazy\"\/>\n        <p>Bienvenue chez MONAT<\/p>\n        <h1>Qu&rsquo;aimeriez-vous faire<br \/> aujourd&rsquo;hui ?<\/h1> \n                <a href=\"https:\/\/corp.mymonat.com\/pyr_core\/v2_enrollments\/select_market?sponsor_id=&#038;enroll_params=profile_form_type%3Dexpress&#038;market=BE&#038;lang_code=fr\" target=\"_blank\">\n                    <img decoding=\"async\" src=\"https:\/\/monatglobal.com\/wp-content\/uploads\/2025\/02\/maket-partner-min.jpg\" loading=\"lazy\"\/>\n                        <p>Mon\u00e9tiser ma routine beaut\u00e9 ! <br \/> Cr\u00e9er une petite entreprise<br \/> + Constituer une \u00e9quipe <\/p>\n                            <p>REJOIGNEZ-NOUS EN TANT QUE<\/p>\n                            <button> partenaire de march\u00e9 MONAT <\/button> \n                <\/a>\n                <p>Pour plus d&rsquo;informations, visitez le <br \/> <a href=\"https:\/\/monatglobal.com\/be\/the-monat-opportunity\">https:\/\/monatglobal.com\/be\/the-monat-opportunity<\/a><\/p>\n                <a href=\"https:\/\/corp.mymonat.com\/pyr_core\/v2_enrollments\/select_market?enroll_params=profile_form_type%3Dvip_for_life&#038;lang_code=fr&#038;market=BE\">\n                    <img decoding=\"async\" src=\"https:\/\/monatglobal.com\/wp-content\/uploads\/2025\/02\/join-as-a-VIP-min.jpg\" loading=\"lazy\"\/>\n                        <p>Acheter des produits de qualit\u00e9 sup\u00e9rieure avec&nbsp;15%&nbsp;de r\u00e9duction <br \/>+ Gagner des r\u00e9compenses pour \u00e9conomiser de l&rsquo;argent<\/p>\n                            <p>REJOIGNEZ-NOUS EN TANT&nbsp;QUE&nbsp;<\/p>\n                            <button>VIP<\/button>\n                <\/a>\n                <p>Pour plus d&rsquo;informations, visitez le site <br \/> <a href=\"https:\/\/monatglobal.com\/be\/vip\/\">https:\/\/monatglobal.com\/be\/vip\/<\/a><\/p>\n                <a href=\"https:\/\/corp.mymonat.com\/pyr_core\/v2_enrollments\/select_market?sponsor_id=&#038;enroll_params=profile_form_type%3Dcustomer&#038;market=be&#038;lang_code=fr\">\n                    <img decoding=\"async\" src=\"https:\/\/monatglobal.com\/wp-content\/uploads\/2025\/02\/shop-retail-price-min.jpg\" loading=\"lazy\"\/>\n                        <p>Acheter des produits au prix de&nbsp;d\u00e9tail<\/p>\n                            <button>ACHETER<\/button>\n                <\/a>\n                <p>Pour plus d&rsquo;informations, visitez le site<br \/> <a href=\"https:\/\/monatglobal.com\/be\/products\/\">https:\/\/monatglobal.com\/be\/products\/<\/a><\/p>\n<!-- TrustBox widget - Mini -->\n  <a href=\"https:\/\/fr.trustpilot.com\/review\/monatglobal.com\" target=\"_blank\" rel=\"noopener\">Trustpilot<\/a>\n<!-- End TrustBox widget -->\n        <!---->\n        <!---->\n        <!---->\n<\/section>\n\n","protected":false},"excerpt":{"rendered":"<p>Bienvenue chez MONAT Qu&rsquo;aimeriez-vous faire aujourd&rsquo;hui ? Mon\u00e9tiser ma routine beaut\u00e9 ! Cr\u00e9er une petite entreprise + Constituer une \u00e9quipe REJOIGNEZ-NOUS EN TANT QUE partenaire de march\u00e9 MONAT Pour plus d&rsquo;informations, visitez le https:\/\/monatglobal.com\/be\/the-monat-opportunity Acheter des produits de qualit\u00e9 sup\u00e9rieure avec&nbsp;15%&nbsp;de r\u00e9duction + Gagner des r\u00e9compenses pour \u00e9conomiser de l&rsquo;argent REJOIGNEZ-NOUS EN TANT&nbsp;QUE&nbsp; VIP Pour&hellip;<\/p>\n","protected":false},"author":57,"featured_media":654,"parent":0,"menu_order":0,"comment_status":"closed","ping_status":"closed","template":"","meta":{"inline_featured_image":false,"om_disable_all_campaigns":false,"footnotes":""},"categories":[],"tags":[],"class_list":["post-656","page","type-page","status-publish","has-post-thumbnail","hentry"],"aioseo_notices":[],"aioseo_head":"\n\t\t<!-- All in One SEO Pro 4.9.5.2 - aioseo.com -->\n\t<meta name=\"description\" content=\"D\u00e9couvrez MONAT et commencez votre parcours d\u00e8s aujourd\u2019hui! Que vous vouliez mon\u00e9tiser votre routine beaut\u00e9 en tant que partenaire de march\u00e9, profiter de r\u00e9compenses exclusives en tant que client VIP ou magasiner en tant que client de d\u00e9tail, c\u2019est facile de commencer.\" \/>\n\t<meta name=\"robots\" content=\"max-image-preview:large\" \/>\n\t<link rel=\"canonical\" href=\"https:\/\/monatglobal.com\/be\/join\/\" \/>\n\t<meta name=\"generator\" content=\"All in One SEO Pro (AIOSEO) 4.9.5.2\" \/>\n\t\t<meta property=\"og:locale\" content=\"fr_FR\" \/>\n\t\t<meta property=\"og:site_name\" content=\"MONAT Belgium - We Are Modern Nature\u2122\" \/>\n\t\t<meta property=\"og:type\" content=\"article\" \/>\n\t\t<meta property=\"og:title\" content=\"Rejoignez MONAT aujourd\u2019hui | D\u00e9couvrez MONAT\" \/>\n\t\t<meta property=\"og:description\" content=\"D\u00e9couvrez MONAT et commencez votre parcours d\u00e8s aujourd\u2019hui! Que vous vouliez mon\u00e9tiser votre routine beaut\u00e9 en tant que partenaire de march\u00e9, profiter de r\u00e9compenses exclusives en tant que client VIP ou magasiner en tant que client de d\u00e9tail, c\u2019est facile de commencer.\" \/>\n\t\t<meta property=\"og:url\" content=\"https:\/\/monatglobal.com\/be\/join\/\" \/>\n\t\t<meta property=\"article:published_time\" content=\"2025-02-25T19:28:00+00:00\" \/>\n\t\t<meta property=\"article:modified_time\" content=\"2026-03-19T20:20:26+00:00\" \/>\n\t\t<meta name=\"twitter:card\" content=\"summary_large_image\" \/>\n\t\t<meta name=\"twitter:title\" content=\"Rejoignez MONAT aujourd\u2019hui | D\u00e9couvrez MONAT\" \/>\n\t\t<meta name=\"twitter:description\" content=\"D\u00e9couvrez MONAT et commencez votre parcours d\u00e8s aujourd\u2019hui! Que vous vouliez mon\u00e9tiser votre routine beaut\u00e9 en tant que partenaire de march\u00e9, profiter de r\u00e9compenses exclusives en tant que client VIP ou magasiner en tant que client de d\u00e9tail, c\u2019est facile de commencer.\" \/>\n\t\t<script type=\"application\/ld+json\" class=\"aioseo-schema\">\n\t\t\t{\"@context\":\"https:\\\/\\\/schema.org\",\"@graph\":[{\"@type\":\"BreadcrumbList\",\"@id\":\"https:\\\/\\\/monatglobal.com\\\/be\\\/join\\\/#breadcrumblist\",\"itemListElement\":[{\"@type\":\"ListItem\",\"@id\":\"https:\\\/\\\/monatglobal.com\\\/be#listItem\",\"position\":1,\"name\":\"Home\",\"item\":\"https:\\\/\\\/monatglobal.com\\\/be\",\"nextItem\":{\"@type\":\"ListItem\",\"@id\":\"https:\\\/\\\/monatglobal.com\\\/be\\\/join\\\/#listItem\",\"name\":\"Rejoignez MONAT aujourd\\u2019hui | D\\u00e9couvrez MONAT\"}},{\"@type\":\"ListItem\",\"@id\":\"https:\\\/\\\/monatglobal.com\\\/be\\\/join\\\/#listItem\",\"position\":2,\"name\":\"Rejoignez MONAT aujourd\\u2019hui | D\\u00e9couvrez MONAT\",\"previousItem\":{\"@type\":\"ListItem\",\"@id\":\"https:\\\/\\\/monatglobal.com\\\/be#listItem\",\"name\":\"Home\"}}]},{\"@type\":\"Organization\",\"@id\":\"https:\\\/\\\/monatglobal.com\\\/be\\\/#organization\",\"name\":\"MONAT Belgium\",\"description\":\"We Are Modern Nature\\u2122\",\"url\":\"https:\\\/\\\/monatglobal.com\\\/be\\\/\"},{\"@type\":\"WebPage\",\"@id\":\"https:\\\/\\\/monatglobal.com\\\/be\\\/join\\\/#webpage\",\"url\":\"https:\\\/\\\/monatglobal.com\\\/be\\\/join\\\/\",\"name\":\"Rejoignez MONAT aujourd\\u2019hui | D\\u00e9couvrez MONAT\",\"description\":\"D\\u00e9couvrez MONAT et commencez votre parcours d\\u00e8s aujourd\\u2019hui! Que vous vouliez mon\\u00e9tiser votre routine beaut\\u00e9 en tant que partenaire de march\\u00e9, profiter de r\\u00e9compenses exclusives en tant que client VIP ou magasiner en tant que client de d\\u00e9tail, c\\u2019est facile de commencer.\",\"inLanguage\":\"fr-FR\",\"isPartOf\":{\"@id\":\"https:\\\/\\\/monatglobal.com\\\/be\\\/#website\"},\"breadcrumb\":{\"@id\":\"https:\\\/\\\/monatglobal.com\\\/be\\\/join\\\/#breadcrumblist\"},\"image\":{\"@type\":\"ImageObject\",\"url\":\"https:\\\/\\\/monatglobal.com\\\/be\\\/wp-content\\\/uploads\\\/sites\\\/23\\\/2025\\\/02\\\/BE-FR_FT_IMG-min.jpg\",\"@id\":\"https:\\\/\\\/monatglobal.com\\\/be\\\/join\\\/#mainImage\",\"width\":1200,\"height\":628},\"primaryImageOfPage\":{\"@id\":\"https:\\\/\\\/monatglobal.com\\\/be\\\/join\\\/#mainImage\"},\"datePublished\":\"2025-02-25T19:28:00+00:00\",\"dateModified\":\"2026-03-19T20:20:26+00:00\"},{\"@type\":\"WebSite\",\"@id\":\"https:\\\/\\\/monatglobal.com\\\/be\\\/#website\",\"url\":\"https:\\\/\\\/monatglobal.com\\\/be\\\/\",\"name\":\"MONAT Belgium\",\"description\":\"We Are Modern Nature\\u2122\",\"inLanguage\":\"fr-FR\",\"publisher\":{\"@id\":\"https:\\\/\\\/monatglobal.com\\\/be\\\/#organization\"}}]}\n\t\t<\/script>\n\t\t<!-- All in One SEO Pro -->\r\n\t\t<title>Rejoignez MONAT aujourd\u2019hui | D\u00e9couvrez MONAT<\/title>\n\n","aioseo_head_json":{"title":"Rejoignez MONAT aujourd\u2019hui | D\u00e9couvrez MONAT","description":"D\u00e9couvrez MONAT et commencez votre parcours d\u00e8s aujourd\u2019hui! Que vous vouliez mon\u00e9tiser votre routine beaut\u00e9 en tant que partenaire de march\u00e9, profiter de r\u00e9compenses exclusives en tant que client VIP ou magasiner en tant que client de d\u00e9tail, c\u2019est facile de commencer.","canonical_url":"https:\/\/monatglobal.com\/be\/join\/","robots":"max-image-preview:large","keywords":"","webmasterTools":{"miscellaneous":""},"schema":{"@context":"https:\/\/schema.org","@graph":[{"@type":"BreadcrumbList","@id":"https:\/\/monatglobal.com\/be\/join\/#breadcrumblist","itemListElement":[{"@type":"ListItem","@id":"https:\/\/monatglobal.com\/be#listItem","position":1,"name":"Home","item":"https:\/\/monatglobal.com\/be","nextItem":{"@type":"ListItem","@id":"https:\/\/monatglobal.com\/be\/join\/#listItem","name":"Rejoignez MONAT aujourd\u2019hui | D\u00e9couvrez MONAT"}},{"@type":"ListItem","@id":"https:\/\/monatglobal.com\/be\/join\/#listItem","position":2,"name":"Rejoignez MONAT aujourd\u2019hui | D\u00e9couvrez MONAT","previousItem":{"@type":"ListItem","@id":"https:\/\/monatglobal.com\/be#listItem","name":"Home"}}]},{"@type":"Organization","@id":"https:\/\/monatglobal.com\/be\/#organization","name":"MONAT Belgium","description":"We Are Modern Nature\u2122","url":"https:\/\/monatglobal.com\/be\/"},{"@type":"WebPage","@id":"https:\/\/monatglobal.com\/be\/join\/#webpage","url":"https:\/\/monatglobal.com\/be\/join\/","name":"Rejoignez MONAT aujourd\u2019hui | D\u00e9couvrez MONAT","description":"D\u00e9couvrez MONAT et commencez votre parcours d\u00e8s aujourd\u2019hui! Que vous vouliez mon\u00e9tiser votre routine beaut\u00e9 en tant que partenaire de march\u00e9, profiter de r\u00e9compenses exclusives en tant que client VIP ou magasiner en tant que client de d\u00e9tail, c\u2019est facile de commencer.","inLanguage":"fr-FR","isPartOf":{"@id":"https:\/\/monatglobal.com\/be\/#website"},"breadcrumb":{"@id":"https:\/\/monatglobal.com\/be\/join\/#breadcrumblist"},"image":{"@type":"ImageObject","url":"https:\/\/monatglobal.com\/be\/wp-content\/uploads\/sites\/23\/2025\/02\/BE-FR_FT_IMG-min.jpg","@id":"https:\/\/monatglobal.com\/be\/join\/#mainImage","width":1200,"height":628},"primaryImageOfPage":{"@id":"https:\/\/monatglobal.com\/be\/join\/#mainImage"},"datePublished":"2025-02-25T19:28:00+00:00","dateModified":"2026-03-19T20:20:26+00:00"},{"@type":"WebSite","@id":"https:\/\/monatglobal.com\/be\/#website","url":"https:\/\/monatglobal.com\/be\/","name":"MONAT Belgium","description":"We Are Modern Nature\u2122","inLanguage":"fr-FR","publisher":{"@id":"https:\/\/monatglobal.com\/be\/#organization"}}]},"og:locale":"fr_FR","og:site_name":"MONAT Belgium - We Are Modern Nature\u2122","og:type":"article","og:title":"Rejoignez MONAT aujourd\u2019hui | D\u00e9couvrez MONAT","og:description":"D\u00e9couvrez MONAT et commencez votre parcours d\u00e8s aujourd\u2019hui! Que vous vouliez mon\u00e9tiser votre routine beaut\u00e9 en tant que partenaire de march\u00e9, profiter de r\u00e9compenses exclusives en tant que client VIP ou magasiner en tant que client de d\u00e9tail, c\u2019est facile de commencer.","og:url":"https:\/\/monatglobal.com\/be\/join\/","article:published_time":"2025-02-25T19:28:00+00:00","article:modified_time":"2026-03-19T20:20:26+00:00","twitter:card":"summary_large_image","twitter:title":"Rejoignez MONAT aujourd\u2019hui | D\u00e9couvrez MONAT","twitter:description":"D\u00e9couvrez MONAT et commencez votre parcours d\u00e8s aujourd\u2019hui! Que vous vouliez mon\u00e9tiser votre routine beaut\u00e9 en tant que partenaire de march\u00e9, profiter de r\u00e9compenses exclusives en tant que client VIP ou magasiner en tant que client de d\u00e9tail, c\u2019est facile de commencer."},"aioseo_meta_data":{"post_id":"656","title":"Rejoignez MONAT aujourd\u2019hui | D\u00e9couvrez MONAT","description":"D\u00e9couvrez MONAT et commencez votre parcours d\u00e8s aujourd\u2019hui! Que vous vouliez mon\u00e9tiser votre routine beaut\u00e9 en tant que partenaire de march\u00e9, profiter de r\u00e9compenses exclusives en tant que client VIP ou magasiner en tant que client de d\u00e9tail, c\u2019est facile de commencer.","keywords":null,"keyphrases":{"focus":{"keyphrase":"","score":0,"analysis":{"keyphraseInTitle":{"score":0,"maxScore":9,"error":1}}},"additional":[]},"primary_term":null,"canonical_url":null,"og_title":null,"og_description":null,"og_object_type":"default","og_image_type":"default","og_image_url":null,"og_image_width":null,"og_image_height":null,"og_image_custom_url":null,"og_image_custom_fields":null,"og_video":"","og_custom_url":null,"og_article_section":null,"og_article_tags":null,"twitter_use_og":false,"twitter_card":"default","twitter_image_type":"default","twitter_image_url":null,"twitter_image_custom_url":null,"twitter_image_custom_fields":null,"twitter_title":null,"twitter_description":null,"schema":{"blockGraphs":[],"customGraphs":[],"default":{"data":{"Article":[],"Course":[],"Dataset":[],"FAQPage":[],"Movie":[],"Person":[],"Product":[],"ProductReview":[],"Car":[],"Recipe":[],"Service":[],"SoftwareApplication":[],"WebPage":[]},"graphName":"WebPage","isEnabled":true},"graphs":[]},"schema_type":"default","schema_type_options":null,"pillar_content":false,"robots_default":true,"robots_noindex":false,"robots_noarchive":false,"robots_nosnippet":false,"robots_nofollow":false,"robots_noimageindex":false,"robots_noodp":false,"robots_notranslate":false,"robots_max_snippet":"-1","robots_max_videopreview":"-1","robots_max_imagepreview":"large","priority":null,"frequency":"default","local_seo":null,"seo_analyzer_scan_date":null,"breadcrumb_settings":null,"limit_modified_date":false,"reviewed_by":null,"open_ai":null,"ai":null,"created":"2025-02-25 19:28:03","updated":"2026-03-23 01:26:14"},"aioseo_breadcrumb":"<div class=\"aioseo-breadcrumbs\"><span class=\"aioseo-breadcrumb\">\n\t<a href=\"https:\/\/monatglobal.com\/be\" title=\"Home\">Home<\/a>\n<\/span><span class=\"aioseo-breadcrumb-separator\">&raquo;<\/span><span class=\"aioseo-breadcrumb\">\n\tRejoignez MONAT aujourd\u2019hui | D\u00e9couvrez MONAT\n<\/span><\/div>","aioseo_breadcrumb_json":[{"label":"Home","link":"https:\/\/monatglobal.com\/be"},{"label":"Rejoignez MONAT aujourd\u2019hui | D\u00e9couvrez MONAT","link":"https:\/\/monatglobal.com\/be\/join\/"}],"_links":{"self":[{"href":"https:\/\/monatglobal.com\/be\/wp-json\/wp\/v2\/pages\/656","targetHints":{"allow":["GET"]}}],"collection":[{"href":"https:\/\/monatglobal.com\/be\/wp-json\/wp\/v2\/pages"}],"about":[{"href":"https:\/\/monatglobal.com\/be\/wp-json\/wp\/v2\/types\/page"}],"author":[{"embeddable":true,"href":"https:\/\/monatglobal.com\/be\/wp-json\/wp\/v2\/users\/57"}],"replies":[{"embeddable":true,"href":"https:\/\/monatglobal.com\/be\/wp-json\/wp\/v2\/comments?post=656"}],"version-history":[{"count":18,"href":"https:\/\/monatglobal.com\/be\/wp-json\/wp\/v2\/pages\/656\/revisions"}],"predecessor-version":[{"id":110449,"href":"https:\/\/monatglobal.com\/be\/wp-json\/wp\/v2\/pages\/656\/revisions\/110449"}],"wp:featuredmedia":[{"embeddable":true,"href":"https:\/\/monatglobal.com\/be\/wp-json\/wp\/v2\/media\/654"}],"wp:attachment":[{"href":"https:\/\/monatglobal.com\/be\/wp-json\/wp\/v2\/media?parent=656"}],"wp:term":[{"taxonomy":"category","embeddable":true,"href":"https:\/\/monatglobal.com\/be\/wp-json\/wp\/v2\/categories?post=656"},{"taxonomy":"post_tag","embeddable":true,"href":"https:\/\/monatglobal.com\/be\/wp-json\/wp\/v2\/tags?post=656"}],"curies":[{"name":"wp","href":"https:\/\/api.w.org\/{rel}","templated":true}]}}