{"id":646,"date":"2025-02-25T17:06:27","date_gmt":"2025-02-25T17:06:27","guid":{"rendered":"https:\/\/monatglobal.com\/be\/?page_id=646"},"modified":"2025-03-04T16:59:53","modified_gmt":"2025-03-04T16:59:53","slug":"ignite","status":"publish","type":"page","link":"https:\/\/monatglobal.com\/be\/ignite\/","title":{"rendered":"MONAT Ignite 2025 \u2013 Voyage Incentive Exclusif \u00e0 Marrakech"},"content":{"rendered":"\n<style>\n    :root{\n        --sand: #fbf5f0;\n        --red: #c2514a;\n        --salmon: #f3b7b1;\n        --dark-purple: #572e3d;\n        --purple: #522f56;\n    }\n<\/style> \n<section id=\"bannerSec\">\n    <img decoding=\"async\" src=\"https:\/\/monatglobal.com\/uk\/wp-content\/uploads\/sites\/6\/2025\/02\/ignite-2025-Logo-w.svg\">\n    \n        <source media=\"(max-width: 700px)\" srcset=\"https:\/\/monatglobal.com\/uk\/wp-content\/uploads\/sites\/6\/2025\/02\/EU-ignite-2025-banner-mobile-min-2.jpg\" loading=\"lazy\">\n        <img decoding=\"async\" src=\"https:\/\/monatglobal.com\/ie\/wp-content\/uploads\/sites\/13\/2025\/02\/IGNITE-BANNER-2025-DESKTOP_updated-min.jpg\" alt=\"A Moroccan-style tower stands prominently in the heart of the city, showcasing its elegance. It rises majestically against a blue sky, with the sunset light enhancing its magnificence.\" loading=\"lazy\">\n    \n<\/section>\n<main id=\"igniteContainer\">\n    <section id=\"Sec1\">\n            <img decoding=\"async\" src=\"https:\/\/monatglobal.com\/wp-content\/uploads\/2025\/02\/marrakech-title.svg\" alt=\"Marrakech!\">\n            <h1>vous attend &#8211; Votre<br> voyage de r\u00eave<br> commence ici !<\/h1>\n            <p>Qualification&nbsp;:<br> 1<sup>er<\/sup> mars 2025 &#8211; 31 juillet 2025<\/p>\n            <p>Date de l&rsquo;\u00e9v\u00e9nement&nbsp;: <br> 26-29 septembre 2025<\/p>\n    <\/section>\n    <section id=\"Sec2\">\n            <h2>Quelle est<br> la destination<br> de vos r\u00eaves&nbsp;?<br> Pr\u00eat \u00e0 passer<br> \u00e0 l&rsquo;action&nbsp;?<\/h2>  \n            <img decoding=\"async\" src=\"https:\/\/monatglobal.com\/wp-content\/uploads\/2025\/02\/pattern-img.svg\" alt=\"pattern img\">\n                    <h3>Le moment<br> est venu&nbsp;!<\/h3>\n                    <p>Nous sommes ravis d&rsquo;annoncer le voyage de motivation exclusif de MONAT Europe \u00e0 Marrakech, et croyez-nous, c&rsquo;est l&rsquo;aventure que vous attendiez&nbsp;!<\/p>\n                <img decoding=\"async\" src=\"https:\/\/monatglobal.com\/uk\/wp-content\/uploads\/sites\/6\/2025\/02\/Incentive-Trip-to-Marrakech_archs-min.jpg\" alt=\"A woman seen from behind, wearing a green dress and holding a large hat in her hands, admires the arched architecture of a hallway with Moroccan-style design.\">\n            <img decoding=\"async\" src=\"https:\/\/monatglobal.com\/wp-content\/uploads\/2025\/02\/yellow-star.svg\" alt=\"Yellow eight-pointed star shape\">\n            <img decoding=\"async\" src=\"https:\/\/monatglobal.com\/wp-content\/uploads\/2025\/02\/salmon-star.svg\" alt=\"Salmon eight-pointed star shape\"> \n                <p>Vous n&rsquo;avez encore jamais v\u00e9cu un voyage incitatif MONAT, pr\u00e9parez-vous \u00e0 une exp\u00e9rience hors du commun ! Ce n&rsquo;est pas juste une simple escapade, mais une aventure \u00e9pique qui vous attend. Imaginez-vous d\u00e9couvrir des destinations incroyables, vivre des moments inoubliables, cr\u00e9er des liens forts avec d&rsquo;autres passionn\u00e9s et repartir avec des souvenirs grav\u00e9s \u00e0 jamais.<\/p>\n                <p>Ce voyage est bien plus qu&rsquo;une r\u00e9compense &#8211; c&rsquo;est une opportunit\u00e9 unique de c\u00e9l\u00e9brer vos r\u00e9ussites et de vivre une exp\u00e9rience MONAT comme jamais auparavant. \u00cates-vous pr\u00eat \u00e0 embarquer pour l&rsquo;inattendu ? Imaginez que vous vous impr\u00e9gniez de l&rsquo;\u00e9nergie vibrante de Marrakech, que vous rencontriez des gens incroyables et que vous viviez des exp\u00e9riences que l&rsquo;argent ne peut pas acheter.<\/p>\n    <\/section>\n    <section id=\"sec3\">\n             <img decoding=\"async\" src=\"https:\/\/monatglobal.com\/uk\/wp-content\/uploads\/sites\/6\/2025\/02\/energy-of-Marrakech_woman-min.jpg\" alt=\"A woman wearing a vibrant, colorful dress is seated gracefully on a chair, exuding elegance and style.\">\n                <img decoding=\"async\" src=\"https:\/\/monatglobal.com\/uk\/wp-content\/uploads\/sites\/6\/2025\/02\/more-than-just-a-getaway_arch-min.jpg\" alt=\"A picturesque scene of the royal palace courtyard in Marrakesh, Morocco, highlighting its stunning architecture and tranquil atmosphere.\">\n            <p>C&rsquo;est le moment<br> ou jamais. Ne vous contentez<br> pas d&rsquo;en r\u00eaver, concr\u00e9tisons-le&nbsp;!<\/p>\n    <\/section>\n    <section id=\"tableSec\">\n            <img decoding=\"async\" src=\"https:\/\/monatglobal.com\/wp-content\/uploads\/2025\/02\/salmon-star.svg\" alt=\"Yellow eight-pointed star shape\">\n            <img decoding=\"async\" src=\"https:\/\/monatglobal.com\/wp-content\/uploads\/2025\/02\/yellow-star.svg\" alt=\"Salmon eight-pointed star shape\"> \n            <img decoding=\"async\" src=\"https:\/\/monatglobal.com\/uk\/wp-content\/uploads\/sites\/6\/2025\/02\/ignite-2025Logo.svg\" alt=\"ignite logo\">\n            <h2>Crit\u00e8res<br> de qualification<\/h2>\n            <p>VP, VIP et PM Exigence :<br>atteinte en 5 mois (pour l&rsquo;Allemagne et la Belgique)<\/p>\n            <p>\u00c9CHELON<\/p>\n            \n            <p>R\u00e9compense<\/p>\n            <p>Exigences en mati\u00e8re<br> de VP Niveau d\u00e9butant<\/p>\n            <p>7000 VP*<\/p>\n            <p>Programme + Chambre partag\u00e9e<\/p>\n            <p>Conditions d&rsquo;inscription Niveau<br> d\u00e9butant<\/p>\n            <p>6 VIP + 2 PM<\/p>\n            <p>Exigences VP<br> Niveau 1<\/p>\n            <p>9000 VP*<\/p>\n            <p>Programme + Chambre partag\u00e9e + 115\u20ac<\/p>\n            <p>Exigences VP<br> Niveau 2<\/p>\n            <p>12,000 VP*<\/p>\n            <p>Programme + Chambre partag\u00e9e + Vols<\/p>\n            <p>Conditions d&rsquo;inscription <br> Niveau 1 &amp; 2<\/p>\n            <p>10 VIP + 2 PM<\/p>\n            <p>*Le VP minimum doit provenir des achats du client cumul\u00e9s pendant la p\u00e9riode de qualification (VIP ou D\u00e9tail).<\/p>\n            <p>VP de 4000<\/p>\n            <p>Tous les partenaires de march\u00e9 doivent \u00eatre pay\u00e9s en tant que MMP ou plus en juillet 2025 pour \u00eatre \u00e9ligibles.<\/p>\n            \n                Exigence d&rsquo;inscription VIP et PM Niveau d&rsquo;entr\u00e9\u00e9Inscrire 6 VIP avec un Flexship Active<br> et 2 PM avec un Pack de Produits, dans une p\u00e9riode de 5&nbsp;mois.<br><br>\n                Niveau 1 et Niveau 2<br>\n                Inscrire 10 VIP avec un Flexship Active Flexship et 2 PM avec un Pack de Produits, dans une p\u00e9riode de 5 mois.\n            \n                Exigences en mati\u00e8re de VP\n                Les exigences en mati\u00e8re de PV pour tous les niveaux sont cumul\u00e9es.\n             \n    <\/section>\n    <section id=\"lookLike_container\">  \n            <img decoding=\"async\" src=\"https:\/\/monatglobal.com\/wp-content\/uploads\/2025\/02\/salmon-star.svg\" alt=\"Yellow eight-pointed star shape\">\n            <img decoding=\"async\" src=\"https:\/\/monatglobal.com\/wp-content\/uploads\/2025\/02\/yellow-star.svg\" alt=\"Salmon eight-pointed star shape\"> \n                <h2>\u00c7a vous int\u00e9resse?<\/h2>\n                <p>Ce \u00e0 quoi MONAT Ignite<br> peut ressembler pour vousu<\/p>\n                        <img decoding=\"async\" src=\"https:\/\/monatglobal.com\/uk\/wp-content\/uploads\/sites\/6\/2025\/02\/entry-level-icon.svg\" alt=\"Hotel icon illustration\">\n                        <p>Le niveau d&rsquo;entr\u00e9e <br>comprend&nbsp;:<\/p>\n                        <ul>\n                            <li><p>\u2022 3 nuits d&rsquo;h\u00e9bergement en chambre partag\u00e9e, petit-d\u00e9jeuner compris<\/p><\/li>\n                            <li><p>\u2022 Exp\u00e9rience sp\u00e9ciale MONAT<\/p><\/li>\n                            <li><p>\u2022 Soir\u00e9e de gala<\/p><\/li>\n                            <li><p>\u2022 De nombreuses touches sp\u00e9ciales de MONAT&nbsp;Europe<\/p><\/li>\n                        <\/ul>\n                        <p>\u00c0 ce niveau, les vols ne sont pas couverts par&nbsp;MONAT.<\/p>\n                        <img decoding=\"async\" src=\"https:\/\/monatglobal.com\/uk\/wp-content\/uploads\/sites\/6\/2025\/02\/tier-1-eu.svg\" alt=\"money icon illustration\"> \n                        <p>Le voyage de niveau 1<br> comprend&nbsp;:<\/p>\n                        <ul>\n                            <li><p>\u2022 3 nuits d&rsquo;h\u00e9bergement en chambre partag\u00e9e, petit-d\u00e9jeuner compris<\/p><\/li>\n                            <li><p>\u2022 100 \u00a3 \/ 115 \u20ac \u00e0 d\u00e9penser comme vous le&nbsp;souhaitez<\/p><\/li>\n                            <li><p>\u2022 Exp\u00e9rience sp\u00e9ciale MONAT<\/p><\/li>\n                            <li><p>\u2022 Soir\u00e9e de gala<\/p><\/li>\n                            <li><p>\u2022 De nombreuses touches sp\u00e9ciales de MONAT&nbsp;Europe<\/p><\/li>\n                        <\/ul>\n                        <p>\u00c0 ce niveau, les vols ne sont pas couverts par&nbsp;MONAT.<\/p>\n                        <img decoding=\"async\" src=\"https:\/\/monatglobal.com\/uk\/wp-content\/uploads\/sites\/6\/2025\/02\/tier-2.svg\" alt=\"plane ticket icon illustration\">\n                        <p>Le voyage de niveau 2<br> comprend&nbsp;:<\/p>\n                        <ul>\n                            <li><p>\u2022 Billets d&rsquo;avion aller-retour au d\u00e9part des principaux a\u00e9roports du Royaume-Uni, de l&rsquo;Irlande, de la Pologne, de l&rsquo;Espagne, de la Lituanie et de la France*,la Belgique, et l&rsquo;Allemagne.<\/p><\/li>\n                            <li><p>\u2022 3 nuits d&rsquo;h\u00e9bergement en chambre partag\u00e9e, petit-d\u00e9jeuner compris<\/p><\/li>\n                            <li><p>\u2022 Exp\u00e9rience sp\u00e9ciale MONAT<\/p><\/li>\n                            <li><p>\u2022 Soir\u00e9e de gala<\/p><\/li>\n                            <li><p>\u2022 De nombreuses touches sp\u00e9ciales de MONAT&nbsp;Europe<\/p><\/li>\n                        <\/ul>\n            <img decoding=\"async\" src=\"https:\/\/monatglobal.com\/uk\/wp-content\/uploads\/sites\/6\/2025\/02\/oil-drop.svg\" alt=\"oil drop logo\">\n    <\/section>\n    <section id=\"bottomSec\">\n        <p>Rendez-vous \u00e0<\/p>\n        <img decoding=\"async\" src=\"https:\/\/monatglobal.com\/wp-content\/uploads\/2025\/02\/marrakech-title.svg\" alt=\"Marrakech!\"> \n        <a href=\"https:\/\/monatglobal.com\/be\/wp-content\/uploads\/sites\/23\/2025\/03\/BEL-FRA_MONAT-Europe-Ignite-2025-FAQ_022825_v2.pdf\" target=\"_blank\" rel=\"noopener\">FAQ<\/a>\n        <p>*Veuillez consulter les <a href=\"https:\/\/monatglobal.com\/be\/wp-content\/uploads\/sites\/23\/2025\/03\/BEL-FR_MONAT-Europe-Ignite-2025-Terms-and-Conditions_020725_v2.pdf\" target=\"_blank\" rel=\"noopener\"> Conditions g\u00e9n\u00e9rales<\/a> li\u00e9es<br> \u00e0 l&rsquo;acceptation du transport a\u00e9rien pay\u00e9 par MONAT Global.<\/p>\n        <img decoding=\"async\" alt=\"pattern img\" src=\"https:\/\/monatglobal.com\/wp-content\/uploads\/2025\/02\/pattern-img.svg\">\n    <\/section>\n<\/main>\n","protected":false},"excerpt":{"rendered":"<p>vous attend &#8211; Votre voyage de r\u00eave commence ici ! Qualification&nbsp;: 1er mars 2025 &#8211; 31 juillet 2025 Date de l&rsquo;\u00e9v\u00e9nement&nbsp;: 26-29 septembre 2025 Quelle est la destination de vos r\u00eaves&nbsp;? Pr\u00eat \u00e0 passer \u00e0 l&rsquo;action&nbsp;? Le moment est venu&nbsp;! Nous sommes ravis d&rsquo;annoncer le voyage de motivation exclusif de MONAT Europe \u00e0 Marrakech, et&hellip;<\/p>\n","protected":false},"author":33,"featured_media":573,"parent":0,"menu_order":0,"comment_status":"closed","ping_status":"closed","template":"","meta":{"inline_featured_image":false,"om_disable_all_campaigns":false,"footnotes":""},"categories":[],"tags":[],"class_list":["post-646","page","type-page","status-publish","has-post-thumbnail","hentry"],"aioseo_notices":[],"aioseo_head":"\n\t\t<!-- All in One SEO Pro 4.9.6 - aioseo.com -->\n\t<meta name=\"description\" content=\"Qualifiez-vous pour MONAT Ignite 2025 et vivez un voyage inoubliable \u00e0 Marrakech avec h\u00e9bergement de luxe, \u00e9v\u00e9nements exclusifs et une soir\u00e9e de gala !\" \/>\n\t<meta name=\"robots\" content=\"max-image-preview:large\" \/>\n\t<link rel=\"canonical\" href=\"https:\/\/monatglobal.com\/be\/ignite\/\" \/>\n\t<meta name=\"generator\" content=\"All in One SEO Pro (AIOSEO) 4.9.6\" \/>\n\t\t<meta property=\"og:locale\" content=\"fr_FR\" \/>\n\t\t<meta property=\"og:site_name\" content=\"MONAT Belgium - We Are Modern Nature\u2122\" \/>\n\t\t<meta property=\"og:type\" content=\"article\" \/>\n\t\t<meta property=\"og:title\" content=\"MONAT Ignite 2025 \u2013 Voyage Incentive Exclusif \u00e0 Marrakech\" \/>\n\t\t<meta property=\"og:description\" content=\"Qualifiez-vous pour MONAT Ignite 2025 et vivez un voyage inoubliable \u00e0 Marrakech avec h\u00e9bergement de luxe, \u00e9v\u00e9nements exclusifs et une soir\u00e9e de gala !\" \/>\n\t\t<meta property=\"og:url\" content=\"https:\/\/monatglobal.com\/be\/ignite\/\" \/>\n\t\t<meta property=\"article:published_time\" content=\"2025-02-25T17:06:27+00:00\" \/>\n\t\t<meta property=\"article:modified_time\" content=\"2025-03-04T16:59:53+00:00\" \/>\n\t\t<meta name=\"twitter:card\" content=\"summary_large_image\" \/>\n\t\t<meta name=\"twitter:title\" content=\"MONAT Ignite 2025 \u2013 Voyage Incentive Exclusif \u00e0 Marrakech\" \/>\n\t\t<meta name=\"twitter:description\" content=\"Qualifiez-vous pour MONAT Ignite 2025 et vivez un voyage inoubliable \u00e0 Marrakech avec h\u00e9bergement de luxe, \u00e9v\u00e9nements exclusifs et une soir\u00e9e de gala !\" \/>\n\t\t<script type=\"application\/ld+json\" class=\"aioseo-schema\">\n\t\t\t{\"@context\":\"https:\\\/\\\/schema.org\",\"@graph\":[{\"@type\":\"BreadcrumbList\",\"@id\":\"https:\\\/\\\/monatglobal.com\\\/be\\\/ignite\\\/#breadcrumblist\",\"itemListElement\":[{\"@type\":\"ListItem\",\"@id\":\"https:\\\/\\\/monatglobal.com\\\/be#listItem\",\"position\":1,\"name\":\"Home\",\"item\":\"https:\\\/\\\/monatglobal.com\\\/be\",\"nextItem\":{\"@type\":\"ListItem\",\"@id\":\"https:\\\/\\\/monatglobal.com\\\/be\\\/ignite\\\/#listItem\",\"name\":\"MONAT Ignite 2025 \\u2013 Voyage Incentive Exclusif \\u00e0 Marrakech\"}},{\"@type\":\"ListItem\",\"@id\":\"https:\\\/\\\/monatglobal.com\\\/be\\\/ignite\\\/#listItem\",\"position\":2,\"name\":\"MONAT Ignite 2025 \\u2013 Voyage Incentive Exclusif \\u00e0 Marrakech\",\"previousItem\":{\"@type\":\"ListItem\",\"@id\":\"https:\\\/\\\/monatglobal.com\\\/be#listItem\",\"name\":\"Home\"}}]},{\"@type\":\"Organization\",\"@id\":\"https:\\\/\\\/monatglobal.com\\\/be\\\/#organization\",\"name\":\"MONAT Belgium\",\"description\":\"We Are Modern Nature\\u2122\",\"url\":\"https:\\\/\\\/monatglobal.com\\\/be\\\/\"},{\"@type\":\"WebPage\",\"@id\":\"https:\\\/\\\/monatglobal.com\\\/be\\\/ignite\\\/#webpage\",\"url\":\"https:\\\/\\\/monatglobal.com\\\/be\\\/ignite\\\/\",\"name\":\"MONAT Ignite 2025 \\u2013 Voyage Incentive Exclusif \\u00e0 Marrakech\",\"description\":\"Qualifiez-vous pour MONAT Ignite 2025 et vivez un voyage inoubliable \\u00e0 Marrakech avec h\\u00e9bergement de luxe, \\u00e9v\\u00e9nements exclusifs et une soir\\u00e9e de gala !\",\"inLanguage\":\"fr-FR\",\"isPartOf\":{\"@id\":\"https:\\\/\\\/monatglobal.com\\\/be\\\/#website\"},\"breadcrumb\":{\"@id\":\"https:\\\/\\\/monatglobal.com\\\/be\\\/ignite\\\/#breadcrumblist\"},\"image\":{\"@type\":\"ImageObject\",\"url\":\"https:\\\/\\\/monatglobal.com\\\/be\\\/wp-content\\\/uploads\\\/sites\\\/23\\\/2025\\\/02\\\/Ignite-2025-MARRAKECH-FEATURED-min.jpg\",\"@id\":\"https:\\\/\\\/monatglobal.com\\\/be\\\/ignite\\\/#mainImage\",\"width\":1200,\"height\":628},\"primaryImageOfPage\":{\"@id\":\"https:\\\/\\\/monatglobal.com\\\/be\\\/ignite\\\/#mainImage\"},\"datePublished\":\"2025-02-25T17:06:27+00:00\",\"dateModified\":\"2025-03-04T16:59:53+00:00\"},{\"@type\":\"WebSite\",\"@id\":\"https:\\\/\\\/monatglobal.com\\\/be\\\/#website\",\"url\":\"https:\\\/\\\/monatglobal.com\\\/be\\\/\",\"name\":\"MONAT Belgium\",\"description\":\"We Are Modern Nature\\u2122\",\"inLanguage\":\"fr-FR\",\"publisher\":{\"@id\":\"https:\\\/\\\/monatglobal.com\\\/be\\\/#organization\"}}]}\n\t\t<\/script>\n\t\t<!-- All in One SEO Pro -->\r\n\t\t<title>MONAT Ignite 2025 \u2013 Voyage Incentive Exclusif \u00e0 Marrakech<\/title>\n\n","aioseo_head_json":{"title":"MONAT Ignite 2025 \u2013 Voyage Incentive Exclusif \u00e0 Marrakech","description":"Qualifiez-vous pour MONAT Ignite 2025 et vivez un voyage inoubliable \u00e0 Marrakech avec h\u00e9bergement de luxe, \u00e9v\u00e9nements exclusifs et une soir\u00e9e de gala !","canonical_url":"https:\/\/monatglobal.com\/be\/ignite\/","robots":"max-image-preview:large","keywords":"","webmasterTools":{"miscellaneous":""},"schema":{"@context":"https:\/\/schema.org","@graph":[{"@type":"BreadcrumbList","@id":"https:\/\/monatglobal.com\/be\/ignite\/#breadcrumblist","itemListElement":[{"@type":"ListItem","@id":"https:\/\/monatglobal.com\/be#listItem","position":1,"name":"Home","item":"https:\/\/monatglobal.com\/be","nextItem":{"@type":"ListItem","@id":"https:\/\/monatglobal.com\/be\/ignite\/#listItem","name":"MONAT Ignite 2025 \u2013 Voyage Incentive Exclusif \u00e0 Marrakech"}},{"@type":"ListItem","@id":"https:\/\/monatglobal.com\/be\/ignite\/#listItem","position":2,"name":"MONAT Ignite 2025 \u2013 Voyage Incentive Exclusif \u00e0 Marrakech","previousItem":{"@type":"ListItem","@id":"https:\/\/monatglobal.com\/be#listItem","name":"Home"}}]},{"@type":"Organization","@id":"https:\/\/monatglobal.com\/be\/#organization","name":"MONAT Belgium","description":"We Are Modern Nature\u2122","url":"https:\/\/monatglobal.com\/be\/"},{"@type":"WebPage","@id":"https:\/\/monatglobal.com\/be\/ignite\/#webpage","url":"https:\/\/monatglobal.com\/be\/ignite\/","name":"MONAT Ignite 2025 \u2013 Voyage Incentive Exclusif \u00e0 Marrakech","description":"Qualifiez-vous pour MONAT Ignite 2025 et vivez un voyage inoubliable \u00e0 Marrakech avec h\u00e9bergement de luxe, \u00e9v\u00e9nements exclusifs et une soir\u00e9e de gala !","inLanguage":"fr-FR","isPartOf":{"@id":"https:\/\/monatglobal.com\/be\/#website"},"breadcrumb":{"@id":"https:\/\/monatglobal.com\/be\/ignite\/#breadcrumblist"},"image":{"@type":"ImageObject","url":"https:\/\/monatglobal.com\/be\/wp-content\/uploads\/sites\/23\/2025\/02\/Ignite-2025-MARRAKECH-FEATURED-min.jpg","@id":"https:\/\/monatglobal.com\/be\/ignite\/#mainImage","width":1200,"height":628},"primaryImageOfPage":{"@id":"https:\/\/monatglobal.com\/be\/ignite\/#mainImage"},"datePublished":"2025-02-25T17:06:27+00:00","dateModified":"2025-03-04T16:59:53+00:00"},{"@type":"WebSite","@id":"https:\/\/monatglobal.com\/be\/#website","url":"https:\/\/monatglobal.com\/be\/","name":"MONAT Belgium","description":"We Are Modern Nature\u2122","inLanguage":"fr-FR","publisher":{"@id":"https:\/\/monatglobal.com\/be\/#organization"}}]},"og:locale":"fr_FR","og:site_name":"MONAT Belgium - We Are Modern Nature\u2122","og:type":"article","og:title":"MONAT Ignite 2025 \u2013 Voyage Incentive Exclusif \u00e0 Marrakech","og:description":"Qualifiez-vous pour MONAT Ignite 2025 et vivez un voyage inoubliable \u00e0 Marrakech avec h\u00e9bergement de luxe, \u00e9v\u00e9nements exclusifs et une soir\u00e9e de gala !","og:url":"https:\/\/monatglobal.com\/be\/ignite\/","article:published_time":"2025-02-25T17:06:27+00:00","article:modified_time":"2025-03-04T16:59:53+00:00","twitter:card":"summary_large_image","twitter:title":"MONAT Ignite 2025 \u2013 Voyage Incentive Exclusif \u00e0 Marrakech","twitter:description":"Qualifiez-vous pour MONAT Ignite 2025 et vivez un voyage inoubliable \u00e0 Marrakech avec h\u00e9bergement de luxe, \u00e9v\u00e9nements exclusifs et une soir\u00e9e de gala !"},"aioseo_meta_data":{"post_id":"646","title":"MONAT Ignite 2025 \u2013 Voyage Incentive Exclusif \u00e0 Marrakech","description":"Qualifiez-vous pour MONAT Ignite 2025 et vivez un voyage inoubliable \u00e0 Marrakech avec h\u00e9bergement de luxe, \u00e9v\u00e9nements exclusifs et une soir\u00e9e de gala !","keywords":null,"keyphrases":{"focus":{"keyphrase":"","score":0,"analysis":{"keyphraseInTitle":{"score":0,"maxScore":9,"error":1}}},"additional":[]},"primary_term":null,"canonical_url":null,"og_title":null,"og_description":null,"og_object_type":"default","og_image_type":"default","og_image_url":null,"og_image_width":null,"og_image_height":null,"og_image_custom_url":null,"og_image_custom_fields":null,"og_video":"","og_custom_url":null,"og_article_section":null,"og_article_tags":null,"twitter_use_og":false,"twitter_card":"default","twitter_image_type":"default","twitter_image_url":null,"twitter_image_custom_url":null,"twitter_image_custom_fields":null,"twitter_title":null,"twitter_description":null,"schema":{"blockGraphs":[],"customGraphs":[],"default":{"data":{"Article":[],"Course":[],"Dataset":[],"FAQPage":[],"Movie":[],"Person":[],"Product":[],"ProductReview":[],"Car":[],"Recipe":[],"Service":[],"SoftwareApplication":[],"WebPage":[]},"graphName":"WebPage","isEnabled":true},"graphs":[]},"schema_type":"default","schema_type_options":null,"pillar_content":false,"robots_default":true,"robots_noindex":false,"robots_noarchive":false,"robots_nosnippet":false,"robots_nofollow":false,"robots_noimageindex":false,"robots_noodp":false,"robots_notranslate":false,"robots_max_snippet":"-1","robots_max_videopreview":"-1","robots_max_imagepreview":"large","priority":null,"frequency":"default","local_seo":null,"seo_analyzer_scan_date":null,"breadcrumb_settings":null,"limit_modified_date":false,"reviewed_by":null,"open_ai":null,"ai":null,"created":"2025-02-25 17:06:30","updated":"2026-02-10 05:24:49"},"aioseo_breadcrumb":"<div class=\"aioseo-breadcrumbs\"><span class=\"aioseo-breadcrumb\">\n\t<a href=\"https:\/\/monatglobal.com\/be\" title=\"Home\">Home<\/a>\n<\/span><span class=\"aioseo-breadcrumb-separator\">&raquo;<\/span><span class=\"aioseo-breadcrumb\">\n\tMONAT Ignite 2025 \u2013 Voyage Incentive Exclusif \u00e0 Marrakech\n<\/span><\/div>","aioseo_breadcrumb_json":[{"label":"Home","link":"https:\/\/monatglobal.com\/be"},{"label":"MONAT Ignite 2025 \u2013 Voyage Incentive Exclusif \u00e0 Marrakech","link":"https:\/\/monatglobal.com\/be\/ignite\/"}],"_links":{"self":[{"href":"https:\/\/monatglobal.com\/be\/wp-json\/wp\/v2\/pages\/646","targetHints":{"allow":["GET"]}}],"collection":[{"href":"https:\/\/monatglobal.com\/be\/wp-json\/wp\/v2\/pages"}],"about":[{"href":"https:\/\/monatglobal.com\/be\/wp-json\/wp\/v2\/types\/page"}],"author":[{"embeddable":true,"href":"https:\/\/monatglobal.com\/be\/wp-json\/wp\/v2\/users\/33"}],"replies":[{"embeddable":true,"href":"https:\/\/monatglobal.com\/be\/wp-json\/wp\/v2\/comments?post=646"}],"version-history":[{"count":8,"href":"https:\/\/monatglobal.com\/be\/wp-json\/wp\/v2\/pages\/646\/revisions"}],"predecessor-version":[{"id":805,"href":"https:\/\/monatglobal.com\/be\/wp-json\/wp\/v2\/pages\/646\/revisions\/805"}],"wp:featuredmedia":[{"embeddable":true,"href":"https:\/\/monatglobal.com\/be\/wp-json\/wp\/v2\/media\/573"}],"wp:attachment":[{"href":"https:\/\/monatglobal.com\/be\/wp-json\/wp\/v2\/media?parent=646"}],"wp:term":[{"taxonomy":"category","embeddable":true,"href":"https:\/\/monatglobal.com\/be\/wp-json\/wp\/v2\/categories?post=646"},{"taxonomy":"post_tag","embeddable":true,"href":"https:\/\/monatglobal.com\/be\/wp-json\/wp\/v2\/tags?post=646"}],"curies":[{"name":"wp","href":"https:\/\/api.w.org\/{rel}","templated":true}]}}