{"id":601,"date":"2025-02-24T14:53:02","date_gmt":"2025-02-24T14:53:02","guid":{"rendered":"https:\/\/monatglobal.com\/be\/?page_id=601"},"modified":"2025-03-05T17:54:48","modified_gmt":"2025-03-05T17:54:48","slug":"meet-monat","status":"publish","type":"page","link":"https:\/\/monatglobal.com\/be\/meet-monat\/","title":{"rendered":"Meet MONAT"},"content":{"rendered":"\n\n\t<section> \n            <img decoding=\"async\" src=\"https:\/\/monatglobal.com\/de\/wp-content\/uploads\/sites\/22\/2025\/02\/oil-drop-logo-w.png\" alt=\"Monat Logo\"\/>\n            <h1>Rejoignez nos appels <br \/> d&rsquo;opportunit\u00e9s <br \/>Meet MONAT et <br \/> d\u00e9couvrez-en plus<\/h1>\n            <a href=\"\/be?page_id=601#zoom-calls\">MEET MONAT<\/a>    \n        <img decoding=\"async\" src=\"https:\/\/monatglobal.com\/be\/wp-content\/uploads\/sites\/23\/2025\/02\/meet-monat-banner-desktop-min.png\"\/>\n        <p>Rejoignez-nous pour un appel passionnant o\u00f9 vous entendrez directement notre \u00e9quipe corporate, obtiendrez des informations privil\u00e9gi\u00e9es sur MONAT, et d\u00e9couvrirez les opportunit\u00e9s incroyables qui vous attendent ! <\/p>\n        <p> Que vous soyez curieux \u00e0 propos de l&rsquo;entreprise, des produits ou de la communaut\u00e9, c&rsquo;est votre chance d&rsquo;apprendre comment MONAT peut transformer votre avenir.<\/p>\n<\/section>\n<section id=\"zoom-calls\">\n        <!--<a href=\"https:\/\/monatglobal.zoom.us\/j\/95758111876\" target=\"_blank\" rel=\"noopener\">-->\n        <!--    <img decoding=\"async\" src=\"https:\/\/monatglobal.com\/wp-content\/uploads\/2025\/02\/zoom-logo-E60A52864C-seeklogo.com-1.svg\" alt=\"\"\/>-->\n        <!--    -->\n        <!--        <p>lundi 24 f\u00e9vrier \u00e0&nbsp;20H<\/p>-->\n        <!--        <p>Rejoindre la r\u00e9union sur&nbsp;zoom:<\/p>-->\n        <!--        -->\n        <!--            <button>ZOOM CALL<\/button>-->\n        <!--            <p>ID: 957 5811 1876<\/p>-->\n        <!--        -->\n        <!--    -->\n        <!--<\/a>-->\n       <a href=\"https:\/\/monatglobal.zoom.us\/j\/93638088876\" target=\"_blank\" rel=\"noopener\">\n            <img decoding=\"async\" src=\"https:\/\/monatglobal.com\/wp-content\/uploads\/2025\/02\/zoom-logo-E60A52864C-seeklogo.com-1.svg\" alt=\"\"\/>\n                <p>lundi 10 mars \u00e0&nbsp;20H<\/p>\n                <p>Rejoindre la r\u00e9union sur&nbsp;zoom:<\/p>\n                    <button>ZOOM CALL<\/button>\n                    <p>ID: 936 3808 8876<\/p>\n        <\/a>\n             <a href=\"https:\/\/monatglobal.zoom.us\/j\/9069091482?omn=94072377026\" target=\"_blank\" rel=\"noopener\">\n            <img decoding=\"async\" src=\"https:\/\/monatglobal.com\/wp-content\/uploads\/2025\/02\/zoom-logo-E60A52864C-seeklogo.com-1.svg\" alt=\"\"\/>\n                <p>lundi 17 mars \u00e0 12h30 20H<\/p>\n                <p>Rejoindre la r\u00e9union sur&nbsp;zoom:<\/p>\n                    <button>ZOOM CALL<\/button>\n                    <p>ID: 906 909 1482<\/p>\n        <\/a>\n                     <a href=\"https:\/\/monatglobal.zoom.us\/j\/9069091482?omn=94072377026\" target=\"_blank\" rel=\"noopener\">\n            <img decoding=\"async\" src=\"https:\/\/monatglobal.com\/wp-content\/uploads\/2025\/02\/zoom-logo-E60A52864C-seeklogo.com-1.svg\" alt=\"\"\/>\n                <p>lundi 24 mars \u00e0 20h<\/p>\n                <p>Rejoindre la r\u00e9union sur&nbsp;zoom:<\/p>\n                    <button>ZOOM CALL<\/button>\n                    <p>ID: 906 909 1482<\/p>\n        <\/a>\n                             <a href=\"https:\/\/monatglobal.zoom.us\/j\/9069091482?omn=94072377026\" target=\"_blank\" rel=\"noopener\">\n            <img decoding=\"async\" src=\"https:\/\/monatglobal.com\/wp-content\/uploads\/2025\/02\/zoom-logo-E60A52864C-seeklogo.com-1.svg\" alt=\"\"\/>\n                <p>lundi 31 mars \u00e0 18H<\/p>\n                <p>Rejoindre la r\u00e9union sur&nbsp;zoom:<\/p>\n                    <button>ZOOM CALL<\/button>\n                    <p>ID: 906 909 1482<\/p>\n        <\/a>\n                <a href=\"https:\/\/www.eventbrite.fr\/e\/meet-monat-brussels-tickets-1256416789439?aff=oddtdtcreator\" target=\"_blank\" rel=\"noopener\">\n            <img decoding=\"async\" src=\"https:\/\/monatglobal.com\/be\/wp-content\/uploads\/sites\/23\/2025\/02\/in-person-events-banner_bel-fr-min.jpg\" alt=\"\"\/>\n                Brussels\n5 Avril\n                Hotel Sofitel Brussels Europe<br \/>\nPlace Jourdan 1, 1040 Bruxelles\n                    <button>Meet MONAT<\/button>\n        <\/a>\n<\/section>\n<section id=\"bottomSec\">\n        <h2>Ne manquez pas de <br \/> vous connecter et de <br \/> vous inspirer !<\/h2>\n<\/section>\n\n","protected":false},"excerpt":{"rendered":"<p>Rejoignez nos appels d&rsquo;opportunit\u00e9s Meet MONAT et d\u00e9couvrez-en plus MEET MONAT Rejoignez-nous pour un appel passionnant o\u00f9 vous entendrez directement notre \u00e9quipe corporate, obtiendrez des informations privil\u00e9gi\u00e9es sur MONAT, et d\u00e9couvrirez les opportunit\u00e9s incroyables qui vous attendent ! Que vous soyez curieux \u00e0 propos de l&rsquo;entreprise, des produits ou de la communaut\u00e9, c&rsquo;est votre chance&hellip;<\/p>\n","protected":false},"author":31,"featured_media":602,"parent":0,"menu_order":0,"comment_status":"closed","ping_status":"closed","template":"","meta":{"inline_featured_image":false,"om_disable_all_campaigns":false,"footnotes":""},"categories":[],"tags":[],"class_list":["post-601","page","type-page","status-publish","has-post-thumbnail","hentry"],"aioseo_notices":[],"aioseo_head":"\n\t\t<!-- All in One SEO Pro 4.9.5.2 - aioseo.com -->\n\t<meta name=\"description\" content=\"Rejoignez nos appels d&#039;opportunit\u00e9s Meet MONAT et d\u00e9couvrez-en plus.\" \/>\n\t<meta name=\"robots\" content=\"max-image-preview:large\" \/>\n\t<link rel=\"canonical\" href=\"https:\/\/monatglobal.com\/be\/meet-monat\/\" \/>\n\t<meta name=\"generator\" content=\"All in One SEO Pro (AIOSEO) 4.9.5.2\" \/>\n\t\t<meta property=\"og:locale\" content=\"fr_FR\" \/>\n\t\t<meta property=\"og:site_name\" content=\"MONAT Belgium - We Are Modern Nature\u2122\" \/>\n\t\t<meta property=\"og:type\" content=\"article\" \/>\n\t\t<meta property=\"og:title\" content=\"Meet MONAT - MONAT Belgium\" \/>\n\t\t<meta property=\"og:description\" content=\"Rejoignez nos appels d&#039;opportunit\u00e9s Meet MONAT et d\u00e9couvrez-en plus.\" \/>\n\t\t<meta property=\"og:url\" content=\"https:\/\/monatglobal.com\/be\/meet-monat\/\" \/>\n\t\t<meta property=\"article:published_time\" content=\"2025-02-24T14:53:02+00:00\" \/>\n\t\t<meta property=\"article:modified_time\" content=\"2025-03-05T17:54:48+00:00\" \/>\n\t\t<meta name=\"twitter:card\" content=\"summary_large_image\" \/>\n\t\t<meta name=\"twitter:title\" content=\"Meet MONAT - MONAT Belgium\" \/>\n\t\t<meta name=\"twitter:description\" content=\"Rejoignez nos appels d&#039;opportunit\u00e9s Meet MONAT et d\u00e9couvrez-en plus.\" \/>\n\t\t<script type=\"application\/ld+json\" class=\"aioseo-schema\">\n\t\t\t{\"@context\":\"https:\\\/\\\/schema.org\",\"@graph\":[{\"@type\":\"BreadcrumbList\",\"@id\":\"https:\\\/\\\/monatglobal.com\\\/be\\\/meet-monat\\\/#breadcrumblist\",\"itemListElement\":[{\"@type\":\"ListItem\",\"@id\":\"https:\\\/\\\/monatglobal.com\\\/be#listItem\",\"position\":1,\"name\":\"Home\",\"item\":\"https:\\\/\\\/monatglobal.com\\\/be\",\"nextItem\":{\"@type\":\"ListItem\",\"@id\":\"https:\\\/\\\/monatglobal.com\\\/be\\\/meet-monat\\\/#listItem\",\"name\":\"Meet MONAT\"}},{\"@type\":\"ListItem\",\"@id\":\"https:\\\/\\\/monatglobal.com\\\/be\\\/meet-monat\\\/#listItem\",\"position\":2,\"name\":\"Meet MONAT\",\"previousItem\":{\"@type\":\"ListItem\",\"@id\":\"https:\\\/\\\/monatglobal.com\\\/be#listItem\",\"name\":\"Home\"}}]},{\"@type\":\"Organization\",\"@id\":\"https:\\\/\\\/monatglobal.com\\\/be\\\/#organization\",\"name\":\"MONAT Belgium\",\"description\":\"We Are Modern Nature\\u2122\",\"url\":\"https:\\\/\\\/monatglobal.com\\\/be\\\/\"},{\"@type\":\"WebPage\",\"@id\":\"https:\\\/\\\/monatglobal.com\\\/be\\\/meet-monat\\\/#webpage\",\"url\":\"https:\\\/\\\/monatglobal.com\\\/be\\\/meet-monat\\\/\",\"name\":\"Meet MONAT - MONAT Belgium\",\"description\":\"Rejoignez nos appels d'opportunit\\u00e9s Meet MONAT et d\\u00e9couvrez-en plus.\",\"inLanguage\":\"fr-FR\",\"isPartOf\":{\"@id\":\"https:\\\/\\\/monatglobal.com\\\/be\\\/#website\"},\"breadcrumb\":{\"@id\":\"https:\\\/\\\/monatglobal.com\\\/be\\\/meet-monat\\\/#breadcrumblist\"},\"image\":{\"@type\":\"ImageObject\",\"url\":\"https:\\\/\\\/monatglobal.com\\\/be\\\/wp-content\\\/uploads\\\/sites\\\/23\\\/2025\\\/02\\\/Meet-MONAT-Belgium.jpg\",\"@id\":\"https:\\\/\\\/monatglobal.com\\\/be\\\/meet-monat\\\/#mainImage\",\"width\":1200,\"height\":628},\"primaryImageOfPage\":{\"@id\":\"https:\\\/\\\/monatglobal.com\\\/be\\\/meet-monat\\\/#mainImage\"},\"datePublished\":\"2025-02-24T14:53:02+00:00\",\"dateModified\":\"2025-03-05T17:54:48+00:00\"},{\"@type\":\"WebSite\",\"@id\":\"https:\\\/\\\/monatglobal.com\\\/be\\\/#website\",\"url\":\"https:\\\/\\\/monatglobal.com\\\/be\\\/\",\"name\":\"MONAT Belgium\",\"description\":\"We Are Modern Nature\\u2122\",\"inLanguage\":\"fr-FR\",\"publisher\":{\"@id\":\"https:\\\/\\\/monatglobal.com\\\/be\\\/#organization\"}}]}\n\t\t<\/script>\n\t\t<!-- All in One SEO Pro -->\r\n\t\t<title>Meet MONAT - MONAT Belgium<\/title>\n\n","aioseo_head_json":{"title":"Meet MONAT - MONAT Belgium","description":"Rejoignez nos appels d'opportunit\u00e9s Meet MONAT et d\u00e9couvrez-en plus.","canonical_url":"https:\/\/monatglobal.com\/be\/meet-monat\/","robots":"max-image-preview:large","keywords":"","webmasterTools":{"miscellaneous":""},"schema":{"@context":"https:\/\/schema.org","@graph":[{"@type":"BreadcrumbList","@id":"https:\/\/monatglobal.com\/be\/meet-monat\/#breadcrumblist","itemListElement":[{"@type":"ListItem","@id":"https:\/\/monatglobal.com\/be#listItem","position":1,"name":"Home","item":"https:\/\/monatglobal.com\/be","nextItem":{"@type":"ListItem","@id":"https:\/\/monatglobal.com\/be\/meet-monat\/#listItem","name":"Meet MONAT"}},{"@type":"ListItem","@id":"https:\/\/monatglobal.com\/be\/meet-monat\/#listItem","position":2,"name":"Meet MONAT","previousItem":{"@type":"ListItem","@id":"https:\/\/monatglobal.com\/be#listItem","name":"Home"}}]},{"@type":"Organization","@id":"https:\/\/monatglobal.com\/be\/#organization","name":"MONAT Belgium","description":"We Are Modern Nature\u2122","url":"https:\/\/monatglobal.com\/be\/"},{"@type":"WebPage","@id":"https:\/\/monatglobal.com\/be\/meet-monat\/#webpage","url":"https:\/\/monatglobal.com\/be\/meet-monat\/","name":"Meet MONAT - MONAT Belgium","description":"Rejoignez nos appels d'opportunit\u00e9s Meet MONAT et d\u00e9couvrez-en plus.","inLanguage":"fr-FR","isPartOf":{"@id":"https:\/\/monatglobal.com\/be\/#website"},"breadcrumb":{"@id":"https:\/\/monatglobal.com\/be\/meet-monat\/#breadcrumblist"},"image":{"@type":"ImageObject","url":"https:\/\/monatglobal.com\/be\/wp-content\/uploads\/sites\/23\/2025\/02\/Meet-MONAT-Belgium.jpg","@id":"https:\/\/monatglobal.com\/be\/meet-monat\/#mainImage","width":1200,"height":628},"primaryImageOfPage":{"@id":"https:\/\/monatglobal.com\/be\/meet-monat\/#mainImage"},"datePublished":"2025-02-24T14:53:02+00:00","dateModified":"2025-03-05T17:54:48+00:00"},{"@type":"WebSite","@id":"https:\/\/monatglobal.com\/be\/#website","url":"https:\/\/monatglobal.com\/be\/","name":"MONAT Belgium","description":"We Are Modern Nature\u2122","inLanguage":"fr-FR","publisher":{"@id":"https:\/\/monatglobal.com\/be\/#organization"}}]},"og:locale":"fr_FR","og:site_name":"MONAT Belgium - We Are Modern Nature\u2122","og:type":"article","og:title":"Meet MONAT - MONAT Belgium","og:description":"Rejoignez nos appels d'opportunit\u00e9s Meet MONAT et d\u00e9couvrez-en plus.","og:url":"https:\/\/monatglobal.com\/be\/meet-monat\/","article:published_time":"2025-02-24T14:53:02+00:00","article:modified_time":"2025-03-05T17:54:48+00:00","twitter:card":"summary_large_image","twitter:title":"Meet MONAT - MONAT Belgium","twitter:description":"Rejoignez nos appels d'opportunit\u00e9s Meet MONAT et d\u00e9couvrez-en plus."},"aioseo_meta_data":{"post_id":"601","title":null,"description":"Rejoignez nos appels d'opportunit\u00e9s Meet MONAT et d\u00e9couvrez-en plus.","keywords":null,"keyphrases":{"focus":{"keyphrase":"","score":0,"analysis":{"keyphraseInTitle":{"score":0,"maxScore":9,"error":1}}},"additional":[]},"primary_term":null,"canonical_url":null,"og_title":null,"og_description":null,"og_object_type":"default","og_image_type":"default","og_image_url":null,"og_image_width":null,"og_image_height":null,"og_image_custom_url":null,"og_image_custom_fields":null,"og_video":"","og_custom_url":null,"og_article_section":null,"og_article_tags":null,"twitter_use_og":false,"twitter_card":"default","twitter_image_type":"default","twitter_image_url":null,"twitter_image_custom_url":null,"twitter_image_custom_fields":null,"twitter_title":null,"twitter_description":null,"schema":{"blockGraphs":[],"customGraphs":[],"default":{"data":{"Article":[],"Course":[],"Dataset":[],"FAQPage":[],"Movie":[],"Person":[],"Product":[],"ProductReview":[],"Car":[],"Recipe":[],"Service":[],"SoftwareApplication":[],"WebPage":[]},"graphName":"WebPage","isEnabled":true},"graphs":[]},"schema_type":"default","schema_type_options":null,"pillar_content":false,"robots_default":true,"robots_noindex":false,"robots_noarchive":false,"robots_nosnippet":false,"robots_nofollow":false,"robots_noimageindex":false,"robots_noodp":false,"robots_notranslate":false,"robots_max_snippet":"-1","robots_max_videopreview":"-1","robots_max_imagepreview":"large","priority":null,"frequency":"default","local_seo":null,"seo_analyzer_scan_date":null,"breadcrumb_settings":null,"limit_modified_date":false,"reviewed_by":null,"open_ai":null,"ai":null,"created":"2025-02-24 14:53:05","updated":"2026-02-10 05:24:40"},"aioseo_breadcrumb":"<div class=\"aioseo-breadcrumbs\"><span class=\"aioseo-breadcrumb\">\n\t<a href=\"https:\/\/monatglobal.com\/be\" title=\"Home\">Home<\/a>\n<\/span><span class=\"aioseo-breadcrumb-separator\">&raquo;<\/span><span class=\"aioseo-breadcrumb\">\n\tMeet MONAT\n<\/span><\/div>","aioseo_breadcrumb_json":[{"label":"Home","link":"https:\/\/monatglobal.com\/be"},{"label":"Meet MONAT","link":"https:\/\/monatglobal.com\/be\/meet-monat\/"}],"_links":{"self":[{"href":"https:\/\/monatglobal.com\/be\/wp-json\/wp\/v2\/pages\/601","targetHints":{"allow":["GET"]}}],"collection":[{"href":"https:\/\/monatglobal.com\/be\/wp-json\/wp\/v2\/pages"}],"about":[{"href":"https:\/\/monatglobal.com\/be\/wp-json\/wp\/v2\/types\/page"}],"author":[{"embeddable":true,"href":"https:\/\/monatglobal.com\/be\/wp-json\/wp\/v2\/users\/31"}],"replies":[{"embeddable":true,"href":"https:\/\/monatglobal.com\/be\/wp-json\/wp\/v2\/comments?post=601"}],"version-history":[{"count":11,"href":"https:\/\/monatglobal.com\/be\/wp-json\/wp\/v2\/pages\/601\/revisions"}],"predecessor-version":[{"id":808,"href":"https:\/\/monatglobal.com\/be\/wp-json\/wp\/v2\/pages\/601\/revisions\/808"}],"wp:featuredmedia":[{"embeddable":true,"href":"https:\/\/monatglobal.com\/be\/wp-json\/wp\/v2\/media\/602"}],"wp:attachment":[{"href":"https:\/\/monatglobal.com\/be\/wp-json\/wp\/v2\/media?parent=601"}],"wp:term":[{"taxonomy":"category","embeddable":true,"href":"https:\/\/monatglobal.com\/be\/wp-json\/wp\/v2\/categories?post=601"},{"taxonomy":"post_tag","embeddable":true,"href":"https:\/\/monatglobal.com\/be\/wp-json\/wp\/v2\/tags?post=601"}],"curies":[{"name":"wp","href":"https:\/\/api.w.org\/{rel}","templated":true}]}}