{"id":59574,"date":"2020-01-16T10:56:37","date_gmt":"2020-01-16T15:56:37","guid":{"rendered":"https:\/\/monatglobal.com\/uk\/?page_id=49879"},"modified":"2026-02-26T20:00:55","modified_gmt":"2026-02-26T20:00:55","slug":"monat-junior-gentle-conditioner","status":"publish","type":"page","link":"https:\/\/monatglobal.com\/be\/monat-junior-gentle-conditioner\/","title":{"rendered":"Monat Junior\u2122 Gentle Conditioner"},"content":{"rendered":"\n\n<link rel=\"stylesheet\" href=\"\/wp-content\/creative_css\/product_styles_sheet.css\" \/>\n    <!--==================================================== ECOMM SECTION ====================================================-->\n        NOUVEAU   \n        <!--==================================================== Ecomm image ====================================================-->\n        <img decoding=\"async\" src=\"https:\/\/monatglobal.com\/wp-content\/uploads\/2021\/10\/MONAT-JUNIOR-Gentle-Conditioner-ecomm.png\" alt=\"MONAT Junior\u2122 Gentle Conditioner\" loading=\"lazy\"\/>\n        <!--==================================================== Ecomm information  ====================================================-->\n            NOUVEAU \n            <p>MONAT JUNIOR\u2122 <\/p>\n            <h1>APR\u00c8S-SHAMPOOING DOUX<\/h1>\n            \n            <p>Dompte cette crini\u00e8re !<\/p>\n            <p>177 ml \u212e 6 fl. oz.<\/p>\n         <!--==================================================== pricing box  ====================================================-->    \n         <p>Prix de d\u00e9tail<br \/>\u20ac00.00<\/p>\n         <p>Prix de client VIP<br \/>\u20ac00.00<\/p>\n         <!--==================================================== pricing box  ====================================================-->     \n            <p>Pour en savoir plus sur l&rsquo;Apr\u00e8s-shampooing Doux MONAT Junior\u2122, veuillez contacter votre Partenaire de March\u00e9&nbsp;MONAT.<\/p>\n      <a href=\"\" target=\"_blank\" role=\"button\" aria-label=\"\" rel=\"noopener\"><\/a>\n    <!--==================================================== \/ECOMM SECTION  ====================================================-->\n   <!--==================================================== Benefits image ====================================================-->\n   \n      <source media=\"(max-width: 700px)\" srcset=\"https:\/\/monatglobal.com\/wp-content\/uploads\/2021\/10\/MONAT-JUNIOR-Gentle-Conditioner-benefits_mobile.jpg\" loading=\"lazy\"\/>\n      <img decoding=\"async\" alt=\"\" src=\"https:\/\/monatglobal.com\/wp-content\/uploads\/2021\/10\/MONAT-JUNIOR-Gentle-Conditioner-benefits.jpg\" loading=\"lazy\"\/>\n   \n   <!--==================================================== Benefits text ====================================================-->\n         <h2>BIENFAITS<\/h2>\n         <h3>Con\u00e7u pour apporter brillance, souplesse et ma\u00eetrise aux cheveux des enfants, l&rsquo;Apr\u00e8s-shampooing Doux MONAT Junior\u2122 se rince facilement et&nbsp;rapidement. <\/h3>\n         <p> C&rsquo;est une formule douce, s\u00fbre qui ne pique pas les yeux, d\u00e9velopp\u00e9e pour les enfants. Test\u00e9 dermatologiquement et&nbsp;ophtalmologiquement.<\/p>\n         <!--==================================================== features image  ====================================================-->\n         <img decoding=\"async\" alt=\"\" src=\"https:\/\/monatglobal.com\/wp-content\/uploads\/2021\/10\/MONAT-JUNIOR-Gentle-Conditioner-features_.jpg\" loading=\"lazy\"\/>\n      <!--==================================================== features text ====================================================-->\n            <h3>Caract\u00e9ristiques<\/h3>\n               <p>\/ Formule douce et s\u00fbre d\u00e9velopp\u00e9e pour les enfants <\/p>\n               <p>\/ Ne pique pas les yeux <\/p>\n               <p>\/ Pour des r\u00e9sultats optimaux, utilisez apr\u00e8s le Shampooing Doux MONAT Junior\u2122<\/p>\n               <br \/>\n            <p>Parfum \/ Peony and Pink Pepper<\/p>\n            <p> Texture \/ Lightweight Gel<\/p>\n   <!--==================================================== composition image mobile ====================================================-->\n   <img decoding=\"async\" alt=\"\" src=\"https:\/\/monatglobal.com\/wp-content\/uploads\/2021\/10\/MONAT-JUNIOR-Gentle-Conditioner-composition1.jpg\" loading=\"lazy\"\/>\n   <!--==================================================== Why it works text ====================================================-->\n      <h2>Le raton laveur Really Shiny aide \u00e0 dompter cette crini\u00e8re !<\/h2>\n      <h3>L&rsquo;Apr\u00e8s-shampooing Doux MONAT Junior\u2122 domptera cette chevelure une bonne fois pour toutes ! Comme les autres produits de la gamme, il est ultra s\u00fbr et doux pour le cuir chevelu et les cheveux des&nbsp;enfants. <\/h3>\n      <p>Poursuivez avec notre D\u00e9m\u00ealant Doux MONAT Junior\u2122 et dites adieu aux cheveux indisciplin\u00e9s. Une petite noisette suffit, une quantit\u00e9 \u00e9quivalente \u00e0 une pi\u00e8ce de deux&nbsp;centimes !<\/p>\n<!--==================================================== Composition section ====================================================-->\n      <img decoding=\"async\" alt=\"\" src=\"https:\/\/monatglobal.com\/wp-content\/uploads\/2021\/10\/MONAT-JUNIOR-Gentle-Conditioner-composition1.jpg\" loading=\"lazy\"\/>\n      <img decoding=\"async\" alt=\"\" \n      src=\"https:\/\/monatglobal.com\/wp-content\/uploads\/2021\/10\/MONAT-JUNIOR-Gentle-Conditioner-composition3.jpg\" loading=\"lazy\"\/>\n            <!--==================================================== Directions text ====================================================--> \n               <h3>Mode d&#8217;emploi<\/h3>\n               <p>\/ Massez une petite quantit\u00e9 (\u00e9quivalente \u00e0 une pi\u00e8ce de deux centimes) sur cheveux&nbsp;humides.<\/p>\n               <p>\/ Rincez abondamment.<\/p>\n               <p>\/ Utilisez ensuite le D\u00e9m\u00ealant Doux MONAT&nbsp;Junior\u2122.<\/p>\n            <!--==================================================== Directions video ====================================================-->\n      <p>MONAT JUNIOR\u2122 <br \/>APR\u00c8S-SHAMPOOING DOUX<br \/>1:34<\/p>\n  <a href=\"\" target=\"_blank\" role=\"button\" aria-label=\"\" rel=\"noopener\"><\/a>\n   <!--==================================================== Ingredients section  ====================================================-->\n      <h2>INGR\u00c9DIENTS CL\u00c9S<\/h2>\n               <p>Huile d&rsquo;olive<\/p>\n               <p>Cynorhodon<\/p>\n               <p>Th\u00e9 vert<\/p>\n               <p>Camomille<\/p>\n               <p>Glyc\u00e9rine<\/p>\n        <button id=\"myBtn\" type=\"button\">LISTE D&rsquo;INGR\u00c9DIENTS<\/button>\n      <!--==================================================== Modal content  ====================================================-->\n         &times;\n         <p>Aqua\/Water\/Eau, Cetearyl Alcohol, Isoamyl Laurate, Behentrimonium Chloride, Propanediol, Chamomilla Recutita (Matricaria) Leaf Extract, Camellia Sinensis Leaf Extract, Rosa Canina Fruit Extract, Olea Europaea (Olive) Fruit Oil, Glycerin, Tocopherol, Sodium Phytate, Stearamidopropyl Dimethylamine, Citric Acid, Fragrance\/Parfum, Benzyl Alcohol, Ethylhexylglycerin, Amyl Cinnamal, Linalool.<\/p>\n   <!--==================================================== You might also like section ====================================================-->\n      <h2>VOUS POURRIEZ AUSSI AIMER<\/h2>\n      <!--==================================================== Slider YOU MIGHT ALSO LIKE ====================================================-->\n         <!--==================================================== If we need navigation buttons  ====================================================-->\n         <!--==================================================== If we need paginations  ====================================================-->\n    <a href=\"\" aria-label=\"\"><\/a>\n<!--==================================================== this link has to go last for it to work   ====================================================-->\n\n","protected":false},"excerpt":{"rendered":"<p>NOUVEAU NOUVEAU MONAT JUNIOR\u2122 APR\u00c8S-SHAMPOOING DOUX Dompte cette crini\u00e8re ! 177 ml \u212e 6 fl. oz. Prix de d\u00e9tail\u20ac00.00 Prix de client VIP\u20ac00.00 Pour en savoir plus sur l&rsquo;Apr\u00e8s-shampooing Doux MONAT Junior\u2122, veuillez contacter votre Partenaire de March\u00e9&nbsp;MONAT. BIENFAITS Con\u00e7u pour apporter brillance, souplesse et ma\u00eetrise aux cheveux des enfants, l&rsquo;Apr\u00e8s-shampooing Doux MONAT Junior\u2122 se&hellip;<\/p>\n","protected":false},"author":57,"featured_media":109200,"parent":0,"menu_order":0,"comment_status":"closed","ping_status":"closed","template":"","meta":{"inline_featured_image":false,"om_disable_all_campaigns":false,"footnotes":""},"categories":[45],"tags":[],"class_list":["post-59574","page","type-page","status-publish","has-post-thumbnail","hentry","category-product-be-fr"],"aioseo_notices":[],"aioseo_head":"\n\t\t<!-- All in One SEO Pro 4.9.5.2 - aioseo.com -->\n\t<meta name=\"description\" content=\"NOUVEAU NOUVEAU MONAT JUNIOR\u2122 APR\u00c8S-SHAMPOOING DOUX Dompte cette crini\u00e8re ! 177 ml \u212e 6 fl. oz. Prix de d\u00e9tail\u20ac00.00 Prix de client VIP\u20ac00.00 Pour en savoir plus sur l&#039;Apr\u00e8s-shampooing Doux MONAT Junior\u2122, veuillez contacter votre Partenaire de March\u00e9 MONAT. BIENFAITS Con\u00e7u pour apporter brillance, souplesse et ma\u00eetrise aux cheveux des enfants, l&#039;Apr\u00e8s-shampooing Doux MONAT Junior\u2122 se\" \/>\n\t<meta name=\"robots\" content=\"max-image-preview:large\" \/>\n\t<link rel=\"canonical\" href=\"https:\/\/monatglobal.com\/be\/monat-junior-gentle-conditioner\/\" \/>\n\t<meta name=\"generator\" content=\"All in One SEO Pro (AIOSEO) 4.9.5.2\" \/>\n\t\t<meta property=\"og:locale\" content=\"fr_FR\" \/>\n\t\t<meta property=\"og:site_name\" content=\"MONAT Belgium - We Are Modern Nature\u2122\" \/>\n\t\t<meta property=\"og:type\" content=\"article\" \/>\n\t\t<meta property=\"og:title\" content=\"Monat Junior\u2122 Gentle Conditioner\" \/>\n\t\t<meta property=\"og:description\" content=\"NOUVEAU NOUVEAU MONAT JUNIOR\u2122 APR\u00c8S-SHAMPOOING DOUX Dompte cette crini\u00e8re ! 177 ml \u212e 6 fl. oz. Prix de d\u00e9tail\u20ac00.00 Prix de client VIP\u20ac00.00 Pour en savoir plus sur l&#039;Apr\u00e8s-shampooing Doux MONAT Junior\u2122, veuillez contacter votre Partenaire de March\u00e9 MONAT. BIENFAITS Con\u00e7u pour apporter brillance, souplesse et ma\u00eetrise aux cheveux des enfants, l&#039;Apr\u00e8s-shampooing Doux MONAT Junior\u2122 se\" \/>\n\t\t<meta property=\"og:url\" content=\"https:\/\/monatglobal.com\/be\/monat-junior-gentle-conditioner\/\" \/>\n\t\t<meta property=\"article:published_time\" content=\"2020-01-16T15:56:37+00:00\" \/>\n\t\t<meta property=\"article:modified_time\" content=\"2026-02-26T20:00:55+00:00\" \/>\n\t\t<meta name=\"twitter:card\" content=\"summary_large_image\" \/>\n\t\t<meta name=\"twitter:title\" content=\"Monat Junior\u2122 Gentle Conditioner\" \/>\n\t\t<meta name=\"twitter:description\" content=\"NOUVEAU NOUVEAU MONAT JUNIOR\u2122 APR\u00c8S-SHAMPOOING DOUX Dompte cette crini\u00e8re ! 177 ml \u212e 6 fl. oz. Prix de d\u00e9tail\u20ac00.00 Prix de client VIP\u20ac00.00 Pour en savoir plus sur l&#039;Apr\u00e8s-shampooing Doux MONAT Junior\u2122, veuillez contacter votre Partenaire de March\u00e9 MONAT. BIENFAITS Con\u00e7u pour apporter brillance, souplesse et ma\u00eetrise aux cheveux des enfants, l&#039;Apr\u00e8s-shampooing Doux MONAT Junior\u2122 se\" \/>\n\t\t<script type=\"application\/ld+json\" class=\"aioseo-schema\">\n\t\t\t{\"@context\":\"https:\\\/\\\/schema.org\",\"@graph\":[{\"@type\":\"BreadcrumbList\",\"@id\":\"https:\\\/\\\/monatglobal.com\\\/be\\\/monat-junior-gentle-conditioner\\\/#breadcrumblist\",\"itemListElement\":[{\"@type\":\"ListItem\",\"@id\":\"https:\\\/\\\/monatglobal.com\\\/be#listItem\",\"position\":1,\"name\":\"Home\",\"item\":\"https:\\\/\\\/monatglobal.com\\\/be\",\"nextItem\":{\"@type\":\"ListItem\",\"@id\":\"https:\\\/\\\/monatglobal.com\\\/be\\\/monat-junior-gentle-conditioner\\\/#listItem\",\"name\":\"Monat Junior\\u2122 Gentle Conditioner\"}},{\"@type\":\"ListItem\",\"@id\":\"https:\\\/\\\/monatglobal.com\\\/be\\\/monat-junior-gentle-conditioner\\\/#listItem\",\"position\":2,\"name\":\"Monat Junior\\u2122 Gentle Conditioner\",\"previousItem\":{\"@type\":\"ListItem\",\"@id\":\"https:\\\/\\\/monatglobal.com\\\/be#listItem\",\"name\":\"Home\"}}]},{\"@type\":\"Organization\",\"@id\":\"https:\\\/\\\/monatglobal.com\\\/be\\\/#organization\",\"name\":\"MONAT Belgium\",\"description\":\"We Are Modern Nature\\u2122\",\"url\":\"https:\\\/\\\/monatglobal.com\\\/be\\\/\"},{\"@type\":\"WebPage\",\"@id\":\"https:\\\/\\\/monatglobal.com\\\/be\\\/monat-junior-gentle-conditioner\\\/#webpage\",\"url\":\"https:\\\/\\\/monatglobal.com\\\/be\\\/monat-junior-gentle-conditioner\\\/\",\"name\":\"Monat Junior\\u2122 Gentle Conditioner\",\"description\":\"NOUVEAU NOUVEAU MONAT JUNIOR\\u2122 APR\\u00c8S-SHAMPOOING DOUX Dompte cette crini\\u00e8re ! 177 ml \\u212e 6 fl. oz. Prix de d\\u00e9tail\\u20ac00.00 Prix de client VIP\\u20ac00.00 Pour en savoir plus sur l'Apr\\u00e8s-shampooing Doux MONAT Junior\\u2122, veuillez contacter votre Partenaire de March\\u00e9 MONAT. BIENFAITS Con\\u00e7u pour apporter brillance, souplesse et ma\\u00eetrise aux cheveux des enfants, l'Apr\\u00e8s-shampooing Doux MONAT Junior\\u2122 se\",\"inLanguage\":\"fr-FR\",\"isPartOf\":{\"@id\":\"https:\\\/\\\/monatglobal.com\\\/be\\\/#website\"},\"breadcrumb\":{\"@id\":\"https:\\\/\\\/monatglobal.com\\\/be\\\/monat-junior-gentle-conditioner\\\/#breadcrumblist\"},\"image\":{\"@type\":\"ImageObject\",\"url\":\"https:\\\/\\\/monatglobal.com\\\/be\\\/wp-content\\\/uploads\\\/sites\\\/23\\\/2025\\\/11\\\/MONAT-JUNIOR-GENTLE-CONDITIONER-ecomm-hair.png\",\"@id\":\"https:\\\/\\\/monatglobal.com\\\/be\\\/monat-junior-gentle-conditioner\\\/#mainImage\",\"width\":438,\"height\":500},\"primaryImageOfPage\":{\"@id\":\"https:\\\/\\\/monatglobal.com\\\/be\\\/monat-junior-gentle-conditioner\\\/#mainImage\"},\"datePublished\":\"2020-01-16T10:56:37+00:00\",\"dateModified\":\"2026-02-26T20:00:55+00:00\"},{\"@type\":\"WebSite\",\"@id\":\"https:\\\/\\\/monatglobal.com\\\/be\\\/#website\",\"url\":\"https:\\\/\\\/monatglobal.com\\\/be\\\/\",\"name\":\"MONAT Belgium\",\"description\":\"We Are Modern Nature\\u2122\",\"inLanguage\":\"fr-FR\",\"publisher\":{\"@id\":\"https:\\\/\\\/monatglobal.com\\\/be\\\/#organization\"}}]}\n\t\t<\/script>\n\t\t<!-- All in One SEO Pro -->\r\n\t\t<title>Monat Junior\u2122 Gentle Conditioner<\/title>\n\n","aioseo_head_json":{"title":"Monat Junior\u2122 Gentle Conditioner","description":"NOUVEAU NOUVEAU MONAT JUNIOR\u2122 APR\u00c8S-SHAMPOOING DOUX Dompte cette crini\u00e8re ! 177 ml \u212e 6 fl. oz. Prix de d\u00e9tail\u20ac00.00 Prix de client VIP\u20ac00.00 Pour en savoir plus sur l'Apr\u00e8s-shampooing Doux MONAT Junior\u2122, veuillez contacter votre Partenaire de March\u00e9 MONAT. BIENFAITS Con\u00e7u pour apporter brillance, souplesse et ma\u00eetrise aux cheveux des enfants, l'Apr\u00e8s-shampooing Doux MONAT Junior\u2122 se","canonical_url":"https:\/\/monatglobal.com\/be\/monat-junior-gentle-conditioner\/","robots":"max-image-preview:large","keywords":"","webmasterTools":{"miscellaneous":""},"schema":{"@context":"https:\/\/schema.org","@graph":[{"@type":"BreadcrumbList","@id":"https:\/\/monatglobal.com\/be\/monat-junior-gentle-conditioner\/#breadcrumblist","itemListElement":[{"@type":"ListItem","@id":"https:\/\/monatglobal.com\/be#listItem","position":1,"name":"Home","item":"https:\/\/monatglobal.com\/be","nextItem":{"@type":"ListItem","@id":"https:\/\/monatglobal.com\/be\/monat-junior-gentle-conditioner\/#listItem","name":"Monat Junior\u2122 Gentle Conditioner"}},{"@type":"ListItem","@id":"https:\/\/monatglobal.com\/be\/monat-junior-gentle-conditioner\/#listItem","position":2,"name":"Monat Junior\u2122 Gentle Conditioner","previousItem":{"@type":"ListItem","@id":"https:\/\/monatglobal.com\/be#listItem","name":"Home"}}]},{"@type":"Organization","@id":"https:\/\/monatglobal.com\/be\/#organization","name":"MONAT Belgium","description":"We Are Modern Nature\u2122","url":"https:\/\/monatglobal.com\/be\/"},{"@type":"WebPage","@id":"https:\/\/monatglobal.com\/be\/monat-junior-gentle-conditioner\/#webpage","url":"https:\/\/monatglobal.com\/be\/monat-junior-gentle-conditioner\/","name":"Monat Junior\u2122 Gentle Conditioner","description":"NOUVEAU NOUVEAU MONAT JUNIOR\u2122 APR\u00c8S-SHAMPOOING DOUX Dompte cette crini\u00e8re ! 177 ml \u212e 6 fl. oz. Prix de d\u00e9tail\u20ac00.00 Prix de client VIP\u20ac00.00 Pour en savoir plus sur l'Apr\u00e8s-shampooing Doux MONAT Junior\u2122, veuillez contacter votre Partenaire de March\u00e9 MONAT. BIENFAITS Con\u00e7u pour apporter brillance, souplesse et ma\u00eetrise aux cheveux des enfants, l'Apr\u00e8s-shampooing Doux MONAT Junior\u2122 se","inLanguage":"fr-FR","isPartOf":{"@id":"https:\/\/monatglobal.com\/be\/#website"},"breadcrumb":{"@id":"https:\/\/monatglobal.com\/be\/monat-junior-gentle-conditioner\/#breadcrumblist"},"image":{"@type":"ImageObject","url":"https:\/\/monatglobal.com\/be\/wp-content\/uploads\/sites\/23\/2025\/11\/MONAT-JUNIOR-GENTLE-CONDITIONER-ecomm-hair.png","@id":"https:\/\/monatglobal.com\/be\/monat-junior-gentle-conditioner\/#mainImage","width":438,"height":500},"primaryImageOfPage":{"@id":"https:\/\/monatglobal.com\/be\/monat-junior-gentle-conditioner\/#mainImage"},"datePublished":"2020-01-16T10:56:37+00:00","dateModified":"2026-02-26T20:00:55+00:00"},{"@type":"WebSite","@id":"https:\/\/monatglobal.com\/be\/#website","url":"https:\/\/monatglobal.com\/be\/","name":"MONAT Belgium","description":"We Are Modern Nature\u2122","inLanguage":"fr-FR","publisher":{"@id":"https:\/\/monatglobal.com\/be\/#organization"}}]},"og:locale":"fr_FR","og:site_name":"MONAT Belgium - We Are Modern Nature\u2122","og:type":"article","og:title":"Monat Junior\u2122 Gentle Conditioner","og:description":"NOUVEAU NOUVEAU MONAT JUNIOR\u2122 APR\u00c8S-SHAMPOOING DOUX Dompte cette crini\u00e8re ! 177 ml \u212e 6 fl. oz. Prix de d\u00e9tail\u20ac00.00 Prix de client VIP\u20ac00.00 Pour en savoir plus sur l'Apr\u00e8s-shampooing Doux MONAT Junior\u2122, veuillez contacter votre Partenaire de March\u00e9 MONAT. BIENFAITS Con\u00e7u pour apporter brillance, souplesse et ma\u00eetrise aux cheveux des enfants, l'Apr\u00e8s-shampooing Doux MONAT Junior\u2122 se","og:url":"https:\/\/monatglobal.com\/be\/monat-junior-gentle-conditioner\/","article:published_time":"2020-01-16T15:56:37+00:00","article:modified_time":"2026-02-26T20:00:55+00:00","twitter:card":"summary_large_image","twitter:title":"Monat Junior\u2122 Gentle Conditioner","twitter:description":"NOUVEAU NOUVEAU MONAT JUNIOR\u2122 APR\u00c8S-SHAMPOOING DOUX Dompte cette crini\u00e8re ! 177 ml \u212e 6 fl. oz. Prix de d\u00e9tail\u20ac00.00 Prix de client VIP\u20ac00.00 Pour en savoir plus sur l'Apr\u00e8s-shampooing Doux MONAT Junior\u2122, veuillez contacter votre Partenaire de March\u00e9 MONAT. BIENFAITS Con\u00e7u pour apporter brillance, souplesse et ma\u00eetrise aux cheveux des enfants, l'Apr\u00e8s-shampooing Doux MONAT Junior\u2122 se"},"aioseo_meta_data":{"post_id":"59574","title":"Monat Junior\u2122 Gentle Conditioner","description":null,"keywords":null,"keyphrases":{"focus":{"keyphrase":"","score":0,"analysis":{"keyphraseInTitle":{"score":0,"maxScore":9,"error":1}}},"additional":[]},"primary_term":null,"canonical_url":null,"og_title":null,"og_description":null,"og_object_type":"default","og_image_type":"default","og_image_url":null,"og_image_width":null,"og_image_height":null,"og_image_custom_url":null,"og_image_custom_fields":null,"og_video":"","og_custom_url":null,"og_article_section":null,"og_article_tags":null,"twitter_use_og":false,"twitter_card":"default","twitter_image_type":"default","twitter_image_url":null,"twitter_image_custom_url":null,"twitter_image_custom_fields":null,"twitter_title":null,"twitter_description":null,"schema":{"blockGraphs":[],"customGraphs":[],"default":{"data":{"Article":[],"Course":[],"Dataset":[],"FAQPage":[],"Movie":[],"Person":[],"Product":[],"ProductReview":[],"Car":[],"Recipe":[],"Service":[],"SoftwareApplication":[],"WebPage":[]},"graphName":"WebPage","isEnabled":true},"graphs":[]},"schema_type":"default","schema_type_options":null,"pillar_content":false,"robots_default":true,"robots_noindex":false,"robots_noarchive":false,"robots_nosnippet":false,"robots_nofollow":false,"robots_noimageindex":false,"robots_noodp":false,"robots_notranslate":false,"robots_max_snippet":"-1","robots_max_videopreview":"-1","robots_max_imagepreview":"large","priority":null,"frequency":"default","local_seo":null,"seo_analyzer_scan_date":null,"breadcrumb_settings":null,"limit_modified_date":false,"reviewed_by":"0","open_ai":null,"ai":{"faqs":[],"keyPoints":[],"titles":[],"descriptions":[],"socialPosts":{"email":[],"linkedin":[],"twitter":[],"facebook":[],"instagram":[]}},"created":"2026-02-09 20:00:30","updated":"2026-02-26 20:22:49"},"aioseo_breadcrumb":"<div class=\"aioseo-breadcrumbs\"><span class=\"aioseo-breadcrumb\">\n\t<a href=\"https:\/\/monatglobal.com\/be\" title=\"Home\">Home<\/a>\n<\/span><span class=\"aioseo-breadcrumb-separator\">&raquo;<\/span><span class=\"aioseo-breadcrumb\">\n\tMonat Junior\u2122 Gentle Conditioner\n<\/span><\/div>","aioseo_breadcrumb_json":[{"label":"Home","link":"https:\/\/monatglobal.com\/be"},{"label":"Monat Junior\u2122 Gentle Conditioner","link":"https:\/\/monatglobal.com\/be\/monat-junior-gentle-conditioner\/"}],"_links":{"self":[{"href":"https:\/\/monatglobal.com\/be\/wp-json\/wp\/v2\/pages\/59574","targetHints":{"allow":["GET"]}}],"collection":[{"href":"https:\/\/monatglobal.com\/be\/wp-json\/wp\/v2\/pages"}],"about":[{"href":"https:\/\/monatglobal.com\/be\/wp-json\/wp\/v2\/types\/page"}],"author":[{"embeddable":true,"href":"https:\/\/monatglobal.com\/be\/wp-json\/wp\/v2\/users\/57"}],"replies":[{"embeddable":true,"href":"https:\/\/monatglobal.com\/be\/wp-json\/wp\/v2\/comments?post=59574"}],"version-history":[{"count":8,"href":"https:\/\/monatglobal.com\/be\/wp-json\/wp\/v2\/pages\/59574\/revisions"}],"predecessor-version":[{"id":110271,"href":"https:\/\/monatglobal.com\/be\/wp-json\/wp\/v2\/pages\/59574\/revisions\/110271"}],"wp:featuredmedia":[{"embeddable":true,"href":"https:\/\/monatglobal.com\/be\/wp-json\/wp\/v2\/media\/109200"}],"wp:attachment":[{"href":"https:\/\/monatglobal.com\/be\/wp-json\/wp\/v2\/media?parent=59574"}],"wp:term":[{"taxonomy":"category","embeddable":true,"href":"https:\/\/monatglobal.com\/be\/wp-json\/wp\/v2\/categories?post=59574"},{"taxonomy":"post_tag","embeddable":true,"href":"https:\/\/monatglobal.com\/be\/wp-json\/wp\/v2\/tags?post=59574"}],"curies":[{"name":"wp","href":"https:\/\/api.w.org\/{rel}","templated":true}]}}