{"id":44462,"date":"2019-08-18T21:00:22","date_gmt":"2019-08-19T02:00:22","guid":{"rendered":"https:\/\/monatglobal.com\/?page_id=44462"},"modified":"2026-02-26T18:27:06","modified_gmt":"2026-02-26T18:27:06","slug":"eye-smooth","status":"publish","type":"page","link":"https:\/\/monatglobal.com\/be\/eye-smooth\/","title":{"rendered":"Eye Smooth\u2122 Nourishing Eye Cream"},"content":{"rendered":"\n\n\t<!-- Meta: Cette cr\u00e8me contour des yeux r\u00e9g\u00e9n\u00e9rante raffermit et soutient l'\u00e9lasticit\u00e9 tout en att\u00e9nuant l'apparence des rides, des ridules, des poches et des cernes.  -->\n<link rel=\"stylesheet\" href=\"https:\/\/unpkg.com\/swiper\/swiper-bundle.min.css\" \/>\n<link rel=\"stylesheet\" href=\"https:\/\/monatglobal.com\/wp-content\/creative_css\/product_styles_sheet.css\" \/>\n   <!--==================================================== ECOMM SECTION ====================================================-->\n   <p>BEST SELLER<\/p>\n      <!--==================================================== Ecomm image ====================================================-->\n       \n      <source media=\"(max-width: 700px)\" srcset=\"https:\/\/monatglobal.com\/au\/wp-content\/uploads\/sites\/12\/2021\/12\/Eye-smooth-ecomm-2022_mobile.png\" loading=\"lazy\"\/>\n      <img decoding=\"async\" src=\"https:\/\/monatglobal.com\/au\/wp-content\/uploads\/sites\/12\/2021\/12\/Eye-smooth-ecomm-2022.png\" alt=\"Berry Refined Scrub\u2122\" loading=\"lazy\"\/>\n         \n      <!--==================================================== Ecomm information  ====================================================-->\n         NOUVEAU\n         <p>BEST SELLER<\/p>\n         <h1>Eye Smooth\u2122<\/h1>\n         \n         <p>Revitalisante et hydratante<br \/>Cellules souches v\u00e9g\u00e9tales transformantes et squalane<\/p>\n         <p>5 ml \u212e 0.5 fl. oz.<\/p>\n      <!--==================================================== pricing box ====================================================-->\n         <p>Prix de d\u00e9tail<br \/>\u20ac00.00<\/p>\n         <p>Prix de client VIP<br \/>\u20ac00.00<\/p>\n      <!--==================================================== pricing box ====================================================--> \n         <p>Pour en savoir plus sur Eye Smooth\u2122, veuillez contacter votre partenaire de march\u00e9&nbsp;MONAT.<\/p> \n      <a href=\"\" target=\"_blank\" role=\"button\" aria-label=\"\" rel=\"noopener\"><\/a>\n   <!--==================================================== \/ECOMM SECTION  ====================================================-->\n   <!--==================================================== Benefits image ====================================================-->\n  \n    <source media=\"(max-width: 700px)\" srcset=\"https:\/\/monatglobal.com\/au\/wp-content\/uploads\/sites\/12\/2021\/12\/eye-smooth-benefits-close-up_mobile.jpg\" loading=\"lazy\"\/>\n      <img decoding=\"async\" src=\"https:\/\/monatglobal.com\/au\/wp-content\/uploads\/sites\/12\/2021\/12\/eye-smooth-benefits-close-up.jpg\" \n      alt=\"\" loading=\"lazy\"\/>\n    \n   <!--==================================================== Benefits text ====================================================-->\n         <h2>BIENFAITS<\/h2>\n         <h3>Cette cr\u00e8me pour les yeux raffermit la peau d\u00e9licate du contour de l&rsquo;\u0153il et att\u00e9nue l&rsquo;apparence des cernes, des ridules, des rides et des poches, pour r\u00e9v\u00e9ler un regard plus lumineux et plus jeune.<\/h3>\n         <!--==================================================== features image  ====================================================-->\n         <img decoding=\"async\" alt=\"\" src=\"https:\/\/monatglobal.com\/au\/wp-content\/uploads\/sites\/12\/2021\/12\/eye-smooth-features.jpg\" loading=\"lazy\"\/>\n      <!--==================================================== features text ====================================================-->\n            <h3>Caract\u00e9ristiques<\/h3>\n               <p>\/ Cible les poches, les cernes, les ridules, les rides et les pattes-d&rsquo;oie autour des&nbsp;yeux*<\/p>\n               <p>\/ La peau para\u00eet plus jeune, plus lumineuse et plus&nbsp;\u00e9clatante*<\/p>\n               <p>\/ La peau semble plus ferme, plus douce, plus lisse et&nbsp;revitalis\u00e9e*<\/p>\n               <p>\/ La peau para\u00eet fra\u00eeche et&nbsp;revitalis\u00e9e*<\/p>\n               <p>\/ Hydratation longue dur\u00e9e**<\/p>\n            <p>Fragrance \/ Unwind and enjoy a coconut-forward, citrusy aroma with notes of blood orange, coconut husk, cashew nut and&nbsp;sandalwood. <\/p>\n            <p> Texture \/ Cream <\/p>\n   <!--==================================================== composition image mobile ====================================================-->\n   <img decoding=\"async\" alt=\"\" src=\"https:\/\/monatglobal.com\/au\/wp-content\/uploads\/sites\/12\/2021\/12\/smooth-composition-1.jpg\" loading=\"lazy\"\/>\n   <!--==================================================== Why it works text ====================================================-->\n      <h2>REVITALISANTE ET HYDRATANTE<\/h2>\n      <h3>Une cr\u00e8me fondante qui r\u00e9v\u00e8le un contour de l&rsquo;\u0153il visiblement plus lumineux, plus lisse et d&rsquo;apparence plus jeune. Cette cr\u00e8me contour revitalisante raffermit et soutient l&rsquo;\u00e9lasticit\u00e9 tout en att\u00e9nuant l&rsquo;apparence des rides, ridules, poches et cernes.*<\/h3>\n      <p>Renforcez l&rsquo;effet fra\u00eecheur avec le roll-on yeux rose dor\u00e9 parfaitement assorti, pour un b\u00e9n\u00e9fice suppl\u00e9mentaire d\u00e9congestionnant et apaisant.<\/p>\n      *Bas\u00e9 sur une \u00e9tude consommateur de 56 jours men\u00e9e aupr\u00e8s de 55 participants, r\u00e9alis\u00e9e par un laboratoire tiers.<br \/>\n**Bas\u00e9 sur un test instrumental de 24 heures aupr\u00e8s de 31 participants mesurant l&rsquo;hydratation de la peau apr\u00e8s application du produit. R\u00e9alis\u00e9 par un laboratoire tiers.\n<!--==================================================== Composition section ====================================================-->\n      <img decoding=\"async\" alt=\"\" src=\"https:\/\/monatglobal.com\/au\/wp-content\/uploads\/sites\/12\/2021\/12\/smooth-composition-1.jpg\" loading=\"lazy\"\/>\n      <img decoding=\"async\" alt=\"\" \n      src=\"https:\/\/monatglobal.com\/au\/wp-content\/uploads\/sites\/12\/2021\/12\/Eye-Smooth-composition-3.jpg\" loading=\"lazy\"\/>\n            <!--==================================================== Directions text ====================================================--> \n               <h3>Mode d&#8217;emploi<\/h3>\n                    <p>\/ Utiliser quotidiennement, matin et soir.<\/p>\n                    <p>\/ Vous remarquerez que l&rsquo;applicateur fourni est \u00e0 double face. Un c\u00f4t\u00e9 est une spatule, et l&rsquo;autre, un rouleau pour les yeux.<\/p>\n                    <p>\/ Pr\u00e9lever une petite quantit\u00e9 du pot \u00e0 l&rsquo;aide de la&nbsp;spatule.<\/p>\n                    <p>\/ R\u00e9partir uniform\u00e9ment le produit entre les&nbsp;annulaires.<\/p>\n                    <p>\/ A l&rsquo;aide de l&rsquo;annulaire, tapotez doucement le contour de l&rsquo;\u0153il d&rsquo;un mouvement vers l&rsquo;ext\u00e9rieur pour \u00e9viter d&rsquo;\u00e9tirer la peau d\u00e9licate du contour de&nbsp;l&rsquo;\u0153il.<\/p>\n                    <p>\/ Faire glisser le roller autour des yeux en effectuant des mouvements de bas en haut et de haut en bas jusqu&rsquo;\u00e0 ce qu&rsquo;il soit compl\u00e8tement absorb\u00e9.<\/p>\n                    <p>\/ Suivre avec la cr\u00e8me hydratante MONAT.<\/p>\n            <!--==================================================== Directions video ====================================================-->\n              <p>Eye Smooth\u2122 <br \/>0:32<\/p>\n         <!--==================================================== features image  ====================================================-->\n         <img decoding=\"async\" alt=\"\" src=\"https:\/\/monatglobal.com\/au\/wp-content\/uploads\/sites\/12\/2021\/12\/sunscreen-suggestion.jpg\" loading=\"lazy\"\/>\n      <!--==================================================== features text ====================================================-->\n            <h3>Suggestions<\/h3>\n               <p>\/ Appliquer la protection solaire 15 minutes avant de sortir.<\/p>\n               <p>\/ Pour un effet fra\u00eecheur suppl\u00e9mentaire, conserver l&rsquo;applicateur au r\u00e9frig\u00e9rateur pour renforcer son effet rafra\u00eechissant.<\/p>\n  <a href=\"\" target=\"_blank\" role=\"button\" aria-label=\"\" rel=\"noopener\"><\/a>\n   <!--==================================================== Ingredients section  ====================================================-->\n      <h2>INGR\u00c9DIENTS PRINCIPAUX<\/h2>\n      <p>REJUVENIQE S\u2122<br \/>Hydrate, hydrate et nourrit<\/p>\n      <p>Peptides<br \/>Resserre et repulpe<\/p>\n      <p>Cellules souches v\u00e9g\u00e9tales<br \/>Renforcent et prot\u00e8gent<\/p>\n      <p>Squalane d&rsquo;origine v\u00e9g\u00e9tale<br \/>Hydrate et revitalise<\/p>\n      <p>Caf\u00e9ine<br \/>D\u00e9gonfle et illumine<\/p>\n        <button id=\"myBtn\" type=\"button\">LISTE D&rsquo;INGR\u00c9DIENTS<\/button>\n      <!--==================================================== Modal content  ====================================================-->\n         &times;\n         <p>Aqua\/Water\/Eau, Glyceryl Stearate SE, Glycerin, Cetyl Alcohol, Isoamyl Laurate, Butyrospermum Parkii (Shea) Butter, Elaeis Guineensis (Palm) Butter, Isomalt, Cetearyl Olivate, Caffeine, Sorbitan Olivate, Squalane, Fructooligosaccharides, Beta Vulgaris (Beet) Root Extract, Tripeptide-2, Limnanthes Alba (Meadowfoam) Seed Oil, Crambe Abyssinica Seed Oil, Camellia Oleifera Seed Oil, Solanum Lycopersicum (Tomato) Seed Oil, Daucus Carota Sativa (Carrot) Seed Oil, Citrus Limon (Lemon) Peel Oil, Citrus Aurantifolia (Lime) Oil, Citrus Aurantium Bergamia (Bergamot) Fruit Oil, Adansonia Digitata Oil, Mauritia Flexuosa Fruit Oil, Cocos Nucifera (Coconut) Oil, Gardenia Taitensis Flower Extract, Moringa Oleifera Seed Oil, Caryocar Brasiliense Fruit Oil, Helianthus Annuus (Sunflower) Seed Oil, Olea Europaea (Olive) Fruit Oil, Simmondsia Chinensis (Jojoba) Seed Extract, Phytol, Tocopherol, Potassium Lactate, Lactic Acid, Ethylhexylglycerin, Benzyl Alcohol, Caramel.<\/p>\n   <!--==================================================== You might also like section ====================================================-->\n      <h2>VOUS AIMERIEZ AUSSI<\/h2>\n      <!--==================================================== Slider YOU MIGHT ALSO LIKE ====================================================-->\n         <!--==================================================== If we need navigation buttons  ====================================================-->\n         <!--==================================================== If we need paginations  ====================================================-->\n    <a href=\"\" aria-label=\"\"><\/a>\n<!--==================================================== this link has to go last for it to work   ====================================================-->\n\n","protected":false},"excerpt":{"rendered":"<p>BEST SELLER NOUVEAU BEST SELLER Eye Smooth\u2122 Revitalisante et hydratanteCellules souches v\u00e9g\u00e9tales transformantes et squalane 5 ml \u212e 0.5 fl. oz. Prix de d\u00e9tail\u20ac00.00 Prix de client VIP\u20ac00.00 Pour en savoir plus sur Eye Smooth\u2122, veuillez contacter votre partenaire de march\u00e9&nbsp;MONAT. BIENFAITS Cette cr\u00e8me pour les yeux raffermit la peau d\u00e9licate du contour de l&rsquo;\u0153il&hellip;<\/p>\n","protected":false},"author":31,"featured_media":110256,"parent":0,"menu_order":0,"comment_status":"closed","ping_status":"closed","template":"","meta":{"inline_featured_image":false,"om_disable_all_campaigns":false,"footnotes":""},"categories":[45],"tags":[],"class_list":["post-44462","page","type-page","status-publish","has-post-thumbnail","hentry","category-product-be-fr"],"aioseo_notices":[],"aioseo_head":"\n\t\t<!-- All in One SEO Pro 4.9.5.2 - aioseo.com -->\n\t<meta name=\"description\" content=\"BEST SELLER NOUVEAU BEST SELLER Eye Smooth\u2122 Revitalisante et hydratanteCellules souches v\u00e9g\u00e9tales transformantes et squalane 5 ml \u212e 0.5 fl. oz. Prix de d\u00e9tail\u20ac00.00 Prix de client VIP\u20ac00.00 Pour en savoir plus sur Eye Smooth\u2122, veuillez contacter votre partenaire de march\u00e9 MONAT. BIENFAITS Cette cr\u00e8me pour les yeux raffermit la peau d\u00e9licate du contour de l&#039;\u0153il\" \/>\n\t<meta name=\"robots\" content=\"max-image-preview:large\" \/>\n\t<link rel=\"canonical\" href=\"https:\/\/monatglobal.com\/be\/eye-smooth\/\" \/>\n\t<meta name=\"generator\" content=\"All in One SEO Pro (AIOSEO) 4.9.5.2\" \/>\n\t\t<meta property=\"og:locale\" content=\"fr_FR\" \/>\n\t\t<meta property=\"og:site_name\" content=\"MONAT Belgium - We Are Modern Nature\u2122\" \/>\n\t\t<meta property=\"og:type\" content=\"article\" \/>\n\t\t<meta property=\"og:title\" content=\"Eye Smooth\u2122 Nourishing Eye Cream - MONAT Belgium\" \/>\n\t\t<meta property=\"og:description\" content=\"BEST SELLER NOUVEAU BEST SELLER Eye Smooth\u2122 Revitalisante et hydratanteCellules souches v\u00e9g\u00e9tales transformantes et squalane 5 ml \u212e 0.5 fl. oz. Prix de d\u00e9tail\u20ac00.00 Prix de client VIP\u20ac00.00 Pour en savoir plus sur Eye Smooth\u2122, veuillez contacter votre partenaire de march\u00e9 MONAT. BIENFAITS Cette cr\u00e8me pour les yeux raffermit la peau d\u00e9licate du contour de l&#039;\u0153il\" \/>\n\t\t<meta property=\"og:url\" content=\"https:\/\/monatglobal.com\/be\/eye-smooth\/\" \/>\n\t\t<meta property=\"article:published_time\" content=\"2019-08-19T02:00:22+00:00\" \/>\n\t\t<meta property=\"article:modified_time\" content=\"2026-02-26T18:27:06+00:00\" \/>\n\t\t<meta name=\"twitter:card\" content=\"summary_large_image\" \/>\n\t\t<meta name=\"twitter:title\" content=\"Eye Smooth\u2122 Nourishing Eye Cream - MONAT Belgium\" \/>\n\t\t<meta name=\"twitter:description\" content=\"BEST SELLER NOUVEAU BEST SELLER Eye Smooth\u2122 Revitalisante et hydratanteCellules souches v\u00e9g\u00e9tales transformantes et squalane 5 ml \u212e 0.5 fl. oz. Prix de d\u00e9tail\u20ac00.00 Prix de client VIP\u20ac00.00 Pour en savoir plus sur Eye Smooth\u2122, veuillez contacter votre partenaire de march\u00e9 MONAT. BIENFAITS Cette cr\u00e8me pour les yeux raffermit la peau d\u00e9licate du contour de l&#039;\u0153il\" \/>\n\t\t<script type=\"application\/ld+json\" class=\"aioseo-schema\">\n\t\t\t{\"@context\":\"https:\\\/\\\/schema.org\",\"@graph\":[{\"@type\":\"BreadcrumbList\",\"@id\":\"https:\\\/\\\/monatglobal.com\\\/be\\\/eye-smooth\\\/#breadcrumblist\",\"itemListElement\":[{\"@type\":\"ListItem\",\"@id\":\"https:\\\/\\\/monatglobal.com\\\/be#listItem\",\"position\":1,\"name\":\"Home\",\"item\":\"https:\\\/\\\/monatglobal.com\\\/be\",\"nextItem\":{\"@type\":\"ListItem\",\"@id\":\"https:\\\/\\\/monatglobal.com\\\/be\\\/eye-smooth\\\/#listItem\",\"name\":\"Eye Smooth\\u2122 Nourishing Eye Cream\"}},{\"@type\":\"ListItem\",\"@id\":\"https:\\\/\\\/monatglobal.com\\\/be\\\/eye-smooth\\\/#listItem\",\"position\":2,\"name\":\"Eye Smooth\\u2122 Nourishing Eye Cream\",\"previousItem\":{\"@type\":\"ListItem\",\"@id\":\"https:\\\/\\\/monatglobal.com\\\/be#listItem\",\"name\":\"Home\"}}]},{\"@type\":\"Organization\",\"@id\":\"https:\\\/\\\/monatglobal.com\\\/be\\\/#organization\",\"name\":\"MONAT Belgium\",\"description\":\"We Are Modern Nature\\u2122\",\"url\":\"https:\\\/\\\/monatglobal.com\\\/be\\\/\"},{\"@type\":\"WebPage\",\"@id\":\"https:\\\/\\\/monatglobal.com\\\/be\\\/eye-smooth\\\/#webpage\",\"url\":\"https:\\\/\\\/monatglobal.com\\\/be\\\/eye-smooth\\\/\",\"name\":\"Eye Smooth\\u2122 Nourishing Eye Cream - MONAT Belgium\",\"description\":\"BEST SELLER NOUVEAU BEST SELLER Eye Smooth\\u2122 Revitalisante et hydratanteCellules souches v\\u00e9g\\u00e9tales transformantes et squalane 5 ml \\u212e 0.5 fl. oz. Prix de d\\u00e9tail\\u20ac00.00 Prix de client VIP\\u20ac00.00 Pour en savoir plus sur Eye Smooth\\u2122, veuillez contacter votre partenaire de march\\u00e9 MONAT. BIENFAITS Cette cr\\u00e8me pour les yeux raffermit la peau d\\u00e9licate du contour de l'\\u0153il\",\"inLanguage\":\"fr-FR\",\"isPartOf\":{\"@id\":\"https:\\\/\\\/monatglobal.com\\\/be\\\/#website\"},\"breadcrumb\":{\"@id\":\"https:\\\/\\\/monatglobal.com\\\/be\\\/eye-smooth\\\/#breadcrumblist\"},\"image\":{\"@type\":\"ImageObject\",\"url\":\"https:\\\/\\\/monatglobal.com\\\/be\\\/wp-content\\\/uploads\\\/sites\\\/23\\\/2026\\\/02\\\/Eye-smooth-ecomm-2022.png\",\"@id\":\"https:\\\/\\\/monatglobal.com\\\/be\\\/eye-smooth\\\/#mainImage\",\"width\":641,\"height\":800},\"primaryImageOfPage\":{\"@id\":\"https:\\\/\\\/monatglobal.com\\\/be\\\/eye-smooth\\\/#mainImage\"},\"datePublished\":\"2019-08-18T21:00:22+01:00\",\"dateModified\":\"2026-02-26T18:27:06+00:00\"},{\"@type\":\"WebSite\",\"@id\":\"https:\\\/\\\/monatglobal.com\\\/be\\\/#website\",\"url\":\"https:\\\/\\\/monatglobal.com\\\/be\\\/\",\"name\":\"MONAT Belgium\",\"description\":\"We Are Modern Nature\\u2122\",\"inLanguage\":\"fr-FR\",\"publisher\":{\"@id\":\"https:\\\/\\\/monatglobal.com\\\/be\\\/#organization\"}}]}\n\t\t<\/script>\n\t\t<!-- All in One SEO Pro -->\r\n\t\t<title>Eye Smooth\u2122 Nourishing Eye Cream - MONAT Belgium<\/title>\n\n","aioseo_head_json":{"title":"Eye Smooth\u2122 Nourishing Eye Cream - MONAT Belgium","description":"BEST SELLER NOUVEAU BEST SELLER Eye Smooth\u2122 Revitalisante et hydratanteCellules souches v\u00e9g\u00e9tales transformantes et squalane 5 ml \u212e 0.5 fl. oz. Prix de d\u00e9tail\u20ac00.00 Prix de client VIP\u20ac00.00 Pour en savoir plus sur Eye Smooth\u2122, veuillez contacter votre partenaire de march\u00e9 MONAT. BIENFAITS Cette cr\u00e8me pour les yeux raffermit la peau d\u00e9licate du contour de l'\u0153il","canonical_url":"https:\/\/monatglobal.com\/be\/eye-smooth\/","robots":"max-image-preview:large","keywords":"","webmasterTools":{"miscellaneous":""},"schema":{"@context":"https:\/\/schema.org","@graph":[{"@type":"BreadcrumbList","@id":"https:\/\/monatglobal.com\/be\/eye-smooth\/#breadcrumblist","itemListElement":[{"@type":"ListItem","@id":"https:\/\/monatglobal.com\/be#listItem","position":1,"name":"Home","item":"https:\/\/monatglobal.com\/be","nextItem":{"@type":"ListItem","@id":"https:\/\/monatglobal.com\/be\/eye-smooth\/#listItem","name":"Eye Smooth\u2122 Nourishing Eye Cream"}},{"@type":"ListItem","@id":"https:\/\/monatglobal.com\/be\/eye-smooth\/#listItem","position":2,"name":"Eye Smooth\u2122 Nourishing Eye Cream","previousItem":{"@type":"ListItem","@id":"https:\/\/monatglobal.com\/be#listItem","name":"Home"}}]},{"@type":"Organization","@id":"https:\/\/monatglobal.com\/be\/#organization","name":"MONAT Belgium","description":"We Are Modern Nature\u2122","url":"https:\/\/monatglobal.com\/be\/"},{"@type":"WebPage","@id":"https:\/\/monatglobal.com\/be\/eye-smooth\/#webpage","url":"https:\/\/monatglobal.com\/be\/eye-smooth\/","name":"Eye Smooth\u2122 Nourishing Eye Cream - MONAT Belgium","description":"BEST SELLER NOUVEAU BEST SELLER Eye Smooth\u2122 Revitalisante et hydratanteCellules souches v\u00e9g\u00e9tales transformantes et squalane 5 ml \u212e 0.5 fl. oz. Prix de d\u00e9tail\u20ac00.00 Prix de client VIP\u20ac00.00 Pour en savoir plus sur Eye Smooth\u2122, veuillez contacter votre partenaire de march\u00e9 MONAT. BIENFAITS Cette cr\u00e8me pour les yeux raffermit la peau d\u00e9licate du contour de l'\u0153il","inLanguage":"fr-FR","isPartOf":{"@id":"https:\/\/monatglobal.com\/be\/#website"},"breadcrumb":{"@id":"https:\/\/monatglobal.com\/be\/eye-smooth\/#breadcrumblist"},"image":{"@type":"ImageObject","url":"https:\/\/monatglobal.com\/be\/wp-content\/uploads\/sites\/23\/2026\/02\/Eye-smooth-ecomm-2022.png","@id":"https:\/\/monatglobal.com\/be\/eye-smooth\/#mainImage","width":641,"height":800},"primaryImageOfPage":{"@id":"https:\/\/monatglobal.com\/be\/eye-smooth\/#mainImage"},"datePublished":"2019-08-18T21:00:22+01:00","dateModified":"2026-02-26T18:27:06+00:00"},{"@type":"WebSite","@id":"https:\/\/monatglobal.com\/be\/#website","url":"https:\/\/monatglobal.com\/be\/","name":"MONAT Belgium","description":"We Are Modern Nature\u2122","inLanguage":"fr-FR","publisher":{"@id":"https:\/\/monatglobal.com\/be\/#organization"}}]},"og:locale":"fr_FR","og:site_name":"MONAT Belgium - We Are Modern Nature\u2122","og:type":"article","og:title":"Eye Smooth\u2122 Nourishing Eye Cream - MONAT Belgium","og:description":"BEST SELLER NOUVEAU BEST SELLER Eye Smooth\u2122 Revitalisante et hydratanteCellules souches v\u00e9g\u00e9tales transformantes et squalane 5 ml \u212e 0.5 fl. oz. Prix de d\u00e9tail\u20ac00.00 Prix de client VIP\u20ac00.00 Pour en savoir plus sur Eye Smooth\u2122, veuillez contacter votre partenaire de march\u00e9 MONAT. BIENFAITS Cette cr\u00e8me pour les yeux raffermit la peau d\u00e9licate du contour de l'\u0153il","og:url":"https:\/\/monatglobal.com\/be\/eye-smooth\/","article:published_time":"2019-08-19T02:00:22+00:00","article:modified_time":"2026-02-26T18:27:06+00:00","twitter:card":"summary_large_image","twitter:title":"Eye Smooth\u2122 Nourishing Eye Cream - MONAT Belgium","twitter:description":"BEST SELLER NOUVEAU BEST SELLER Eye Smooth\u2122 Revitalisante et hydratanteCellules souches v\u00e9g\u00e9tales transformantes et squalane 5 ml \u212e 0.5 fl. oz. Prix de d\u00e9tail\u20ac00.00 Prix de client VIP\u20ac00.00 Pour en savoir plus sur Eye Smooth\u2122, veuillez contacter votre partenaire de march\u00e9 MONAT. BIENFAITS Cette cr\u00e8me pour les yeux raffermit la peau d\u00e9licate du contour de l'\u0153il"},"aioseo_meta_data":{"post_id":"44462","title":null,"description":null,"keywords":null,"keyphrases":null,"primary_term":null,"canonical_url":null,"og_title":null,"og_description":null,"og_object_type":"default","og_image_type":"default","og_image_url":null,"og_image_width":null,"og_image_height":null,"og_image_custom_url":null,"og_image_custom_fields":null,"og_video":null,"og_custom_url":null,"og_article_section":null,"og_article_tags":null,"twitter_use_og":false,"twitter_card":"default","twitter_image_type":"default","twitter_image_url":null,"twitter_image_custom_url":null,"twitter_image_custom_fields":null,"twitter_title":null,"twitter_description":null,"schema":{"blockGraphs":[],"customGraphs":[],"default":{"data":{"Article":[],"Course":[],"Dataset":[],"FAQPage":[],"Movie":[],"Person":[],"Product":[],"ProductReview":[],"Car":[],"Recipe":[],"Service":[],"SoftwareApplication":[],"WebPage":[]},"graphName":"WebPage","isEnabled":true},"graphs":[]},"schema_type":"default","schema_type_options":null,"pillar_content":false,"robots_default":true,"robots_noindex":false,"robots_noarchive":false,"robots_nosnippet":false,"robots_nofollow":false,"robots_noimageindex":false,"robots_noodp":false,"robots_notranslate":false,"robots_max_snippet":null,"robots_max_videopreview":null,"robots_max_imagepreview":"large","priority":null,"frequency":null,"local_seo":null,"seo_analyzer_scan_date":null,"breadcrumb_settings":null,"limit_modified_date":false,"reviewed_by":null,"open_ai":null,"ai":null,"created":"2026-02-09 20:00:30","updated":"2026-02-26 19:20:10"},"aioseo_breadcrumb":"<div class=\"aioseo-breadcrumbs\"><span class=\"aioseo-breadcrumb\">\n\t<a href=\"https:\/\/monatglobal.com\/be\" title=\"Home\">Home<\/a>\n<\/span><span class=\"aioseo-breadcrumb-separator\">&raquo;<\/span><span class=\"aioseo-breadcrumb\">\n\tEye Smooth\u2122 Nourishing Eye Cream\n<\/span><\/div>","aioseo_breadcrumb_json":[{"label":"Home","link":"https:\/\/monatglobal.com\/be"},{"label":"Eye Smooth\u2122 Nourishing Eye Cream","link":"https:\/\/monatglobal.com\/be\/eye-smooth\/"}],"_links":{"self":[{"href":"https:\/\/monatglobal.com\/be\/wp-json\/wp\/v2\/pages\/44462","targetHints":{"allow":["GET"]}}],"collection":[{"href":"https:\/\/monatglobal.com\/be\/wp-json\/wp\/v2\/pages"}],"about":[{"href":"https:\/\/monatglobal.com\/be\/wp-json\/wp\/v2\/types\/page"}],"author":[{"embeddable":true,"href":"https:\/\/monatglobal.com\/be\/wp-json\/wp\/v2\/users\/31"}],"replies":[{"embeddable":true,"href":"https:\/\/monatglobal.com\/be\/wp-json\/wp\/v2\/comments?post=44462"}],"version-history":[{"count":10,"href":"https:\/\/monatglobal.com\/be\/wp-json\/wp\/v2\/pages\/44462\/revisions"}],"predecessor-version":[{"id":110258,"href":"https:\/\/monatglobal.com\/be\/wp-json\/wp\/v2\/pages\/44462\/revisions\/110258"}],"wp:featuredmedia":[{"embeddable":true,"href":"https:\/\/monatglobal.com\/be\/wp-json\/wp\/v2\/media\/110256"}],"wp:attachment":[{"href":"https:\/\/monatglobal.com\/be\/wp-json\/wp\/v2\/media?parent=44462"}],"wp:term":[{"taxonomy":"category","embeddable":true,"href":"https:\/\/monatglobal.com\/be\/wp-json\/wp\/v2\/categories?post=44462"},{"taxonomy":"post_tag","embeddable":true,"href":"https:\/\/monatglobal.com\/be\/wp-json\/wp\/v2\/tags?post=44462"}],"curies":[{"name":"wp","href":"https:\/\/api.w.org\/{rel}","templated":true}]}}