{"id":44445,"date":"2019-08-18T18:35:53","date_gmt":"2019-08-18T17:35:53","guid":{"rendered":"https:\/\/monatglobal.com\/?page_id=44445"},"modified":"2026-02-26T18:12:54","modified_gmt":"2026-02-26T18:12:54","slug":"nourishing-moisturizer","status":"publish","type":"page","link":"https:\/\/monatglobal.com\/be\/nourishing-moisturizer\/","title":{"rendered":"Hydratant nourrissant BE GENTLE\u2122"},"content":{"rendered":"\n<!--title: Hydratant pour la peau |Soins de la peau MONAT | Hydratant nourrissant BE GENTLE\u2122-->\n<!--Meta: Une cr\u00e8me riche, apaisante et ultra-hydratante qui aide \u00e0 renouveler, repulper et nourrir la peau, r\u00e9v\u00e9lant un \u00e9clat doux, lisse et d'apparence saine.-->\n<link rel=\"stylesheet\" href=\"https:\/\/unpkg.com\/swiper\/swiper-bundle.min.css\">\n<link rel=\"stylesheet\" href=\"https:\/\/monatglobal.com\/wp-content\/creative_css\/product_styles_sheet.css\">\n   <!--==================================================== ECOMM SECTION ====================================================-->\n      <!--==================================================== Ecomm image ====================================================-->\n     \n      <source media=\"(max-width: 700px)\" srcset=\"https:\/\/monatglobal.com\/au\/wp-content\/uploads\/sites\/12\/2021\/12\/Be-Gentle-Nourishing-Moisturizer-ecomm-2022_mobile.png\" loading=\"lazy\">\n      <img decoding=\"async\" src=\"https:\/\/monatglobal.com\/au\/wp-content\/uploads\/sites\/12\/2021\/12\/Be-Gentle-Nourishing-Moisturizer-ecomm.png\" alt=\"Be-Gentle-Nourishing-Moisturizer\" loading=\"lazy\">\n         \n      <!--==================================================== Ecomm information  ====================================================-->\n        NOUVEAU\n         <h1>Hydratant <br> nourrissant<\/h1>\n         <p>BE GENTLE\u2122<\/p>\n         <p>Hydratation et R\u00e9g\u00e9n\u00e9ration<\/p>\n         <p>Avec de l&rsquo;acide hyaluronique hydratant et des cellules<br> souches v\u00e9g\u00e9tales<\/p>\n         <p>45ml \u212e 1,52 oz liq.<\/p>\n      <!--==================================================== pricing box  ====================================================-->    \n         <p>Prix de d\u00e9tail<br>\u20ac00.00<\/p>\n         <p>Prix de client VIP<br>\u20ac00.00<\/p>\n<!--============================================= pricing box  ====================================================-->      \n         <p>Pour en savoir plus sur l&rsquo;Hydratant nourrissant BE GENTLE\u2122, veuillez contacter votre partenaire de march\u00e9 MONAT.<\/p> \n      <a href=\"\" target=\"_blank\" role=\"button\" aria-label=\"\" rel=\"noopener\"><\/a>\n   <!--==================================================== \/ECOMM SECTION  ====================================================-->\n   <!--==================================================== Benefits image ====================================================-->\n  \n    <source media=\"(max-width: 700px)\" srcset=\"https:\/\/monatglobal.com\/au\/wp-content\/uploads\/sites\/12\/2021\/12\/Be-Gentle-Nourishing-Moisturizer-benefits-close-up_mobile.jpg\" loading=\"lazy\">\n      <img decoding=\"async\" src=\"https:\/\/monatglobal.com\/au\/wp-content\/uploads\/sites\/12\/2021\/12\/Be-Gentle-Nourishing-Moisturizer-benefits-close-up.jpg\" alt=\"\" loading=\"lazy\">\n    \n   <!--==================================================== Benefits text ====================================================-->\n         <h2>BIENFAITS<\/h2>\n         <h3>Une  cr\u00e8me riche apaisante et ultra hydratante qui aide \u00e0 r\u00e9g\u00e9n\u00e9rer, \u00e0 repulper et \u00e0 nourrir la peau, pour r\u00e9v\u00e9ler une peau douce, lisse et&nbsp;lumineuse.<\/h3>\n         <!--==================================================== features image  ====================================================-->\n         <img decoding=\"async\" alt=\"\" src=\"https:\/\/monatglobal.com\/au\/wp-content\/uploads\/sites\/12\/2021\/12\/be-gentle-nourishing-moisturizer-features-composition-3.jpg\" loading=\"lazy\">\n      <!--==================================================== features text ====================================================-->\n            <h3>Caract\u00e9ristiques<\/h3>\n               <p>\/ Nourrit et hydrate la peau<\/p>\n               <p>\/ Procure une hydratation tout au long de la journ\u00e9e<\/p>\n               <p>\/ La peau para\u00eet \u00e9clatante et elle est apais\u00e9e, lisse et douce<\/p>\n               <p>\/ R\u00e9duit l&rsquo;apparence les rides, les ridules et le manque d&rsquo;\u00e9lasticit\u00e9<\/p>\n               <p>\/ Id\u00e9al pour les peaux s\u00e8ches ou sensibles<\/p>\n               <br>\n            <p>Fragrance \/ Unwind and enjoy a coconut-forward, citrusy aroma with notes of blood orange, coconut husk, cashew nut and&nbsp;sandalwood. <\/p>\n            <p> Texture \/ Cream <\/p>\n   <!--==================================================== composition image mobile ====================================================-->\n   <img decoding=\"async\" alt=\"\" src=\"https:\/\/monatglobal.com\/au\/wp-content\/uploads\/sites\/12\/2021\/12\/nourishing-moisturizing-composition-1.jpg\" loading=\"lazy\">\n   <!--==================================================== Why it works text ====================================================-->\n      <h2>HYDRATE ET RENOUVELLE<\/h2>\n      <h3>Cette cr\u00e8me polyvalente et ultra-apaisante infuse imm\u00e9diatement la peau d&rsquo;une hydratation intense et de nutriments apaisants.<\/h3>\n      <p>Elle d\u00e9salt\u00e8re la peau en lui apportant le renfort n\u00e9cessaire pour favoriser la r\u00e9tention d&rsquo;hydratation essentielle, tout en aidant \u00e0 raffermir et \u00e0 prot\u00e9ger contre les agressions ext\u00e9rieures. R\u00e9sultat : un confort absolu toute la journ\u00e9e et un \u00e9clat visiblement sain.<\/p>\n      <!--*Based on a 56-day consumer study with 49 participants, performed by a third-party laboratory.<br \/>-->\n       <!--**Based on 56-day consumer instrumental study with 30 participants, performed by a third-party laboratory.-->\n        <!-- -->\n<!--==================================================== Composition section ====================================================-->\n      <img decoding=\"async\" alt=\"\" src=\"https:\/\/monatglobal.com\/au\/wp-content\/uploads\/sites\/12\/2021\/12\/nourishing-moisturizing-composition-1.jpg\" loading=\"lazy\">\n      <img decoding=\"async\" alt=\"\" src=\"https:\/\/monatglobal.com\/au\/wp-content\/uploads\/sites\/12\/2021\/12\/Be-Gentle-Nourishing-Moisturizer-composition-3.jpg\" loading=\"lazy\">\n            <!--==================================================== Directions text ====================================================--> \n               <h3>Mode d&#8217;emploi<\/h3>\n                    <p>\/ Utiliser quotidiennement apr\u00e8s avoir appliqu\u00e9 le s\u00e9rum MONAT.<\/p>\n                    <p>\/ Pr\u00e9lever une petite quantit\u00e9 avec la spatule fournie.<\/p>\n                    <p>\/ Appliquer uniform\u00e9ment sur le bout des doigts.<\/p>\n                    <p>\/ Masser sur le visage, le cou et le d\u00e9collet\u00e9 avec des mouvements ascendants pour revitaliser la peau.<\/p>\n                    <p>\/ Laisser le produit p\u00e9n\u00e9trer avant d&rsquo;appliquer un SPF ou un fond de teint.<\/p>\n            <!--==================================================== Directions video ====================================================-->\n      <p>Hydratant nourrissant <br>BE GENTLE\u2122<br><br>0:34<\/p>\n         <!--==================================================== features image  ====================================================-->\n         <img decoding=\"async\" alt=\"\" src=\"https:\/\/monatglobal.com\/au\/wp-content\/uploads\/sites\/12\/2021\/12\/rejuveniqe-suggestion.jpg\" loading=\"lazy\">\n      <!--==================================================== features text ====================================================-->\n            <h3>Conseils d&rsquo;utilisation<\/h3>\n               <p>\/ Votre peau est tr\u00e8s s\u00e8che? Ajouter 1 ou 2 gouttes de l&rsquo;huile intensive REJUVENIQE<sup>\u00ae\ufe0f<\/sup> au produit dans la main et m\u00e9langer-la \u00e0 l&rsquo;hydratant.<\/p>\n  <a href=\"\" target=\"_blank\" role=\"button\" aria-label=\"\" rel=\"noopener\"><\/a>\n   <!--==================================================== Ingredients section  ====================================================-->\n      <h2>INGR\u00c9DIENTS CL\u00c9S<\/h2>\n      <p>REJUVENIQE S\u2122<br>Hydrate et nourrit<\/p>\n      <p>Peptide<br>Raffermit et repulpe<\/p>\n      <p>Extraits de cellules souches v\u00e9g\u00e9tales<br>Renforcent et prot\u00e8gent<\/p>\n      <p>Complexe Apaisant<br>(racine de gingembre et Bisabolol)<br>Apaise et hydrate<\/p>\n      <p>Acide hyaluronique<br>Retient l&rsquo;hydratation<\/p>\n        <button id=\"myBtn\" type=\"button\">LISTE D&rsquo;INGR\u00c9DIENTS<\/button>\n      <!--==================================================== Modal content  ====================================================-->\n         \u00d7\n         Aqua\/Water\/Eau, Cetearyl Alcohol, Glycerin, Dimethicone, Orbignya Speciosa Kernel Oil, Cetyl Alcohol, Hydrolyzed Jojoba Esters, Cetearyl Glucoside, Propanediol, Ethyl Macadamiate, Jojoba Esters, Sodium Hyaluronate, Astrocaryum Murumuru Seed Butter, Tripeptide-2, Zingiber Officinale (Ginger) Root Extract, Bisabolol, Limnanthes Alba (Meadowfoam) Seed Oil, Crambe Abyssinica Seed Oil, Camellia Oleifera Seed Oil, Solanum Lycopersicum (Tomato) Seed Oil, Daucus Carota Sativa (Carrot) Seed Oil, Citrus Limon (Lemon) Peel Oil, Citrus Aurantifolia (Lime) Oil, Citrus Aurantium Bergamia (Bergamot) Fruit Oil, Adansonia Digitata Oil, Mauritia Flexuosa Fruit Oil, Cocos Nucifera (Coconut) Oil, Gardenia Taitensis Flower Extract, Moringa Oleifera Seed Oil, Caryocar Brasiliense Fruit Oil, Helianthus Annuus (Sunflower) Seed Oil, Olea Europaea (Olive) Fruit Oil, Simmondsia Chinensis (Jojoba) Seed Extract, Tocopherol, Hydroxyethyl Acrylate\/Sodium Acryloyldimethyl Taurate Copolymer, Carrageenan, Glucose, Isomalt, Phytol, Citric Acid, Fragrance\/Parfum, Dimethiconol, Ethylhexylglycerin, Benzyl Alcohol, Sorbitan Isostearate, Hexamethylindanopyran, Linalyl Acetate, Tetramethyl Acetyloctahydronaphthalenes.\n\n   <!--==================================================== You might also like section ====================================================-->\n      <h2>VOUS POURRIEZ AUSSI AIMER<\/h2>\n      <!--==================================================== Slider YOU MIGHT ALSO LIKE ====================================================-->\n         <!--==================================================== If we need navigation buttons  ====================================================-->\n         <!--==================================================== If we need paginations  ====================================================-->\n    <a href=\"\" aria-label=\"\"><\/a>\n<!--==================================================== this link has to go last for it to work   ====================================================-->\n\t<link rel=\"stylesheet\" href=\"https:\/\/unpkg.com\/swiper\/swiper-bundle.min.css\">\n<link rel=\"stylesheet\" href=\"https:\/\/monatglobal.com\/wp-content\/creative_css\/product_styles_sheet.css\">\n   <!--==================================================== You might also like section ====================================================-->\n      <h2>YOU MIGHT ALSO LIKE<\/h2>\n      <!--==================================================== Slider YOU MIGHT ALSO LIKE ====================================================-->\n            <!--==================================================== Slides products ====================================================-->\n               <a href=\"\/holidays-2021-minis-mirror\" aria-label=\"Go to Magic Minis &amp; Mirror page\">\n                  <img decoding=\"async\" src=\"https:\/\/monatglobal.com\/wp-content\/uploads\/2021\/10\/magic-mini-mirror-300x300-1.jpg\" alt=\"Magic Minis &amp; Mirror\">\n                  <p>Magic Minis &amp; Mirror<\/p>\n               <\/a>\n               <a href=\"\/holidays-2021-happiness\/\" aria-label=\"Go to Handful of Happiness page\">\n                  <img decoding=\"async\" src=\"https:\/\/monatglobal.com\/wp-content\/uploads\/2021\/10\/handful-happiness-300x300-1.jpg\" alt=\"Handful of Happiness\">\n                  <p>Handful of Happiness<\/p>\n               <\/a>\n               <a href=\"\/age-control-nectar\/\" aria-label=\"Go to Rewind\u2122 Age Control Nectar page\">\n                  <img decoding=\"async\" src=\"https:\/\/monatglobal.com\/wp-content\/uploads\/2019\/09\/rewind-age-control-nectar-1.png\" alt=\"Rewind\u2122 Age Control Nectar\">\n                  <p>Rewind\u2122 Age Control Nectar<\/p>\n               <\/a>\n         <!--==================================================== If we need navigation buttons  ====================================================-->\n         <!--==================================================== If we need paginations  ====================================================-->\n<!--==================================================== this link has to go last for it to work   ====================================================-->\n\n\n\n<p><\/p>\n","protected":false},"excerpt":{"rendered":"<p>NOUVEAU Hydratant nourrissant BE GENTLE\u2122 Hydratation et R\u00e9g\u00e9n\u00e9ration Avec de l&rsquo;acide hyaluronique hydratant et des cellules souches v\u00e9g\u00e9tales 45ml \u212e 1,52 oz liq. Prix de d\u00e9tail\u20ac00.00 Prix de client VIP\u20ac00.00 Pour en savoir plus sur l&rsquo;Hydratant nourrissant BE GENTLE\u2122, veuillez contacter votre partenaire de march\u00e9 MONAT. BIENFAITS Une cr\u00e8me riche apaisante et ultra hydratante qui&hellip;<\/p>\n","protected":false},"author":31,"featured_media":110250,"parent":0,"menu_order":0,"comment_status":"closed","ping_status":"closed","template":"","meta":{"inline_featured_image":false,"om_disable_all_campaigns":false,"footnotes":""},"categories":[45],"tags":[],"class_list":["post-44445","page","type-page","status-publish","has-post-thumbnail","hentry","category-product-be-fr"],"aioseo_notices":[],"aioseo_head":"\n\t\t<!-- All in One SEO Pro 4.9.5.2 - aioseo.com -->\n\t<meta name=\"description\" content=\"Une cr\u00e8me riche, apaisante et ultra-hydratante qui aide \u00e0 renouveler, repulper et nourrir la peau, r\u00e9v\u00e9lant un \u00e9clat doux, lisse et d&#039;apparence saine.\" \/>\n\t<meta name=\"robots\" content=\"max-image-preview:large\" \/>\n\t<link rel=\"canonical\" href=\"https:\/\/monatglobal.com\/be\/nourishing-moisturizer\/\" \/>\n\t<meta name=\"generator\" content=\"All in One SEO Pro (AIOSEO) 4.9.5.2\" \/>\n\t\t<meta property=\"og:locale\" content=\"fr_FR\" \/>\n\t\t<meta property=\"og:site_name\" content=\"MONAT Belgium - We Are Modern Nature\u2122\" \/>\n\t\t<meta property=\"og:type\" content=\"article\" \/>\n\t\t<meta property=\"og:title\" content=\"Hydratant pour la peau | Soins de la peau MONAT | Hydratant nourrissant BE GENTLE\u2122\" \/>\n\t\t<meta property=\"og:description\" content=\"Une cr\u00e8me riche, apaisante et ultra-hydratante qui aide \u00e0 renouveler, repulper et nourrir la peau, r\u00e9v\u00e9lant un \u00e9clat doux, lisse et d&#039;apparence saine.\" \/>\n\t\t<meta property=\"og:url\" content=\"https:\/\/monatglobal.com\/be\/nourishing-moisturizer\/\" \/>\n\t\t<meta property=\"article:published_time\" content=\"2019-08-18T17:35:53+00:00\" \/>\n\t\t<meta property=\"article:modified_time\" content=\"2026-02-26T18:12:54+00:00\" \/>\n\t\t<meta name=\"twitter:card\" content=\"summary_large_image\" \/>\n\t\t<meta name=\"twitter:title\" content=\"Hydratant pour la peau | Soins de la peau MONAT | Hydratant nourrissant BE GENTLE\u2122\" \/>\n\t\t<meta name=\"twitter:description\" content=\"Une cr\u00e8me riche, apaisante et ultra-hydratante qui aide \u00e0 renouveler, repulper et nourrir la peau, r\u00e9v\u00e9lant un \u00e9clat doux, lisse et d&#039;apparence saine.\" \/>\n\t\t<script type=\"application\/ld+json\" class=\"aioseo-schema\">\n\t\t\t{\"@context\":\"https:\\\/\\\/schema.org\",\"@graph\":[{\"@type\":\"BreadcrumbList\",\"@id\":\"https:\\\/\\\/monatglobal.com\\\/be\\\/nourishing-moisturizer\\\/#breadcrumblist\",\"itemListElement\":[{\"@type\":\"ListItem\",\"@id\":\"https:\\\/\\\/monatglobal.com\\\/be#listItem\",\"position\":1,\"name\":\"Home\",\"item\":\"https:\\\/\\\/monatglobal.com\\\/be\",\"nextItem\":{\"@type\":\"ListItem\",\"@id\":\"https:\\\/\\\/monatglobal.com\\\/be\\\/nourishing-moisturizer\\\/#listItem\",\"name\":\"Hydratant nourrissant BE GENTLE\\u2122\"}},{\"@type\":\"ListItem\",\"@id\":\"https:\\\/\\\/monatglobal.com\\\/be\\\/nourishing-moisturizer\\\/#listItem\",\"position\":2,\"name\":\"Hydratant nourrissant BE GENTLE\\u2122\",\"previousItem\":{\"@type\":\"ListItem\",\"@id\":\"https:\\\/\\\/monatglobal.com\\\/be#listItem\",\"name\":\"Home\"}}]},{\"@type\":\"Organization\",\"@id\":\"https:\\\/\\\/monatglobal.com\\\/be\\\/#organization\",\"name\":\"MONAT Belgium\",\"description\":\"We Are Modern Nature\\u2122\",\"url\":\"https:\\\/\\\/monatglobal.com\\\/be\\\/\"},{\"@type\":\"WebPage\",\"@id\":\"https:\\\/\\\/monatglobal.com\\\/be\\\/nourishing-moisturizer\\\/#webpage\",\"url\":\"https:\\\/\\\/monatglobal.com\\\/be\\\/nourishing-moisturizer\\\/\",\"name\":\"Hydratant pour la peau | Soins de la peau MONAT | Hydratant nourrissant BE GENTLE\\u2122\",\"description\":\"Une cr\\u00e8me riche, apaisante et ultra-hydratante qui aide \\u00e0 renouveler, repulper et nourrir la peau, r\\u00e9v\\u00e9lant un \\u00e9clat doux, lisse et d'apparence saine.\",\"inLanguage\":\"fr-FR\",\"isPartOf\":{\"@id\":\"https:\\\/\\\/monatglobal.com\\\/be\\\/#website\"},\"breadcrumb\":{\"@id\":\"https:\\\/\\\/monatglobal.com\\\/be\\\/nourishing-moisturizer\\\/#breadcrumblist\"},\"image\":{\"@type\":\"ImageObject\",\"url\":\"https:\\\/\\\/monatglobal.com\\\/be\\\/wp-content\\\/uploads\\\/sites\\\/23\\\/2026\\\/02\\\/Be-Gentle-Nourishing-Moisturizer-ecomm.png\",\"@id\":\"https:\\\/\\\/monatglobal.com\\\/be\\\/nourishing-moisturizer\\\/#mainImage\",\"width\":641,\"height\":800},\"primaryImageOfPage\":{\"@id\":\"https:\\\/\\\/monatglobal.com\\\/be\\\/nourishing-moisturizer\\\/#mainImage\"},\"datePublished\":\"2019-08-18T18:35:53+01:00\",\"dateModified\":\"2026-02-26T18:12:54+00:00\"},{\"@type\":\"WebSite\",\"@id\":\"https:\\\/\\\/monatglobal.com\\\/be\\\/#website\",\"url\":\"https:\\\/\\\/monatglobal.com\\\/be\\\/\",\"name\":\"MONAT Belgium\",\"description\":\"We Are Modern Nature\\u2122\",\"inLanguage\":\"fr-FR\",\"publisher\":{\"@id\":\"https:\\\/\\\/monatglobal.com\\\/be\\\/#organization\"}}]}\n\t\t<\/script>\n\t\t<!-- All in One SEO Pro -->\r\n\t\t<title>Hydratant pour la peau | Soins de la peau MONAT | Hydratant nourrissant BE GENTLE\u2122<\/title>\n\n","aioseo_head_json":{"title":"Hydratant pour la peau | Soins de la peau MONAT | Hydratant nourrissant BE GENTLE\u2122","description":"Une cr\u00e8me riche, apaisante et ultra-hydratante qui aide \u00e0 renouveler, repulper et nourrir la peau, r\u00e9v\u00e9lant un \u00e9clat doux, lisse et d'apparence saine.","canonical_url":"https:\/\/monatglobal.com\/be\/nourishing-moisturizer\/","robots":"max-image-preview:large","keywords":"","webmasterTools":{"miscellaneous":""},"schema":{"@context":"https:\/\/schema.org","@graph":[{"@type":"BreadcrumbList","@id":"https:\/\/monatglobal.com\/be\/nourishing-moisturizer\/#breadcrumblist","itemListElement":[{"@type":"ListItem","@id":"https:\/\/monatglobal.com\/be#listItem","position":1,"name":"Home","item":"https:\/\/monatglobal.com\/be","nextItem":{"@type":"ListItem","@id":"https:\/\/monatglobal.com\/be\/nourishing-moisturizer\/#listItem","name":"Hydratant nourrissant BE GENTLE\u2122"}},{"@type":"ListItem","@id":"https:\/\/monatglobal.com\/be\/nourishing-moisturizer\/#listItem","position":2,"name":"Hydratant nourrissant BE GENTLE\u2122","previousItem":{"@type":"ListItem","@id":"https:\/\/monatglobal.com\/be#listItem","name":"Home"}}]},{"@type":"Organization","@id":"https:\/\/monatglobal.com\/be\/#organization","name":"MONAT Belgium","description":"We Are Modern Nature\u2122","url":"https:\/\/monatglobal.com\/be\/"},{"@type":"WebPage","@id":"https:\/\/monatglobal.com\/be\/nourishing-moisturizer\/#webpage","url":"https:\/\/monatglobal.com\/be\/nourishing-moisturizer\/","name":"Hydratant pour la peau | Soins de la peau MONAT | Hydratant nourrissant BE GENTLE\u2122","description":"Une cr\u00e8me riche, apaisante et ultra-hydratante qui aide \u00e0 renouveler, repulper et nourrir la peau, r\u00e9v\u00e9lant un \u00e9clat doux, lisse et d'apparence saine.","inLanguage":"fr-FR","isPartOf":{"@id":"https:\/\/monatglobal.com\/be\/#website"},"breadcrumb":{"@id":"https:\/\/monatglobal.com\/be\/nourishing-moisturizer\/#breadcrumblist"},"image":{"@type":"ImageObject","url":"https:\/\/monatglobal.com\/be\/wp-content\/uploads\/sites\/23\/2026\/02\/Be-Gentle-Nourishing-Moisturizer-ecomm.png","@id":"https:\/\/monatglobal.com\/be\/nourishing-moisturizer\/#mainImage","width":641,"height":800},"primaryImageOfPage":{"@id":"https:\/\/monatglobal.com\/be\/nourishing-moisturizer\/#mainImage"},"datePublished":"2019-08-18T18:35:53+01:00","dateModified":"2026-02-26T18:12:54+00:00"},{"@type":"WebSite","@id":"https:\/\/monatglobal.com\/be\/#website","url":"https:\/\/monatglobal.com\/be\/","name":"MONAT Belgium","description":"We Are Modern Nature\u2122","inLanguage":"fr-FR","publisher":{"@id":"https:\/\/monatglobal.com\/be\/#organization"}}]},"og:locale":"fr_FR","og:site_name":"MONAT Belgium - We Are Modern Nature\u2122","og:type":"article","og:title":"Hydratant pour la peau | Soins de la peau MONAT | Hydratant nourrissant BE GENTLE\u2122","og:description":"Une cr\u00e8me riche, apaisante et ultra-hydratante qui aide \u00e0 renouveler, repulper et nourrir la peau, r\u00e9v\u00e9lant un \u00e9clat doux, lisse et d'apparence saine.","og:url":"https:\/\/monatglobal.com\/be\/nourishing-moisturizer\/","article:published_time":"2019-08-18T17:35:53+00:00","article:modified_time":"2026-02-26T18:12:54+00:00","twitter:card":"summary_large_image","twitter:title":"Hydratant pour la peau | Soins de la peau MONAT | Hydratant nourrissant BE GENTLE\u2122","twitter:description":"Une cr\u00e8me riche, apaisante et ultra-hydratante qui aide \u00e0 renouveler, repulper et nourrir la peau, r\u00e9v\u00e9lant un \u00e9clat doux, lisse et d'apparence saine."},"aioseo_meta_data":{"post_id":"44445","title":"Hydratant pour la peau | Soins de la peau MONAT | Hydratant nourrissant BE GENTLE\u2122","description":"Une cr\u00e8me riche, apaisante et ultra-hydratante qui aide \u00e0 renouveler, repulper et nourrir la peau, r\u00e9v\u00e9lant un \u00e9clat doux, lisse et d'apparence saine.","keywords":null,"keyphrases":{"focus":{"keyphrase":"","score":0,"analysis":{"keyphraseInTitle":{"score":0,"maxScore":9,"error":1}}},"additional":[]},"primary_term":null,"canonical_url":null,"og_title":null,"og_description":null,"og_object_type":"default","og_image_type":"default","og_image_url":null,"og_image_width":null,"og_image_height":null,"og_image_custom_url":null,"og_image_custom_fields":null,"og_video":"","og_custom_url":null,"og_article_section":null,"og_article_tags":null,"twitter_use_og":false,"twitter_card":"default","twitter_image_type":"default","twitter_image_url":null,"twitter_image_custom_url":null,"twitter_image_custom_fields":null,"twitter_title":null,"twitter_description":null,"schema":{"blockGraphs":[],"customGraphs":[],"default":{"data":{"Article":[],"Course":[],"Dataset":[],"FAQPage":[],"Movie":[],"Person":[],"Product":[],"ProductReview":[],"Car":[],"Recipe":[],"Service":[],"SoftwareApplication":[],"WebPage":[]},"graphName":"WebPage","isEnabled":true},"graphs":[]},"schema_type":"default","schema_type_options":null,"pillar_content":false,"robots_default":true,"robots_noindex":false,"robots_noarchive":false,"robots_nosnippet":false,"robots_nofollow":false,"robots_noimageindex":false,"robots_noodp":false,"robots_notranslate":false,"robots_max_snippet":"-1","robots_max_videopreview":"-1","robots_max_imagepreview":"large","priority":null,"frequency":"default","local_seo":null,"seo_analyzer_scan_date":null,"breadcrumb_settings":null,"limit_modified_date":false,"reviewed_by":"0","open_ai":null,"ai":{"faqs":[],"keyPoints":[],"titles":[],"descriptions":[],"socialPosts":{"email":[],"linkedin":[],"twitter":[],"facebook":[],"instagram":[]}},"created":"2026-02-09 20:00:30","updated":"2026-02-26 18:15:44"},"aioseo_breadcrumb":"<div class=\"aioseo-breadcrumbs\"><span class=\"aioseo-breadcrumb\">\n\t<a href=\"https:\/\/monatglobal.com\/be\" title=\"Home\">Home<\/a>\n<\/span><span class=\"aioseo-breadcrumb-separator\">&raquo;<\/span><span class=\"aioseo-breadcrumb\">\n\tHydratant nourrissant BE GENTLE\u2122\n<\/span><\/div>","aioseo_breadcrumb_json":[{"label":"Home","link":"https:\/\/monatglobal.com\/be"},{"label":"Hydratant nourrissant BE GENTLE\u2122","link":"https:\/\/monatglobal.com\/be\/nourishing-moisturizer\/"}],"_links":{"self":[{"href":"https:\/\/monatglobal.com\/be\/wp-json\/wp\/v2\/pages\/44445","targetHints":{"allow":["GET"]}}],"collection":[{"href":"https:\/\/monatglobal.com\/be\/wp-json\/wp\/v2\/pages"}],"about":[{"href":"https:\/\/monatglobal.com\/be\/wp-json\/wp\/v2\/types\/page"}],"author":[{"embeddable":true,"href":"https:\/\/monatglobal.com\/be\/wp-json\/wp\/v2\/users\/31"}],"replies":[{"embeddable":true,"href":"https:\/\/monatglobal.com\/be\/wp-json\/wp\/v2\/comments?post=44445"}],"version-history":[{"count":15,"href":"https:\/\/monatglobal.com\/be\/wp-json\/wp\/v2\/pages\/44445\/revisions"}],"predecessor-version":[{"id":110254,"href":"https:\/\/monatglobal.com\/be\/wp-json\/wp\/v2\/pages\/44445\/revisions\/110254"}],"wp:featuredmedia":[{"embeddable":true,"href":"https:\/\/monatglobal.com\/be\/wp-json\/wp\/v2\/media\/110250"}],"wp:attachment":[{"href":"https:\/\/monatglobal.com\/be\/wp-json\/wp\/v2\/media?parent=44445"}],"wp:term":[{"taxonomy":"category","embeddable":true,"href":"https:\/\/monatglobal.com\/be\/wp-json\/wp\/v2\/categories?post=44445"},{"taxonomy":"post_tag","embeddable":true,"href":"https:\/\/monatglobal.com\/be\/wp-json\/wp\/v2\/tags?post=44445"}],"curies":[{"name":"wp","href":"https:\/\/api.w.org\/{rel}","templated":true}]}}