{"id":44441,"date":"2019-08-18T15:17:30","date_gmt":"2019-08-18T20:17:30","guid":{"rendered":"https:\/\/monatglobal.com\/?page_id=44441"},"modified":"2026-02-26T18:00:22","modified_gmt":"2026-02-26T18:00:22","slug":"creamy-cleanser","status":"publish","type":"page","link":"https:\/\/monatglobal.com\/be\/creamy-cleanser\/","title":{"rendered":"Be Gentle\u2122 Creamy Cleanser"},"content":{"rendered":"\n\n\t<!--title: Nettoyant pour la peau |Soins de la peau MONAT |Cr\u00e8me nettoyante BE GENTLE\u2122-->\n<!--meta: Un nettoyant cr\u00e9meux id\u00e9al pour les peaux s\u00e8ches et sensibles qui \u00e9limine en douceur les impuret\u00e9s, laissant la peau propre, douce, lisse et hydrat\u00e9e.-->\n<link rel=\"stylesheet\" href=\"https:\/\/unpkg.com\/swiper\/swiper-bundle.min.css\" \/>\n<link rel=\"stylesheet\" href=\"https:\/\/monatglobal.com\/wp-content\/creative_css\/product_styles_sheet.css\" \/>\n   <!--==================================================== ECOMM SECTION ====================================================-->\n      <!--==================================================== Ecomm image ====================================================-->\n      <img decoding=\"async\" src=\"https:\/\/monatglobal.com\/au\/wp-content\/uploads\/sites\/12\/2021\/12\/BE-GENTLE-Creamy-Cleanser-ecomm-2022.png\" alt=\"BE GENTLE\u2122 Creamy Cleanser\" loading=\"lazy\"\/>\n      <!--==================================================== Ecomm information  ====================================================-->\n         NOUVEAU\n         <h1>Nettoyant <br \/> cr\u00e8me<\/h1>\n         <p>BE GENTLE\u2122<\/p>\n         \n         <p>Purifiant et apaisant<br \/>Antioxydants pour revitaliser la peau et REJUVENIQE&nbsp;S\u2122<\/p>\n         <p>120 ml \u212e 4.0 oz liq.<\/p>\n      <!--==================================================== pricing box  ====================================================-->     \n         <p>Prix de d\u00e9tail<br \/>\u20ac00.00<\/p>\n         <p>Prix de client VIP<br \/>\u20ac00.00<\/p>\n      <!--==================================================== pricing box  ====================================================-->   \n         <p>Pour en savoir plus sur le   Nettoyant cr\u00e8me BE GENTLE\u2122 , veuillez contacter votre partenaire de&nbsp;march\u00e9&nbsp;MONAT.&nbsp;<\/p>\n      <a href=\"\" target=\"_blank\" role=\"button\" aria-label=\"\" rel=\"noopener\"><\/a>\n   <!--==================================================== \/ECOMM SECTION  ====================================================-->\n   <!--==================================================== Benefits image ====================================================-->\n  \n    <source media=\"(max-width: 700px)\" srcset=\"https:\/\/monatglobal.com\/au\/wp-content\/uploads\/sites\/12\/2021\/12\/BE-GENTLE-Creamy-Cleanser-benefits-close-up_mobile.jpg\" loading=\"lazy\"\/>\n      <img decoding=\"async\" src=\"https:\/\/monatglobal.com\/au\/wp-content\/uploads\/sites\/12\/2021\/12\/BE-GENTLE-Creamy-Cleanser-benefits-close-up.jpg\" \n      alt=\"\" loading=\"lazy\"\/>\n    \n   <!--==================================================== Benefits text ====================================================-->\n         <h2>BIENFAITS<\/h2>\n         <h3>Un nettoyant cr\u00e8me d\u00e9licat qui \u00e9limine en douceur les impuret\u00e9s tout en nourrissant et en hydratant la peau, la laissant avec une sensation de fra\u00eecheur et d&rsquo;hydratation.<\/h3>\n         <!--==================================================== features image  ====================================================-->\n         <img decoding=\"async\" alt=\"\" src=\"https:\/\/monatglobal.com\/au\/wp-content\/uploads\/sites\/12\/2021\/12\/BE-GENTLE-Creamy-Cleanser-features.jpg\" loading=\"lazy\"\/>\n      <!--==================================================== features text ====================================================-->\n            <h3>Caract\u00e9ristiques<\/h3>\n                 <p>\/ Pour de meilleurs r\u00e9sultats, proc\u00e9der \u00e0 un double nettoyage<\/p>\n                <p>\/ Appliquer un \u00e9cran solaire 15 minutes avant de sortir<\/p>\n               <p>\/ Enl\u00e8ve doucement les impuret\u00e9s sans alt\u00e9rer l&rsquo;\u00e9quilibre de la peau<\/p>\n               <p>\/ Cette formule nourrissante laisse la peau propre sans sensation de tiraillement ou de s\u00e9cheresse<\/p>\n               <p>\/ Apporte confort, apaisement et douceur \u00e0 la peau<\/p>\n               <br \/>\n            <p>Fragrance \/ Unwind and enjoy a coconut-forward, citrusy aroma with notes of blood orange, coconut husk, cashew nut and&nbsp;sandalwood. <\/p>\n            <p> Texture \/ Cream <\/p>\n   <!--==================================================== composition image mobile ====================================================-->\n   <img decoding=\"async\" alt=\"\" src=\"https:\/\/monatglobal.com\/au\/wp-content\/uploads\/sites\/12\/2021\/12\/BE-GENTLE-Creamy-Cleanser-composition-1.jpg\" loading=\"lazy\"\/>\n   <!--==================================================== Why it works text ====================================================-->\n      <h2>PURIFIANT ET APAISANT<\/h2>\n      <h3>Nettoyant cr\u00e8me ultra-doux qui \u00e9limine d\u00e9licatement les impuret\u00e9s et les agressions ext\u00e9rieures tout en adoucissant et en lissant la peau. Il enl\u00e8ve le maquillage, \u00e9limine le s\u00e9bum et les cellules mortes pour un teint propre, doux, lisse, hydrat\u00e9 et visiblement renouvel\u00e9.<\/h3>\n      <!--<p>*Based on a 14-day consumer study with 50 participants, performed by a third-party laboratory.<\/p>-->\n<!--==================================================== Composition section ====================================================-->\n      <img decoding=\"async\" alt=\"\" src=\"https:\/\/monatglobal.com\/au\/wp-content\/uploads\/sites\/12\/2021\/12\/BE-GENTLE-Creamy-Cleanser-composition-1.jpg\" loading=\"lazy\"\/>\n      <img decoding=\"async\" alt=\"\" \n      src=\"https:\/\/monatglobal.com\/au\/wp-content\/uploads\/sites\/12\/2021\/12\/be-gentle-creamy-clenaser-composition-3.jpg\" loading=\"lazy\"\/>\n            <!--==================================================== Directions text ====================================================--> \n               <h3>Mode d&#8217;emploi<\/h3>\n                    <p>\/ Utiliser matin et soir.&nbsp;<\/p>\n                    <p>\/ Verser une quantit\u00e9 de la taille d&rsquo;un pois sur les mains.<\/p>\n                    <p>\/ Appliquer sur peau humide en massant doucement avec des mouvements circulaires le visage,&nbsp;le cou et le d\u00e9collet\u00e9.<\/p>\n                    <p>\/ \u00c9viter les yeux.&nbsp;<\/p>\n                    <p>\/ Se rince facilement \u00e0 l&rsquo;eau.&nbsp;<\/p>\n                    <p>\/ Pour de meilleurs r\u00e9sultats, nettoyer deux fois avec votre nettoyant MONAT.<\/p>\n                    <p>\/ Compl\u00e9ter avec MONAT Skin Revitalizing Essence\u2122.&nbsp;<\/p>\n            <!--==================================================== Directions video ====================================================-->\n      <p>Nettoyant Cr\u00e8me<br \/>BE GENTLE\u2122 <br \/>0:37<\/p>\n         <!--==================================================== features image  ====================================================-->\n         <img decoding=\"async\" alt=\"\" src=\"https:\/\/monatglobal.com\/au\/wp-content\/uploads\/sites\/12\/2021\/12\/sunscreen-suggestion.jpg\" loading=\"lazy\"\/>\n      <!--==================================================== features text ====================================================-->\n            <h3>Conseils d&rsquo;utilisation<\/h3>\n               <p>\/ Appliquer un \u00e9cran solaire 15 minutes avant de sortir.&nbsp;<\/p>\n  <a href=\"\" target=\"_blank\" role=\"button\" aria-label=\"\" rel=\"noopener\"><\/a>\n   <!--==================================================== Ingredients section  ====================================================-->\n      <h2>INGR\u00c9DIENTS CL\u00c9S<\/h2>\n      <p>REJUVENIQE S\u2122<br \/>Hydrate et nourrit&nbsp;<\/p>\n      <p>Peptide<br \/>Raffermit et repulpe<\/p>\n      <p>Acides de fruits naturels (AHA)<br \/>Lissent et illuminent<\/p>\n      Complexe Apaisant<br \/> (racine de gingembre et Bisabolol)<br \/>\nApaise et hydrate\n        <button id=\"myBtn\" type=\"button\">LISTE D&rsquo;INGR\u00c9DIENTS<\/button>\n      <!--==================================================== Modal content  ====================================================-->\n         &times;\n         <p>Aqua\/Water\/Eau, Cetearyl Alcohol, Sodium Cocoyl Glutamate, Sodium Cocoyl Isethionate, Glyceryl Stearate SE, Helianthus Annuus (Sunflower) Seed Oil, Cetearyl Glucoside, Glycerin, Cetyl Alcohol, Sodium Lauroyl Glutamate, Butyrospermum Parkii (Shea) Butter, Sodium Astrocaryum Murumuruate, Tripeptide-2, Bisabolol, Zingiber Officinale (Ginger) Root Extract, Glycolic Acid, Mangifera Indica (Mango) Pulp Extract, Musa Sapientun (Banana) Pulp Extract, Saccharum Officinarum (Sugarcane) Extract, Limnanthes Alba (Meadowfoam) Seed Oil, Crambe Abyssinica Seed Oil, Camellia Oleifera Seed Oil, Solanum Lycopersicum (Tomato) Seed Oil, Daucus Carota Sativa (Carrot) Seed Oil, Citrus Limon (Lemon) Peel Oil, Citrus Aurantifolia (Lime) Oil, Citrus Aurantium Bergamia (Bergamot) Fruit Oil, Adansonia Digitata Oil, Mauritia Flexuosa Fruit Oil, Cocos Nucifera (Coconut) Oil, Gardenia Taitensis Flower Extract, Moringa Oleifera Seed Oil, Caryocar Brasiliense Fruit Oil, Olea Europaea (Olive) Fruit Oil, Simmondsia Chinensis (Jojoba) Seed Extract, Tocopherol, Sodium Polyacrylate, Xylitol, Caprylic Acid, Glyceryl Stearate, Fragrance\/Parfum, Ethylhexylglycerin, Benzyl Alcohol, Coconut Acid, Isopropyl Alcohol, Sodium Isethionate, Sodium Gluconate, Tetramethyl Acetyloctahydronaphthalenes.<\/p>\n   <!--==================================================== You might also like section ====================================================-->\n      <h2>VOUS POURRIEZ AUSSI AIMER<\/h2>\n      <!--==================================================== Slider YOU MIGHT ALSO LIKE ====================================================-->\n         <!--==================================================== If we need navigation buttons  ====================================================-->\n         <!--==================================================== If we need paginations  ====================================================-->\n    <a href=\"\" aria-label=\"\"><\/a>\n<!--==================================================== this link has to go last for it to work   ====================================================-->\n\t<link rel=\"stylesheet\" href=\"https:\/\/unpkg.com\/swiper\/swiper-bundle.min.css\" \/>\n<link rel=\"stylesheet\" href=\"https:\/\/monatglobal.com\/wp-content\/creative_css\/product_styles_sheet.css\" \/>\n   <!--==================================================== You might also like section ====================================================-->\n      <h2>YOU MIGHT ALSO LIKE<\/h2>\n      <!--==================================================== Slider YOU MIGHT ALSO LIKE ====================================================-->\n            <!--==================================================== Slides products ====================================================-->\n               <a href=\"\/holidays-2021-minis-mirror\" aria-label=\"Go to Magic Minis &#038; Mirror page\">\n                  <img decoding=\"async\" src=\"https:\/\/monatglobal.com\/wp-content\/uploads\/2021\/10\/magic-mini-mirror-300x300-1.jpg\" alt=\"Magic Minis &#038; Mirror\"\/>\n                  <p>Magic Minis &#038; Mirror<\/p>\n               <\/a>\n               <a href=\"\/age-control-nectar\/\" aria-label=\"Go to Rewind\u2122 Age Control Nectar page\">\n                  <img decoding=\"async\" src=\"https:\/\/monatglobal.com\/wp-content\/uploads\/2019\/09\/rewind-age-control-nectar-1.png\" alt=\"Rewind\u2122 Age Control Nectar\"\/>\n                  <p>Rewind\u2122 Age Control Nectar<\/p>\n               <\/a>\n               <a href=\"\/skin-revitalizing\/\" aria-label=\"Go to Skin Revitalizing Essence\u2122 page\">\n                  <img decoding=\"async\" src=\"https:\/\/monatglobal.com\/wp-content\/uploads\/2019\/09\/sking-revitalizing-essence.png\" alt=\"Skin Revitalizing Essence\u2122\"\/>\n                  <p>Skin Revitalizing Essence\u2122<\/p>\n               <\/a>\n         <!--==================================================== If we need navigation buttons  ====================================================-->\n         <!--==================================================== If we need paginations  ====================================================-->\n<!--==================================================== this link has to go last for it to work   ====================================================-->\n\n","protected":false},"excerpt":{"rendered":"<p>NOUVEAU Nettoyant cr\u00e8me BE GENTLE\u2122 Purifiant et apaisantAntioxydants pour revitaliser la peau et REJUVENIQE&nbsp;S\u2122 120 ml \u212e 4.0 oz liq. Prix de d\u00e9tail\u20ac00.00 Prix de client VIP\u20ac00.00 Pour en savoir plus sur le Nettoyant cr\u00e8me BE GENTLE\u2122 , veuillez contacter votre partenaire de&nbsp;march\u00e9&nbsp;MONAT.&nbsp; BIENFAITS Un nettoyant cr\u00e8me d\u00e9licat qui \u00e9limine en douceur les impuret\u00e9s tout&hellip;<\/p>\n","protected":false},"author":31,"featured_media":110245,"parent":0,"menu_order":0,"comment_status":"closed","ping_status":"closed","template":"","meta":{"inline_featured_image":false,"om_disable_all_campaigns":false,"footnotes":""},"categories":[45],"tags":[],"class_list":["post-44441","page","type-page","status-publish","has-post-thumbnail","hentry","category-product-be-fr"],"aioseo_notices":[],"aioseo_head":"\n\t\t<!-- All in One SEO Pro 4.9.5.2 - aioseo.com -->\n\t<meta name=\"description\" content=\"Un nettoyant cr\u00e9meux id\u00e9al pour les peaux s\u00e8ches et sensibles qui \u00e9limine en douceur les impuret\u00e9s, laissant la peau propre, douce, lisse et hydrat\u00e9e.\" \/>\n\t<meta name=\"robots\" content=\"max-image-preview:large\" \/>\n\t<link rel=\"canonical\" href=\"https:\/\/monatglobal.com\/be\/creamy-cleanser\/\" \/>\n\t<meta name=\"generator\" content=\"All in One SEO Pro (AIOSEO) 4.9.5.2\" \/>\n\t\t<meta property=\"og:locale\" content=\"fr_FR\" \/>\n\t\t<meta property=\"og:site_name\" content=\"MONAT Belgium - We Are Modern Nature\u2122\" \/>\n\t\t<meta property=\"og:type\" content=\"article\" \/>\n\t\t<meta property=\"og:title\" content=\"Nettoyant pour la peau | Soins de la peau MONAT | Cr\u00e8me nettoyante BE GENTLE\u2122\" \/>\n\t\t<meta property=\"og:description\" content=\"Un nettoyant cr\u00e9meux id\u00e9al pour les peaux s\u00e8ches et sensibles qui \u00e9limine en douceur les impuret\u00e9s, laissant la peau propre, douce, lisse et hydrat\u00e9e.\" \/>\n\t\t<meta property=\"og:url\" content=\"https:\/\/monatglobal.com\/be\/creamy-cleanser\/\" \/>\n\t\t<meta property=\"article:published_time\" content=\"2019-08-18T20:17:30+00:00\" \/>\n\t\t<meta property=\"article:modified_time\" content=\"2026-02-26T18:00:22+00:00\" \/>\n\t\t<meta name=\"twitter:card\" content=\"summary_large_image\" \/>\n\t\t<meta name=\"twitter:title\" content=\"Nettoyant pour la peau | Soins de la peau MONAT | Cr\u00e8me nettoyante BE GENTLE\u2122\" \/>\n\t\t<meta name=\"twitter:description\" content=\"Un nettoyant cr\u00e9meux id\u00e9al pour les peaux s\u00e8ches et sensibles qui \u00e9limine en douceur les impuret\u00e9s, laissant la peau propre, douce, lisse et hydrat\u00e9e.\" \/>\n\t\t<script type=\"application\/ld+json\" class=\"aioseo-schema\">\n\t\t\t{\"@context\":\"https:\\\/\\\/schema.org\",\"@graph\":[{\"@type\":\"BreadcrumbList\",\"@id\":\"https:\\\/\\\/monatglobal.com\\\/be\\\/creamy-cleanser\\\/#breadcrumblist\",\"itemListElement\":[{\"@type\":\"ListItem\",\"@id\":\"https:\\\/\\\/monatglobal.com\\\/be#listItem\",\"position\":1,\"name\":\"Home\",\"item\":\"https:\\\/\\\/monatglobal.com\\\/be\",\"nextItem\":{\"@type\":\"ListItem\",\"@id\":\"https:\\\/\\\/monatglobal.com\\\/be\\\/creamy-cleanser\\\/#listItem\",\"name\":\"Be Gentle\\u2122 Creamy Cleanser\"}},{\"@type\":\"ListItem\",\"@id\":\"https:\\\/\\\/monatglobal.com\\\/be\\\/creamy-cleanser\\\/#listItem\",\"position\":2,\"name\":\"Be Gentle\\u2122 Creamy Cleanser\",\"previousItem\":{\"@type\":\"ListItem\",\"@id\":\"https:\\\/\\\/monatglobal.com\\\/be#listItem\",\"name\":\"Home\"}}]},{\"@type\":\"Organization\",\"@id\":\"https:\\\/\\\/monatglobal.com\\\/be\\\/#organization\",\"name\":\"MONAT Belgium\",\"description\":\"We Are Modern Nature\\u2122\",\"url\":\"https:\\\/\\\/monatglobal.com\\\/be\\\/\"},{\"@type\":\"WebPage\",\"@id\":\"https:\\\/\\\/monatglobal.com\\\/be\\\/creamy-cleanser\\\/#webpage\",\"url\":\"https:\\\/\\\/monatglobal.com\\\/be\\\/creamy-cleanser\\\/\",\"name\":\"Nettoyant pour la peau | Soins de la peau MONAT | Cr\\u00e8me nettoyante BE GENTLE\\u2122\",\"description\":\"Un nettoyant cr\\u00e9meux id\\u00e9al pour les peaux s\\u00e8ches et sensibles qui \\u00e9limine en douceur les impuret\\u00e9s, laissant la peau propre, douce, lisse et hydrat\\u00e9e.\",\"inLanguage\":\"fr-FR\",\"isPartOf\":{\"@id\":\"https:\\\/\\\/monatglobal.com\\\/be\\\/#website\"},\"breadcrumb\":{\"@id\":\"https:\\\/\\\/monatglobal.com\\\/be\\\/creamy-cleanser\\\/#breadcrumblist\"},\"image\":{\"@type\":\"ImageObject\",\"url\":\"https:\\\/\\\/monatglobal.com\\\/be\\\/wp-content\\\/uploads\\\/sites\\\/23\\\/2026\\\/02\\\/BE-GENTLE-Creamy-Cleanser-ecomm-2022.png\",\"@id\":\"https:\\\/\\\/monatglobal.com\\\/be\\\/creamy-cleanser\\\/#mainImage\",\"width\":641,\"height\":800},\"primaryImageOfPage\":{\"@id\":\"https:\\\/\\\/monatglobal.com\\\/be\\\/creamy-cleanser\\\/#mainImage\"},\"datePublished\":\"2019-08-18T15:17:30+01:00\",\"dateModified\":\"2026-02-26T18:00:22+00:00\"},{\"@type\":\"WebSite\",\"@id\":\"https:\\\/\\\/monatglobal.com\\\/be\\\/#website\",\"url\":\"https:\\\/\\\/monatglobal.com\\\/be\\\/\",\"name\":\"MONAT Belgium\",\"description\":\"We Are Modern Nature\\u2122\",\"inLanguage\":\"fr-FR\",\"publisher\":{\"@id\":\"https:\\\/\\\/monatglobal.com\\\/be\\\/#organization\"}}]}\n\t\t<\/script>\n\t\t<!-- All in One SEO Pro -->\r\n\t\t<title>Nettoyant pour la peau | Soins de la peau MONAT | Cr\u00e8me nettoyante BE GENTLE\u2122<\/title>\n\n","aioseo_head_json":{"title":"Nettoyant pour la peau | Soins de la peau MONAT | Cr\u00e8me nettoyante BE GENTLE\u2122","description":"Un nettoyant cr\u00e9meux id\u00e9al pour les peaux s\u00e8ches et sensibles qui \u00e9limine en douceur les impuret\u00e9s, laissant la peau propre, douce, lisse et hydrat\u00e9e.","canonical_url":"https:\/\/monatglobal.com\/be\/creamy-cleanser\/","robots":"max-image-preview:large","keywords":"","webmasterTools":{"miscellaneous":""},"schema":{"@context":"https:\/\/schema.org","@graph":[{"@type":"BreadcrumbList","@id":"https:\/\/monatglobal.com\/be\/creamy-cleanser\/#breadcrumblist","itemListElement":[{"@type":"ListItem","@id":"https:\/\/monatglobal.com\/be#listItem","position":1,"name":"Home","item":"https:\/\/monatglobal.com\/be","nextItem":{"@type":"ListItem","@id":"https:\/\/monatglobal.com\/be\/creamy-cleanser\/#listItem","name":"Be Gentle\u2122 Creamy Cleanser"}},{"@type":"ListItem","@id":"https:\/\/monatglobal.com\/be\/creamy-cleanser\/#listItem","position":2,"name":"Be Gentle\u2122 Creamy Cleanser","previousItem":{"@type":"ListItem","@id":"https:\/\/monatglobal.com\/be#listItem","name":"Home"}}]},{"@type":"Organization","@id":"https:\/\/monatglobal.com\/be\/#organization","name":"MONAT Belgium","description":"We Are Modern Nature\u2122","url":"https:\/\/monatglobal.com\/be\/"},{"@type":"WebPage","@id":"https:\/\/monatglobal.com\/be\/creamy-cleanser\/#webpage","url":"https:\/\/monatglobal.com\/be\/creamy-cleanser\/","name":"Nettoyant pour la peau | Soins de la peau MONAT | Cr\u00e8me nettoyante BE GENTLE\u2122","description":"Un nettoyant cr\u00e9meux id\u00e9al pour les peaux s\u00e8ches et sensibles qui \u00e9limine en douceur les impuret\u00e9s, laissant la peau propre, douce, lisse et hydrat\u00e9e.","inLanguage":"fr-FR","isPartOf":{"@id":"https:\/\/monatglobal.com\/be\/#website"},"breadcrumb":{"@id":"https:\/\/monatglobal.com\/be\/creamy-cleanser\/#breadcrumblist"},"image":{"@type":"ImageObject","url":"https:\/\/monatglobal.com\/be\/wp-content\/uploads\/sites\/23\/2026\/02\/BE-GENTLE-Creamy-Cleanser-ecomm-2022.png","@id":"https:\/\/monatglobal.com\/be\/creamy-cleanser\/#mainImage","width":641,"height":800},"primaryImageOfPage":{"@id":"https:\/\/monatglobal.com\/be\/creamy-cleanser\/#mainImage"},"datePublished":"2019-08-18T15:17:30+01:00","dateModified":"2026-02-26T18:00:22+00:00"},{"@type":"WebSite","@id":"https:\/\/monatglobal.com\/be\/#website","url":"https:\/\/monatglobal.com\/be\/","name":"MONAT Belgium","description":"We Are Modern Nature\u2122","inLanguage":"fr-FR","publisher":{"@id":"https:\/\/monatglobal.com\/be\/#organization"}}]},"og:locale":"fr_FR","og:site_name":"MONAT Belgium - We Are Modern Nature\u2122","og:type":"article","og:title":"Nettoyant pour la peau | Soins de la peau MONAT | Cr\u00e8me nettoyante BE GENTLE\u2122","og:description":"Un nettoyant cr\u00e9meux id\u00e9al pour les peaux s\u00e8ches et sensibles qui \u00e9limine en douceur les impuret\u00e9s, laissant la peau propre, douce, lisse et hydrat\u00e9e.","og:url":"https:\/\/monatglobal.com\/be\/creamy-cleanser\/","article:published_time":"2019-08-18T20:17:30+00:00","article:modified_time":"2026-02-26T18:00:22+00:00","twitter:card":"summary_large_image","twitter:title":"Nettoyant pour la peau | Soins de la peau MONAT | Cr\u00e8me nettoyante BE GENTLE\u2122","twitter:description":"Un nettoyant cr\u00e9meux id\u00e9al pour les peaux s\u00e8ches et sensibles qui \u00e9limine en douceur les impuret\u00e9s, laissant la peau propre, douce, lisse et hydrat\u00e9e."},"aioseo_meta_data":{"post_id":"44441","title":"Nettoyant pour la peau | Soins de la peau MONAT | Cr\u00e8me nettoyante BE GENTLE\u2122","description":"Un nettoyant cr\u00e9meux id\u00e9al pour les peaux s\u00e8ches et sensibles qui \u00e9limine en douceur les impuret\u00e9s, laissant la peau propre, douce, lisse et hydrat\u00e9e.","keywords":null,"keyphrases":{"focus":{"keyphrase":"","score":0,"analysis":{"keyphraseInTitle":{"score":0,"maxScore":9,"error":1}}},"additional":[]},"primary_term":null,"canonical_url":null,"og_title":null,"og_description":null,"og_object_type":"default","og_image_type":"default","og_image_url":null,"og_image_width":null,"og_image_height":null,"og_image_custom_url":null,"og_image_custom_fields":null,"og_video":"","og_custom_url":null,"og_article_section":null,"og_article_tags":null,"twitter_use_og":false,"twitter_card":"default","twitter_image_type":"default","twitter_image_url":null,"twitter_image_custom_url":null,"twitter_image_custom_fields":null,"twitter_title":null,"twitter_description":null,"schema":{"blockGraphs":[],"customGraphs":[],"default":{"data":{"Article":[],"Course":[],"Dataset":[],"FAQPage":[],"Movie":[],"Person":[],"Product":[],"ProductReview":[],"Car":[],"Recipe":[],"Service":[],"SoftwareApplication":[],"WebPage":[]},"graphName":"WebPage","isEnabled":true},"graphs":[]},"schema_type":"default","schema_type_options":null,"pillar_content":false,"robots_default":true,"robots_noindex":false,"robots_noarchive":false,"robots_nosnippet":false,"robots_nofollow":false,"robots_noimageindex":false,"robots_noodp":false,"robots_notranslate":false,"robots_max_snippet":"-1","robots_max_videopreview":"-1","robots_max_imagepreview":"large","priority":null,"frequency":"default","local_seo":null,"seo_analyzer_scan_date":null,"breadcrumb_settings":null,"limit_modified_date":false,"reviewed_by":"0","open_ai":null,"ai":{"faqs":[],"keyPoints":[],"titles":[],"descriptions":[],"socialPosts":{"email":[],"linkedin":[],"twitter":[],"facebook":[],"instagram":[]}},"created":"2026-02-09 20:00:30","updated":"2026-02-26 18:15:44"},"aioseo_breadcrumb":"<div class=\"aioseo-breadcrumbs\"><span class=\"aioseo-breadcrumb\">\n\t<a href=\"https:\/\/monatglobal.com\/be\" title=\"Home\">Home<\/a>\n<\/span><span class=\"aioseo-breadcrumb-separator\">&raquo;<\/span><span class=\"aioseo-breadcrumb\">\n\tBe Gentle\u2122 Creamy Cleanser\n<\/span><\/div>","aioseo_breadcrumb_json":[{"label":"Home","link":"https:\/\/monatglobal.com\/be"},{"label":"Be Gentle\u2122 Creamy Cleanser","link":"https:\/\/monatglobal.com\/be\/creamy-cleanser\/"}],"_links":{"self":[{"href":"https:\/\/monatglobal.com\/be\/wp-json\/wp\/v2\/pages\/44441","targetHints":{"allow":["GET"]}}],"collection":[{"href":"https:\/\/monatglobal.com\/be\/wp-json\/wp\/v2\/pages"}],"about":[{"href":"https:\/\/monatglobal.com\/be\/wp-json\/wp\/v2\/types\/page"}],"author":[{"embeddable":true,"href":"https:\/\/monatglobal.com\/be\/wp-json\/wp\/v2\/users\/31"}],"replies":[{"embeddable":true,"href":"https:\/\/monatglobal.com\/be\/wp-json\/wp\/v2\/comments?post=44441"}],"version-history":[{"count":12,"href":"https:\/\/monatglobal.com\/be\/wp-json\/wp\/v2\/pages\/44441\/revisions"}],"predecessor-version":[{"id":110248,"href":"https:\/\/monatglobal.com\/be\/wp-json\/wp\/v2\/pages\/44441\/revisions\/110248"}],"wp:featuredmedia":[{"embeddable":true,"href":"https:\/\/monatglobal.com\/be\/wp-json\/wp\/v2\/media\/110245"}],"wp:attachment":[{"href":"https:\/\/monatglobal.com\/be\/wp-json\/wp\/v2\/media?parent=44441"}],"wp:term":[{"taxonomy":"category","embeddable":true,"href":"https:\/\/monatglobal.com\/be\/wp-json\/wp\/v2\/categories?post=44441"},{"taxonomy":"post_tag","embeddable":true,"href":"https:\/\/monatglobal.com\/be\/wp-json\/wp\/v2\/tags?post=44441"}],"curies":[{"name":"wp","href":"https:\/\/api.w.org\/{rel}","templated":true}]}}