{"id":44437,"date":"2019-08-17T18:02:11","date_gmt":"2019-08-17T17:02:11","guid":{"rendered":"https:\/\/monatglobal.com\/?page_id=44437"},"modified":"2026-02-26T19:37:21","modified_gmt":"2026-02-26T19:37:21","slug":"age-control-nectar","status":"publish","type":"page","link":"https:\/\/monatglobal.com\/be\/age-control-nectar\/","title":{"rendered":"REWIND\u2122 AGE CONTROL NECTAR"},"content":{"rendered":"\n\n\t<!--SEO title:  S\u00e9rum anti-\u00e2ge | MONAT Skincare | Nectar anti-\u00e2ge Rewind\u2122-->\n<!--SEO META: Un puissant s\u00e9rum hydratant \u00e0 absorption rapide qui renouvelle la peau, aide \u00e0 retarder et \u00e0 r\u00e9parer les signes du vieillissement, r\u00e9v\u00e9lant un teint lisse, doux et \u00e9clatant.-->\n<link rel=\"stylesheet\" href=\"https:\/\/unpkg.com\/swiper\/swiper-bundle.min.css\" \/>\n<link rel=\"stylesheet\" href=\"https:\/\/monatglobal.com\/wp-content\/creative_css\/product_styles_sheet.css\" \/>\n   <!--==================================================== ECOMM SECTION ====================================================-->\n        NOUVEAU \n      <!--==================================================== Ecomm image ====================================================-->\n      <img decoding=\"async\" src=\"https:\/\/monatglobal.com\/es\/wp-content\/uploads\/sites\/10\/2021\/12\/Rewind-Age-Control-Nectar-ecomm.png\" alt=\"N\u00e9ctar Anti-edad Rewind\u2122\" loading=\"lazy\"\/>\n      <!--==================================================== Ecomm information  ====================================================-->\n          NOUVEAU \n         \n         <!--<p>\u00ab BEST SELLERS \u00bb<\/p>-->\n         <h1>Nectar<br \/>anti-\u00e2ge Rewind\u2122<\/h1>\n         Corrige et transforme<br \/>\n       AHA provenant de superfruits naturels et acide hyaluronique pour sublimer la peau  \n         <p>30 ml \u212e 1 oz liq.<\/p>\n      <!--==================================================== pricing box  ====================================================-->   \n         <p>Prix de d\u00e9tail<br \/>\u20ac00.00<\/p>\n         <p>Prix de client VIP<br \/>\u20ac00.00<\/p>\n       <!--==================================================== pricing box  ====================================================-->  \n         <p>Pour en savoir plus sur le Nectar anti-\u00e2ge Rewind\u2122, veuillez contacter votre partenaire de&nbsp;march\u00e9&nbsp;MONAT.<\/p>\n      <a href=\"\" target=\"_blank\" role=\"button\" aria-label=\"\" rel=\"noopener\"><\/a>\n   <!--==================================================== \/ECOMM SECTION  ====================================================-->\n   <!--==================================================== Benefits image ====================================================-->\n  \n    <source media=\"(max-width: 700px)\" srcset=\"https:\/\/monatglobal.com\/es\/wp-content\/uploads\/sites\/10\/2021\/12\/Rewind-Age-Control-Nectar-benefits-close-up_mobile.jpg\" loading=\"lazy\"\/>\n      <img decoding=\"async\" src=\"https:\/\/monatglobal.com\/es\/wp-content\/uploads\/sites\/10\/2021\/12\/Rewind-Age-Control-Nectar-benefits-close-up.jpg\" \n      alt=\"\" loading=\"lazy\"\/>\n    \n   <!--==================================================== Benefits text ====================================================-->\n         <h2>BIENFAITS<\/h2>\n         <h3>Un puissant s\u00e9rum hydratant \u00e0 absorption rapide qui renouvelle la peau, aide \u00e0 retarder et \u00e0 r\u00e9parer les signes du vieillissement, r\u00e9v\u00e9lant un teint lisse, doux et \u00e9clatant. <br \/><\/h3>\n         <!--==================================================== features image  ====================================================-->\n         <img decoding=\"async\" alt=\"\" src=\"https:\/\/monatglobal.com\/es\/wp-content\/uploads\/sites\/10\/2021\/12\/Rewind-Age-Control-Nectar-features.jpg\" loading=\"lazy\"\/>\n      <!--==================================================== features text ====================================================-->\n            <h3>Caract\u00e9ristiques<\/h3>\n               <p>\/ Cible les ridules, les rides et la texture<\/p>\n               <p>\/ La peau a une apparence plus jeune, plus \u00e9clatante et le teint est plus uniforme<\/p>\n               <p>\/ La peau est imm\u00e9diatement plus hydrat\u00e9e, plus lisse et plus lumineuse <\/p>\n               <p>\/ Aide \u00e0 raffermir et \u00e0 am\u00e9liorer l&rsquo;\u00e9lasticit\u00e9<\/p>\n               <br \/>\n            <p>Fragrance \/ Unwind and enjoy a coconut-forward, citrusy aroma with notes of blood orange, coconut husk, cashew nut and&nbsp;sandalwood. <\/p>\n            <p> Texture \/ Cream <\/p>\n   <!--==================================================== composition image mobile ====================================================-->\n   <img decoding=\"async\" alt=\"\" src=\"https:\/\/monatglobal.com\/es\/wp-content\/uploads\/sites\/10\/2021\/12\/Rewind-Age-Control-Nectar-comp1.jpg\" loading=\"lazy\"\/>\n   <!--==================================================== Why it works text ====================================================-->\n      <h2>Corrige et transforme<\/h2>\n      <h3>Ce s\u00e9rum anti-\u00e2ge effica\u00e7e fournit \u00e0 la peau des ingr\u00e9dients actifs revitalisants pour lutter contre le teint irregulier, les taches brunes, la perte d&rsquo;\u00e9lasticit\u00e9, les ridules, les rides et le teint terne pour donner instantan\u00e9ment une apparence plus lisse et plus jeune \u00e0 votre peau.<\/h3>\n      <p>Il contient des ingr\u00e9dients anti-vieillissement comme la prune de kakadu, les peptides, les acides de fruits naturels (AHA), l&rsquo;acide hyaluronique et notre ingr\u00e9dient exclusif, REJUVENIQE&nbsp;S\u2122. Le cocktail d&rsquo;actifs le plus puissant pour une approche moderne d&rsquo;une beaut\u00e9 intemporelle.<\/p>\n      <p>*Based on a 56-day consumer study with 44 participants, performed by a third-party laboratory.<\/p> \n<!--==================================================== Composition section ====================================================-->\n      <img decoding=\"async\" alt=\"\" src=\"https:\/\/monatglobal.com\/es\/wp-content\/uploads\/sites\/10\/2021\/12\/Rewind-Age-Control-Nectar-comp1.jpg\" loading=\"lazy\"\/>\n      <img decoding=\"async\" alt=\"\" \n      src=\"https:\/\/monatglobal.com\/es\/wp-content\/uploads\/sites\/10\/2021\/12\/rewind-age-control-nectar-composition-3-.jpg\" loading=\"lazy\"\/>\n            <!--==================================================== Directions text ====================================================--> \n               <h3>Mode d&#8217;emploi<\/h3>\n                    <p>\/ Utiliser chaque soir apr\u00e8s l&rsquo;\u00e9tape de la pr\u00e9paration.<\/p>\n                    <p>\/ Appliquer le produit de fa\u00e7on uniforme sur le bout des doigts.<\/p>\n                    <p>\/ Appliquer sur le visage de fa\u00e7on uniforme en tapotant le front, les joues, le menton et le cou.<\/p>\n                    <p>\/ Pour de meilleurs r\u00e9sultats, commencer au centre du cou et \u00e9tendre le produit vers l&rsquo;ext\u00e9rieur et vers le haut.<\/p>\n                    <p>\/ Laisser le produit s&rsquo;absorber compl\u00e8tement avant d&rsquo;appliquer l&rsquo;hydratant MONAT.<\/p>\n            <!--==================================================== Directions video ====================================================-->\n      <p>Nectar anti-\u00e2ge Rewind\u2122<br \/>0:29<\/p>\n         <!--==================================================== Suggestions image  ====================================================-->\n         <img decoding=\"async\" alt=\"\" src=\"https:\/\/monatglobal.com\/es\/wp-content\/uploads\/sites\/10\/2021\/12\/sunscreen-suggestion.jpg\" loading=\"lazy\"\/>\n      <!--==================================================== Suggestions text ====================================================-->\n            <h3>Conseils d&rsquo;utilisation<\/h3>\n               <p>\/  Appliquer un \u00e9cran solaire 15 minutes avant de sortir.<\/p>\n  <a href=\"\" target=\"_blank\" role=\"button\" aria-label=\"\" rel=\"noopener\"><\/a>\n   <!--==================================================== Ingredients section  ====================================================-->\n      <h2>INGR\u00c9DIENTS CL\u00c9S<\/h2>\n      <p>REJUVENIQE S\u2122<br \/>Hydrate, apaise et nourrit<\/p>\n      <p>Acides de fruits naturels (AHA)<br \/>Lissent et illuminent<\/p>\n      <p>Peptide<br \/>Raffermit et repulpe<\/p>\n      <p>Prune de kakadu<br \/>Illumine, apaise et prot\u00e8ge<\/p>\n      <p>Acide hyaluronique<br \/>Retient l&rsquo;hydratation<\/p>\n        <button id=\"myBtn\" type=\"button\">LISTE D&rsquo;INGR\u00c9DIENTS<\/button>\n      <!--==================================================== Modal content  ====================================================-->\n         &times;\n         <p>Aqua\/Water\/Eau, Propanediol, Glycerin, Mangifera Indica (Mango) Pulp Extract, Pentylene Glycol, Musa Sapientum (Banana) Pulp Extract, Tripeptide-2, Glycolic Acid, Sodium Hyaluronate, Saccharum Officinarum (Sugarcane) Extract, Terminalia Ferdinandiana Fruit Extract, Limnanthes Alba (Meadowfoam) Seed Oil, Crambe Abyssinica Seed Oil, Camellia Oleifera Seed Oil, Solanum Lycopersicum (Tomato) Seed Oil, Daucus Carota Sativa (Carrot) Seed Oil, Citrus Limon (Lemon) Peel Oil, Citrus Aurantifolia (Lime) Oil, Citrus Aurantium Bergamia (Bergamot) Fruit Oil, Adansonia Digitata Oil, Mauritia Flexuosa Fruit Oil, Cocos Nucifera (Coconut) Oil, Gardenia Taitensis Flower Extract, Moringa Oleifera Seed Oil, Caryocar Brasiliense Fruit Oil, Helianthus Annuus (Sunflower) Seed Oil, Olea Europaea (Olive) Fruit Oil, Simmondsia Chinensis (Jojoba) Seed Extract, Sodium Phytate, Xanthan Gum, Lecithin, Sclerotium Gum, Pullulan, Citric Acid, Fragrance\/Parfum, Sodium Benzoate, Potassium Sorbate, Silica, Benzyl Alcohol, Hexamethylindanopyran, Linalyl Acetate, Tetramethyl Acetyloctahydronaphthalenes.<\/p>\n   <!--==================================================== You might also like section ====================================================-->\n      <h2>VOUS POURRIEZ AUSSI AIMER<\/h2>\n      <!--==================================================== Slider YOU MIGHT ALSO LIKE ====================================================-->\n         <!--==================================================== If we need navigation buttons  ====================================================-->\n         <!--==================================================== If we need paginations  ====================================================-->\n    <a href=\"\" aria-label=\"\"><\/a>\n<!--==================================================== this link has to go last for it to work   ====================================================-->\n\t<link rel=\"stylesheet\" href=\"https:\/\/unpkg.com\/swiper\/swiper-bundle.min.css\" \/>\n<link rel=\"stylesheet\" href=\"https:\/\/monatglobal.com\/wp-content\/creative_css\/product_styles_sheet.css\" \/>\n   <!--==================================================== You might also like section ====================================================-->\n      <h2>YOU MIGHT ALSO LIKE<\/h2>\n      <!--==================================================== Slider YOU MIGHT ALSO LIKE ====================================================-->\n            <!--==================================================== Slides products ====================================================-->\n               <a href=\"\/holidays-2021-minis-mirror\" aria-label=\"Go to Magic Minis &#038; Mirror page\">\n                  <img decoding=\"async\" src=\"https:\/\/monatglobal.com\/wp-content\/uploads\/2021\/10\/magic-mini-mirror-300x300-1.jpg\" alt=\"Magic Minis &#038; Mirror\"\/>\n                  <p>Magic Minis &#038; Mirror<\/p>\n               <\/a>\n               <a href=\"\/creamy-cleanser\/\" aria-label=\"Go to BE GENTLE\u2122 Creamy Cleanser page\">\n                  <img decoding=\"async\" src=\"https:\/\/monatglobal.com\/wp-content\/uploads\/2020\/10\/creamy-cleanser-500x438.png\" alt=\"BE GENTLE\u2122 Creamy Cleanser\"\/>\n                  <p>BE GENTLE\u2122 <br \/>Creamy Cleanser<\/p>\n               <\/a>\n               <a href=\"\/nourishing-moisturizer\/\" aria-label=\"Go to BE GENTLE\u2122 Nourishing Moisturizer page\">\n                  <img decoding=\"async\" src=\"https:\/\/monatglobal.com\/wp-content\/uploads\/2019\/09\/be-gentle-nurishing-moisturizer-1-1.png\" alt=\"BE GENTLE\u2122 Nourishing Moisturizer\"\/>\n                  <p>BE GENTLE\u2122 <br \/>Nourishing Moisturizer<\/p>\n               <\/a>\n         <!--==================================================== If we need navigation buttons  ====================================================-->\n         <!--==================================================== If we need paginations  ====================================================-->\n<!--==================================================== this link has to go last for it to work   ====================================================-->\n\n","protected":false},"excerpt":{"rendered":"<p>NOUVEAU NOUVEAU Nectaranti-\u00e2ge Rewind\u2122 Corrige et transforme AHA provenant de superfruits naturels et acide hyaluronique pour sublimer la peau 30 ml \u212e 1 oz liq. Prix de d\u00e9tail\u20ac00.00 Prix de client VIP\u20ac00.00 Pour en savoir plus sur le Nectar anti-\u00e2ge Rewind\u2122, veuillez contacter votre partenaire de&nbsp;march\u00e9&nbsp;MONAT. BIENFAITS Un puissant s\u00e9rum hydratant \u00e0 absorption rapide qui&hellip;<\/p>\n","protected":false},"author":31,"featured_media":110260,"parent":0,"menu_order":0,"comment_status":"closed","ping_status":"closed","template":"","meta":{"inline_featured_image":false,"om_disable_all_campaigns":false,"footnotes":""},"categories":[45],"tags":[],"class_list":["post-44437","page","type-page","status-publish","has-post-thumbnail","hentry","category-product-be-fr"],"aioseo_notices":[],"aioseo_head":"\n\t\t<!-- All in One SEO Pro 4.9.5.2 - aioseo.com -->\n\t<meta name=\"description\" content=\"Un puissant s\u00e9rum hydratant \u00e0 absorption rapide qui renouvelle la peau, aide \u00e0 retarder et \u00e0 r\u00e9parer les signes du vieillissement, r\u00e9v\u00e9lant un teint lisse, doux et \u00e9clatant.\" \/>\n\t<meta name=\"robots\" content=\"max-image-preview:large\" \/>\n\t<link rel=\"canonical\" href=\"https:\/\/monatglobal.com\/be\/age-control-nectar\/\" \/>\n\t<meta name=\"generator\" content=\"All in One SEO Pro (AIOSEO) 4.9.5.2\" \/>\n\t\t<meta property=\"og:locale\" content=\"fr_FR\" \/>\n\t\t<meta property=\"og:site_name\" content=\"MONAT Belgium - We Are Modern Nature\u2122\" \/>\n\t\t<meta property=\"og:type\" content=\"article\" \/>\n\t\t<meta property=\"og:title\" content=\"S\u00e9rum anti-\u00e2ge | MONAT Skincare | Nectar anti-\u00e2ge Rewind\u2122\" \/>\n\t\t<meta property=\"og:description\" content=\"Un puissant s\u00e9rum hydratant \u00e0 absorption rapide qui renouvelle la peau, aide \u00e0 retarder et \u00e0 r\u00e9parer les signes du vieillissement, r\u00e9v\u00e9lant un teint lisse, doux et \u00e9clatant.\" \/>\n\t\t<meta property=\"og:url\" content=\"https:\/\/monatglobal.com\/be\/age-control-nectar\/\" \/>\n\t\t<meta property=\"article:published_time\" content=\"2019-08-17T17:02:11+00:00\" \/>\n\t\t<meta property=\"article:modified_time\" content=\"2026-02-26T19:37:21+00:00\" \/>\n\t\t<meta name=\"twitter:card\" content=\"summary_large_image\" \/>\n\t\t<meta name=\"twitter:title\" content=\"S\u00e9rum anti-\u00e2ge | MONAT Skincare | Nectar anti-\u00e2ge Rewind\u2122\" \/>\n\t\t<meta name=\"twitter:description\" content=\"Un puissant s\u00e9rum hydratant \u00e0 absorption rapide qui renouvelle la peau, aide \u00e0 retarder et \u00e0 r\u00e9parer les signes du vieillissement, r\u00e9v\u00e9lant un teint lisse, doux et \u00e9clatant.\" \/>\n\t\t<script type=\"application\/ld+json\" class=\"aioseo-schema\">\n\t\t\t{\"@context\":\"https:\\\/\\\/schema.org\",\"@graph\":[{\"@type\":\"BreadcrumbList\",\"@id\":\"https:\\\/\\\/monatglobal.com\\\/be\\\/age-control-nectar\\\/#breadcrumblist\",\"itemListElement\":[{\"@type\":\"ListItem\",\"@id\":\"https:\\\/\\\/monatglobal.com\\\/be#listItem\",\"position\":1,\"name\":\"Home\",\"item\":\"https:\\\/\\\/monatglobal.com\\\/be\",\"nextItem\":{\"@type\":\"ListItem\",\"@id\":\"https:\\\/\\\/monatglobal.com\\\/be\\\/age-control-nectar\\\/#listItem\",\"name\":\"REWIND\\u2122 AGE CONTROL NECTAR\"}},{\"@type\":\"ListItem\",\"@id\":\"https:\\\/\\\/monatglobal.com\\\/be\\\/age-control-nectar\\\/#listItem\",\"position\":2,\"name\":\"REWIND\\u2122 AGE CONTROL NECTAR\",\"previousItem\":{\"@type\":\"ListItem\",\"@id\":\"https:\\\/\\\/monatglobal.com\\\/be#listItem\",\"name\":\"Home\"}}]},{\"@type\":\"Organization\",\"@id\":\"https:\\\/\\\/monatglobal.com\\\/be\\\/#organization\",\"name\":\"MONAT Belgium\",\"description\":\"We Are Modern Nature\\u2122\",\"url\":\"https:\\\/\\\/monatglobal.com\\\/be\\\/\"},{\"@type\":\"WebPage\",\"@id\":\"https:\\\/\\\/monatglobal.com\\\/be\\\/age-control-nectar\\\/#webpage\",\"url\":\"https:\\\/\\\/monatglobal.com\\\/be\\\/age-control-nectar\\\/\",\"name\":\"S\\u00e9rum anti-\\u00e2ge | MONAT Skincare | Nectar anti-\\u00e2ge Rewind\\u2122\",\"description\":\"Un puissant s\\u00e9rum hydratant \\u00e0 absorption rapide qui renouvelle la peau, aide \\u00e0 retarder et \\u00e0 r\\u00e9parer les signes du vieillissement, r\\u00e9v\\u00e9lant un teint lisse, doux et \\u00e9clatant.\",\"inLanguage\":\"fr-FR\",\"isPartOf\":{\"@id\":\"https:\\\/\\\/monatglobal.com\\\/be\\\/#website\"},\"breadcrumb\":{\"@id\":\"https:\\\/\\\/monatglobal.com\\\/be\\\/age-control-nectar\\\/#breadcrumblist\"},\"image\":{\"@type\":\"ImageObject\",\"url\":\"https:\\\/\\\/monatglobal.com\\\/be\\\/wp-content\\\/uploads\\\/sites\\\/23\\\/2026\\\/02\\\/Rewind-Age-Control-Nectar-ecomm.png\",\"@id\":\"https:\\\/\\\/monatglobal.com\\\/be\\\/age-control-nectar\\\/#mainImage\",\"width\":641,\"height\":800},\"primaryImageOfPage\":{\"@id\":\"https:\\\/\\\/monatglobal.com\\\/be\\\/age-control-nectar\\\/#mainImage\"},\"datePublished\":\"2019-08-17T18:02:11+01:00\",\"dateModified\":\"2026-02-26T19:37:21+00:00\"},{\"@type\":\"WebSite\",\"@id\":\"https:\\\/\\\/monatglobal.com\\\/be\\\/#website\",\"url\":\"https:\\\/\\\/monatglobal.com\\\/be\\\/\",\"name\":\"MONAT Belgium\",\"description\":\"We Are Modern Nature\\u2122\",\"inLanguage\":\"fr-FR\",\"publisher\":{\"@id\":\"https:\\\/\\\/monatglobal.com\\\/be\\\/#organization\"}}]}\n\t\t<\/script>\n\t\t<!-- All in One SEO Pro -->\r\n\t\t<title>S\u00e9rum anti-\u00e2ge | MONAT Skincare | Nectar anti-\u00e2ge Rewind\u2122<\/title>\n\n","aioseo_head_json":{"title":"S\u00e9rum anti-\u00e2ge | MONAT Skincare | Nectar anti-\u00e2ge Rewind\u2122","description":"Un puissant s\u00e9rum hydratant \u00e0 absorption rapide qui renouvelle la peau, aide \u00e0 retarder et \u00e0 r\u00e9parer les signes du vieillissement, r\u00e9v\u00e9lant un teint lisse, doux et \u00e9clatant.","canonical_url":"https:\/\/monatglobal.com\/be\/age-control-nectar\/","robots":"max-image-preview:large","keywords":"","webmasterTools":{"miscellaneous":""},"schema":{"@context":"https:\/\/schema.org","@graph":[{"@type":"BreadcrumbList","@id":"https:\/\/monatglobal.com\/be\/age-control-nectar\/#breadcrumblist","itemListElement":[{"@type":"ListItem","@id":"https:\/\/monatglobal.com\/be#listItem","position":1,"name":"Home","item":"https:\/\/monatglobal.com\/be","nextItem":{"@type":"ListItem","@id":"https:\/\/monatglobal.com\/be\/age-control-nectar\/#listItem","name":"REWIND\u2122 AGE CONTROL NECTAR"}},{"@type":"ListItem","@id":"https:\/\/monatglobal.com\/be\/age-control-nectar\/#listItem","position":2,"name":"REWIND\u2122 AGE CONTROL NECTAR","previousItem":{"@type":"ListItem","@id":"https:\/\/monatglobal.com\/be#listItem","name":"Home"}}]},{"@type":"Organization","@id":"https:\/\/monatglobal.com\/be\/#organization","name":"MONAT Belgium","description":"We Are Modern Nature\u2122","url":"https:\/\/monatglobal.com\/be\/"},{"@type":"WebPage","@id":"https:\/\/monatglobal.com\/be\/age-control-nectar\/#webpage","url":"https:\/\/monatglobal.com\/be\/age-control-nectar\/","name":"S\u00e9rum anti-\u00e2ge | MONAT Skincare | Nectar anti-\u00e2ge Rewind\u2122","description":"Un puissant s\u00e9rum hydratant \u00e0 absorption rapide qui renouvelle la peau, aide \u00e0 retarder et \u00e0 r\u00e9parer les signes du vieillissement, r\u00e9v\u00e9lant un teint lisse, doux et \u00e9clatant.","inLanguage":"fr-FR","isPartOf":{"@id":"https:\/\/monatglobal.com\/be\/#website"},"breadcrumb":{"@id":"https:\/\/monatglobal.com\/be\/age-control-nectar\/#breadcrumblist"},"image":{"@type":"ImageObject","url":"https:\/\/monatglobal.com\/be\/wp-content\/uploads\/sites\/23\/2026\/02\/Rewind-Age-Control-Nectar-ecomm.png","@id":"https:\/\/monatglobal.com\/be\/age-control-nectar\/#mainImage","width":641,"height":800},"primaryImageOfPage":{"@id":"https:\/\/monatglobal.com\/be\/age-control-nectar\/#mainImage"},"datePublished":"2019-08-17T18:02:11+01:00","dateModified":"2026-02-26T19:37:21+00:00"},{"@type":"WebSite","@id":"https:\/\/monatglobal.com\/be\/#website","url":"https:\/\/monatglobal.com\/be\/","name":"MONAT Belgium","description":"We Are Modern Nature\u2122","inLanguage":"fr-FR","publisher":{"@id":"https:\/\/monatglobal.com\/be\/#organization"}}]},"og:locale":"fr_FR","og:site_name":"MONAT Belgium - We Are Modern Nature\u2122","og:type":"article","og:title":"S\u00e9rum anti-\u00e2ge | MONAT Skincare | Nectar anti-\u00e2ge Rewind\u2122","og:description":"Un puissant s\u00e9rum hydratant \u00e0 absorption rapide qui renouvelle la peau, aide \u00e0 retarder et \u00e0 r\u00e9parer les signes du vieillissement, r\u00e9v\u00e9lant un teint lisse, doux et \u00e9clatant.","og:url":"https:\/\/monatglobal.com\/be\/age-control-nectar\/","article:published_time":"2019-08-17T17:02:11+00:00","article:modified_time":"2026-02-26T19:37:21+00:00","twitter:card":"summary_large_image","twitter:title":"S\u00e9rum anti-\u00e2ge | MONAT Skincare | Nectar anti-\u00e2ge Rewind\u2122","twitter:description":"Un puissant s\u00e9rum hydratant \u00e0 absorption rapide qui renouvelle la peau, aide \u00e0 retarder et \u00e0 r\u00e9parer les signes du vieillissement, r\u00e9v\u00e9lant un teint lisse, doux et \u00e9clatant."},"aioseo_meta_data":{"post_id":"44437","title":"S\u00e9rum anti-\u00e2ge | MONAT Skincare | Nectar anti-\u00e2ge Rewind\u2122","description":"Un puissant s\u00e9rum hydratant \u00e0 absorption rapide qui renouvelle la peau, aide \u00e0 retarder et \u00e0 r\u00e9parer les signes du vieillissement, r\u00e9v\u00e9lant un teint lisse, doux et \u00e9clatant.","keywords":null,"keyphrases":{"focus":{"keyphrase":"","score":0,"analysis":{"keyphraseInTitle":{"score":0,"maxScore":9,"error":1}}},"additional":[]},"primary_term":null,"canonical_url":null,"og_title":null,"og_description":null,"og_object_type":"default","og_image_type":"default","og_image_url":null,"og_image_width":null,"og_image_height":null,"og_image_custom_url":null,"og_image_custom_fields":null,"og_video":"","og_custom_url":null,"og_article_section":null,"og_article_tags":null,"twitter_use_og":false,"twitter_card":"default","twitter_image_type":"default","twitter_image_url":null,"twitter_image_custom_url":null,"twitter_image_custom_fields":null,"twitter_title":null,"twitter_description":null,"schema":{"blockGraphs":[],"customGraphs":[],"default":{"data":{"Article":[],"Course":[],"Dataset":[],"FAQPage":[],"Movie":[],"Person":[],"Product":[],"ProductReview":[],"Car":[],"Recipe":[],"Service":[],"SoftwareApplication":[],"WebPage":[]},"graphName":"WebPage","isEnabled":true},"graphs":[]},"schema_type":"default","schema_type_options":null,"pillar_content":false,"robots_default":true,"robots_noindex":false,"robots_noarchive":false,"robots_nosnippet":false,"robots_nofollow":false,"robots_noimageindex":false,"robots_noodp":false,"robots_notranslate":false,"robots_max_snippet":"-1","robots_max_videopreview":"-1","robots_max_imagepreview":"large","priority":null,"frequency":"default","local_seo":null,"seo_analyzer_scan_date":null,"breadcrumb_settings":null,"limit_modified_date":false,"reviewed_by":"0","open_ai":null,"ai":{"faqs":[],"keyPoints":[],"titles":[],"descriptions":[],"socialPosts":{"email":[],"linkedin":[],"twitter":[],"facebook":[],"instagram":[]}},"created":"2026-02-09 20:00:30","updated":"2026-02-26 20:21:38"},"aioseo_breadcrumb":"<div class=\"aioseo-breadcrumbs\"><span class=\"aioseo-breadcrumb\">\n\t<a href=\"https:\/\/monatglobal.com\/be\" title=\"Home\">Home<\/a>\n<\/span><span class=\"aioseo-breadcrumb-separator\">&raquo;<\/span><span class=\"aioseo-breadcrumb\">\n\tREWIND\u2122 AGE CONTROL NECTAR\n<\/span><\/div>","aioseo_breadcrumb_json":[{"label":"Home","link":"https:\/\/monatglobal.com\/be"},{"label":"REWIND\u2122 AGE CONTROL NECTAR","link":"https:\/\/monatglobal.com\/be\/age-control-nectar\/"}],"_links":{"self":[{"href":"https:\/\/monatglobal.com\/be\/wp-json\/wp\/v2\/pages\/44437","targetHints":{"allow":["GET"]}}],"collection":[{"href":"https:\/\/monatglobal.com\/be\/wp-json\/wp\/v2\/pages"}],"about":[{"href":"https:\/\/monatglobal.com\/be\/wp-json\/wp\/v2\/types\/page"}],"author":[{"embeddable":true,"href":"https:\/\/monatglobal.com\/be\/wp-json\/wp\/v2\/users\/31"}],"replies":[{"embeddable":true,"href":"https:\/\/monatglobal.com\/be\/wp-json\/wp\/v2\/comments?post=44437"}],"version-history":[{"count":10,"href":"https:\/\/monatglobal.com\/be\/wp-json\/wp\/v2\/pages\/44437\/revisions"}],"predecessor-version":[{"id":110262,"href":"https:\/\/monatglobal.com\/be\/wp-json\/wp\/v2\/pages\/44437\/revisions\/110262"}],"wp:featuredmedia":[{"embeddable":true,"href":"https:\/\/monatglobal.com\/be\/wp-json\/wp\/v2\/media\/110260"}],"wp:attachment":[{"href":"https:\/\/monatglobal.com\/be\/wp-json\/wp\/v2\/media?parent=44437"}],"wp:term":[{"taxonomy":"category","embeddable":true,"href":"https:\/\/monatglobal.com\/be\/wp-json\/wp\/v2\/categories?post=44437"},{"taxonomy":"post_tag","embeddable":true,"href":"https:\/\/monatglobal.com\/be\/wp-json\/wp\/v2\/tags?post=44437"}],"curies":[{"name":"wp","href":"https:\/\/api.w.org\/{rel}","templated":true}]}}