{"id":44427,"date":"2019-08-17T17:03:07","date_gmt":"2019-08-17T16:03:07","guid":{"rendered":"https:\/\/monatglobal.com\/?page_id=44427"},"modified":"2026-02-26T19:48:26","modified_gmt":"2026-02-26T19:48:26","slug":"skin-revitalizing","status":"publish","type":"page","link":"https:\/\/monatglobal.com\/be\/skin-revitalizing\/","title":{"rendered":"SKIN REVITALIZING ESSENCE\u2122"},"content":{"rendered":"\n\n\t<!--SEO Title-->\n<!--Nettoyant peau| MONAT Skincare | Skin Revitalizing Essence\u2122-->\n<!--SEO META  Cette eau l\u00e9g\u00e8re et miraculeuse hydrate et revitalise rapidement la peau, offrant un teint plus lisse, \u00e9clatant et lumineux, adapt\u00e9 \u00e0 tous les types de peau.-->\n<link rel=\"stylesheet\" href=\"https:\/\/unpkg.com\/swiper\/swiper-bundle.min.css\" \/>\n<link rel=\"stylesheet\" href=\"https:\/\/monatglobal.com\/wp-content\/creative_css\/product_styles_sheet.css\" \/>\n   <!--==================================================== ECOMM SECTION ====================================================-->\n       NOUVEAU \n      <!--==================================================== Ecomm image ====================================================-->\n      <img decoding=\"async\" src=\"https:\/\/monatglobal.com\/au\/wp-content\/uploads\/sites\/12\/2021\/12\/Skin-Revitalizing-Essence-ecomm-2022.png\" alt=\"Skin Revitalizing Essence\u2122\" loading=\"lazy\"\/>\n      <!--==================================================== Ecomm information  ====================================================-->\n           NOUVEAU\n         \n         <h1>Skin<br \/> Revitalizing<br \/> Essence\u2122<\/h1>\n         \n         R\u00e9hydratant et apaisant<br \/>\n              Des acides de fruits naturels et de la camomille pour affiner les pores\n         <p> 120 ml \u212e 4,0 oz liq.<\/p>\n       <!--==================================================== pricing box  ====================================================-->      \n         <p>Prix de d\u00e9tail<br \/>\u20ac00.00<\/p>\n         <p>Prix de client VIP<br \/>\u20ac00.00<\/p>\n        <!--==================================================== pricing box  ====================================================-->    \n         <p>Pour en savoir plus sur le Skin Revitalizing Essence\u2122, veuillez contacter votre partenaire de&nbsp;march\u00e9&nbsp;MONAT.<\/p> \n      <a href=\"\" target=\"_blank\" role=\"button\" aria-label=\"\" rel=\"noopener\"><\/a>\n   <!--==================================================== \/ECOMM SECTION  ====================================================-->\n   <!--==================================================== Benefits image ====================================================-->\n  \n    <source media=\"(max-width: 700px)\" srcset=\"https:\/\/monatglobal.com\/au\/wp-content\/uploads\/sites\/12\/2021\/12\/Skin-Revitalizing-Essence-benefits-close-up_mobile.jpg\" loading=\"lazy\"\/>\n      <img decoding=\"async\" src=\"https:\/\/monatglobal.com\/au\/wp-content\/uploads\/sites\/12\/2021\/12\/Skin-Revitalizing-Essence-benefits-close-up.jpg\" \n      alt=\"\" loading=\"lazy\"\/>\n    \n   <!--==================================================== Benefits text ====================================================-->\n         <h2>BIENFAITS<\/h2>\n         <h3>Une eau miracle qui hydrate et dynamise rapidement la peau pour un teint plus lisse, plus \u00e9clatant et plus radieux, convient \u00e0 tous les types de peaux.<\/h3>\n         <!--==================================================== features image  ====================================================-->\n         <img decoding=\"async\" alt=\"\" src=\"https:\/\/monatglobal.com\/au\/wp-content\/uploads\/sites\/12\/2021\/12\/Skin-Revitalizing-Essence-features.jpg\" loading=\"lazy\"\/>\n      <!--==================================================== features text ====================================================-->\n            <h3>Caract\u00e9ristiques<\/h3>\n               <p>\/ Pr\u00e9pare la peau \u00e0 recevoir les nutriments des produits de soins pour la peau MONAT<\/p>\n               <p>\/ La peau a une apparence plus lumineuse et plus \u00e9clatante<\/p>\n               <p>\/ Les pores sont plus affin\u00e9s<\/p>\n               <p>\/ La peau est hydrat\u00e9e<\/p>\n               <p>\/ Aide \u00e0 att\u00e9nuer l&rsquo;apparence des ridules et des rides<\/p>\n               <p>\/ Laisse la peau douce et lisse<\/p>\n               <br \/>\n            <p>Fragrance \/ Unwind and enjoy a coconut-forward, citrusy aroma with notes of blood orange, coconut husk, cashew nut and&nbsp;sandalwood. <\/p>\n            <p> Texture \/ Cream <\/p>\n   <!--==================================================== composition image mobile ====================================================-->\n   <img decoding=\"async\" alt=\"\" src=\"https:\/\/monatglobal.com\/au\/wp-content\/uploads\/sites\/12\/2021\/12\/Skin-Revitalizing-Essence-composition-1.jpg\" loading=\"lazy\"\/>\n   <!--==================================================== Why it works text ====================================================-->\n      <h2>R\u00e9g\u00e9n\u00e9rant et apaisant<\/h2>\n      <h3>Ce liquide ultra-doux et l\u00e9ger offre le parfait \u00e9quilibre d&rsquo;ingr\u00e9dients hydratants, r\u00e9g\u00e9n\u00e9rants et anti-\u00e2ge. Il lisse et adoucit la peau, r\u00e9v\u00e9lant un teint plus lumineux et \u00e9clatant.<\/h3>\n      <p>*Based on a 28-day consumer study with 32 participants, performed by a third-party laboratory.<\/p>\n<!--==================================================== Composition section ====================================================-->\n      <img decoding=\"async\" alt=\"\" src=\"https:\/\/monatglobal.com\/au\/wp-content\/uploads\/sites\/12\/2021\/12\/Skin-Revitalizing-Essence-composition-1.jpg\" loading=\"lazy\"\/>\n      <img decoding=\"async\" alt=\"\" \n      src=\"https:\/\/monatglobal.com\/au\/wp-content\/uploads\/sites\/12\/2021\/12\/Skin-Revitalizing-Essence-composition-3.jpg\" loading=\"lazy\"\/>\n            <!--==================================================== Directions text ====================================================--> \n               <h3>Mode d&#8217;emploi<\/h3>\n                    <p>\/ Utiliser quotidiennement, matin et soir.<\/p>\n                    <p>\/ Apr\u00e8s le nettoyage, verser le produit dans les mains et appliquer sur le visage, le cou et le d\u00e9collet\u00e9 en pressant.<\/p>\n                    <p>\/ Laisser le produit s&rsquo;absorber compl\u00e8tement avant d&rsquo;appliquer le s\u00e9rum et l&rsquo;hydratant. <\/p>\n            <!--==================================================== Directions video ====================================================-->\n      <p>Skin Revitalizing Essence\u2122<br \/>0:30<\/p>\n         <!--==================================================== features image  ====================================================-->\n         <img decoding=\"async\" alt=\"\" src=\"https:\/\/monatglobal.com\/au\/wp-content\/uploads\/sites\/12\/2021\/12\/sunscreen-suggestion.jpg\" loading=\"lazy\"\/>\n      <!--==================================================== features text ====================================================-->\n            <h3>Conseils d&rsquo;utilisation<\/h3>\n               <p>\/ Appliquer un \u00e9cran solaire 15 minutes avant de sortir.<\/p>\n  <a href=\"\" target=\"_blank\" role=\"button\" aria-label=\"\" rel=\"noopener\"><\/a>\n   <!--==================================================== Ingredients section  ====================================================-->\n      <h2>INGR\u00c9DIENTS CL\u00c9S<\/h2>\n      <p>Acides de fruits naturels (AHA)<br \/>Lissent et illuminent<\/p>\n      <p>Extrait de Colubrine<br \/>Hydrate et renouvelle la peau<\/p>\n      <p> M\u00e9lange hydratant<br \/>(Avec extrait de racine<br \/> de betterave) Nourrit et pr\u00e9pare<\/p>\n      <p>Camomille<br \/>Apaise et prot\u00e8ge<\/p>\n        <button id=\"myBtn\" type=\"button\">LISTE D&rsquo;INGR\u00c9DIENTS<\/button>\n      <!--==================================================== Modal content  ====================================================-->\n         &times;\n         <p>Aqua\/Water\/Eau, Propanediol, Glycerin, Anadenanthera Colubrina Bark Extract, Chamomilla Recutita (Matricaria) Flower Extract, Mangifera Indica (Mango) Pulp Extract, Musa Sapientum (Banana) Pulp Extract, Saccharum Officinarum (Sugarcane) Extract, Fructooligosaccharides, Beta Vulgaris (Beet) Root Extract, Glycolic Acid, Potassium Lactate, Lactic Acid, Sodium Phytate, Citric Acid, Fragrance\/Parfum, Sodium Benzoate, Potassium Sorbate, Rosa Canina Fruit Extract, Camellia Sinensis Leaf Extract, Caprylic Acid, Caprylyl Glycol, Xylitol, Benzyl Alcohol. <\/p>\n   <!--==================================================== You might also like section ====================================================-->\n      <h2>VOUS POURRIEZ AUSSI AIMER<\/h2>\n      <!--==================================================== Slider YOU MIGHT ALSO LIKE ====================================================-->\n         <!--==================================================== If we need navigation buttons  ====================================================-->\n         <!--==================================================== If we need paginations  ====================================================-->\n    <a href=\"\" aria-label=\"\"><\/a>\n<!--==================================================== this link has to go last for it to work   ====================================================-->\n\t<link rel=\"stylesheet\" href=\"https:\/\/unpkg.com\/swiper\/swiper-bundle.min.css\" \/>\n<link rel=\"stylesheet\" href=\"https:\/\/monatglobal.com\/wp-content\/creative_css\/product_styles_sheet.css\" \/>\n   <!--==================================================== You might also like section ====================================================-->\n      <h2>YOU MIGHT ALSO LIKE<\/h2>\n      <!--==================================================== Slider YOU MIGHT ALSO LIKE ====================================================-->\n            <!--==================================================== Slides products ====================================================-->\n               <a href=\"\/holidays-2021-minis-mirror\" aria-label=\"Go to Magic Minis &#038; Mirror page\">\n                  <img decoding=\"async\" src=\"https:\/\/monatglobal.com\/wp-content\/uploads\/2021\/10\/magic-mini-mirror-300x300-1.jpg\" alt=\"Magic Minis &#038; Mirror\"\/>\n                  <p>Magic Minis &#038; Mirror<\/p>\n               <\/a>\n               <a href=\"\/age-control-nectar\/\" aria-label=\"Go to Rewind\u2122 Age Control Nectar page\">\n                  <img decoding=\"async\" src=\"https:\/\/monatglobal.com\/wp-content\/uploads\/2019\/09\/rewind-age-control-nectar-1.png\" alt=\"Rewind\u2122 Age Control Nectar\"\/>\n                  <p>Rewind\u2122 <br \/>Age Control Nectar<\/p>\n               <\/a>\n               <a href=\"\/eye-smooth\/\" aria-label=\"Go to Eye Smooth\u2122 page\">\n                  <img decoding=\"async\" src=\"https:\/\/monatglobal.com\/wp-content\/uploads\/2020\/10\/eye-smooth-500x438.png\" alt=\"Eye Smooth\u2122\"\/>\n                  <p>Eye Smooth\u2122 <br \/>Nourishing Eye Cream<\/p>\n               <\/a>\n         <!--==================================================== If we need navigation buttons  ====================================================-->\n         <!--==================================================== If we need paginations  ====================================================-->\n<!--==================================================== this link has to go last for it to work   ====================================================-->\n\n","protected":false},"excerpt":{"rendered":"<p>NOUVEAU NOUVEAU Skin Revitalizing Essence\u2122 R\u00e9hydratant et apaisant Des acides de fruits naturels et de la camomille pour affiner les pores 120 ml \u212e 4,0 oz liq. Prix de d\u00e9tail\u20ac00.00 Prix de client VIP\u20ac00.00 Pour en savoir plus sur le Skin Revitalizing Essence\u2122, veuillez contacter votre partenaire de&nbsp;march\u00e9&nbsp;MONAT. BIENFAITS Une eau miracle qui hydrate et&hellip;<\/p>\n","protected":false},"author":31,"featured_media":110264,"parent":0,"menu_order":0,"comment_status":"closed","ping_status":"closed","template":"","meta":{"inline_featured_image":false,"om_disable_all_campaigns":false,"footnotes":""},"categories":[45],"tags":[],"class_list":["post-44427","page","type-page","status-publish","has-post-thumbnail","hentry","category-product-be-fr"],"aioseo_notices":[],"aioseo_head":"\n\t\t<!-- All in One SEO Pro 4.9.5.2 - aioseo.com -->\n\t<meta name=\"description\" content=\"Cette eau l\u00e9g\u00e8re et miraculeuse hydrate et revitalise rapidement la peau, offrant un teint plus lisse, \u00e9clatant et lumineux, adapt\u00e9 \u00e0 tous les types de peau.\" \/>\n\t<meta name=\"robots\" content=\"max-image-preview:large\" \/>\n\t<link rel=\"canonical\" href=\"https:\/\/monatglobal.com\/be\/skin-revitalizing\/\" \/>\n\t<meta name=\"generator\" content=\"All in One SEO Pro (AIOSEO) 4.9.5.2\" \/>\n\t\t<meta property=\"og:locale\" content=\"fr_FR\" \/>\n\t\t<meta property=\"og:site_name\" content=\"MONAT Belgium - We Are Modern Nature\u2122\" \/>\n\t\t<meta property=\"og:type\" content=\"article\" \/>\n\t\t<meta property=\"og:title\" content=\"Nettoyant peau | MONAT Skincare | Skin Revitalizing Essence\u2122\" \/>\n\t\t<meta property=\"og:description\" content=\"Cette eau l\u00e9g\u00e8re et miraculeuse hydrate et revitalise rapidement la peau, offrant un teint plus lisse, \u00e9clatant et lumineux, adapt\u00e9 \u00e0 tous les types de peau.\" \/>\n\t\t<meta property=\"og:url\" content=\"https:\/\/monatglobal.com\/be\/skin-revitalizing\/\" \/>\n\t\t<meta property=\"article:published_time\" content=\"2019-08-17T16:03:07+00:00\" \/>\n\t\t<meta property=\"article:modified_time\" content=\"2026-02-26T19:48:26+00:00\" \/>\n\t\t<meta name=\"twitter:card\" content=\"summary_large_image\" \/>\n\t\t<meta name=\"twitter:title\" content=\"Nettoyant peau | MONAT Skincare | Skin Revitalizing Essence\u2122\" \/>\n\t\t<meta name=\"twitter:description\" content=\"Cette eau l\u00e9g\u00e8re et miraculeuse hydrate et revitalise rapidement la peau, offrant un teint plus lisse, \u00e9clatant et lumineux, adapt\u00e9 \u00e0 tous les types de peau.\" \/>\n\t\t<script type=\"application\/ld+json\" class=\"aioseo-schema\">\n\t\t\t{\"@context\":\"https:\\\/\\\/schema.org\",\"@graph\":[{\"@type\":\"BreadcrumbList\",\"@id\":\"https:\\\/\\\/monatglobal.com\\\/be\\\/skin-revitalizing\\\/#breadcrumblist\",\"itemListElement\":[{\"@type\":\"ListItem\",\"@id\":\"https:\\\/\\\/monatglobal.com\\\/be#listItem\",\"position\":1,\"name\":\"Home\",\"item\":\"https:\\\/\\\/monatglobal.com\\\/be\",\"nextItem\":{\"@type\":\"ListItem\",\"@id\":\"https:\\\/\\\/monatglobal.com\\\/be\\\/skin-revitalizing\\\/#listItem\",\"name\":\"SKIN REVITALIZING ESSENCE\\u2122\"}},{\"@type\":\"ListItem\",\"@id\":\"https:\\\/\\\/monatglobal.com\\\/be\\\/skin-revitalizing\\\/#listItem\",\"position\":2,\"name\":\"SKIN REVITALIZING ESSENCE\\u2122\",\"previousItem\":{\"@type\":\"ListItem\",\"@id\":\"https:\\\/\\\/monatglobal.com\\\/be#listItem\",\"name\":\"Home\"}}]},{\"@type\":\"Organization\",\"@id\":\"https:\\\/\\\/monatglobal.com\\\/be\\\/#organization\",\"name\":\"MONAT Belgium\",\"description\":\"We Are Modern Nature\\u2122\",\"url\":\"https:\\\/\\\/monatglobal.com\\\/be\\\/\"},{\"@type\":\"WebPage\",\"@id\":\"https:\\\/\\\/monatglobal.com\\\/be\\\/skin-revitalizing\\\/#webpage\",\"url\":\"https:\\\/\\\/monatglobal.com\\\/be\\\/skin-revitalizing\\\/\",\"name\":\"Nettoyant peau | MONAT Skincare | Skin Revitalizing Essence\\u2122\",\"description\":\"Cette eau l\\u00e9g\\u00e8re et miraculeuse hydrate et revitalise rapidement la peau, offrant un teint plus lisse, \\u00e9clatant et lumineux, adapt\\u00e9 \\u00e0 tous les types de peau.\",\"inLanguage\":\"fr-FR\",\"isPartOf\":{\"@id\":\"https:\\\/\\\/monatglobal.com\\\/be\\\/#website\"},\"breadcrumb\":{\"@id\":\"https:\\\/\\\/monatglobal.com\\\/be\\\/skin-revitalizing\\\/#breadcrumblist\"},\"image\":{\"@type\":\"ImageObject\",\"url\":\"https:\\\/\\\/monatglobal.com\\\/be\\\/wp-content\\\/uploads\\\/sites\\\/23\\\/2026\\\/02\\\/Skin-Revitalizing-Essence-ecomm-2022.png\",\"@id\":\"https:\\\/\\\/monatglobal.com\\\/be\\\/skin-revitalizing\\\/#mainImage\",\"width\":641,\"height\":800},\"primaryImageOfPage\":{\"@id\":\"https:\\\/\\\/monatglobal.com\\\/be\\\/skin-revitalizing\\\/#mainImage\"},\"datePublished\":\"2019-08-17T17:03:07+01:00\",\"dateModified\":\"2026-02-26T19:48:26+00:00\"},{\"@type\":\"WebSite\",\"@id\":\"https:\\\/\\\/monatglobal.com\\\/be\\\/#website\",\"url\":\"https:\\\/\\\/monatglobal.com\\\/be\\\/\",\"name\":\"MONAT Belgium\",\"description\":\"We Are Modern Nature\\u2122\",\"inLanguage\":\"fr-FR\",\"publisher\":{\"@id\":\"https:\\\/\\\/monatglobal.com\\\/be\\\/#organization\"}}]}\n\t\t<\/script>\n\t\t<!-- All in One SEO Pro -->\r\n\t\t<title>Nettoyant peau | MONAT Skincare | Skin Revitalizing Essence\u2122<\/title>\n\n","aioseo_head_json":{"title":"Nettoyant peau | MONAT Skincare | Skin Revitalizing Essence\u2122","description":"Cette eau l\u00e9g\u00e8re et miraculeuse hydrate et revitalise rapidement la peau, offrant un teint plus lisse, \u00e9clatant et lumineux, adapt\u00e9 \u00e0 tous les types de peau.","canonical_url":"https:\/\/monatglobal.com\/be\/skin-revitalizing\/","robots":"max-image-preview:large","keywords":"","webmasterTools":{"miscellaneous":""},"schema":{"@context":"https:\/\/schema.org","@graph":[{"@type":"BreadcrumbList","@id":"https:\/\/monatglobal.com\/be\/skin-revitalizing\/#breadcrumblist","itemListElement":[{"@type":"ListItem","@id":"https:\/\/monatglobal.com\/be#listItem","position":1,"name":"Home","item":"https:\/\/monatglobal.com\/be","nextItem":{"@type":"ListItem","@id":"https:\/\/monatglobal.com\/be\/skin-revitalizing\/#listItem","name":"SKIN REVITALIZING ESSENCE\u2122"}},{"@type":"ListItem","@id":"https:\/\/monatglobal.com\/be\/skin-revitalizing\/#listItem","position":2,"name":"SKIN REVITALIZING ESSENCE\u2122","previousItem":{"@type":"ListItem","@id":"https:\/\/monatglobal.com\/be#listItem","name":"Home"}}]},{"@type":"Organization","@id":"https:\/\/monatglobal.com\/be\/#organization","name":"MONAT Belgium","description":"We Are Modern Nature\u2122","url":"https:\/\/monatglobal.com\/be\/"},{"@type":"WebPage","@id":"https:\/\/monatglobal.com\/be\/skin-revitalizing\/#webpage","url":"https:\/\/monatglobal.com\/be\/skin-revitalizing\/","name":"Nettoyant peau | MONAT Skincare | Skin Revitalizing Essence\u2122","description":"Cette eau l\u00e9g\u00e8re et miraculeuse hydrate et revitalise rapidement la peau, offrant un teint plus lisse, \u00e9clatant et lumineux, adapt\u00e9 \u00e0 tous les types de peau.","inLanguage":"fr-FR","isPartOf":{"@id":"https:\/\/monatglobal.com\/be\/#website"},"breadcrumb":{"@id":"https:\/\/monatglobal.com\/be\/skin-revitalizing\/#breadcrumblist"},"image":{"@type":"ImageObject","url":"https:\/\/monatglobal.com\/be\/wp-content\/uploads\/sites\/23\/2026\/02\/Skin-Revitalizing-Essence-ecomm-2022.png","@id":"https:\/\/monatglobal.com\/be\/skin-revitalizing\/#mainImage","width":641,"height":800},"primaryImageOfPage":{"@id":"https:\/\/monatglobal.com\/be\/skin-revitalizing\/#mainImage"},"datePublished":"2019-08-17T17:03:07+01:00","dateModified":"2026-02-26T19:48:26+00:00"},{"@type":"WebSite","@id":"https:\/\/monatglobal.com\/be\/#website","url":"https:\/\/monatglobal.com\/be\/","name":"MONAT Belgium","description":"We Are Modern Nature\u2122","inLanguage":"fr-FR","publisher":{"@id":"https:\/\/monatglobal.com\/be\/#organization"}}]},"og:locale":"fr_FR","og:site_name":"MONAT Belgium - We Are Modern Nature\u2122","og:type":"article","og:title":"Nettoyant peau | MONAT Skincare | Skin Revitalizing Essence\u2122","og:description":"Cette eau l\u00e9g\u00e8re et miraculeuse hydrate et revitalise rapidement la peau, offrant un teint plus lisse, \u00e9clatant et lumineux, adapt\u00e9 \u00e0 tous les types de peau.","og:url":"https:\/\/monatglobal.com\/be\/skin-revitalizing\/","article:published_time":"2019-08-17T16:03:07+00:00","article:modified_time":"2026-02-26T19:48:26+00:00","twitter:card":"summary_large_image","twitter:title":"Nettoyant peau | MONAT Skincare | Skin Revitalizing Essence\u2122","twitter:description":"Cette eau l\u00e9g\u00e8re et miraculeuse hydrate et revitalise rapidement la peau, offrant un teint plus lisse, \u00e9clatant et lumineux, adapt\u00e9 \u00e0 tous les types de peau."},"aioseo_meta_data":{"post_id":"44427","title":"Nettoyant peau | MONAT Skincare | Skin Revitalizing Essence\u2122","description":"Cette eau l\u00e9g\u00e8re et miraculeuse hydrate et revitalise rapidement la peau, offrant un teint plus lisse, \u00e9clatant et lumineux, adapt\u00e9 \u00e0 tous les types de peau.","keywords":null,"keyphrases":{"focus":{"keyphrase":"","score":0,"analysis":{"keyphraseInTitle":{"score":0,"maxScore":9,"error":1}}},"additional":[]},"primary_term":null,"canonical_url":null,"og_title":null,"og_description":null,"og_object_type":"default","og_image_type":"default","og_image_url":null,"og_image_width":null,"og_image_height":null,"og_image_custom_url":null,"og_image_custom_fields":null,"og_video":"","og_custom_url":null,"og_article_section":null,"og_article_tags":null,"twitter_use_og":false,"twitter_card":"default","twitter_image_type":"default","twitter_image_url":null,"twitter_image_custom_url":null,"twitter_image_custom_fields":null,"twitter_title":null,"twitter_description":null,"schema":{"blockGraphs":[],"customGraphs":[],"default":{"data":{"Article":[],"Course":[],"Dataset":[],"FAQPage":[],"Movie":[],"Person":[],"Product":[],"ProductReview":[],"Car":[],"Recipe":[],"Service":[],"SoftwareApplication":[],"WebPage":[]},"graphName":"WebPage","isEnabled":true},"graphs":[]},"schema_type":"default","schema_type_options":null,"pillar_content":false,"robots_default":true,"robots_noindex":false,"robots_noarchive":false,"robots_nosnippet":false,"robots_nofollow":false,"robots_noimageindex":false,"robots_noodp":false,"robots_notranslate":false,"robots_max_snippet":"-1","robots_max_videopreview":"-1","robots_max_imagepreview":"large","priority":null,"frequency":"default","local_seo":null,"seo_analyzer_scan_date":null,"breadcrumb_settings":null,"limit_modified_date":false,"reviewed_by":"0","open_ai":null,"ai":{"faqs":[],"keyPoints":[],"titles":[],"descriptions":[],"socialPosts":{"email":[],"linkedin":[],"twitter":[],"facebook":[],"instagram":[]}},"created":"2026-02-09 20:00:29","updated":"2026-02-26 20:21:38"},"aioseo_breadcrumb":"<div class=\"aioseo-breadcrumbs\"><span class=\"aioseo-breadcrumb\">\n\t<a href=\"https:\/\/monatglobal.com\/be\" title=\"Home\">Home<\/a>\n<\/span><span class=\"aioseo-breadcrumb-separator\">&raquo;<\/span><span class=\"aioseo-breadcrumb\">\n\tSKIN REVITALIZING ESSENCE\u2122\n<\/span><\/div>","aioseo_breadcrumb_json":[{"label":"Home","link":"https:\/\/monatglobal.com\/be"},{"label":"SKIN REVITALIZING ESSENCE\u2122","link":"https:\/\/monatglobal.com\/be\/skin-revitalizing\/"}],"_links":{"self":[{"href":"https:\/\/monatglobal.com\/be\/wp-json\/wp\/v2\/pages\/44427","targetHints":{"allow":["GET"]}}],"collection":[{"href":"https:\/\/monatglobal.com\/be\/wp-json\/wp\/v2\/pages"}],"about":[{"href":"https:\/\/monatglobal.com\/be\/wp-json\/wp\/v2\/types\/page"}],"author":[{"embeddable":true,"href":"https:\/\/monatglobal.com\/be\/wp-json\/wp\/v2\/users\/31"}],"replies":[{"embeddable":true,"href":"https:\/\/monatglobal.com\/be\/wp-json\/wp\/v2\/comments?post=44427"}],"version-history":[{"count":14,"href":"https:\/\/monatglobal.com\/be\/wp-json\/wp\/v2\/pages\/44427\/revisions"}],"predecessor-version":[{"id":110268,"href":"https:\/\/monatglobal.com\/be\/wp-json\/wp\/v2\/pages\/44427\/revisions\/110268"}],"wp:featuredmedia":[{"embeddable":true,"href":"https:\/\/monatglobal.com\/be\/wp-json\/wp\/v2\/media\/110264"}],"wp:attachment":[{"href":"https:\/\/monatglobal.com\/be\/wp-json\/wp\/v2\/media?parent=44427"}],"wp:term":[{"taxonomy":"category","embeddable":true,"href":"https:\/\/monatglobal.com\/be\/wp-json\/wp\/v2\/categories?post=44427"},{"taxonomy":"post_tag","embeddable":true,"href":"https:\/\/monatglobal.com\/be\/wp-json\/wp\/v2\/tags?post=44427"}],"curies":[{"name":"wp","href":"https:\/\/api.w.org\/{rel}","templated":true}]}}