{"id":34,"date":"2024-12-09T17:18:24","date_gmt":"2024-12-09T17:18:24","guid":{"rendered":"https:\/\/monatglobal.com\/be\/?page_id=34"},"modified":"2026-04-14T03:15:16","modified_gmt":"2026-04-14T02:15:16","slug":"bel-fr","status":"publish","type":"page","link":"https:\/\/monatglobal.com\/be\/","title":{"rendered":"Bienvenue chez MONAT Global"},"content":{"rendered":"\n\n    <!-- \/Lip-Plumping FR -->\n    <a href=\"https:\/\/monatglobal.com\/be\/lip-plumb-gloss\/#radiant\" aria-label=\"Goes to LIP-PLUMPING GLOSS\u2122\">\n        \n            <source media=\"(max-width: 700px)\" srcset=\"https:\/\/monatglobal.com\/wp-content\/uploads\/2026\/02\/banner-lip-plumping-gloss-mobile.jpg\"\/>\n            <img decoding=\"async\" src=\"https:\/\/monatglobal.com\/wp-content\/uploads\/2026\/02\/banner-lip-plumping-gloss-desk-ph-scaled.jpg\" alt=\"Two MONAT lip plumping gloss tubes in Radiance and Authentic shades displayed on a light blue surface, one with the applicator wand open, in a clean, minimal studio setting.\"\/>\n        \n            NOUVELLES TEINTES\n            <h2>MONAT <br \/>\n            LIP-PLUMPING <br \/>\n            GLOSS\u2122<\/h2>\n            <p>RADIANCE &#038; <br \/> AUTHENTIC<\/p>\n            <p>Affirmez votre \u00e9clat&nbsp;!<\/p>\n            <!--<p>Bient\u00f4t disponible&nbsp;!<\/p>-->\n            <p>Disponible d\u00e8s maintenant<\/p>\n    <\/a>\n    <!-- Lip-Plumping FR\/ -->\n    <!-- \/Slick Fix FR-->\n    <a href=\"https:\/\/monatglobal.com\/be\/styling-cream-taming-wand\/\" aria-label=\"Goes to Slick Fix\">\n        \n            <source media=\"(max-width: 700px)\" srcset=\"https:\/\/monatglobal.com\/wp-content\/uploads\/2025\/12\/slick-fix-mobile-ph.jpg\"\/>\n            <img decoding=\"async\" src=\"https:\/\/monatglobal.com\/wp-content\/uploads\/2025\/12\/slick-fix-desk-ph-scaled.jpg\" alt=\"Model applying MONAT Studio One Slick Fix\u2122 Styling Cream Taming Wand to smooth baby hairs and control frizz.\"\/>\n        \n            NOUVEAU\n            <h2>MONAT <br \/> STUDIO ONE\u2122 <br \/> SLICK FIX\u2122<\/h2>\n            <p>CR\u00c8ME COIFFANTE + STICK&nbsp;DISCIPLINANT<\/p>\n            <p>Dompte instantan\u00e9ment <br \/> les m\u00e8ches rebelles et <br \/> les&nbsp;frisottis<\/p>\n            <p>Disponible d\u00e8s maintenant<\/p>\n    <\/a>\n    <!-- Slick Fix FR\/ -->\n    <!-- \/Barrier Booster Cleanser FR -->\n    <a href=\"https:\/\/monatglobal.com\/be\/barrier-booster-cleanser\/\" aria-label=\"Goes to Barrier Booster Cleanser\">\n        \n            <source media=\"(max-width: 700px)\" srcset=\"https:\/\/monatglobal.com\/wp-content\/uploads\/2025\/10\/banner-bb-cleanser-mobile-ph-min-1.jpg\"\/>\n            <img decoding=\"async\" src=\"https:\/\/monatglobal.com\/wp-content\/uploads\/2025\/10\/bb-cleanser-ph-banner-min-2-scaled.jpg\" alt=\" \"\/>\n        \n            NOUVEAU<br \/>\n            <p>MONAT Barrier Booster\u2122<\/p>\n            <p>MONAT Barrier Booster\u2122<\/p>\n            <h2>Nettoyant <br \/> Hydra <br \/> Refresh<\/h2>\n            <p>Votre premier geste pour une peau effet glass&nbsp;skin<\/p>\n            <p>Disponible maintenant<\/p>\n    <\/a>\n    <!-- \/Barrier Booster Cleanser FR -->\n    <!-- \/Skincare BEL-FR -->\n    <a href=\"https:\/\/monatglobal.com\/be\/products\/?line=soins-de-la-peau\" aria-label=\"Goes to Skincare\">\n        \n            <source media=\"(max-width: 700px)\" srcset=\"https:\/\/monatglobal.com\/fr\/wp-content\/uploads\/sites\/19\/2025\/12\/skincare-ph-banner-mobile.jpg\"\/>\n            <img decoding=\"async\" src=\"https:\/\/monatglobal.com\/fr\/wp-content\/uploads\/sites\/19\/2025\/12\/skincare-ph-banner-scaled.jpg\" alt=\" \"\/>\n        \n            <h2>L&rsquo;\u00e9clat <br \/> commence <br \/> ici<\/h2>\n            Soins de la peau MONAT\n            <p>MAINTENANT DISPONIBLE<\/p>\n    <\/a>\n    <!-- Skincare BEL-FR\/ -->\n    <!-- \/Junior Trio -->\n    <a href=\"https:\/\/monatglobal.com\/be\/products\/?search=junior\" aria-label=\"Goes to Junior Trio\">\n        \n            <source media=\"(max-width: 700px)\" srcset=\"https:\/\/monatglobal.com\/wp-content\/uploads\/2025\/11\/junior-trio-ph-mobile-min.jpg\"\/>\n            <img decoding=\"async\" src=\"https:\/\/monatglobal.com\/wp-content\/uploads\/2025\/11\/junior-trio-ph-banner-scaled.jpg\" alt=\" \"\/>\n        \n            NOUVEAU\n            <h2>Trio <br \/> MONAT <br \/> Junior<\/h2>\n            Une gamme douce, s\u00fbre <br \/> et ne piquant pas les yeux, <br \/> avec des formules sp\u00e9cialement d\u00e9velopp\u00e9es pour les&nbsp;enfants.\n            <p>Disponible maintenant<\/p>\n    <\/a>\n    <!-- Junior Trio\/ -->\n    <!-- \/Holiday 2025 Banner -->\n      <!--<a href=\"https:\/\/monatglobal.com\/be\/holiday\" id=\"hBanner\" aria-label=\"Goes to MONAT Holiday\">   -->\n      <!--   -->\n      <!--       <img id=\"logoBanner\" decoding=\"async\" src=\"https:\/\/monatglobal.com\/wp-content\/uploads\/2025\/10\/monat-golden-logo.svg\" alt=\"MONAT GLOBAL\"\/>-->\n      <!--      <h2>D\uf004s <br \/> c\uf000deaux <br \/> \u00e9toil\u00e9s<\/h2>-->\n      <!--      <p>Une s\u00e9lection luxueuse pour tous ceux qui figurent sur votre liste.<\/p>-->\n      <!--   -->\n      <!--<\/a>-->\n    <!-- Holiday 2025 Banner\/ -->\n    <!-- \/BOND IQ Banner -->\n      <a href=\"https:\/\/monatglobal.com\/be\/products\/?search=bond+iq\" aria-label=\"Goes to MONAT Bond IQ\u2122\">   \n         \n            <source media=\"(max-width: 700px)\" srcset=\"https:\/\/monatglobal.com\/wp-content\/uploads\/2025\/08\/banner-bond-IQ-mobile-ph.jpg\" loading=\"lazy\"\/>\n            <img decoding=\"async\" src=\"https:\/\/monatglobal.com\/wp-content\/uploads\/2025\/08\/banner-bond-IQ-desk-ph-min-scaled.jpg\" alt=\" \" loading=\"lazy\"\/>\n         \n         <video src=\"https:\/\/monatglobal.com\/wp-content\/uploads\/2025\/08\/bond-iq-video-banner-1.mp4\" loop=\"\" muted=\"\" autoplay=\"\"><\/video>\n            NOUVEAU\n            <h2>MONAT <br \/> Bond IQ\u2122<\/h2>\n            Des soins plus intelligents. <br \/> Des cheveux plus forts.\n            <p>MAINTENANT DISPONIBLE&nbsp;!<\/p> \n      <\/a>\n    <!-- BOND IQ Banner\/ -->\n    <!-- \/Barrier Booster Banner -->\n      <a href=\"https:\/\/monatglobal.com\/be\/products\/?search=barrier+booster\" aria-label=\"Goes to MONAT Barrier Booster\u2122\">   \n         \n            <source media=\"(max-width: 700px)\" srcset=\"https:\/\/monatglobal.com\/wp-content\/uploads\/2025\/08\/banner-barrier-booster-mobile-ph.jpg\" loading=\"lazy\"\/>\n            <img decoding=\"async\" src=\"https:\/\/monatglobal.com\/wp-content\/uploads\/2025\/08\/banner-barrier-booster-desk-ph-scaled.jpg\" alt=\" \" loading=\"lazy\"\/>\n         \n            NOUVEAU\n            <h2>MONAT <br \/> Barrier Booster\u2122<\/h2>\n            <p>Protection aux peptides pour <br \/> une peau effet \u00ab\u00a0glass skin\u00a0\u00bb.<\/p>\n            <p>MAINTENANT DISPONIBLE&nbsp;!<\/p> \n      <\/a>\n    <!-- Barrier Booster Banner\/ -->\n    <!-- \/Stylist Banner -->\n      <a href=\"https:\/\/monatglobal.com\/be\/monat-stylist-program\/\" aria-label=\"Goes to MONAT Stylist Program\">   \n         \n            <source media=\"(max-width: 700px)\" srcset=\"https:\/\/monatglobal.com\/wp-content\/uploads\/2025\/08\/banner-stylist-program-mobile-ph.jpg\" loading=\"lazy\"\/>\n            <img decoding=\"async\" src=\"https:\/\/monatglobal.com\/wp-content\/uploads\/2025\/08\/banner-stylist-program-desk-ph-scaled.jpg\" alt=\" \" loading=\"lazy\"\/>\n         \n         <video src=\"https:\/\/monatglobal.com\/wp-content\/uploads\/2025\/08\/Holiday-2024.mp4\" loop=\"\" muted=\"\" autoplay=\"\"><\/video>\n            <img decoding=\"async\" alt=\"stylist logo\" width=\"300px\" src=\"https:\/\/monatglobal.com\/fr\/wp-content\/uploads\/sites\/19\/2025\/08\/stylist-logo-be-fr.svg\"\/>\n            <p>\u00c9levez votre art. D\u00e9veloppez votre potentiel de revenus.<\/p>\n            <img decoding=\"async\" alt=\"stylist logo\" width=\"200px\" src=\"https:\/\/monatglobal.com\/fr\/wp-content\/uploads\/sites\/19\/2025\/08\/stylist-logo-be-fr.svg\"\/>\n            <p>\u00c9levez votre art. D\u00e9veloppez votre potentiel de revenus.<\/p>\n      <\/a>\n     <!--Progressbar -->\n<!-- \/summer slider -->\n<!---->\n<!--    <h2>Les indispensables d'\u00e9t\u00e9<\/h2>-->\n<!--    -->\n<!--        -->\n<!--        -->\n<!--        -->\n<!--    -->\n<!--     -->\n<!--    -->\n<!---->\n<!-- summer slider\/ -->\n <!--\/Newest slider -->\n    <h2>Nouveaut\u00e9s<\/h2>\n <!--Newest slider\/ -->\n<!-- \/Links to product lines -->\n    <a href=\"https:\/\/monatglobal.com\/be\/products\/?line=soins-capillaires\">\n        <p>CHEVEUX<\/p>\n        <img decoding=\"async\" src=\"https:\/\/monatglobal.com\/wp-content\/uploads\/2025\/08\/haircare-moantions_home_feature-min-1.jpg\" alt=\"A woman with long, glossy brown hair smiles while holding a white bottle of MONAT Bond IQ Fortifying Shampoo.\" loading=\"lazy\"\/>\n        <img decoding=\"async\" src=\"https:\/\/monatglobal.com\/wp-content\/uploads\/2023\/08\/fw-arrow.svg\" alt=\"Arrow\"\/>\n    <\/a>\n    <a href=\"https:\/\/monatglobal.com\/be\/products\/?line=soins-de-la-peau\">\n        <p>PEAU<\/p>\n        <img decoding=\"async\" src=\"https:\/\/monatglobal.com\/de\/wp-content\/uploads\/sites\/22\/2025\/10\/skincare_homepage_feature_EU-min.jpg\" alt=\"Smiling woman holding MONAT Barrier Booster\u2122 Barrier Defense Moisturizer jar near her cheek.\" loading=\"lazy\"\/>\n        <img decoding=\"async\" src=\"https:\/\/monatglobal.com\/wp-content\/uploads\/2023\/08\/fw-arrow.svg\" alt=\"Arrow\"\/>\n    <\/a>\n    <!--<a href=\"https:\/\/monatglobal.com\/fr\/all-wellness\/\">-->\n    <!--    <p>BIEN-\u00caTRE<\/p>-->\n    <!--    <img decoding=\"async\" src=\"https:\/\/monatglobal.com\/wp-content\/uploads\/2023\/07\/wellness_home-.jpg\" alt=\"woman holding a green smoothie next to a glass and a container of Total Greens \" loading=\"lazy\"\/>-->\n    <!--    <img decoding=\"async\" src=\"https:\/\/monatglobal.com\/wp-content\/uploads\/2023\/08\/fw-arrow.svg\" alt=\"Arrow\"\/>-->\n    <!--<\/a>-->\n<!-- Links to product lines\/ -->\n<!-- \/Best sellers slider -->\n    <h2>Meilleurs ventes<\/h2>\n<!-- Best sellers slider\/ -->\n<!-- \/Discover Monat -->\n<section id=\"joinSec\">\n    <h2>D\u00e9couvrez<br \/> MONAT<\/h2>\n                <a href=\"https:\/\/corp.mymonat.com\/pyr_core\/v2_enrollments\/select_market?sponsor_id=&#038;enroll_params=profile_form_type%3Dexpress&#038;market=be&#038;lang_code=fr\" target=\"_blank\">\n                    <img decoding=\"async\" src=\"https:\/\/monatglobal.com\/wp-content\/uploads\/2025\/02\/maket-partner-min.jpg\" loading=\"lazy\"\/>\n                        <p>Mon\u00e9tiser ma routine beaut\u00e9!<br \/> Cr\u00e9er une petite entreprise <br \/> + Constituer une \u00e9quipe <\/p>\n                            <p>REJOIGNEZ-NOUS EN TANT QUE<\/p>\n                            <button>partenaire de march\u00e9 chez MONAT<\/button> \n                <\/a>\n                <p>Pour plus d&rsquo;informations, visitez le site<br \/> <a href=\"https:\/\/monatglobal.com\/be\/the-monat-opportunity\/\">https:\/\/monatglobal.com\/be\/the-monat-opportunity\/<\/a><\/p>\n                <a href=\"https:\/\/corp.mymonat.com\/pyr_core\/v2_enrollments\/select_market?enroll_params=profile_form_type%3Dvip_for_life&#038;lang_code=fr&#038;market=BE\" target=\"_blank\">\n                    <img decoding=\"async\" src=\"https:\/\/monatglobal.com\/wp-content\/uploads\/2025\/02\/join-as-a-VIP-min.jpg\" loading=\"lazy\"\/>\n                        <p>Acheter des produits de qualit\u00e9 prenium avec&nbsp;15%&nbsp;de&nbsp;r\u00e9duction <br \/>+ Gagner des r\u00e9compenses pour \u00e9conomiser de l&rsquo;argent<\/p>\n                            <p>REJOIGNEZ-NOUS EN TANT QUE <\/p>\n                            <button>VIP<\/button>\n                <\/a>\n                <p>Pour plus d&rsquo;informations, visitez le site<br \/> <a href=\"https:\/\/monatglobal.com\/be\/vip\/\">https:\/\/monatglobal.com\/be\/vip\/<\/a><\/p>\n                <a href=\"https:\/\/corp.mymonat.com\/pyr_core\/v2_enrollments\/select_market?sponsor_id=&#038;enroll_params=profile_form_type%3Dcustomer&#038;market=be&#038;lang_code=fr\" target=\"_blank\">\n                    <img decoding=\"async\" src=\"https:\/\/monatglobal.com\/wp-content\/uploads\/2025\/02\/shop-retail-price-min.jpg\" loading=\"lazy\"\/>\n                        <p>Acheter des produits au prix de d\u00e9tail <\/p>\n                            <button>Acheter<\/button>\n                <\/a>\n                <p>Pour plus d&rsquo;informations, visitez <br \/> <a href=\"https:\/\/monatglobal.com\/be\/products\/\">https:\/\/monatglobal.com\/be\/products\/<\/a><\/p>\n        <!---->\n        <!---->\n        <!---->\n<\/section>\n<!-- Discover Monat\/ --> \n<!-- \/Monat awards slider -->\n    <h2>Tel que vu dans<\/h2>\n<!-- TrustBox widget - Mini -->\n  <a href=\"https:\/\/fr.trustpilot.com\/review\/monatglobal.com\" target=\"_blank\" rel=\"noopener\">Trustpilot<\/a>\n<!-- End TrustBox widget -->\n            <!---->\n            <!--   <a href=\"https:\/\/www.oprahdaily.com\/beauty\/hair\/g29038749\/best-hair-growth-products\/\"> <img decoding=\"async\" src=\"https:\/\/monatglobal.com\/wp-content\/uploads\/2024\/05\/oprhas-daily-editors-choice-logo-min.jpg\" alt=\"logo of oprhas daily editors choice\" loading=\"lazy\"\/>-->\n            <!--        <p>Oprah Daily Top hair <br \/>growth serums Editors' Choice<\/p>-->\n            <!--    <\/a>   -->\n            <!---->\n                <img decoding=\"async\" src=\"https:\/\/monatglobal.com\/au\/wp-content\/uploads\/sites\/12\/2021\/09\/G100_GlobeLogo_OneHundred-1.jpg\" alt=\"logo of Direct Selling News Global 100\" loading=\"lazy\"\/>\n                <p>Direct Selling News Global 100&nbsp;list<\/p>\n                <p>&#8211; Class\u00e9e au 24e rang<\/p>\n        <!-- If we need paginations -->\n<!-- Monat awards slider\/ -->   \n\n","protected":false},"excerpt":{"rendered":"<p>NOUVELLES TEINTES MONAT LIP-PLUMPING GLOSS\u2122 RADIANCE &#038; AUTHENTIC Affirmez votre \u00e9clat&nbsp;! Disponible d\u00e8s maintenant NOUVEAU MONAT STUDIO ONE\u2122 SLICK FIX\u2122 CR\u00c8ME COIFFANTE + STICK&nbsp;DISCIPLINANT Dompte instantan\u00e9ment les m\u00e8ches rebelles et les&nbsp;frisottis Disponible d\u00e8s maintenant NOUVEAU MONAT Barrier Booster\u2122 MONAT Barrier Booster\u2122 Nettoyant Hydra Refresh Votre premier geste pour une peau effet glass&nbsp;skin Disponible maintenant L&rsquo;\u00e9clat&hellip;<\/p>\n","protected":false},"author":31,"featured_media":0,"parent":0,"menu_order":0,"comment_status":"closed","ping_status":"closed","template":"","meta":{"inline_featured_image":false,"om_disable_all_campaigns":false,"footnotes":""},"categories":[],"tags":[],"class_list":["post-34","page","type-page","status-publish","hentry"],"aioseo_notices":[],"aioseo_head":"\n\t\t<!-- All in One SEO Pro 4.9.6 - aioseo.com -->\n\t<meta name=\"description\" content=\"En seulement 10 ans, MONAT Global Corp a atteint des millions de foyers, accueillant plus de 450 000 Partenaires de March\u00e9 et 1 500 000 clients VIP.\" \/>\n\t<meta name=\"robots\" content=\"max-image-preview:large\" \/>\n\t<link rel=\"canonical\" href=\"https:\/\/monatglobal.com\/be\/\" \/>\n\t<meta name=\"generator\" content=\"All in One SEO Pro (AIOSEO) 4.9.6\" \/>\n\t\t<meta property=\"og:locale\" content=\"fr_FR\" \/>\n\t\t<meta property=\"og:site_name\" content=\"MONAT Belgium - We Are Modern Nature\u2122\" \/>\n\t\t<meta property=\"og:type\" content=\"article\" \/>\n\t\t<meta property=\"og:title\" content=\"Bienvenue chez MONAT Global\" \/>\n\t\t<meta property=\"og:description\" content=\"En seulement 10 ans, MONAT Global Corp a atteint des millions de foyers, accueillant plus de 450 000 Partenaires de March\u00e9 et 1 500 000 clients VIP.\" \/>\n\t\t<meta property=\"og:url\" content=\"https:\/\/monatglobal.com\/be\/\" \/>\n\t\t<meta property=\"article:published_time\" content=\"2024-12-09T17:18:24+00:00\" \/>\n\t\t<meta property=\"article:modified_time\" content=\"2026-04-14T02:15:16+00:00\" \/>\n\t\t<meta name=\"twitter:card\" content=\"summary_large_image\" \/>\n\t\t<meta name=\"twitter:title\" content=\"Bienvenue chez MONAT Global\" \/>\n\t\t<meta name=\"twitter:description\" content=\"En seulement 10 ans, MONAT Global Corp a atteint des millions de foyers, accueillant plus de 450 000 Partenaires de March\u00e9 et 1 500 000 clients VIP.\" \/>\n\t\t<script type=\"application\/ld+json\" class=\"aioseo-schema\">\n\t\t\t{\"@context\":\"https:\\\/\\\/schema.org\",\"@graph\":[{\"@type\":\"BreadcrumbList\",\"@id\":\"https:\\\/\\\/monatglobal.com\\\/be\\\/#breadcrumblist\",\"itemListElement\":[{\"@type\":\"ListItem\",\"@id\":\"https:\\\/\\\/monatglobal.com\\\/be#listItem\",\"position\":1,\"name\":\"Home\",\"item\":\"https:\\\/\\\/monatglobal.com\\\/be\",\"nextItem\":{\"@type\":\"ListItem\",\"@id\":\"https:\\\/\\\/monatglobal.com\\\/be\\\/#listItem\",\"name\":\"Bienvenue chez MONAT Global\"}},{\"@type\":\"ListItem\",\"@id\":\"https:\\\/\\\/monatglobal.com\\\/be\\\/#listItem\",\"position\":2,\"name\":\"Bienvenue chez MONAT Global\",\"previousItem\":{\"@type\":\"ListItem\",\"@id\":\"https:\\\/\\\/monatglobal.com\\\/be#listItem\",\"name\":\"Home\"}}]},{\"@type\":\"LocalBusiness\",\"@id\":\"https:\\\/\\\/monatglobal.com\\\/be\\\/#localbusiness\",\"name\":\"MONAT Belgium\",\"brand\":{\"@id\":\"https:\\\/\\\/monatglobal.com\\\/be\\\/#organization\"},\"url\":\"https:\\\/\\\/monatglobal.com\\\/be\\\/\",\"logo\":\"https:\\\/\\\/monatglobal.com\\\/be\\\/#logo\",\"openingHoursSpecification\":[{\"@type\":\"OpeningHoursSpecification\",\"dayOfWeek\":[\"https:\\\/\\\/schema.org\\\/Monday\"],\"opens\":\"09:00\",\"closes\":\"17:00\"},{\"@type\":\"OpeningHoursSpecification\",\"dayOfWeek\":[\"https:\\\/\\\/schema.org\\\/Tuesday\"],\"opens\":\"09:00\",\"closes\":\"17:00\"},{\"@type\":\"OpeningHoursSpecification\",\"dayOfWeek\":[\"https:\\\/\\\/schema.org\\\/Wednesday\"],\"opens\":\"09:00\",\"closes\":\"17:00\"},{\"@type\":\"OpeningHoursSpecification\",\"dayOfWeek\":[\"https:\\\/\\\/schema.org\\\/Thursday\"],\"opens\":\"09:00\",\"closes\":\"17:00\"},{\"@type\":\"OpeningHoursSpecification\",\"dayOfWeek\":[\"https:\\\/\\\/schema.org\\\/Friday\"],\"opens\":\"09:00\",\"closes\":\"17:00\"},{\"@type\":\"OpeningHoursSpecification\",\"dayOfWeek\":[\"https:\\\/\\\/schema.org\\\/Saturday\"],\"opens\":\"09:00\",\"closes\":\"17:00\"},{\"@type\":\"OpeningHoursSpecification\",\"dayOfWeek\":[\"https:\\\/\\\/schema.org\\\/Sunday\"],\"opens\":\"09:00\",\"closes\":\"17:00\"}]},{\"@type\":\"Organization\",\"@id\":\"https:\\\/\\\/monatglobal.com\\\/be\\\/#organization\",\"name\":\"MONAT Belgium\",\"description\":\"We Are Modern Nature\\u2122\",\"url\":\"https:\\\/\\\/monatglobal.com\\\/be\\\/\"},{\"@type\":\"WebPage\",\"@id\":\"https:\\\/\\\/monatglobal.com\\\/be\\\/#webpage\",\"url\":\"https:\\\/\\\/monatglobal.com\\\/be\\\/\",\"name\":\"Bienvenue chez MONAT Global\",\"description\":\"En seulement 10 ans, MONAT Global Corp a atteint des millions de foyers, accueillant plus de 450 000 Partenaires de March\\u00e9 et 1 500 000 clients VIP.\",\"inLanguage\":\"fr-FR\",\"isPartOf\":{\"@id\":\"https:\\\/\\\/monatglobal.com\\\/be\\\/#website\"},\"breadcrumb\":{\"@id\":\"https:\\\/\\\/monatglobal.com\\\/be\\\/#breadcrumblist\"},\"datePublished\":\"2024-12-09T17:18:24+00:00\",\"dateModified\":\"2026-04-14T03:15:16+01:00\"},{\"@type\":\"WebSite\",\"@id\":\"https:\\\/\\\/monatglobal.com\\\/be\\\/#website\",\"url\":\"https:\\\/\\\/monatglobal.com\\\/be\\\/\",\"name\":\"MONAT Belgium\",\"description\":\"We Are Modern Nature\\u2122\",\"inLanguage\":\"fr-FR\",\"publisher\":{\"@id\":\"https:\\\/\\\/monatglobal.com\\\/be\\\/#organization\"}}]}\n\t\t<\/script>\n\t\t<!-- All in One SEO Pro -->\r\n\t\t<title>Bienvenue chez MONAT Global<\/title>\n\n","aioseo_head_json":{"title":"Bienvenue chez MONAT Global","description":"En seulement 10 ans, MONAT Global Corp a atteint des millions de foyers, accueillant plus de 450 000 Partenaires de March\u00e9 et 1 500 000 clients VIP.","canonical_url":"https:\/\/monatglobal.com\/be\/","robots":"max-image-preview:large","keywords":"","webmasterTools":{"miscellaneous":""},"schema":{"@context":"https:\/\/schema.org","@graph":[{"@type":"BreadcrumbList","@id":"https:\/\/monatglobal.com\/be\/#breadcrumblist","itemListElement":[{"@type":"ListItem","@id":"https:\/\/monatglobal.com\/be#listItem","position":1,"name":"Home","item":"https:\/\/monatglobal.com\/be","nextItem":{"@type":"ListItem","@id":"https:\/\/monatglobal.com\/be\/#listItem","name":"Bienvenue chez MONAT Global"}},{"@type":"ListItem","@id":"https:\/\/monatglobal.com\/be\/#listItem","position":2,"name":"Bienvenue chez MONAT Global","previousItem":{"@type":"ListItem","@id":"https:\/\/monatglobal.com\/be#listItem","name":"Home"}}]},{"@type":"LocalBusiness","@id":"https:\/\/monatglobal.com\/be\/#localbusiness","name":"MONAT Belgium","brand":{"@id":"https:\/\/monatglobal.com\/be\/#organization"},"url":"https:\/\/monatglobal.com\/be\/","logo":"https:\/\/monatglobal.com\/be\/#logo","openingHoursSpecification":[{"@type":"OpeningHoursSpecification","dayOfWeek":["https:\/\/schema.org\/Monday"],"opens":"09:00","closes":"17:00"},{"@type":"OpeningHoursSpecification","dayOfWeek":["https:\/\/schema.org\/Tuesday"],"opens":"09:00","closes":"17:00"},{"@type":"OpeningHoursSpecification","dayOfWeek":["https:\/\/schema.org\/Wednesday"],"opens":"09:00","closes":"17:00"},{"@type":"OpeningHoursSpecification","dayOfWeek":["https:\/\/schema.org\/Thursday"],"opens":"09:00","closes":"17:00"},{"@type":"OpeningHoursSpecification","dayOfWeek":["https:\/\/schema.org\/Friday"],"opens":"09:00","closes":"17:00"},{"@type":"OpeningHoursSpecification","dayOfWeek":["https:\/\/schema.org\/Saturday"],"opens":"09:00","closes":"17:00"},{"@type":"OpeningHoursSpecification","dayOfWeek":["https:\/\/schema.org\/Sunday"],"opens":"09:00","closes":"17:00"}]},{"@type":"Organization","@id":"https:\/\/monatglobal.com\/be\/#organization","name":"MONAT Belgium","description":"We Are Modern Nature\u2122","url":"https:\/\/monatglobal.com\/be\/"},{"@type":"WebPage","@id":"https:\/\/monatglobal.com\/be\/#webpage","url":"https:\/\/monatglobal.com\/be\/","name":"Bienvenue chez MONAT Global","description":"En seulement 10 ans, MONAT Global Corp a atteint des millions de foyers, accueillant plus de 450 000 Partenaires de March\u00e9 et 1 500 000 clients VIP.","inLanguage":"fr-FR","isPartOf":{"@id":"https:\/\/monatglobal.com\/be\/#website"},"breadcrumb":{"@id":"https:\/\/monatglobal.com\/be\/#breadcrumblist"},"datePublished":"2024-12-09T17:18:24+00:00","dateModified":"2026-04-14T03:15:16+01:00"},{"@type":"WebSite","@id":"https:\/\/monatglobal.com\/be\/#website","url":"https:\/\/monatglobal.com\/be\/","name":"MONAT Belgium","description":"We Are Modern Nature\u2122","inLanguage":"fr-FR","publisher":{"@id":"https:\/\/monatglobal.com\/be\/#organization"}}]},"og:locale":"fr_FR","og:site_name":"MONAT Belgium - We Are Modern Nature\u2122","og:type":"article","og:title":"Bienvenue chez MONAT Global","og:description":"En seulement 10 ans, MONAT Global Corp a atteint des millions de foyers, accueillant plus de 450 000 Partenaires de March\u00e9 et 1 500 000 clients VIP.","og:url":"https:\/\/monatglobal.com\/be\/","article:published_time":"2024-12-09T17:18:24+00:00","article:modified_time":"2026-04-14T02:15:16+00:00","twitter:card":"summary_large_image","twitter:title":"Bienvenue chez MONAT Global","twitter:description":"En seulement 10 ans, MONAT Global Corp a atteint des millions de foyers, accueillant plus de 450 000 Partenaires de March\u00e9 et 1 500 000 clients VIP."},"aioseo_meta_data":{"post_id":"34","title":"Bienvenue chez MONAT Global","description":"En seulement 10 ans, MONAT Global Corp a atteint des millions de foyers, accueillant plus de 450 000 Partenaires de March\u00e9 et 1 500 000 clients VIP.","keywords":null,"keyphrases":{"focus":{"keyphrase":"","score":0,"analysis":{"keyphraseInTitle":{"score":0,"maxScore":9,"error":1}}},"additional":[]},"primary_term":null,"canonical_url":null,"og_title":null,"og_description":null,"og_object_type":"default","og_image_type":"default","og_image_url":null,"og_image_width":null,"og_image_height":null,"og_image_custom_url":null,"og_image_custom_fields":null,"og_video":"","og_custom_url":null,"og_article_section":null,"og_article_tags":null,"twitter_use_og":false,"twitter_card":"default","twitter_image_type":"default","twitter_image_url":null,"twitter_image_custom_url":null,"twitter_image_custom_fields":null,"twitter_title":null,"twitter_description":null,"schema":{"blockGraphs":[],"customGraphs":[],"default":{"data":{"Article":[],"Course":[],"Dataset":[],"FAQPage":[],"Movie":[],"Person":[],"Product":[],"ProductReview":[],"Car":[],"Recipe":[],"Service":[],"SoftwareApplication":[],"WebPage":[]},"graphName":"WebPage","isEnabled":true},"graphs":[]},"schema_type":"default","schema_type_options":null,"pillar_content":false,"robots_default":true,"robots_noindex":false,"robots_noarchive":false,"robots_nosnippet":false,"robots_nofollow":false,"robots_noimageindex":false,"robots_noodp":false,"robots_notranslate":false,"robots_max_snippet":"-1","robots_max_videopreview":"-1","robots_max_imagepreview":"large","priority":null,"frequency":"default","local_seo":null,"seo_analyzer_scan_date":null,"breadcrumb_settings":null,"limit_modified_date":false,"reviewed_by":null,"open_ai":null,"ai":null,"created":"2024-12-09 17:18:26","updated":"2026-04-14 16:43:14"},"aioseo_breadcrumb":"<div class=\"aioseo-breadcrumbs\"><span class=\"aioseo-breadcrumb\">\n\t<a href=\"https:\/\/monatglobal.com\/be\" title=\"Home\">Home<\/a>\n<\/span><span class=\"aioseo-breadcrumb-separator\">&raquo;<\/span><span class=\"aioseo-breadcrumb\">\n\tBienvenue chez MONAT Global\n<\/span><\/div>","aioseo_breadcrumb_json":[{"label":"Home","link":"https:\/\/monatglobal.com\/be"},{"label":"Bienvenue chez MONAT Global","link":"https:\/\/monatglobal.com\/be\/"}],"_links":{"self":[{"href":"https:\/\/monatglobal.com\/be\/wp-json\/wp\/v2\/pages\/34","targetHints":{"allow":["GET"]}}],"collection":[{"href":"https:\/\/monatglobal.com\/be\/wp-json\/wp\/v2\/pages"}],"about":[{"href":"https:\/\/monatglobal.com\/be\/wp-json\/wp\/v2\/types\/page"}],"author":[{"embeddable":true,"href":"https:\/\/monatglobal.com\/be\/wp-json\/wp\/v2\/users\/31"}],"replies":[{"embeddable":true,"href":"https:\/\/monatglobal.com\/be\/wp-json\/wp\/v2\/comments?post=34"}],"version-history":[{"count":79,"href":"https:\/\/monatglobal.com\/be\/wp-json\/wp\/v2\/pages\/34\/revisions"}],"predecessor-version":[{"id":110525,"href":"https:\/\/monatglobal.com\/be\/wp-json\/wp\/v2\/pages\/34\/revisions\/110525"}],"wp:attachment":[{"href":"https:\/\/monatglobal.com\/be\/wp-json\/wp\/v2\/media?parent=34"}],"wp:term":[{"taxonomy":"category","embeddable":true,"href":"https:\/\/monatglobal.com\/be\/wp-json\/wp\/v2\/categories?post=34"},{"taxonomy":"post_tag","embeddable":true,"href":"https:\/\/monatglobal.com\/be\/wp-json\/wp\/v2\/tags?post=34"}],"curies":[{"name":"wp","href":"https:\/\/api.w.org\/{rel}","templated":true}]}}