{"id":194,"date":"2025-01-10T15:18:53","date_gmt":"2025-01-10T15:18:53","guid":{"rendered":"https:\/\/monatglobal.com\/be\/?page_id=194"},"modified":"2025-02-06T02:24:56","modified_gmt":"2025-02-06T02:24:56","slug":"the-science-of-monat","status":"publish","type":"page","link":"https:\/\/monatglobal.com\/be\/the-science-of-monat\/","title":{"rendered":"La science derri\u00e8re MONAT"},"content":{"rendered":"\n<h1>La science <br>derri\u00e8re MONAT<\/h1>\n        <h2>Les ingr\u00e9dients de MONAT sont naturels, s\u00fbrs et purs. Mais, alors que d&rsquo;autres marques reconnaissent le pouvoir des huiles botaniques, qu&rsquo;est-ce qui fait la singularit\u00e9 de&nbsp;MONAT&nbsp;?<\/h2>\n        <p>Le secret r\u00e9side dans nos formules riches qui permettent \u00e0 ces ingr\u00e9dients naturels de travailler en harmonie les uns avec les autres, en se combinant et en r\u00e9agissant pour renforcer leurs propri\u00e9t\u00e9s naturelles et hisser MONAT \u00e0 un niveau sup\u00e9rieur. Voici un petit aper\u00e7u de la science qui se cache derri\u00e8re MONAT.<\/p>\n              <p>REJUVENIQE S\u2122<br> Huile intensive<\/p>\n              <p>Un m\u00e9lange de plus de 13 huiles v\u00e9g\u00e9tales et essentielles naturelles riches en acides gras om\u00e9ga, en antioxydants et en nutriments hautement compatibles avec la peau et les&nbsp;cheveux.<\/p>\n              <p>CAPIXYL\u2122<\/p>\n              <p>Un complexe actif unique qui aide \u00e0 renforcer et \u00e0 \u00e9paissir les cheveux tout en favorisant leur croissance naturelle.<\/p>\n              <p>PROCATALINE\u2122<\/p>\n              <p>Gr\u00e2ce \u00e0 l&rsquo;extrait de pois, ce m\u00e9lange \u00e0 la pointe de la technologie favorise l&rsquo;apparition de cheveux sains et d&rsquo;apparence plus jeune en aidant \u00e0 prot\u00e9ger votre chevelure des facteurs environnementaux.<\/p>\n              <p>CRODASORB\u2122<\/p>\n              <p>Un ingr\u00e9dient puissant qui aide \u00e0 pr\u00e9server la pigmentation naturelle des cheveux et \u00e0 garder les m\u00e8ches prot\u00e9g\u00e9es et fortes.<\/p>\n            <p>NOUS SOMMES MONAT<\/p>\n            <h2>Nous nous engageons \u00e0 assurer la qualit\u00e9 et la&nbsp;s\u00e9curit\u00e9<\/h2>\n            <p>Chez MONAT, nous n&rsquo;utilisons que des ingr\u00e9dients et des produits s\u00fbrs et efficaces qui combinent le meilleur de la science et de la nature. Nos ingr\u00e9dients naturels sont test\u00e9s et formul\u00e9s pour votre s\u00e9curit\u00e9.<\/p>\n            <p>Oui !  Nous n&rsquo;utillisons que des ingr\u00e9dients s\u00fbrs et test\u00e9s cliniquement,<\/p>\n            <p>Toutes les formules de MONAT sont test\u00e9es cliniquement par des laboratoires ind\u00e9pendants pour s&rsquo;assurer qu&rsquo;elles ne provoquent pas d&rsquo;irritation. Nous formulons nos produits conform\u00e9ment aux normes les plus strictes en vigueur aux \u00c9tats-Unis, au Canada et en Europe.<\/p>\n            <p>En ce qui concerne la s\u00e9curit\u00e9 de nos produits, nous nous engageons \u00e0 n&rsquo;utiliser que des ingr\u00e9dients jug\u00e9s s\u00fbrs pour l&rsquo;usage auquel ils sont destin\u00e9s par des tiers cr\u00e9dibles tels que le Cosmetic Ingredient Review Expert Panel (CIR) aux \u00c9tats-Unis et le Scientific Committee of Consumer Safety (SCCS) en Europe.<\/p>\n            <p>En outre, toutes les formules de MONAT utilisent des ingr\u00e9dients que la FDA, Sant\u00e9 Canada et la Commission europ\u00e9enne (dont les normes sont plus rigoureuses), consid\u00e8rent comme \u00abs\u00fbrs pour l&rsquo;usage cosm\u00e9tique auquel ils sont destin\u00e9s\u00bb.<\/p>\n            <p>Oui ! Nous utilisons des colorants s\u00fbrs.<\/p>\n            <p>Nous utilisons des colorants s\u00fbrs approuv\u00e9s par la FDA, Sant\u00e9 Canada et la Commission europ\u00e9enne dans l&rsquo;Union Europ\u00e9enne.<\/p>\n            <p>Oui ! Nous utilisons des parfums s\u00fbrs,<\/p>\n            <p>Nous utilisons des parfums dont les ingr\u00e9dients ont \u00e9t\u00e9 approuv\u00e9s comme \u00e9tant s\u00fbrs par le Research Institute for Fragrance Materials (RIFM) et la International Fragrance Association (IFRA).<\/p>\n            <p>Le RIFM et l&rsquo;IFRA sont les autorit\u00e9s scientifiques \u00e0 l&rsquo;\u00e9chelle mondiale sur l&rsquo;utilisation de parfums et de mati\u00e8res parfum\u00e9es dans les produits de soins personnels.<\/p>\n            <p>Oui !  Nous sommes v\u00e9gans et respectueux des animaux.<\/p>\n            <p>Nous n&rsquo;utilisons pas d&rsquo;ingr\u00e9dients d&rsquo;origine animale ou de sous-produits animaux. Nos produits ne sont jamais test\u00e9s sur les animaux.<\/p>\n            <p>Oui ! Nous sommes : <\/p>\n            <img decoding=\"async\" id=\"icon_promise\" src=\"https:\/\/monatglobal.com\/wp-content\/uploads\/2025\/01\/the-monat-promise-BEL-FR.svg\" alt=\" vegan leaping bunny and gluten free icons\" loading=\"lazy\">\n    <h2>Oui ! <br>We Are Modern Nature<sup>\u2122<\/sup><\/h2>\n","protected":false},"excerpt":{"rendered":"<p>La science derri\u00e8re MONAT Les ingr\u00e9dients de MONAT sont naturels, s\u00fbrs et purs. Mais, alors que d&rsquo;autres marques reconnaissent le pouvoir des huiles botaniques, qu&rsquo;est-ce qui fait la singularit\u00e9 de&nbsp;MONAT&nbsp;? Le secret r\u00e9side dans nos formules riches qui permettent \u00e0 ces ingr\u00e9dients naturels de travailler en harmonie les uns avec les autres, en se combinant&hellip;<\/p>\n","protected":false},"author":33,"featured_media":465,"parent":0,"menu_order":0,"comment_status":"closed","ping_status":"closed","template":"","meta":{"inline_featured_image":false,"om_disable_all_campaigns":false,"footnotes":""},"categories":[],"tags":[],"class_list":["post-194","page","type-page","status-publish","has-post-thumbnail","hentry"],"aioseo_notices":[],"aioseo_head":"\n\t\t<!-- All in One SEO Pro 4.9.5.2 - aioseo.com -->\n\t<meta name=\"description\" content=\"Les ingr\u00e9dients de MONAT sont naturels, s\u00fbrs, v\u00e9gans et purs et combinent le meilleur de la science et de la nature. Ils sont test\u00e9s et formul\u00e9s pour votre s\u00e9curit\u00e9.\" \/>\n\t<meta name=\"robots\" content=\"max-image-preview:large\" \/>\n\t<link rel=\"canonical\" href=\"https:\/\/monatglobal.com\/be\/the-science-of-monat\/\" \/>\n\t<meta name=\"generator\" content=\"All in One SEO Pro (AIOSEO) 4.9.5.2\" \/>\n\t\t<meta property=\"og:locale\" content=\"fr_FR\" \/>\n\t\t<meta property=\"og:site_name\" content=\"MONAT Belgium - We Are Modern Nature\u2122\" \/>\n\t\t<meta property=\"og:type\" content=\"article\" \/>\n\t\t<meta property=\"og:title\" content=\"La science derri\u00e8re MONAT | Les ingr\u00e9dients de MONAT | MONAT Global\" \/>\n\t\t<meta property=\"og:description\" content=\"Les ingr\u00e9dients de MONAT sont naturels, s\u00fbrs, v\u00e9gans et purs et combinent le meilleur de la science et de la nature. Ils sont test\u00e9s et formul\u00e9s pour votre s\u00e9curit\u00e9.\" \/>\n\t\t<meta property=\"og:url\" content=\"https:\/\/monatglobal.com\/be\/the-science-of-monat\/\" \/>\n\t\t<meta property=\"article:published_time\" content=\"2025-01-10T15:18:53+00:00\" \/>\n\t\t<meta property=\"article:modified_time\" content=\"2025-02-06T02:24:56+00:00\" \/>\n\t\t<meta name=\"twitter:card\" content=\"summary_large_image\" \/>\n\t\t<meta name=\"twitter:title\" content=\"La science derri\u00e8re MONAT | Les ingr\u00e9dients de MONAT | MONAT Global\" \/>\n\t\t<meta name=\"twitter:description\" content=\"Les ingr\u00e9dients de MONAT sont naturels, s\u00fbrs, v\u00e9gans et purs et combinent le meilleur de la science et de la nature. Ils sont test\u00e9s et formul\u00e9s pour votre s\u00e9curit\u00e9.\" \/>\n\t\t<script type=\"application\/ld+json\" class=\"aioseo-schema\">\n\t\t\t{\"@context\":\"https:\\\/\\\/schema.org\",\"@graph\":[{\"@type\":\"BreadcrumbList\",\"@id\":\"https:\\\/\\\/monatglobal.com\\\/be\\\/the-science-of-monat\\\/#breadcrumblist\",\"itemListElement\":[{\"@type\":\"ListItem\",\"@id\":\"https:\\\/\\\/monatglobal.com\\\/be#listItem\",\"position\":1,\"name\":\"Home\",\"item\":\"https:\\\/\\\/monatglobal.com\\\/be\",\"nextItem\":{\"@type\":\"ListItem\",\"@id\":\"https:\\\/\\\/monatglobal.com\\\/be\\\/the-science-of-monat\\\/#listItem\",\"name\":\"La science derri\\u00e8re MONAT\"}},{\"@type\":\"ListItem\",\"@id\":\"https:\\\/\\\/monatglobal.com\\\/be\\\/the-science-of-monat\\\/#listItem\",\"position\":2,\"name\":\"La science derri\\u00e8re MONAT\",\"previousItem\":{\"@type\":\"ListItem\",\"@id\":\"https:\\\/\\\/monatglobal.com\\\/be#listItem\",\"name\":\"Home\"}}]},{\"@type\":\"Organization\",\"@id\":\"https:\\\/\\\/monatglobal.com\\\/be\\\/#organization\",\"name\":\"MONAT Belgium\",\"description\":\"We Are Modern Nature\\u2122\",\"url\":\"https:\\\/\\\/monatglobal.com\\\/be\\\/\"},{\"@type\":\"WebPage\",\"@id\":\"https:\\\/\\\/monatglobal.com\\\/be\\\/the-science-of-monat\\\/#webpage\",\"url\":\"https:\\\/\\\/monatglobal.com\\\/be\\\/the-science-of-monat\\\/\",\"name\":\"La science derri\\u00e8re MONAT | Les ingr\\u00e9dients de MONAT | MONAT Global\",\"description\":\"Les ingr\\u00e9dients de MONAT sont naturels, s\\u00fbrs, v\\u00e9gans et purs et combinent le meilleur de la science et de la nature. Ils sont test\\u00e9s et formul\\u00e9s pour votre s\\u00e9curit\\u00e9.\",\"inLanguage\":\"fr-FR\",\"isPartOf\":{\"@id\":\"https:\\\/\\\/monatglobal.com\\\/be\\\/#website\"},\"breadcrumb\":{\"@id\":\"https:\\\/\\\/monatglobal.com\\\/be\\\/the-science-of-monat\\\/#breadcrumblist\"},\"image\":{\"@type\":\"ImageObject\",\"url\":\"https:\\\/\\\/monatglobal.com\\\/be\\\/wp-content\\\/uploads\\\/sites\\\/23\\\/2025\\\/02\\\/the-science-of-monat-be.jpg\",\"@id\":\"https:\\\/\\\/monatglobal.com\\\/be\\\/the-science-of-monat\\\/#mainImage\",\"width\":1200,\"height\":628},\"primaryImageOfPage\":{\"@id\":\"https:\\\/\\\/monatglobal.com\\\/be\\\/the-science-of-monat\\\/#mainImage\"},\"datePublished\":\"2025-01-10T15:18:53+00:00\",\"dateModified\":\"2025-02-06T02:24:56+00:00\"},{\"@type\":\"WebSite\",\"@id\":\"https:\\\/\\\/monatglobal.com\\\/be\\\/#website\",\"url\":\"https:\\\/\\\/monatglobal.com\\\/be\\\/\",\"name\":\"MONAT Belgium\",\"description\":\"We Are Modern Nature\\u2122\",\"inLanguage\":\"fr-FR\",\"publisher\":{\"@id\":\"https:\\\/\\\/monatglobal.com\\\/be\\\/#organization\"}}]}\n\t\t<\/script>\n\t\t<!-- All in One SEO Pro -->\r\n\t\t<title>La science derri\u00e8re MONAT | Les ingr\u00e9dients de MONAT | MONAT Global<\/title>\n\n","aioseo_head_json":{"title":"La science derri\u00e8re MONAT | Les ingr\u00e9dients de MONAT | MONAT Global","description":"Les ingr\u00e9dients de MONAT sont naturels, s\u00fbrs, v\u00e9gans et purs et combinent le meilleur de la science et de la nature. Ils sont test\u00e9s et formul\u00e9s pour votre s\u00e9curit\u00e9.","canonical_url":"https:\/\/monatglobal.com\/be\/the-science-of-monat\/","robots":"max-image-preview:large","keywords":"","webmasterTools":{"miscellaneous":""},"schema":{"@context":"https:\/\/schema.org","@graph":[{"@type":"BreadcrumbList","@id":"https:\/\/monatglobal.com\/be\/the-science-of-monat\/#breadcrumblist","itemListElement":[{"@type":"ListItem","@id":"https:\/\/monatglobal.com\/be#listItem","position":1,"name":"Home","item":"https:\/\/monatglobal.com\/be","nextItem":{"@type":"ListItem","@id":"https:\/\/monatglobal.com\/be\/the-science-of-monat\/#listItem","name":"La science derri\u00e8re MONAT"}},{"@type":"ListItem","@id":"https:\/\/monatglobal.com\/be\/the-science-of-monat\/#listItem","position":2,"name":"La science derri\u00e8re MONAT","previousItem":{"@type":"ListItem","@id":"https:\/\/monatglobal.com\/be#listItem","name":"Home"}}]},{"@type":"Organization","@id":"https:\/\/monatglobal.com\/be\/#organization","name":"MONAT Belgium","description":"We Are Modern Nature\u2122","url":"https:\/\/monatglobal.com\/be\/"},{"@type":"WebPage","@id":"https:\/\/monatglobal.com\/be\/the-science-of-monat\/#webpage","url":"https:\/\/monatglobal.com\/be\/the-science-of-monat\/","name":"La science derri\u00e8re MONAT | Les ingr\u00e9dients de MONAT | MONAT Global","description":"Les ingr\u00e9dients de MONAT sont naturels, s\u00fbrs, v\u00e9gans et purs et combinent le meilleur de la science et de la nature. Ils sont test\u00e9s et formul\u00e9s pour votre s\u00e9curit\u00e9.","inLanguage":"fr-FR","isPartOf":{"@id":"https:\/\/monatglobal.com\/be\/#website"},"breadcrumb":{"@id":"https:\/\/monatglobal.com\/be\/the-science-of-monat\/#breadcrumblist"},"image":{"@type":"ImageObject","url":"https:\/\/monatglobal.com\/be\/wp-content\/uploads\/sites\/23\/2025\/02\/the-science-of-monat-be.jpg","@id":"https:\/\/monatglobal.com\/be\/the-science-of-monat\/#mainImage","width":1200,"height":628},"primaryImageOfPage":{"@id":"https:\/\/monatglobal.com\/be\/the-science-of-monat\/#mainImage"},"datePublished":"2025-01-10T15:18:53+00:00","dateModified":"2025-02-06T02:24:56+00:00"},{"@type":"WebSite","@id":"https:\/\/monatglobal.com\/be\/#website","url":"https:\/\/monatglobal.com\/be\/","name":"MONAT Belgium","description":"We Are Modern Nature\u2122","inLanguage":"fr-FR","publisher":{"@id":"https:\/\/monatglobal.com\/be\/#organization"}}]},"og:locale":"fr_FR","og:site_name":"MONAT Belgium - We Are Modern Nature\u2122","og:type":"article","og:title":"La science derri\u00e8re MONAT | Les ingr\u00e9dients de MONAT | MONAT Global","og:description":"Les ingr\u00e9dients de MONAT sont naturels, s\u00fbrs, v\u00e9gans et purs et combinent le meilleur de la science et de la nature. Ils sont test\u00e9s et formul\u00e9s pour votre s\u00e9curit\u00e9.","og:url":"https:\/\/monatglobal.com\/be\/the-science-of-monat\/","article:published_time":"2025-01-10T15:18:53+00:00","article:modified_time":"2025-02-06T02:24:56+00:00","twitter:card":"summary_large_image","twitter:title":"La science derri\u00e8re MONAT | Les ingr\u00e9dients de MONAT | MONAT Global","twitter:description":"Les ingr\u00e9dients de MONAT sont naturels, s\u00fbrs, v\u00e9gans et purs et combinent le meilleur de la science et de la nature. Ils sont test\u00e9s et formul\u00e9s pour votre s\u00e9curit\u00e9."},"aioseo_meta_data":{"post_id":"194","title":"La science derri\u00e8re MONAT | Les ingr\u00e9dients de MONAT | MONAT Global","description":"Les ingr\u00e9dients de MONAT sont naturels, s\u00fbrs, v\u00e9gans et purs et combinent le meilleur de la science et de la nature. Ils sont test\u00e9s et formul\u00e9s pour votre s\u00e9curit\u00e9.","keywords":null,"keyphrases":{"focus":{"keyphrase":"","score":0,"analysis":{"keyphraseInTitle":{"score":0,"maxScore":9,"error":1}}},"additional":[]},"primary_term":null,"canonical_url":null,"og_title":null,"og_description":null,"og_object_type":"default","og_image_type":"default","og_image_url":null,"og_image_width":null,"og_image_height":null,"og_image_custom_url":null,"og_image_custom_fields":null,"og_video":"","og_custom_url":null,"og_article_section":null,"og_article_tags":null,"twitter_use_og":false,"twitter_card":"default","twitter_image_type":"default","twitter_image_url":null,"twitter_image_custom_url":null,"twitter_image_custom_fields":null,"twitter_title":null,"twitter_description":null,"schema":{"blockGraphs":[],"customGraphs":[],"default":{"data":{"Article":[],"Course":[],"Dataset":[],"FAQPage":[],"Movie":[],"Person":[],"Product":[],"ProductReview":[],"Car":[],"Recipe":[],"Service":[],"SoftwareApplication":[],"WebPage":[]},"graphName":"WebPage","isEnabled":true},"graphs":[]},"schema_type":"default","schema_type_options":null,"pillar_content":false,"robots_default":true,"robots_noindex":false,"robots_noarchive":false,"robots_nosnippet":false,"robots_nofollow":false,"robots_noimageindex":false,"robots_noodp":false,"robots_notranslate":false,"robots_max_snippet":"-1","robots_max_videopreview":"-1","robots_max_imagepreview":"large","priority":null,"frequency":"default","local_seo":null,"seo_analyzer_scan_date":null,"breadcrumb_settings":null,"limit_modified_date":false,"reviewed_by":null,"open_ai":null,"ai":null,"created":"2025-01-10 15:18:55","updated":"2026-02-10 05:23:25"},"aioseo_breadcrumb":"<div class=\"aioseo-breadcrumbs\"><span class=\"aioseo-breadcrumb\">\n\t<a href=\"https:\/\/monatglobal.com\/be\" title=\"Home\">Home<\/a>\n<\/span><span class=\"aioseo-breadcrumb-separator\">&raquo;<\/span><span class=\"aioseo-breadcrumb\">\n\tLa science derri\u00e8re MONAT\n<\/span><\/div>","aioseo_breadcrumb_json":[{"label":"Home","link":"https:\/\/monatglobal.com\/be"},{"label":"La science derri\u00e8re MONAT","link":"https:\/\/monatglobal.com\/be\/the-science-of-monat\/"}],"_links":{"self":[{"href":"https:\/\/monatglobal.com\/be\/wp-json\/wp\/v2\/pages\/194","targetHints":{"allow":["GET"]}}],"collection":[{"href":"https:\/\/monatglobal.com\/be\/wp-json\/wp\/v2\/pages"}],"about":[{"href":"https:\/\/monatglobal.com\/be\/wp-json\/wp\/v2\/types\/page"}],"author":[{"embeddable":true,"href":"https:\/\/monatglobal.com\/be\/wp-json\/wp\/v2\/users\/33"}],"replies":[{"embeddable":true,"href":"https:\/\/monatglobal.com\/be\/wp-json\/wp\/v2\/comments?post=194"}],"version-history":[{"count":7,"href":"https:\/\/monatglobal.com\/be\/wp-json\/wp\/v2\/pages\/194\/revisions"}],"predecessor-version":[{"id":442,"href":"https:\/\/monatglobal.com\/be\/wp-json\/wp\/v2\/pages\/194\/revisions\/442"}],"wp:featuredmedia":[{"embeddable":true,"href":"https:\/\/monatglobal.com\/be\/wp-json\/wp\/v2\/media\/465"}],"wp:attachment":[{"href":"https:\/\/monatglobal.com\/be\/wp-json\/wp\/v2\/media?parent=194"}],"wp:term":[{"taxonomy":"category","embeddable":true,"href":"https:\/\/monatglobal.com\/be\/wp-json\/wp\/v2\/categories?post=194"},{"taxonomy":"post_tag","embeddable":true,"href":"https:\/\/monatglobal.com\/be\/wp-json\/wp\/v2\/tags?post=194"}],"curies":[{"name":"wp","href":"https:\/\/api.w.org\/{rel}","templated":true}]}}