{"id":183,"date":"2025-01-09T15:48:39","date_gmt":"2025-01-09T15:48:39","guid":{"rendered":"https:\/\/monatglobal.com\/be\/?page_id=183"},"modified":"2025-02-03T05:02:34","modified_gmt":"2025-02-03T05:02:34","slug":"history","status":"publish","type":"page","link":"https:\/\/monatglobal.com\/be\/history\/?lang=nl","title":{"rendered":"Het verhaal van MONAT"},"content":{"rendered":"\n<link rel=\"stylesheet\" href=\"https:\/\/unpkg.com\/swiper\/swiper-bundle.min.css\">\n<section id=\"bannerSec\">\n        <p>Het begon allemaal<\/p>\n        <p>met een visioen&#8230; <\/p>\n<\/section> \n<section id=\"dateSec\"> \n            <h1>Het verhaal van MONAT<\/h1>\n            <h3>De MONAT-beweging begon met \u00e9\u00e9n gezin en \u00e9\u00e9n grote droom &#8211; om van deze wereld een betere plek maken voor iedereen, met hoogwaardige producten en lonende mogelijkheden.<\/h3>\n            <img decoding=\"async\" alt=\"Blonde female spraying hairspray onto a brunette female's curly hair.\" src=\"https:\/\/monatglobal.com\/wp-content\/uploads\/2022\/10\/our-story-MONAT-LAUNCH-2014.jpg\" loading=\"lazy\"> \n                    <h2>De Urdaneta&rsquo;s lanceerden de MONAT-business in oktober 2014.<\/h2>\n                    <p>In slechts een paar jaar tijd brachten de Urdaneta&rsquo;s een revolutie teweeg, dankzij de toewijding van MONAT Market Partners, de enthousiaste steun van VIP-klanten en een getalenteerd thuiskantoorpersoneel.<\/p>\n<\/section> \n<section id=\"encompassesSec\"> \n    <p>De MONAT-beweging omvat niet alleen innovatieve <em>haarverzorgings-, huidverzorgings-<\/em> en <em>wellnessproducten<\/em>, maar ook een oprechte toewijding om anderen te helpen een mooi leven op te bouwen.<\/p>\n        <img decoding=\"async\" id=\"oilImg\" alt=\"Oil texture\" src=\"https:\/\/monatglobal.com\/wp-content\/uploads\/2022\/10\/oil-texture_history.png\" loading=\"lazy\">\n        <img decoding=\"async\" id=\"cremeImg\" alt=\"Texture shot of Sun Veil\u2122.\" src=\"https:\/\/monatglobal.com\/wp-content\/uploads\/2022\/10\/creme-texture_history.png\" loading=\"lazy\">    \n                <p>De MONAT-beweging omvat niet alleen innovatieve <em>haarverzorgings-, huidverzorgings-<\/em> en <em>wellnessproducten<\/em>, maar ook een oprechte toewijding om anderen te helpen een mooi leven op te bouwen.<\/p>\n                <img decoding=\"async\" alt=\"A brunette woman applying MONAT Makeup on one of her cheekbones.\" src=\"https:\/\/monatglobal.com\/uk\/wp-content\/uploads\/sites\/6\/2025\/01\/makeup-our-story.jpg\" loading=\"lazy\">\n                <p>MONAT biedt een genereus compensatieplan, een uitzonderlijk ondersteunend systeem en zorgzame, toegewijde leiders die je als familie behandelen.<\/p>\n                <img decoding=\"async\" alt=\"Brunette female touching her hair while standing outside.\" src=\"https:\/\/monatglobal.com\/wp-content\/uploads\/2022\/10\/haircare-our-story.jpg\" loading=\"lazy\">\n                <img decoding=\"async\" alt=\"Brunette female standing near a pink wall with the shadows of palm trees, while kissing Sun Veil\u2122.\" src=\"https:\/\/monatglobal.com\/wp-content\/uploads\/2022\/10\/skincare-our-story.jpg\" loading=\"lazy\">\n<\/section> \n<section id=\"videoSec\">\n<\/section> \n<section id=\"readySec\"> \n        <h2>Ben jij klaar om deel uit te maken<br> van deze unieke community?<\/h2>\n                <p>Er is nog nooit een beter moment geweest dan nu om lid te worden van de MONAT-familie!<\/p>\n                <a href=\"https:\/\/mymonat.com\/pyr_core\/v2_enrollments\/select_market?enroll_params=profile_form_type%3Dexpress&amp;mp_only=true\">Nu lid worden<\/a>\n            <img decoding=\"async\" alt=\"Female sitting inside a shopping cart with MONAT boxes, while another female pushes the cart.\" src=\"https:\/\/monatglobal.com\/wp-content\/uploads\/2022\/10\/monat-family-our-story.jpg\" loading=\"lazy\">\n        <a href=\"https:\/\/mymonat.com\/pyr_core\/v2_enrollments\/select_market?enroll_params=profile_form_type%3Dexpress&amp;mp_only=true\">Nu lid worden<\/a>\n<\/section>\n","protected":false},"excerpt":{"rendered":"<p>Het begon allemaal met een visioen&#8230; Het verhaal van MONAT De MONAT-beweging begon met \u00e9\u00e9n gezin en \u00e9\u00e9n grote droom &#8211; om van deze wereld een betere plek maken voor iedereen, met hoogwaardige producten en lonende mogelijkheden. De Urdaneta&rsquo;s lanceerden de MONAT-business in oktober 2014. In slechts een paar jaar tijd brachten de Urdaneta&rsquo;s een&hellip;<\/p>\n","protected":false},"author":33,"featured_media":464,"parent":0,"menu_order":0,"comment_status":"closed","ping_status":"closed","template":"","meta":{"inline_featured_image":false,"om_disable_all_campaigns":false,"footnotes":""},"categories":[],"tags":[],"class_list":["post-183","page","type-page","status-publish","has-post-thumbnail","hentry"],"aioseo_notices":[],"aioseo_head":"\n\t\t<!-- All in One SEO Pro 4.9.6 - aioseo.com -->\n\t<meta name=\"description\" content=\"De MONAT-beweging begon met \u00e9\u00e9n gezin en \u00e9\u00e9n grote droom - om van deze wereld een betere plek maken voor iedereen, met hoogwaardige producten en lonende mogelijkheden.\" \/>\n\t<meta name=\"robots\" content=\"max-image-preview:large\" \/>\n\t<link rel=\"canonical\" href=\"https:\/\/monatglobal.com\/be\/history\/?lang=nl\" \/>\n\t<meta name=\"generator\" content=\"All in One SEO Pro (AIOSEO) 4.9.6\" \/>\n\t\t<meta property=\"og:locale\" content=\"fr_FR\" \/>\n\t\t<meta property=\"og:site_name\" content=\"MONAT Belgium - We Are Modern Nature\u2122\" \/>\n\t\t<meta property=\"og:type\" content=\"article\" \/>\n\t\t<meta property=\"og:title\" content=\"Het verhaal van MONAT - MONAT Belgium\" \/>\n\t\t<meta property=\"og:description\" content=\"De MONAT-beweging begon met \u00e9\u00e9n gezin en \u00e9\u00e9n grote droom - om van deze wereld een betere plek maken voor iedereen, met hoogwaardige producten en lonende mogelijkheden.\" \/>\n\t\t<meta property=\"og:url\" content=\"https:\/\/monatglobal.com\/be\/history\/?lang=nl\" \/>\n\t\t<meta property=\"article:published_time\" content=\"2025-01-09T15:48:39+00:00\" \/>\n\t\t<meta property=\"article:modified_time\" content=\"2025-02-03T05:02:34+00:00\" \/>\n\t\t<meta name=\"twitter:card\" content=\"summary_large_image\" \/>\n\t\t<meta name=\"twitter:title\" content=\"Het verhaal van MONAT - MONAT Belgium\" \/>\n\t\t<meta name=\"twitter:description\" content=\"De MONAT-beweging begon met \u00e9\u00e9n gezin en \u00e9\u00e9n grote droom - om van deze wereld een betere plek maken voor iedereen, met hoogwaardige producten en lonende mogelijkheden.\" \/>\n\t\t<script type=\"application\/ld+json\" class=\"aioseo-schema\">\n\t\t\t{\"@context\":\"https:\\\/\\\/schema.org\",\"@graph\":[{\"@type\":\"BreadcrumbList\",\"@id\":\"https:\\\/\\\/monatglobal.com\\\/be\\\/history\\\/?lang=nl#breadcrumblist\",\"itemListElement\":[{\"@type\":\"ListItem\",\"@id\":\"https:\\\/\\\/monatglobal.com\\\/be#listItem\",\"position\":1,\"name\":\"Home\",\"item\":\"https:\\\/\\\/monatglobal.com\\\/be\",\"nextItem\":{\"@type\":\"ListItem\",\"@id\":\"https:\\\/\\\/monatglobal.com\\\/be\\\/history\\\/?lang=nl#listItem\",\"name\":\"Het verhaal van MONAT\"}},{\"@type\":\"ListItem\",\"@id\":\"https:\\\/\\\/monatglobal.com\\\/be\\\/history\\\/?lang=nl#listItem\",\"position\":2,\"name\":\"Het verhaal van MONAT\",\"previousItem\":{\"@type\":\"ListItem\",\"@id\":\"https:\\\/\\\/monatglobal.com\\\/be#listItem\",\"name\":\"Home\"}}]},{\"@type\":\"Organization\",\"@id\":\"https:\\\/\\\/monatglobal.com\\\/be\\\/#organization\",\"name\":\"MONAT Belgium\",\"description\":\"We Are Modern Nature\\u2122\",\"url\":\"https:\\\/\\\/monatglobal.com\\\/be\\\/\"},{\"@type\":\"WebPage\",\"@id\":\"https:\\\/\\\/monatglobal.com\\\/be\\\/history\\\/?lang=nl#webpage\",\"url\":\"https:\\\/\\\/monatglobal.com\\\/be\\\/history\\\/?lang=nl\",\"name\":\"Het verhaal van MONAT - MONAT Belgium\",\"description\":\"De MONAT-beweging begon met \\u00e9\\u00e9n gezin en \\u00e9\\u00e9n grote droom - om van deze wereld een betere plek maken voor iedereen, met hoogwaardige producten en lonende mogelijkheden.\",\"inLanguage\":\"fr-FR\",\"isPartOf\":{\"@id\":\"https:\\\/\\\/monatglobal.com\\\/be\\\/#website\"},\"breadcrumb\":{\"@id\":\"https:\\\/\\\/monatglobal.com\\\/be\\\/history\\\/?lang=nl#breadcrumblist\"},\"image\":{\"@type\":\"ImageObject\",\"url\":\"https:\\\/\\\/monatglobal.com\\\/be\\\/wp-content\\\/uploads\\\/sites\\\/23\\\/2025\\\/02\\\/monat-history-be.jpg\",\"@id\":\"https:\\\/\\\/monatglobal.com\\\/be\\\/history\\\/?lang=nl\\\/#mainImage\",\"width\":1200,\"height\":628},\"primaryImageOfPage\":{\"@id\":\"https:\\\/\\\/monatglobal.com\\\/be\\\/history\\\/?lang=nl#mainImage\"},\"datePublished\":\"2025-01-09T15:48:39+00:00\",\"dateModified\":\"2025-02-03T05:02:34+00:00\"},{\"@type\":\"WebSite\",\"@id\":\"https:\\\/\\\/monatglobal.com\\\/be\\\/#website\",\"url\":\"https:\\\/\\\/monatglobal.com\\\/be\\\/\",\"name\":\"MONAT Belgium\",\"description\":\"We Are Modern Nature\\u2122\",\"inLanguage\":\"fr-FR\",\"publisher\":{\"@id\":\"https:\\\/\\\/monatglobal.com\\\/be\\\/#organization\"}}]}\n\t\t<\/script>\n\t\t<!-- All in One SEO Pro -->\r\n\t\t<title>Het verhaal van MONAT - MONAT Belgium<\/title>\n\n","aioseo_head_json":{"title":"Het verhaal van MONAT - MONAT Belgium","description":"De MONAT-beweging begon met \u00e9\u00e9n gezin en \u00e9\u00e9n grote droom - om van deze wereld een betere plek maken voor iedereen, met hoogwaardige producten en lonende mogelijkheden.","canonical_url":"https:\/\/monatglobal.com\/be\/history\/?lang=nl","robots":"max-image-preview:large","keywords":"","webmasterTools":{"miscellaneous":""},"schema":{"@context":"https:\/\/schema.org","@graph":[{"@type":"BreadcrumbList","@id":"https:\/\/monatglobal.com\/be\/history\/?lang=nl#breadcrumblist","itemListElement":[{"@type":"ListItem","@id":"https:\/\/monatglobal.com\/be#listItem","position":1,"name":"Home","item":"https:\/\/monatglobal.com\/be","nextItem":{"@type":"ListItem","@id":"https:\/\/monatglobal.com\/be\/history\/?lang=nl#listItem","name":"Het verhaal van MONAT"}},{"@type":"ListItem","@id":"https:\/\/monatglobal.com\/be\/history\/?lang=nl#listItem","position":2,"name":"Het verhaal van MONAT","previousItem":{"@type":"ListItem","@id":"https:\/\/monatglobal.com\/be#listItem","name":"Home"}}]},{"@type":"Organization","@id":"https:\/\/monatglobal.com\/be\/#organization","name":"MONAT Belgium","description":"We Are Modern Nature\u2122","url":"https:\/\/monatglobal.com\/be\/"},{"@type":"WebPage","@id":"https:\/\/monatglobal.com\/be\/history\/?lang=nl#webpage","url":"https:\/\/monatglobal.com\/be\/history\/?lang=nl","name":"Het verhaal van MONAT - MONAT Belgium","description":"De MONAT-beweging begon met \u00e9\u00e9n gezin en \u00e9\u00e9n grote droom - om van deze wereld een betere plek maken voor iedereen, met hoogwaardige producten en lonende mogelijkheden.","inLanguage":"fr-FR","isPartOf":{"@id":"https:\/\/monatglobal.com\/be\/#website"},"breadcrumb":{"@id":"https:\/\/monatglobal.com\/be\/history\/?lang=nl#breadcrumblist"},"image":{"@type":"ImageObject","url":"https:\/\/monatglobal.com\/be\/wp-content\/uploads\/sites\/23\/2025\/02\/monat-history-be.jpg","@id":"https:\/\/monatglobal.com\/be\/history\/?lang=nl\/#mainImage","width":1200,"height":628},"primaryImageOfPage":{"@id":"https:\/\/monatglobal.com\/be\/history\/?lang=nl#mainImage"},"datePublished":"2025-01-09T15:48:39+00:00","dateModified":"2025-02-03T05:02:34+00:00"},{"@type":"WebSite","@id":"https:\/\/monatglobal.com\/be\/#website","url":"https:\/\/monatglobal.com\/be\/","name":"MONAT Belgium","description":"We Are Modern Nature\u2122","inLanguage":"fr-FR","publisher":{"@id":"https:\/\/monatglobal.com\/be\/#organization"}}]},"og:locale":"fr_FR","og:site_name":"MONAT Belgium - We Are Modern Nature\u2122","og:type":"article","og:title":"Het verhaal van MONAT - MONAT Belgium","og:description":"De MONAT-beweging begon met \u00e9\u00e9n gezin en \u00e9\u00e9n grote droom - om van deze wereld een betere plek maken voor iedereen, met hoogwaardige producten en lonende mogelijkheden.","og:url":"https:\/\/monatglobal.com\/be\/history\/?lang=nl","article:published_time":"2025-01-09T15:48:39+00:00","article:modified_time":"2025-02-03T05:02:34+00:00","twitter:card":"summary_large_image","twitter:title":"Het verhaal van MONAT - MONAT Belgium","twitter:description":"De MONAT-beweging begon met \u00e9\u00e9n gezin en \u00e9\u00e9n grote droom - om van deze wereld een betere plek maken voor iedereen, met hoogwaardige producten en lonende mogelijkheden."},"aioseo_meta_data":{"post_id":"183","title":null,"description":"De MONAT-beweging begon met \u00e9\u00e9n gezin en \u00e9\u00e9n grote droom - om van deze wereld een betere plek maken voor iedereen, met hoogwaardige producten en lonende mogelijkheden.","keywords":null,"keyphrases":{"focus":{"keyphrase":"","score":0,"analysis":{"keyphraseInTitle":{"score":0,"maxScore":9,"error":1}}},"additional":[]},"primary_term":null,"canonical_url":null,"og_title":null,"og_description":null,"og_object_type":"default","og_image_type":"default","og_image_url":null,"og_image_width":null,"og_image_height":null,"og_image_custom_url":null,"og_image_custom_fields":null,"og_video":"","og_custom_url":null,"og_article_section":null,"og_article_tags":null,"twitter_use_og":false,"twitter_card":"default","twitter_image_type":"default","twitter_image_url":null,"twitter_image_custom_url":null,"twitter_image_custom_fields":null,"twitter_title":null,"twitter_description":null,"schema":{"blockGraphs":[],"customGraphs":[],"default":{"data":{"Article":[],"Course":[],"Dataset":[],"FAQPage":[],"Movie":[],"Person":[],"Product":[],"ProductReview":[],"Car":[],"Recipe":[],"Service":[],"SoftwareApplication":[],"WebPage":[]},"graphName":"WebPage","isEnabled":true},"graphs":[]},"schema_type":"default","schema_type_options":null,"pillar_content":false,"robots_default":true,"robots_noindex":false,"robots_noarchive":false,"robots_nosnippet":false,"robots_nofollow":false,"robots_noimageindex":false,"robots_noodp":false,"robots_notranslate":false,"robots_max_snippet":"-1","robots_max_videopreview":"-1","robots_max_imagepreview":"large","priority":null,"frequency":"default","local_seo":null,"seo_analyzer_scan_date":null,"breadcrumb_settings":null,"limit_modified_date":false,"reviewed_by":null,"open_ai":null,"ai":null,"created":"2025-01-09 16:14:30","updated":"2026-02-10 05:18:26"},"aioseo_breadcrumb":"<div class=\"aioseo-breadcrumbs\"><span class=\"aioseo-breadcrumb\">\n\t<a href=\"https:\/\/monatglobal.com\/be\" title=\"Home\">Home<\/a>\n<\/span><span class=\"aioseo-breadcrumb-separator\">&raquo;<\/span><span class=\"aioseo-breadcrumb\">\n\tHet verhaal van MONAT\n<\/span><\/div>","aioseo_breadcrumb_json":[{"label":"Home","link":"https:\/\/monatglobal.com\/be"},{"label":"Het verhaal van MONAT","link":"https:\/\/monatglobal.com\/be\/history\/?lang=nl"}],"_links":{"self":[{"href":"https:\/\/monatglobal.com\/be\/wp-json\/wp\/v2\/pages\/183","targetHints":{"allow":["GET"]}}],"collection":[{"href":"https:\/\/monatglobal.com\/be\/wp-json\/wp\/v2\/pages"}],"about":[{"href":"https:\/\/monatglobal.com\/be\/wp-json\/wp\/v2\/types\/page"}],"author":[{"embeddable":true,"href":"https:\/\/monatglobal.com\/be\/wp-json\/wp\/v2\/users\/33"}],"replies":[{"embeddable":true,"href":"https:\/\/monatglobal.com\/be\/wp-json\/wp\/v2\/comments?post=183"}],"version-history":[{"count":7,"href":"https:\/\/monatglobal.com\/be\/wp-json\/wp\/v2\/pages\/183\/revisions"}],"predecessor-version":[{"id":470,"href":"https:\/\/monatglobal.com\/be\/wp-json\/wp\/v2\/pages\/183\/revisions\/470"}],"wp:featuredmedia":[{"embeddable":true,"href":"https:\/\/monatglobal.com\/be\/wp-json\/wp\/v2\/media\/464"}],"wp:attachment":[{"href":"https:\/\/monatglobal.com\/be\/wp-json\/wp\/v2\/media?parent=183"}],"wp:term":[{"taxonomy":"category","embeddable":true,"href":"https:\/\/monatglobal.com\/be\/wp-json\/wp\/v2\/categories?post=183"},{"taxonomy":"post_tag","embeddable":true,"href":"https:\/\/monatglobal.com\/be\/wp-json\/wp\/v2\/tags?post=183"}],"curies":[{"name":"wp","href":"https:\/\/api.w.org\/{rel}","templated":true}]}}