{"id":180,"date":"2025-01-09T15:48:39","date_gmt":"2025-01-09T15:48:39","guid":{"rendered":"https:\/\/monatglobal.com\/be\/?page_id=180"},"modified":"2025-02-11T15:37:46","modified_gmt":"2025-02-11T15:37:46","slug":"history","status":"publish","type":"page","link":"https:\/\/monatglobal.com\/be\/history\/","title":{"rendered":"L&rsquo;histoire du MONAT"},"content":{"rendered":"\n\n\t<link rel='stylesheet' href='https:\/\/unpkg.com\/swiper\/swiper-bundle.min.css'\/>\n<section id=\"bannerSec\">\n        <p>Tout a commenc\u00e9<\/p>\n        <p>avec une vision&#8230;<\/p>\n<\/section> \n<section id=\"dateSec\"> \n            <h1>L&rsquo;histoire du MONAT<\/h1>\n            <h3>Le mouvement MONAT a commenc\u00e9 par une famille avec un grand r\u00eave : cr\u00e9er un monde meilleur, une personne \u00e0 la fois, en offrant des produits haut de gamme et une occasion gratifiante.<\/h3>\n            <img decoding=\"async\" alt=\"Blonde female spraying hairspray onto a brunette female's curly hair.\" src=\"https:\/\/monatglobal.com\/wp-content\/uploads\/2022\/10\/our-story-MONAT-LAUNCH-2014.jpg\" loading=\"lazy\"\/> \n                    <h2>Les Urdaneta ont lanc\u00e9 MONAT en octobre 2014.<\/h2>\n                    <p>En l&rsquo;espace de quelques ann\u00e9es, les Urdaneta ont inspir\u00e9 une r\u00e9volution gr\u00e2ce aux Partenaires de March\u00e9 d\u00e9vou\u00e9s, \u00e0 l&rsquo;appui enthousiaste des clients VIP et au merveilleux personnel du si\u00e8ge social.<\/p>\n<\/section> \n<section id=\"encompassesSec\"> \n    <p>Le mouvement MONAT englobe non seulement les <em>soins capillaires<\/em>, les <em>soins de la peau<\/em> et les <em>produits de bien-\u00eatre<\/em> innovateurs,  mais aussi un engagement sinc\u00e8re \u00e0 vouloir aider les autres \u00e0 se b\u00e2tir une belle vie.<\/p>\n        <img decoding=\"async\" id=\"oilImg\" alt=\"Oil texture\" src=\"https:\/\/monatglobal.com\/wp-content\/uploads\/2022\/10\/oil-texture_history.png\" loading=\"lazy\"\/>\n        <img decoding=\"async\" id=\"cremeImg\" alt=\"Texture shot of Sun Veil\u2122.\" src=\"https:\/\/monatglobal.com\/wp-content\/uploads\/2022\/10\/creme-texture_history.png\" loading=\"lazy\"\/>    \n                <p>Le mouvement MONAT englobe non seulement les <em>soins capillaires<\/em>, les <em>soins de la peau<\/em> et les <em>produits de bien-\u00eatre<\/em> innovateurs,  mais aussi un engagement sinc\u00e8re \u00e0 vouloir aider les autres \u00e0 se b\u00e2tir une belle vie.<\/p>\n                <img decoding=\"async\" alt=\"A brunette woman applying MONAT Makeup on one of her cheekbones.\" src=\"https:\/\/monatglobal.com\/uk\/wp-content\/uploads\/sites\/6\/2025\/01\/makeup-our-story.jpg\" loading=\"lazy\"\/>\n                <p>MONAT offre un g\u00e9n\u00e9reux plan de r\u00e9mun\u00e9ration, un syst\u00e8me de soutien exceptionnel, et des leaders bienveillants et engag\u00e9s qui vous traitent comme des membres de la famille.<\/p>\n                <img decoding=\"async\" alt=\"Brunette female touching her hair while standing outside.\" src=\"https:\/\/monatglobal.com\/wp-content\/uploads\/2022\/10\/haircare-our-story.jpg\" loading=\"lazy\"\/>\n                <img decoding=\"async\" alt=\"Brunette female standing near a pink wall with the shadows of palm trees, while kissing Sun Veil\u2122.\" src=\"https:\/\/monatglobal.com\/wp-content\/uploads\/2022\/10\/skincare-our-story.jpg\" loading=\"lazy\"\/>\n<\/section> \n<section id=\"videoSec\">\n<\/section> \n<section id=\"readySec\"> \n        <h2>\u00cates-vous pr\u00eats \u00e0 faire <br \/>partie de cette communaut\u00e9 unique ?<\/h2>\n                <p>C&rsquo;est le meilleur moment de vous joindre \u00e0 la famille MONAT !<\/p>\n                <a href=\"https:\/\/mymonat.com\/pyr_core\/v2_enrollments\/select_market?enroll_params=profile_form_type%3Dexpress&#038;mp_only=true\">S&rsquo;inscrire maintenant<\/a>\n            <img decoding=\"async\" alt=\"Female sitting inside a shopping cart with MONAT boxes, while another female pushes the cart.\" src=\"https:\/\/monatglobal.com\/wp-content\/uploads\/2022\/10\/monat-family-our-story.jpg\" loading=\"lazy\"\/>\n        <a href=\"https:\/\/mymonat.com\/pyr_core\/v2_enrollments\/select_market?enroll_params=profile_form_type%3Dexpress&#038;mp_only=true\">S&rsquo;inscrire maintenant<\/a>\n<\/section> \n\n","protected":false},"excerpt":{"rendered":"<p>Tout a commenc\u00e9 avec une vision&#8230; L&rsquo;histoire du MONAT Le mouvement MONAT a commenc\u00e9 par une famille avec un grand r\u00eave : cr\u00e9er un monde meilleur, une personne \u00e0 la fois, en offrant des produits haut de gamme et une occasion gratifiante. Les Urdaneta ont lanc\u00e9 MONAT en octobre 2014. En l&rsquo;espace de quelques ann\u00e9es,&hellip;<\/p>\n","protected":false},"author":33,"featured_media":463,"parent":0,"menu_order":0,"comment_status":"closed","ping_status":"closed","template":"","meta":{"inline_featured_image":false,"om_disable_all_campaigns":false,"footnotes":""},"categories":[],"tags":[],"class_list":["post-180","page","type-page","status-publish","has-post-thumbnail","hentry"],"aioseo_notices":[],"aioseo_head":"\n\t\t<!-- All in One SEO Pro 4.9.5.2 - aioseo.com -->\n\t<meta name=\"description\" content=\"Tout a commenc\u00e9 avec une vision\u2026 L&#039;histoire du MONAT Le mouvement MONAT a commenc\u00e9 par une famille avec un grand r\u00eave : cr\u00e9er un monde meilleur, une personne \u00e0 la fois, en offrant des produits haut de gamme et une occasion gratifiante. Les Urdaneta ont lanc\u00e9 MONAT en octobre 2014. En l&#039;espace de quelques ann\u00e9es,\" \/>\n\t<meta name=\"robots\" content=\"max-image-preview:large\" \/>\n\t<link rel=\"canonical\" href=\"https:\/\/monatglobal.com\/be\/history\/\" \/>\n\t<meta name=\"generator\" content=\"All in One SEO Pro (AIOSEO) 4.9.5.2\" \/>\n\t\t<meta property=\"og:locale\" content=\"fr_FR\" \/>\n\t\t<meta property=\"og:site_name\" content=\"MONAT Belgium - We Are Modern Nature\u2122\" \/>\n\t\t<meta property=\"og:type\" content=\"article\" \/>\n\t\t<meta property=\"og:title\" content=\"L\u2019histoire du MONAT - MONAT Belgium\" \/>\n\t\t<meta property=\"og:description\" content=\"Tout a commenc\u00e9 avec une vision\u2026 L&#039;histoire du MONAT Le mouvement MONAT a commenc\u00e9 par une famille avec un grand r\u00eave : cr\u00e9er un monde meilleur, une personne \u00e0 la fois, en offrant des produits haut de gamme et une occasion gratifiante. Les Urdaneta ont lanc\u00e9 MONAT en octobre 2014. En l&#039;espace de quelques ann\u00e9es,\" \/>\n\t\t<meta property=\"og:url\" content=\"https:\/\/monatglobal.com\/be\/history\/\" \/>\n\t\t<meta property=\"article:published_time\" content=\"2025-01-09T15:48:39+00:00\" \/>\n\t\t<meta property=\"article:modified_time\" content=\"2025-02-11T15:37:46+00:00\" \/>\n\t\t<meta name=\"twitter:card\" content=\"summary_large_image\" \/>\n\t\t<meta name=\"twitter:title\" content=\"L\u2019histoire du MONAT - MONAT Belgium\" \/>\n\t\t<meta name=\"twitter:description\" content=\"Tout a commenc\u00e9 avec une vision\u2026 L&#039;histoire du MONAT Le mouvement MONAT a commenc\u00e9 par une famille avec un grand r\u00eave : cr\u00e9er un monde meilleur, une personne \u00e0 la fois, en offrant des produits haut de gamme et une occasion gratifiante. Les Urdaneta ont lanc\u00e9 MONAT en octobre 2014. En l&#039;espace de quelques ann\u00e9es,\" \/>\n\t\t<script type=\"application\/ld+json\" class=\"aioseo-schema\">\n\t\t\t{\"@context\":\"https:\\\/\\\/schema.org\",\"@graph\":[{\"@type\":\"BreadcrumbList\",\"@id\":\"https:\\\/\\\/monatglobal.com\\\/be\\\/history\\\/#breadcrumblist\",\"itemListElement\":[{\"@type\":\"ListItem\",\"@id\":\"https:\\\/\\\/monatglobal.com\\\/be#listItem\",\"position\":1,\"name\":\"Home\",\"item\":\"https:\\\/\\\/monatglobal.com\\\/be\",\"nextItem\":{\"@type\":\"ListItem\",\"@id\":\"https:\\\/\\\/monatglobal.com\\\/be\\\/history\\\/#listItem\",\"name\":\"L&rsquo;histoire du MONAT\"}},{\"@type\":\"ListItem\",\"@id\":\"https:\\\/\\\/monatglobal.com\\\/be\\\/history\\\/#listItem\",\"position\":2,\"name\":\"L&rsquo;histoire du MONAT\",\"previousItem\":{\"@type\":\"ListItem\",\"@id\":\"https:\\\/\\\/monatglobal.com\\\/be#listItem\",\"name\":\"Home\"}}]},{\"@type\":\"Organization\",\"@id\":\"https:\\\/\\\/monatglobal.com\\\/be\\\/#organization\",\"name\":\"MONAT Belgium\",\"description\":\"We Are Modern Nature\\u2122\",\"url\":\"https:\\\/\\\/monatglobal.com\\\/be\\\/\"},{\"@type\":\"WebPage\",\"@id\":\"https:\\\/\\\/monatglobal.com\\\/be\\\/history\\\/#webpage\",\"url\":\"https:\\\/\\\/monatglobal.com\\\/be\\\/history\\\/\",\"name\":\"L\\u2019histoire du MONAT - MONAT Belgium\",\"description\":\"Tout a commenc\\u00e9 avec une vision\\u2026 L'histoire du MONAT Le mouvement MONAT a commenc\\u00e9 par une famille avec un grand r\\u00eave : cr\\u00e9er un monde meilleur, une personne \\u00e0 la fois, en offrant des produits haut de gamme et une occasion gratifiante. Les Urdaneta ont lanc\\u00e9 MONAT en octobre 2014. En l'espace de quelques ann\\u00e9es,\",\"inLanguage\":\"fr-FR\",\"isPartOf\":{\"@id\":\"https:\\\/\\\/monatglobal.com\\\/be\\\/#website\"},\"breadcrumb\":{\"@id\":\"https:\\\/\\\/monatglobal.com\\\/be\\\/history\\\/#breadcrumblist\"},\"image\":{\"@type\":\"ImageObject\",\"url\":\"https:\\\/\\\/monatglobal.com\\\/be\\\/wp-content\\\/uploads\\\/sites\\\/23\\\/2025\\\/02\\\/monat-history-be.jpg\",\"@id\":\"https:\\\/\\\/monatglobal.com\\\/be\\\/history\\\/#mainImage\",\"width\":1200,\"height\":628},\"primaryImageOfPage\":{\"@id\":\"https:\\\/\\\/monatglobal.com\\\/be\\\/history\\\/#mainImage\"},\"datePublished\":\"2025-01-09T15:48:39+00:00\",\"dateModified\":\"2025-02-11T15:37:46+00:00\"},{\"@type\":\"WebSite\",\"@id\":\"https:\\\/\\\/monatglobal.com\\\/be\\\/#website\",\"url\":\"https:\\\/\\\/monatglobal.com\\\/be\\\/\",\"name\":\"MONAT Belgium\",\"description\":\"We Are Modern Nature\\u2122\",\"inLanguage\":\"fr-FR\",\"publisher\":{\"@id\":\"https:\\\/\\\/monatglobal.com\\\/be\\\/#organization\"}}]}\n\t\t<\/script>\n\t\t<!-- All in One SEO Pro -->\r\n\t\t<title>L\u2019histoire du MONAT - MONAT Belgium<\/title>\n\n","aioseo_head_json":{"title":"L\u2019histoire du MONAT - MONAT Belgium","description":"Tout a commenc\u00e9 avec une vision\u2026 L'histoire du MONAT Le mouvement MONAT a commenc\u00e9 par une famille avec un grand r\u00eave : cr\u00e9er un monde meilleur, une personne \u00e0 la fois, en offrant des produits haut de gamme et une occasion gratifiante. Les Urdaneta ont lanc\u00e9 MONAT en octobre 2014. En l'espace de quelques ann\u00e9es,","canonical_url":"https:\/\/monatglobal.com\/be\/history\/","robots":"max-image-preview:large","keywords":"","webmasterTools":{"miscellaneous":""},"schema":{"@context":"https:\/\/schema.org","@graph":[{"@type":"BreadcrumbList","@id":"https:\/\/monatglobal.com\/be\/history\/#breadcrumblist","itemListElement":[{"@type":"ListItem","@id":"https:\/\/monatglobal.com\/be#listItem","position":1,"name":"Home","item":"https:\/\/monatglobal.com\/be","nextItem":{"@type":"ListItem","@id":"https:\/\/monatglobal.com\/be\/history\/#listItem","name":"L&rsquo;histoire du MONAT"}},{"@type":"ListItem","@id":"https:\/\/monatglobal.com\/be\/history\/#listItem","position":2,"name":"L&rsquo;histoire du MONAT","previousItem":{"@type":"ListItem","@id":"https:\/\/monatglobal.com\/be#listItem","name":"Home"}}]},{"@type":"Organization","@id":"https:\/\/monatglobal.com\/be\/#organization","name":"MONAT Belgium","description":"We Are Modern Nature\u2122","url":"https:\/\/monatglobal.com\/be\/"},{"@type":"WebPage","@id":"https:\/\/monatglobal.com\/be\/history\/#webpage","url":"https:\/\/monatglobal.com\/be\/history\/","name":"L\u2019histoire du MONAT - MONAT Belgium","description":"Tout a commenc\u00e9 avec une vision\u2026 L'histoire du MONAT Le mouvement MONAT a commenc\u00e9 par une famille avec un grand r\u00eave : cr\u00e9er un monde meilleur, une personne \u00e0 la fois, en offrant des produits haut de gamme et une occasion gratifiante. Les Urdaneta ont lanc\u00e9 MONAT en octobre 2014. En l'espace de quelques ann\u00e9es,","inLanguage":"fr-FR","isPartOf":{"@id":"https:\/\/monatglobal.com\/be\/#website"},"breadcrumb":{"@id":"https:\/\/monatglobal.com\/be\/history\/#breadcrumblist"},"image":{"@type":"ImageObject","url":"https:\/\/monatglobal.com\/be\/wp-content\/uploads\/sites\/23\/2025\/02\/monat-history-be.jpg","@id":"https:\/\/monatglobal.com\/be\/history\/#mainImage","width":1200,"height":628},"primaryImageOfPage":{"@id":"https:\/\/monatglobal.com\/be\/history\/#mainImage"},"datePublished":"2025-01-09T15:48:39+00:00","dateModified":"2025-02-11T15:37:46+00:00"},{"@type":"WebSite","@id":"https:\/\/monatglobal.com\/be\/#website","url":"https:\/\/monatglobal.com\/be\/","name":"MONAT Belgium","description":"We Are Modern Nature\u2122","inLanguage":"fr-FR","publisher":{"@id":"https:\/\/monatglobal.com\/be\/#organization"}}]},"og:locale":"fr_FR","og:site_name":"MONAT Belgium - We Are Modern Nature\u2122","og:type":"article","og:title":"L\u2019histoire du MONAT - MONAT Belgium","og:description":"Tout a commenc\u00e9 avec une vision\u2026 L'histoire du MONAT Le mouvement MONAT a commenc\u00e9 par une famille avec un grand r\u00eave : cr\u00e9er un monde meilleur, une personne \u00e0 la fois, en offrant des produits haut de gamme et une occasion gratifiante. Les Urdaneta ont lanc\u00e9 MONAT en octobre 2014. En l'espace de quelques ann\u00e9es,","og:url":"https:\/\/monatglobal.com\/be\/history\/","article:published_time":"2025-01-09T15:48:39+00:00","article:modified_time":"2025-02-11T15:37:46+00:00","twitter:card":"summary_large_image","twitter:title":"L\u2019histoire du MONAT - MONAT Belgium","twitter:description":"Tout a commenc\u00e9 avec une vision\u2026 L'histoire du MONAT Le mouvement MONAT a commenc\u00e9 par une famille avec un grand r\u00eave : cr\u00e9er un monde meilleur, une personne \u00e0 la fois, en offrant des produits haut de gamme et une occasion gratifiante. Les Urdaneta ont lanc\u00e9 MONAT en octobre 2014. En l'espace de quelques ann\u00e9es,"},"aioseo_meta_data":{"post_id":"180","title":null,"description":null,"keywords":null,"keyphrases":{"focus":{"keyphrase":"","score":0,"analysis":{"keyphraseInTitle":{"score":0,"maxScore":9,"error":1}}},"additional":[]},"primary_term":null,"canonical_url":null,"og_title":null,"og_description":null,"og_object_type":"default","og_image_type":"default","og_image_url":null,"og_image_width":null,"og_image_height":null,"og_image_custom_url":null,"og_image_custom_fields":null,"og_video":"","og_custom_url":null,"og_article_section":null,"og_article_tags":null,"twitter_use_og":false,"twitter_card":"default","twitter_image_type":"default","twitter_image_url":null,"twitter_image_custom_url":null,"twitter_image_custom_fields":null,"twitter_title":null,"twitter_description":null,"schema":{"blockGraphs":[],"customGraphs":[],"default":{"data":{"Article":[],"Course":[],"Dataset":[],"FAQPage":[],"Movie":[],"Person":[],"Product":[],"ProductReview":[],"Car":[],"Recipe":[],"Service":[],"SoftwareApplication":[],"WebPage":[]},"graphName":"WebPage","isEnabled":true},"graphs":[]},"schema_type":"default","schema_type_options":null,"pillar_content":false,"robots_default":true,"robots_noindex":false,"robots_noarchive":false,"robots_nosnippet":false,"robots_nofollow":false,"robots_noimageindex":false,"robots_noodp":false,"robots_notranslate":false,"robots_max_snippet":"-1","robots_max_videopreview":"-1","robots_max_imagepreview":"large","priority":null,"frequency":"default","local_seo":null,"seo_analyzer_scan_date":null,"breadcrumb_settings":null,"limit_modified_date":false,"reviewed_by":null,"open_ai":null,"ai":null,"created":"2025-01-09 15:48:42","updated":"2026-02-10 05:18:24"},"aioseo_breadcrumb":"<div class=\"aioseo-breadcrumbs\"><span class=\"aioseo-breadcrumb\">\n\t<a href=\"https:\/\/monatglobal.com\/be\" title=\"Home\">Home<\/a>\n<\/span><span class=\"aioseo-breadcrumb-separator\">&raquo;<\/span><span class=\"aioseo-breadcrumb\">\n\tL\u2019histoire du MONAT\n<\/span><\/div>","aioseo_breadcrumb_json":[{"label":"Home","link":"https:\/\/monatglobal.com\/be"},{"label":"L&rsquo;histoire du MONAT","link":"https:\/\/monatglobal.com\/be\/history\/"}],"_links":{"self":[{"href":"https:\/\/monatglobal.com\/be\/wp-json\/wp\/v2\/pages\/180","targetHints":{"allow":["GET"]}}],"collection":[{"href":"https:\/\/monatglobal.com\/be\/wp-json\/wp\/v2\/pages"}],"about":[{"href":"https:\/\/monatglobal.com\/be\/wp-json\/wp\/v2\/types\/page"}],"author":[{"embeddable":true,"href":"https:\/\/monatglobal.com\/be\/wp-json\/wp\/v2\/users\/33"}],"replies":[{"embeddable":true,"href":"https:\/\/monatglobal.com\/be\/wp-json\/wp\/v2\/comments?post=180"}],"version-history":[{"count":6,"href":"https:\/\/monatglobal.com\/be\/wp-json\/wp\/v2\/pages\/180\/revisions"}],"predecessor-version":[{"id":513,"href":"https:\/\/monatglobal.com\/be\/wp-json\/wp\/v2\/pages\/180\/revisions\/513"}],"wp:featuredmedia":[{"embeddable":true,"href":"https:\/\/monatglobal.com\/be\/wp-json\/wp\/v2\/media\/463"}],"wp:attachment":[{"href":"https:\/\/monatglobal.com\/be\/wp-json\/wp\/v2\/media?parent=180"}],"wp:term":[{"taxonomy":"category","embeddable":true,"href":"https:\/\/monatglobal.com\/be\/wp-json\/wp\/v2\/categories?post=180"},{"taxonomy":"post_tag","embeddable":true,"href":"https:\/\/monatglobal.com\/be\/wp-json\/wp\/v2\/tags?post=180"}],"curies":[{"name":"wp","href":"https:\/\/api.w.org\/{rel}","templated":true}]}}