{"id":1269,"date":"2025-08-19T14:33:25","date_gmt":"2025-08-19T13:33:25","guid":{"rendered":"https:\/\/monatglobal.com\/be\/?page_id=1269"},"modified":"2026-01-28T17:51:52","modified_gmt":"2026-01-28T17:51:52","slug":"leadership-circle","status":"publish","type":"page","link":"https:\/\/monatglobal.com\/be\/leadership-circle\/","title":{"rendered":"MONAT Leadership Circle 2026"},"content":{"rendered":"\n\n\t<style>\n   @import url('https:\/\/fonts.cdnfonts.com\/css\/dm-serif-display'); \n   :root {\n        --primaryColor: #5F6DB3;\n        --secondaryColor: #AABBCC ;\n        --gold: #9c807d;\n        --primarySerif: \"DM Serif Display\";\n   }\n<\/style>\n<section id=\"bannerSec\">\n       <img decoding=\"async\" id=\"dc_icon\" src=\"https:\/\/monatglobal.com\/wp-content\/uploads\/2025\/08\/leadership-circle-logo-2026-ocre.svg\" alt=\"\"\/> \n    <h1 id=\"banner_h1\">Fa\u00e7onnons demain,<br \/> <em>ensemble.  <\/em><\/h1>\n<\/section>\n<section id=\"sec1\">\n      <img decoding=\"async\" src=\"https:\/\/monatglobal.com\/wp-content\/uploads\/2025\/08\/leadership-circle-badge-2026.svg\" alt=\"\"\/>\n      <h2>W South Beach <br \/> Miami, Floride <br \/> Du 12 au 15 mars 2026<\/h2>   \n         <p>P\u00e9riode de qualification <\/p> \n         <p>DU 1ER AO\u00dbT 2025 AU 31 JANVIER 2026<\/p>\n               <img decoding=\"async\" id=\"seashell_bkgnd_img\" src=\"https:\/\/monatglobal.com\/wp-content\/uploads\/2025\/08\/yellow-shell.svg\"\/> \n               <h2>Le leadership <br \/>\u00e0 l&rsquo;\u0153uvre<\/h2>\n            <p>Participez \u00e0 des formations exclusives aux c\u00f4t\u00e9s des meilleurs leaders et des cadres dirigeants de MONAT. <br \/>Obtenez des cl\u00e9s concr\u00e8tes pour d\u00e9velopper tout le potentiel de votre activit\u00e9 MONAT et r\u00e9aliser vos objectifs.<\/p>\n            <p>Le Leadership Circle 2026 est un \u00e9v\u00e9nement sur invitation uniquement, r\u00e9serv\u00e9 aux rangs MMM et&nbsp;Directeurs.<\/p>\n<\/section>\n<section id=\"SED_sec\">\n   <img decoding=\"async\" src=\"https:\/\/monatglobal.com\/wp-content\/uploads\/2025\/08\/beach-seats-and-umbrella-min-1.jpg\" alt=\"\"\/>\n         <h2>RED\u00c9FINIR CE QUI EST POSSIBLE<\/h2>\n         <p>Plongez au c\u0153ur de th\u00e9matiques cl\u00e9s lors de discussions en table ronde. <\/p>\n         <p>Approfondissez vos connaissances \u00e0 travers des sessions sp\u00e9cifiques cibl\u00e9es.<\/p>\n<\/section>\n<section id=\"sec3\">\n    <img decoding=\"async\" id=\"seashell\" src=\"https:\/\/monatglobal.com\/wp-content\/uploads\/2025\/08\/sea-snail-1.svg\" alt=\"\"\/>\n    <img decoding=\"async\" id=\"jellyfish\" src=\"https:\/\/monatglobal.com\/wp-content\/uploads\/2025\/08\/jellyfish.svg\" alt=\"\"\/>\n         <img decoding=\"async\" id=\"qualification_icon\" src=\"https:\/\/monatglobal.com\/wp-content\/uploads\/2025\/08\/sea-star.svg\" alt=\"\"\/>\n         <h2 id=\"qualification_title\">P\u00c9RIODE DE QUALIFICATION   du 1er ao\u00fbt 2025 au <br \/>31 janvier 2026<\/h2>\n         <p>Qui peut participer? <\/p>\n         <p>Tous les Partenaires de March\u00e9 aux rangs MMM, AED, ED et SED au 1er ao\u00fbt 2025, <br \/> ainsi que ceux qui atteignent le rang de MM ou sup\u00e9rieur avant le 31 janvier 2026, sont \u00e9ligibles \u00e0 la&nbsp;qualification.<\/p>\n          <img decoding=\"async\" id=\"qualification_icon\" src=\"https:\/\/monatglobal.com\/wp-content\/uploads\/2025\/09\/recognition-leadership-graphic.svg\" alt=\"recognition leadership graphic\"\/>\n         <h2 id=\"qualification_title\">CRIT\u00c8RES  DE RECONNAISSANCE<\/h2>\n         <p>COMMENT GAGNER TA PLACE SUR SC\u00c8NE !<\/p>\n         <p>\u2022 \u00catre dans le Top Parrainages <br \/>\u2022 Avoir le plus grand nombre de VIP inscrits <br \/> \u2022 Constance (rang pay\u00e9 maintenu sur toute la p\u00e9riode de qualification)<\/p>\n         <p>La p\u00e9riode de qualification pour la reconnaissance s&rsquo;\u00e9tend \u00e9galement du 1er ao\u00fbt 2025 au 31 janvier&nbsp;2026.<\/p>\n         <h2>CRIT\u00c8RES DE QUALIFICATION<\/h2>\n            <p>NIVEAU 1<\/p>\n            <p>(inclut 3 nuits d&rsquo;h\u00f4tel)<\/p>\n            <hr \/>\n            <p>Pour les partenaires au statut MM au 1er ao\u00fbt 2025 (y compris ceux ayant d\u00e9j\u00e0 d\u00e9tenu ce statut)<\/p>\n            <ul>\n                <li>\u00catre r\u00e9mun\u00e9r\u00e9(e) au statut MM ou sup\u00e9rieur pendant au moins 1 mois durant les 6 mois de la p\u00e9riode de qualification<\/li>\n                <li>Avoir parrain\u00e9 au moins 2 partenaires de march\u00e9 (PM) \u00e9ligibles et 8 clients VIP \u00e9ligibles pendant la p\u00e9riode de qualification<\/li>\n                <li>\u00catre r\u00e9mun\u00e9r\u00e9(e) au statut AMM ou sup\u00e9rieur lors du dernier mois de qualification<\/li>\n            <\/ul>\n            <hr \/>\n            <p>Pour les partenaires au statut MMM au 1er ao\u00fbt 2025 <\/p>\n            <ul>\n                <li>\u00catre r\u00e9mun\u00e9r\u00e9(e) au statut MMM ou sup\u00e9rieur pendant au moins 1 mois durant les 6 mois de la p\u00e9riode de qualification<\/li>\n                <li>Avoir parrain\u00e9 au moins 2 partenaires de march\u00e9 (PM) \u00e9ligibles et 8 clients VIP \u00e9ligibles pendant la p\u00e9riode de qualification<\/li>\n                <li>\u00catre r\u00e9mun\u00e9r\u00e9(e) au statut AMM ou sup\u00e9rieur lors du dernier mois de qualification<\/li>\n            <\/ul>\n            <hr \/>\n            <p>Pour les partenaires au statut Directors au 1er ao\u00fbt 2025<\/p>\n            <ul>\n                <li>\u00catre r\u00e9mun\u00e9r\u00e9(e) au statut AED ou sup\u00e9rieur pendant au moins 1 mois durant les 6 mois de la p\u00e9riode de qualification<\/li>\n                <li>Avoir parrain\u00e9 au moins 2 partenaires de march\u00e9 (PM) \u00e9ligibles et 8 clients VIP \u00e9ligibles pendant la p\u00e9riode de qualification<\/li>\n                <li>\u00catre r\u00e9mun\u00e9r\u00e9(e) au statut MM ou sup\u00e9rieur lors du dernier mois de qualification<\/li>\n            <\/ul>\n            <p>NIVEAU 2<\/p>\n            <p>(inclut 3 nuits d&rsquo;h\u00f4tel + vol aller-retour pour&nbsp;Miami)<\/p>\n            <hr \/>\n            <p>Pour les partenaires au statut MM au 1er ao\u00fbt 2025 (y compris ceux ayant d\u00e9j\u00e0 d\u00e9tenu ce statut)<\/p>\n            <ul>\n                <li>\u00catre r\u00e9mun\u00e9r\u00e9(e) au statut MM ou sup\u00e9rieur pendant au moins 1 mois durant les 6 mois de la p\u00e9riode de qualification<\/li>\n                <li>Avoir parrain\u00e9 au moins 2 partenaires de march\u00e9 (PM) \u00e9ligibles et 8 clients VIP \u00e9ligibles pendant la p\u00e9riode de qualification<\/li>\n                <li>Avoir personnellement parrain\u00e9 1 nouveau MMB<\/li>\n                <li>\u00catre r\u00e9mun\u00e9r\u00e9(e) au statut AMM ou sup\u00e9rieur lors du dernier mois de qualification<\/li>\n            <\/ul>\n            <hr \/>\n            <p>Pour les partenaires au statut MMM au 1er ao\u00fbt 2025<\/p>\n            <ul>\n                <li>\u00catre r\u00e9mun\u00e9r\u00e9(e) au statut MMM ou sup\u00e9rieur pendant au moins 1 mois durant les 6 mois de la p\u00e9riode de qualification<\/li>\n                <li>Avoir parrain\u00e9 au moins 2 partenaires de march\u00e9 (PM) \u00e9ligibles et 8 clients VIP \u00e9ligibles pendant la p\u00e9riode de qualification<\/li>\n                <li>Avoir personnellement parrain\u00e9 2 nouveaux MMB<\/li>\n                <li>\u00catre r\u00e9mun\u00e9r\u00e9(e) au statut AMM ou sup\u00e9rieur lors du dernier mois de qualification<\/li>\n            <\/ul>\n            <hr \/>\n            <p>Pour les partenaires au statut Director (AED, ED, SED) au 1er ao\u00fbt 2025<\/p>\n            <ul>\n                <li>\u00catre r\u00e9mun\u00e9r\u00e9(e) au statut AED ou sup\u00e9rieur pendant au moins 1 mois durant les 6 mois de la p\u00e9riode de qualification <\/li>\n                <li>Avoir parrain\u00e9 au moins 2 partenaires de march\u00e9 (PM) \u00e9ligibles et 8 clients VIP \u00e9ligibles pendant la p\u00e9riode de qualification<\/li>\n                <li>Avoir personnellement parrain\u00e9 2 nouveaux MMB<\/li>\n                <li>\u00catre r\u00e9mun\u00e9r\u00e9(e) au statut MM ou sup\u00e9rieur lors du dernier mois de qualification<\/li>\n            <\/ul>\n            <hr \/>\n            <p>Pour les partenaires qui atteignent pour la premi\u00e8re fois le statut MM, MMM ou Director pendant la p\u00e9riode de qualification (entre le 1er ao\u00fbt 2025 et le 31 janvier 2026) <\/p>\n            <ul>\n                <li>Atteindre le statut MM, MMM ou Director pour la premi\u00e8re fois pendant la p\u00e9riode de qualification<\/li>\n                <li>Avoir parrain\u00e9 au moins 2 partenaires de march\u00e9 (PM) \u00e9ligibles et 8 clients VIP \u00e9ligibles<\/li>\n                <li>\u00catre r\u00e9mun\u00e9r\u00e9(e) au statut AMM ou sup\u00e9rieur lors du dernier mois de qualification<\/li>\n            <\/ul>\n            <!---->\n            <!--    <p>* VIPs enrolled as part of your Block must have an active Flexship through the 15th of the month following their enrollment month. <\/p>-->\n            <!--    <p>* Market Partners enrolled as part of your Block must enroll with a Product Pack or if they are enrolled under the Canada Zero Enrollment Option, they must achieve 200 PV within 30 days of their enrollment and within the Director Circle qualification&nbsp;timeframe.<\/p>-->\n            <!---->\n      <img decoding=\"async\" src=\"https:\/\/monatglobal.com\/wp-content\/uploads\/2025\/08\/fish.svg\" alt=\"\"\/>\n      <h2>Qu&rsquo;est-ce Qui Est Inclus Dans<br \/> La Qualification Au <br \/>Leadership Circle Monat 2026 ?<\/h2>\n            <p>NIVEAU 1<\/p>\n            <ul>\n               <li>Des temps d&rsquo;\u00e9change avec les meilleurs leaders MONAT<\/li>\n               <li>Une soir\u00e9e sp\u00e9ciale de reconnaissance et de remise de prix<\/li>\n               <li>Avant-premi\u00e8res exclusives des projets MONAT 2026<\/li>\n               <li>3 nuits d&rsquo;h\u00e9bergement \u00e0 l&rsquo;h\u00f4tel<\/li>\n               <li>Possibilit\u00e9 d&rsquo;amener votre conjoint(e) (co\u00fbts et conditions applicables)<\/li> \n            <\/ul>\n            <p>NIVEAU 2<\/p>\n            <ul>\n               <li>Des temps d&rsquo;\u00e9change avec les meilleurs leaders MONAT<\/li>\n               <li>Une soir\u00e9e sp\u00e9ciale de reconnaissance et de remise de prix<\/li>\n               <li>Avant-premi\u00e8res exclusives des projets MONAT 2026<\/li>\n               <li>3 nuits d&rsquo;h\u00e9bergement \u00e0 l&rsquo;h\u00f4tel <\/li>\n               <li>Billets d&rsquo;avion aller-retour pour l&rsquo;a\u00e9roport international de Miami<\/li>\n               <li>Possibilit\u00e9 d&rsquo;amener votre conjoint(e) (co\u00fbts et conditions applicables)<\/li>\n            <\/ul>\n         <a id=\"faq_btn\" href=\"https:\/\/monatglobal.com\/be\/wp-content\/uploads\/sites\/23\/2025\/08\/BEL-FR_Leadership-Circle-2026-FAQs_080425_v1.pdf\" target=\"_blank\" rel=\"noopener\">FAQ<\/a>\n         <a id=\"termsAndC\" href=\"https:\/\/monatglobal.com\/be\/wp-content\/uploads\/sites\/23\/2025\/08\/FRABEL_Leadership-Circle-2026-Terms-and-Conditions_080425_v1.pdf\" target=\"_blank\" rel=\"noopener\">\n            <p>CONDITIONS G\u00c9N\u00c9RALES<\/p>\n         <\/a>\n      <h2 id=\"hashtag_text\">#MONATLeadershipCircle<\/h2>\n<\/section>\n\n","protected":false},"excerpt":{"rendered":"<p>Fa\u00e7onnons demain, ensemble. W South Beach Miami, Floride Du 12 au 15 mars 2026 P\u00e9riode de qualification DU 1ER AO\u00dbT 2025 AU 31 JANVIER 2026 Le leadership \u00e0 l&rsquo;\u0153uvre Participez \u00e0 des formations exclusives aux c\u00f4t\u00e9s des meilleurs leaders et des cadres dirigeants de MONAT. Obtenez des cl\u00e9s concr\u00e8tes pour d\u00e9velopper tout le potentiel de&hellip;<\/p>\n","protected":false},"author":57,"featured_media":1278,"parent":0,"menu_order":0,"comment_status":"closed","ping_status":"closed","template":"","meta":{"inline_featured_image":false,"om_disable_all_campaigns":false,"footnotes":""},"categories":[],"tags":[],"class_list":["post-1269","page","type-page","status-publish","has-post-thumbnail","hentry"],"aioseo_notices":[],"aioseo_head":"\n\t\t<!-- All in One SEO Pro 4.9.6 - aioseo.com -->\n\t<meta name=\"description\" content=\"Rejoignez des formations exclusives avec les meilleurs leaders MONAT. Obtenez des cl\u00e9s pour aligner vos objectifs et d\u00e9velopper votre activit\u00e9 \u00e0 son plein potentiel.\" \/>\n\t<meta name=\"robots\" content=\"max-image-preview:large\" \/>\n\t<link rel=\"canonical\" href=\"https:\/\/monatglobal.com\/be\/leadership-circle\/\" \/>\n\t<meta name=\"generator\" content=\"All in One SEO Pro (AIOSEO) 4.9.6\" \/>\n\t\t<meta property=\"og:locale\" content=\"fr_FR\" \/>\n\t\t<meta property=\"og:site_name\" content=\"MONAT Belgium - We Are Modern Nature\u2122\" \/>\n\t\t<meta property=\"og:type\" content=\"article\" \/>\n\t\t<meta property=\"og:title\" content=\"MONAT Leadership Circle 2026 \u2013 MONAT GLOBAL\" \/>\n\t\t<meta property=\"og:description\" content=\"Rejoignez des formations exclusives avec les meilleurs leaders MONAT. Obtenez des cl\u00e9s pour aligner vos objectifs et d\u00e9velopper votre activit\u00e9 \u00e0 son plein potentiel.\" \/>\n\t\t<meta property=\"og:url\" content=\"https:\/\/monatglobal.com\/be\/leadership-circle\/\" \/>\n\t\t<meta property=\"article:published_time\" content=\"2025-08-19T13:33:25+00:00\" \/>\n\t\t<meta property=\"article:modified_time\" content=\"2026-01-28T17:51:52+00:00\" \/>\n\t\t<meta name=\"twitter:card\" content=\"summary_large_image\" \/>\n\t\t<meta name=\"twitter:title\" content=\"MONAT Leadership Circle 2026 \u2013 MONAT GLOBAL\" \/>\n\t\t<meta name=\"twitter:description\" content=\"Rejoignez des formations exclusives avec les meilleurs leaders MONAT. Obtenez des cl\u00e9s pour aligner vos objectifs et d\u00e9velopper votre activit\u00e9 \u00e0 son plein potentiel.\" \/>\n\t\t<script type=\"application\/ld+json\" class=\"aioseo-schema\">\n\t\t\t{\"@context\":\"https:\\\/\\\/schema.org\",\"@graph\":[{\"@type\":\"BreadcrumbList\",\"@id\":\"https:\\\/\\\/monatglobal.com\\\/be\\\/leadership-circle\\\/#breadcrumblist\",\"itemListElement\":[{\"@type\":\"ListItem\",\"@id\":\"https:\\\/\\\/monatglobal.com\\\/be#listItem\",\"position\":1,\"name\":\"Home\",\"item\":\"https:\\\/\\\/monatglobal.com\\\/be\",\"nextItem\":{\"@type\":\"ListItem\",\"@id\":\"https:\\\/\\\/monatglobal.com\\\/be\\\/leadership-circle\\\/#listItem\",\"name\":\"MONAT Leadership Circle 2026\"}},{\"@type\":\"ListItem\",\"@id\":\"https:\\\/\\\/monatglobal.com\\\/be\\\/leadership-circle\\\/#listItem\",\"position\":2,\"name\":\"MONAT Leadership Circle 2026\",\"previousItem\":{\"@type\":\"ListItem\",\"@id\":\"https:\\\/\\\/monatglobal.com\\\/be#listItem\",\"name\":\"Home\"}}]},{\"@type\":\"Organization\",\"@id\":\"https:\\\/\\\/monatglobal.com\\\/be\\\/#organization\",\"name\":\"MONAT Belgium\",\"description\":\"We Are Modern Nature\\u2122\",\"url\":\"https:\\\/\\\/monatglobal.com\\\/be\\\/\"},{\"@type\":\"WebPage\",\"@id\":\"https:\\\/\\\/monatglobal.com\\\/be\\\/leadership-circle\\\/#webpage\",\"url\":\"https:\\\/\\\/monatglobal.com\\\/be\\\/leadership-circle\\\/\",\"name\":\"MONAT Leadership Circle 2026 \\u2013 MONAT GLOBAL\",\"description\":\"Rejoignez des formations exclusives avec les meilleurs leaders MONAT. Obtenez des cl\\u00e9s pour aligner vos objectifs et d\\u00e9velopper votre activit\\u00e9 \\u00e0 son plein potentiel.\",\"inLanguage\":\"fr-FR\",\"isPartOf\":{\"@id\":\"https:\\\/\\\/monatglobal.com\\\/be\\\/#website\"},\"breadcrumb\":{\"@id\":\"https:\\\/\\\/monatglobal.com\\\/be\\\/leadership-circle\\\/#breadcrumblist\"},\"image\":{\"@type\":\"ImageObject\",\"url\":\"https:\\\/\\\/monatglobal.com\\\/be\\\/wp-content\\\/uploads\\\/sites\\\/23\\\/2025\\\/08\\\/leadership-2026-ft-img-FR-min.jpg\",\"@id\":\"https:\\\/\\\/monatglobal.com\\\/be\\\/leadership-circle\\\/#mainImage\",\"width\":1200,\"height\":628},\"primaryImageOfPage\":{\"@id\":\"https:\\\/\\\/monatglobal.com\\\/be\\\/leadership-circle\\\/#mainImage\"},\"datePublished\":\"2025-08-19T14:33:25+01:00\",\"dateModified\":\"2026-01-28T17:51:52+00:00\"},{\"@type\":\"WebSite\",\"@id\":\"https:\\\/\\\/monatglobal.com\\\/be\\\/#website\",\"url\":\"https:\\\/\\\/monatglobal.com\\\/be\\\/\",\"name\":\"MONAT Belgium\",\"description\":\"We Are Modern Nature\\u2122\",\"inLanguage\":\"fr-FR\",\"publisher\":{\"@id\":\"https:\\\/\\\/monatglobal.com\\\/be\\\/#organization\"}}]}\n\t\t<\/script>\n\t\t<!-- All in One SEO Pro -->\r\n\t\t<title>MONAT Leadership Circle 2026 \u2013 MONAT GLOBAL<\/title>\n\n","aioseo_head_json":{"title":"MONAT Leadership Circle 2026 \u2013 MONAT GLOBAL","description":"Rejoignez des formations exclusives avec les meilleurs leaders MONAT. Obtenez des cl\u00e9s pour aligner vos objectifs et d\u00e9velopper votre activit\u00e9 \u00e0 son plein potentiel.","canonical_url":"https:\/\/monatglobal.com\/be\/leadership-circle\/","robots":"max-image-preview:large","keywords":"","webmasterTools":{"miscellaneous":""},"schema":{"@context":"https:\/\/schema.org","@graph":[{"@type":"BreadcrumbList","@id":"https:\/\/monatglobal.com\/be\/leadership-circle\/#breadcrumblist","itemListElement":[{"@type":"ListItem","@id":"https:\/\/monatglobal.com\/be#listItem","position":1,"name":"Home","item":"https:\/\/monatglobal.com\/be","nextItem":{"@type":"ListItem","@id":"https:\/\/monatglobal.com\/be\/leadership-circle\/#listItem","name":"MONAT Leadership Circle 2026"}},{"@type":"ListItem","@id":"https:\/\/monatglobal.com\/be\/leadership-circle\/#listItem","position":2,"name":"MONAT Leadership Circle 2026","previousItem":{"@type":"ListItem","@id":"https:\/\/monatglobal.com\/be#listItem","name":"Home"}}]},{"@type":"Organization","@id":"https:\/\/monatglobal.com\/be\/#organization","name":"MONAT Belgium","description":"We Are Modern Nature\u2122","url":"https:\/\/monatglobal.com\/be\/"},{"@type":"WebPage","@id":"https:\/\/monatglobal.com\/be\/leadership-circle\/#webpage","url":"https:\/\/monatglobal.com\/be\/leadership-circle\/","name":"MONAT Leadership Circle 2026 \u2013 MONAT GLOBAL","description":"Rejoignez des formations exclusives avec les meilleurs leaders MONAT. Obtenez des cl\u00e9s pour aligner vos objectifs et d\u00e9velopper votre activit\u00e9 \u00e0 son plein potentiel.","inLanguage":"fr-FR","isPartOf":{"@id":"https:\/\/monatglobal.com\/be\/#website"},"breadcrumb":{"@id":"https:\/\/monatglobal.com\/be\/leadership-circle\/#breadcrumblist"},"image":{"@type":"ImageObject","url":"https:\/\/monatglobal.com\/be\/wp-content\/uploads\/sites\/23\/2025\/08\/leadership-2026-ft-img-FR-min.jpg","@id":"https:\/\/monatglobal.com\/be\/leadership-circle\/#mainImage","width":1200,"height":628},"primaryImageOfPage":{"@id":"https:\/\/monatglobal.com\/be\/leadership-circle\/#mainImage"},"datePublished":"2025-08-19T14:33:25+01:00","dateModified":"2026-01-28T17:51:52+00:00"},{"@type":"WebSite","@id":"https:\/\/monatglobal.com\/be\/#website","url":"https:\/\/monatglobal.com\/be\/","name":"MONAT Belgium","description":"We Are Modern Nature\u2122","inLanguage":"fr-FR","publisher":{"@id":"https:\/\/monatglobal.com\/be\/#organization"}}]},"og:locale":"fr_FR","og:site_name":"MONAT Belgium - We Are Modern Nature\u2122","og:type":"article","og:title":"MONAT Leadership Circle 2026 \u2013 MONAT GLOBAL","og:description":"Rejoignez des formations exclusives avec les meilleurs leaders MONAT. Obtenez des cl\u00e9s pour aligner vos objectifs et d\u00e9velopper votre activit\u00e9 \u00e0 son plein potentiel.","og:url":"https:\/\/monatglobal.com\/be\/leadership-circle\/","article:published_time":"2025-08-19T13:33:25+00:00","article:modified_time":"2026-01-28T17:51:52+00:00","twitter:card":"summary_large_image","twitter:title":"MONAT Leadership Circle 2026 \u2013 MONAT GLOBAL","twitter:description":"Rejoignez des formations exclusives avec les meilleurs leaders MONAT. Obtenez des cl\u00e9s pour aligner vos objectifs et d\u00e9velopper votre activit\u00e9 \u00e0 son plein potentiel."},"aioseo_meta_data":{"post_id":"1269","title":"MONAT Leadership Circle 2026 \u2013 MONAT GLOBAL","description":"Rejoignez des formations exclusives avec les meilleurs leaders MONAT. Obtenez des cl\u00e9s pour aligner vos objectifs et d\u00e9velopper votre activit\u00e9 \u00e0 son plein potentiel.","keywords":null,"keyphrases":{"focus":{"keyphrase":"","score":0,"analysis":{"keyphraseInTitle":{"score":0,"maxScore":9,"error":1}}},"additional":[]},"primary_term":null,"canonical_url":null,"og_title":null,"og_description":null,"og_object_type":"default","og_image_type":"default","og_image_url":null,"og_image_width":null,"og_image_height":null,"og_image_custom_url":null,"og_image_custom_fields":null,"og_video":"","og_custom_url":null,"og_article_section":null,"og_article_tags":null,"twitter_use_og":false,"twitter_card":"default","twitter_image_type":"default","twitter_image_url":null,"twitter_image_custom_url":null,"twitter_image_custom_fields":null,"twitter_title":null,"twitter_description":null,"schema":{"blockGraphs":[],"customGraphs":[],"default":{"data":{"Article":[],"Course":[],"Dataset":[],"FAQPage":[],"Movie":[],"Person":[],"Product":[],"ProductReview":[],"Car":[],"Recipe":[],"Service":[],"SoftwareApplication":[],"WebPage":[]},"graphName":"WebPage","isEnabled":true},"graphs":[]},"schema_type":"default","schema_type_options":null,"pillar_content":false,"robots_default":true,"robots_noindex":false,"robots_noarchive":false,"robots_nosnippet":false,"robots_nofollow":false,"robots_noimageindex":false,"robots_noodp":false,"robots_notranslate":false,"robots_max_snippet":"-1","robots_max_videopreview":"-1","robots_max_imagepreview":"large","priority":null,"frequency":"default","local_seo":null,"seo_analyzer_scan_date":null,"breadcrumb_settings":null,"limit_modified_date":false,"reviewed_by":"0","open_ai":null,"ai":{"faqs":[],"keyPoints":[],"titles":[],"descriptions":[],"socialPosts":{"email":[],"linkedin":[],"twitter":[],"facebook":[],"instagram":[]}},"created":"2025-08-19 13:31:03","updated":"2026-02-10 05:50:05"},"aioseo_breadcrumb":"<div class=\"aioseo-breadcrumbs\"><span class=\"aioseo-breadcrumb\">\n\t<a href=\"https:\/\/monatglobal.com\/be\" title=\"Home\">Home<\/a>\n<\/span><span class=\"aioseo-breadcrumb-separator\">&raquo;<\/span><span class=\"aioseo-breadcrumb\">\n\tMONAT Leadership Circle 2026\n<\/span><\/div>","aioseo_breadcrumb_json":[{"label":"Home","link":"https:\/\/monatglobal.com\/be"},{"label":"MONAT Leadership Circle 2026","link":"https:\/\/monatglobal.com\/be\/leadership-circle\/"}],"_links":{"self":[{"href":"https:\/\/monatglobal.com\/be\/wp-json\/wp\/v2\/pages\/1269","targetHints":{"allow":["GET"]}}],"collection":[{"href":"https:\/\/monatglobal.com\/be\/wp-json\/wp\/v2\/pages"}],"about":[{"href":"https:\/\/monatglobal.com\/be\/wp-json\/wp\/v2\/types\/page"}],"author":[{"embeddable":true,"href":"https:\/\/monatglobal.com\/be\/wp-json\/wp\/v2\/users\/57"}],"replies":[{"embeddable":true,"href":"https:\/\/monatglobal.com\/be\/wp-json\/wp\/v2\/comments?post=1269"}],"version-history":[{"count":6,"href":"https:\/\/monatglobal.com\/be\/wp-json\/wp\/v2\/pages\/1269\/revisions"}],"predecessor-version":[{"id":109936,"href":"https:\/\/monatglobal.com\/be\/wp-json\/wp\/v2\/pages\/1269\/revisions\/109936"}],"wp:featuredmedia":[{"embeddable":true,"href":"https:\/\/monatglobal.com\/be\/wp-json\/wp\/v2\/media\/1278"}],"wp:attachment":[{"href":"https:\/\/monatglobal.com\/be\/wp-json\/wp\/v2\/media?parent=1269"}],"wp:term":[{"taxonomy":"category","embeddable":true,"href":"https:\/\/monatglobal.com\/be\/wp-json\/wp\/v2\/categories?post=1269"},{"taxonomy":"post_tag","embeddable":true,"href":"https:\/\/monatglobal.com\/be\/wp-json\/wp\/v2\/tags?post=1269"}],"curies":[{"name":"wp","href":"https:\/\/api.w.org\/{rel}","templated":true}]}}