{"id":117,"date":"2024-12-26T15:58:00","date_gmt":"2024-12-26T15:58:00","guid":{"rendered":"https:\/\/monatglobal.com\/be\/?page_id=117"},"modified":"2025-01-27T15:03:15","modified_gmt":"2025-01-27T15:03:15","slug":"cookies-policy","status":"publish","type":"page","link":"https:\/\/monatglobal.com\/be\/cookies-policy\/","title":{"rendered":"<a href=\"https:\/\/monatglobal.com\/be\/cookies-policy\/\">Politique de cookies<\/a>"},"content":{"rendered":"\n<img loading=\"lazy\" decoding=\"async\" src=\"https:\/\/monatglobal.com\/be\/wp-content\/uploads\/sites\/23\/2024\/12\/MONAT-Logos-grey.png\" alt=\"MONAT-Logos-grey\" itemprop=\"image\" height=\"231\" width=\"287\" title=\"MONAT-Logos-grey\" onerror=\"this.style.display='none'\">\n\t<p>Politique en mati\u00e8re de cookies de MONAT Global Belgique<\/p>\n<br>\n<p>Veuillez noter que cette Politique en mati\u00e8re de cookies ne s&rsquo;applique qu&rsquo;au site web de MONAT Global Belgique ou aux applications mobiles de MONAT (\u00ab Sites \u00bb) contenant un lien vers cette politique.<\/p>\n<br>\n<br>\n<p>TABLE DES MATI\u00c8RES<\/p>\n\n    1. <a href=\"#1\">QUE SONT LES COOKIES ?<\/a><br>\n    2. <a href=\"#2\">COMMENT LES COOKIES SONT-ILS UTILIS\u00c9S SUR CE SITE ET QUELLES INFORMATIONS SONT COLLECT\u00c9ES ?<\/a><br>\n    3. <a href=\"#3\">COMMENT PUIS-JE D\u00c9SACTIVER ET ACTIVER LES COOKIES ?<\/a><br>\n\n<br>\n<br>\n<p>Foire aux questions (FAQ)<\/p>\nQUE SONT LES COOKIES ?\nUn cookie est une cha\u00eene d&rsquo;informations en mode texte qu&rsquo;un site Web transf\u00e8re dans le fichier de cookies du navigateur sur le disque dur de votre ordinateur afin que le site Web puisse se souvenir de votre identit\u00e9. Les cookies peuvent aider un site Web \u00e0 organiser plus rapidement le contenu en fonction de vos centres d&rsquo;int\u00e9r\u00eat. Certains cookies peuvent nous permettre de recr\u00e9er et de rejouer des sessions d&rsquo;utilisateurs sur nos Sites. La plupart des grands sites Web utilisent des cookies.\n<br>\n<br>\nUn cookie contient g\u00e9n\u00e9ralement le nom du domaine d&rsquo;o\u00f9 provient le cookie, la \u00ab dur\u00e9e de vie \u00bb du cookie et une valeur, g\u00e9n\u00e9ralement un num\u00e9ro unique g\u00e9n\u00e9r\u00e9 de mani\u00e8re al\u00e9atoire.\n<br>\n<br>\nCertains cookies sont indispensables \u00e0 votre utilisation des sites Web ou \u00e0 la fourniture des services que vous avez souscrits ou qui vous sont fournis par nous en application des contrats que vous avez souscrits. Dans ce cas, ils sont syst\u00e9matiquement enregistr\u00e9s sur votre terminal.\n<br>\n<br>\nD&rsquo;autres cookies sont utilis\u00e9s pour vous offrir une bonne exp\u00e9rience lorsque vous naviguez sur notre site Web, et nous aident \u00e9galement \u00e0 am\u00e9liorer le site Web, par exemple pour optimiser et personnaliser le contenu ou les fonctionnalit\u00e9s disponibles affich\u00e9es sur les Sites.\n<br>\n<br>\nMONAT utilise deux cat\u00e9gories de cookies sur ses Sites : \n<ul>\n    <li>Les cookies de session, qui sont des cookies temporaires qui restent dans le fichier de cookies de votre navigateur jusqu&rsquo;\u00e0 ce que vous quittiez le site. Ils sont utilis\u00e9s aux fins suivantes :<\/li>\n        <\/ul><ul>\n            <li>pour vous permettre de reporter des informations d&rsquo;une page \u00e0 l&rsquo;autre de notre site et vous \u00e9viter d&rsquo;avoir \u00e0 les saisir \u00e0 nouveau ; et &#8211; pour vous permettre d&rsquo;acc\u00e9der aux informations stock\u00e9es sur votre ordinateur.<\/li>\n            <li>dans le cadre de l&rsquo;inscription, pour vous permettre d&rsquo;acc\u00e9der aux informations enregistr\u00e9es; <\/li>\n        <\/ul>\n\n    <p>et<\/p>\n<ul>\n    <li>Les cookies persistants, qui restent dans le fichier de cookies de votre navigateur pendant beaucoup plus longtemps (bien que la dur\u00e9e d\u00e9pende de la dur\u00e9e de vie du cookie sp\u00e9cifique). Ils sont utilis\u00e9s aux fins suivantes :<\/li>\n        <\/ul><ul>\n            <li>pour nous aider \u00e0 vous reconna\u00eetre comme un visiteur unique (\u00e0 l&rsquo;aide d&rsquo;un num\u00e9ro) lorsque vous revenez sur notre site Web ;<\/li>\n            <li>pour nous permettre d&rsquo;adapter le contenu ou les publicit\u00e9s en fonction de vos int\u00e9r\u00eats pr\u00e9f\u00e9r\u00e9s ou pour \u00e9viter de vous montrer les m\u00eames publicit\u00e9s \u00e0 plusieurs reprises ;<\/li>\n            <li>pour compiler des statistiques agr\u00e9g\u00e9es qui nous permettent de comprendre comment les utilisateurs utilisent notre site et nous aider \u00e0 am\u00e9liorer la structure de notre site Web ;<\/li>\n            <li>pour identifier et r\u00e9soudre les probl\u00e8mes d&rsquo;exp\u00e9rience utilisateur et am\u00e9liorer le fonctionnement du site Web ; et pour r\u00e9pondre aux demandes des membres et assurer le respect de nos r\u00e8gles d&rsquo;adh\u00e9sion.<\/li>\n        <\/ul>\n\n<br>\nCOMMENT LES COOKIES SONT-ILS UTILIS\u00c9S SUR CE SITE ET QUELLES INFORMATIONS SONT COLLECT\u00c9ES ?\n<p>Nous utilisons les types de cookies suivants : <\/p>\n<br>\n<p>Cookies strictement n\u00e9cessaires<\/p>\n<p>Il s&rsquo;agit de cookies qui sont requis pour le fonctionnement du site Web de MONAT et selon ses conditions. Ils comprennent, par exemple, les cookies qui permettent au revendeur ou aux utilisateurs de se connecter \u00e0 des zones s\u00e9curis\u00e9es du site Web (\u00e0 l&rsquo;avenir), d&rsquo;utiliser un panier d&rsquo;achat, de potentiellement sauvegarder des recherches pendant de courtes p\u00e9riodes, ou d&rsquo;utiliser des services de facturation \u00e9lectronique.<\/p>\n<br>\n<p>Cookies analytiques\/de performance<\/p>\n<p>Ces cookies permettent \u00e0 MONAT de reconna\u00eetre et de compter le nombre de visiteurs et de voir comment les visiteurs se d\u00e9placent sur son site Web lorsqu&rsquo;ils l&rsquo;utilisent. Ils peuvent aussi aider MONAT \u00e0 am\u00e9liorer le websites.<\/p> \n<br>\n<p>Cookies de fonctionnalit\u00e9<\/p> \n<p>Ceux-ci peuvent \u00eatre utilis\u00e9s pour reconna\u00eetre les utilisateurs qui reviennent sur le site Web. Cela permettrait \u00e0 MONAT (sous r\u00e9serve des choix et pr\u00e9f\u00e9rences des utilisateurs) de personnaliser son contenu, de saluer les utilisateurs par leur nom et de se souvenir de leurs pr\u00e9f\u00e9rences (par exemple, le choix de la langue ou de la r\u00e9gion des utilisateurs).<\/p>\n<br>\n<p>Cookies de ciblage\/publicit\u00e9<\/p> \n<p>Ces cookies enregistrent les visites des utilisateurs sur la plateforme, les pages qu&rsquo;ils visitent et les liens qu&rsquo;ils suivent. MONAT peut utiliser ces informations (sous r\u00e9serve des choix et pr\u00e9f\u00e9rences des utilisateurs) pour rendre sa plateforme plus pertinente pour les utilisateurs, et potentiellement pour partager des donn\u00e9es avec des partenaires tiers. <\/p>\n<br>\n<br>\nCOMMENT PUIS-JE D\u00c9SACTIVER ET ACTIVER LES COOKIES ?\nVous avez la possibilit\u00e9 d&rsquo;accepter ou de refuser les cookies en modifiant les param\u00e8tres de votre navigateur. Toutefois, il se peut que vous ne puissiez pas utiliser toutes les fonctions interactives de notre site si les cookies sont d\u00e9sactiv\u00e9s.\n<br><br>\nSi vous souhaitez \u00eatre averti avant qu&rsquo;un cookie ne soit accept\u00e9 sur votre disque dur. Dans votre navigateur, l&rsquo;image suivante sera visible. Veuillez cliquer sur cette image pour g\u00e9rer les param\u00e8tres des cookies une fois qu&rsquo;ils ont \u00e9t\u00e9 accept\u00e9s ou rejet\u00e9s. Une fois que vous avez cliqu\u00e9 sur l&rsquo;image, la fen\u00eatre contextuelle ci-dessous s&rsquo;affiche et permet \u00e0 l&rsquo;utilisateur de g\u00e9rer les cookies.\n<br><br>\n<ul>\n    <li>Les cookies de session, qui sont des cookies temporaires qui restent dans le fichier de cookies de votre navigateur jusqu&rsquo;\u00e0 ce que vous quittiez le site. Ils sont utilis\u00e9s aux fins suivantes :<\/li>\n        <\/ul><ul>\n            <li>Une fois que vous aurez cliqu\u00e9 sur l&rsquo;image, la fen\u00eatre pop-up ci-dessous sera visible et permettra \u00e0 l&rsquo;utilisateur de g\u00e9rer les cookies.<\/li>\n        <\/ul>\n\n<img decoding=\"async\" src=\"https:\/\/monatglobal.com\/be\/wp-content\/uploads\/sites\/23\/2024\/12\/cookies-consent-BEL-French.png\">\n<br><br>\n<ul>\n    <li> <a href=\"https:\/\/support.microsoft.com\/en-us\/windows\/delete-and-manage-cookies-168dab11-0753-043d-7c16-ede5947fc64d\" target=\"_blank\" rel=\"noopener\">Configuration des cookies dans Internet Explorer<\/a><\/li>     \n    <li> <a href=\"https:\/\/support.mozilla.org\/en-US\/products\/firefox\/protect-your-privacy\/cookies\" target=\"_blank\" rel=\"noopener\">Configuration des cookies dans Firefox<\/a><\/li>     \n    <li> <a href=\"https:\/\/support.google.com\/chrome\/answer\/95647?hl=en&amp;co=GENIE.Platform%3DAndroid\" target=\"_blank\" rel=\"noopener\">Configuration des cookies dans Chrome.<\/a><\/li>   \n    <li>\n        Configuration des cookies dans Safari pour Mac et IOS.  \n        <ul>\n           <li><a href=\"https:\/\/support.apple.com\/guide\/safari\/manage-cookies-sfri11471\/mac\" target=\"_blank\" rel=\"noopener\">Mac<\/a><\/li>\n           <li><a href=\"https:\/\/support.apple.com\/en-us\/HT201265\" target=\"_blank\" rel=\"noopener\">IOS<\/a><\/li>\n        <\/ul>\n    <\/li>\n<\/ul>\n<br> \n<p>Suppression des cookies<\/p> \n<p>Vous pouvez facilement supprimer tous les cookies qui ont \u00e9t\u00e9 install\u00e9s dans le dossier des cookies de votre navigateur. Par exemple, si vous utilisez Microsoft Windows Explorer :<\/p>\n<ul>\n    <li>Ouvrez l&rsquo;Explorateur Windows.<\/li>\n    <li>Cliquez sur le bouton \u00ab Rechercher \u00bb de la barre d&rsquo;outils.<\/li>\n    <li>Tapez \u00ab cookies \u00bb dans le champ de recherche des \u00ab Dossiers et fichiers \u00bb.<\/li>\n    <li>S\u00e9lectionnez \u00ab Poste de travail \u00bb dans le champ \u00ab Rechercher dans \u00bb.<\/li>\n    <li>Cliquez sur \u00ab Rechercher maintenant \u00bb.<\/li>\n    <li>Double-cliquez sur les dossiers trouv\u00e9s.<\/li>\n    <li>S\u00e9lectionnez un fichier de cookies.<\/li>\n    <li>Appuyez sur la touche \u00ab Supprimer \u00bb de votre clavier.<\/li> \n<\/ul>\n<br>\n<p>Si vous n&rsquo;utilisez pas l&rsquo;explorateur Microsoft Windows, vous devez s\u00e9lectionner \u00ab cookies \u00bb dans la fonction \u00ab Aide \u00bb pour savoir o\u00f9 trouver votre dossier de cookies.<\/p>\n<br>\nMONAT peut-il modifier la politique de ce site Web ?\n<p>Les lois, les directives et la jurisprudence en mati\u00e8re de protection de la vie priv\u00e9e changent constamment. MONAT se r\u00e9serve donc le droit de modifier cette politique de temps \u00e0 autre. Nous vous recommandons de visiter notre site Web p\u00e9riodiquement afin de prendre connaissance de la derni\u00e8re version de notre politique.<\/p>\n<p>Derni\u00e8re mise \u00e0 jour : 8 novembre 2024<\/p>\n","protected":false},"excerpt":{"rendered":"<p>Politique en mati\u00e8re de cookies de MONAT Global Belgique Veuillez noter que cette Politique en mati\u00e8re de cookies ne s&rsquo;applique qu&rsquo;au site web de MONAT Global Belgique ou aux applications mobiles de MONAT (\u00ab Sites \u00bb) contenant un lien vers cette politique. TABLE DES MATI\u00c8RES 1. QUE SONT LES COOKIES ? 2. COMMENT LES COOKIES&hellip;<\/p>\n","protected":false},"author":33,"featured_media":0,"parent":0,"menu_order":0,"comment_status":"closed","ping_status":"closed","template":"","meta":{"inline_featured_image":false,"om_disable_all_campaigns":false,"footnotes":""},"categories":[],"tags":[],"class_list":["post-117","page","type-page","status-publish","hentry"],"aioseo_notices":[],"aioseo_head":"\n\t\t<!-- All in One SEO Pro 4.9.5.2 - aioseo.com -->\n\t<meta name=\"description\" content=\"Politique en mati\u00e8re de cookies de MONAT Global Belgique Veuillez noter que cette Politique en mati\u00e8re de cookies ne s&#039;applique qu&#039;au site web de MONAT Global Belgique ou aux applications mobiles de MONAT (\u00ab Sites \u00bb) contenant un lien vers cette politique. TABLE DES MATI\u00c8RES 1. QUE SONT LES COOKIES ? 2. COMMENT LES COOKIES\" \/>\n\t<meta name=\"robots\" content=\"max-image-preview:large\" \/>\n\t<link rel=\"canonical\" href=\"https:\/\/monatglobal.com\/be\/cookies-policy\/\" \/>\n\t<meta name=\"generator\" content=\"All in One SEO Pro (AIOSEO) 4.9.5.2\" \/>\n\t\t<meta property=\"og:locale\" content=\"fr_FR\" \/>\n\t\t<meta property=\"og:site_name\" content=\"MONAT Belgium - We Are Modern Nature\u2122\" \/>\n\t\t<meta property=\"og:type\" content=\"article\" \/>\n\t\t<meta property=\"og:title\" content=\"Politique de cookies - MONAT Belgium\" \/>\n\t\t<meta property=\"og:description\" content=\"Politique en mati\u00e8re de cookies de MONAT Global Belgique Veuillez noter que cette Politique en mati\u00e8re de cookies ne s&#039;applique qu&#039;au site web de MONAT Global Belgique ou aux applications mobiles de MONAT (\u00ab Sites \u00bb) contenant un lien vers cette politique. TABLE DES MATI\u00c8RES 1. QUE SONT LES COOKIES ? 2. COMMENT LES COOKIES\" \/>\n\t\t<meta property=\"og:url\" content=\"https:\/\/monatglobal.com\/be\/cookies-policy\/\" \/>\n\t\t<meta property=\"article:published_time\" content=\"2024-12-26T15:58:00+00:00\" \/>\n\t\t<meta property=\"article:modified_time\" content=\"2025-01-27T15:03:15+00:00\" \/>\n\t\t<meta name=\"twitter:card\" content=\"summary_large_image\" \/>\n\t\t<meta name=\"twitter:title\" content=\"Politique de cookies - MONAT Belgium\" \/>\n\t\t<meta name=\"twitter:description\" content=\"Politique en mati\u00e8re de cookies de MONAT Global Belgique Veuillez noter que cette Politique en mati\u00e8re de cookies ne s&#039;applique qu&#039;au site web de MONAT Global Belgique ou aux applications mobiles de MONAT (\u00ab Sites \u00bb) contenant un lien vers cette politique. TABLE DES MATI\u00c8RES 1. QUE SONT LES COOKIES ? 2. COMMENT LES COOKIES\" \/>\n\t\t<script type=\"application\/ld+json\" class=\"aioseo-schema\">\n\t\t\t{\"@context\":\"https:\\\/\\\/schema.org\",\"@graph\":[{\"@type\":\"BreadcrumbList\",\"@id\":\"https:\\\/\\\/monatglobal.com\\\/be\\\/cookies-policy\\\/#breadcrumblist\",\"itemListElement\":[{\"@type\":\"ListItem\",\"@id\":\"https:\\\/\\\/monatglobal.com\\\/be#listItem\",\"position\":1,\"name\":\"Home\",\"item\":\"https:\\\/\\\/monatglobal.com\\\/be\",\"nextItem\":{\"@type\":\"ListItem\",\"@id\":\"https:\\\/\\\/monatglobal.com\\\/be\\\/cookies-policy\\\/#listItem\",\"name\":\"Politique de cookies\"}},{\"@type\":\"ListItem\",\"@id\":\"https:\\\/\\\/monatglobal.com\\\/be\\\/cookies-policy\\\/#listItem\",\"position\":2,\"name\":\"Politique de cookies\",\"previousItem\":{\"@type\":\"ListItem\",\"@id\":\"https:\\\/\\\/monatglobal.com\\\/be#listItem\",\"name\":\"Home\"}}]},{\"@type\":\"Organization\",\"@id\":\"https:\\\/\\\/monatglobal.com\\\/be\\\/#organization\",\"name\":\"MONAT Belgium\",\"description\":\"We Are Modern Nature\\u2122\",\"url\":\"https:\\\/\\\/monatglobal.com\\\/be\\\/\"},{\"@type\":\"WebPage\",\"@id\":\"https:\\\/\\\/monatglobal.com\\\/be\\\/cookies-policy\\\/#webpage\",\"url\":\"https:\\\/\\\/monatglobal.com\\\/be\\\/cookies-policy\\\/\",\"name\":\"Politique de cookies - MONAT Belgium\",\"description\":\"Politique en mati\\u00e8re de cookies de MONAT Global Belgique Veuillez noter que cette Politique en mati\\u00e8re de cookies ne s'applique qu'au site web de MONAT Global Belgique ou aux applications mobiles de MONAT (\\u00ab Sites \\u00bb) contenant un lien vers cette politique. TABLE DES MATI\\u00c8RES 1. QUE SONT LES COOKIES ? 2. COMMENT LES COOKIES\",\"inLanguage\":\"fr-FR\",\"isPartOf\":{\"@id\":\"https:\\\/\\\/monatglobal.com\\\/be\\\/#website\"},\"breadcrumb\":{\"@id\":\"https:\\\/\\\/monatglobal.com\\\/be\\\/cookies-policy\\\/#breadcrumblist\"},\"datePublished\":\"2024-12-26T15:58:00+00:00\",\"dateModified\":\"2025-01-27T15:03:15+00:00\"},{\"@type\":\"WebSite\",\"@id\":\"https:\\\/\\\/monatglobal.com\\\/be\\\/#website\",\"url\":\"https:\\\/\\\/monatglobal.com\\\/be\\\/\",\"name\":\"MONAT Belgium\",\"description\":\"We Are Modern Nature\\u2122\",\"inLanguage\":\"fr-FR\",\"publisher\":{\"@id\":\"https:\\\/\\\/monatglobal.com\\\/be\\\/#organization\"}}]}\n\t\t<\/script>\n\t\t<!-- All in One SEO Pro -->\r\n\t\t<title>Politique de cookies - MONAT Belgium<\/title>\n\n","aioseo_head_json":{"title":"Politique de cookies - MONAT Belgium","description":"Politique en mati\u00e8re de cookies de MONAT Global Belgique Veuillez noter que cette Politique en mati\u00e8re de cookies ne s'applique qu'au site web de MONAT Global Belgique ou aux applications mobiles de MONAT (\u00ab Sites \u00bb) contenant un lien vers cette politique. TABLE DES MATI\u00c8RES 1. QUE SONT LES COOKIES ? 2. COMMENT LES COOKIES","canonical_url":"https:\/\/monatglobal.com\/be\/cookies-policy\/","robots":"max-image-preview:large","keywords":"","webmasterTools":{"miscellaneous":""},"schema":{"@context":"https:\/\/schema.org","@graph":[{"@type":"BreadcrumbList","@id":"https:\/\/monatglobal.com\/be\/cookies-policy\/#breadcrumblist","itemListElement":[{"@type":"ListItem","@id":"https:\/\/monatglobal.com\/be#listItem","position":1,"name":"Home","item":"https:\/\/monatglobal.com\/be","nextItem":{"@type":"ListItem","@id":"https:\/\/monatglobal.com\/be\/cookies-policy\/#listItem","name":"Politique de cookies"}},{"@type":"ListItem","@id":"https:\/\/monatglobal.com\/be\/cookies-policy\/#listItem","position":2,"name":"Politique de cookies","previousItem":{"@type":"ListItem","@id":"https:\/\/monatglobal.com\/be#listItem","name":"Home"}}]},{"@type":"Organization","@id":"https:\/\/monatglobal.com\/be\/#organization","name":"MONAT Belgium","description":"We Are Modern Nature\u2122","url":"https:\/\/monatglobal.com\/be\/"},{"@type":"WebPage","@id":"https:\/\/monatglobal.com\/be\/cookies-policy\/#webpage","url":"https:\/\/monatglobal.com\/be\/cookies-policy\/","name":"Politique de cookies - MONAT Belgium","description":"Politique en mati\u00e8re de cookies de MONAT Global Belgique Veuillez noter que cette Politique en mati\u00e8re de cookies ne s'applique qu'au site web de MONAT Global Belgique ou aux applications mobiles de MONAT (\u00ab Sites \u00bb) contenant un lien vers cette politique. TABLE DES MATI\u00c8RES 1. QUE SONT LES COOKIES ? 2. COMMENT LES COOKIES","inLanguage":"fr-FR","isPartOf":{"@id":"https:\/\/monatglobal.com\/be\/#website"},"breadcrumb":{"@id":"https:\/\/monatglobal.com\/be\/cookies-policy\/#breadcrumblist"},"datePublished":"2024-12-26T15:58:00+00:00","dateModified":"2025-01-27T15:03:15+00:00"},{"@type":"WebSite","@id":"https:\/\/monatglobal.com\/be\/#website","url":"https:\/\/monatglobal.com\/be\/","name":"MONAT Belgium","description":"We Are Modern Nature\u2122","inLanguage":"fr-FR","publisher":{"@id":"https:\/\/monatglobal.com\/be\/#organization"}}]},"og:locale":"fr_FR","og:site_name":"MONAT Belgium - We Are Modern Nature\u2122","og:type":"article","og:title":"Politique de cookies - MONAT Belgium","og:description":"Politique en mati\u00e8re de cookies de MONAT Global Belgique Veuillez noter que cette Politique en mati\u00e8re de cookies ne s'applique qu'au site web de MONAT Global Belgique ou aux applications mobiles de MONAT (\u00ab Sites \u00bb) contenant un lien vers cette politique. TABLE DES MATI\u00c8RES 1. QUE SONT LES COOKIES ? 2. COMMENT LES COOKIES","og:url":"https:\/\/monatglobal.com\/be\/cookies-policy\/","article:published_time":"2024-12-26T15:58:00+00:00","article:modified_time":"2025-01-27T15:03:15+00:00","twitter:card":"summary_large_image","twitter:title":"Politique de cookies - MONAT Belgium","twitter:description":"Politique en mati\u00e8re de cookies de MONAT Global Belgique Veuillez noter que cette Politique en mati\u00e8re de cookies ne s'applique qu'au site web de MONAT Global Belgique ou aux applications mobiles de MONAT (\u00ab Sites \u00bb) contenant un lien vers cette politique. TABLE DES MATI\u00c8RES 1. QUE SONT LES COOKIES ? 2. COMMENT LES COOKIES"},"aioseo_meta_data":{"post_id":"117","title":null,"description":null,"keywords":null,"keyphrases":{"focus":{"keyphrase":"","score":0,"analysis":{"keyphraseInTitle":{"score":0,"maxScore":9,"error":1}}},"additional":[]},"primary_term":null,"canonical_url":null,"og_title":null,"og_description":null,"og_object_type":"default","og_image_type":"default","og_image_url":null,"og_image_width":null,"og_image_height":null,"og_image_custom_url":null,"og_image_custom_fields":null,"og_video":"","og_custom_url":null,"og_article_section":null,"og_article_tags":null,"twitter_use_og":false,"twitter_card":"default","twitter_image_type":"default","twitter_image_url":null,"twitter_image_custom_url":null,"twitter_image_custom_fields":null,"twitter_title":null,"twitter_description":null,"schema":{"blockGraphs":[],"customGraphs":[],"default":{"data":{"Article":[],"Course":[],"Dataset":[],"FAQPage":[],"Movie":[],"Person":[],"Product":[],"ProductReview":[],"Car":[],"Recipe":[],"Service":[],"SoftwareApplication":[],"WebPage":[]},"graphName":"WebPage","isEnabled":true},"graphs":[]},"schema_type":"default","schema_type_options":null,"pillar_content":false,"robots_default":true,"robots_noindex":false,"robots_noarchive":false,"robots_nosnippet":false,"robots_nofollow":false,"robots_noimageindex":false,"robots_noodp":false,"robots_notranslate":false,"robots_max_snippet":"-1","robots_max_videopreview":"-1","robots_max_imagepreview":"large","priority":null,"frequency":"default","local_seo":null,"seo_analyzer_scan_date":null,"breadcrumb_settings":null,"limit_modified_date":false,"reviewed_by":null,"open_ai":null,"ai":null,"created":"2024-12-26 15:39:39","updated":"2026-02-10 05:18:07"},"aioseo_breadcrumb":"<div class=\"aioseo-breadcrumbs\"><span class=\"aioseo-breadcrumb\">\n\t<a href=\"https:\/\/monatglobal.com\/be\" title=\"Home\">Home<\/a>\n<\/span><span class=\"aioseo-breadcrumb-separator\">&raquo;<\/span><span class=\"aioseo-breadcrumb\">\n\tPolitique de cookies\"&gt;Politique de cookies\n<\/span><\/div>","aioseo_breadcrumb_json":[{"label":"Home","link":"https:\/\/monatglobal.com\/be"},{"label":"<a href=\"https:\/\/monatglobal.com\/be\/cookies-policy\/\">Politique de cookies<\/a>","link":"https:\/\/monatglobal.com\/be\/cookies-policy\/"}],"_links":{"self":[{"href":"https:\/\/monatglobal.com\/be\/wp-json\/wp\/v2\/pages\/117","targetHints":{"allow":["GET"]}}],"collection":[{"href":"https:\/\/monatglobal.com\/be\/wp-json\/wp\/v2\/pages"}],"about":[{"href":"https:\/\/monatglobal.com\/be\/wp-json\/wp\/v2\/types\/page"}],"author":[{"embeddable":true,"href":"https:\/\/monatglobal.com\/be\/wp-json\/wp\/v2\/users\/33"}],"replies":[{"embeddable":true,"href":"https:\/\/monatglobal.com\/be\/wp-json\/wp\/v2\/comments?post=117"}],"version-history":[{"count":6,"href":"https:\/\/monatglobal.com\/be\/wp-json\/wp\/v2\/pages\/117\/revisions"}],"predecessor-version":[{"id":381,"href":"https:\/\/monatglobal.com\/be\/wp-json\/wp\/v2\/pages\/117\/revisions\/381"}],"wp:attachment":[{"href":"https:\/\/monatglobal.com\/be\/wp-json\/wp\/v2\/media?parent=117"}],"wp:term":[{"taxonomy":"category","embeddable":true,"href":"https:\/\/monatglobal.com\/be\/wp-json\/wp\/v2\/categories?post=117"},{"taxonomy":"post_tag","embeddable":true,"href":"https:\/\/monatglobal.com\/be\/wp-json\/wp\/v2\/tags?post=117"}],"curies":[{"name":"wp","href":"https:\/\/api.w.org\/{rel}","templated":true}]}}