{"id":110457,"date":"2026-03-26T21:08:07","date_gmt":"2026-03-26T21:08:07","guid":{"rendered":"https:\/\/monatglobal.com\/be\/?page_id=110457"},"modified":"2026-04-13T21:36:11","modified_gmt":"2026-04-13T20:36:11","slug":"europetogether2026","status":"publish","type":"page","link":"https:\/\/monatglobal.com\/be\/europetogether2026\/","title":{"rendered":"MILAN, ITALIE | Teatro Nazionale\u00a0| Samedi 13\u00a0juin 2026"},"content":{"rendered":"\n\n\t<style>\n    @import url('https:\/\/fonts.googleapis.com\/css2?family=Jost:ital,wght@0,100..900;1,100..900&display=swap');\n    .jost-500{\n      font-family: \"Jost\", sans-serif !important;\n      font-optical-sizing: auto;\n      font-weight: 500;\n      font-style: normal;\n    }\n    :root{\n        --burgundy: #5A1F2B;\n        --warm-gray: #F4F1EA;\n        --off-white: #F3F2F1;\n    }\n<\/style>\n<section>\n    <img decoding=\"async\" src=\"https:\/\/monatglobal.com\/wp-content\/uploads\/2026\/04\/Capa_1.svg\" alt=\"MONAT EUROPE TOGETHET EVENT MILAN LOGO\"\/>\n<\/section>\n<section id=\"intro_sec\">\n        <h2>MILAN, ITALIE <br \/> Teatro Nazionale <br \/>Samedi 13 <br \/>  juin 2026<\/h2>\n                <ul>\n                  <li id=\"days\"><\/li>\n                  <li id=\"hours\"><\/li> \n                  <li id=\"minutes\"><\/li> \n                  <li id=\"seconds\"><\/li>\n                <\/ul> \n                <p>JOURS<\/p>\n                <p>HEURES<\/p>\n                <p>MINUTES<\/p>\n                <p>SECONDES<\/p>\n        <a href=\"https:\/\/www.eventbrite.co.uk\/e\/monat-europe-together-tickets-1982194063804?aff=oddtdtcreator\" target=\"_blank\">S&rsquo;INSCRIRE <\/a>\n            \n                            <img decoding=\"async\" src=\"https:\/\/monatglobal.com\/wp-content\/uploads\/2026\/03\/we-are-modern-nature-drop-logo-eu-together.svg\" alt=\"MONAT EUROPE TOGETHET EVENT MILAN LOGO\"\/>\n    <source media=\"(max-width: 700px)\" srcset=\"https:\/\/monatglobal.com\/uk\/wp-content\/uploads\/sites\/6\/2026\/04\/elebration-of-inspiration-recognition_mobile.jpg\" loading=\"lazy\"\/>\n      <img decoding=\"async\" src=\"https:\/\/monatglobal.com\/uk\/wp-content\/uploads\/sites\/6\/2026\/04\/elebration-of-inspiration-recognition.jpg\" alt=\"Three photos side by side: an ornate theater interior with red velvet seats, a glass-domed shopping gallery ceiling, and a sunlit Italian courtyard with warm-toned buildings.\"\/>\n     \n            <!--<img decoding=\"async\" src=\"https:\/\/monatglobal.com\/it\/wp-content\/uploads\/sites\/29\/2026\/04\/elebration-of-inspiration-recognition_mobile.jpg\" alt=\"Three photos side by side: an ornate theater interior with red velvet seats, a glass-domed shopping gallery ceiling, and a sunlit Italian courtyard with warm-toned buildings.\"\/>-->\n        <p>Rejoignez votre famille MONAT de toute l&rsquo;Europe dans la belle ville de Milan pour MONAT Europe Together, une c\u00e9l\u00e9bration de l&rsquo;inspiration, de la reconnaissance et des moments qui font avancer nos voyages et rassemblent notre communaut\u00e9.<\/p>\n        <a href=\"https:\/\/www.eventbrite.co.uk\/e\/monat-europe-together-tickets-1982194063804?aff=oddtdtcreator\" target=\"_blank\">S&rsquo;INSCRIRE<\/a>\n<\/section>\n<section id=\"ticket\">\n    <p>Samedi 13 juin 2026<\/p>\n            <a>\n                    <img decoding=\"async\" src=\"https:\/\/monatglobal.com\/uk\/wp-content\/uploads\/sites\/6\/2026\/04\/general-admission-ticket-top.svg\" alt=\"Ticket pricing graphic over a grand theater background showing \"General Admission \u20ac59.00\"\"\/>\n                        <p>BILLETS D&rsquo;ENTR\u00c9E G\u00c9N\u00c9RALE<\/p>\n                        <p>DISPONIBLES<\/p>\n                    <img decoding=\"async\" src=\"https:\/\/monatglobal.com\/uk\/wp-content\/uploads\/sites\/6\/2026\/04\/general-admission-ticket-bottom.svg\" alt=\"Ticket pricing graphic over a grand theater background showing \"PARTY Admission \u20ac49.00\"\"\/>\n                    <p>59.00 \u20ac<\/p>\n            <\/a>\n<a>\n                    <img decoding=\"async\" src=\"https:\/\/monatglobal.com\/uk\/wp-content\/uploads\/sites\/6\/2026\/04\/party-ticket-top.svg\" alt=\"\"\/>\n                        <p>BILLETS DE F\u00caTE<\/p>\n                        <p>DISPONIBLES<\/p>\n                    <img decoding=\"async\" src=\"https:\/\/monatglobal.com\/uk\/wp-content\/uploads\/sites\/6\/2026\/04\/party-ticket-bottom.svg\" alt=\"\"\/>\n                    <p>45.00 \u20ac<\/p>\n            <\/a>\n        Fin : 1er juin \u00e0 23h59 BST \/ 2 juin 00 h 59 CET\n        <a href=\"https:\/\/www.eventbrite.co.uk\/e\/monat-europe-together-tickets-1982194063804?aff=oddtdtcreator\" target=\"_blank\">S&rsquo;INSCRIRE <\/a>\n    <p>MILAN, ITALY<\/p>\n<\/section>\n<section id=\"welcome_sec\">\n    <p>MILAN, ITALIE <\/p>\n        <img decoding=\"async\" src=\"https:\/\/monatglobal.com\/uk\/wp-content\/uploads\/sites\/6\/2026\/04\/welcome-you-to-Casa-MONAT_Milan-1.jpg\" alt=\"picture Milan, including the Duomo cathedral\"\/>\n        <img decoding=\"async\" src=\"https:\/\/monatglobal.com\/wp-content\/uploads\/2026\/03\/MONAT-EUROPE-TOGETHER-LOGO.svg\" alt=\"MONAT EUROPE TOGETHER LOGO\"\/>\n        <h2>Nous sommes impatients <br \/> de vous accueillir <br \/> \u00e0 Casa <br \/> MONAT!<\/h2>\n            <img decoding=\"async\" src=\"https:\/\/monatglobal.com\/uk\/wp-content\/uploads\/sites\/6\/2026\/04\/welcome-you-to-Casa-MONAT_Milan-3.jpg\" alt=\"picture of glass-roofed gallery\"\/>\n            <img decoding=\"async\" src=\"https:\/\/monatglobal.com\/uk\/wp-content\/uploads\/sites\/6\/2026\/04\/welcome-you-to-Casa-MONAT_Milan-2.jpg\" alt=\"street scene with a tram near a historic arch\"\/>\n    <p>Samedi 13 juin 2026<\/p>\n<\/section>\n<section id=\"\">\n           \n    <source media=\"(max-width: 700px)\" srcset=\"https:\/\/monatglobal.com\/uk\/wp-content\/uploads\/sites\/6\/2026\/04\/in-Lake-Como-MONAT-Europe-Together_mobile.jpg\" loading=\"lazy\"\/>\n     <img decoding=\"async\" src=\"https:\/\/monatglobal.com\/uk\/wp-content\/uploads\/sites\/6\/2026\/04\/in-Lake-Como-MONAT-Europe-Together.jpg\" alt=\"Scenic lakeside town with colorful buildings, a church with a bell tower, and tall cypress trees set against dramatic green mountains under a clear sky.\"\/>\n     \n    <!--<img decoding=\"async\" src=\"https:\/\/monatglobal.com\/uk\/wp-content\/uploads\/sites\/6\/2026\/04\/in-Lake-Como-MONAT-Europe-Together.jpg\" alt=\"Scenic lakeside town with colorful buildings, a church with a bell tower, and tall cypress trees set against dramatic green mountains under a clear sky.\"\/>-->\n            <p>  TEATRO NAZIONALE Samedi 13 juin 2026 |&nbsp;  TEATRO NAZIONALE Samedi 13 juin 2026 |&nbsp;  TEATRO NAZIONALE Samedi 13 juin 2026 |&nbsp;  TEATRO NAZIONALE Samedi 13 juin 2026 |&nbsp;<\/p>\n            <p>  TEATRO NAZIONALE Samedi 13 juin 2026 |&nbsp;  TEATRO NAZIONALE Samedi 13 juin 2026 |&nbsp;  TEATRO NAZIONALE Samedi 13 juin 2026 |&nbsp;  TEATRO NAZIONALE Samedi 13 juin 2026 |&nbsp;<\/p>\n            <p>  TEATRO NAZIONALE Samedi 13 juin 2026 |&nbsp;  TEATRO NAZIONALE Samedi 13 juin 2026 |&nbsp;  TEATRO NAZIONALE Samedi 13 juin 2026 |&nbsp;  TEATRO NAZIONALE Samedi 13 juin 2026 |&nbsp;<\/p>\n<\/section>\n<section>\n            <h2>Votre <br \/>leadership, <br \/> c\u00e9l\u00e9br\u00e9 en <br \/>Italie<\/h2>\n            <p>Vendredi 12 juin 2026<\/p>\n        <p>Alors que nous nous pr\u00e9parons \u00e0 MONAT Europe Together \u00e0 Milan,  nous sommes ravis de r\u00e9compenser les leaders les plus d\u00e9vou\u00e9s et ceux faisant preuve de la plus grande constance d&rsquo;Europe en leur offrant l&rsquo;exp\u00e9rience MONAT Italia.<\/p>\n        <img decoding=\"async\" src=\"https:\/\/monatglobal.com\/uk\/wp-content\/uploads\/sites\/6\/2026\/04\/uniquely-Italian-celebration-of-leadership.jpg\" alt=\"Woman in a light floral dress standing barefoot on a stone edge, looking out over a calm turquoise lake with a historic stone bridge and lush greenery in the background.\"\/>\n            <p>Cette r\u00e9compense exclusive, sur invitation seulement, aura lieu au lac de C\u00f4me, r\u00e9unissant les leaders qualifi\u00e9s pour une c\u00e9l\u00e9bration italienne unique du leadership, de l&rsquo;\u00e9lan et des entreprises que vous b\u00e2tissez avec MONAT.<\/p>\n            \n                <img decoding=\"async\" src=\"https:\/\/monatglobal.com\/wp-content\/uploads\/2026\/03\/we-are-modern-nature-drop-logo-eu-together.svg\" alt=\"MONAT EUROPE TOGETHET EVENT MILAN LOGO\"\/>\n            Ceux qui se qualifient peuvent s&rsquo;attendre \u00e0 quelque chose d&rsquo;\u00e9lev\u00e9, de styl\u00e9 et d&rsquo;inoubliable. \n            <h2>Diriger avec une vision. <br \/> Restez coh\u00e9rent. <br \/> Faites l&rsquo;exp\u00e9rience de l&rsquo;Italie.<\/h2>\n            <a href=\"https:\/\/monatglobal.com\/be\/wp-content\/uploads\/sites\/23\/2026\/04\/FRABEL_Exclusive-Italian-Experience-Incentive-FAQs_032726_v3.pdf\" target=\"_blank\">EN SAVOIR PLUS <\/a>\n<\/section>\n\n","protected":false},"excerpt":{"rendered":"<p>MILAN, ITALIE Teatro Nazionale Samedi 13 juin 2026 JOURS HEURES MINUTES SECONDES S&rsquo;INSCRIRE Rejoignez votre famille MONAT de toute l&rsquo;Europe dans la belle ville de Milan pour MONAT Europe Together, une c\u00e9l\u00e9bration de l&rsquo;inspiration, de la reconnaissance et des moments qui font avancer nos voyages et rassemblent notre communaut\u00e9. S&rsquo;INSCRIRE Samedi 13 juin 2026 BILLETS&hellip;<\/p>\n","protected":false},"author":47,"featured_media":110466,"parent":0,"menu_order":0,"comment_status":"closed","ping_status":"closed","template":"","meta":{"inline_featured_image":false,"om_disable_all_campaigns":false,"footnotes":""},"categories":[],"tags":[],"class_list":["post-110457","page","type-page","status-publish","has-post-thumbnail","hentry"],"aioseo_notices":[],"aioseo_head":"\n\t\t<!-- All in One SEO Pro 4.9.6 - aioseo.com -->\n\t<meta name=\"description\" content=\"MILAN, ITALIE Teatro Nazionale Samedi 13 juin 2026 JOURS HEURES MINUTES SECONDES S&#039;INSCRIRE Rejoignez votre famille MONAT de toute l&#039;Europe dans la belle ville de Milan pour MONAT Europe Together, une c\u00e9l\u00e9bration de l&#039;inspiration, de la reconnaissance et des moments qui font avancer nos voyages et rassemblent notre communaut\u00e9. S&#039;INSCRIRE Samedi 13 juin 2026 BILLETS\" \/>\n\t<meta name=\"robots\" content=\"max-image-preview:large\" \/>\n\t<link rel=\"canonical\" href=\"https:\/\/monatglobal.com\/be\/europetogether2026\/\" \/>\n\t<meta name=\"generator\" content=\"All in One SEO Pro (AIOSEO) 4.9.6\" \/>\n\t\t<meta property=\"og:locale\" content=\"fr_FR\" \/>\n\t\t<meta property=\"og:site_name\" content=\"MONAT Belgium - We Are Modern Nature\u2122\" \/>\n\t\t<meta property=\"og:type\" content=\"website\" \/>\n\t\t<meta property=\"og:title\" content=\"MILAN, ITALIE | Teatro Nazionale | Samedi 13 juin 2026 - MONAT Belgium\" \/>\n\t\t<meta property=\"og:description\" content=\"MILAN, ITALIE Teatro Nazionale Samedi 13 juin 2026 JOURS HEURES MINUTES SECONDES S&#039;INSCRIRE Rejoignez votre famille MONAT de toute l&#039;Europe dans la belle ville de Milan pour MONAT Europe Together, une c\u00e9l\u00e9bration de l&#039;inspiration, de la reconnaissance et des moments qui font avancer nos voyages et rassemblent notre communaut\u00e9. S&#039;INSCRIRE Samedi 13 juin 2026 BILLETS\" \/>\n\t\t<meta property=\"og:url\" content=\"https:\/\/monatglobal.com\/be\/europetogether2026\/\" \/>\n\t\t<meta name=\"twitter:card\" content=\"summary_large_image\" \/>\n\t\t<meta name=\"twitter:title\" content=\"MILAN, ITALIE | Teatro Nazionale | Samedi 13 juin 2026 - MONAT Belgium\" \/>\n\t\t<meta name=\"twitter:description\" content=\"MILAN, ITALIE Teatro Nazionale Samedi 13 juin 2026 JOURS HEURES MINUTES SECONDES S&#039;INSCRIRE Rejoignez votre famille MONAT de toute l&#039;Europe dans la belle ville de Milan pour MONAT Europe Together, une c\u00e9l\u00e9bration de l&#039;inspiration, de la reconnaissance et des moments qui font avancer nos voyages et rassemblent notre communaut\u00e9. S&#039;INSCRIRE Samedi 13 juin 2026 BILLETS\" \/>\n\t\t<script type=\"application\/ld+json\" class=\"aioseo-schema\">\n\t\t\t{\"@context\":\"https:\\\/\\\/schema.org\",\"@graph\":[{\"@type\":\"BreadcrumbList\",\"@id\":\"https:\\\/\\\/monatglobal.com\\\/be\\\/europetogether2026\\\/#breadcrumblist\",\"itemListElement\":[{\"@type\":\"ListItem\",\"@id\":\"https:\\\/\\\/monatglobal.com\\\/be#listItem\",\"position\":1,\"name\":\"Home\",\"item\":\"https:\\\/\\\/monatglobal.com\\\/be\",\"nextItem\":{\"@type\":\"ListItem\",\"@id\":\"https:\\\/\\\/monatglobal.com\\\/be\\\/europetogether2026\\\/#listItem\",\"name\":\"MILAN, ITALIE | Teatro Nazionale\\u00a0| Samedi 13\\u00a0juin 2026\"}},{\"@type\":\"ListItem\",\"@id\":\"https:\\\/\\\/monatglobal.com\\\/be\\\/europetogether2026\\\/#listItem\",\"position\":2,\"name\":\"MILAN, ITALIE | Teatro Nazionale\\u00a0| Samedi 13\\u00a0juin 2026\",\"previousItem\":{\"@type\":\"ListItem\",\"@id\":\"https:\\\/\\\/monatglobal.com\\\/be#listItem\",\"name\":\"Home\"}}]},{\"@type\":\"Organization\",\"@id\":\"https:\\\/\\\/monatglobal.com\\\/be\\\/#organization\",\"name\":\"MONAT Belgium\",\"description\":\"We Are Modern Nature\\u2122\",\"url\":\"https:\\\/\\\/monatglobal.com\\\/be\\\/\"},{\"@type\":\"WebPage\",\"@id\":\"https:\\\/\\\/monatglobal.com\\\/be\\\/europetogether2026\\\/#webpage\",\"url\":\"https:\\\/\\\/monatglobal.com\\\/be\\\/europetogether2026\\\/\",\"name\":\"MILAN, ITALIE | Teatro Nazionale | Samedi 13 juin 2026 - MONAT Belgium\",\"description\":\"MILAN, ITALIE Teatro Nazionale Samedi 13 juin 2026 JOURS HEURES MINUTES SECONDES S'INSCRIRE Rejoignez votre famille MONAT de toute l'Europe dans la belle ville de Milan pour MONAT Europe Together, une c\\u00e9l\\u00e9bration de l'inspiration, de la reconnaissance et des moments qui font avancer nos voyages et rassemblent notre communaut\\u00e9. S'INSCRIRE Samedi 13 juin 2026 BILLETS\",\"inLanguage\":\"fr-FR\",\"isPartOf\":{\"@id\":\"https:\\\/\\\/monatglobal.com\\\/be\\\/#website\"},\"breadcrumb\":{\"@id\":\"https:\\\/\\\/monatglobal.com\\\/be\\\/europetogether2026\\\/#breadcrumblist\"},\"image\":{\"@type\":\"ImageObject\",\"url\":\"https:\\\/\\\/monatglobal.com\\\/be\\\/wp-content\\\/uploads\\\/sites\\\/23\\\/2026\\\/03\\\/EuropeTogether2026_featured-image-eu.jpg\",\"@id\":\"https:\\\/\\\/monatglobal.com\\\/be\\\/europetogether2026\\\/#mainImage\",\"width\":1200,\"height\":628},\"primaryImageOfPage\":{\"@id\":\"https:\\\/\\\/monatglobal.com\\\/be\\\/europetogether2026\\\/#mainImage\"},\"datePublished\":\"2026-03-26T21:08:07+00:00\",\"dateModified\":\"2026-04-13T21:36:11+01:00\"},{\"@type\":\"WebSite\",\"@id\":\"https:\\\/\\\/monatglobal.com\\\/be\\\/#website\",\"url\":\"https:\\\/\\\/monatglobal.com\\\/be\\\/\",\"name\":\"MONAT Belgium\",\"description\":\"We Are Modern Nature\\u2122\",\"inLanguage\":\"fr-FR\",\"publisher\":{\"@id\":\"https:\\\/\\\/monatglobal.com\\\/be\\\/#organization\"}}]}\n\t\t<\/script>\n\t\t<!-- All in One SEO Pro -->\r\n\t\t<title>MILAN, ITALIE | Teatro Nazionale | Samedi 13 juin 2026 - MONAT Belgium<\/title>\n\n","aioseo_head_json":{"title":"MILAN, ITALIE | Teatro Nazionale | Samedi 13 juin 2026 - MONAT Belgium","description":"MILAN, ITALIE Teatro Nazionale Samedi 13 juin 2026 JOURS HEURES MINUTES SECONDES S'INSCRIRE Rejoignez votre famille MONAT de toute l'Europe dans la belle ville de Milan pour MONAT Europe Together, une c\u00e9l\u00e9bration de l'inspiration, de la reconnaissance et des moments qui font avancer nos voyages et rassemblent notre communaut\u00e9. S'INSCRIRE Samedi 13 juin 2026 BILLETS","canonical_url":"https:\/\/monatglobal.com\/be\/europetogether2026\/","robots":"max-image-preview:large","keywords":"","webmasterTools":{"miscellaneous":""},"schema":{"@context":"https:\/\/schema.org","@graph":[{"@type":"BreadcrumbList","@id":"https:\/\/monatglobal.com\/be\/europetogether2026\/#breadcrumblist","itemListElement":[{"@type":"ListItem","@id":"https:\/\/monatglobal.com\/be#listItem","position":1,"name":"Home","item":"https:\/\/monatglobal.com\/be","nextItem":{"@type":"ListItem","@id":"https:\/\/monatglobal.com\/be\/europetogether2026\/#listItem","name":"MILAN, ITALIE | Teatro Nazionale\u00a0| Samedi 13\u00a0juin 2026"}},{"@type":"ListItem","@id":"https:\/\/monatglobal.com\/be\/europetogether2026\/#listItem","position":2,"name":"MILAN, ITALIE | Teatro Nazionale\u00a0| Samedi 13\u00a0juin 2026","previousItem":{"@type":"ListItem","@id":"https:\/\/monatglobal.com\/be#listItem","name":"Home"}}]},{"@type":"Organization","@id":"https:\/\/monatglobal.com\/be\/#organization","name":"MONAT Belgium","description":"We Are Modern Nature\u2122","url":"https:\/\/monatglobal.com\/be\/"},{"@type":"WebPage","@id":"https:\/\/monatglobal.com\/be\/europetogether2026\/#webpage","url":"https:\/\/monatglobal.com\/be\/europetogether2026\/","name":"MILAN, ITALIE | Teatro Nazionale | Samedi 13 juin 2026 - MONAT Belgium","description":"MILAN, ITALIE Teatro Nazionale Samedi 13 juin 2026 JOURS HEURES MINUTES SECONDES S'INSCRIRE Rejoignez votre famille MONAT de toute l'Europe dans la belle ville de Milan pour MONAT Europe Together, une c\u00e9l\u00e9bration de l'inspiration, de la reconnaissance et des moments qui font avancer nos voyages et rassemblent notre communaut\u00e9. S'INSCRIRE Samedi 13 juin 2026 BILLETS","inLanguage":"fr-FR","isPartOf":{"@id":"https:\/\/monatglobal.com\/be\/#website"},"breadcrumb":{"@id":"https:\/\/monatglobal.com\/be\/europetogether2026\/#breadcrumblist"},"image":{"@type":"ImageObject","url":"https:\/\/monatglobal.com\/be\/wp-content\/uploads\/sites\/23\/2026\/03\/EuropeTogether2026_featured-image-eu.jpg","@id":"https:\/\/monatglobal.com\/be\/europetogether2026\/#mainImage","width":1200,"height":628},"primaryImageOfPage":{"@id":"https:\/\/monatglobal.com\/be\/europetogether2026\/#mainImage"},"datePublished":"2026-03-26T21:08:07+00:00","dateModified":"2026-04-13T21:36:11+01:00"},{"@type":"WebSite","@id":"https:\/\/monatglobal.com\/be\/#website","url":"https:\/\/monatglobal.com\/be\/","name":"MONAT Belgium","description":"We Are Modern Nature\u2122","inLanguage":"fr-FR","publisher":{"@id":"https:\/\/monatglobal.com\/be\/#organization"}}]},"og:locale":"fr_FR","og:site_name":"MONAT Belgium - We Are Modern Nature\u2122","og:type":"website","og:title":"MILAN, ITALIE | Teatro Nazionale | Samedi 13 juin 2026 - MONAT Belgium","og:description":"MILAN, ITALIE Teatro Nazionale Samedi 13 juin 2026 JOURS HEURES MINUTES SECONDES S'INSCRIRE Rejoignez votre famille MONAT de toute l'Europe dans la belle ville de Milan pour MONAT Europe Together, une c\u00e9l\u00e9bration de l'inspiration, de la reconnaissance et des moments qui font avancer nos voyages et rassemblent notre communaut\u00e9. S'INSCRIRE Samedi 13 juin 2026 BILLETS","og:url":"https:\/\/monatglobal.com\/be\/europetogether2026\/","twitter:card":"summary_large_image","twitter:title":"MILAN, ITALIE | Teatro Nazionale | Samedi 13 juin 2026 - MONAT Belgium","twitter:description":"MILAN, ITALIE Teatro Nazionale Samedi 13 juin 2026 JOURS HEURES MINUTES SECONDES S'INSCRIRE Rejoignez votre famille MONAT de toute l'Europe dans la belle ville de Milan pour MONAT Europe Together, une c\u00e9l\u00e9bration de l'inspiration, de la reconnaissance et des moments qui font avancer nos voyages et rassemblent notre communaut\u00e9. S'INSCRIRE Samedi 13 juin 2026 BILLETS"},"aioseo_meta_data":{"post_id":"110457","title":null,"description":null,"keywords":null,"keyphrases":{"focus":{"keyphrase":"","score":0,"analysis":{"keyphraseInTitle":{"score":0,"maxScore":9,"error":1}}},"additional":[]},"primary_term":null,"canonical_url":null,"og_title":null,"og_description":null,"og_object_type":"website","og_image_type":"default","og_image_url":null,"og_image_width":null,"og_image_height":null,"og_image_custom_url":null,"og_image_custom_fields":null,"og_video":"","og_custom_url":null,"og_article_section":null,"og_article_tags":null,"twitter_use_og":false,"twitter_card":"default","twitter_image_type":"default","twitter_image_url":null,"twitter_image_custom_url":null,"twitter_image_custom_fields":null,"twitter_title":null,"twitter_description":null,"schema":{"blockGraphs":[],"customGraphs":[],"default":{"data":{"Article":[],"Course":[],"Dataset":[],"FAQPage":[],"Movie":[],"Person":[],"Product":[],"ProductReview":[],"Car":[],"Recipe":[],"Service":[],"SoftwareApplication":[],"WebPage":[]},"graphName":"WebPage","isEnabled":true},"graphs":[]},"schema_type":"default","schema_type_options":null,"pillar_content":false,"robots_default":true,"robots_noindex":false,"robots_noarchive":false,"robots_nosnippet":false,"robots_nofollow":false,"robots_noimageindex":false,"robots_noodp":false,"robots_notranslate":false,"robots_max_snippet":"-1","robots_max_videopreview":"-1","robots_max_imagepreview":"large","priority":null,"frequency":"default","local_seo":null,"seo_analyzer_scan_date":null,"breadcrumb_settings":null,"limit_modified_date":false,"reviewed_by":"0","open_ai":null,"ai":{"faqs":[],"keyPoints":[],"titles":[],"descriptions":[],"socialPosts":{"email":[],"linkedin":[],"twitter":[],"facebook":[],"instagram":[]}},"created":"2026-03-26 20:02:48","updated":"2026-04-13 20:50:10"},"aioseo_breadcrumb":"<div class=\"aioseo-breadcrumbs\"><span class=\"aioseo-breadcrumb\">\n\t<a href=\"https:\/\/monatglobal.com\/be\" title=\"Home\">Home<\/a>\n<\/span><span class=\"aioseo-breadcrumb-separator\">&raquo;<\/span><span class=\"aioseo-breadcrumb\">\n\tMILAN, ITALIE | Teatro Nazionale | Samedi 13 juin 2026\n<\/span><\/div>","aioseo_breadcrumb_json":[{"label":"Home","link":"https:\/\/monatglobal.com\/be"},{"label":"MILAN, ITALIE | Teatro Nazionale\u00a0| Samedi 13\u00a0juin 2026","link":"https:\/\/monatglobal.com\/be\/europetogether2026\/"}],"_links":{"self":[{"href":"https:\/\/monatglobal.com\/be\/wp-json\/wp\/v2\/pages\/110457","targetHints":{"allow":["GET"]}}],"collection":[{"href":"https:\/\/monatglobal.com\/be\/wp-json\/wp\/v2\/pages"}],"about":[{"href":"https:\/\/monatglobal.com\/be\/wp-json\/wp\/v2\/types\/page"}],"author":[{"embeddable":true,"href":"https:\/\/monatglobal.com\/be\/wp-json\/wp\/v2\/users\/47"}],"replies":[{"embeddable":true,"href":"https:\/\/monatglobal.com\/be\/wp-json\/wp\/v2\/comments?post=110457"}],"version-history":[{"count":8,"href":"https:\/\/monatglobal.com\/be\/wp-json\/wp\/v2\/pages\/110457\/revisions"}],"predecessor-version":[{"id":110522,"href":"https:\/\/monatglobal.com\/be\/wp-json\/wp\/v2\/pages\/110457\/revisions\/110522"}],"wp:featuredmedia":[{"embeddable":true,"href":"https:\/\/monatglobal.com\/be\/wp-json\/wp\/v2\/media\/110466"}],"wp:attachment":[{"href":"https:\/\/monatglobal.com\/be\/wp-json\/wp\/v2\/media?parent=110457"}],"wp:term":[{"taxonomy":"category","embeddable":true,"href":"https:\/\/monatglobal.com\/be\/wp-json\/wp\/v2\/categories?post=110457"},{"taxonomy":"post_tag","embeddable":true,"href":"https:\/\/monatglobal.com\/be\/wp-json\/wp\/v2\/tags?post=110457"}],"curies":[{"name":"wp","href":"https:\/\/api.w.org\/{rel}","templated":true}]}}