{"id":110075,"date":"2026-02-05T18:28:58","date_gmt":"2026-02-05T18:28:58","guid":{"rendered":"https:\/\/monatglobal.com\/be\/?page_id=110075"},"modified":"2026-03-18T15:37:39","modified_gmt":"2026-03-18T15:37:39","slug":"rejuveniqe-oil","status":"publish","type":"page","link":"https:\/\/monatglobal.com\/be\/rejuveniqe-oil\/?lang=nl","title":{"rendered":"REJUVENIQE\u2122 Intensieve Olie | MONAT Haar- en Huidverzorgingsproducten"},"content":{"rendered":"\n\n\t<link rel=\"stylesheet\" href=\"https:\/\/unpkg.com\/swiper\/swiper-bundle.min.css\"\/>\n<link rel=\"stylesheet\" href=\"https:\/\/monatglobal.com\/wp-content\/creative_css\/product_styles_sheet.css\"\/>\n  <!--==================================================== ECOMM SECTION ====================================================-->\n  <p>BESTSELLER<\/p>\n    <!--==================================================== Ecomm image ====================================================-->\n    <img decoding=\"async\" src=\"https:\/\/monatglobal.com\/es\/wp-content\/uploads\/sites\/10\/2021\/10\/rejuveniqe_2021-ecomm.png\" alt=\"MONAT REJUVENIQE\u00ae\" loading=\"lazy\"\/>\n      <!--==================================================== Ecomm information  ====================================================-->\n        NUEVO\n        \n        <p>BESTSELLER<\/p>\n        <h1>REJUVENIQE<sup>\u00ae<\/sup><\/h1>\n        \n        <p>Een gepatenteerd mengsel van meer dan 13 natuurlijke plantaardige en essenti\u00eble oli\u00ebn voor haar en huid.<\/p>\n        30 ml \u212e \/ 1,0 fl. oz. \n        \n    <!--==================================================== pricing box  ====================================================-->\n      <p>Winkelprijs<br \/>\u20ac 00.00 <\/p>\n      <p>VIP-klantenprijs<br \/>\u20ac 00.00 <\/p>\n    <!--==================================================== pricing box  ====================================================--> \n        <p>Neem voor meer informatie over REJUVENIQE<sup>\u00ae<\/sup> contact op met je MONAT-marktpartner.<\/p>\n          <a href=\"\" target=\"_blank\" role=\"button\" aria-label=\"\"><\/a>\n    <!--==================================================== \/ECOMM SECTION  ====================================================-->\n    <!--==================================================== Benefits image ====================================================-->\n    \n      <source media=\"(max-width: 700px)\" srcset=\"https:\/\/monatglobal.com\/es\/wp-content\/uploads\/sites\/10\/2021\/10\/rejuveniqe-benefits_mobile.jpg\" loading=\"lazy\"\/>\n        <img decoding=\"async\" src=\"https:\/\/monatglobal.com\/es\/wp-content\/uploads\/sites\/10\/2021\/10\/Rejuvenique-benefits-2021.jpg\" alt=\"TBD-update text\" loading=\"lazy\"\/>\n      \n      <!--==================================================== Benefits text ====================================================-->\n          <h2>VOORDELEN<\/h2>\n          <h3>Deze multifunctionele olie voor haar en huid versterkt het haar*, verbetert de glans**, vermindert pluis** en hydrateert de huid**.<\/h3>\n          *Gebaseerd op een statistisch significant onderzoek naar haarbreuk waarin de vermindering van gebroken vezels door herhaaldelijk kammen en borstelen werd beoordeeld.\n          <br \/>**Gebaseerd op instrumentele testen door een extern laboratorium.\u00a0\u00bb\n          <!--==================================================== features image  ====================================================-->\n          <img decoding=\"async\" src=\"https:\/\/monatglobal.com\/es\/wp-content\/uploads\/sites\/10\/2021\/09\/Rejuvenique%C2%AE_2.png\" alt=\"-\" loading=\"lazy\"\/>\n        <!--==================================================== features text ====================================================-->\n            <h3>Eigenschappen<\/h3>\n              <p>\/ Een gepatenteerd mengsel van meer dan 13 natuurlijke plantaardige en essenti\u00eble oli\u00ebn.<\/p>\n              <p>\/ Precisiedruppelaar voor gerichte toepassing op de hoofdhuid <\/p>\n              <p>\/ Kan ook worden gebruikt als hydraterende verzorging voor gezicht of lichaam<\/p>\n              <p>\/ Veelzijdig: uitspoelen of laten zitten op het haar, gezicht of lichaam<\/p>\n              <p>\/ Voeg toe aan je masker of cr\u00e8me voor extra hydratatie<\/p> \n      <!--==================================================== composition image mobile ====================================================-->\n      <img decoding=\"async\" alt=\"\" src=\"https:\/\/monatglobal.com\/es\/wp-content\/uploads\/sites\/10\/2021\/10\/composition_img_1-Rejuveniqe-2021.jpg\" loading=\"lazy\"\/>\n      <!--==================================================== Why it works text ====================================================-->\n        <h2>HET KROONJUWEEL VAN WARE WEELDE<\/h2>\n        <h3>MONAT reisde de wereld over op zoek naar de meest exquise oli\u00ebn die helpen het haar en de huid in balans te brengen, te verjongen en te verbeteren. <\/h3>\n        <p> Abessijnse olie was het eerste ingredi\u00ebnt dat werd geselecteerd vanwege de opmerkelijke verjongende eigenschappen.<\/p><br \/>\n    <!--==================================================== Composition section ====================================================-->\n        <img decoding=\"async\" src=\"https:\/\/monatglobal.com\/es\/wp-content\/uploads\/sites\/10\/2021\/10\/composition_img_1-Rejuveniqe-2021.jpg\" alt=\"MONAT's Hydration Booster product is set over a solid pink background with serum spilled as additional texture.\" loading=\"lazy\"\/>\n        <img decoding=\"async\" src=\"https:\/\/monatglobal.com\/es\/wp-content\/uploads\/sites\/10\/2021\/09\/small-square.png\" alt=\"An african-american woman looking directly at the camera while applying the serum with the eyedropper. Left hand showcases MONAT's Hydration Booster.\" loading=\"lazy\"\/>\n            <!--==================================================== Directions text ====================================================--> \n              <h3>Gebruiksaanwijzing<\/h3>\n              <p><strong>Pre-shampoo behandeling:  <\/strong><\/p>\n              <p>\/ Breng een royale hoeveelheid aan op droog of vochtig haar en de hoofdhuid.<\/p>\n              <p>\/ Laat 15 minuten inwerken.<\/p>\n              <p>\/ Spoel grondig uit en gebruik daarna shampoo en conditioner.<\/p>\n            <!--==================================================== Directions video ====================================================-->\n        <p><strong>Intensief hydraterende behandeling:  <\/strong><\/p>\n        <p>\/ Breng een royale hoeveelheid aan op vochtig haar en de hoofdhuid.<\/p>\n        <p>\/ Wikkel een warme, vochtige handdoek om het hoofd en laat 30 minuten inwerken.<\/p>\n        <p>\/ Spoel grondig uit en gebruik daarna shampoo en conditioner.<\/p>\n        <br \/>\n        <p><strong>Leave-in afwerkingsbehandeling:<\/strong><\/p>\n        <p>\/ Wrijf, zodra het haar droog is, een kleine hoeveelheid tussen je handpalmen en breng aan op de punten.<\/p>\n        <br \/>\n        <p><strong>Hydraterende verzorging voor het gezicht:<\/strong><\/p>\n        <p>\/ Breng &lsquo;s ochtends en &lsquo;s avonds aan op gezicht, hals en decollet\u00e9 v\u00f3\u00f3r je moisturizer en concentreer je op probleemgebieden zoals fijne lijntjes voor onmiddellijke hydratatie en bescherming.<\/p>\n        <p><strong>Hydraterende verzorging voor het lichaam:<\/strong><\/p>\n        <p>\/ Breng &lsquo;s ochtends en &lsquo;s avonds aan op ellebogen, knie\u00ebn, droge, ruwe plekken en de bovenkant van de handen.<\/p>\n        <br \/>\n        <p><strong>EXTRA GEBRUIK:  <\/strong><\/p>\n        <p>\/ Meng met je favoriete vochtinbrengende cr\u00e8me (voor gezicht of lichaam) voor extra hydratatie.<\/p>\n        <p>\/ Voeg toe aan je conditioner of haarmasker voor extra verzorging en glans.<\/p>\n        <p>\/ Meng met je favoriete vloeibare foundation voor extra hydratatie van je gezicht in een droger klimaat.<\/p>\n        <p>\/ Dep een paar druppels op je gezicht voor een vliegreis om vochtverlies tijdens de vlucht te verminderen.<\/p>\n      <a href=\"\" target=\"_blank\"  role=\"button\" aria-label=\"\"><\/a>\n    <!--==================================================== Ingredients section  ====================================================-->\n      <h2>HOOFDINGREDI\u00cbNTEN<\/h2>\n         <img decoding=\"async\" src=\"https:\/\/monatglobal.com\/wp-content\/uploads\/2022\/11\/Abyssinian-Oil.svg\" alt=\"Abyssinian Oil\"\/>\n          <p>Abessijnse olie <\/p>\n      <img decoding=\"async\" src=\"https:\/\/monatglobal.com\/wp-content\/uploads\/2022\/11\/Meadowfoam-Oil.svg\" alt=\"Meadowfoam Oil\"\/>\n        <p>Weideschuimolie  <\/p>\n    <!---->\n    <!--      -->\n    <!--        <img decoding=\"async\" src=\"https:\/\/monatglobal.com\/wp-content\/uploads\/2022\/12\/carrotoil.svg\" alt=\"Carrot Seed Oil\"\/>-->\n    <!--    -->\n        <!---->\n        <!--  <p>Carrot Seed Oil<\/p>-->\n        <!---->\n    <!--  -->\n  <button id=\"myBtn\" type=\"button\">INGREDI\u00cbNTEN<\/button>\n  <!--==================================================== Modal content  ====================================================-->\n    \u00d7\n    <p>Limnanthes Alba (Meadowfoam) Seed Oil, Crambe Abyssinica Seed Oil, Camellia Oleifera Seed Oil, Solanum Lycopersicum (Tomato) Seed Oil, Daucus Carota Sativa (Carrot) Seed Oil, Citrus Limon (Lemon) Peel Oil, Citrus Aurantifolia (Lime) Oil, Citrus Aurantium Bergamia (Bergamot) Fruit Oil, Adansonia Digitata Oil, Mauritia Flexuosa Fruit Oil, Cocos Nucifera (Coconut) Oil, Gardenia Taitensis Flower Extract, Moringa Oleifera Seed Oil, Caryocar Brasiliense Fruit Oil, Helianthus Annuus (Sunflower) Seed Oil, Citral, Limonene, Linalool<\/p>\n<!--==================================================== You might also like section ====================================================-->\n  <h2>MISSCHIEN VIND JE DIT OOK LEUK<\/h2>\n  <!--==================================================== Slider YOU MIGHT ALSO LIKE ====================================================-->\n  <!---->\n  <!--  -->\n      <!--==================================================== Slides products ====================================================-->\n  <!--    -->\n  <!--      <a href=\"https:\/\/monatglobal.com\/rejuvabeads\/\" aria-label=\"Go to REJUVABEADS page\">-->\n  <!--        <img decoding=\"async\" src=\"https:\/\/monatglobal.com\/wp-content\/uploads\/2022\/12\/Rejevabeads-ecomm.png\" alt=\"REJUVABEADS\" loading=\"lazy\"\/>-->\n  <!--        <p>REJUVABEADS<sup>\u00ae<\/sup><\/p>-->\n  <!--      <\/a>-->\n  <!--    -->\n  <!--    -->\n  <!--      <a href=\"https:\/\/monatglobal.com\/replenish-masque\/\" aria-label=\"Go to Replenish Masque page\">-->\n  <!--        <img decoding=\"async\" src=\"https:\/\/monatglobal.com\/wp-content\/uploads\/2022\/12\/replenish-masque-e-comm-min.png\" alt=\"Replenish Masque\" loading=\"lazy\"\/>-->\n  <!--        <p>Replenish Masque<\/p>-->\n  <!--      <\/a>-->\n  <!--    -->\n  <!--    -->\n  <!--      <a href=\"https:\/\/monatglobal.com\/lightweight-moisturizer\/\" aria-label=\"Go to BE BALANCED\u2122 Lightweight Moisturizer Page\">-->\n  <!--        <img decoding=\"async\" src=\"https:\/\/monatglobal.com\/wp-content\/uploads\/2022\/12\/BE-BALANCED-Lightweight-Moisturizer_ecomm-min.png\" alt=\"BE BALANCED\u2122 Lightweight Moisturizer\" loading=\"lazy\"\/>-->\n  <!--        <p>BE BALANCED\u2122 Lightweight Moisturizer<\/p>-->\n  <!--      <\/a>-->\n  <!--    -->\n  <!--  -->\n    <!--==================================================== If we need navigation buttons  ====================================================-->\n  <!--  -->\n  <!--  -->\n    <!--==================================================== If we need paginations  ====================================================-->\n  <!--  -->\n  <!---->\n             <!-- If we need navigation buttons -->\n             <!-- If we need paginations -->\n    <a href=\"\" aria-label=\"\"><\/a>\n     <!--==================================================== this link has to go last for it to work   ====================================================-->\n\n","protected":false},"excerpt":{"rendered":"<p>BESTSELLER NUEVO BESTSELLER REJUVENIQE\u00ae Een gepatenteerd mengsel van meer dan 13 natuurlijke plantaardige en essenti\u00eble oli\u00ebn voor haar en huid. 30 ml \u212e \/ 1,0 fl. oz. Winkelprijs\u20ac 00.00 VIP-klantenprijs\u20ac 00.00 Neem voor meer informatie over REJUVENIQE\u00ae contact op met je MONAT-marktpartner. VOORDELEN Deze multifunctionele olie voor haar en huid versterkt het haar*, verbetert de&hellip;<\/p>\n","protected":false},"author":31,"featured_media":110167,"parent":0,"menu_order":0,"comment_status":"closed","ping_status":"closed","template":"","meta":{"inline_featured_image":false,"om_disable_all_campaigns":false,"footnotes":""},"categories":[46],"tags":[],"class_list":["post-110075","page","type-page","status-publish","has-post-thumbnail","hentry","category-product-be-nl"],"aioseo_notices":[],"aioseo_head":"\n\t\t<!-- All in One SEO Pro 4.9.5.2 - aioseo.com -->\n\t<meta name=\"description\" content=\"Een gepatenteerd mengsel van meer dan 13 natuurlijke plantaardige en essenti\u00eble oli\u00ebn voor haar en huid. Versterkt het haar, verbetert de glans, vermindert pluis en hydrateert de huid.\" \/>\n\t<meta name=\"robots\" content=\"max-image-preview:large\" \/>\n\t<link rel=\"canonical\" href=\"https:\/\/monatglobal.com\/be\/rejuveniqe-oil\/?lang=nl\" \/>\n\t<meta name=\"generator\" content=\"All in One SEO Pro (AIOSEO) 4.9.5.2\" \/>\n\t\t<meta property=\"og:locale\" content=\"fr_FR\" \/>\n\t\t<meta property=\"og:site_name\" content=\"MONAT Belgium - We Are Modern Nature\u2122\" \/>\n\t\t<meta property=\"og:type\" content=\"article\" \/>\n\t\t<meta property=\"og:title\" content=\"REJUVENIQE\u2122 Intensieve Olie | MONAT Haar- en Huidverzorgingsproducten\" \/>\n\t\t<meta property=\"og:description\" content=\"Een gepatenteerd mengsel van meer dan 13 natuurlijke plantaardige en essenti\u00eble oli\u00ebn voor haar en huid. Versterkt het haar, verbetert de glans, vermindert pluis en hydrateert de huid.\" \/>\n\t\t<meta property=\"og:url\" content=\"https:\/\/monatglobal.com\/be\/rejuveniqe-oil\/?lang=nl\" \/>\n\t\t<meta property=\"article:published_time\" content=\"2026-02-05T18:28:58+00:00\" \/>\n\t\t<meta property=\"article:modified_time\" content=\"2026-03-18T15:37:39+00:00\" \/>\n\t\t<meta name=\"twitter:card\" content=\"summary_large_image\" \/>\n\t\t<meta name=\"twitter:title\" content=\"REJUVENIQE\u2122 Intensieve Olie | MONAT Haar- en Huidverzorgingsproducten\" \/>\n\t\t<meta name=\"twitter:description\" content=\"Een gepatenteerd mengsel van meer dan 13 natuurlijke plantaardige en essenti\u00eble oli\u00ebn voor haar en huid. Versterkt het haar, verbetert de glans, vermindert pluis en hydrateert de huid.\" \/>\n\t\t<script type=\"application\/ld+json\" class=\"aioseo-schema\">\n\t\t\t{\"@context\":\"https:\\\/\\\/schema.org\",\"@graph\":[{\"@type\":\"BreadcrumbList\",\"@id\":\"https:\\\/\\\/monatglobal.com\\\/be\\\/rejuveniqe-oil\\\/?lang=nl#breadcrumblist\",\"itemListElement\":[{\"@type\":\"ListItem\",\"@id\":\"https:\\\/\\\/monatglobal.com\\\/be#listItem\",\"position\":1,\"name\":\"Home\",\"item\":\"https:\\\/\\\/monatglobal.com\\\/be\",\"nextItem\":{\"@type\":\"ListItem\",\"@id\":\"https:\\\/\\\/monatglobal.com\\\/be\\\/rejuveniqe-oil\\\/?lang=nl#listItem\",\"name\":\"REJUVENIQE\\u2122 Intensieve Olie | MONAT Haar- en Huidverzorgingsproducten\"}},{\"@type\":\"ListItem\",\"@id\":\"https:\\\/\\\/monatglobal.com\\\/be\\\/rejuveniqe-oil\\\/?lang=nl#listItem\",\"position\":2,\"name\":\"REJUVENIQE\\u2122 Intensieve Olie | MONAT Haar- en Huidverzorgingsproducten\",\"previousItem\":{\"@type\":\"ListItem\",\"@id\":\"https:\\\/\\\/monatglobal.com\\\/be#listItem\",\"name\":\"Home\"}}]},{\"@type\":\"Organization\",\"@id\":\"https:\\\/\\\/monatglobal.com\\\/be\\\/#organization\",\"name\":\"MONAT Belgium\",\"description\":\"We Are Modern Nature\\u2122\",\"url\":\"https:\\\/\\\/monatglobal.com\\\/be\\\/\"},{\"@type\":\"WebPage\",\"@id\":\"https:\\\/\\\/monatglobal.com\\\/be\\\/rejuveniqe-oil\\\/?lang=nl#webpage\",\"url\":\"https:\\\/\\\/monatglobal.com\\\/be\\\/rejuveniqe-oil\\\/?lang=nl\",\"name\":\"REJUVENIQE\\u2122 Intensieve Olie | MONAT Haar- en Huidverzorgingsproducten\",\"description\":\"Een gepatenteerd mengsel van meer dan 13 natuurlijke plantaardige en essenti\\u00eble oli\\u00ebn voor haar en huid. Versterkt het haar, verbetert de glans, vermindert pluis en hydrateert de huid.\",\"inLanguage\":\"fr-FR\",\"isPartOf\":{\"@id\":\"https:\\\/\\\/monatglobal.com\\\/be\\\/#website\"},\"breadcrumb\":{\"@id\":\"https:\\\/\\\/monatglobal.com\\\/be\\\/rejuveniqe-oil\\\/?lang=nl#breadcrumblist\"},\"image\":{\"@type\":\"ImageObject\",\"url\":\"https:\\\/\\\/monatglobal.com\\\/be\\\/wp-content\\\/uploads\\\/sites\\\/23\\\/2026\\\/02\\\/rejuveniqe_2021-ecomm.png\",\"@id\":\"https:\\\/\\\/monatglobal.com\\\/be\\\/rejuveniqe-oil\\\/?lang=nl\\\/#mainImage\",\"width\":641,\"height\":800},\"primaryImageOfPage\":{\"@id\":\"https:\\\/\\\/monatglobal.com\\\/be\\\/rejuveniqe-oil\\\/?lang=nl#mainImage\"},\"datePublished\":\"2026-02-05T18:28:58+00:00\",\"dateModified\":\"2026-03-18T15:37:39+00:00\"},{\"@type\":\"WebSite\",\"@id\":\"https:\\\/\\\/monatglobal.com\\\/be\\\/#website\",\"url\":\"https:\\\/\\\/monatglobal.com\\\/be\\\/\",\"name\":\"MONAT Belgium\",\"description\":\"We Are Modern Nature\\u2122\",\"inLanguage\":\"fr-FR\",\"publisher\":{\"@id\":\"https:\\\/\\\/monatglobal.com\\\/be\\\/#organization\"}}]}\n\t\t<\/script>\n\t\t<!-- All in One SEO Pro -->\r\n\t\t<title>REJUVENIQE\u2122 Intensieve Olie | MONAT Haar- en Huidverzorgingsproducten<\/title>\n\n","aioseo_head_json":{"title":"REJUVENIQE\u2122 Intensieve Olie | MONAT Haar- en Huidverzorgingsproducten","description":"Een gepatenteerd mengsel van meer dan 13 natuurlijke plantaardige en essenti\u00eble oli\u00ebn voor haar en huid. Versterkt het haar, verbetert de glans, vermindert pluis en hydrateert de huid.","canonical_url":"https:\/\/monatglobal.com\/be\/rejuveniqe-oil\/?lang=nl","robots":"max-image-preview:large","keywords":"","webmasterTools":{"miscellaneous":""},"schema":{"@context":"https:\/\/schema.org","@graph":[{"@type":"BreadcrumbList","@id":"https:\/\/monatglobal.com\/be\/rejuveniqe-oil\/?lang=nl#breadcrumblist","itemListElement":[{"@type":"ListItem","@id":"https:\/\/monatglobal.com\/be#listItem","position":1,"name":"Home","item":"https:\/\/monatglobal.com\/be","nextItem":{"@type":"ListItem","@id":"https:\/\/monatglobal.com\/be\/rejuveniqe-oil\/?lang=nl#listItem","name":"REJUVENIQE\u2122 Intensieve Olie | MONAT Haar- en Huidverzorgingsproducten"}},{"@type":"ListItem","@id":"https:\/\/monatglobal.com\/be\/rejuveniqe-oil\/?lang=nl#listItem","position":2,"name":"REJUVENIQE\u2122 Intensieve Olie | MONAT Haar- en Huidverzorgingsproducten","previousItem":{"@type":"ListItem","@id":"https:\/\/monatglobal.com\/be#listItem","name":"Home"}}]},{"@type":"Organization","@id":"https:\/\/monatglobal.com\/be\/#organization","name":"MONAT Belgium","description":"We Are Modern Nature\u2122","url":"https:\/\/monatglobal.com\/be\/"},{"@type":"WebPage","@id":"https:\/\/monatglobal.com\/be\/rejuveniqe-oil\/?lang=nl#webpage","url":"https:\/\/monatglobal.com\/be\/rejuveniqe-oil\/?lang=nl","name":"REJUVENIQE\u2122 Intensieve Olie | MONAT Haar- en Huidverzorgingsproducten","description":"Een gepatenteerd mengsel van meer dan 13 natuurlijke plantaardige en essenti\u00eble oli\u00ebn voor haar en huid. Versterkt het haar, verbetert de glans, vermindert pluis en hydrateert de huid.","inLanguage":"fr-FR","isPartOf":{"@id":"https:\/\/monatglobal.com\/be\/#website"},"breadcrumb":{"@id":"https:\/\/monatglobal.com\/be\/rejuveniqe-oil\/?lang=nl#breadcrumblist"},"image":{"@type":"ImageObject","url":"https:\/\/monatglobal.com\/be\/wp-content\/uploads\/sites\/23\/2026\/02\/rejuveniqe_2021-ecomm.png","@id":"https:\/\/monatglobal.com\/be\/rejuveniqe-oil\/?lang=nl\/#mainImage","width":641,"height":800},"primaryImageOfPage":{"@id":"https:\/\/monatglobal.com\/be\/rejuveniqe-oil\/?lang=nl#mainImage"},"datePublished":"2026-02-05T18:28:58+00:00","dateModified":"2026-03-18T15:37:39+00:00"},{"@type":"WebSite","@id":"https:\/\/monatglobal.com\/be\/#website","url":"https:\/\/monatglobal.com\/be\/","name":"MONAT Belgium","description":"We Are Modern Nature\u2122","inLanguage":"fr-FR","publisher":{"@id":"https:\/\/monatglobal.com\/be\/#organization"}}]},"og:locale":"fr_FR","og:site_name":"MONAT Belgium - We Are Modern Nature\u2122","og:type":"article","og:title":"REJUVENIQE\u2122 Intensieve Olie | MONAT Haar- en Huidverzorgingsproducten","og:description":"Een gepatenteerd mengsel van meer dan 13 natuurlijke plantaardige en essenti\u00eble oli\u00ebn voor haar en huid. Versterkt het haar, verbetert de glans, vermindert pluis en hydrateert de huid.","og:url":"https:\/\/monatglobal.com\/be\/rejuveniqe-oil\/?lang=nl","article:published_time":"2026-02-05T18:28:58+00:00","article:modified_time":"2026-03-18T15:37:39+00:00","twitter:card":"summary_large_image","twitter:title":"REJUVENIQE\u2122 Intensieve Olie | MONAT Haar- en Huidverzorgingsproducten","twitter:description":"Een gepatenteerd mengsel van meer dan 13 natuurlijke plantaardige en essenti\u00eble oli\u00ebn voor haar en huid. Versterkt het haar, verbetert de glans, vermindert pluis en hydrateert de huid."},"aioseo_meta_data":{"post_id":"110075","title":"REJUVENIQE\u2122 Intensieve Olie | MONAT Haar- en Huidverzorgingsproducten","description":"Een gepatenteerd mengsel van meer dan 13 natuurlijke plantaardige en essenti\u00eble oli\u00ebn voor haar en huid. Versterkt het haar, verbetert de glans, vermindert pluis en hydrateert de huid.","keywords":null,"keyphrases":{"focus":{"keyphrase":"","score":0,"analysis":{"keyphraseInTitle":{"score":0,"maxScore":9,"error":1}}},"additional":[]},"primary_term":null,"canonical_url":null,"og_title":null,"og_description":null,"og_object_type":"default","og_image_type":"default","og_image_url":null,"og_image_width":null,"og_image_height":null,"og_image_custom_url":null,"og_image_custom_fields":null,"og_video":"","og_custom_url":null,"og_article_section":null,"og_article_tags":null,"twitter_use_og":false,"twitter_card":"default","twitter_image_type":"default","twitter_image_url":null,"twitter_image_custom_url":null,"twitter_image_custom_fields":null,"twitter_title":null,"twitter_description":null,"schema":{"blockGraphs":[],"customGraphs":[],"default":{"data":{"Article":[],"Course":[],"Dataset":[],"FAQPage":[],"Movie":[],"Person":[],"Product":[],"ProductReview":[],"Car":[],"Recipe":[],"Service":[],"SoftwareApplication":[],"WebPage":[]},"graphName":"WebPage","isEnabled":true},"graphs":[]},"schema_type":"default","schema_type_options":null,"pillar_content":false,"robots_default":true,"robots_noindex":false,"robots_noarchive":false,"robots_nosnippet":false,"robots_nofollow":false,"robots_noimageindex":false,"robots_noodp":false,"robots_notranslate":false,"robots_max_snippet":"-1","robots_max_videopreview":"-1","robots_max_imagepreview":"large","priority":null,"frequency":"default","local_seo":null,"seo_analyzer_scan_date":null,"breadcrumb_settings":null,"limit_modified_date":false,"reviewed_by":"0","open_ai":null,"ai":{"faqs":[],"keyPoints":[],"titles":[],"descriptions":[],"socialPosts":{"email":[],"linkedin":[],"twitter":[],"facebook":[],"instagram":[]}},"created":"2026-02-09 20:00:29","updated":"2026-03-18 15:51:01"},"aioseo_breadcrumb":"<div class=\"aioseo-breadcrumbs\"><span class=\"aioseo-breadcrumb\">\n\t<a href=\"https:\/\/monatglobal.com\/be\" title=\"Home\">Home<\/a>\n<\/span><span class=\"aioseo-breadcrumb-separator\">&raquo;<\/span><span class=\"aioseo-breadcrumb\">\n\tREJUVENIQE\u2122 Intensieve Olie | MONAT Haar- en Huidverzorgingsproducten\n<\/span><\/div>","aioseo_breadcrumb_json":[{"label":"Home","link":"https:\/\/monatglobal.com\/be"},{"label":"REJUVENIQE\u2122 Intensieve Olie | MONAT Haar- en Huidverzorgingsproducten","link":"https:\/\/monatglobal.com\/be\/rejuveniqe-oil\/?lang=nl"}],"_links":{"self":[{"href":"https:\/\/monatglobal.com\/be\/wp-json\/wp\/v2\/pages\/110075","targetHints":{"allow":["GET"]}}],"collection":[{"href":"https:\/\/monatglobal.com\/be\/wp-json\/wp\/v2\/pages"}],"about":[{"href":"https:\/\/monatglobal.com\/be\/wp-json\/wp\/v2\/types\/page"}],"author":[{"embeddable":true,"href":"https:\/\/monatglobal.com\/be\/wp-json\/wp\/v2\/users\/31"}],"replies":[{"embeddable":true,"href":"https:\/\/monatglobal.com\/be\/wp-json\/wp\/v2\/comments?post=110075"}],"version-history":[{"count":12,"href":"https:\/\/monatglobal.com\/be\/wp-json\/wp\/v2\/pages\/110075\/revisions"}],"predecessor-version":[{"id":110413,"href":"https:\/\/monatglobal.com\/be\/wp-json\/wp\/v2\/pages\/110075\/revisions\/110413"}],"wp:featuredmedia":[{"embeddable":true,"href":"https:\/\/monatglobal.com\/be\/wp-json\/wp\/v2\/media\/110167"}],"wp:attachment":[{"href":"https:\/\/monatglobal.com\/be\/wp-json\/wp\/v2\/media?parent=110075"}],"wp:term":[{"taxonomy":"category","embeddable":true,"href":"https:\/\/monatglobal.com\/be\/wp-json\/wp\/v2\/categories?post=110075"},{"taxonomy":"post_tag","embeddable":true,"href":"https:\/\/monatglobal.com\/be\/wp-json\/wp\/v2\/tags?post=110075"}],"curies":[{"name":"wp","href":"https:\/\/api.w.org\/{rel}","templated":true}]}}