{"id":110062,"date":"2026-02-05T18:28:58","date_gmt":"2026-02-05T18:28:58","guid":{"rendered":"https:\/\/monatglobal.com\/be\/?page_id=110062"},"modified":"2026-02-13T16:15:19","modified_gmt":"2026-02-13T16:15:19","slug":"rejuveniqe-oil","status":"publish","type":"page","link":"https:\/\/monatglobal.com\/be\/rejuveniqe-oil\/","title":{"rendered":"REJUVENIQE\u2122 | Soins capillaires et soins pour la peau MONAT"},"content":{"rendered":"\n\n\t<link rel=\"stylesheet\" href=\"https:\/\/unpkg.com\/swiper\/swiper-bundle.min.css\"\/>\n<link rel=\"stylesheet\" href=\"https:\/\/monatglobal.com\/wp-content\/creative_css\/product_styles_sheet.css\"\/>\n  <!--==================================================== ECOMM SECTION ====================================================-->\n  <p>MEILLEURES VENTES<\/p>\n    <!--==================================================== Ecomm image ====================================================-->\n    <img decoding=\"async\" src=\"https:\/\/monatglobal.com\/es\/wp-content\/uploads\/sites\/10\/2021\/10\/rejuveniqe_2021-ecomm.png\" alt=\"MONAT REJUVENIQE\u00ae\" loading=\"lazy\"\/>\n      <!--==================================================== Ecomm information  ====================================================-->\n        NUEVO\n        \n        <p>MEILLEURES VENTES<\/p>\n        <h1>REJUVENIQE<sup>\u00ae<\/sup><\/h1>\n        \n        <p>Un m\u00e9lange exclusif de plus de 13 huiles v\u00e9g\u00e9tales et essentielles pour les cheveux et la peau.<\/p>\n        30 ml \u212e \/ 1,0 fl. oz. \n        \n    <!--==================================================== pricing box  ====================================================-->\n      <p>Prix de d\u00e9tail<br \/>\u20ac 00.00<\/p>\n      <p>Prix de client VIP<br \/>\u20ac 00.00<\/p>\n    <!--==================================================== pricing box  ====================================================--> \n        <p>Pour en savoir plus sur le REJUVENIQE<sup>\u00ae<\/sup>, veuillez contacter votre Partenaire de March\u00e9 MONAT.<\/p>\n          <a href=\"\" target=\"_blank\" role=\"button\" aria-label=\"\" rel=\"noopener\"><\/a>\n    <!--==================================================== \/ECOMM SECTION  ====================================================-->\n    <!--==================================================== Benefits image ====================================================-->\n    \n      <source media=\"(max-width: 700px)\" srcset=\"https:\/\/monatglobal.com\/es\/wp-content\/uploads\/sites\/10\/2021\/10\/rejuveniqe-benefits_mobile.jpg\" loading=\"lazy\"\/>\n        <img decoding=\"async\" src=\"https:\/\/monatglobal.com\/es\/wp-content\/uploads\/sites\/10\/2021\/10\/Rejuvenique-benefits-2021.jpg\" alt=\"TBD-update text\" loading=\"lazy\"\/>\n      \n      <!--==================================================== Benefits text ====================================================-->\n          <h2>BIENFAITS<\/h2>\n          <h3>Cette huile multifonction pour les cheveux et la peau renforce les cheveux*, augmente la brillance**, r\u00e9duit les frisottis** et hydrate la peau**.<\/h3>\n          *Bas\u00e9 sur une \u00e9tude statistiquement significative sur la casse de cheveux \u00e9valuant la r\u00e9duction du nombre de fibres bris\u00e9es par le peignage et le brossage r\u00e9p\u00e9t\u00e9s. <br \/>\n**Bas\u00e9 sur des tests instrumentaux men\u00e9s par un laboratoire tiers. \n          <!--==================================================== features image  ====================================================-->\n          <img decoding=\"async\" src=\"https:\/\/monatglobal.com\/es\/wp-content\/uploads\/sites\/10\/2021\/09\/Rejuvenique%C2%AE_2.png\" alt=\"-\" loading=\"lazy\"\/>\n        <!--==================================================== features text ====================================================-->\n            <h3>Caract\u00e9ristiques<\/h3>\n              <p>\/ Un m\u00e9lange exclusif de plus de 13 huiles v\u00e9g\u00e9tales et essentielles  <\/p>\n              <p>\/ Compte-goutte permettant une application cibl\u00e9e sur le cuir chevelu <\/p>\n              <p>\/ Peut aussi s&rsquo;utiliser comme hydratant pour le visage ou le corps<\/p>\n              <p>\/ Polyvalent : s&rsquo;utilise sur les cheveux, le visage ou le corps, comme soin \u00e0 rincer ou sans rin\u00e7age<\/p>\n              <p>\/ Ajoutez-le \u00e0 un masque ou une cr\u00e8me pour une hydratatioin additionnelle<\/p> \n      <!--==================================================== composition image mobile ====================================================-->\n      <img decoding=\"async\" alt=\"\" src=\"https:\/\/monatglobal.com\/es\/wp-content\/uploads\/sites\/10\/2021\/10\/composition_img_1-Rejuveniqe-2021.jpg\" loading=\"lazy\"\/>\n      <!--==================================================== Why it works text ====================================================-->\n        <h2>UN V\u00c9RITABLE JOYAU EN MATI\u00c8RE D&rsquo;OPULENCE.<\/h2>\n        <h3>MONAT a parcouru le monde pour trouver les huiles b\u00e9n\u00e9fiques les plus exquises pour aider \u00e0 \u00e9quilibrer et \u00e0 r\u00e9g\u00e9n\u00e9rer les cheveux et la peau.<\/h3>\n        <p> L&rsquo;huile abyssinienne a \u00e9t\u00e9 le premier ingr\u00e9dient s\u00e9lectionn\u00e9 en raison de ses remarquables propri\u00e9t\u00e9s rajeunissantes.<\/p><br \/>\n    <!--==================================================== Composition section ====================================================-->\n        <img decoding=\"async\" src=\"https:\/\/monatglobal.com\/es\/wp-content\/uploads\/sites\/10\/2021\/10\/composition_img_1-Rejuveniqe-2021.jpg\" alt=\"MONAT's Hydration Booster product is set over a solid pink background with serum spilled as additional texture.\" loading=\"lazy\"\/>\n        <img decoding=\"async\" src=\"https:\/\/monatglobal.com\/es\/wp-content\/uploads\/sites\/10\/2021\/09\/small-square.png\" alt=\"An african-american woman looking directly at the camera while applying the serum with the eyedropper. Left hand showcases MONAT's Hydration Booster.\" loading=\"lazy\"\/>\n            <!--==================================================== Directions text ====================================================--> \n              <h3>Mode d&#8217;emploi<\/h3>\n              <p><strong>Traitement pr\u00e9-shampooing : <\/strong><\/p>\n              <p>\/ Appliquer une quantit\u00e9 g\u00e9n\u00e9reuse sur le cuir chevelu et les cheveux humides ou secs.<\/p>\n              <p>\/ Laisser agir 15 minutes. <\/p>\n              <p>\/ Rincer abondamment, ensuite utiliser un shampooing et un revitalisant.<\/p>\n            <!--==================================================== Directions video ====================================================-->\n        <p><strong>Comme traitement d&rsquo;hydratation intense :  <\/strong><\/p>\n        <p>\/ Appliquer une quantit\u00e9 g\u00e9n\u00e9reuse sur le cuir chevelu et les cheveux humides.  <\/p>\n        <p>\/ Placer une serviette chaude et humide autour de la t\u00eate et attendre 30 minutes.<\/p>\n        <p>\/ Rincer abondamment, ensuite utiliser un shampooing et un revitalisant.<\/p>\n        <br \/>\n        <p><strong>Traitement de finition sans rin\u00e7age : <\/strong><\/p>\n        <p>\/ Une fois les cheveux s\u00e9ch\u00e9s, frotter une petite quantit\u00e9 entre vos mains et l&rsquo;appliquer sur vos pointes..<\/p>\n        <br \/>\n        <p><strong>Hydratant pour le visage : <\/strong><\/p>\n        <p>\/ Appliquer matin et soir sur le visage, le cou et le d\u00e9collet\u00e9 avant d&rsquo;appliquer votre hydratant, en se concentrant sur les endroits probl\u00e9matiques comme les ridules pour une hydratation et une protection instantan\u00e9es.<\/p>\n        <p><strong>Hydratant pour le corps : <\/strong><\/p>\n        <p>\/ Appliquer matin et soir sur coudes, genoux, endroits secs, squames et la peau sensible du dos des mains.<\/p>\n        <br \/>\n        <p><strong>APPLICATIONS ADDITIONNELLES :  <\/strong><\/p>\n        <p>\/ M\u00e9langer \u00e0 votre hydratant favori (pour le visage ou le corps) pour une meilleure hydratation.<\/p>\n        <p>\/ Ajouter \u00e0 votre revitalisant ou votre masque capillaire pour augmenter le conditionnement et la brillance.<\/p>\n        <p>\/ Ajouter \u00e0 votre fond de teint favori pour hydrater votre visage; id\u00e9al pour les climats plus secs.<\/p>\n        <p>\/ Appliquer quelques gouttes sur le visage avant de prendre l&rsquo;avion pour r\u00e9duire la perte d&rsquo;humidit\u00e9.<\/p>\n      <a href=\"\" target=\"_blank\" role=\"button\" aria-label=\"\" rel=\"noopener\"><\/a>\n    <!--==================================================== Ingredients section  ====================================================-->\n      <h2>PRINCIPAUX INGR\u00c9DIENTS<\/h2>\n         <img decoding=\"async\" src=\"https:\/\/monatglobal.com\/wp-content\/uploads\/2022\/11\/Abyssinian-Oil.svg\" alt=\"Abyssinian Oil\"\/>\n          <p>Huile abissinienne<\/p>\n      <img decoding=\"async\" src=\"https:\/\/monatglobal.com\/wp-content\/uploads\/2022\/11\/Meadowfoam-Oil.svg\" alt=\"Meadowfoam Oil\"\/>\n        <p>Huile de graines d&rsquo;\u00e9cume des pr\u00e9s <\/p>\n            <img decoding=\"async\" src=\"https:\/\/monatglobal.com\/wp-content\/uploads\/2022\/12\/carrotoil.svg\" alt=\"Carrot Seed Oil\"\/>\n        <!---->\n        <!--  <p>Carrot Seed Oil<\/p>-->\n        <!---->\n  <button id=\"myBtn\" type=\"button\">LISTE D&rsquo;INGR\u00c9DIENTST<\/button>\n  <!--==================================================== Modal content  ====================================================-->\n    \u00d7\n    <p>Limnanthes Alba (Meadowfoam) Seed Oil, Crambe Abyssinica Seed Oil, Camellia Oleifera Seed Oil, Solanum Lycopersicum (Tomato) Seed Oil, Daucus Carota Sativa (Carrot) Seed Oil, Citrus Limon (Lemon) Peel Oil, Citrus Aurantifolia (Lime) Oil, Citrus Aurantium Bergamia (Bergamot) Fruit Oil, Adansonia Digitata Oil, Mauritia Flexuosa Fruit Oil, Cocos Nucifera (Coconut) Oil, Gardenia Taitensis Flower Extract, Moringa Oleifera Seed Oil, Caryocar Brasiliense Fruit Oil, Helianthus Annuus (Sunflower) Seed Oil, Citral, Limonene, Linalool<\/p>\n<!--==================================================== You might also like section ====================================================-->\n  <h2>VOUS POURRIEZ AUSSI AIMER<\/h2>\n  <!--==================================================== Slider YOU MIGHT ALSO LIKE ====================================================-->\n  <!---->\n  <!--  -->\n      <!--==================================================== Slides products ====================================================-->\n  <!--    -->\n  <!--      <a href=\"https:\/\/monatglobal.com\/rejuvabeads\/\" aria-label=\"Go to REJUVABEADS page\">-->\n  <!--        <img decoding=\"async\" src=\"https:\/\/monatglobal.com\/wp-content\/uploads\/2022\/12\/Rejevabeads-ecomm.png\" alt=\"REJUVABEADS\" loading=\"lazy\"\/>-->\n  <!--        <p>REJUVABEADS<sup>\u00ae<\/sup><\/p>-->\n  <!--      <\/a>-->\n  <!--    -->\n  <!--    -->\n  <!--      <a href=\"https:\/\/monatglobal.com\/replenish-masque\/\" aria-label=\"Go to Replenish Masque page\">-->\n  <!--        <img decoding=\"async\" src=\"https:\/\/monatglobal.com\/wp-content\/uploads\/2022\/12\/replenish-masque-e-comm-min.png\" alt=\"Replenish Masque\" loading=\"lazy\"\/>-->\n  <!--        <p>Replenish Masque<\/p>-->\n  <!--      <\/a>-->\n  <!--    -->\n  <!--    -->\n  <!--      <a href=\"https:\/\/monatglobal.com\/lightweight-moisturizer\/\" aria-label=\"Go to BE BALANCED\u2122 Lightweight Moisturizer Page\">-->\n  <!--        <img decoding=\"async\" src=\"https:\/\/monatglobal.com\/wp-content\/uploads\/2022\/12\/BE-BALANCED-Lightweight-Moisturizer_ecomm-min.png\" alt=\"BE BALANCED\u2122 Lightweight Moisturizer\" loading=\"lazy\"\/>-->\n  <!--        <p>BE BALANCED\u2122 Lightweight Moisturizer<\/p>-->\n  <!--      <\/a>-->\n  <!--    -->\n  <!--  -->\n    <!--==================================================== If we need navigation buttons  ====================================================-->\n  <!--  -->\n  <!--  -->\n    <!--==================================================== If we need paginations  ====================================================-->\n  <!--  -->\n  <!---->\n             <!-- If we need navigation buttons -->\n             <!-- If we need paginations -->\n    <a href=\"\" aria-label=\"\"><\/a>\n     <!--==================================================== this link has to go last for it to work   ====================================================-->\n\n","protected":false},"excerpt":{"rendered":"<p>MEILLEURES VENTES NUEVO MEILLEURES VENTES REJUVENIQE\u00ae Un m\u00e9lange exclusif de plus de 13 huiles v\u00e9g\u00e9tales et essentielles pour les cheveux et la peau. 30 ml \u212e \/ 1,0 fl. oz. Prix de d\u00e9tail\u20ac 00.00 Prix de client VIP\u20ac 00.00 Pour en savoir plus sur le REJUVENIQE\u00ae, veuillez contacter votre Partenaire de March\u00e9 MONAT. BIENFAITS Cette&hellip;<\/p>\n","protected":false},"author":31,"featured_media":110168,"parent":0,"menu_order":0,"comment_status":"closed","ping_status":"closed","template":"","meta":{"inline_featured_image":false,"om_disable_all_campaigns":false,"footnotes":""},"categories":[45],"tags":[],"class_list":["post-110062","page","type-page","status-publish","has-post-thumbnail","hentry","category-product-be-fr"],"aioseo_notices":[],"aioseo_head":"\n\t\t<!-- All in One SEO Pro 4.9.5.2 - aioseo.com -->\n\t<meta name=\"description\" content=\"Un m\u00e9lange exclusif d\u2019huiles v\u00e9g\u00e9tales et essentielles pour les cheveux et la peau. Il contient des antioxydants et offre des bienfaits anti-\u00e2ge. Soumis \u00e0 des tests d\u2019allergie et dermatologiques.\" \/>\n\t<meta name=\"robots\" content=\"max-image-preview:large\" \/>\n\t<link rel=\"canonical\" href=\"https:\/\/monatglobal.com\/be\/rejuveniqe-oil\/\" \/>\n\t<meta name=\"generator\" content=\"All in One SEO Pro (AIOSEO) 4.9.5.2\" \/>\n\t\t<meta property=\"og:locale\" content=\"fr_FR\" \/>\n\t\t<meta property=\"og:site_name\" content=\"MONAT Belgium - We Are Modern Nature\u2122\" \/>\n\t\t<meta property=\"og:type\" content=\"article\" \/>\n\t\t<meta property=\"og:title\" content=\"REJUVENIQE\u2122 | Soins capillaires et soins pour la peau MONAT\" \/>\n\t\t<meta property=\"og:description\" content=\"Un m\u00e9lange exclusif d\u2019huiles v\u00e9g\u00e9tales et essentielles pour les cheveux et la peau. Il contient des antioxydants et offre des bienfaits anti-\u00e2ge. Soumis \u00e0 des tests d\u2019allergie et dermatologiques.\" \/>\n\t\t<meta property=\"og:url\" content=\"https:\/\/monatglobal.com\/be\/rejuveniqe-oil\/\" \/>\n\t\t<meta property=\"article:published_time\" content=\"2026-02-05T18:28:58+00:00\" \/>\n\t\t<meta property=\"article:modified_time\" content=\"2026-02-13T16:15:19+00:00\" \/>\n\t\t<meta name=\"twitter:card\" content=\"summary_large_image\" \/>\n\t\t<meta name=\"twitter:title\" content=\"REJUVENIQE\u2122 | Soins capillaires et soins pour la peau MONAT\" \/>\n\t\t<meta name=\"twitter:description\" content=\"Un m\u00e9lange exclusif d\u2019huiles v\u00e9g\u00e9tales et essentielles pour les cheveux et la peau. Il contient des antioxydants et offre des bienfaits anti-\u00e2ge. Soumis \u00e0 des tests d\u2019allergie et dermatologiques.\" \/>\n\t\t<script type=\"application\/ld+json\" class=\"aioseo-schema\">\n\t\t\t{\"@context\":\"https:\\\/\\\/schema.org\",\"@graph\":[{\"@type\":\"BreadcrumbList\",\"@id\":\"https:\\\/\\\/monatglobal.com\\\/be\\\/rejuveniqe-oil\\\/#breadcrumblist\",\"itemListElement\":[{\"@type\":\"ListItem\",\"@id\":\"https:\\\/\\\/monatglobal.com\\\/be#listItem\",\"position\":1,\"name\":\"Home\",\"item\":\"https:\\\/\\\/monatglobal.com\\\/be\",\"nextItem\":{\"@type\":\"ListItem\",\"@id\":\"https:\\\/\\\/monatglobal.com\\\/be\\\/rejuveniqe-oil\\\/#listItem\",\"name\":\"REJUVENIQE\\u2122 | Soins capillaires et soins pour la peau MONAT\"}},{\"@type\":\"ListItem\",\"@id\":\"https:\\\/\\\/monatglobal.com\\\/be\\\/rejuveniqe-oil\\\/#listItem\",\"position\":2,\"name\":\"REJUVENIQE\\u2122 | Soins capillaires et soins pour la peau MONAT\",\"previousItem\":{\"@type\":\"ListItem\",\"@id\":\"https:\\\/\\\/monatglobal.com\\\/be#listItem\",\"name\":\"Home\"}}]},{\"@type\":\"Organization\",\"@id\":\"https:\\\/\\\/monatglobal.com\\\/be\\\/#organization\",\"name\":\"MONAT Belgium\",\"description\":\"We Are Modern Nature\\u2122\",\"url\":\"https:\\\/\\\/monatglobal.com\\\/be\\\/\"},{\"@type\":\"WebPage\",\"@id\":\"https:\\\/\\\/monatglobal.com\\\/be\\\/rejuveniqe-oil\\\/#webpage\",\"url\":\"https:\\\/\\\/monatglobal.com\\\/be\\\/rejuveniqe-oil\\\/\",\"name\":\"REJUVENIQE\\u2122 | Soins capillaires et soins pour la peau MONAT\",\"description\":\"Un m\\u00e9lange exclusif d\\u2019huiles v\\u00e9g\\u00e9tales et essentielles pour les cheveux et la peau. Il contient des antioxydants et offre des bienfaits anti-\\u00e2ge. Soumis \\u00e0 des tests d\\u2019allergie et dermatologiques.\",\"inLanguage\":\"fr-FR\",\"isPartOf\":{\"@id\":\"https:\\\/\\\/monatglobal.com\\\/be\\\/#website\"},\"breadcrumb\":{\"@id\":\"https:\\\/\\\/monatglobal.com\\\/be\\\/rejuveniqe-oil\\\/#breadcrumblist\"},\"image\":{\"@type\":\"ImageObject\",\"url\":\"https:\\\/\\\/monatglobal.com\\\/be\\\/wp-content\\\/uploads\\\/sites\\\/23\\\/2026\\\/02\\\/rejuveniqe_2021-ecomm.png\",\"@id\":\"https:\\\/\\\/monatglobal.com\\\/be\\\/rejuveniqe-oil\\\/#mainImage\",\"width\":641,\"height\":800},\"primaryImageOfPage\":{\"@id\":\"https:\\\/\\\/monatglobal.com\\\/be\\\/rejuveniqe-oil\\\/#mainImage\"},\"datePublished\":\"2026-02-05T18:28:58+00:00\",\"dateModified\":\"2026-02-13T16:15:19+00:00\"},{\"@type\":\"WebSite\",\"@id\":\"https:\\\/\\\/monatglobal.com\\\/be\\\/#website\",\"url\":\"https:\\\/\\\/monatglobal.com\\\/be\\\/\",\"name\":\"MONAT Belgium\",\"description\":\"We Are Modern Nature\\u2122\",\"inLanguage\":\"fr-FR\",\"publisher\":{\"@id\":\"https:\\\/\\\/monatglobal.com\\\/be\\\/#organization\"}}]}\n\t\t<\/script>\n\t\t<!-- All in One SEO Pro -->\r\n\t\t<title>REJUVENIQE\u2122 | Soins capillaires et soins pour la peau MONAT<\/title>\n\n","aioseo_head_json":{"title":"REJUVENIQE\u2122 | Soins capillaires et soins pour la peau MONAT","description":"Un m\u00e9lange exclusif d\u2019huiles v\u00e9g\u00e9tales et essentielles pour les cheveux et la peau. Il contient des antioxydants et offre des bienfaits anti-\u00e2ge. Soumis \u00e0 des tests d\u2019allergie et dermatologiques.","canonical_url":"https:\/\/monatglobal.com\/be\/rejuveniqe-oil\/","robots":"max-image-preview:large","keywords":"","webmasterTools":{"miscellaneous":""},"schema":{"@context":"https:\/\/schema.org","@graph":[{"@type":"BreadcrumbList","@id":"https:\/\/monatglobal.com\/be\/rejuveniqe-oil\/#breadcrumblist","itemListElement":[{"@type":"ListItem","@id":"https:\/\/monatglobal.com\/be#listItem","position":1,"name":"Home","item":"https:\/\/monatglobal.com\/be","nextItem":{"@type":"ListItem","@id":"https:\/\/monatglobal.com\/be\/rejuveniqe-oil\/#listItem","name":"REJUVENIQE\u2122 | Soins capillaires et soins pour la peau MONAT"}},{"@type":"ListItem","@id":"https:\/\/monatglobal.com\/be\/rejuveniqe-oil\/#listItem","position":2,"name":"REJUVENIQE\u2122 | Soins capillaires et soins pour la peau MONAT","previousItem":{"@type":"ListItem","@id":"https:\/\/monatglobal.com\/be#listItem","name":"Home"}}]},{"@type":"Organization","@id":"https:\/\/monatglobal.com\/be\/#organization","name":"MONAT Belgium","description":"We Are Modern Nature\u2122","url":"https:\/\/monatglobal.com\/be\/"},{"@type":"WebPage","@id":"https:\/\/monatglobal.com\/be\/rejuveniqe-oil\/#webpage","url":"https:\/\/monatglobal.com\/be\/rejuveniqe-oil\/","name":"REJUVENIQE\u2122 | Soins capillaires et soins pour la peau MONAT","description":"Un m\u00e9lange exclusif d\u2019huiles v\u00e9g\u00e9tales et essentielles pour les cheveux et la peau. Il contient des antioxydants et offre des bienfaits anti-\u00e2ge. Soumis \u00e0 des tests d\u2019allergie et dermatologiques.","inLanguage":"fr-FR","isPartOf":{"@id":"https:\/\/monatglobal.com\/be\/#website"},"breadcrumb":{"@id":"https:\/\/monatglobal.com\/be\/rejuveniqe-oil\/#breadcrumblist"},"image":{"@type":"ImageObject","url":"https:\/\/monatglobal.com\/be\/wp-content\/uploads\/sites\/23\/2026\/02\/rejuveniqe_2021-ecomm.png","@id":"https:\/\/monatglobal.com\/be\/rejuveniqe-oil\/#mainImage","width":641,"height":800},"primaryImageOfPage":{"@id":"https:\/\/monatglobal.com\/be\/rejuveniqe-oil\/#mainImage"},"datePublished":"2026-02-05T18:28:58+00:00","dateModified":"2026-02-13T16:15:19+00:00"},{"@type":"WebSite","@id":"https:\/\/monatglobal.com\/be\/#website","url":"https:\/\/monatglobal.com\/be\/","name":"MONAT Belgium","description":"We Are Modern Nature\u2122","inLanguage":"fr-FR","publisher":{"@id":"https:\/\/monatglobal.com\/be\/#organization"}}]},"og:locale":"fr_FR","og:site_name":"MONAT Belgium - We Are Modern Nature\u2122","og:type":"article","og:title":"REJUVENIQE\u2122 | Soins capillaires et soins pour la peau MONAT","og:description":"Un m\u00e9lange exclusif d\u2019huiles v\u00e9g\u00e9tales et essentielles pour les cheveux et la peau. Il contient des antioxydants et offre des bienfaits anti-\u00e2ge. Soumis \u00e0 des tests d\u2019allergie et dermatologiques.","og:url":"https:\/\/monatglobal.com\/be\/rejuveniqe-oil\/","article:published_time":"2026-02-05T18:28:58+00:00","article:modified_time":"2026-02-13T16:15:19+00:00","twitter:card":"summary_large_image","twitter:title":"REJUVENIQE\u2122 | Soins capillaires et soins pour la peau MONAT","twitter:description":"Un m\u00e9lange exclusif d\u2019huiles v\u00e9g\u00e9tales et essentielles pour les cheveux et la peau. Il contient des antioxydants et offre des bienfaits anti-\u00e2ge. Soumis \u00e0 des tests d\u2019allergie et dermatologiques."},"aioseo_meta_data":{"post_id":"110062","title":"REJUVENIQE\u2122 | Soins capillaires et soins pour la peau MONAT","description":"Un m\u00e9lange exclusif d\u2019huiles v\u00e9g\u00e9tales et essentielles pour les cheveux et la peau. Il contient des antioxydants et offre des bienfaits anti-\u00e2ge. Soumis \u00e0 des tests d\u2019allergie et dermatologiques.","keywords":null,"keyphrases":{"focus":{"keyphrase":"","score":0,"analysis":{"keyphraseInTitle":{"score":0,"maxScore":9,"error":1}}},"additional":[]},"primary_term":null,"canonical_url":null,"og_title":null,"og_description":null,"og_object_type":"default","og_image_type":"default","og_image_url":null,"og_image_width":null,"og_image_height":null,"og_image_custom_url":null,"og_image_custom_fields":null,"og_video":"","og_custom_url":null,"og_article_section":null,"og_article_tags":null,"twitter_use_og":false,"twitter_card":"default","twitter_image_type":"default","twitter_image_url":null,"twitter_image_custom_url":null,"twitter_image_custom_fields":null,"twitter_title":null,"twitter_description":null,"schema":{"blockGraphs":[],"customGraphs":[],"default":{"data":{"Article":[],"Course":[],"Dataset":[],"FAQPage":[],"Movie":[],"Person":[],"Product":[],"ProductReview":[],"Car":[],"Recipe":[],"Service":[],"SoftwareApplication":[],"WebPage":[]},"graphName":"WebPage","isEnabled":true},"graphs":[]},"schema_type":"default","schema_type_options":null,"pillar_content":false,"robots_default":true,"robots_noindex":false,"robots_noarchive":false,"robots_nosnippet":false,"robots_nofollow":false,"robots_noimageindex":false,"robots_noodp":false,"robots_notranslate":false,"robots_max_snippet":"-1","robots_max_videopreview":"-1","robots_max_imagepreview":"large","priority":null,"frequency":"default","local_seo":null,"seo_analyzer_scan_date":null,"breadcrumb_settings":null,"limit_modified_date":false,"reviewed_by":"0","open_ai":null,"ai":{"faqs":[],"keyPoints":[],"titles":[],"descriptions":[],"socialPosts":{"email":[],"linkedin":[],"twitter":[],"facebook":[],"instagram":[]}},"created":"2026-02-09 20:00:29","updated":"2026-02-13 16:30:47"},"aioseo_breadcrumb":"<div class=\"aioseo-breadcrumbs\"><span class=\"aioseo-breadcrumb\">\n\t<a href=\"https:\/\/monatglobal.com\/be\" title=\"Home\">Home<\/a>\n<\/span><span class=\"aioseo-breadcrumb-separator\">&raquo;<\/span><span class=\"aioseo-breadcrumb\">\n\tREJUVENIQE\u2122 | Soins capillaires et soins pour la peau MONAT\n<\/span><\/div>","aioseo_breadcrumb_json":[{"label":"Home","link":"https:\/\/monatglobal.com\/be"},{"label":"REJUVENIQE\u2122 | Soins capillaires et soins pour la peau MONAT","link":"https:\/\/monatglobal.com\/be\/rejuveniqe-oil\/"}],"_links":{"self":[{"href":"https:\/\/monatglobal.com\/be\/wp-json\/wp\/v2\/pages\/110062","targetHints":{"allow":["GET"]}}],"collection":[{"href":"https:\/\/monatglobal.com\/be\/wp-json\/wp\/v2\/pages"}],"about":[{"href":"https:\/\/monatglobal.com\/be\/wp-json\/wp\/v2\/types\/page"}],"author":[{"embeddable":true,"href":"https:\/\/monatglobal.com\/be\/wp-json\/wp\/v2\/users\/31"}],"replies":[{"embeddable":true,"href":"https:\/\/monatglobal.com\/be\/wp-json\/wp\/v2\/comments?post=110062"}],"version-history":[{"count":14,"href":"https:\/\/monatglobal.com\/be\/wp-json\/wp\/v2\/pages\/110062\/revisions"}],"predecessor-version":[{"id":110297,"href":"https:\/\/monatglobal.com\/be\/wp-json\/wp\/v2\/pages\/110062\/revisions\/110297"}],"wp:featuredmedia":[{"embeddable":true,"href":"https:\/\/monatglobal.com\/be\/wp-json\/wp\/v2\/media\/110168"}],"wp:attachment":[{"href":"https:\/\/monatglobal.com\/be\/wp-json\/wp\/v2\/media?parent=110062"}],"wp:term":[{"taxonomy":"category","embeddable":true,"href":"https:\/\/monatglobal.com\/be\/wp-json\/wp\/v2\/categories?post=110062"},{"taxonomy":"post_tag","embeddable":true,"href":"https:\/\/monatglobal.com\/be\/wp-json\/wp\/v2\/tags?post=110062"}],"curies":[{"name":"wp","href":"https:\/\/api.w.org\/{rel}","templated":true}]}}