{"id":110053,"date":"2026-02-05T17:04:16","date_gmt":"2026-02-05T17:04:16","guid":{"rendered":"https:\/\/monatglobal.com\/be\/?page_id=110053"},"modified":"2026-02-19T13:25:57","modified_gmt":"2026-02-19T13:25:57","slug":"replenish-masque","status":"publish","type":"page","link":"https:\/\/monatglobal.com\/be\/replenish-masque\/","title":{"rendered":"Masque Replenish | Soins capillaires MONAT | Masque pour cheveux"},"content":{"rendered":"\n\n\t<!--Title: Masque Replenish | Soins capillaires MONAT | Masque pour cheveux-->\n<!--Meta: Aide \u00e0 am\u00e9liorer la brillance, la r\u00e9sistance et la vitalit\u00e9 des cheveux. Ce masque r\u00e9parateur, hydratant et nourrissant est id\u00e9al pour les cheveux ab\u00eem\u00e9s et p\u00e9n\u00e8tre le cuir chevelu en profondeur.-->\n<link rel=\"stylesheet\" href=\"https:\/\/unpkg.com\/swiper\/swiper-bundle.min.css\" \/> \n<link rel=\"stylesheet\" href=\"https:\/\/monatglobal.com\/wp-content\/creative_css\/product_styles_sheet.css\" \/> \n    <!--==================================================== ECOMM SECTION ====================================================-->\n   <p>MEILLEURES VENTES<\/p>\n   NOUVEAU\n        <!--==================================================== Ecomm image ====================================================-->\n        <img decoding=\"async\" src=\"https:\/\/monatglobal.com\/wp-content\/uploads\/2022\/06\/replenish-masque-e-comm.png\" alt=\"Replenish Masque\" loading=\"lazy\"\/>\n        <!--==================================================== Ecomm information  ====================================================-->\n            <p>MEILLEURES VENTES<\/p>\n             NOUVEAU\n            <h1>Masque<br \/>Replenish\u2122<\/h1> \n            <p>Avec REJUVENIQE<sup>\u00ae<\/sup><\/p>\n            <p>Un  masque riche qui revitalise en profondeur les cheveux moyens \u00e0&nbsp;\u00e9pais.<\/p>\n            <p>148 ml \u212e \/ 5 oz liq.<\/p>\n         <!--==================================================== pricing box  ====================================================-->   \n         <p>Prix de d\u00e9tail<br \/>00.00 \u20ac<\/p>\n         <p>Prix de VIP<br \/>00.00 \u20ac<\/p>\n          <!--==================================================== pricing box  ====================================================-->  \n            <p>Pour en savoir plus sur le Masque Replenish\u2122, veuillez contacter votre Partenaire de March\u00e9&nbsp;MONAT.<\/p>\n          <a href=\"\" target=\"_blank\" role=\"button\" aria-label=\"\" rel=\"noopener\"><\/a>\n    <!--==================================================== \/ECOMM SECTION  ====================================================-->\n    <!--==================================================== Benefits image ====================================================-->\n    \n        <source media=\"(max-width: 700px)\" srcset=\"https:\/\/monatglobal.com\/wp-content\/uploads\/2022\/06\/replenish-masque-benefits-mobile.jpg\" loading=\"lazy\"\/>\n        <img decoding=\"async\" alt=\"Brunette woman with damp hair wearing a robe and holding Replenish Masque.\" src=\"https:\/\/monatglobal.com\/wp-content\/uploads\/2022\/06\/replenish-masque-benefits.jpg\" loading=\"lazy\"\/>\n    \n    <!--==================================================== Benefits text ====================================================-->\n            <h2>BIENFAITS<\/h2>\n            <h3>Hydrate intens\u00e9ment les cheveux secs \u00e0 tr\u00e8s secs et transforme la fibre capillaire d\u00e8s la premi\u00e8re&nbsp;utilisation.<\/h3>\n            <p>Ce masque \u00e0 la texture riche redonne aux cheveux vitalit\u00e9, douceur et \u00e9clat, pour une chevelure visiblement plus belle au toucher comme \u00e0&nbsp;l&rsquo;\u0153il.<\/p>\n            <!--==================================================== features image  ====================================================-->\n            <img decoding=\"async\" alt=\"Replenish Masque sitting on slices of lemons, limes, and oranges.\" src=\"https:\/\/monatglobal.com\/wp-content\/uploads\/2022\/06\/replenish-masque-features.jpg\" loading=\"lazy\"\/>\n        <!--==================================================== features text ====================================================-->\n                <h3>Caract\u00e9ristiques<\/h3>\n                    <p>\/ Il hydrate en profondeur gr\u00e2ce au&nbsp;REJUVENIQE<sup>\u00ae<\/sup><\/p>\n                    <p>\/ Il est riche en acides gras&nbsp;om\u00e9ga<\/p>\n                    <p>\/ L&rsquo;extrait de pois aide \u00e0 maintenir des cheveux d&rsquo;apparence plus saine et plus&nbsp;jeune<\/p>\n                    <br \/>\n                <p>Parfum \/ Une fragrance florale herbac\u00e9e aux notes de jasmin, de citron Meyer, de n\u00e9roli et de th\u00e9&nbsp;vert.<\/p>\n                <p> Texture \/ Riche cr\u00e8me<\/p>\n    <!--==================================================== composition image mobile ====================================================-->\n    <img decoding=\"async\" alt=\"Replenish Masque on a white bed sheet.\" src=\"https:\/\/monatglobal.com\/wp-content\/uploads\/2022\/06\/replenish-masque-comp1.jpg\" loading=\"lazy\"\/>\n    <!--==================================================== Why it works text ====================================================-->\n        <h2>restaurez la sante de vos cheveux grace au masque&nbsp;Replenish\u2122.<\/h2>\n        <h3>Il procure des huiles nourrissantes essentielles aux cheveux secs, ternes et en manque de nutriments gr\u00e2ce au REJUVENIQE<sup>\u00ae<\/sup>, \u00e0 l&rsquo;extrait de pois et \u00e0 un protecteur UV&nbsp;v\u00e9gan.<\/h3>\n        \n<!--==================================================== Composition section ====================================================-->\n        <img decoding=\"async\" alt=\"Replenish Masque on a white bed sheet.\" src=\"https:\/\/monatglobal.com\/wp-content\/uploads\/2022\/06\/replenish-masque-comp1.jpg\" loading=\"lazy\"\/>\n        <img decoding=\"async\" alt=\"Brunette woman with damp hair applying Replenish Masque to her hair, while overlapping a texture shot of the Replenish Masque.\" src=\"https:\/\/monatglobal.com\/wp-content\/uploads\/2022\/06\/replenish-masque-comp3.jpg\" loading=\"lazy\"\/>\n                <!--==================================================== Directions text ====================================================--> \n                    <h3>Mode d&#8217;emploi<\/h3>\n                        <p>\/ Apr\u00e8s le shampooing, appliquer le masque sur les&nbsp;cheveux. <\/p>\n                        <p>\/ Laisser agir de 5 \u00e0 10&nbsp;minutes.<\/p>\n                        <p>\/ Bien rincer. <\/p>\n                        <p>\/ Utiliser 1 ou 2 fois par&nbsp;semaine. <\/p>\n                <!--==================================================== Directions video ====================================================-->\n        <p>Damage Repair <br \/>Bond-Fortifying Hair Leave-In Cr\u00e8me  <br \/>1:28<\/p>\n      <a href=\"\" target=\"_blank\" role=\"button\" aria-label=\"\" rel=\"noopener\"><\/a>\n    <!--==================================================== Ingredients section  ====================================================-->\n        <h2>PRINCIPAUX INGR\u00c9DIENTS<\/h2>\n                    <img decoding=\"async\" src=\"https:\/\/monatglobal.com\/wp-content\/uploads\/2022\/11\/REJUVENIQE\u2122.svg\" alt=\"REJUVENIQE Icon\"\/>\n                    <p>REJUVENIQE<sup>\u00ae<\/sup><\/p>\n                    <img decoding=\"async\" src=\"https:\/\/monatglobal.com\/wp-content\/uploads\/2022\/11\/capixyl.svg\" alt=\"Capixyl\u2122 Icon\"\/>\n                    <p>CAPIXYL\u2122<\/p>\n                    <img decoding=\"async\" src=\"https:\/\/monatglobal.com\/wp-content\/uploads\/2022\/11\/Pea-extract.svg\" alt=\"Pea Extract\"\/>\n                    <p>Extrait de pois <\/p>\n                    <img decoding=\"async\" src=\"https:\/\/monatglobal.com\/wp-content\/uploads\/2022\/11\/Vegan-UV-Protectant.svg\" alt=\"Vegan UV Protectant\"\/>\n                    <p>Protecteur UV v\u00e9gan<\/p>\n        <button id=\"myBtn\" type=\"button\">LISTE D&rsquo;INGR\u00c9DIENTS<\/button>\n        <!--==================================================== Modal content  ====================================================-->\n            &times;\n            <p>Aqua\/Water\/Eau, Alcool c\u00e9t\u00e9arylique, Esters c\u00e9tyliques, Chlorure de b\u00e9hentrimonium, Laurate d&rsquo;isoamyle, Chlorure de cinnamidopropyltrimonium, Extrait de Pisum Sativum (pois), Ac\u00e9tyle t\u00e9trapeptide-3, Extrait de fleur de Trifolium Pratense (tr\u00e8fle), Huile de graines de Limnanthes Alba (Meadowfoam), Huile de graines de Crambe Abyssinica, Huile de graines de Camellia Oleifera, Huile de graines de Solanum Lycopersicum (tomate), Huile de graines de Daucus Carota Sativa (carotte), Huile de zeste de Citrus Limon (citron), Huile de Citrus Aurantifolia (citron vert), Huile de fruit de Citrus Aurantium Bergamia (bergamote), Huile d&rsquo;Adansonia Digitata, Huile de fruit de Mauritia Flexuosa, Huile de Cocos Nucifera (noix de coco), Extrait de fleur de Gardenia Taitensis, Huile de graines de Moringa Oleifera, Huile de fruit de Caryocar Brasiliense, Huile de graines d&rsquo;Helianthus Annuus (tournesol), Glyc\u00e9rine, Fragrance\/Parfum, Dextran, Butyl\u00e8ne glycol, Acide d\u00e9hydroac\u00e9tique, Alcool benzylique, Benzoate de sodium, Citronellol, Limon\u00e8ne, Hexyl Cinnamal, Linalol.<\/p>\n            <p>Aqua\/Water\/Eau, Cetearyl Alcohol, Cetyl Esters, Behentrimonium Chloride, Isoamyl Laurate, Cinnamidopropyltrimonium Chloride, Pisum Sativum (Pea) Extract, Acetyl Tetrapeptide-3, Trifolium Pratense (Clover) Flower Extract, Limnanthes Alba (Meadowfoam) Seed Oil, Crambe Abyssinica Seed Oil, Camellia Oleifera Seed Oil, Solanum Lycopersicum (Tomato) Seed Oil, Daucus Carota Sativa (Carrot) Seed Oil, Citrus Limon (Lemon) Peel Oil, Citrus Aurantifolia (Lime) Oil, Citrus Aurantium Bergamia (Bergamot) Fruit Oil, Adansonia Digitata Oil, Mauritia Flexuosa Fruit Oil, Cocos Nucifera (Coconut) Oil, Gardenia Taitensis Flower Extract, Moringa Oleifera Seed Oil, Caryocar Brasiliense Fruit Oil, Helianthus Annuus (Sunflower) Seed Oil, Glycerin, Fragrance\/Parfum, Dextran, Butylene Glycol, Dehydroacetic Acid, Benzyl Alcohol, Sodium Benzoate, Citronellol, Limonene, Hexyl Cinnamal, Linalool.<\/p>\n    <!--==================================================== You might also like section ====================================================-->\n        <h2>VOUS POURRIEZ AUSSI AIMER<\/h2>\n        <!--==================================================== Slider YOU MIGHT ALSO LIKE ====================================================-->\n        <!---->\n        <!--    -->\n                <!--==================================================== Slides products ====================================================-->\n        <!--        -->\n        <!--            <a href=\"https:\/\/monatglobal.com\/be\/rejuvabeads\/\" aria-label=\"Go to REJUVABEADS\u00ae page\">-->\n        <!--                <img decoding=\"async\" src=\"https:\/\/monatglobal.com\/wp-content\/uploads\/2022\/12\/Rejevabeads-ecomm.png\" alt=\"REJUVABEADS\u00ae\" loading=\"lazy\"\/>-->\n        <!--                <p>REJUVABEADS<sup>\u00ae<\/sup><\/p>-->\n        <!--            <\/a>-->\n        <!--        -->\n        <!--        -->\n        <!--            <a href=\"https:\/\/corp.mymonat.com\/shop\/products\/advanced-hydrating-shampoo-6000005291?globallanguage=fr&globalmarket=be\" aria-label=\"Go to Shampooing Hydratation avanc\u00e9e page\">-->\n        <!--                <img decoding=\"async\" src=\"https:\/\/monatglobal.com\/wp-content\/uploads\/2022\/12\/renew-shampoo-e-comm-min.png\" alt=\"advanced-hydrating-shampoo\" loading=\"lazy\"\/>-->\n        <!--                <p>Shampooing Hydratation avanc\u00e9e <\/p>-->\n        <!--            <\/a>-->\n        <!--        -->\n        <!--        -->\n        <!--            <a href=\"https:\/\/monatglobal.com\/be\/lightweight-moisturizer\/\" aria-label=\"Go to BE BALANCED\u2122 Leichte Feuchtigkeitspflege page\">-->\n        <!--                <img decoding=\"async\" src=\"https:\/\/monatglobal.com\/wp-content\/uploads\/2021\/10\/mini-be-balanced-lightweight.png\" loading=\"lazy\"\/>-->\n        <!--                <p>Cr\u00e8me hydratante l\u00e9g\u00e8re BE BALANCED\u2122 <\/p>-->\n        <!--            <\/a>-->\n        <!--        -->\n        <!--    -->\n            <!--================================================ If we need navigation buttons  ================================================-->\n        <!--    -->\n        <!--    -->\n            <!--==================================================== If we need paginations  ====================================================-->\n        <!--    -->\n        <!---->\n         <!--==================================================== If we need navigation buttons  ====================================================-->\n         <!--==================================================== If we need paginations  ====================================================-->\n    <a href=\"\" aria-label=\"\"><\/a>\n<!--================================================ this link has to go last for it to work   ================================================-->\n\n","protected":false},"excerpt":{"rendered":"<p>MEILLEURES VENTES NOUVEAU MEILLEURES VENTES NOUVEAU MasqueReplenish\u2122 Avec REJUVENIQE\u00ae Un masque riche qui revitalise en profondeur les cheveux moyens \u00e0&nbsp;\u00e9pais. 148 ml \u212e \/ 5 oz liq. Prix de d\u00e9tail00.00 \u20ac Prix de VIP00.00 \u20ac Pour en savoir plus sur le Masque Replenish\u2122, veuillez contacter votre Partenaire de March\u00e9&nbsp;MONAT. BIENFAITS Hydrate intens\u00e9ment les cheveux secs&hellip;<\/p>\n","protected":false},"author":57,"featured_media":110054,"parent":0,"menu_order":0,"comment_status":"closed","ping_status":"closed","template":"","meta":{"inline_featured_image":false,"om_disable_all_campaigns":false,"footnotes":""},"categories":[45],"tags":[],"class_list":["post-110053","page","type-page","status-publish","has-post-thumbnail","hentry","category-product-be-fr"],"aioseo_notices":[],"aioseo_head":"\n\t\t<!-- All in One SEO Pro 4.9.6 - aioseo.com -->\n\t<meta name=\"description\" content=\"Aide \u00e0 am\u00e9liorer la brillance, la r\u00e9sistance et la vitalit\u00e9 des cheveux. Ce masque r\u00e9parateur, hydratant et nourrissant est id\u00e9al pour les cheveux ab\u00eem\u00e9s et p\u00e9n\u00e8tre le cuir chevelu en profondeur.\" \/>\n\t<meta name=\"robots\" content=\"max-image-preview:large\" \/>\n\t<link rel=\"canonical\" href=\"https:\/\/monatglobal.com\/be\/replenish-masque\/\" \/>\n\t<meta name=\"generator\" content=\"All in One SEO Pro (AIOSEO) 4.9.6\" \/>\n\t\t<meta property=\"og:locale\" content=\"fr_FR\" \/>\n\t\t<meta property=\"og:site_name\" content=\"MONAT Belgium - We Are Modern Nature\u2122\" \/>\n\t\t<meta property=\"og:type\" content=\"article\" \/>\n\t\t<meta property=\"og:title\" content=\"Masque Replenish | Soins capillaires MONAT | Masque pour cheveux\" \/>\n\t\t<meta property=\"og:description\" content=\"Aide \u00e0 am\u00e9liorer la brillance, la r\u00e9sistance et la vitalit\u00e9 des cheveux. Ce masque r\u00e9parateur, hydratant et nourrissant est id\u00e9al pour les cheveux ab\u00eem\u00e9s et p\u00e9n\u00e8tre le cuir chevelu en profondeur.\" \/>\n\t\t<meta property=\"og:url\" content=\"https:\/\/monatglobal.com\/be\/replenish-masque\/\" \/>\n\t\t<meta property=\"article:published_time\" content=\"2026-02-05T17:04:16+00:00\" \/>\n\t\t<meta property=\"article:modified_time\" content=\"2026-02-19T13:25:57+00:00\" \/>\n\t\t<meta name=\"twitter:card\" content=\"summary_large_image\" \/>\n\t\t<meta name=\"twitter:title\" content=\"Masque Replenish | Soins capillaires MONAT | Masque pour cheveux\" \/>\n\t\t<meta name=\"twitter:description\" content=\"Aide \u00e0 am\u00e9liorer la brillance, la r\u00e9sistance et la vitalit\u00e9 des cheveux. Ce masque r\u00e9parateur, hydratant et nourrissant est id\u00e9al pour les cheveux ab\u00eem\u00e9s et p\u00e9n\u00e8tre le cuir chevelu en profondeur.\" \/>\n\t\t<script type=\"application\/ld+json\" class=\"aioseo-schema\">\n\t\t\t{\"@context\":\"https:\\\/\\\/schema.org\",\"@graph\":[{\"@type\":\"BreadcrumbList\",\"@id\":\"https:\\\/\\\/monatglobal.com\\\/be\\\/replenish-masque\\\/#breadcrumblist\",\"itemListElement\":[{\"@type\":\"ListItem\",\"@id\":\"https:\\\/\\\/monatglobal.com\\\/be#listItem\",\"position\":1,\"name\":\"Home\",\"item\":\"https:\\\/\\\/monatglobal.com\\\/be\",\"nextItem\":{\"@type\":\"ListItem\",\"@id\":\"https:\\\/\\\/monatglobal.com\\\/be\\\/replenish-masque\\\/#listItem\",\"name\":\"Masque Replenish | Soins capillaires MONAT | Masque pour cheveux\"}},{\"@type\":\"ListItem\",\"@id\":\"https:\\\/\\\/monatglobal.com\\\/be\\\/replenish-masque\\\/#listItem\",\"position\":2,\"name\":\"Masque Replenish | Soins capillaires MONAT | Masque pour cheveux\",\"previousItem\":{\"@type\":\"ListItem\",\"@id\":\"https:\\\/\\\/monatglobal.com\\\/be#listItem\",\"name\":\"Home\"}}]},{\"@type\":\"Organization\",\"@id\":\"https:\\\/\\\/monatglobal.com\\\/be\\\/#organization\",\"name\":\"MONAT Belgium\",\"description\":\"We Are Modern Nature\\u2122\",\"url\":\"https:\\\/\\\/monatglobal.com\\\/be\\\/\"},{\"@type\":\"WebPage\",\"@id\":\"https:\\\/\\\/monatglobal.com\\\/be\\\/replenish-masque\\\/#webpage\",\"url\":\"https:\\\/\\\/monatglobal.com\\\/be\\\/replenish-masque\\\/\",\"name\":\"Masque Replenish | Soins capillaires MONAT | Masque pour cheveux\",\"description\":\"Aide \\u00e0 am\\u00e9liorer la brillance, la r\\u00e9sistance et la vitalit\\u00e9 des cheveux. Ce masque r\\u00e9parateur, hydratant et nourrissant est id\\u00e9al pour les cheveux ab\\u00eem\\u00e9s et p\\u00e9n\\u00e8tre le cuir chevelu en profondeur.\",\"inLanguage\":\"fr-FR\",\"isPartOf\":{\"@id\":\"https:\\\/\\\/monatglobal.com\\\/be\\\/#website\"},\"breadcrumb\":{\"@id\":\"https:\\\/\\\/monatglobal.com\\\/be\\\/replenish-masque\\\/#breadcrumblist\"},\"image\":{\"@type\":\"ImageObject\",\"url\":\"https:\\\/\\\/monatglobal.com\\\/be\\\/wp-content\\\/uploads\\\/sites\\\/23\\\/2026\\\/02\\\/replenish-masque-e-comm-min.png\",\"@id\":\"https:\\\/\\\/monatglobal.com\\\/be\\\/replenish-masque\\\/#mainImage\",\"width\":641,\"height\":800},\"primaryImageOfPage\":{\"@id\":\"https:\\\/\\\/monatglobal.com\\\/be\\\/replenish-masque\\\/#mainImage\"},\"datePublished\":\"2026-02-05T17:04:16+00:00\",\"dateModified\":\"2026-02-19T13:25:57+00:00\"},{\"@type\":\"WebSite\",\"@id\":\"https:\\\/\\\/monatglobal.com\\\/be\\\/#website\",\"url\":\"https:\\\/\\\/monatglobal.com\\\/be\\\/\",\"name\":\"MONAT Belgium\",\"description\":\"We Are Modern Nature\\u2122\",\"inLanguage\":\"fr-FR\",\"publisher\":{\"@id\":\"https:\\\/\\\/monatglobal.com\\\/be\\\/#organization\"}}]}\n\t\t<\/script>\n\t\t<!-- All in One SEO Pro -->\r\n\t\t<title>Masque Replenish | Soins capillaires MONAT | Masque pour cheveux<\/title>\n\n","aioseo_head_json":{"title":"Masque Replenish | Soins capillaires MONAT | Masque pour cheveux","description":"Aide \u00e0 am\u00e9liorer la brillance, la r\u00e9sistance et la vitalit\u00e9 des cheveux. Ce masque r\u00e9parateur, hydratant et nourrissant est id\u00e9al pour les cheveux ab\u00eem\u00e9s et p\u00e9n\u00e8tre le cuir chevelu en profondeur.","canonical_url":"https:\/\/monatglobal.com\/be\/replenish-masque\/","robots":"max-image-preview:large","keywords":"","webmasterTools":{"miscellaneous":""},"schema":{"@context":"https:\/\/schema.org","@graph":[{"@type":"BreadcrumbList","@id":"https:\/\/monatglobal.com\/be\/replenish-masque\/#breadcrumblist","itemListElement":[{"@type":"ListItem","@id":"https:\/\/monatglobal.com\/be#listItem","position":1,"name":"Home","item":"https:\/\/monatglobal.com\/be","nextItem":{"@type":"ListItem","@id":"https:\/\/monatglobal.com\/be\/replenish-masque\/#listItem","name":"Masque Replenish | Soins capillaires MONAT | Masque pour cheveux"}},{"@type":"ListItem","@id":"https:\/\/monatglobal.com\/be\/replenish-masque\/#listItem","position":2,"name":"Masque Replenish | Soins capillaires MONAT | Masque pour cheveux","previousItem":{"@type":"ListItem","@id":"https:\/\/monatglobal.com\/be#listItem","name":"Home"}}]},{"@type":"Organization","@id":"https:\/\/monatglobal.com\/be\/#organization","name":"MONAT Belgium","description":"We Are Modern Nature\u2122","url":"https:\/\/monatglobal.com\/be\/"},{"@type":"WebPage","@id":"https:\/\/monatglobal.com\/be\/replenish-masque\/#webpage","url":"https:\/\/monatglobal.com\/be\/replenish-masque\/","name":"Masque Replenish | Soins capillaires MONAT | Masque pour cheveux","description":"Aide \u00e0 am\u00e9liorer la brillance, la r\u00e9sistance et la vitalit\u00e9 des cheveux. Ce masque r\u00e9parateur, hydratant et nourrissant est id\u00e9al pour les cheveux ab\u00eem\u00e9s et p\u00e9n\u00e8tre le cuir chevelu en profondeur.","inLanguage":"fr-FR","isPartOf":{"@id":"https:\/\/monatglobal.com\/be\/#website"},"breadcrumb":{"@id":"https:\/\/monatglobal.com\/be\/replenish-masque\/#breadcrumblist"},"image":{"@type":"ImageObject","url":"https:\/\/monatglobal.com\/be\/wp-content\/uploads\/sites\/23\/2026\/02\/replenish-masque-e-comm-min.png","@id":"https:\/\/monatglobal.com\/be\/replenish-masque\/#mainImage","width":641,"height":800},"primaryImageOfPage":{"@id":"https:\/\/monatglobal.com\/be\/replenish-masque\/#mainImage"},"datePublished":"2026-02-05T17:04:16+00:00","dateModified":"2026-02-19T13:25:57+00:00"},{"@type":"WebSite","@id":"https:\/\/monatglobal.com\/be\/#website","url":"https:\/\/monatglobal.com\/be\/","name":"MONAT Belgium","description":"We Are Modern Nature\u2122","inLanguage":"fr-FR","publisher":{"@id":"https:\/\/monatglobal.com\/be\/#organization"}}]},"og:locale":"fr_FR","og:site_name":"MONAT Belgium - We Are Modern Nature\u2122","og:type":"article","og:title":"Masque Replenish | Soins capillaires MONAT | Masque pour cheveux","og:description":"Aide \u00e0 am\u00e9liorer la brillance, la r\u00e9sistance et la vitalit\u00e9 des cheveux. Ce masque r\u00e9parateur, hydratant et nourrissant est id\u00e9al pour les cheveux ab\u00eem\u00e9s et p\u00e9n\u00e8tre le cuir chevelu en profondeur.","og:url":"https:\/\/monatglobal.com\/be\/replenish-masque\/","article:published_time":"2026-02-05T17:04:16+00:00","article:modified_time":"2026-02-19T13:25:57+00:00","twitter:card":"summary_large_image","twitter:title":"Masque Replenish | Soins capillaires MONAT | Masque pour cheveux","twitter:description":"Aide \u00e0 am\u00e9liorer la brillance, la r\u00e9sistance et la vitalit\u00e9 des cheveux. Ce masque r\u00e9parateur, hydratant et nourrissant est id\u00e9al pour les cheveux ab\u00eem\u00e9s et p\u00e9n\u00e8tre le cuir chevelu en profondeur."},"aioseo_meta_data":{"post_id":"110053","title":"Masque Replenish | Soins capillaires MONAT | Masque pour cheveux","description":"Aide \u00e0 am\u00e9liorer la brillance, la r\u00e9sistance et la vitalit\u00e9 des cheveux. Ce masque r\u00e9parateur, hydratant et nourrissant est id\u00e9al pour les cheveux ab\u00eem\u00e9s et p\u00e9n\u00e8tre le cuir chevelu en profondeur.","keywords":null,"keyphrases":{"focus":{"keyphrase":"","score":0,"analysis":{"keyphraseInTitle":{"score":0,"maxScore":9,"error":1}}},"additional":[]},"primary_term":null,"canonical_url":null,"og_title":null,"og_description":null,"og_object_type":"default","og_image_type":"default","og_image_url":null,"og_image_width":null,"og_image_height":null,"og_image_custom_url":null,"og_image_custom_fields":null,"og_video":"","og_custom_url":null,"og_article_section":null,"og_article_tags":null,"twitter_use_og":false,"twitter_card":"default","twitter_image_type":"default","twitter_image_url":null,"twitter_image_custom_url":null,"twitter_image_custom_fields":null,"twitter_title":null,"twitter_description":null,"schema":{"blockGraphs":[],"customGraphs":[],"default":{"data":{"Article":[],"Course":[],"Dataset":[],"FAQPage":[],"Movie":[],"Person":[],"Product":[],"ProductReview":[],"Car":[],"Recipe":[],"Service":[],"SoftwareApplication":[],"WebPage":[]},"graphName":"WebPage","isEnabled":true},"graphs":[]},"schema_type":"default","schema_type_options":null,"pillar_content":false,"robots_default":true,"robots_noindex":false,"robots_noarchive":false,"robots_nosnippet":false,"robots_nofollow":false,"robots_noimageindex":false,"robots_noodp":false,"robots_notranslate":false,"robots_max_snippet":"-1","robots_max_videopreview":"-1","robots_max_imagepreview":"large","priority":null,"frequency":"default","local_seo":null,"seo_analyzer_scan_date":null,"breadcrumb_settings":null,"limit_modified_date":false,"reviewed_by":"0","open_ai":null,"ai":{"faqs":[],"keyPoints":[],"titles":[],"descriptions":[],"socialPosts":{"email":[],"linkedin":[],"twitter":[],"facebook":[],"instagram":[]}},"created":"2026-02-09 20:00:29","updated":"2026-02-19 13:28:16"},"aioseo_breadcrumb":"<div class=\"aioseo-breadcrumbs\"><span class=\"aioseo-breadcrumb\">\n\t<a href=\"https:\/\/monatglobal.com\/be\" title=\"Home\">Home<\/a>\n<\/span><span class=\"aioseo-breadcrumb-separator\">&raquo;<\/span><span class=\"aioseo-breadcrumb\">\n\tMasque Replenish | Soins capillaires MONAT | Masque pour cheveux\n<\/span><\/div>","aioseo_breadcrumb_json":[{"label":"Home","link":"https:\/\/monatglobal.com\/be"},{"label":"Masque Replenish | Soins capillaires MONAT | Masque pour cheveux","link":"https:\/\/monatglobal.com\/be\/replenish-masque\/"}],"_links":{"self":[{"href":"https:\/\/monatglobal.com\/be\/wp-json\/wp\/v2\/pages\/110053","targetHints":{"allow":["GET"]}}],"collection":[{"href":"https:\/\/monatglobal.com\/be\/wp-json\/wp\/v2\/pages"}],"about":[{"href":"https:\/\/monatglobal.com\/be\/wp-json\/wp\/v2\/types\/page"}],"author":[{"embeddable":true,"href":"https:\/\/monatglobal.com\/be\/wp-json\/wp\/v2\/users\/57"}],"replies":[{"embeddable":true,"href":"https:\/\/monatglobal.com\/be\/wp-json\/wp\/v2\/comments?post=110053"}],"version-history":[{"count":13,"href":"https:\/\/monatglobal.com\/be\/wp-json\/wp\/v2\/pages\/110053\/revisions"}],"predecessor-version":[{"id":110215,"href":"https:\/\/monatglobal.com\/be\/wp-json\/wp\/v2\/pages\/110053\/revisions\/110215"}],"wp:featuredmedia":[{"embeddable":true,"href":"https:\/\/monatglobal.com\/be\/wp-json\/wp\/v2\/media\/110054"}],"wp:attachment":[{"href":"https:\/\/monatglobal.com\/be\/wp-json\/wp\/v2\/media?parent=110053"}],"wp:term":[{"taxonomy":"category","embeddable":true,"href":"https:\/\/monatglobal.com\/be\/wp-json\/wp\/v2\/categories?post=110053"},{"taxonomy":"post_tag","embeddable":true,"href":"https:\/\/monatglobal.com\/be\/wp-json\/wp\/v2\/tags?post=110053"}],"curies":[{"name":"wp","href":"https:\/\/api.w.org\/{rel}","templated":true}]}}