{"id":110001,"date":"2026-02-03T21:40:39","date_gmt":"2026-02-03T21:40:39","guid":{"rendered":"https:\/\/monatglobal.com\/be\/?page_id=110001"},"modified":"2026-02-07T12:37:03","modified_gmt":"2026-02-07T12:37:03","slug":"styling-cream-taming-wand","status":"publish","type":"page","link":"https:\/\/monatglobal.com\/be\/styling-cream-taming-wand\/","title":{"rendered":"MONAT STUDIO ONE\u2122\ufe0f Slick Fix\u2122\ufe0f Cr\u00e8me Coiffante + Stick Disciplinant"},"content":{"rendered":"\n<link rel=\"stylesheet\" href=\"https:\/\/monatglobal.com\/wp-content\/creative_css\/product_styles_sheet.css\">\n   <!--==================================================== ECOMM SECTION ====================================================-->\n    NOUVEAU   \n      <!--==================================================== Ecomm image ====================================================-->  \n<!--        SEO-->\n<!--Title :MONAT STUDIO ONE\u2122\ufe0f Slick Fix\u2122\ufe0f Cr\u00e8me Coiffante + Stick Disciplinant-->\n<!--Meta description :Dominez les frisottis, m\u00e8ches rebelles et baby hairs avec la cr\u00e8me coiffante + stick disciplinant MONAT STUDIO ONE\u2122\ufe0f Slick Fix\u2122\ufe0f. Une formule l\u00e9g\u00e8re 2-en-1 offrant une tenue flexible et durable, sans effet collant.-->\n                <!--Ecomm Image-->\n              <img decoding=\"async\" alt=\"MONAT STUDIO ONE\u2122 Slick Fix\u2122 Styling Cream + Taming Wand\" src=\"https:\/\/monatglobal.com\/wp-content\/uploads\/2025\/12\/slick-fix-ecomm.png\" loading=\"lazy\">\n              <!--Ecomm Image-->\n            <!--before and after front-->\n              <img decoding=\"async\" alt=\"Close-up of smooth, polished hair after using Slick Fix\u2122 Styling Cream Taming Wand.\" src=\"https:\/\/monatglobal.com\/wp-content\/uploads\/2025\/12\/slick-fix-thumbnail-model-close-up.jpg\" loading=\"lazy\">\n              \n            <!--before and after front-->\n            <!--before and after back-->\n              <img decoding=\"async\" alt=\"MONAT Studio One Slick Fix\u2122 Styling Cream Taming Wand with brush applicator for smoothing and taming hair.\" src=\"https:\/\/monatglobal.com\/wp-content\/uploads\/2025\/12\/slick-fix-thumbnail-product-close-up.jpg\" loading=\"lazy\">\n              \n            <!--before and after back-->\n              <img decoding=\"async\" alt=\"Model holding MONAT Studio One Slick Fix\u2122 Styling Cream Taming Wand showing a sleek, defined finish.\" src=\"https:\/\/monatglobal.com\/wp-content\/uploads\/2025\/12\/slick-fix-thumbnail-model-product.jpg\" loading=\"lazy\">\n                      <!--Ecomm Image-->\n                    <img decoding=\"async\" alt=\"MONAT STUDIO ONE\u2122 Slick Fix\u2122 Styling Cream + Taming Wand\" src=\"https:\/\/monatglobal.com\/wp-content\/uploads\/2025\/12\/slick-fix-ecomm.png\" data-lbxp=\"\" loading=\"lazy\">\n                    <!--Ecomm Image-->\n                  <!--before and after front-->\n                    <img decoding=\"async\" alt=\"Close-up of smooth, polished hair after using Slick Fix\u2122 Styling Cream Taming Wand.\" src=\"https:\/\/monatglobal.com\/wp-content\/uploads\/2025\/12\/slick-fix-thumbnail-model-close-up.jpg\" data-lbxp=\"\" loading=\"lazy\">\n                  <!--before and after front-->\n                  <!--before and after back-->\n                    <img decoding=\"async\" alt=\"MONAT Studio One Slick Fix\u2122 Styling Cream Taming Wand with brush applicator for smoothing and taming hair.\" src=\"https:\/\/monatglobal.com\/wp-content\/uploads\/2025\/12\/slick-fix-thumbnail-product-close-up.jpg\" data-lbxp=\"\" loading=\"lazy\">\n                  <!--before and after back-->\n                    <img decoding=\"async\" alt=\"Model holding MONAT Studio One Slick Fix\u2122 Styling Cream Taming Wand showing a sleek, defined finish.\" src=\"https:\/\/monatglobal.com\/wp-content\/uploads\/2025\/12\/slick-fix-thumbnail-model-product.jpg\" loading=\"lazy\">\n      <!--==================================================== Ecomm information  ====================================================-->\n         \n         NOUVEAU\n         <p>MONAT STUDIO ONE\u2122<\/p>\n         <h1>Slick Fix\u2122 <br> Cr\u00e8me coiffante + stick disciplinant<\/h1>  \n          <p>Styling Cream + Taming Wand<\/p>   \n         <p>Frizz-Reducing Moisturizing Leave-In Styler<\/p>   \n         <p>Domine instantan\u00e9ment les m\u00e8ches rebelles et les frisottis et permet de structurer les&nbsp;contours.<\/p> \n         <p>20 ml \u212e 0,6 fl. oz.<\/p> \n      <!--==================================================== pricing box  ====================================================-->   \n         <p>Prix de d\u00e9tail<br>00.00 \u20ac<\/p>\n         <p>Prix de VIP<br>00.00 \u20ac<\/p>\n      <!--==================================================== pricing box  ====================================================-->     \n         <p>Pour en savoir plus sur la MONAT STUDIO ONE\u2122 Slick Fix\u2122 Cr\u00e8me coiffante + stick disciplinant, veuillez contacter votre partenaire de march\u00e9&nbsp;MONAT. <\/p>\n          <a href=\"\" target=\"_blank\" role=\"button\" aria-label=\"\" rel=\"noopener\"><\/a>\n   <!--==================================================== \/ECOMM SECTION  ====================================================--> \n   <!--==================================================== Benefits image ====================================================-->\n  \n    <source media=\"(max-width: 700px)\" srcset=\"https:\/\/monatglobal.com\/wp-content\/uploads\/2025\/12\/slick-fix-benefits-desktop-mobile.jpg\" loading=\"lazy\">\n      <img decoding=\"async\" src=\"https:\/\/monatglobal.com\/wp-content\/uploads\/2025\/12\/slick-fix-benefits-desktop.jpg\" alt=\"Model applying MONAT Studio One Slick Fix\u2122 Styling Cream Taming Wand to smooth baby hairs and control frizz.\" loading=\"lazy\">\n    \n   <!--==================================================== Benefits text ====================================================--> \n         <h2>BIENFAITS<\/h2>\n         <h3>Dites adieu aux m\u00e8ches rebelles, aux frisottis et aux contours indisciplin\u00e9s gr\u00e2ce \u00e0 notre cr\u00e8me coiffante + stick disciplinant &#8211; le coiffant 2-en-1 ultime pour des looks liss\u00e9s impeccables et des finitions ultra&nbsp;nettes.<\/h3>  \n         <p> Que vous perfectionniez une queue-de-cheval haute, un chignon lisse, des baby hairs travaill\u00e9s ou une queue-de-cheval basse brillante, vos cheveux restent nourris et parfaitement&nbsp;ma\u00eetris\u00e9s.<\/p>\n         \n         <!--==================================================== features image  ====================================================-->\n         <img decoding=\"async\" alt=\"MONAT Studio One Slick Fix\u2122 Styling Cream Taming Wand with brush applicator for precise frizz control.\" src=\"https:\/\/monatglobal.com\/wp-content\/uploads\/2025\/12\/slick-fix-features.jpg\" loading=\"lazy\">\n      <!--==================================================== features text ====================================================-->\n            <h3>Caract\u00e9ristiques<\/h3>  \n               <p>\/ Dompte instantan\u00e9ment les m\u00e8ches rebelles et les frisottis <\/p> \n               <p>\/ Lisse et polit pour un effet&nbsp;coiff\u00e9-liss\u00e9<\/p>\n               <p>\/ Formule l\u00e9g\u00e8re et non collante offrant une tenue flexible, de niveau&nbsp;moyen*<\/p>\n               <p>\/ Nourrit les cheveux pour les laisser doux, brillants et&nbsp;soyeux<\/p>\n               <p>\/ Effet lisse r\u00e9sistant \u00e0&nbsp;l&rsquo;humidit\u00e9*<br> <\/p>\n            <p> *Bas\u00e9 sur une \u00e9tude consommateurs de 14 jours men\u00e9e aupr\u00e8s de 32 femmes. Test\u00e9 par un laboratoire ind\u00e9pendant.<\/p> \n<br>\n            <p>Fragrance \/ Fresh blend of green citrus, light rose, and amber woods. <\/p> \n            <p> Texture \/ Cr\u00e8me<\/p> \n   <!--==================================================== composition image mobile ====================================================-->\n   <img decoding=\"async\" alt=\"Front-facing MONAT Studio One Slick Fix\u2122 Styling Cream Taming Wand on a prism light background, featuring one closed tube and one open wand with brush applicator.\" src=\"https:\/\/monatglobal.com\/wp-content\/uploads\/2025\/12\/slick-fix-standalone.jpg\" loading=\"lazy\">\n   <!--==================================================== Why it works text ====================================================-->\n      <h2>Des cheveux lisses et parfaitement coiff\u00e9s en quelques secondes<\/h2>\n      <h3>Formul\u00e9e avec des ingr\u00e9dients reconnus pour nourrir les cheveux, dont REJUVENIQE<sup>\u00ae<\/sup>, le beurre de karit\u00e9 et l&rsquo;huile de coco, cette formule l\u00e9g\u00e8re et non collante lisse et polit chaque m\u00e8che avec une tenue flexible de niveau moyen qui dure toute la journ\u00e9e, sans effet carton ni rigidit\u00e9.<\/h3>\n      <p>Use with our award-winning <a href=\"https:\/\/monatglobal.com\/eye-smooth\/\">Eye Smooth\u2122 Nourishing Eye Cream<\/a> for the ultimate eye care duo.<\/p>\n<!--==================================================== Composition section ====================================================-->\n      <img decoding=\"async\" alt=\"Front-facing MONAT Studio One Slick Fix\u2122 Styling Cream Taming Wand on a prism light background, featuring one closed tube and one open wand with brush applicator.\" src=\"https:\/\/monatglobal.com\/wp-content\/uploads\/2025\/12\/slick-fix-standalone.jpg\" loading=\"lazy\">\n      <img decoding=\"async\" alt=\" \" src=\"https:\/\/monatglobal.com\/wp-content\/uploads\/2025\/12\/slick-fix-composition-model.jpg\" loading=\"lazy\">\n            <!--==================================================== Directions text ====================================================--> \n               <h3>Mode d&#8217;emploi<\/h3>\n                    <p>\/ Utilisez le stick pour discipliner les m\u00e8ches rebelles, lisser les frisottis et structurer les&nbsp;contours.<\/p>\n            <!--==================================================== Directions video ====================================================-->\n        <p>MONAT STUDIO ONE\u2122 Slick Fix\u2122 <br>Cr\u00e8me coiffante + stick disciplinant<\/p>\n         &lt;\n      <a href=\"\" target=\"_blank\" role=\"button\" aria-label=\"\" rel=\"noopener\"><\/a>\n   <!--==================================================== Ingredients section  ====================================================-->\n      <h2>PRINCIPAUX INGR\u00c9DIENTS<\/h2>\n          <img decoding=\"async\" src=\"https:\/\/monatglobal.com\/wp-content\/uploads\/2025\/12\/icon-shea-butter.svg\" alt=\"icon of Lupin Proteine\"> \n      <p>Beurre de karit\u00e9<\/p>\n              <img decoding=\"async\" src=\"https:\/\/monatglobal.com\/wp-content\/uploads\/2025\/12\/icon-tucuma-seed-butter.svg\" alt=\"icon of Baobab Extract\">\n      <p>Beurre de graines de tucuma<\/p>\n           <img decoding=\"async\" src=\"https:\/\/monatglobal.com\/wp-content\/uploads\/2025\/12\/icon-hibiscus-extract.svg\" alt=\"icon of Peptides\">\n      <p>Extrait d&rsquo;hibiscus<\/p>\n            <img decoding=\"async\" src=\"https:\/\/monatglobal.com\/wp-content\/uploads\/2025\/12\/icon-coconut-oil.svg\" alt=\"icon of REJUVENIQE\u00ae\"> \n      <p>Huile de coco<\/p>\n        <button id=\"myBtn\" type=\"button\">LISTE D&rsquo;INGR\u00c9DIENTS<\/button>\n      <!--==================================================== Modal content  ====================================================-->\n         \u00d7\n         <br>Aqua\/Water\/Eau, Cocos Nucifera (Coconut) Oil, Cetearyl Alcohol, Coconut Alkanes,\nSteareth-21, Glycerin, Hydroxypropyl Starch Phosphate, Hibiscus Sabdariffa Flower\nExtract, Garcinia Mangostana Fruit Extract, Linum Usitatissimum (Linseed) Seed Extract,\nSalvia Hispanica Seed Extract, Butyrospermum Parkii (Shea) Butter, Astrocaryum\nTucuma Seed Butter, Polyimide-1, Passiflora Edulis Seed Oil, Oryza Sativa (Rice) Bran\nOil, Aleurites Moluccanus Seed Oil, Euterpe Oleracea Fruit Oil, Limnanthes Alba\n(Meadowfoam) Seed Oil, Citrus Limon (Lemon) Peel Oil, Citrus Aurantifolia (Lime) Oil,\nCitrus Aurantium Bergamia (Bergamot) Fruit Oil, Crambe Abyssinica Seed Oil,\nHydrolyzed Corn Starch, Camellia Oleifera Seed Oil, Solanum Lycopersicum (Tomato)\nSeed Oil, Coco-Caprylate\/Caprate, Daucus Carota Sativa (Carrot) Seed Oil, Sodium\nGluconate, Adansonia Digitata Oil, Mauritia Flexuosa Fruit Oil, Gardenia Taitensis Flower\nExtract, Moringa Oleifera Seed Oil, Caryocar Brasiliense Fruit Oil, Helianthus Annuus\n(Sunflower) Seed Oil, Triisodecyl Phosphite, Xylitol, Caprylic Acid, Hydroxyethyl\nCetearamidopropyldimonium Chloride, Fragrance\/Parfum, Benzyl Alcohol, Behenyl\nAlcohol, Citric Acid, Sodium Benzoate, Potassium Sorbate, Alpha Isomethyl Ionone,\nCitronellol, Coumarin, Limonene, Linalool, Hexamethylindanopyran, Linalyl Acetate,\nTetramethyl Acetyloctahydronaphthalenes.\n   <!--==================================================== You might also like section ====================================================-->\n      <h2>VOUS POURRIEZ AUSSI AIMER<\/h2>\n         <!--==================================================== Slider YOU MIGHT ALSO LIKE ====================================================-->\n          <!---->\n          <!--   -->\n                <!-- Slides products-->\n          <!--      -->\n          <!--         <a href=\"https:\/\/corp.mymonat.com\/shop\/products\/monat-studio-one-blow-out-cream-6000005356\" aria-label=\"Go to MONAT STUDIO ONE\u2122 Cr\u00e8me pour brushing page\">-->\n          <!--            <img decoding=\"async\" src=\"https:\/\/monatglobal.com\/ie\/wp-content\/uploads\/sites\/13\/2022\/05\/Blow-Out-Cream-ecomm.png\" alt=\"blow-out-cream\" loading=\"lazy\"\/>-->\n          <!--            <p>MONAT STUDIO ONE\u2122<br \/> Cr\u00e8me pour brushing<\/p>-->\n          <!--         <\/a>-->\n          <!--      -->\n          <!--      -->\n          <!--         <a href=\"https:\/\/corp.mymonat.com\/shop\/products\/monat-studio-one-heat-protectant-spray-6000004126\" aria-label=\"Go to Spray thermoprotecteur MONAT STUDIO ONE\u2122 page\">-->\n          <!--            <img decoding=\"async\" src=\"https:\/\/monatglobal.com\/uk\/wp-content\/uploads\/sites\/6\/2021\/08\/HEAT-PROTECTANT-SPRAY.png\" alt=\"Heat Protectant Spray\" loading=\"lazy\"\/>-->\n          <!--            <p>Spray thermoprotecteur<br \/> MONAT STUDIO ONE\u2122<\/p>-->\n          <!--         <\/a>-->\n          <!--      -->\n          <!--      -->\n          <!--         <a href=\"https:\/\/corp.mymonat.com\/shop\/products\/rejuveniqe-oil-intensive-6000000212\" aria-label=\"Go to REJUVENIQE\u00ae Oil Intensive\">-->\n          <!--            <img decoding=\"async\" src=\"https:\/\/monatglobal.com\/uk\/wp-content\/uploads\/sites\/6\/2017\/12\/rejuveniqe-m-slide.png\" alt=\"REJUVENIQE\u00ae Oil Intensive\" loading=\"lazy\"\/>-->\n          <!--            <p>REJUVENIQE\u00ae<br \/><\/p> -->\n          <!--         <\/a>-->\n          <!--      -->\n          <!--   -->\n             <!-- If we need navigation buttons -->\n          <!--   -->\n          <!--   -->\n             <!-- If we need paginations -->\n          <!--   -->\n          <!---->\n         <!--==================================================== If we need navigation buttons  ====================================================-->\n         <!--==================================================== If we need paginations  ====================================================-->\n    <a href=\"\" aria-label=\"\"><\/a>\n","protected":false},"excerpt":{"rendered":"<p>NOUVEAU NOUVEAU MONAT STUDIO ONE\u2122 Slick Fix\u2122 Cr\u00e8me coiffante + stick disciplinant Styling Cream + Taming Wand Frizz-Reducing Moisturizing Leave-In Styler Domine instantan\u00e9ment les m\u00e8ches rebelles et les frisottis et permet de structurer les&nbsp;contours. 20 ml \u212e 0,6 fl. oz. Prix de d\u00e9tail00.00 \u20ac Prix de VIP00.00 \u20ac Pour en savoir plus sur la MONAT&hellip;<\/p>\n","protected":false},"author":57,"featured_media":110002,"parent":0,"menu_order":0,"comment_status":"closed","ping_status":"closed","template":"","meta":{"inline_featured_image":false,"om_disable_all_campaigns":false,"footnotes":""},"categories":[45],"tags":[],"class_list":["post-110001","page","type-page","status-publish","has-post-thumbnail","hentry","category-product-be-fr"],"aioseo_notices":[],"aioseo_head":"\n\t\t<!-- All in One SEO Pro 4.9.6 - aioseo.com -->\n\t<meta name=\"description\" content=\"NOUVEAU --&gt;\" \/>\n\t<meta name=\"robots\" content=\"max-image-preview:large\" \/>\n\t<link rel=\"canonical\" href=\"https:\/\/monatglobal.com\/be\/styling-cream-taming-wand\/\" \/>\n\t<meta name=\"generator\" content=\"All in One SEO Pro (AIOSEO) 4.9.6\" \/>\n\t\t<meta property=\"og:locale\" content=\"fr_FR\" \/>\n\t\t<meta property=\"og:site_name\" content=\"MONAT Belgium - We Are Modern Nature\u2122\" \/>\n\t\t<meta property=\"og:type\" content=\"article\" \/>\n\t\t<meta property=\"og:title\" content=\"MONAT STUDIO ONE\u2122\ufe0f Slick Fix\u2122\ufe0f Cr\u00e8me Coiffante + Stick Disciplinant - MONAT Belgium\" \/>\n\t\t<meta property=\"og:description\" content=\"NOUVEAU --&gt;\" \/>\n\t\t<meta property=\"og:url\" content=\"https:\/\/monatglobal.com\/be\/styling-cream-taming-wand\/\" \/>\n\t\t<meta property=\"article:published_time\" content=\"2026-02-03T21:40:39+00:00\" \/>\n\t\t<meta property=\"article:modified_time\" content=\"2026-02-07T12:37:03+00:00\" \/>\n\t\t<meta name=\"twitter:card\" content=\"summary_large_image\" \/>\n\t\t<meta name=\"twitter:title\" content=\"MONAT STUDIO ONE\u2122\ufe0f Slick Fix\u2122\ufe0f Cr\u00e8me Coiffante + Stick Disciplinant - MONAT Belgium\" \/>\n\t\t<meta name=\"twitter:description\" content=\"NOUVEAU --&gt;\" \/>\n\t\t<script type=\"application\/ld+json\" class=\"aioseo-schema\">\n\t\t\t{\"@context\":\"https:\\\/\\\/schema.org\",\"@graph\":[{\"@type\":\"BreadcrumbList\",\"@id\":\"https:\\\/\\\/monatglobal.com\\\/be\\\/styling-cream-taming-wand\\\/#breadcrumblist\",\"itemListElement\":[{\"@type\":\"ListItem\",\"@id\":\"https:\\\/\\\/monatglobal.com\\\/be#listItem\",\"position\":1,\"name\":\"Home\",\"item\":\"https:\\\/\\\/monatglobal.com\\\/be\",\"nextItem\":{\"@type\":\"ListItem\",\"@id\":\"https:\\\/\\\/monatglobal.com\\\/be\\\/styling-cream-taming-wand\\\/#listItem\",\"name\":\"MONAT STUDIO ONE\\u2122\\ufe0f Slick Fix\\u2122\\ufe0f Cr\\u00e8me Coiffante + Stick Disciplinant\"}},{\"@type\":\"ListItem\",\"@id\":\"https:\\\/\\\/monatglobal.com\\\/be\\\/styling-cream-taming-wand\\\/#listItem\",\"position\":2,\"name\":\"MONAT STUDIO ONE\\u2122\\ufe0f Slick Fix\\u2122\\ufe0f Cr\\u00e8me Coiffante + Stick Disciplinant\",\"previousItem\":{\"@type\":\"ListItem\",\"@id\":\"https:\\\/\\\/monatglobal.com\\\/be#listItem\",\"name\":\"Home\"}}]},{\"@type\":\"Organization\",\"@id\":\"https:\\\/\\\/monatglobal.com\\\/be\\\/#organization\",\"name\":\"MONAT Belgium\",\"description\":\"We Are Modern Nature\\u2122\",\"url\":\"https:\\\/\\\/monatglobal.com\\\/be\\\/\"},{\"@type\":\"WebPage\",\"@id\":\"https:\\\/\\\/monatglobal.com\\\/be\\\/styling-cream-taming-wand\\\/#webpage\",\"url\":\"https:\\\/\\\/monatglobal.com\\\/be\\\/styling-cream-taming-wand\\\/\",\"name\":\"MONAT STUDIO ONE\\u2122\\ufe0f Slick Fix\\u2122\\ufe0f Cr\\u00e8me Coiffante + Stick Disciplinant - MONAT Belgium\",\"description\":\"NOUVEAU -->\",\"inLanguage\":\"fr-FR\",\"isPartOf\":{\"@id\":\"https:\\\/\\\/monatglobal.com\\\/be\\\/#website\"},\"breadcrumb\":{\"@id\":\"https:\\\/\\\/monatglobal.com\\\/be\\\/styling-cream-taming-wand\\\/#breadcrumblist\"},\"image\":{\"@type\":\"ImageObject\",\"url\":\"https:\\\/\\\/monatglobal.com\\\/be\\\/wp-content\\\/uploads\\\/sites\\\/23\\\/2026\\\/02\\\/slick-fix-ecomm.png\",\"@id\":\"https:\\\/\\\/monatglobal.com\\\/be\\\/styling-cream-taming-wand\\\/#mainImage\",\"width\":641,\"height\":800},\"primaryImageOfPage\":{\"@id\":\"https:\\\/\\\/monatglobal.com\\\/be\\\/styling-cream-taming-wand\\\/#mainImage\"},\"datePublished\":\"2026-02-03T21:40:39+00:00\",\"dateModified\":\"2026-02-07T12:37:03+00:00\"},{\"@type\":\"WebSite\",\"@id\":\"https:\\\/\\\/monatglobal.com\\\/be\\\/#website\",\"url\":\"https:\\\/\\\/monatglobal.com\\\/be\\\/\",\"name\":\"MONAT Belgium\",\"description\":\"We Are Modern Nature\\u2122\",\"inLanguage\":\"fr-FR\",\"publisher\":{\"@id\":\"https:\\\/\\\/monatglobal.com\\\/be\\\/#organization\"}}]}\n\t\t<\/script>\n\t\t<!-- All in One SEO Pro -->\r\n\t\t<title>MONAT STUDIO ONE\u2122\ufe0f Slick Fix\u2122\ufe0f Cr\u00e8me Coiffante + Stick Disciplinant - MONAT Belgium<\/title>\n\n","aioseo_head_json":{"title":"MONAT STUDIO ONE\u2122\ufe0f Slick Fix\u2122\ufe0f Cr\u00e8me Coiffante + Stick Disciplinant - MONAT Belgium","description":"NOUVEAU -->","canonical_url":"https:\/\/monatglobal.com\/be\/styling-cream-taming-wand\/","robots":"max-image-preview:large","keywords":"","webmasterTools":{"miscellaneous":""},"schema":{"@context":"https:\/\/schema.org","@graph":[{"@type":"BreadcrumbList","@id":"https:\/\/monatglobal.com\/be\/styling-cream-taming-wand\/#breadcrumblist","itemListElement":[{"@type":"ListItem","@id":"https:\/\/monatglobal.com\/be#listItem","position":1,"name":"Home","item":"https:\/\/monatglobal.com\/be","nextItem":{"@type":"ListItem","@id":"https:\/\/monatglobal.com\/be\/styling-cream-taming-wand\/#listItem","name":"MONAT STUDIO ONE\u2122\ufe0f Slick Fix\u2122\ufe0f Cr\u00e8me Coiffante + Stick Disciplinant"}},{"@type":"ListItem","@id":"https:\/\/monatglobal.com\/be\/styling-cream-taming-wand\/#listItem","position":2,"name":"MONAT STUDIO ONE\u2122\ufe0f Slick Fix\u2122\ufe0f Cr\u00e8me Coiffante + Stick Disciplinant","previousItem":{"@type":"ListItem","@id":"https:\/\/monatglobal.com\/be#listItem","name":"Home"}}]},{"@type":"Organization","@id":"https:\/\/monatglobal.com\/be\/#organization","name":"MONAT Belgium","description":"We Are Modern Nature\u2122","url":"https:\/\/monatglobal.com\/be\/"},{"@type":"WebPage","@id":"https:\/\/monatglobal.com\/be\/styling-cream-taming-wand\/#webpage","url":"https:\/\/monatglobal.com\/be\/styling-cream-taming-wand\/","name":"MONAT STUDIO ONE\u2122\ufe0f Slick Fix\u2122\ufe0f Cr\u00e8me Coiffante + Stick Disciplinant - MONAT Belgium","description":"NOUVEAU -->","inLanguage":"fr-FR","isPartOf":{"@id":"https:\/\/monatglobal.com\/be\/#website"},"breadcrumb":{"@id":"https:\/\/monatglobal.com\/be\/styling-cream-taming-wand\/#breadcrumblist"},"image":{"@type":"ImageObject","url":"https:\/\/monatglobal.com\/be\/wp-content\/uploads\/sites\/23\/2026\/02\/slick-fix-ecomm.png","@id":"https:\/\/monatglobal.com\/be\/styling-cream-taming-wand\/#mainImage","width":641,"height":800},"primaryImageOfPage":{"@id":"https:\/\/monatglobal.com\/be\/styling-cream-taming-wand\/#mainImage"},"datePublished":"2026-02-03T21:40:39+00:00","dateModified":"2026-02-07T12:37:03+00:00"},{"@type":"WebSite","@id":"https:\/\/monatglobal.com\/be\/#website","url":"https:\/\/monatglobal.com\/be\/","name":"MONAT Belgium","description":"We Are Modern Nature\u2122","inLanguage":"fr-FR","publisher":{"@id":"https:\/\/monatglobal.com\/be\/#organization"}}]},"og:locale":"fr_FR","og:site_name":"MONAT Belgium - We Are Modern Nature\u2122","og:type":"article","og:title":"MONAT STUDIO ONE\u2122\ufe0f Slick Fix\u2122\ufe0f Cr\u00e8me Coiffante + Stick Disciplinant - MONAT Belgium","og:description":"NOUVEAU --&gt;","og:url":"https:\/\/monatglobal.com\/be\/styling-cream-taming-wand\/","article:published_time":"2026-02-03T21:40:39+00:00","article:modified_time":"2026-02-07T12:37:03+00:00","twitter:card":"summary_large_image","twitter:title":"MONAT STUDIO ONE\u2122\ufe0f Slick Fix\u2122\ufe0f Cr\u00e8me Coiffante + Stick Disciplinant - MONAT Belgium","twitter:description":"NOUVEAU --&gt;"},"aioseo_meta_data":{"post_id":"110001","title":null,"description":null,"keywords":null,"keyphrases":null,"primary_term":null,"canonical_url":null,"og_title":null,"og_description":null,"og_object_type":"default","og_image_type":"default","og_image_url":null,"og_image_width":null,"og_image_height":null,"og_image_custom_url":null,"og_image_custom_fields":null,"og_video":null,"og_custom_url":null,"og_article_section":null,"og_article_tags":null,"twitter_use_og":false,"twitter_card":"default","twitter_image_type":"default","twitter_image_url":null,"twitter_image_custom_url":null,"twitter_image_custom_fields":null,"twitter_title":null,"twitter_description":null,"schema":{"blockGraphs":[],"customGraphs":[],"default":{"data":{"Article":[],"Course":[],"Dataset":[],"FAQPage":[],"Movie":[],"Person":[],"Product":[],"ProductReview":[],"Car":[],"Recipe":[],"Service":[],"SoftwareApplication":[],"WebPage":[]},"graphName":"","isEnabled":true},"graphs":[]},"schema_type":"default","schema_type_options":null,"pillar_content":false,"robots_default":true,"robots_noindex":false,"robots_noarchive":false,"robots_nosnippet":false,"robots_nofollow":false,"robots_noimageindex":false,"robots_noodp":false,"robots_notranslate":false,"robots_max_snippet":null,"robots_max_videopreview":null,"robots_max_imagepreview":"large","priority":null,"frequency":null,"local_seo":null,"seo_analyzer_scan_date":null,"breadcrumb_settings":null,"limit_modified_date":false,"reviewed_by":null,"open_ai":null,"ai":null,"created":"2026-02-10 05:23:25","updated":"2026-02-10 06:03:19"},"aioseo_breadcrumb":"<div class=\"aioseo-breadcrumbs\"><span class=\"aioseo-breadcrumb\">\n\t<a href=\"https:\/\/monatglobal.com\/be\" title=\"Home\">Home<\/a>\n<\/span><span class=\"aioseo-breadcrumb-separator\">&raquo;<\/span><span class=\"aioseo-breadcrumb\">\n\tMONAT STUDIO ONE\u2122\ufe0f Slick Fix\u2122\ufe0f Cr\u00e8me Coiffante + Stick Disciplinant\n<\/span><\/div>","aioseo_breadcrumb_json":[{"label":"Home","link":"https:\/\/monatglobal.com\/be"},{"label":"MONAT STUDIO ONE\u2122\ufe0f Slick Fix\u2122\ufe0f Cr\u00e8me Coiffante + Stick Disciplinant","link":"https:\/\/monatglobal.com\/be\/styling-cream-taming-wand\/"}],"_links":{"self":[{"href":"https:\/\/monatglobal.com\/be\/wp-json\/wp\/v2\/pages\/110001","targetHints":{"allow":["GET"]}}],"collection":[{"href":"https:\/\/monatglobal.com\/be\/wp-json\/wp\/v2\/pages"}],"about":[{"href":"https:\/\/monatglobal.com\/be\/wp-json\/wp\/v2\/types\/page"}],"author":[{"embeddable":true,"href":"https:\/\/monatglobal.com\/be\/wp-json\/wp\/v2\/users\/57"}],"replies":[{"embeddable":true,"href":"https:\/\/monatglobal.com\/be\/wp-json\/wp\/v2\/comments?post=110001"}],"version-history":[{"count":12,"href":"https:\/\/monatglobal.com\/be\/wp-json\/wp\/v2\/pages\/110001\/revisions"}],"predecessor-version":[{"id":110233,"href":"https:\/\/monatglobal.com\/be\/wp-json\/wp\/v2\/pages\/110001\/revisions\/110233"}],"wp:featuredmedia":[{"embeddable":true,"href":"https:\/\/monatglobal.com\/be\/wp-json\/wp\/v2\/media\/110002"}],"wp:attachment":[{"href":"https:\/\/monatglobal.com\/be\/wp-json\/wp\/v2\/media?parent=110001"}],"wp:term":[{"taxonomy":"category","embeddable":true,"href":"https:\/\/monatglobal.com\/be\/wp-json\/wp\/v2\/categories?post=110001"},{"taxonomy":"post_tag","embeddable":true,"href":"https:\/\/monatglobal.com\/be\/wp-json\/wp\/v2\/tags?post=110001"}],"curies":[{"name":"wp","href":"https:\/\/api.w.org\/{rel}","templated":true}]}}