{"id":109902,"date":"2026-01-23T18:07:47","date_gmt":"2026-01-23T18:07:47","guid":{"rendered":"https:\/\/monatglobal.com\/be\/?page_id=109902"},"modified":"2026-02-18T15:28:12","modified_gmt":"2026-02-18T15:28:12","slug":"passport","status":"publish","type":"page","link":"https:\/\/monatglobal.com\/be\/passport\/","title":{"rendered":"MONAT Passport 2026 | Hilton Hawaiian Village Waikiki Beach Resort"},"content":{"rendered":"\n\n\t<style>\n    :root{\n        --primary-color: #736B00;\n        --secondary-color: #F1EDE6;\n        --olive-green: #8F9279;\n    }\n<\/style>\n    <section>\n        <img decoding=\"async\" src=\"https:\/\/monatglobal.com\/wp-content\/uploads\/2026\/01\/passport-logo-2026.svg\" alt=\"Pasport 2026 Logo\"\/>\n            <p>Hilton Hawaiian Village <br \/> Waikiki Beach Resort<\/p>  \n            <p>Du 5 au 8 novembre 2026 <br \/> <\/p>     \n    <\/section>\n    <section id=\"first_sec\">\n            <img decoding=\"async\" alt=\"illustration graphic of orange palms\" src=\"https:\/\/monatglobal.com\/wp-content\/uploads\/2026\/01\/aloha-bucket-list-icon.svg\"\/> \n            <h2>Aloha!<\/h2>\n            <h3> Une opportunit\u00e9 unique dans une vie. Ne la laissez pas passer.<\/h3>         \n            <p>Situ\u00e9 sur la plus vaste \u00e9tendue de plage de Waikiki, ce paradis tropical de 22 hectares vous plonge dans&nbsp;un univers de prestations luxueuses, de culture locale et d&rsquo;un s\u00e9jour tout simplement idyllique. <\/p>  \n            \n                <img decoding=\"async\" src=\"https:\/\/monatglobal.com\/wp-content\/uploads\/2026\/01\/largest-beachfront-resort-.jpg\" alt=\"picture of Waikiki Beach Resort, vibrant tropical beach scene featuring palm trees and turquoise water\"\/>\n                <h3>Le plus grand complexe h\u00f4telier en bord de mer d&rsquo;Hawa\u00ef<\/h3>\n                <img decoding=\"async\" src=\"https:\/\/monatglobal.com\/wp-content\/uploads\/2026\/01\/turquoise-waters.jpg\" alt=\"Resort pool area with palm trees and tropical landscaping\"\/>\n                <h3>Un emplacement exceptionnel sur la mythique plage de Waikiki, face \u00e0 des eaux turquoise embl\u00e9matiques<\/h3>\n                <img decoding=\"async\" src=\"https:\/\/monatglobal.com\/wp-content\/uploads\/2026\/01\/Five-stunning-pools.jpg\" alt=\"picture of private oceanfront lagoon\"\/>\n                <h3>Cinq piscines spectaculaires, des toboggans aquatiques et un lagon priv\u00e9 en front de mer<\/h3>\n                <img decoding=\"async\" src=\"https:\/\/monatglobal.com\/wp-content\/uploads\/2026\/01\/beachfront-dining-experiences.jpg\" alt=\"Gourmet Hawaiian dish featuring fresh fish with colorful vegetables and edible flowers on a dark plate\"\/>\n                <h3>Plus de 18 restaurants, caf\u00e9s et exp\u00e9riences culinaires en bord de plage<\/h3>\n                <img decoding=\"async\" src=\"https:\/\/monatglobal.com\/wp-content\/uploads\/2026\/01\/80-shops.jpg\" alt=\"woman wearing orange-tinted sunglasses carrying yellow and white shopping bags over her shoulder\"\/>\n                <h3>Plus de 80 boutiques r\u00e9parties au c\u0153ur du village<\/h3>\n                <img decoding=\"async\" src=\"https:\/\/monatglobal.com\/wp-content\/uploads\/2026\/01\/wellness-experiences.jpg\" alt=\"Person relaxing during a spa treatment or wellness experience in a serene setting\"\/>\n                <h3>Le plus grand spa et des exp\u00e9riences bien-\u00eatre d&rsquo;exception \u00e0 Waikiki<\/h3>\n    <\/section>\n    <section id=\"gallery_sec\">\n            <img decoding=\"async\" src=\"https:\/\/monatglobal.com\/wp-content\/uploads\/2026\/01\/you-have-arrive-icon.svg\" alt=\"Coral-colored starburst icon with eight pointed rays on a beige textured background\"\/>\n            <h2>Vous y \u00eates. <br \/> Rainbow Tower &#8211; Hilton<br \/> Hawaiian Village<\/h2> \n                    <img decoding=\"async\" src=\"https:\/\/monatglobal.com\/wp-content\/uploads\/2026\/01\/coastal-colors-1.jpg\" alt=\"Aerial view of turquoise ocean waters meeting a curved sandy beach with lush green tropical vegetation along the coastline\"\/>\n                    <img decoding=\"async\" src=\"https:\/\/monatglobal.com\/wp-content\/uploads\/2026\/01\/newly-renovated-rooms-1.jpg\" alt=\"Bright, modern hotel room with ocean view balcony featuring white furnishings and natural light\"\/>\n                    <img decoding=\"async\" src=\"https:\/\/monatglobal.com\/wp-content\/uploads\/2026\/01\/Hawaiian-Village-1.jpg\" alt=\"Woman in white swimwear watching the sunset on a tropical beach with golden sunlight\"\/>\n                    <p>R\u00e9put\u00e9e pour ses mosa\u00efques arc-en-ciel embl\u00e9matiques, ses teintes c\u00f4ti\u00e8res et ses touches de bois chaleureux, ce complexe propose des chambres r\u00e9cemment r\u00e9nov\u00e9es, r\u00e9serv\u00e9es exclusivement aux qualifi\u00e9s MONAT PASSPORT 2026.<\/p> \n            <p>R\u00e9put\u00e9e pour ses mosa\u00efques arc-en-ciel embl\u00e9matiques, ses teintes c\u00f4ti\u00e8res et ses touches de bois chaleureux, ce complexe propose des chambres r\u00e9cemment r\u00e9nov\u00e9es, r\u00e9serv\u00e9es exclusivement aux qualifi\u00e9s MONAT PASSPORT 2026.<\/p>\n    <\/section>\n    <section id=\"quialification_sec\">\n            <img decoding=\"async\" src=\"https:\/\/monatglobal.com\/wp-content\/uploads\/2026\/01\/two-paths-icon.svg\" alt=\"Three coral-colored decorative elements: two starburst shapes of different sizes and one small four-pointed star\"\/>\n            <h2>Deux voies<br \/> m\u00e8nent \u00e0 Hawa\u00ef<\/h2>  \n            <p>P\u00e9riode de qualification : <br \/> du 1er janvier au 30 juin 2026<\/p>\n            <img decoding=\"async\" src=\"https:\/\/monatglobal.com\/wp-content\/uploads\/2026\/01\/path-icon.svg\" alt=\"Coral-colored sun icon with irregular radiating rays\"\/>\n            <h3>PARCOURS BUILDER<\/h3>\n                QUALIFICATION <br \/> du 1er janvier au 30 juin 2026\n                NIVEAU\n                CRIT\u00c8RES\n                R\u00c9COMPENSE\n                <!--ROW 1-->\n                <p>1<\/p>\n                    <p>NIVEAU 1<\/p>\n                    <ul>\n                        <li>PARRAINAGE PERSONNEL : 10 PM, 20 VIP<\/li>\n                        <li>PARRAINAGE DU GROUPE PERSONNEL : 20 PM, 35 VIP<\/li>\n                        <li>VOLUME DE GROUPE : 50 000 VG<\/li>\n                    <\/ul>\n                    <p>NIVEAU PAY\u00c9 EN JUIN 2026 : MMB+<\/p>\n                    <ul>\n                        <li>H\u00e9bergement \u00e0 l&rsquo;h\u00f4tel pour 1 personne<\/li>\n                        <li>Vol aller-retour pour 1 personne<\/li>\n                        <li>Transferts aller-retour entre l&rsquo;a\u00e9roport et l&rsquo;h\u00f4tel pour 1 personne<\/li>\n                        <li>Acc\u00e8s \u00e0 la r\u00e9ception pour 1 personne<\/li>\n                    <\/ul>  \n                <!--ROW 2-->\n                <p>2<\/p>\n                    <p>NIVEAU 2<\/p>\n                    <ul>\n                        <li>PARRAINAGE PERSONNEL : 12 PM, 30 VIP<\/li>\n                        <li>PARRAINAGE DU GROUPE PERSONNEL : 30 PM, 90 VIP<\/li>\n                        <li>VOLUME DE GROUPE : 70 000 VG<\/li>\n                    <\/ul>\n                    <p>NIVEAU PAY\u00c9 EN JUIN 2026 : AMM+<\/p>\n                    <p>Inclut le niveau 1, EN PLUS :<\/p>\n                    <ul>\n                        <li>H\u00e9bergement \u00e0 l&rsquo;h\u00f4tel surclass\u00e9 pour 2 personnes<\/li>\n                        <li>Transferts aller-retour a\u00e9roport\/h\u00f4tel surclass\u00e9s pour 2 personnes<\/li>\n                        <li>Acc\u00e8s \u00e0 la r\u00e9ception surclass\u00e9 pour 2 personnes<\/li>\n                    <\/ul>\n                    <p>(Le vol aller-retour reste valable pour 1 personne)<\/p>\n                <!--ROW 3-->\n                <p>3<\/p>\n                    <p>NIVEAU 3<\/p>\n                    <ul>\n                        <li>PARRAINAGE PERSONNEL : 15 PM, 45 VIP<\/li>\n                        <li>PARRAINAGE DU GROUPE PERSONNEL : 45 PM, 140  VIP<\/li>\n                        <li>VOLUME DE GROUPE : 100 000 VG<\/li>\n                    <\/ul>\n                    <p>NIVEAU PAY\u00c9 EN JUIN 2026 : MM+<\/p>\n                    <p>Inclut le niveau 2, EN PLUS :<\/p>\n                    <ul>\n                        <li>Vol aller-retour am\u00e9lior\u00e9 pour 2 personnes<\/li>\n                    <\/ul>\n            <ul>\n                <li>Les Partenaires de March\u00e9 parrain\u00e9s personnellement et parrain\u00e9s au sein du groupe personnel doivent s&rsquo;inscrire avec un Pack Produits pour \u00eatre pris en compte dans la qualification. <\/li>\n                <li>Les VIP parrain\u00e9s personnellement et au sein du groupe personnel doivent passer une commande initiale de 75 \u20ac ou plus et avoir une commande Flexship programm\u00e9e de 75 \u20ac ou plus.<\/li>\n            <\/ul>\n        <!---->\n        <!--    <h3>INCENTIVE VG - JANVIER<\/h3>-->\n        <!--    -->\n        <!--        <ul> -->\n        <!--            <li>Remplissez tous les crit\u00e8res du Pouvoir du 2 de milieu de mois (1+4) avant le 15 janvier et 5 000 VG seront cr\u00e9dit\u00e9s au titre de vos crit\u00e8res de qualification Passport*.<\/li>-->\n        <!--        <\/ul>-->\n        <!--        <ul>-->\n        <!--            <li>Remplissez tous les crit\u00e8res du Pouvoir du 2 du mois complet (2+8) avant le 15 janvier et 10 000 VG seront cr\u00e9dit\u00e9s au titre de vos crit\u00e8res de qualification Passport*.<\/li>-->\n        <!--        <\/ul>-->\n        <!--    -->\n        <!--    <p>*Le VG est uniquement cr\u00e9dit\u00e9 au titre de vos propres crit\u00e8res de qualification Passport. Le VG ne sera pas cr\u00e9dit\u00e9 au sein de la structure de votre upline et ne sera pas pris en compte pour les crit\u00e8res de rang bas\u00e9s sur le VG..&nbsp; <br \/> <br \/> <\/p>-->\n        <!---->\n            <img decoding=\"async\" src=\"https:\/\/monatglobal.com\/wp-content\/uploads\/2026\/01\/path-icon.svg\" alt=\"Coral-colored sun icon with irregular radiating rays\"\/> \n            <h3>PARCOURS SELLER<\/h3>\n                QUALIFICATION <br \/> du 1er janvier au 30 juin 2026\n                NIVEAU\n                CRIT\u00c8RES\n                R\u00c9COMPENSE\n                <!--ROW 1-->\n                <p>1<\/p>\n                    <p>NIVEAU 1<\/p>\n                    <ul>\n                        <li>Atteignez 50 000 VP au cours d&rsquo;1 des 6 mois de la p\u00e9riode de qualification <\/li>\n                    <\/ul>\n                    <ul>\n                        <li>H\u00e9bergement \u00e0 l&rsquo;h\u00f4tel pour 1 personne<\/li>\n                        <li>Vol aller-retour pour 1 personne<\/li>\n                        <li>Transferts aller-retour a\u00e9roport\/h\u00f4tel pour 1 personne<\/li>\n                        <li>Acc\u00e8s \u00e0 la r\u00e9ception pour 1 personne<\/li>\n                    <\/ul>\n                <!--ROW 2-->\n                <p>2<\/p>\n                    <p>NIVEAU 2<\/p>\n                    <ul>\n                        <li>Atteignez 50 000 VP au cours de 2 des 6 mois de la p\u00e9riode de qualification<\/li>\n                    <\/ul>\n                    <p>Inclut le niveau 1, EN PLUS :<\/p>\n                    <ul>\n                        <li>H\u00e9bergement \u00e0 l&rsquo;h\u00f4tel am\u00e9lior\u00e9 pour 2 personnes<\/li>\n                        <li>Transferts aller-retour a\u00e9roport\/h\u00f4tel am\u00e9lior\u00e9s pour 2 personnes<\/li>\n                        <li>Acc\u00e8s \u00e0 la r\u00e9ception am\u00e9lior\u00e9 pour 2 personnes<\/li>\n                    <\/ul>\n                    <p>(Le vol aller-retour reste valable pour 1 personne)<\/p>\n                <!--ROW 3-->\n                <p>3<\/p>\n                    <p>NIVEAU 3<\/p>\n                    <ul>\n                        <li>Atteignez 50 000 VP au cours de 3 des 6 mois de la p\u00e9riode de qualification<\/li>\n                    <\/ul>\n                    <p>Inclut le niveau 2, EN PLUS :<\/p>\n                    <ul>\n                        <li>Vol aller-retour am\u00e9lior\u00e9 pour 2 personnes<\/li>\n                    <\/ul>\n                <h3>INCENTIVE DE JANVIER &#8211; PARCOURS SELLER<\/h3>\n                <p>Atteignez 50 000 VP en janvier et ce volume comptera comme 2 mois de qualification.<\/p>\n    <\/section>\n    <section id=\"includes_sec\">\n        <img decoding=\"async\" src=\"https:\/\/monatglobal.com\/wp-content\/uploads\/2026\/01\/two-paths-icon.svg\" alt=\"Three coral-colored decorative elements: two starburst shapes of different sizes and one small four-pointed star\"\/>\n        <h2>Votre exp\u00e9rience <br \/> comprend :<\/h2>\n                <ul> \n                    <li>3 nuits au Hilton Hawaiian Village Waikiki Beach Resort<\/li>\n                    <li>Nuits de programme uniquement : 5, 6 et 7 novembre 2026<\/li>\n                    <li>Vol aller-retour \u00e0 destination de l&rsquo;a\u00e9roport international d&rsquo;Honolulu<\/li>\n                    <li>Une demi-journ\u00e9e de formation<\/li> \n                <\/ul>\n                <ul>\n                    <li>Une reconnaissance exclusive<\/li>\n                    <li>Certains repas inclus<\/li>\n                    <li>Transferts a\u00e9roport aller-retour \u00e0 destination<\/li>\n                    <li>Les transports terrestres sont inclus pour le PM qualifi\u00e9 ainsi que pour l&rsquo;invit\u00e9 inscrit de niveau 2 ou 3.<\/li>\n                <\/ul>\n            <a id=\"faq_btn\" href=\"https:\/\/monatglobal.com\/be\/wp-content\/uploads\/sites\/23\/2026\/01\/FRABEL_Passport-2026-FAQs_011926_v4.pdf\" target=\"_blank\" rel=\"noopener\">FAQ<\/a>\n            <a id=\"termsAndC\" href=\"https:\/\/monatglobal.com\/be\/wp-content\/uploads\/sites\/23\/2026\/01\/FRABEL_Passport-2026_Terms-and-Conditions_PDF_010526_v1.pdf\" target=\"_blank\" rel=\"noopener\">\n                <p>Conditions g\u00e9n\u00e9rales<\/p>\n            <\/a>\n            #MONATpassport\n    <\/section>\n\n","protected":false},"excerpt":{"rendered":"<p>Hilton Hawaiian Village Waikiki Beach Resort Du 5 au 8 novembre 2026 Aloha! Une opportunit\u00e9 unique dans une vie. Ne la laissez pas passer. Situ\u00e9 sur la plus vaste \u00e9tendue de plage de Waikiki, ce paradis tropical de 22 hectares vous plonge dans&nbsp;un univers de prestations luxueuses, de culture locale et d&rsquo;un s\u00e9jour tout simplement&hellip;<\/p>\n","protected":false},"author":57,"featured_media":109903,"parent":0,"menu_order":0,"comment_status":"closed","ping_status":"closed","template":"","meta":{"inline_featured_image":false,"om_disable_all_campaigns":false,"footnotes":""},"categories":[],"tags":[],"class_list":["post-109902","page","type-page","status-publish","has-post-thumbnail","hentry"],"aioseo_notices":[],"aioseo_head":"\n\t\t<!-- All in One SEO Pro 4.9.5.2 - aioseo.com -->\n\t<meta name=\"description\" content=\"Hilton Hawaiian Village Waikiki Beach Resort Du 5 au 8 novembre 2026 Aloha! Une opportunit\u00e9 unique dans une vie. Ne la laissez pas passer. Situ\u00e9 sur la plus vaste \u00e9tendue de plage de Waikiki, ce paradis tropical de 22 hectares vous plonge dans un univers de prestations luxueuses, de culture locale et d&#039;un s\u00e9jour tout simplement\" \/>\n\t<meta name=\"robots\" content=\"max-image-preview:large\" \/>\n\t<link rel=\"canonical\" href=\"https:\/\/monatglobal.com\/be\/passport\/\" \/>\n\t<meta name=\"generator\" content=\"All in One SEO Pro (AIOSEO) 4.9.5.2\" \/>\n\t\t<meta property=\"og:locale\" content=\"fr_FR\" \/>\n\t\t<meta property=\"og:site_name\" content=\"MONAT Belgium - We Are Modern Nature\u2122\" \/>\n\t\t<meta property=\"og:type\" content=\"article\" \/>\n\t\t<meta property=\"og:title\" content=\"MONAT Passport 2026 | Hilton Hawaiian Village Waikiki Beach Resort - MONAT Belgium\" \/>\n\t\t<meta property=\"og:description\" content=\"Hilton Hawaiian Village Waikiki Beach Resort Du 5 au 8 novembre 2026 Aloha! Une opportunit\u00e9 unique dans une vie. Ne la laissez pas passer. Situ\u00e9 sur la plus vaste \u00e9tendue de plage de Waikiki, ce paradis tropical de 22 hectares vous plonge dans un univers de prestations luxueuses, de culture locale et d&#039;un s\u00e9jour tout simplement\" \/>\n\t\t<meta property=\"og:url\" content=\"https:\/\/monatglobal.com\/be\/passport\/\" \/>\n\t\t<meta property=\"article:published_time\" content=\"2026-01-23T18:07:47+00:00\" \/>\n\t\t<meta property=\"article:modified_time\" content=\"2026-02-18T15:28:12+00:00\" \/>\n\t\t<meta name=\"twitter:card\" content=\"summary_large_image\" \/>\n\t\t<meta name=\"twitter:title\" content=\"MONAT Passport 2026 | Hilton Hawaiian Village Waikiki Beach Resort - MONAT Belgium\" \/>\n\t\t<meta name=\"twitter:description\" content=\"Hilton Hawaiian Village Waikiki Beach Resort Du 5 au 8 novembre 2026 Aloha! Une opportunit\u00e9 unique dans une vie. Ne la laissez pas passer. Situ\u00e9 sur la plus vaste \u00e9tendue de plage de Waikiki, ce paradis tropical de 22 hectares vous plonge dans un univers de prestations luxueuses, de culture locale et d&#039;un s\u00e9jour tout simplement\" \/>\n\t\t<script type=\"application\/ld+json\" class=\"aioseo-schema\">\n\t\t\t{\"@context\":\"https:\\\/\\\/schema.org\",\"@graph\":[{\"@type\":\"BreadcrumbList\",\"@id\":\"https:\\\/\\\/monatglobal.com\\\/be\\\/passport\\\/#breadcrumblist\",\"itemListElement\":[{\"@type\":\"ListItem\",\"@id\":\"https:\\\/\\\/monatglobal.com\\\/be#listItem\",\"position\":1,\"name\":\"Home\",\"item\":\"https:\\\/\\\/monatglobal.com\\\/be\",\"nextItem\":{\"@type\":\"ListItem\",\"@id\":\"https:\\\/\\\/monatglobal.com\\\/be\\\/passport\\\/#listItem\",\"name\":\"MONAT Passport 2026 | Hilton Hawaiian Village Waikiki Beach Resort\"}},{\"@type\":\"ListItem\",\"@id\":\"https:\\\/\\\/monatglobal.com\\\/be\\\/passport\\\/#listItem\",\"position\":2,\"name\":\"MONAT Passport 2026 | Hilton Hawaiian Village Waikiki Beach Resort\",\"previousItem\":{\"@type\":\"ListItem\",\"@id\":\"https:\\\/\\\/monatglobal.com\\\/be#listItem\",\"name\":\"Home\"}}]},{\"@type\":\"Organization\",\"@id\":\"https:\\\/\\\/monatglobal.com\\\/be\\\/#organization\",\"name\":\"MONAT Belgium\",\"description\":\"We Are Modern Nature\\u2122\",\"url\":\"https:\\\/\\\/monatglobal.com\\\/be\\\/\"},{\"@type\":\"WebPage\",\"@id\":\"https:\\\/\\\/monatglobal.com\\\/be\\\/passport\\\/#webpage\",\"url\":\"https:\\\/\\\/monatglobal.com\\\/be\\\/passport\\\/\",\"name\":\"MONAT Passport 2026 | Hilton Hawaiian Village Waikiki Beach Resort - MONAT Belgium\",\"description\":\"Hilton Hawaiian Village Waikiki Beach Resort Du 5 au 8 novembre 2026 Aloha! Une opportunit\\u00e9 unique dans une vie. Ne la laissez pas passer. Situ\\u00e9 sur la plus vaste \\u00e9tendue de plage de Waikiki, ce paradis tropical de 22 hectares vous plonge dans un univers de prestations luxueuses, de culture locale et d'un s\\u00e9jour tout simplement\",\"inLanguage\":\"fr-FR\",\"isPartOf\":{\"@id\":\"https:\\\/\\\/monatglobal.com\\\/be\\\/#website\"},\"breadcrumb\":{\"@id\":\"https:\\\/\\\/monatglobal.com\\\/be\\\/passport\\\/#breadcrumblist\"},\"image\":{\"@type\":\"ImageObject\",\"url\":\"https:\\\/\\\/monatglobal.com\\\/be\\\/wp-content\\\/uploads\\\/sites\\\/23\\\/2026\\\/01\\\/Ft-img-passport-2026-Hawai.jpg\",\"@id\":\"https:\\\/\\\/monatglobal.com\\\/be\\\/passport\\\/#mainImage\",\"width\":1200,\"height\":628},\"primaryImageOfPage\":{\"@id\":\"https:\\\/\\\/monatglobal.com\\\/be\\\/passport\\\/#mainImage\"},\"datePublished\":\"2026-01-23T18:07:47+00:00\",\"dateModified\":\"2026-02-18T15:28:12+00:00\"},{\"@type\":\"WebSite\",\"@id\":\"https:\\\/\\\/monatglobal.com\\\/be\\\/#website\",\"url\":\"https:\\\/\\\/monatglobal.com\\\/be\\\/\",\"name\":\"MONAT Belgium\",\"description\":\"We Are Modern Nature\\u2122\",\"inLanguage\":\"fr-FR\",\"publisher\":{\"@id\":\"https:\\\/\\\/monatglobal.com\\\/be\\\/#organization\"}}]}\n\t\t<\/script>\n\t\t<!-- All in One SEO Pro -->\r\n\t\t<title>MONAT Passport 2026 | Hilton Hawaiian Village Waikiki Beach Resort - MONAT Belgium<\/title>\n\n","aioseo_head_json":{"title":"MONAT Passport 2026 | Hilton Hawaiian Village Waikiki Beach Resort - MONAT Belgium","description":"Hilton Hawaiian Village Waikiki Beach Resort Du 5 au 8 novembre 2026 Aloha! Une opportunit\u00e9 unique dans une vie. Ne la laissez pas passer. Situ\u00e9 sur la plus vaste \u00e9tendue de plage de Waikiki, ce paradis tropical de 22 hectares vous plonge dans un univers de prestations luxueuses, de culture locale et d'un s\u00e9jour tout simplement","canonical_url":"https:\/\/monatglobal.com\/be\/passport\/","robots":"max-image-preview:large","keywords":"","webmasterTools":{"miscellaneous":""},"schema":{"@context":"https:\/\/schema.org","@graph":[{"@type":"BreadcrumbList","@id":"https:\/\/monatglobal.com\/be\/passport\/#breadcrumblist","itemListElement":[{"@type":"ListItem","@id":"https:\/\/monatglobal.com\/be#listItem","position":1,"name":"Home","item":"https:\/\/monatglobal.com\/be","nextItem":{"@type":"ListItem","@id":"https:\/\/monatglobal.com\/be\/passport\/#listItem","name":"MONAT Passport 2026 | Hilton Hawaiian Village Waikiki Beach Resort"}},{"@type":"ListItem","@id":"https:\/\/monatglobal.com\/be\/passport\/#listItem","position":2,"name":"MONAT Passport 2026 | Hilton Hawaiian Village Waikiki Beach Resort","previousItem":{"@type":"ListItem","@id":"https:\/\/monatglobal.com\/be#listItem","name":"Home"}}]},{"@type":"Organization","@id":"https:\/\/monatglobal.com\/be\/#organization","name":"MONAT Belgium","description":"We Are Modern Nature\u2122","url":"https:\/\/monatglobal.com\/be\/"},{"@type":"WebPage","@id":"https:\/\/monatglobal.com\/be\/passport\/#webpage","url":"https:\/\/monatglobal.com\/be\/passport\/","name":"MONAT Passport 2026 | Hilton Hawaiian Village Waikiki Beach Resort - MONAT Belgium","description":"Hilton Hawaiian Village Waikiki Beach Resort Du 5 au 8 novembre 2026 Aloha! Une opportunit\u00e9 unique dans une vie. Ne la laissez pas passer. Situ\u00e9 sur la plus vaste \u00e9tendue de plage de Waikiki, ce paradis tropical de 22 hectares vous plonge dans un univers de prestations luxueuses, de culture locale et d'un s\u00e9jour tout simplement","inLanguage":"fr-FR","isPartOf":{"@id":"https:\/\/monatglobal.com\/be\/#website"},"breadcrumb":{"@id":"https:\/\/monatglobal.com\/be\/passport\/#breadcrumblist"},"image":{"@type":"ImageObject","url":"https:\/\/monatglobal.com\/be\/wp-content\/uploads\/sites\/23\/2026\/01\/Ft-img-passport-2026-Hawai.jpg","@id":"https:\/\/monatglobal.com\/be\/passport\/#mainImage","width":1200,"height":628},"primaryImageOfPage":{"@id":"https:\/\/monatglobal.com\/be\/passport\/#mainImage"},"datePublished":"2026-01-23T18:07:47+00:00","dateModified":"2026-02-18T15:28:12+00:00"},{"@type":"WebSite","@id":"https:\/\/monatglobal.com\/be\/#website","url":"https:\/\/monatglobal.com\/be\/","name":"MONAT Belgium","description":"We Are Modern Nature\u2122","inLanguage":"fr-FR","publisher":{"@id":"https:\/\/monatglobal.com\/be\/#organization"}}]},"og:locale":"fr_FR","og:site_name":"MONAT Belgium - We Are Modern Nature\u2122","og:type":"article","og:title":"MONAT Passport 2026 | Hilton Hawaiian Village Waikiki Beach Resort - MONAT Belgium","og:description":"Hilton Hawaiian Village Waikiki Beach Resort Du 5 au 8 novembre 2026 Aloha! Une opportunit\u00e9 unique dans une vie. Ne la laissez pas passer. Situ\u00e9 sur la plus vaste \u00e9tendue de plage de Waikiki, ce paradis tropical de 22 hectares vous plonge dans un univers de prestations luxueuses, de culture locale et d'un s\u00e9jour tout simplement","og:url":"https:\/\/monatglobal.com\/be\/passport\/","article:published_time":"2026-01-23T18:07:47+00:00","article:modified_time":"2026-02-18T15:28:12+00:00","twitter:card":"summary_large_image","twitter:title":"MONAT Passport 2026 | Hilton Hawaiian Village Waikiki Beach Resort - MONAT Belgium","twitter:description":"Hilton Hawaiian Village Waikiki Beach Resort Du 5 au 8 novembre 2026 Aloha! Une opportunit\u00e9 unique dans une vie. Ne la laissez pas passer. Situ\u00e9 sur la plus vaste \u00e9tendue de plage de Waikiki, ce paradis tropical de 22 hectares vous plonge dans un univers de prestations luxueuses, de culture locale et d'un s\u00e9jour tout simplement"},"aioseo_meta_data":{"post_id":"109902","title":null,"description":null,"keywords":null,"keyphrases":null,"primary_term":null,"canonical_url":null,"og_title":null,"og_description":null,"og_object_type":"default","og_image_type":"default","og_image_url":null,"og_image_width":null,"og_image_height":null,"og_image_custom_url":null,"og_image_custom_fields":null,"og_video":null,"og_custom_url":null,"og_article_section":null,"og_article_tags":null,"twitter_use_og":false,"twitter_card":"default","twitter_image_type":"default","twitter_image_url":null,"twitter_image_custom_url":null,"twitter_image_custom_fields":null,"twitter_title":null,"twitter_description":null,"schema":{"blockGraphs":[],"customGraphs":[],"default":{"data":{"Article":[],"Course":[],"Dataset":[],"FAQPage":[],"Movie":[],"Person":[],"Product":[],"ProductReview":[],"Car":[],"Recipe":[],"Service":[],"SoftwareApplication":[],"WebPage":[]},"graphName":"WebPage","isEnabled":true},"graphs":[]},"schema_type":"default","schema_type_options":null,"pillar_content":false,"robots_default":true,"robots_noindex":false,"robots_noarchive":false,"robots_nosnippet":false,"robots_nofollow":false,"robots_noimageindex":false,"robots_noodp":false,"robots_notranslate":false,"robots_max_snippet":null,"robots_max_videopreview":null,"robots_max_imagepreview":"large","priority":null,"frequency":null,"local_seo":null,"seo_analyzer_scan_date":null,"breadcrumb_settings":null,"limit_modified_date":false,"reviewed_by":null,"open_ai":null,"ai":null,"created":"2026-02-10 05:23:25","updated":"2026-02-18 15:35:23"},"aioseo_breadcrumb":"<div class=\"aioseo-breadcrumbs\"><span class=\"aioseo-breadcrumb\">\n\t<a href=\"https:\/\/monatglobal.com\/be\" title=\"Home\">Home<\/a>\n<\/span><span class=\"aioseo-breadcrumb-separator\">&raquo;<\/span><span class=\"aioseo-breadcrumb\">\n\tMONAT Passport 2026 | Hilton Hawaiian Village Waikiki Beach Resort\n<\/span><\/div>","aioseo_breadcrumb_json":[{"label":"Home","link":"https:\/\/monatglobal.com\/be"},{"label":"MONAT Passport 2026 | Hilton Hawaiian Village Waikiki Beach Resort","link":"https:\/\/monatglobal.com\/be\/passport\/"}],"_links":{"self":[{"href":"https:\/\/monatglobal.com\/be\/wp-json\/wp\/v2\/pages\/109902","targetHints":{"allow":["GET"]}}],"collection":[{"href":"https:\/\/monatglobal.com\/be\/wp-json\/wp\/v2\/pages"}],"about":[{"href":"https:\/\/monatglobal.com\/be\/wp-json\/wp\/v2\/types\/page"}],"author":[{"embeddable":true,"href":"https:\/\/monatglobal.com\/be\/wp-json\/wp\/v2\/users\/57"}],"replies":[{"embeddable":true,"href":"https:\/\/monatglobal.com\/be\/wp-json\/wp\/v2\/comments?post=109902"}],"version-history":[{"count":3,"href":"https:\/\/monatglobal.com\/be\/wp-json\/wp\/v2\/pages\/109902\/revisions"}],"predecessor-version":[{"id":110212,"href":"https:\/\/monatglobal.com\/be\/wp-json\/wp\/v2\/pages\/109902\/revisions\/110212"}],"wp:featuredmedia":[{"embeddable":true,"href":"https:\/\/monatglobal.com\/be\/wp-json\/wp\/v2\/media\/109903"}],"wp:attachment":[{"href":"https:\/\/monatglobal.com\/be\/wp-json\/wp\/v2\/media?parent=109902"}],"wp:term":[{"taxonomy":"category","embeddable":true,"href":"https:\/\/monatglobal.com\/be\/wp-json\/wp\/v2\/categories?post=109902"},{"taxonomy":"post_tag","embeddable":true,"href":"https:\/\/monatglobal.com\/be\/wp-json\/wp\/v2\/tags?post=109902"}],"curies":[{"name":"wp","href":"https:\/\/api.w.org\/{rel}","templated":true}]}}