{"id":108733,"date":"2025-10-02T22:11:06","date_gmt":"2025-10-02T21:11:06","guid":{"rendered":"https:\/\/monatglobal.com\/be\/?page_id=108733"},"modified":"2025-12-10T15:36:46","modified_gmt":"2025-12-10T15:36:46","slug":"monat-stylist-program","status":"publish","type":"page","link":"https:\/\/monatglobal.com\/be\/monat-stylist-program\/","title":{"rendered":"Programme MONAT Professionnels de la Coiffure"},"content":{"rendered":"\n<!--Titre SEO :-->\n<!--Programme MONAT Professionnels de la Coiffure | Sublimez votre art et d\u00e9veloppez votre business au-del\u00e0 du fauteuil-->\n<!--Meta Description :-->\n<!--D\u00e9couvrez le Programme MONAT Professionnels de la Coiffure - cr\u00e9\u00e9 pour les professionnels de la beaut\u00e9 dipl\u00f4m\u00e9s. Acc\u00e9dez aux formats salon, augmentez vos revenus et b\u00e2tissez une activit\u00e9 qui va bien au-del\u00e0 du fauteuil. Rejoignez-nous d\u00e8s aujourd'hui !-->\n<style>\n    :root {\n        --primary-color: #F8F4EE;\n    }\n<\/style> \n    <!--<img decoding=\"async\" src=\"https:\/\/monatglobal.com\/wp-content\/uploads\/2025\/09\/main-banner-stylist-program-min.jpg\"\/> -->\n    <!--<br \/>-->\n    <!--<br \/>-->\n    <!--<br \/>-->\n    <!--<br \/>-->\n    <section> \n        <img decoding=\"async\" src=\"https:\/\/monatglobal.com\/wp-content\/uploads\/2025\/09\/stylist-program-banner-moble-2025-min.png\" alt=\"Smiling blonde woman with long hair touching her face with one hand, overlaid with text 'Introducing the Stylist Program\">\n        <img decoding=\"async\" src=\"https:\/\/monatglobal.com\/wp-content\/uploads\/2025\/09\/stylist-program-banner-deskop-2025-colse-up-min.png\" alt=\"Smiling blonde woman with long hair touching her face with one hand, overlaid with text 'Introducing the Stylist Program\">\n               <p>PR\u00c9SENTATION DU <\/p>\n               <img decoding=\"async\" src=\"https:\/\/monatglobal.com\/fr\/wp-content\/uploads\/sites\/19\/2025\/08\/stylist-logo-be-fr.svg\" alt=\"MONAT logo\">\n    <\/section>\n    <section id=\"post_banner\">\n        <p>Une v\u00e9ritable r\u00e9volution : ce programme innovant offre non seulement aux professionnels de la beaut\u00e9 dipl\u00f4m\u00e9s l&rsquo;acc\u00e8s \u00e0 nos best-sellers en formats salon, mais il leur permet aussi de d\u00e9velopper leur art, d&rsquo;augmenter leurs revenus et de b\u00e2tir une activit\u00e9 qui va bien au-del\u00e0 du fauteuil !<\/p>\n        <a href=\"https:\/\/mymonat.com\/pyr_core\/v2_enrollments\/select_market?sponsor_id=&amp;enroll_params=profile_form_type%3Dexpress&amp;market=be&amp;lang_code=fr\" target=\"_blank\" rel=\"noopener\">INSCRIVEZ-VOUS MAINTENANT<\/a> \n            <img decoding=\"async\" src=\"https:\/\/monatglobal.com\/wp-content\/uploads\/2025\/09\/Group-of-saloon-pictures-min.png\" alt=\"Three black and white photos showing different women: one with long wavy hair, another in a light-colored top smiling and touching her hair, and a third in dark clothing with her hand holding a pair of scissors\">\n    <\/section>\n    <section id=\"youCan_sec\">\n        <h2>Avec le Programme <br> MONAT Professionnels de la <br>Coiffure, vous pouvez :<\/h2>\n                1\n                <p>D\u00e9velopper votre activit\u00e9 en proposant \u00e0 vos clients des solutions professionnelles pour une utilisation \u00e0 domicile.<\/p>\n                2\n                <p>Acc\u00e9der \u00e0 un mod\u00e8le \u00e9conomique  qui vous permet de g\u00e9n\u00e9rer des revenus r\u00e9currents et de profiter d&rsquo;une plus grande libert\u00e9 de votre temps.<\/p>\n                3\n                <p>Construire un empire*  qui va bien au-del\u00e0 du fauteuil &#8211; impactant votre avenir, votre famille et votre communaut\u00e9.<\/p>\n        <a href=\"https:\/\/mymonat.com\/pyr_core\/v2_enrollments\/select_market?sponsor_id=&amp;enroll_params=profile_form_type%3Dexpress&amp;market=be&amp;lang_code=fr\" target=\"_blank\" rel=\"noopener\">INSCRIVEZ-VOUS MAINTENANT<\/a>\n            <img decoding=\"async\" src=\"https:\/\/monatglobal.com\/wp-content\/uploads\/2025\/09\/saloon-size_stylist-program_2025-min.png\" alt=\"Row of MONAT hair care products saloon size including shampoos, conditioners in dark blue and purple bottles arranged in a line\">\n    <\/section>\n    <section id=\"backed_sec\">\n         <h2>Soutenu par la science <br> et le luxe<\/h2>\n             <img decoding=\"async\" src=\"https:\/\/monatglobal.com\/wp-content\/uploads\/2025\/03\/BIOTECH-DERIVED-FORMULATIONS-min.jpg\" alt=\"Oil with bubbles in a petri dish and dropper.\">\n                 <p>Am\u00e9liorez chaque prestation gr\u00e2ce aux formules MONAT de qualit\u00e9 salon, cliniquement prouv\u00e9es, qui renforcent, hydratent et transforment les cheveux de l&rsquo;int\u00e9rieur. <\/p>\n                              <!--<img decoding=\"async\" src=\"https:\/\/monatglobal.com\/wp-content\/uploads\/2025\/03\/BIOTECH-DERIVED-FORMULATIONS-min.jpg\" alt=\"Oil with bubbles in a petri dish and dropper.\"\/>-->\n                     <p>Une fois inscrit et valid\u00e9, vous aurez un acc\u00e8s exclusif aux formats salon et \u00e0 notre Kit Professionnels de la Coiffure :<\/p>\n                     <img decoding=\"async\" src=\"https:\/\/monatglobal.com\/wp-content\/uploads\/2025\/09\/stylist-kit-picure-2025-min.png\" alt=\"MONAT Stylist Kit\">\n                 <p>Les articles peuvent varier selon le pays.<\/p>\n         <a href=\"https:\/\/mymonat.com\/pyr_core\/v2_enrollments\/select_market?sponsor_id=&amp;enroll_params=profile_form_type%3Dexpress&amp;market=be&amp;lang_code=fr\" target=\"_blank\" rel=\"noopener\">INSCRIVEZ-VOUS MAINTENANT<\/a> \n    <\/section>\n    <section id=\"movement_sec\">\n        <h2>Faites partie d&rsquo;un mouvement <br>qui red\u00e9finit les possibles pour<br> les professionnels de la beaut\u00e9<\/h2>\n            <p>En rejoignant le programme, vous int\u00e9grerez une communaut\u00e9 exclusive et in\u00e9dite de coiffeurs visionnaires qui red\u00e9finissent la r\u00e9ussite dans l&rsquo;industrie de la beaut\u00e9\u2026 l\u00e0 o\u00f9 collaboration, innovation et revenus au-del\u00e0 du fauteuil se rejoignent.<\/p>\n            <img decoding=\"async\" src=\"https:\/\/monatglobal.com\/wp-content\/uploads\/2025\/09\/beauty-profesionals-min.jpg\" loading=\"Black and white photo of a smiling woman with shoulder-length hair in what appears to be a salon or professional setting\">\n    <\/section>\n    <section id=\"pre-footer\">\n        <h2>Pr\u00eat \u00e0 commencer ?<\/h2>\n        <a href=\"https:\/\/mymonat.com\/pyr_core\/v2_enrollments\/select_market?sponsor_id=&amp;enroll_params=profile_form_type%3Dexpress&amp;market=be&amp;lang_code=fr\" target=\"_blank\" rel=\"noopener\">INSCRIVEZ-VOUS MAINTENANT<\/a> \n        <a href=\"https:\/\/mymonat.com\/uploads\/global\/Stylist%20Program%20EU\/FRA&amp;BEL_MONAT%20Stylist%20Program%20FAQs_092525_v2.pdf\" target=\"_blank\" rel=\"noopener\">FAQ<\/a>\n        <!-- <a href=\"https:\/\/monatglobal.com\/fr\/policies-procedures\/\">See Income Disclosure Statement for details.<\/a>-->\n        <p>Les revenus ne sont pas garantis pour tous. Les r\u00e9sultats individuels peuvent varier en fonction de l&rsquo;effort, de l&rsquo;engagement et d&rsquo;autres facteurs. Aucun r\u00e9sultat n&rsquo;est garanti, mais les opportunit\u00e9s peuvent \u00eatre incroyables pour ceux qui travaillent avec constance et d\u00e9termination. Pour plus d&rsquo;informations, consultez la D\u00e9claration de Revenus MONAT : (<a href=\"https:\/\/monatglobal.com\/fr\/policies-procedures\/\">https:\/\/monatglobal.com\/fr\/policies-procedures\/<\/a>)<\/p>\n    <\/section>\n","protected":false},"excerpt":{"rendered":"<p>PR\u00c9SENTATION DU Une v\u00e9ritable r\u00e9volution : ce programme innovant offre non seulement aux professionnels de la beaut\u00e9 dipl\u00f4m\u00e9s l&rsquo;acc\u00e8s \u00e0 nos best-sellers en formats salon, mais il leur permet aussi de d\u00e9velopper leur art, d&rsquo;augmenter leurs revenus et de b\u00e2tir une activit\u00e9 qui va bien au-del\u00e0 du fauteuil ! INSCRIVEZ-VOUS MAINTENANT Avec le Programme MONAT&hellip;<\/p>\n","protected":false},"author":47,"featured_media":108883,"parent":0,"menu_order":0,"comment_status":"closed","ping_status":"closed","template":"","meta":{"inline_featured_image":false,"om_disable_all_campaigns":false,"footnotes":""},"categories":[],"tags":[],"class_list":["post-108733","page","type-page","status-publish","has-post-thumbnail","hentry"],"aioseo_notices":[],"aioseo_head":"\n\t\t<!-- All in One SEO Pro 4.9.5.2 - aioseo.com -->\n\t<meta name=\"description\" content=\"--&gt; Une fois inscrit et valid\u00e9, vous aurez un acc\u00e8s exclusif aux formats salon et \u00e0 notre Kit Professionnels de la Coiffure : Les articles peuvent varier selon le pays. INSCRIVEZ-VOUS MAINTENANT Faites partie d&#039;un mouvement qui red\u00e9finit les possibles pour les professionnels de la beaut\u00e9 En rejoignant le programme, vous int\u00e9grerez une communaut\u00e9 exclusive\" \/>\n\t<meta name=\"robots\" content=\"max-image-preview:large\" \/>\n\t<link rel=\"canonical\" href=\"https:\/\/monatglobal.com\/be\/monat-stylist-program\/\" \/>\n\t<meta name=\"generator\" content=\"All in One SEO Pro (AIOSEO) 4.9.5.2\" \/>\n\t\t<meta property=\"og:locale\" content=\"fr_FR\" \/>\n\t\t<meta property=\"og:site_name\" content=\"MONAT Belgium - We Are Modern Nature\u2122\" \/>\n\t\t<meta property=\"og:type\" content=\"article\" \/>\n\t\t<meta property=\"og:title\" content=\"Programme MONAT Professionnels de la Coiffure - MONAT Belgium\" \/>\n\t\t<meta property=\"og:description\" content=\"--&gt; Une fois inscrit et valid\u00e9, vous aurez un acc\u00e8s exclusif aux formats salon et \u00e0 notre Kit Professionnels de la Coiffure : Les articles peuvent varier selon le pays. INSCRIVEZ-VOUS MAINTENANT Faites partie d&#039;un mouvement qui red\u00e9finit les possibles pour les professionnels de la beaut\u00e9 En rejoignant le programme, vous int\u00e9grerez une communaut\u00e9 exclusive\" \/>\n\t\t<meta property=\"og:url\" content=\"https:\/\/monatglobal.com\/be\/monat-stylist-program\/\" \/>\n\t\t<meta property=\"article:published_time\" content=\"2025-10-02T21:11:06+00:00\" \/>\n\t\t<meta property=\"article:modified_time\" content=\"2025-12-10T15:36:46+00:00\" \/>\n\t\t<meta name=\"twitter:card\" content=\"summary_large_image\" \/>\n\t\t<meta name=\"twitter:title\" content=\"Programme MONAT Professionnels de la Coiffure - MONAT Belgium\" \/>\n\t\t<meta name=\"twitter:description\" content=\"--&gt; Une fois inscrit et valid\u00e9, vous aurez un acc\u00e8s exclusif aux formats salon et \u00e0 notre Kit Professionnels de la Coiffure : Les articles peuvent varier selon le pays. INSCRIVEZ-VOUS MAINTENANT Faites partie d&#039;un mouvement qui red\u00e9finit les possibles pour les professionnels de la beaut\u00e9 En rejoignant le programme, vous int\u00e9grerez une communaut\u00e9 exclusive\" \/>\n\t\t<script type=\"application\/ld+json\" class=\"aioseo-schema\">\n\t\t\t{\"@context\":\"https:\\\/\\\/schema.org\",\"@graph\":[{\"@type\":\"BreadcrumbList\",\"@id\":\"https:\\\/\\\/monatglobal.com\\\/be\\\/monat-stylist-program\\\/#breadcrumblist\",\"itemListElement\":[{\"@type\":\"ListItem\",\"@id\":\"https:\\\/\\\/monatglobal.com\\\/be#listItem\",\"position\":1,\"name\":\"Home\",\"item\":\"https:\\\/\\\/monatglobal.com\\\/be\",\"nextItem\":{\"@type\":\"ListItem\",\"@id\":\"https:\\\/\\\/monatglobal.com\\\/be\\\/monat-stylist-program\\\/#listItem\",\"name\":\"Programme MONAT Professionnels de la Coiffure\"}},{\"@type\":\"ListItem\",\"@id\":\"https:\\\/\\\/monatglobal.com\\\/be\\\/monat-stylist-program\\\/#listItem\",\"position\":2,\"name\":\"Programme MONAT Professionnels de la Coiffure\",\"previousItem\":{\"@type\":\"ListItem\",\"@id\":\"https:\\\/\\\/monatglobal.com\\\/be#listItem\",\"name\":\"Home\"}}]},{\"@type\":\"Organization\",\"@id\":\"https:\\\/\\\/monatglobal.com\\\/be\\\/#organization\",\"name\":\"MONAT Belgium\",\"description\":\"We Are Modern Nature\\u2122\",\"url\":\"https:\\\/\\\/monatglobal.com\\\/be\\\/\"},{\"@type\":\"WebPage\",\"@id\":\"https:\\\/\\\/monatglobal.com\\\/be\\\/monat-stylist-program\\\/#webpage\",\"url\":\"https:\\\/\\\/monatglobal.com\\\/be\\\/monat-stylist-program\\\/\",\"name\":\"Programme MONAT Professionnels de la Coiffure - MONAT Belgium\",\"description\":\"--> Une fois inscrit et valid\\u00e9, vous aurez un acc\\u00e8s exclusif aux formats salon et \\u00e0 notre Kit Professionnels de la Coiffure : Les articles peuvent varier selon le pays. INSCRIVEZ-VOUS MAINTENANT Faites partie d'un mouvement qui red\\u00e9finit les possibles pour les professionnels de la beaut\\u00e9 En rejoignant le programme, vous int\\u00e9grerez une communaut\\u00e9 exclusive\",\"inLanguage\":\"fr-FR\",\"isPartOf\":{\"@id\":\"https:\\\/\\\/monatglobal.com\\\/be\\\/#website\"},\"breadcrumb\":{\"@id\":\"https:\\\/\\\/monatglobal.com\\\/be\\\/monat-stylist-program\\\/#breadcrumblist\"},\"image\":{\"@type\":\"ImageObject\",\"url\":\"https:\\\/\\\/monatglobal.com\\\/be\\\/wp-content\\\/uploads\\\/sites\\\/23\\\/2025\\\/10\\\/stylist-program-FT-IMG.jpg\",\"@id\":\"https:\\\/\\\/monatglobal.com\\\/be\\\/monat-stylist-program\\\/#mainImage\",\"width\":1200,\"height\":628},\"primaryImageOfPage\":{\"@id\":\"https:\\\/\\\/monatglobal.com\\\/be\\\/monat-stylist-program\\\/#mainImage\"},\"datePublished\":\"2025-10-02T22:11:06+01:00\",\"dateModified\":\"2025-12-10T15:36:46+00:00\"},{\"@type\":\"WebSite\",\"@id\":\"https:\\\/\\\/monatglobal.com\\\/be\\\/#website\",\"url\":\"https:\\\/\\\/monatglobal.com\\\/be\\\/\",\"name\":\"MONAT Belgium\",\"description\":\"We Are Modern Nature\\u2122\",\"inLanguage\":\"fr-FR\",\"publisher\":{\"@id\":\"https:\\\/\\\/monatglobal.com\\\/be\\\/#organization\"}}]}\n\t\t<\/script>\n\t\t<!-- All in One SEO Pro -->\r\n\t\t<title>Programme MONAT Professionnels de la Coiffure - MONAT Belgium<\/title>\n\n","aioseo_head_json":{"title":"Programme MONAT Professionnels de la Coiffure - MONAT Belgium","description":"--> Une fois inscrit et valid\u00e9, vous aurez un acc\u00e8s exclusif aux formats salon et \u00e0 notre Kit Professionnels de la Coiffure : Les articles peuvent varier selon le pays. INSCRIVEZ-VOUS MAINTENANT Faites partie d'un mouvement qui red\u00e9finit les possibles pour les professionnels de la beaut\u00e9 En rejoignant le programme, vous int\u00e9grerez une communaut\u00e9 exclusive","canonical_url":"https:\/\/monatglobal.com\/be\/monat-stylist-program\/","robots":"max-image-preview:large","keywords":"","webmasterTools":{"miscellaneous":""},"schema":{"@context":"https:\/\/schema.org","@graph":[{"@type":"BreadcrumbList","@id":"https:\/\/monatglobal.com\/be\/monat-stylist-program\/#breadcrumblist","itemListElement":[{"@type":"ListItem","@id":"https:\/\/monatglobal.com\/be#listItem","position":1,"name":"Home","item":"https:\/\/monatglobal.com\/be","nextItem":{"@type":"ListItem","@id":"https:\/\/monatglobal.com\/be\/monat-stylist-program\/#listItem","name":"Programme MONAT Professionnels de la Coiffure"}},{"@type":"ListItem","@id":"https:\/\/monatglobal.com\/be\/monat-stylist-program\/#listItem","position":2,"name":"Programme MONAT Professionnels de la Coiffure","previousItem":{"@type":"ListItem","@id":"https:\/\/monatglobal.com\/be#listItem","name":"Home"}}]},{"@type":"Organization","@id":"https:\/\/monatglobal.com\/be\/#organization","name":"MONAT Belgium","description":"We Are Modern Nature\u2122","url":"https:\/\/monatglobal.com\/be\/"},{"@type":"WebPage","@id":"https:\/\/monatglobal.com\/be\/monat-stylist-program\/#webpage","url":"https:\/\/monatglobal.com\/be\/monat-stylist-program\/","name":"Programme MONAT Professionnels de la Coiffure - MONAT Belgium","description":"--> Une fois inscrit et valid\u00e9, vous aurez un acc\u00e8s exclusif aux formats salon et \u00e0 notre Kit Professionnels de la Coiffure : Les articles peuvent varier selon le pays. INSCRIVEZ-VOUS MAINTENANT Faites partie d'un mouvement qui red\u00e9finit les possibles pour les professionnels de la beaut\u00e9 En rejoignant le programme, vous int\u00e9grerez une communaut\u00e9 exclusive","inLanguage":"fr-FR","isPartOf":{"@id":"https:\/\/monatglobal.com\/be\/#website"},"breadcrumb":{"@id":"https:\/\/monatglobal.com\/be\/monat-stylist-program\/#breadcrumblist"},"image":{"@type":"ImageObject","url":"https:\/\/monatglobal.com\/be\/wp-content\/uploads\/sites\/23\/2025\/10\/stylist-program-FT-IMG.jpg","@id":"https:\/\/monatglobal.com\/be\/monat-stylist-program\/#mainImage","width":1200,"height":628},"primaryImageOfPage":{"@id":"https:\/\/monatglobal.com\/be\/monat-stylist-program\/#mainImage"},"datePublished":"2025-10-02T22:11:06+01:00","dateModified":"2025-12-10T15:36:46+00:00"},{"@type":"WebSite","@id":"https:\/\/monatglobal.com\/be\/#website","url":"https:\/\/monatglobal.com\/be\/","name":"MONAT Belgium","description":"We Are Modern Nature\u2122","inLanguage":"fr-FR","publisher":{"@id":"https:\/\/monatglobal.com\/be\/#organization"}}]},"og:locale":"fr_FR","og:site_name":"MONAT Belgium - We Are Modern Nature\u2122","og:type":"article","og:title":"Programme MONAT Professionnels de la Coiffure - MONAT Belgium","og:description":"--&gt; Une fois inscrit et valid\u00e9, vous aurez un acc\u00e8s exclusif aux formats salon et \u00e0 notre Kit Professionnels de la Coiffure : Les articles peuvent varier selon le pays. INSCRIVEZ-VOUS MAINTENANT Faites partie d'un mouvement qui red\u00e9finit les possibles pour les professionnels de la beaut\u00e9 En rejoignant le programme, vous int\u00e9grerez une communaut\u00e9 exclusive","og:url":"https:\/\/monatglobal.com\/be\/monat-stylist-program\/","article:published_time":"2025-10-02T21:11:06+00:00","article:modified_time":"2025-12-10T15:36:46+00:00","twitter:card":"summary_large_image","twitter:title":"Programme MONAT Professionnels de la Coiffure - MONAT Belgium","twitter:description":"--&gt; Une fois inscrit et valid\u00e9, vous aurez un acc\u00e8s exclusif aux formats salon et \u00e0 notre Kit Professionnels de la Coiffure : Les articles peuvent varier selon le pays. INSCRIVEZ-VOUS MAINTENANT Faites partie d'un mouvement qui red\u00e9finit les possibles pour les professionnels de la beaut\u00e9 En rejoignant le programme, vous int\u00e9grerez une communaut\u00e9 exclusive"},"aioseo_meta_data":{"post_id":"108733","title":null,"description":null,"keywords":null,"keyphrases":null,"primary_term":null,"canonical_url":null,"og_title":null,"og_description":null,"og_object_type":"default","og_image_type":"default","og_image_url":null,"og_image_width":null,"og_image_height":null,"og_image_custom_url":null,"og_image_custom_fields":null,"og_video":null,"og_custom_url":null,"og_article_section":null,"og_article_tags":null,"twitter_use_og":false,"twitter_card":"default","twitter_image_type":"default","twitter_image_url":null,"twitter_image_custom_url":null,"twitter_image_custom_fields":null,"twitter_title":null,"twitter_description":null,"schema":{"blockGraphs":[],"customGraphs":[],"default":{"data":{"Article":[],"Course":[],"Dataset":[],"FAQPage":[],"Movie":[],"Person":[],"Product":[],"ProductReview":[],"Car":[],"Recipe":[],"Service":[],"SoftwareApplication":[],"WebPage":[]},"graphName":"","isEnabled":true},"graphs":[]},"schema_type":"default","schema_type_options":null,"pillar_content":false,"robots_default":true,"robots_noindex":false,"robots_noarchive":false,"robots_nosnippet":false,"robots_nofollow":false,"robots_noimageindex":false,"robots_noodp":false,"robots_notranslate":false,"robots_max_snippet":null,"robots_max_videopreview":null,"robots_max_imagepreview":"large","priority":null,"frequency":null,"local_seo":null,"seo_analyzer_scan_date":null,"breadcrumb_settings":null,"limit_modified_date":false,"reviewed_by":null,"open_ai":null,"ai":null,"created":"2026-02-09 22:10:09","updated":"2026-02-10 05:51:53"},"aioseo_breadcrumb":"<div class=\"aioseo-breadcrumbs\"><span class=\"aioseo-breadcrumb\">\n\t<a href=\"https:\/\/monatglobal.com\/be\" title=\"Home\">Home<\/a>\n<\/span><span class=\"aioseo-breadcrumb-separator\">&raquo;<\/span><span class=\"aioseo-breadcrumb\">\n\tProgramme MONAT Professionnels de la Coiffure\n<\/span><\/div>","aioseo_breadcrumb_json":[{"label":"Home","link":"https:\/\/monatglobal.com\/be"},{"label":"Programme MONAT Professionnels de la Coiffure","link":"https:\/\/monatglobal.com\/be\/monat-stylist-program\/"}],"_links":{"self":[{"href":"https:\/\/monatglobal.com\/be\/wp-json\/wp\/v2\/pages\/108733","targetHints":{"allow":["GET"]}}],"collection":[{"href":"https:\/\/monatglobal.com\/be\/wp-json\/wp\/v2\/pages"}],"about":[{"href":"https:\/\/monatglobal.com\/be\/wp-json\/wp\/v2\/types\/page"}],"author":[{"embeddable":true,"href":"https:\/\/monatglobal.com\/be\/wp-json\/wp\/v2\/users\/47"}],"replies":[{"embeddable":true,"href":"https:\/\/monatglobal.com\/be\/wp-json\/wp\/v2\/comments?post=108733"}],"version-history":[{"count":10,"href":"https:\/\/monatglobal.com\/be\/wp-json\/wp\/v2\/pages\/108733\/revisions"}],"predecessor-version":[{"id":109663,"href":"https:\/\/monatglobal.com\/be\/wp-json\/wp\/v2\/pages\/108733\/revisions\/109663"}],"wp:featuredmedia":[{"embeddable":true,"href":"https:\/\/monatglobal.com\/be\/wp-json\/wp\/v2\/media\/108883"}],"wp:attachment":[{"href":"https:\/\/monatglobal.com\/be\/wp-json\/wp\/v2\/media?parent=108733"}],"wp:term":[{"taxonomy":"category","embeddable":true,"href":"https:\/\/monatglobal.com\/be\/wp-json\/wp\/v2\/categories?post=108733"},{"taxonomy":"post_tag","embeddable":true,"href":"https:\/\/monatglobal.com\/be\/wp-json\/wp\/v2\/tags?post=108733"}],"curies":[{"name":"wp","href":"https:\/\/api.w.org\/{rel}","templated":true}]}}