{"id":108611,"date":"2025-09-18T04:43:59","date_gmt":"2025-09-18T03:43:59","guid":{"rendered":"https:\/\/monatglobal.com\/be\/?page_id=108611"},"modified":"2026-02-26T22:02:37","modified_gmt":"2026-02-26T22:02:37","slug":"moxie-magnifying-mousse","status":"publish","type":"page","link":"https:\/\/monatglobal.com\/be\/moxie-magnifying-mousse\/","title":{"rendered":"Mousse amplifiante The Moxie\u2122 MONAT STUDIO ONE\u2122"},"content":{"rendered":"\n<link rel=\"stylesheet\" href=\"https:\/\/unpkg.com\/swiper\/swiper-bundle.min.css\">\n<link rel=\"stylesheet\" href=\"https:\/\/monatglobal.com\/wp-content\/creative_css\/product_styles_sheet.css\"> \n    <!--==================================================== ECOMM SECTION ====================================================-->\n        <!--==================================================== Ecomm image ====================================================-->\n        <img decoding=\"async\" src=\"https:\/\/monatglobal.com\/nz\/wp-content\/uploads\/sites\/15\/2022\/10\/the-moxie-ecomm-scaled-1.png\" alt=\"Product shot of MONAT STUDIO ONE\u2122 The Moxie Magnifying Mousse.\" loading=\"lazy\">\n        <!--==================================================== Ecomm information  ====================================================-->\n            NOUVEAU\n            <h1>Mousse amplifiante <br> The Moxie\u2122<\/h1>\n            <p>MONAT STUDIO ONE\u2122<\/p>\n            \n            <p>Une mousse l\u00e9g\u00e8re qui apporte du volume et une tenue souple au&nbsp;toucher.<\/p>\n            <p>170.1 g (6 oz. net wt.) 63.2 ml (5.5 fl. oz.)<\/p>\n          <!--==================================================== pricing box  ====================================================-->    \n                    <p>Prix de d\u00e9tail<br>48.00 \u20ac<\/p>\n                    <p>Prix de client VIP<br>41.00 \u20ac<\/p>\n          <!--==================================================== pricing box  ====================================================-->   \n            <p>Pour en savoir plus sur le Mousse amplifiante The Moxie\u2122 MONAT STUDIO ONE\u2122 veuillez contacter votre Partenaire de March\u00e9 MONAT.<\/p>\n                <a href=\"https:\/\/corp.mymonat.com\/shop\/products\/monat-studio-one-the-moxie-magnifying-mousse-6000005975\/?globallanguage=fr&amp;globalmarket=be\" target=\"_blank\" role=\"button\" aria-label=\"Go to MONAT STUDIO ONE\u2122 THE MOXIE MAGNIFYING MOUSSE shop\" rel=\"noopener\">ACHETER<\/a>\n                <a href=\"\"> stocks \u00e9puis\u00e9s<\/a>\n    <!--==================================================== \/ECOMM SECTION  ====================================================-->\n   <!--==================================================== Benefits image ====================================================-->\n   \n      <source media=\"(max-width: 700px)\" srcset=\"hhttps:\/\/monatglobal.com\/nz\/wp-content\/uploads\/sites\/15\/2022\/10\/the-moxie-benefits-mobile.jpg\" loading=\"lazy\">\n      <img decoding=\"async\" alt=\"Brunette female with curls holding MONAT STUDIO ONE\u2122 The Moxie Magnifying Mousse.\" src=\"https:\/\/monatglobal.com\/nz\/wp-content\/uploads\/sites\/15\/2022\/10\/the-moxie-benefits-desk.jpg\" loading=\"lazy\">\n   \n   <!--==================================================== Benefits text ====================================================-->\n         <h2>LES BIENFAITS<\/h2>\n         <h3>La mousse amplifiante The Moxie\u2122 MONAT STUDIO ONE\u2122 ajoute du corps, du volume et de l&rsquo;amplitude aux cheveux fins et plats sans les alourdir.<\/h3>\n         \n         <!--==================================================== features image  ====================================================-->\n         <img decoding=\"async\" alt=\"MONAT STUDIO ONE\u2122 The Moxie Magnifying Mousse on a marble surface, next to a purple orchid.\" src=\"https:\/\/monatglobal.com\/nz\/wp-content\/uploads\/sites\/15\/2022\/10\/THE-MOXIE-FEATURES-NZ.jpg\" loading=\"lazy\">\n      <!--==================================================== features text ====================================================-->\n            <h3>Caract\u00e9ristiques<\/h3>\n               <p>\/ Cr\u00e9e corps et volume<\/p>\n               <p>\/ Fournit une texture douce sans rigidit\u00e9<\/p>\n               <p>\/ R\u00e9duit les frisottis de 91 % apr\u00e8s 48 heures en conditions d&rsquo;humidit\u00e9 \u00e9lev\u00e9e*<\/p>\n               <p>*Bas\u00e9 sur un test instrumental du contr\u00f4le des frisottis de 48 heures en conditions d&rsquo;humidit\u00e9 \u00e9lev\u00e9e.<\/p>\n               <br>\n            <p>Parfum \/ Ce parfum cr\u00e9meux au bouquet floral frais est rehauss\u00e9 de fruits \u00e0 noyaux, avec des accents persistants de bois de santal, d&rsquo;ambre et de musc.<\/p>\n            <p>Texture \/ Une l\u00e9g\u00e8re mousse a\u00e9r\u00e9e<\/p>\n   <!--==================================================== composition image mobile ====================================================-->\n   <img decoding=\"async\" alt=\"A hand grabbing MONAT STUDIO ONE\u2122 The Moxie Magnifying Mousse on a white counter, next to gray bath towels and two glass containers.\n.\" src=\"https:\/\/monatglobal.com\/nz\/wp-content\/uploads\/sites\/15\/2022\/10\/the-moxie-comp1.jpg\" loading=\"lazy\">\n   <!--==================================================== Why it works text ====================================================-->\n      <h2>CETTE MOUSSE L\u00c9G\u00c8RE PROCURE UN VOLUME DE LONGUE DUR\u00c9E ET DONNE DU CORPS AUX CHEVEUX TOUT EN LES LAISSANT DOUX AU TOUCHER.<\/h2>\n      <h3>Cette mousse l\u00e9g\u00e8re apporte instantan\u00e9ment volume et densit\u00e9 aux cheveux, sans frisottis.<\/h3>\n      <p>Elle offre une chevelure plus pleine et rebondie, avec une texture douce et souple, sans effet cartonn\u00e9.<\/p>\n<!--==================================================== Composition section ====================================================-->\n      <img decoding=\"async\" alt=\"A hand grabbing MONAT STUDIO ONE\u2122 The Moxie Magnifying Mousse on a white counter, next to gray bath towels and two glass containers.\" src=\"https:\/\/monatglobal.com\/nz\/wp-content\/uploads\/sites\/15\/2022\/10\/the-moxie-comp1.jpg\" loading=\"lazy\">\n      <img decoding=\"async\" alt=\"Brunette female with curls holding MONAT STUDIO ONE\u2122 The Moxie Magnifying Mousse.\" src=\"https:\/\/monatglobal.com\/nz\/wp-content\/uploads\/sites\/15\/2022\/10\/the-moxie-comp2.jpg\" loading=\"lazy\">\n            <!--==================================================== Directions text ====================================================--> \n               <h3>Mode d&#8217;emploi<\/h3>\n               <p>\/ Bien secouer.<\/p>\n               <p>\/ Appliquer sur cheveux propres, mouill\u00e9s ou essor\u00e9s.<\/p>\n               <p>\/ S\u00e9cher au s\u00e8che-cheveux et coiffer comme d&rsquo;habitude.<\/p>\n            <!--==================================================== Directions video ====================================================-->\n      <p>Damage Repair <br>Bond-Fortifying Hair Leave-In Cr\u00e8me  <br>1:28<\/p>\n   <a href=\"https:\/\/corp.mymonat.com\/shop\/products\/monat-studio-one-the-moxie-magnifying-mousse-6000005975\/?globallanguage=fr&amp;globalmarket=be\" target=\"_blank\" role=\"button\" aria-label=\"Go to MONAT STUDIO ONE\u2122 THE MOXIE MAGNIFYING MOUSSE shop\" rel=\"noopener\">ACHETER<\/a>\n                <a href=\"\"> stocks \u00e9puis\u00e9s<\/a>\n   <!--==================================================== Ingredients section  ====================================================-->\n      <h2>PRINCIPAUX INGR\u00c9DIENTS<\/h2>\n               <p>REJUVENIQE<sup>\u00ae<\/sup><\/p>\n               <p>CAPIXYL<sup>\u2122<\/sup><\/p>\n               <p>PROCATALINE<sup>\u2122<\/sup><\/p>\n               <p>CRODASORB\u2122<\/p>\n        <button id=\"myBtn\" type=\"button\">LISTE D&rsquo;INGR\u00c9DIENTS<\/button>\n      <!--==================================================== Modal content  ====================================================-->\n         \u00d7\n         <p>Aqua\/Water\/Eau, Tetrafluoropropene, Polyquaternium-69, Caprylyl\/Capryl Glucoside, Polyglyceryl-10 Laurate, Palmitamidopropyltrimonium Chloride, Acetyl Tetrapeptide-3, Trifolium Pratense (Clover) Flower Extract, Pisum Sativum (Pea) Extract, Limnanthes Alba (Meadowfoam) Seed Oil, Crambe Abyssinica Seed Oil, Camellia Oleifera Seed Oil, Solanum Lycopersicum (Tomato) Seed Oil, Daucus Carota Sativa (Carrot) Seed Oil, Citrus Limon (Lemon) Peel Oil, Citrus Aurantifolia (Lime) Oil, Citrus Aurantium Bergamia (Bergamot) Fruit Oil, Adansonia Digitata Oil, Mauritia Flexuosa Fruit Oil, Cocos Nucifera (Coconut) Oil, Gardenia Taitensis Flower Extract, Moringa Oleifera Seed Oil, Caryocar Brasiliense Fruit Oil, Helianthus Annuus (Sunflower) Seed Oil, Cinnamidopropyltrimonium Chloride, Glycerin, Butylene Glycol, Dextran, Ethylhexylglycerin, Tocopherol, Polyglyceryl10 Oleate, Fragrance\/Parfum, Benzyl Alcohol.<\/p>\n   <!--==================================================== You might also like section ====================================================-->\n      <h2>VOUS POURRIEZ AUSSI AIMER<\/h2>\n      <!--==================================================== Slider YOU MIGHT ALSO LIKE ====================================================-->\n            <!--==================================================== Slides products ====================================================-->\n               <a href=\"https:\/\/corp.mymonat.com\/shop\/products\/monat-curl-perfection-curl-defining-cream-6000005489\/?globallanguage=fr&amp;globalmarket=be\" aria-label=\"Go to MONAT STUDIO ONE\u2122 CURL DEFINING CREAM page\">\n                  <img decoding=\"async\" src=\"https:\/\/monatglobal.com\/wp-content\/uploads\/2024\/07\/Curl-perfection-curl-defining-cream_ecom-min.png\" alt=\"MONAT STUDIO ONE\u2122 CURL DEFINING CREAM\" loading=\"lazy\">\n                  <p>MONAT Curl Perfection\u2122 <br> Cr\u00e8me d\u00e9finissante pour boucles<\/p>\n               <\/a>\n               <a href=\"https:\/\/corp.mymonat.com\/shop\/products\/revive-volumizing-system-6000006156\/?globallanguage=fr&amp;globalmarket=be\" target=\"_blank\" aria-label=\"Go to Revive\u2122 Volumizing System  page\" rel=\"noopener\">\n                  <img decoding=\"async\" src=\"https:\/\/monatglobal.com\/wp-content\/uploads\/2022\/06\/REVIVE-VOLUMIZING-SYSTEM_ecomm-.png\" alt=\"Revive\u2122 Volumizing System\" loading=\"lazy\">\n                  <p>Syst\u00e8me Volumisant Revive\u2122<\/p>\n               <\/a>\n         <!--==================================================== If we need navigation buttons  ====================================================-->\n         <!--==================================================== If we need paginations  ====================================================-->\n       <a href=\"https:\/\/monatglobal.com\/be\/products\/?line=soins-capillaires\" aria-label=\"Go to All Haircare Products\"><h3>Tous les soins capillaires<\/h3><\/a>\n<!--==================================================== this link has to go last for it to work   ====================================================-->\n","protected":false},"excerpt":{"rendered":"<p>NOUVEAU Mousse amplifiante The Moxie\u2122 MONAT STUDIO ONE\u2122 Une mousse l\u00e9g\u00e8re qui apporte du volume et une tenue souple au&nbsp;toucher. 170.1 g (6 oz. net wt.) 63.2 ml (5.5 fl. oz.) Prix de d\u00e9tail48.00 \u20ac Prix de client VIP41.00 \u20ac Pour en savoir plus sur le Mousse amplifiante The Moxie\u2122 MONAT STUDIO ONE\u2122 veuillez contacter&hellip;<\/p>\n","protected":false},"author":33,"featured_media":110299,"parent":0,"menu_order":0,"comment_status":"closed","ping_status":"closed","template":"","meta":{"inline_featured_image":false,"om_disable_all_campaigns":false,"footnotes":""},"categories":[45],"tags":[],"class_list":["post-108611","page","type-page","status-publish","has-post-thumbnail","hentry","category-product-be-fr"],"aioseo_notices":[],"aioseo_head":"\n\t\t<!-- All in One SEO Pro 4.9.5.2 - aioseo.com -->\n\t<meta name=\"description\" content=\"NOUVEAU Mousse amplifiante The Moxie\u2122 MONAT STUDIO ONE\u2122 Une mousse l\u00e9g\u00e8re qui apporte du volume et une tenue souple au toucher. 170.1 g (6 oz. net wt.) 63.2 ml (5.5 fl. oz.) Prix de d\u00e9tail48.00 \u20ac Prix de client VIP41.00 \u20ac Pour en savoir plus sur le Mousse amplifiante The Moxie\u2122 MONAT STUDIO ONE\u2122 veuillez contacter\" \/>\n\t<meta name=\"robots\" content=\"max-image-preview:large\" \/>\n\t<link rel=\"canonical\" href=\"https:\/\/monatglobal.com\/be\/moxie-magnifying-mousse\/\" \/>\n\t<meta name=\"generator\" content=\"All in One SEO Pro (AIOSEO) 4.9.5.2\" \/>\n\t\t<meta property=\"og:locale\" content=\"fr_FR\" \/>\n\t\t<meta property=\"og:site_name\" content=\"MONAT Belgium - We Are Modern Nature\u2122\" \/>\n\t\t<meta property=\"og:type\" content=\"article\" \/>\n\t\t<meta property=\"og:title\" content=\"Mousse amplifiante The Moxie\u2122 MONAT STUDIO ONE\u2122 - MONAT Belgium\" \/>\n\t\t<meta property=\"og:description\" content=\"NOUVEAU Mousse amplifiante The Moxie\u2122 MONAT STUDIO ONE\u2122 Une mousse l\u00e9g\u00e8re qui apporte du volume et une tenue souple au toucher. 170.1 g (6 oz. net wt.) 63.2 ml (5.5 fl. oz.) Prix de d\u00e9tail48.00 \u20ac Prix de client VIP41.00 \u20ac Pour en savoir plus sur le Mousse amplifiante The Moxie\u2122 MONAT STUDIO ONE\u2122 veuillez contacter\" \/>\n\t\t<meta property=\"og:url\" content=\"https:\/\/monatglobal.com\/be\/moxie-magnifying-mousse\/\" \/>\n\t\t<meta property=\"article:published_time\" content=\"2025-09-18T03:43:59+00:00\" \/>\n\t\t<meta property=\"article:modified_time\" content=\"2026-02-26T22:02:37+00:00\" \/>\n\t\t<meta name=\"twitter:card\" content=\"summary_large_image\" \/>\n\t\t<meta name=\"twitter:title\" content=\"Mousse amplifiante The Moxie\u2122 MONAT STUDIO ONE\u2122 - MONAT Belgium\" \/>\n\t\t<meta name=\"twitter:description\" content=\"NOUVEAU Mousse amplifiante The Moxie\u2122 MONAT STUDIO ONE\u2122 Une mousse l\u00e9g\u00e8re qui apporte du volume et une tenue souple au toucher. 170.1 g (6 oz. net wt.) 63.2 ml (5.5 fl. oz.) Prix de d\u00e9tail48.00 \u20ac Prix de client VIP41.00 \u20ac Pour en savoir plus sur le Mousse amplifiante The Moxie\u2122 MONAT STUDIO ONE\u2122 veuillez contacter\" \/>\n\t\t<script type=\"application\/ld+json\" class=\"aioseo-schema\">\n\t\t\t{\"@context\":\"https:\\\/\\\/schema.org\",\"@graph\":[{\"@type\":\"BreadcrumbList\",\"@id\":\"https:\\\/\\\/monatglobal.com\\\/be\\\/moxie-magnifying-mousse\\\/#breadcrumblist\",\"itemListElement\":[{\"@type\":\"ListItem\",\"@id\":\"https:\\\/\\\/monatglobal.com\\\/be#listItem\",\"position\":1,\"name\":\"Home\",\"item\":\"https:\\\/\\\/monatglobal.com\\\/be\",\"nextItem\":{\"@type\":\"ListItem\",\"@id\":\"https:\\\/\\\/monatglobal.com\\\/be\\\/moxie-magnifying-mousse\\\/#listItem\",\"name\":\"Mousse amplifiante The Moxie\\u2122 MONAT STUDIO ONE\\u2122\"}},{\"@type\":\"ListItem\",\"@id\":\"https:\\\/\\\/monatglobal.com\\\/be\\\/moxie-magnifying-mousse\\\/#listItem\",\"position\":2,\"name\":\"Mousse amplifiante The Moxie\\u2122 MONAT STUDIO ONE\\u2122\",\"previousItem\":{\"@type\":\"ListItem\",\"@id\":\"https:\\\/\\\/monatglobal.com\\\/be#listItem\",\"name\":\"Home\"}}]},{\"@type\":\"Organization\",\"@id\":\"https:\\\/\\\/monatglobal.com\\\/be\\\/#organization\",\"name\":\"MONAT Belgium\",\"description\":\"We Are Modern Nature\\u2122\",\"url\":\"https:\\\/\\\/monatglobal.com\\\/be\\\/\"},{\"@type\":\"WebPage\",\"@id\":\"https:\\\/\\\/monatglobal.com\\\/be\\\/moxie-magnifying-mousse\\\/#webpage\",\"url\":\"https:\\\/\\\/monatglobal.com\\\/be\\\/moxie-magnifying-mousse\\\/\",\"name\":\"Mousse amplifiante The Moxie\\u2122 MONAT STUDIO ONE\\u2122 - MONAT Belgium\",\"description\":\"NOUVEAU Mousse amplifiante The Moxie\\u2122 MONAT STUDIO ONE\\u2122 Une mousse l\\u00e9g\\u00e8re qui apporte du volume et une tenue souple au toucher. 170.1 g (6 oz. net wt.) 63.2 ml (5.5 fl. oz.) Prix de d\\u00e9tail48.00 \\u20ac Prix de client VIP41.00 \\u20ac Pour en savoir plus sur le Mousse amplifiante The Moxie\\u2122 MONAT STUDIO ONE\\u2122 veuillez contacter\",\"inLanguage\":\"fr-FR\",\"isPartOf\":{\"@id\":\"https:\\\/\\\/monatglobal.com\\\/be\\\/#website\"},\"breadcrumb\":{\"@id\":\"https:\\\/\\\/monatglobal.com\\\/be\\\/moxie-magnifying-mousse\\\/#breadcrumblist\"},\"image\":{\"@type\":\"ImageObject\",\"url\":\"https:\\\/\\\/monatglobal.com\\\/be\\\/wp-content\\\/uploads\\\/sites\\\/23\\\/2026\\\/02\\\/the-moxie-ecomm-scaled-1.png\",\"@id\":\"https:\\\/\\\/monatglobal.com\\\/be\\\/moxie-magnifying-mousse\\\/#mainImage\",\"width\":641,\"height\":800},\"primaryImageOfPage\":{\"@id\":\"https:\\\/\\\/monatglobal.com\\\/be\\\/moxie-magnifying-mousse\\\/#mainImage\"},\"datePublished\":\"2025-09-18T04:43:59+01:00\",\"dateModified\":\"2026-02-26T22:02:37+00:00\"},{\"@type\":\"WebSite\",\"@id\":\"https:\\\/\\\/monatglobal.com\\\/be\\\/#website\",\"url\":\"https:\\\/\\\/monatglobal.com\\\/be\\\/\",\"name\":\"MONAT Belgium\",\"description\":\"We Are Modern Nature\\u2122\",\"inLanguage\":\"fr-FR\",\"publisher\":{\"@id\":\"https:\\\/\\\/monatglobal.com\\\/be\\\/#organization\"}}]}\n\t\t<\/script>\n\t\t<!-- All in One SEO Pro -->\r\n\t\t<title>Mousse amplifiante The Moxie\u2122 MONAT STUDIO ONE\u2122 - MONAT Belgium<\/title>\n\n","aioseo_head_json":{"title":"Mousse amplifiante The Moxie\u2122 MONAT STUDIO ONE\u2122 - MONAT Belgium","description":"NOUVEAU Mousse amplifiante The Moxie\u2122 MONAT STUDIO ONE\u2122 Une mousse l\u00e9g\u00e8re qui apporte du volume et une tenue souple au toucher. 170.1 g (6 oz. net wt.) 63.2 ml (5.5 fl. oz.) Prix de d\u00e9tail48.00 \u20ac Prix de client VIP41.00 \u20ac Pour en savoir plus sur le Mousse amplifiante The Moxie\u2122 MONAT STUDIO ONE\u2122 veuillez contacter","canonical_url":"https:\/\/monatglobal.com\/be\/moxie-magnifying-mousse\/","robots":"max-image-preview:large","keywords":"","webmasterTools":{"miscellaneous":""},"schema":{"@context":"https:\/\/schema.org","@graph":[{"@type":"BreadcrumbList","@id":"https:\/\/monatglobal.com\/be\/moxie-magnifying-mousse\/#breadcrumblist","itemListElement":[{"@type":"ListItem","@id":"https:\/\/monatglobal.com\/be#listItem","position":1,"name":"Home","item":"https:\/\/monatglobal.com\/be","nextItem":{"@type":"ListItem","@id":"https:\/\/monatglobal.com\/be\/moxie-magnifying-mousse\/#listItem","name":"Mousse amplifiante The Moxie\u2122 MONAT STUDIO ONE\u2122"}},{"@type":"ListItem","@id":"https:\/\/monatglobal.com\/be\/moxie-magnifying-mousse\/#listItem","position":2,"name":"Mousse amplifiante The Moxie\u2122 MONAT STUDIO ONE\u2122","previousItem":{"@type":"ListItem","@id":"https:\/\/monatglobal.com\/be#listItem","name":"Home"}}]},{"@type":"Organization","@id":"https:\/\/monatglobal.com\/be\/#organization","name":"MONAT Belgium","description":"We Are Modern Nature\u2122","url":"https:\/\/monatglobal.com\/be\/"},{"@type":"WebPage","@id":"https:\/\/monatglobal.com\/be\/moxie-magnifying-mousse\/#webpage","url":"https:\/\/monatglobal.com\/be\/moxie-magnifying-mousse\/","name":"Mousse amplifiante The Moxie\u2122 MONAT STUDIO ONE\u2122 - MONAT Belgium","description":"NOUVEAU Mousse amplifiante The Moxie\u2122 MONAT STUDIO ONE\u2122 Une mousse l\u00e9g\u00e8re qui apporte du volume et une tenue souple au toucher. 170.1 g (6 oz. net wt.) 63.2 ml (5.5 fl. oz.) Prix de d\u00e9tail48.00 \u20ac Prix de client VIP41.00 \u20ac Pour en savoir plus sur le Mousse amplifiante The Moxie\u2122 MONAT STUDIO ONE\u2122 veuillez contacter","inLanguage":"fr-FR","isPartOf":{"@id":"https:\/\/monatglobal.com\/be\/#website"},"breadcrumb":{"@id":"https:\/\/monatglobal.com\/be\/moxie-magnifying-mousse\/#breadcrumblist"},"image":{"@type":"ImageObject","url":"https:\/\/monatglobal.com\/be\/wp-content\/uploads\/sites\/23\/2026\/02\/the-moxie-ecomm-scaled-1.png","@id":"https:\/\/monatglobal.com\/be\/moxie-magnifying-mousse\/#mainImage","width":641,"height":800},"primaryImageOfPage":{"@id":"https:\/\/monatglobal.com\/be\/moxie-magnifying-mousse\/#mainImage"},"datePublished":"2025-09-18T04:43:59+01:00","dateModified":"2026-02-26T22:02:37+00:00"},{"@type":"WebSite","@id":"https:\/\/monatglobal.com\/be\/#website","url":"https:\/\/monatglobal.com\/be\/","name":"MONAT Belgium","description":"We Are Modern Nature\u2122","inLanguage":"fr-FR","publisher":{"@id":"https:\/\/monatglobal.com\/be\/#organization"}}]},"og:locale":"fr_FR","og:site_name":"MONAT Belgium - We Are Modern Nature\u2122","og:type":"article","og:title":"Mousse amplifiante The Moxie\u2122 MONAT STUDIO ONE\u2122 - MONAT Belgium","og:description":"NOUVEAU Mousse amplifiante The Moxie\u2122 MONAT STUDIO ONE\u2122 Une mousse l\u00e9g\u00e8re qui apporte du volume et une tenue souple au toucher. 170.1 g (6 oz. net wt.) 63.2 ml (5.5 fl. oz.) Prix de d\u00e9tail48.00 \u20ac Prix de client VIP41.00 \u20ac Pour en savoir plus sur le Mousse amplifiante The Moxie\u2122 MONAT STUDIO ONE\u2122 veuillez contacter","og:url":"https:\/\/monatglobal.com\/be\/moxie-magnifying-mousse\/","article:published_time":"2025-09-18T03:43:59+00:00","article:modified_time":"2026-02-26T22:02:37+00:00","twitter:card":"summary_large_image","twitter:title":"Mousse amplifiante The Moxie\u2122 MONAT STUDIO ONE\u2122 - MONAT Belgium","twitter:description":"NOUVEAU Mousse amplifiante The Moxie\u2122 MONAT STUDIO ONE\u2122 Une mousse l\u00e9g\u00e8re qui apporte du volume et une tenue souple au toucher. 170.1 g (6 oz. net wt.) 63.2 ml (5.5 fl. oz.) Prix de d\u00e9tail48.00 \u20ac Prix de client VIP41.00 \u20ac Pour en savoir plus sur le Mousse amplifiante The Moxie\u2122 MONAT STUDIO ONE\u2122 veuillez contacter"},"aioseo_meta_data":{"post_id":"108611","title":null,"description":null,"keywords":null,"keyphrases":null,"primary_term":null,"canonical_url":null,"og_title":null,"og_description":null,"og_object_type":"default","og_image_type":"default","og_image_url":null,"og_image_width":null,"og_image_height":null,"og_image_custom_url":null,"og_image_custom_fields":null,"og_video":null,"og_custom_url":null,"og_article_section":null,"og_article_tags":null,"twitter_use_og":false,"twitter_card":"default","twitter_image_type":"default","twitter_image_url":null,"twitter_image_custom_url":null,"twitter_image_custom_fields":null,"twitter_title":null,"twitter_description":null,"schema":{"blockGraphs":[],"customGraphs":[],"default":{"data":{"Article":[],"Course":[],"Dataset":[],"FAQPage":[],"Movie":[],"Person":[],"Product":[],"ProductReview":[],"Car":[],"Recipe":[],"Service":[],"SoftwareApplication":[],"WebPage":[]},"graphName":"","isEnabled":true},"graphs":[]},"schema_type":"default","schema_type_options":null,"pillar_content":false,"robots_default":true,"robots_noindex":false,"robots_noarchive":false,"robots_nosnippet":false,"robots_nofollow":false,"robots_noimageindex":false,"robots_noodp":false,"robots_notranslate":false,"robots_max_snippet":null,"robots_max_videopreview":null,"robots_max_imagepreview":"large","priority":null,"frequency":null,"local_seo":null,"seo_analyzer_scan_date":null,"breadcrumb_settings":null,"limit_modified_date":false,"reviewed_by":null,"open_ai":null,"ai":null,"created":"2026-02-09 22:10:09","updated":"2026-02-26 22:33:21"},"aioseo_breadcrumb":"<div class=\"aioseo-breadcrumbs\"><span class=\"aioseo-breadcrumb\">\n\t<a href=\"https:\/\/monatglobal.com\/be\" title=\"Home\">Home<\/a>\n<\/span><span class=\"aioseo-breadcrumb-separator\">&raquo;<\/span><span class=\"aioseo-breadcrumb\">\n\tMousse amplifiante The Moxie\u2122 MONAT STUDIO ONE\u2122\n<\/span><\/div>","aioseo_breadcrumb_json":[{"label":"Home","link":"https:\/\/monatglobal.com\/be"},{"label":"Mousse amplifiante The Moxie\u2122 MONAT STUDIO ONE\u2122","link":"https:\/\/monatglobal.com\/be\/moxie-magnifying-mousse\/"}],"_links":{"self":[{"href":"https:\/\/monatglobal.com\/be\/wp-json\/wp\/v2\/pages\/108611","targetHints":{"allow":["GET"]}}],"collection":[{"href":"https:\/\/monatglobal.com\/be\/wp-json\/wp\/v2\/pages"}],"about":[{"href":"https:\/\/monatglobal.com\/be\/wp-json\/wp\/v2\/types\/page"}],"author":[{"embeddable":true,"href":"https:\/\/monatglobal.com\/be\/wp-json\/wp\/v2\/users\/33"}],"replies":[{"embeddable":true,"href":"https:\/\/monatglobal.com\/be\/wp-json\/wp\/v2\/comments?post=108611"}],"version-history":[{"count":10,"href":"https:\/\/monatglobal.com\/be\/wp-json\/wp\/v2\/pages\/108611\/revisions"}],"predecessor-version":[{"id":110301,"href":"https:\/\/monatglobal.com\/be\/wp-json\/wp\/v2\/pages\/108611\/revisions\/110301"}],"wp:featuredmedia":[{"embeddable":true,"href":"https:\/\/monatglobal.com\/be\/wp-json\/wp\/v2\/media\/110299"}],"wp:attachment":[{"href":"https:\/\/monatglobal.com\/be\/wp-json\/wp\/v2\/media?parent=108611"}],"wp:term":[{"taxonomy":"category","embeddable":true,"href":"https:\/\/monatglobal.com\/be\/wp-json\/wp\/v2\/categories?post=108611"},{"taxonomy":"post_tag","embeddable":true,"href":"https:\/\/monatglobal.com\/be\/wp-json\/wp\/v2\/tags?post=108611"}],"curies":[{"name":"wp","href":"https:\/\/api.w.org\/{rel}","templated":true}]}}