{"id":1086,"date":"2025-06-17T20:06:36","date_gmt":"2025-06-17T19:06:36","guid":{"rendered":"https:\/\/monatglobal.com\/be\/?page_id=1086"},"modified":"2025-06-18T14:17:05","modified_gmt":"2025-06-18T13:17:05","slug":"monathero","status":"publish","type":"page","link":"https:\/\/monatglobal.com\/be\/monathero\/","title":{"rendered":"Prix du pr\u00e9sident 2025"},"content":{"rendered":"\n<!--<a id=\"scrollBtn\">Nominate Your Hero Now<\/a>-->\n<!--<a id=\"scrollBtn\">-->\n<!--    -->\n<!--        <input id=\"language-toggle\" type=\"checkbox\"\/>-->\n<!--        <label for=\"language-toggle\"><\/label>-->\n<!--        Nominate Your Hero Now-->\n<!--    -->\n<!---->\n            <p>MONAT GRATITUDE Pr\u00e9sente<\/p>\n            <h1>LE PRIX DU<br> PR\u00c9SIDENT 2025<\/h1>\n            <img decoding=\"async\" width=\"150\" src=\"https:\/\/monatglobal.com\/wp-content\/uploads\/2023\/06\/drop-logo-lines.svg\"> \n      Notre plus grande r\u00e9compense annuelle d\u00e9cern\u00e9e<br> lors des MONATions UnitedOuverture des candidatures <br>18 juin &#8211; 3 juillet 2025\n            <h2>Qui est VOTRE h\u00e9ros MONAT ?<\/h2>\n            <h3>Un leader MONAT avec un c\u0153ur pour le service qui prend des mesures pour avoir un impact positif dans sa&nbsp;communaut\u00e9.<\/h3>\n         <img decoding=\"async\" src=\"https:\/\/monatglobal.com\/wp-content\/uploads\/2025\/05\/chairman-award_2025-min-1.png\" loading=\"lazy\"> \n               Voici les qualit\u00e9s d&rsquo;un H\u00e9ros de MONAT:<br>\n               \n            <ul>\n               <li>Une vie de service.\n               <\/li>\n               <li> \n                  Un c\u0153ur pour donner en retour.  \n               <\/li>\n               <li> \n                  Une source d&rsquo;inspiration pour nous tous.\n               <\/li>\n            <\/ul>\n      <br>\n      Notre plus haute distinction, le Prix du Pr\u00e9sident, est d\u00e9cern\u00e9e chaque ann\u00e9e \u00e0 une personne choisie par les autres Partenaires de&nbsp;March\u00e9.  \n      <p> En direct sur sc\u00e8ne le 23 ao\u00fbt lors de la c\u00e9l\u00e9bration \u00ab\u00a0Dream Bigger\u00a0\u00bb \u00e0 MONATions United 2025, nous honorerons fi\u00e8rement le MONAT Hero de cette ann\u00e9e, le prix \u00e9tant remis personnellement par le pr\u00e9sident de MONAT, Luis&nbsp;Urdaneta.<\/p>\n   <img decoding=\"async\" src=\"https:\/\/monatglobal.com\/wp-content\/uploads\/2025\/05\/chairman-award_2025-min-1.png\" loading=\"lazy\"> \n      <a target=\"_blank\" href=\"https:\/\/form.jotform.com\/251325880627157\" aria-label=\"Go to nomination form\" rel=\"noopener\">Nommez votre h\u00e9ros MONAT<\/a>\n         <img decoding=\"async\" src=\"https:\/\/monatglobal.com\/wp-content\/uploads\/2025\/05\/chairman-awards-NOMINATIONS-OPEN_2025-min.jpg\" loading=\"lazy\">\n            Du 18 juin au 3 juillet, vous \u00eates invit\u00e9s \u00e0 d\u00e9signer un leader de MONAT qui, selon VOUS, devrait \u00eatre honor\u00e9 par ce prix d&rsquo;\u00e9lite &#8211; et reconnaissez-le de mani\u00e8re&nbsp;spectaculaire. \n            <br>\n            <img decoding=\"async\" src=\"https:\/\/monatglobal.com\/wp-content\/uploads\/2025\/05\/monathero-stage-2024-min.jpg\" loading=\"lazy\">\n         <img decoding=\"async\" src=\"https:\/\/monatglobal.com\/wp-content\/uploads\/2025\/05\/chairman-award-2025-min.jpg\" loading=\"lazy\"> \n            <h2>Qui peut en b\u00e9n\u00e9ficier ?<\/h2>\n            <p>Vous pouvez proposer la candidature de tout Partenaire de March\u00e9 actif et en r\u00e8gle qui a atteint le rang de carri\u00e8re de mentor de march\u00e9 ou un rang&nbsp;sup\u00e9rieur.<\/p>\n            <a target=\"_blank\" href=\"https:\/\/form.jotform.com\/251325880627157\" aria-label=\"Go to nomination form\" rel=\"noopener\">Nommez votre h\u00e9ros MONAT<\/a>\n   <h2>Qu&rsquo;est-ce qui d\u00e9finit <br>un h\u00e9ros MONAT ?<\/h2>\n         <p>Bien plus qu&rsquo;un Partenaire de March\u00e9 prosp\u00e8re, un MONAT Hero fait la diff\u00e9rence dans sa communaut\u00e9. Il contribue par son temps, son talent et ses ressources \u00e0 avoir un impact positif et \u00e0 donner en retour. Cette personne fait plus que diriger une \u00e9quipe ; elle dirige avec&nbsp;gratitude.<\/p>\n         <p>Un h\u00e9ros MONAT incarne :<\/p>\n         <ul>\n            <li>Le service<\/li>\n            <li>L&rsquo;engagement communautaire<\/li>\n            <li>Le volontariat<\/li>\n            <li>La charit\u00e9<\/li>\n            <li>La gratitude<\/li>\n            <li>Le leadership<\/li>\n            <li>L&rsquo;humilit\u00e9<\/li>\n            <li>La gentillesse<\/li>\n         <\/ul>\n   <h2>Nommez votre h\u00e9ros  <br>MONAT d\u00e8s aujourd&rsquo;hui.<\/h2>\n   <p>Remplissez le formulaire en cliquant ci-dessous. Veillez \u00e0 donner le plus de d\u00e9tails possible sur la fa\u00e7on dont votre candidat fait preuve avec gratitude ET a un impact positif sur sa communaut\u00e9. Les candidatures spontan\u00e9es sont \u00e9galement accept\u00e9es.<\/p>\n      <a target=\"_blank\" href=\"https:\/\/form.jotform.com\/251325880627157\" aria-label=\"Go to nomination form\" rel=\"noopener\">Nommez votre h\u00e9ros MONAT<\/a>\n   <img decoding=\"async\" src=\"https:\/\/monatglobal.com\/wp-content\/uploads\/2024\/05\/Brittany-Sauer-Chairmans-Award-USA_2023.jpg\" loading=\"lazy\">\n      <h2><a target=\"_blank\" href=\"https:\/\/monatgratitude.com\/pages\/chairmans-award\" rel=\"noopener\">Apprenez-en plus<\/a> sur les anciens <br>laur\u00e9ats du<br>prix du pr\u00e9sident !<\/h2>\n","protected":false},"excerpt":{"rendered":"<p>MONAT GRATITUDE Pr\u00e9sente LE PRIX DU PR\u00c9SIDENT 2025 Notre plus grande r\u00e9compense annuelle d\u00e9cern\u00e9e lors des MONATions UnitedOuverture des candidatures 18 juin &#8211; 3 juillet 2025 Qui est VOTRE h\u00e9ros MONAT ? Un leader MONAT avec un c\u0153ur pour le service qui prend des mesures pour avoir un impact positif dans sa&nbsp;communaut\u00e9. Voici les qualit\u00e9s&hellip;<\/p>\n","protected":false},"author":57,"featured_media":1125,"parent":0,"menu_order":0,"comment_status":"closed","ping_status":"closed","template":"","meta":{"inline_featured_image":false,"om_disable_all_campaigns":false,"footnotes":""},"categories":[],"tags":[],"class_list":["post-1086","page","type-page","status-publish","has-post-thumbnail","hentry"],"aioseo_notices":[],"aioseo_head":"\n\t\t<!-- All in One SEO Pro 4.9.5.2 - aioseo.com -->\n\t<meta name=\"description\" content=\"Nommez un Partenaire de March\u00e9 MONAT pour le Prix du pr\u00e9sident 2025 ! Les candidatures sont ouvertes du 18 juin au 3 juillet. C\u00e9l\u00e9brons le leadership et l&#039;impact communautaire.\" \/>\n\t<meta name=\"robots\" content=\"max-image-preview:large\" \/>\n\t<link rel=\"canonical\" href=\"https:\/\/monatglobal.com\/be\/monathero\/\" \/>\n\t<meta name=\"generator\" content=\"All in One SEO Pro (AIOSEO) 4.9.5.2\" \/>\n\t\t<meta property=\"og:locale\" content=\"fr_FR\" \/>\n\t\t<meta property=\"og:site_name\" content=\"MONAT Belgium - We Are Modern Nature\u2122\" \/>\n\t\t<meta property=\"og:type\" content=\"article\" \/>\n\t\t<meta property=\"og:title\" content=\"MONAT Hero | Prix du pr\u00e9sident 2025 | MONATions\" \/>\n\t\t<meta property=\"og:description\" content=\"Nommez un Partenaire de March\u00e9 MONAT pour le Prix du pr\u00e9sident 2025 ! Les candidatures sont ouvertes du 18 juin au 3 juillet. C\u00e9l\u00e9brons le leadership et l&#039;impact communautaire.\" \/>\n\t\t<meta property=\"og:url\" content=\"https:\/\/monatglobal.com\/be\/monathero\/\" \/>\n\t\t<meta property=\"article:published_time\" content=\"2025-06-17T19:06:36+00:00\" \/>\n\t\t<meta property=\"article:modified_time\" content=\"2025-06-18T13:17:05+00:00\" \/>\n\t\t<meta name=\"twitter:card\" content=\"summary_large_image\" \/>\n\t\t<meta name=\"twitter:title\" content=\"MONAT Hero | Prix du pr\u00e9sident 2025 | MONATions\" \/>\n\t\t<meta name=\"twitter:description\" content=\"Nommez un Partenaire de March\u00e9 MONAT pour le Prix du pr\u00e9sident 2025 ! Les candidatures sont ouvertes du 18 juin au 3 juillet. C\u00e9l\u00e9brons le leadership et l&#039;impact communautaire.\" \/>\n\t\t<script type=\"application\/ld+json\" class=\"aioseo-schema\">\n\t\t\t{\"@context\":\"https:\\\/\\\/schema.org\",\"@graph\":[{\"@type\":\"BreadcrumbList\",\"@id\":\"https:\\\/\\\/monatglobal.com\\\/be\\\/monathero\\\/#breadcrumblist\",\"itemListElement\":[{\"@type\":\"ListItem\",\"@id\":\"https:\\\/\\\/monatglobal.com\\\/be#listItem\",\"position\":1,\"name\":\"Home\",\"item\":\"https:\\\/\\\/monatglobal.com\\\/be\",\"nextItem\":{\"@type\":\"ListItem\",\"@id\":\"https:\\\/\\\/monatglobal.com\\\/be\\\/monathero\\\/#listItem\",\"name\":\"Prix du pr\\u00e9sident 2025\"}},{\"@type\":\"ListItem\",\"@id\":\"https:\\\/\\\/monatglobal.com\\\/be\\\/monathero\\\/#listItem\",\"position\":2,\"name\":\"Prix du pr\\u00e9sident 2025\",\"previousItem\":{\"@type\":\"ListItem\",\"@id\":\"https:\\\/\\\/monatglobal.com\\\/be#listItem\",\"name\":\"Home\"}}]},{\"@type\":\"Organization\",\"@id\":\"https:\\\/\\\/monatglobal.com\\\/be\\\/#organization\",\"name\":\"MONAT Belgium\",\"description\":\"We Are Modern Nature\\u2122\",\"url\":\"https:\\\/\\\/monatglobal.com\\\/be\\\/\"},{\"@type\":\"WebPage\",\"@id\":\"https:\\\/\\\/monatglobal.com\\\/be\\\/monathero\\\/#webpage\",\"url\":\"https:\\\/\\\/monatglobal.com\\\/be\\\/monathero\\\/\",\"name\":\"MONAT Hero | Prix du pr\\u00e9sident 2025 | MONATions\",\"description\":\"Nommez un Partenaire de March\\u00e9 MONAT pour le Prix du pr\\u00e9sident 2025 ! Les candidatures sont ouvertes du 18 juin au 3 juillet. C\\u00e9l\\u00e9brons le leadership et l'impact communautaire.\",\"inLanguage\":\"fr-FR\",\"isPartOf\":{\"@id\":\"https:\\\/\\\/monatglobal.com\\\/be\\\/#website\"},\"breadcrumb\":{\"@id\":\"https:\\\/\\\/monatglobal.com\\\/be\\\/monathero\\\/#breadcrumblist\"},\"image\":{\"@type\":\"ImageObject\",\"url\":\"https:\\\/\\\/monatglobal.com\\\/be\\\/wp-content\\\/uploads\\\/sites\\\/23\\\/2025\\\/06\\\/monathero-2025-ft-img-be-fr-min.jpg\",\"@id\":\"https:\\\/\\\/monatglobal.com\\\/be\\\/monathero\\\/#mainImage\",\"width\":1200,\"height\":628},\"primaryImageOfPage\":{\"@id\":\"https:\\\/\\\/monatglobal.com\\\/be\\\/monathero\\\/#mainImage\"},\"datePublished\":\"2025-06-17T20:06:36+01:00\",\"dateModified\":\"2025-06-18T14:17:05+01:00\"},{\"@type\":\"WebSite\",\"@id\":\"https:\\\/\\\/monatglobal.com\\\/be\\\/#website\",\"url\":\"https:\\\/\\\/monatglobal.com\\\/be\\\/\",\"name\":\"MONAT Belgium\",\"description\":\"We Are Modern Nature\\u2122\",\"inLanguage\":\"fr-FR\",\"publisher\":{\"@id\":\"https:\\\/\\\/monatglobal.com\\\/be\\\/#organization\"}}]}\n\t\t<\/script>\n\t\t<!-- All in One SEO Pro -->\r\n\t\t<title>MONAT Hero | Prix du pr\u00e9sident 2025 | MONATions<\/title>\n\n","aioseo_head_json":{"title":"MONAT Hero | Prix du pr\u00e9sident 2025 | MONATions","description":"Nommez un Partenaire de March\u00e9 MONAT pour le Prix du pr\u00e9sident 2025 ! Les candidatures sont ouvertes du 18 juin au 3 juillet. C\u00e9l\u00e9brons le leadership et l'impact communautaire.","canonical_url":"https:\/\/monatglobal.com\/be\/monathero\/","robots":"max-image-preview:large","keywords":"","webmasterTools":{"miscellaneous":""},"schema":{"@context":"https:\/\/schema.org","@graph":[{"@type":"BreadcrumbList","@id":"https:\/\/monatglobal.com\/be\/monathero\/#breadcrumblist","itemListElement":[{"@type":"ListItem","@id":"https:\/\/monatglobal.com\/be#listItem","position":1,"name":"Home","item":"https:\/\/monatglobal.com\/be","nextItem":{"@type":"ListItem","@id":"https:\/\/monatglobal.com\/be\/monathero\/#listItem","name":"Prix du pr\u00e9sident 2025"}},{"@type":"ListItem","@id":"https:\/\/monatglobal.com\/be\/monathero\/#listItem","position":2,"name":"Prix du pr\u00e9sident 2025","previousItem":{"@type":"ListItem","@id":"https:\/\/monatglobal.com\/be#listItem","name":"Home"}}]},{"@type":"Organization","@id":"https:\/\/monatglobal.com\/be\/#organization","name":"MONAT Belgium","description":"We Are Modern Nature\u2122","url":"https:\/\/monatglobal.com\/be\/"},{"@type":"WebPage","@id":"https:\/\/monatglobal.com\/be\/monathero\/#webpage","url":"https:\/\/monatglobal.com\/be\/monathero\/","name":"MONAT Hero | Prix du pr\u00e9sident 2025 | MONATions","description":"Nommez un Partenaire de March\u00e9 MONAT pour le Prix du pr\u00e9sident 2025 ! Les candidatures sont ouvertes du 18 juin au 3 juillet. C\u00e9l\u00e9brons le leadership et l'impact communautaire.","inLanguage":"fr-FR","isPartOf":{"@id":"https:\/\/monatglobal.com\/be\/#website"},"breadcrumb":{"@id":"https:\/\/monatglobal.com\/be\/monathero\/#breadcrumblist"},"image":{"@type":"ImageObject","url":"https:\/\/monatglobal.com\/be\/wp-content\/uploads\/sites\/23\/2025\/06\/monathero-2025-ft-img-be-fr-min.jpg","@id":"https:\/\/monatglobal.com\/be\/monathero\/#mainImage","width":1200,"height":628},"primaryImageOfPage":{"@id":"https:\/\/monatglobal.com\/be\/monathero\/#mainImage"},"datePublished":"2025-06-17T20:06:36+01:00","dateModified":"2025-06-18T14:17:05+01:00"},{"@type":"WebSite","@id":"https:\/\/monatglobal.com\/be\/#website","url":"https:\/\/monatglobal.com\/be\/","name":"MONAT Belgium","description":"We Are Modern Nature\u2122","inLanguage":"fr-FR","publisher":{"@id":"https:\/\/monatglobal.com\/be\/#organization"}}]},"og:locale":"fr_FR","og:site_name":"MONAT Belgium - We Are Modern Nature\u2122","og:type":"article","og:title":"MONAT Hero | Prix du pr\u00e9sident 2025 | MONATions","og:description":"Nommez un Partenaire de March\u00e9 MONAT pour le Prix du pr\u00e9sident 2025 ! Les candidatures sont ouvertes du 18 juin au 3 juillet. C\u00e9l\u00e9brons le leadership et l'impact communautaire.","og:url":"https:\/\/monatglobal.com\/be\/monathero\/","article:published_time":"2025-06-17T19:06:36+00:00","article:modified_time":"2025-06-18T13:17:05+00:00","twitter:card":"summary_large_image","twitter:title":"MONAT Hero | Prix du pr\u00e9sident 2025 | MONATions","twitter:description":"Nommez un Partenaire de March\u00e9 MONAT pour le Prix du pr\u00e9sident 2025 ! Les candidatures sont ouvertes du 18 juin au 3 juillet. C\u00e9l\u00e9brons le leadership et l'impact communautaire."},"aioseo_meta_data":{"post_id":"1086","title":"MONAT Hero | Prix du pr\u00e9sident 2025 | MONATions","description":"Nommez un Partenaire de March\u00e9 MONAT pour le Prix du pr\u00e9sident 2025 ! Les candidatures sont ouvertes du 18 juin au 3 juillet. C\u00e9l\u00e9brons le leadership et l'impact communautaire.","keywords":null,"keyphrases":{"focus":{"keyphrase":"","score":0,"analysis":{"keyphraseInTitle":{"score":0,"maxScore":9,"error":1}}},"additional":[]},"primary_term":null,"canonical_url":null,"og_title":null,"og_description":null,"og_object_type":"default","og_image_type":"default","og_image_url":null,"og_image_width":null,"og_image_height":null,"og_image_custom_url":null,"og_image_custom_fields":null,"og_video":"","og_custom_url":null,"og_article_section":null,"og_article_tags":null,"twitter_use_og":false,"twitter_card":"default","twitter_image_type":"default","twitter_image_url":null,"twitter_image_custom_url":null,"twitter_image_custom_fields":null,"twitter_title":null,"twitter_description":null,"schema":{"blockGraphs":[],"customGraphs":[],"default":{"data":{"Article":[],"Course":[],"Dataset":[],"FAQPage":[],"Movie":[],"Person":[],"Product":[],"ProductReview":[],"Car":[],"Recipe":[],"Service":[],"SoftwareApplication":[],"WebPage":[]},"graphName":"WebPage","isEnabled":true},"graphs":[]},"schema_type":"default","schema_type_options":null,"pillar_content":false,"robots_default":true,"robots_noindex":false,"robots_noarchive":false,"robots_nosnippet":false,"robots_nofollow":false,"robots_noimageindex":false,"robots_noodp":false,"robots_notranslate":false,"robots_max_snippet":"-1","robots_max_videopreview":"-1","robots_max_imagepreview":"large","priority":null,"frequency":"default","local_seo":null,"seo_analyzer_scan_date":null,"breadcrumb_settings":null,"limit_modified_date":false,"reviewed_by":null,"open_ai":"{\"title\":{\"suggestions\":[],\"usage\":0},\"description\":{\"suggestions\":[],\"usage\":0}}","ai":null,"created":"2025-06-17 19:05:18","updated":"2026-02-10 05:25:16"},"aioseo_breadcrumb":"<div class=\"aioseo-breadcrumbs\"><span class=\"aioseo-breadcrumb\">\n\t<a href=\"https:\/\/monatglobal.com\/be\" title=\"Home\">Home<\/a>\n<\/span><span class=\"aioseo-breadcrumb-separator\">&raquo;<\/span><span class=\"aioseo-breadcrumb\">\n\tPrix du pr\u00e9sident 2025\n<\/span><\/div>","aioseo_breadcrumb_json":[{"label":"Home","link":"https:\/\/monatglobal.com\/be"},{"label":"Prix du pr\u00e9sident 2025","link":"https:\/\/monatglobal.com\/be\/monathero\/"}],"_links":{"self":[{"href":"https:\/\/monatglobal.com\/be\/wp-json\/wp\/v2\/pages\/1086","targetHints":{"allow":["GET"]}}],"collection":[{"href":"https:\/\/monatglobal.com\/be\/wp-json\/wp\/v2\/pages"}],"about":[{"href":"https:\/\/monatglobal.com\/be\/wp-json\/wp\/v2\/types\/page"}],"author":[{"embeddable":true,"href":"https:\/\/monatglobal.com\/be\/wp-json\/wp\/v2\/users\/57"}],"replies":[{"embeddable":true,"href":"https:\/\/monatglobal.com\/be\/wp-json\/wp\/v2\/comments?post=1086"}],"version-history":[{"count":8,"href":"https:\/\/monatglobal.com\/be\/wp-json\/wp\/v2\/pages\/1086\/revisions"}],"predecessor-version":[{"id":1130,"href":"https:\/\/monatglobal.com\/be\/wp-json\/wp\/v2\/pages\/1086\/revisions\/1130"}],"wp:featuredmedia":[{"embeddable":true,"href":"https:\/\/monatglobal.com\/be\/wp-json\/wp\/v2\/media\/1125"}],"wp:attachment":[{"href":"https:\/\/monatglobal.com\/be\/wp-json\/wp\/v2\/media?parent=1086"}],"wp:term":[{"taxonomy":"category","embeddable":true,"href":"https:\/\/monatglobal.com\/be\/wp-json\/wp\/v2\/categories?post=1086"},{"taxonomy":"post_tag","embeddable":true,"href":"https:\/\/monatglobal.com\/be\/wp-json\/wp\/v2\/tags?post=1086"}],"curies":[{"name":"wp","href":"https:\/\/api.w.org\/{rel}","templated":true}]}}