{"id":108450,"date":"2025-08-22T01:16:19","date_gmt":"2025-08-22T00:16:19","guid":{"rendered":"https:\/\/monatglobal.com\/it\/?page_id=108450"},"modified":"2026-02-26T21:16:41","modified_gmt":"2026-02-26T21:16:41","slug":"barrier-booster-moisturizer","status":"publish","type":"page","link":"https:\/\/monatglobal.com\/be\/barrier-booster-moisturizer\/","title":{"rendered":"MONAT Barrier Booster\u2122 Barrier Defense Moisturizer"},"content":{"rendered":"\n\n\t<link rel=\"stylesheet\" href=\"https:\/\/monatglobal.com\/wp-content\/creative_css\/product_styles_sheet.css\" \/>\n   <!--==================================================== ECOMM SECTION ====================================================-->\n       NOUVEAU\n      <!--==================================================== Ecomm image ====================================================-->\n        <!--SEO-->\n        <!--MONAT Barrier Booster\u2122 Cr\u00e8me Hydratante D\u00e9fense Barri\u00e8re | Hydratation-->\n        <!--Prot\u00e9gez et hydratez votre peau avec la cr\u00e8me hydratante MONAT Barrier Booster\u2122 D\u00e9fense Barri\u00e8re. Renforce la barri\u00e8re cutan\u00e9e pour un teint plus sain et apais\u00e9.-->\n                <!--Ecomm Image-->\n              <img decoding=\"async\" alt=\"picture of MONAT Barrier Booster\u2122 Barrier Defense Moisturizer\" src=\"https:\/\/monatglobal.com\/wp-content\/uploads\/2025\/08\/BARRIER-DEFENSE-MOISTURIZER-comfort-serum-ECOMM-2025-min.png\" loading=\"lazy\"\/>\n              <!--Ecomm Image-->\n            <!--before and after front-->\n              <img decoding=\"async\" alt=\"Smiling woman with pulled-back hair applying MONAT Barrier Booster\u2122 Barrier Defense Moisturizer to her cheek.\" src=\"https:\/\/monatglobal.com\/wp-content\/uploads\/2025\/08\/MONAT-Barrier-Booster-Niacinamide-Glow-Serum-model-ecomm-close-up-min.jpg\" loading=\"lazy\"\/>\n              \n            <!--before and after front-->\n            <!--before and after back-->\n              <img decoding=\"async\" alt=\"Open jar of MONAT Barrier Booster\u2122 Barrier Defense Moisturizer showing creamy texture, placed on a pastel pink background.\" src=\"https:\/\/monatglobal.com\/wp-content\/uploads\/2025\/08\/MONAT-Barrier-Booster-Niacinamide-Glow-Serum-product-texture-ecomm-close-up-min.jpg\" loading=\"lazy\"\/>\n              \n            <!--before and after back-->\n              <img decoding=\"async\" alt=\"Video thumbnail of woman applying MONAT Barrier Booster\u2122 Barrier Defense Moisturizer to her cheek.\" src=\"https:\/\/monatglobal.com\/wp-content\/uploads\/2025\/08\/MONAT-Barrier-Booster-Niacinamide-Glow-Serum-model-ecomm-close-up-2-min.jpg\" loading=\"lazy\"\/>\n                      <!--Ecomm Image-->\n                    <img decoding=\"async\" alt=\"picture of MONAT Barrier Booster\u2122 Barrier Defense Moisturizer\" src=\"https:\/\/monatglobal.com\/wp-content\/uploads\/2025\/08\/BARRIER-DEFENSE-MOISTURIZER-comfort-serum-ECOMM-2025-min.png\" data-lbxp=\"\" loading=\"lazy\"\/>\n                    <!--Ecomm Image-->\n                  <!--before and after front-->\n                    <img decoding=\"async\" alt=\"Smiling woman with pulled-back hair applying MONAT Barrier Booster\u2122 Barrier Defense Moisturizer to her cheek.\" src=\"https:\/\/monatglobal.com\/wp-content\/uploads\/2025\/08\/MONAT-Barrier-Booster-Niacinamide-Glow-Serum-model-ecomm-close-up-min.jpg\" data-lbxp=\"\" loading=\"lazy\"\/>\n                  <!--before and after front-->\n                  <!--before and after back-->\n                    <img decoding=\"async\" alt=\"Open jar of MONAT Barrier Booster\u2122 Barrier Defense Moisturizer showing creamy texture, placed on a pastel pink background.\" src=\"https:\/\/monatglobal.com\/wp-content\/uploads\/2025\/08\/MONAT-Barrier-Booster-Niacinamide-Glow-Serum-product-texture-ecomm-close-up-min.jpg\" data-lbxp=\"\" loading=\"lazy\"\/>\n                  <!--before and after back-->\n                    <img decoding=\"async\" alt=\"Video thumbnail of woman applying MONAT Barrier Booster\u2122 Barrier Defense Moisturizer to her cheek.\" src=\"https:\/\/monatglobal.com\/wp-content\/uploads\/2025\/08\/MONAT-Barrier-Booster-Niacinamide-Glow-Serum-model-ecomm-close-up-2-min.jpg\" loading=\"lazy\"\/>\n      <!--==================================================== Ecomm information  ====================================================-->\n         \n         NOUVEAU\n         <p>MONAT<\/p>\n         <h1>Barrier Booster\u2122 <br \/>Cr\u00e8me Hydratante D\u00e9fense Barri\u00e8re<\/h1> \n            \n         <p>Hydrate et renforce votre barri\u00e8re cutan\u00e9e pour une peau d&rsquo;apparence plus saine.<\/p> \n         <p>   50 ml e 1.7 fl. oz.<\/p> \n      <!--==================================================== pricing box  ====================================================-->   \n         <p>Prix de d\u00e9tail<br \/>\u20ac00.00<\/p>\n         <p>Prix de client VIP<br \/>\u20ac00.00<\/p>\n      <!--==================================================== pricing box  ====================================================-->     \n         <p>Pour en savoir plus sur la Barrier Booster\u2122 Cr\u00e8me Hydratante D\u00e9fense Barri\u00e8re, veuillez contacter votre partenaire de march\u00e9&nbsp;MONAT.<\/p>\n      <a href=\"\" target=\"_blank\" role=\"button\" aria-label=\"\" rel=\"noopener\"><\/a>\n   <!--==================================================== \/ECOMM SECTION  ====================================================--> \n   <!--==================================================== Benefits image ====================================================-->\n  \n    <source media=\"(max-width: 700px)\" srcset=\"https:\/\/monatglobal.com\/wp-content\/uploads\/2025\/08\/MONAT-Barrier-Booster-Niacinamide-Glow-Serum-model-benefits-mobile-min.jpg\" loading=\"lazy\"\/>\n      <img decoding=\"async\" src=\"https:\/\/monatglobal.com\/wp-content\/uploads\/2025\/08\/MONAT-Barrier-Booster-Niacinamide-Glow-Serum-model-benefits-desktop-min.jpg\" \n      alt=\"Smiling woman with pulled-back hair applying MONAT Barrier Booster\u2122 Barrier Defense Moisturizer to her cheek.\" loading=\"lazy\"\/>\n    \n   <!--==================================================== Benefits text ====================================================-->\n         <h2>BIENFAITS<\/h2>\n         <h3>Votre barri\u00e8re cutan\u00e9e est votre meilleur bouclier.<br \/> Lorsqu&rsquo;elle est affaiblie par les agressions quotidiennes, cela peut entra\u00eener s\u00e9cheresse, pores obstru\u00e9s et sensibilit\u00e9.<\/h3> \n         <p> La<strong> MONAT Barrier Booster\u2122 Hydratant D\u00e9fense Barri\u00e8re<\/strong> est l\u00e0 pour sauver votre&nbsp;peau ! <br \/>Sa formule renforce, hydrate et soutient la barri\u00e8re naturelle de votre peau, pour vous permettre de rayonner en toute confiance.<\/p>\n         \n         <!--==================================================== features image  ====================================================-->\n         <img decoding=\"async\" alt=\"Close-up of MONAT Barrier Booster\u2122 Barrier Defense Moisturizer jar on a light pink surface.\" src=\"https:\/\/monatglobal.com\/wp-content\/uploads\/2025\/08\/MONAT-Barrier-Booster-Niacinamide-Glow-Serum-model-features-min.jpg\" loading=\"lazy\"\/>\n      <!--==================================================== features text ====================================================-->\n            <h3>Caract\u00e9ristiques<\/h3>  \n               <p>\/ 99 % d&rsquo;ingr\u00e9dients d&rsquo;origine naturelle <\/p>\n               <p>\/ Renforce la barri\u00e8re cutan\u00e9e <\/p>\n               <p>\/ Nourrit la peau avec une hydratation durable <\/p>\n               <p>\/ Offre un \u00e9clat sain et lumineux<\/p>\n               <p>\/ Convient \u00e0 tous les types de peaux, y compris les peaux sensibles<\/p>\n            \n            *Based on a 24-hour instrumental test with 22 participants measuring skin moisturization after product application. Performed by a third-party laboratory.  \n\n<br \/>\n            <p>Parfum \/ Sans parfum <\/p>\n            <p> Texture \/ Cr\u00e8me nourrissante<\/p> \n   <!--==================================================== composition image mobile ====================================================-->\n   <img decoding=\"async\" alt=\"MONAT Barrier Booster\u2122 Barrier Defense Moisturizer jar with packaging shown in multiple angles.\" src=\"https:\/\/monatglobal.com\/wp-content\/uploads\/2025\/08\/MONAT-Barrier-Booster-Niacinamide-Glow-Serum-compositon-min.jpg\" loading=\"lazy\"\/>\n   <!--==================================================== Why it works text ====================================================-->\n      <h2>Protection aux peptides pour une peau effet \u00ab\u00a0glassy\u00a0\u00bb<\/h2>\n      <h3>Formul\u00e9e avec des ingr\u00e9dients cliniquement prouv\u00e9s, dont des peptides, des c\u00e9ramides et du squalane, cette cr\u00e8me hydratante qui aime votre peau renforce la barri\u00e8re cutan\u00e9e et retient l&rsquo;hydratation pour une peau douce, lisse et \u00e9clatante.<\/h3>\n      <p>Use with our award-winning <a href=\"https:\/\/monatglobal.com\/eye-smooth\/\">Eye Smooth\u2122 Nourishing Eye Cream<\/a> for the ultimate eye care duo.<\/p>\n<!--==================================================== Composition section ====================================================-->\n      <img decoding=\"async\" alt=\"MONAT Barrier Booster\u2122 Barrier Defense Moisturizer jar with packaging shown in multiple angles.\" src=\"https:\/\/monatglobal.com\/wp-content\/uploads\/2025\/08\/MONAT-Barrier-Booster-Niacinamide-Glow-Serum-compositon-min.jpg\" loading=\"lazy\"\/>\n      <img decoding=\"async\" alt=\"Smiling woman holding MONAT Barrier Booster\u2122 Barrier Defense Moisturizer jar near her cheek.\" \n      src=\"https:\/\/monatglobal.com\/wp-content\/uploads\/2025\/08\/MONAT-Barrier-Booster-Niacinamide-Glow-Serum-model-composition-min.jpg\" loading=\"lazy\"\/>\n            <!--==================================================== Directions text ====================================================--> \n               <h3>Mode d&#8217;emploi<\/h3>\n                    <p>\/  Appliquez sur le visage et le cou, matin et soir, apr\u00e8s votre s\u00e9rum MONAT.<\/p>\n            <!--==================================================== Directions video ====================================================-->\n        <p>MONAT Barrier Booster\u2122<br \/> Hydratant D\u00e9fense Barri\u00e8re <br \/>0:38<\/p>\n  <a href=\"\" target=\"_blank\" role=\"button\" aria-label=\"\" rel=\"noopener\"><\/a>\n   <!--==================================================== Ingredients section  ====================================================-->\n      <h2>Ingr\u00e9dients cl\u00e9s<\/h2>\n          <img decoding=\"async\" src=\"https:\/\/monatglobal.com\/wp-content\/uploads\/2025\/08\/Pineapple-Fruit-Crown.svg\" alt=\"icon of Couronne de fruit d'ananas  \"\/> \n      <p>Couronne de fruit d&rsquo;ananas <\/p>\n              <img decoding=\"async\" src=\"https:\/\/monatglobal.com\/wp-content\/uploads\/2025\/08\/Ceramides-Complex.svg\" alt=\"icon of Complexe de c\u00e9ramides\"\/>\n      <p>Complexe de c\u00e9ramides<\/p>\n           <img decoding=\"async\" src=\"https:\/\/monatglobal.com\/wp-content\/uploads\/2025\/08\/Peptide-Blend.svg\" alt=\"icon of M\u00e9lange de peptides\"\/>\n      <p>M\u00e9lange de peptides<\/p>\n            <img decoding=\"async\" src=\"https:\/\/monatglobal.com\/wp-content\/uploads\/2025\/08\/Plant-derived-squalane.svg\" alt=\"icon of Squalane\"\/> \n      <p>Squalane<\/p>\n        <button id=\"myBtn\" type=\"button\">INGR\u00c9DIENTS<\/button>\n      <!--==================================================== Modal content  ====================================================-->\n         &times;\n         Aqua\/Water\/Eau, Propanediol, Coco-Caprylate\/Caprate, Glycerin, Squalane, Ceramide NP, Ceramide AP, Ceramide EOP, Tripeptide-29, Hexapeptide-11, Lactobacillus Ferment, Sodium Hydroxide, Saccharomyces\/Hydrolyzed Pineapple Fruit Crown Extract Ferment Filtrate, Xanthan Gum, Sorbitan Isostearate, 1,2-Hexanediol, Hydroxyacetophenone, Polyglyceryl-10 Stearate, Triethyl Citrate, Polyglyceryl-6 Behenate, Phytosphingosine, Cholesterol, Behenic Acid, Cetearyl Alcohol, Glyceryl Stearate, Sodium Levulinate, Citric Acid, Acrylates\/C10-30 Alkyl Acrylate Crosspolymer, Hydroxyethyl Acrylate\/Sodium Acryloyldimethyl Taurate Copolymer, Butylene Glycol,\nCaprylyl Glycol, Pentylene Glycol, Ethylhexylglycerin, Chlorphenesin.\n   <!--==================================================== You might also like section ====================================================-->\n      <h2>VOUS POURRIEZ AUSSI AIMER<\/h2>\n      <!--==================================================== Slider YOU MIGHT ALSO LIKE ====================================================-->\n         <!--==================================================== If we need navigation buttons  ====================================================-->\n         <!--==================================================== If we need paginations  ====================================================-->\n    <a href=\"\" aria-label=\"\"><\/a>\n\n","protected":false},"excerpt":{"rendered":"<p>NOUVEAU NOUVEAU MONAT Barrier Booster\u2122 Cr\u00e8me Hydratante D\u00e9fense Barri\u00e8re Hydrate et renforce votre barri\u00e8re cutan\u00e9e pour une peau d&rsquo;apparence plus saine. 50 ml e 1.7 fl. oz. Prix de d\u00e9tail\u20ac00.00 Prix de client VIP\u20ac00.00 Pour en savoir plus sur la Barrier Booster\u2122 Cr\u00e8me Hydratante D\u00e9fense Barri\u00e8re, veuillez contacter votre partenaire de march\u00e9&nbsp;MONAT. BIENFAITS Votre barri\u00e8re&hellip;<\/p>\n","protected":false},"author":57,"featured_media":108892,"parent":0,"menu_order":0,"comment_status":"closed","ping_status":"closed","template":"","meta":{"inline_featured_image":false,"om_disable_all_campaigns":false,"footnotes":""},"categories":[45],"tags":[],"class_list":["post-108450","page","type-page","status-publish","has-post-thumbnail","hentry","category-product-be-fr"],"aioseo_notices":[],"aioseo_head":"\n\t\t<!-- All in One SEO Pro 4.9.5.2 - aioseo.com -->\n\t<meta name=\"description\" content=\"Prot\u00e9gez et hydratez votre peau avec la cr\u00e8me hydratante MONAT Barrier Booster\u2122 D\u00e9fense Barri\u00e8re. Renforce la barri\u00e8re cutan\u00e9e pour un teint plus sain et apais\u00e9.\" \/>\n\t<meta name=\"robots\" content=\"max-image-preview:large\" \/>\n\t<link rel=\"canonical\" href=\"https:\/\/monatglobal.com\/be\/barrier-booster-moisturizer\/\" \/>\n\t<meta name=\"generator\" content=\"All in One SEO Pro (AIOSEO) 4.9.5.2\" \/>\n\t\t<meta property=\"og:locale\" content=\"fr_FR\" \/>\n\t\t<meta property=\"og:site_name\" content=\"MONAT Belgium - We Are Modern Nature\u2122\" \/>\n\t\t<meta property=\"og:type\" content=\"article\" \/>\n\t\t<meta property=\"og:title\" content=\"MONAT Barrier Booster\u2122 Cr\u00e8me Hydratante D\u00e9fense Barri\u00e8re | Hydratation\" \/>\n\t\t<meta property=\"og:description\" content=\"Prot\u00e9gez et hydratez votre peau avec la cr\u00e8me hydratante MONAT Barrier Booster\u2122 D\u00e9fense Barri\u00e8re. Renforce la barri\u00e8re cutan\u00e9e pour un teint plus sain et apais\u00e9.\" \/>\n\t\t<meta property=\"og:url\" content=\"https:\/\/monatglobal.com\/be\/barrier-booster-moisturizer\/\" \/>\n\t\t<meta property=\"article:published_time\" content=\"2025-08-22T00:16:19+00:00\" \/>\n\t\t<meta property=\"article:modified_time\" content=\"2026-02-26T21:16:41+00:00\" \/>\n\t\t<meta name=\"twitter:card\" content=\"summary_large_image\" \/>\n\t\t<meta name=\"twitter:title\" content=\"MONAT Barrier Booster\u2122 Cr\u00e8me Hydratante D\u00e9fense Barri\u00e8re | Hydratation\" \/>\n\t\t<meta name=\"twitter:description\" content=\"Prot\u00e9gez et hydratez votre peau avec la cr\u00e8me hydratante MONAT Barrier Booster\u2122 D\u00e9fense Barri\u00e8re. Renforce la barri\u00e8re cutan\u00e9e pour un teint plus sain et apais\u00e9.\" \/>\n\t\t<script type=\"application\/ld+json\" class=\"aioseo-schema\">\n\t\t\t{\"@context\":\"https:\\\/\\\/schema.org\",\"@graph\":[{\"@type\":\"BreadcrumbList\",\"@id\":\"https:\\\/\\\/monatglobal.com\\\/be\\\/barrier-booster-moisturizer\\\/#breadcrumblist\",\"itemListElement\":[{\"@type\":\"ListItem\",\"@id\":\"https:\\\/\\\/monatglobal.com\\\/be#listItem\",\"position\":1,\"name\":\"Home\",\"item\":\"https:\\\/\\\/monatglobal.com\\\/be\",\"nextItem\":{\"@type\":\"ListItem\",\"@id\":\"https:\\\/\\\/monatglobal.com\\\/be\\\/barrier-booster-moisturizer\\\/#listItem\",\"name\":\"MONAT Barrier Booster\\u2122 Barrier Defense Moisturizer\"}},{\"@type\":\"ListItem\",\"@id\":\"https:\\\/\\\/monatglobal.com\\\/be\\\/barrier-booster-moisturizer\\\/#listItem\",\"position\":2,\"name\":\"MONAT Barrier Booster\\u2122 Barrier Defense Moisturizer\",\"previousItem\":{\"@type\":\"ListItem\",\"@id\":\"https:\\\/\\\/monatglobal.com\\\/be#listItem\",\"name\":\"Home\"}}]},{\"@type\":\"Organization\",\"@id\":\"https:\\\/\\\/monatglobal.com\\\/be\\\/#organization\",\"name\":\"MONAT Belgium\",\"description\":\"We Are Modern Nature\\u2122\",\"url\":\"https:\\\/\\\/monatglobal.com\\\/be\\\/\"},{\"@type\":\"WebPage\",\"@id\":\"https:\\\/\\\/monatglobal.com\\\/be\\\/barrier-booster-moisturizer\\\/#webpage\",\"url\":\"https:\\\/\\\/monatglobal.com\\\/be\\\/barrier-booster-moisturizer\\\/\",\"name\":\"MONAT Barrier Booster\\u2122 Cr\\u00e8me Hydratante D\\u00e9fense Barri\\u00e8re | Hydratation\",\"description\":\"Prot\\u00e9gez et hydratez votre peau avec la cr\\u00e8me hydratante MONAT Barrier Booster\\u2122 D\\u00e9fense Barri\\u00e8re. Renforce la barri\\u00e8re cutan\\u00e9e pour un teint plus sain et apais\\u00e9.\",\"inLanguage\":\"fr-FR\",\"isPartOf\":{\"@id\":\"https:\\\/\\\/monatglobal.com\\\/be\\\/#website\"},\"breadcrumb\":{\"@id\":\"https:\\\/\\\/monatglobal.com\\\/be\\\/barrier-booster-moisturizer\\\/#breadcrumblist\"},\"image\":{\"@type\":\"ImageObject\",\"url\":\"https:\\\/\\\/monatglobal.com\\\/be\\\/wp-content\\\/uploads\\\/sites\\\/23\\\/2025\\\/10\\\/BARRIER-DEFENSE-MOISTURIZER-comfort-serum-ECOMM-2025-min.png\",\"@id\":\"https:\\\/\\\/monatglobal.com\\\/be\\\/barrier-booster-moisturizer\\\/#mainImage\",\"width\":641,\"height\":800},\"primaryImageOfPage\":{\"@id\":\"https:\\\/\\\/monatglobal.com\\\/be\\\/barrier-booster-moisturizer\\\/#mainImage\"},\"datePublished\":\"2025-08-22T01:16:19+01:00\",\"dateModified\":\"2026-02-26T21:16:41+00:00\"},{\"@type\":\"WebSite\",\"@id\":\"https:\\\/\\\/monatglobal.com\\\/be\\\/#website\",\"url\":\"https:\\\/\\\/monatglobal.com\\\/be\\\/\",\"name\":\"MONAT Belgium\",\"description\":\"We Are Modern Nature\\u2122\",\"inLanguage\":\"fr-FR\",\"publisher\":{\"@id\":\"https:\\\/\\\/monatglobal.com\\\/be\\\/#organization\"}}]}\n\t\t<\/script>\n\t\t<!-- All in One SEO Pro -->\r\n\t\t<title>MONAT Barrier Booster\u2122 Cr\u00e8me Hydratante D\u00e9fense Barri\u00e8re | Hydratation<\/title>\n\n","aioseo_head_json":{"title":"MONAT Barrier Booster\u2122 Cr\u00e8me Hydratante D\u00e9fense Barri\u00e8re | Hydratation","description":"Prot\u00e9gez et hydratez votre peau avec la cr\u00e8me hydratante MONAT Barrier Booster\u2122 D\u00e9fense Barri\u00e8re. Renforce la barri\u00e8re cutan\u00e9e pour un teint plus sain et apais\u00e9.","canonical_url":"https:\/\/monatglobal.com\/be\/barrier-booster-moisturizer\/","robots":"max-image-preview:large","keywords":"","webmasterTools":{"miscellaneous":""},"schema":{"@context":"https:\/\/schema.org","@graph":[{"@type":"BreadcrumbList","@id":"https:\/\/monatglobal.com\/be\/barrier-booster-moisturizer\/#breadcrumblist","itemListElement":[{"@type":"ListItem","@id":"https:\/\/monatglobal.com\/be#listItem","position":1,"name":"Home","item":"https:\/\/monatglobal.com\/be","nextItem":{"@type":"ListItem","@id":"https:\/\/monatglobal.com\/be\/barrier-booster-moisturizer\/#listItem","name":"MONAT Barrier Booster\u2122 Barrier Defense Moisturizer"}},{"@type":"ListItem","@id":"https:\/\/monatglobal.com\/be\/barrier-booster-moisturizer\/#listItem","position":2,"name":"MONAT Barrier Booster\u2122 Barrier Defense Moisturizer","previousItem":{"@type":"ListItem","@id":"https:\/\/monatglobal.com\/be#listItem","name":"Home"}}]},{"@type":"Organization","@id":"https:\/\/monatglobal.com\/be\/#organization","name":"MONAT Belgium","description":"We Are Modern Nature\u2122","url":"https:\/\/monatglobal.com\/be\/"},{"@type":"WebPage","@id":"https:\/\/monatglobal.com\/be\/barrier-booster-moisturizer\/#webpage","url":"https:\/\/monatglobal.com\/be\/barrier-booster-moisturizer\/","name":"MONAT Barrier Booster\u2122 Cr\u00e8me Hydratante D\u00e9fense Barri\u00e8re | Hydratation","description":"Prot\u00e9gez et hydratez votre peau avec la cr\u00e8me hydratante MONAT Barrier Booster\u2122 D\u00e9fense Barri\u00e8re. Renforce la barri\u00e8re cutan\u00e9e pour un teint plus sain et apais\u00e9.","inLanguage":"fr-FR","isPartOf":{"@id":"https:\/\/monatglobal.com\/be\/#website"},"breadcrumb":{"@id":"https:\/\/monatglobal.com\/be\/barrier-booster-moisturizer\/#breadcrumblist"},"image":{"@type":"ImageObject","url":"https:\/\/monatglobal.com\/be\/wp-content\/uploads\/sites\/23\/2025\/10\/BARRIER-DEFENSE-MOISTURIZER-comfort-serum-ECOMM-2025-min.png","@id":"https:\/\/monatglobal.com\/be\/barrier-booster-moisturizer\/#mainImage","width":641,"height":800},"primaryImageOfPage":{"@id":"https:\/\/monatglobal.com\/be\/barrier-booster-moisturizer\/#mainImage"},"datePublished":"2025-08-22T01:16:19+01:00","dateModified":"2026-02-26T21:16:41+00:00"},{"@type":"WebSite","@id":"https:\/\/monatglobal.com\/be\/#website","url":"https:\/\/monatglobal.com\/be\/","name":"MONAT Belgium","description":"We Are Modern Nature\u2122","inLanguage":"fr-FR","publisher":{"@id":"https:\/\/monatglobal.com\/be\/#organization"}}]},"og:locale":"fr_FR","og:site_name":"MONAT Belgium - We Are Modern Nature\u2122","og:type":"article","og:title":"MONAT Barrier Booster\u2122 Cr\u00e8me Hydratante D\u00e9fense Barri\u00e8re | Hydratation","og:description":"Prot\u00e9gez et hydratez votre peau avec la cr\u00e8me hydratante MONAT Barrier Booster\u2122 D\u00e9fense Barri\u00e8re. Renforce la barri\u00e8re cutan\u00e9e pour un teint plus sain et apais\u00e9.","og:url":"https:\/\/monatglobal.com\/be\/barrier-booster-moisturizer\/","article:published_time":"2025-08-22T00:16:19+00:00","article:modified_time":"2026-02-26T21:16:41+00:00","twitter:card":"summary_large_image","twitter:title":"MONAT Barrier Booster\u2122 Cr\u00e8me Hydratante D\u00e9fense Barri\u00e8re | Hydratation","twitter:description":"Prot\u00e9gez et hydratez votre peau avec la cr\u00e8me hydratante MONAT Barrier Booster\u2122 D\u00e9fense Barri\u00e8re. Renforce la barri\u00e8re cutan\u00e9e pour un teint plus sain et apais\u00e9."},"aioseo_meta_data":{"post_id":"108450","title":"MONAT Barrier Booster\u2122 Cr\u00e8me Hydratante D\u00e9fense Barri\u00e8re | Hydratation","description":"Prot\u00e9gez et hydratez votre peau avec la cr\u00e8me hydratante MONAT Barrier Booster\u2122 D\u00e9fense Barri\u00e8re. Renforce la barri\u00e8re cutan\u00e9e pour un teint plus sain et apais\u00e9.","keywords":null,"keyphrases":{"focus":{"keyphrase":"","score":0,"analysis":{"keyphraseInTitle":{"score":0,"maxScore":9,"error":1}}},"additional":[]},"primary_term":null,"canonical_url":null,"og_title":null,"og_description":null,"og_object_type":"default","og_image_type":"default","og_image_url":null,"og_image_width":null,"og_image_height":null,"og_image_custom_url":null,"og_image_custom_fields":null,"og_video":"","og_custom_url":null,"og_article_section":null,"og_article_tags":null,"twitter_use_og":false,"twitter_card":"default","twitter_image_type":"default","twitter_image_url":null,"twitter_image_custom_url":null,"twitter_image_custom_fields":null,"twitter_title":null,"twitter_description":null,"schema":{"blockGraphs":[],"customGraphs":[],"default":{"data":{"Article":[],"Course":[],"Dataset":[],"FAQPage":[],"Movie":[],"Person":[],"Product":[],"ProductReview":[],"Car":[],"Recipe":[],"Service":[],"SoftwareApplication":[],"WebPage":[]},"graphName":"WebPage","isEnabled":true},"graphs":[]},"schema_type":"default","schema_type_options":null,"pillar_content":false,"robots_default":true,"robots_noindex":false,"robots_noarchive":false,"robots_nosnippet":false,"robots_nofollow":false,"robots_noimageindex":false,"robots_noodp":false,"robots_notranslate":false,"robots_max_snippet":"-1","robots_max_videopreview":"-1","robots_max_imagepreview":"large","priority":null,"frequency":"default","local_seo":null,"seo_analyzer_scan_date":null,"breadcrumb_settings":null,"limit_modified_date":false,"reviewed_by":"0","open_ai":null,"ai":{"faqs":[],"keyPoints":[],"titles":[],"descriptions":[],"socialPosts":{"email":[],"linkedin":[],"twitter":[],"facebook":[],"instagram":[]}},"created":"2025-09-04 22:00:19","updated":"2026-02-26 21:24:17"},"aioseo_breadcrumb":"<div class=\"aioseo-breadcrumbs\"><span class=\"aioseo-breadcrumb\">\n\t<a href=\"https:\/\/monatglobal.com\/be\" title=\"Home\">Home<\/a>\n<\/span><span class=\"aioseo-breadcrumb-separator\">&raquo;<\/span><span class=\"aioseo-breadcrumb\">\n\tMONAT Barrier Booster\u2122 Barrier Defense Moisturizer\n<\/span><\/div>","aioseo_breadcrumb_json":[{"label":"Home","link":"https:\/\/monatglobal.com\/be"},{"label":"MONAT Barrier Booster\u2122 Barrier Defense Moisturizer","link":"https:\/\/monatglobal.com\/be\/barrier-booster-moisturizer\/"}],"_links":{"self":[{"href":"https:\/\/monatglobal.com\/be\/wp-json\/wp\/v2\/pages\/108450","targetHints":{"allow":["GET"]}}],"collection":[{"href":"https:\/\/monatglobal.com\/be\/wp-json\/wp\/v2\/pages"}],"about":[{"href":"https:\/\/monatglobal.com\/be\/wp-json\/wp\/v2\/types\/page"}],"author":[{"embeddable":true,"href":"https:\/\/monatglobal.com\/be\/wp-json\/wp\/v2\/users\/57"}],"replies":[{"embeddable":true,"href":"https:\/\/monatglobal.com\/be\/wp-json\/wp\/v2\/comments?post=108450"}],"version-history":[{"count":26,"href":"https:\/\/monatglobal.com\/be\/wp-json\/wp\/v2\/pages\/108450\/revisions"}],"predecessor-version":[{"id":110292,"href":"https:\/\/monatglobal.com\/be\/wp-json\/wp\/v2\/pages\/108450\/revisions\/110292"}],"wp:featuredmedia":[{"embeddable":true,"href":"https:\/\/monatglobal.com\/be\/wp-json\/wp\/v2\/media\/108892"}],"wp:attachment":[{"href":"https:\/\/monatglobal.com\/be\/wp-json\/wp\/v2\/media?parent=108450"}],"wp:term":[{"taxonomy":"category","embeddable":true,"href":"https:\/\/monatglobal.com\/be\/wp-json\/wp\/v2\/categories?post=108450"},{"taxonomy":"post_tag","embeddable":true,"href":"https:\/\/monatglobal.com\/be\/wp-json\/wp\/v2\/tags?post=108450"}],"curies":[{"name":"wp","href":"https:\/\/api.w.org\/{rel}","templated":true}]}}