{"id":108442,"date":"2025-08-22T01:11:21","date_gmt":"2025-08-22T00:11:21","guid":{"rendered":"https:\/\/monatglobal.com\/it\/?page_id=108442"},"modified":"2026-02-26T21:27:58","modified_gmt":"2026-02-26T21:27:58","slug":"barrier-booster-toner","status":"publish","type":"page","link":"https:\/\/monatglobal.com\/be\/barrier-booster-toner\/","title":{"rendered":"MONAT Barrier Booster\u2122 Ceramide Infusion Toner"},"content":{"rendered":"\n\n\t<link rel=\"stylesheet\" href=\"https:\/\/monatglobal.com\/wp-content\/creative_css\/product_styles_sheet.css\" \/>\n   <!--==================================================== ECOMM SECTION ====================================================-->\n       NOUVEAU\n      <!--==================================================== Ecomm image ====================================================-->\n      <!--SEO-->\n      <!--Tonique enrichi en c\u00e9ramides Renforcement de la barri\u00e8re cutan\u00e9e | Hydrater la peau-->\n      <!--Apaisez, hydratez et renforcez votre peau gr\u00e2ce au Tonique enrichi en c\u00e9ramides Renforcement de la barri\u00e8re cutan\u00e9e. Il soutient la barri\u00e8re naturelle pour une peau calme et radieuse.-->\n                <!--Ecomm Image-->\n              <img decoding=\"async\" alt=\"bottle of Barrier Booster Ceramide Infusion Toner\" src=\"https:\/\/monatglobal.com\/wp-content\/uploads\/2025\/08\/CERAMIDE-INFUSION-TONER-ECOMM-2025-min.png\" loading=\"lazy\"\/>\n              <!--Ecomm Image-->\n            <!--before and after front-->\n              <img decoding=\"async\" alt=\"Woman laughing while applying MONAT Barrier Booster\u2122 Ceramide Infusion Toner to her face\" src=\"https:\/\/monatglobal.com\/wp-content\/uploads\/2025\/08\/MONAT-Barrier-Booster-Ceramide-Infusion-Toner-model-close-up-min.jpg\" loading=\"lazy\"\/>\n              \n            <!--before and after front-->\n            <!--before and after back-->\n              <img decoding=\"async\" alt=\"The toner bottle placed in front of a golden splash effect on a soft beige background\" src=\"https:\/\/monatglobal.com\/wp-content\/uploads\/2025\/08\/MONAT-Barrier-Booster-Ceramide-Infusion-Toner-ecomm-product-texture-min.jpg\" loading=\"lazy\"\/>\n              \n            <!--before and after back-->\n              <img decoding=\"async\" alt=\" close up picture image of hands opening a bottle of Barrier Booster Ceramide Infusion Toner \" src=\"https:\/\/monatglobal.com\/wp-content\/uploads\/2025\/08\/MONAT-Barrier-Booster-Ceramide-Infusion-Toner-video-thumbnail-min.jpg\" loading=\"lazy\"\/>\n                      <!--Ecomm Image-->\n                    <img decoding=\"async\" alt=\"bottle of Barrier Booster Ceramide Infusion Toner\" src=\"https:\/\/monatglobal.com\/wp-content\/uploads\/2025\/08\/CERAMIDE-INFUSION-TONER-ECOMM-2025-min.png\" data-lbxp=\"\" loading=\"lazy\"\/>\n                    <!--Ecomm Image-->\n                  <!--before and after front-->\n                    <img decoding=\"async\" alt=\"Woman laughing while applying MONAT Barrier Booster\u2122 Ceramide Infusion Toner to her face\" src=\"https:\/\/monatglobal.com\/wp-content\/uploads\/2025\/08\/MONAT-Barrier-Booster-Ceramide-Infusion-Toner-model-close-up-min.jpg\" data-lbxp=\"\" loading=\"lazy\"\/>\n                  <!--before and after front-->\n                  <!--before and after back-->\n                    <img decoding=\"async\" alt=\"The toner bottle placed in front of a golden splash effect on a soft beige background\" src=\"https:\/\/monatglobal.com\/wp-content\/uploads\/2025\/08\/MONAT-Barrier-Booster-Ceramide-Infusion-Toner-ecomm-product-texture-min.jpg\" data-lbxp=\"\" loading=\"lazy\"\/>\n                  <!--before and after back-->\n                    <img decoding=\"async\" alt=\"close up picture image of hands opening a bottle of Barrier Booster Ceramide Infusion Toner\" src=\"https:\/\/monatglobal.com\/wp-content\/uploads\/2025\/08\/MONAT-Barrier-Booster-Ceramide-Infusion-Toner-video-thumbnail-min.jpg\" loading=\"lazy\"\/>\n      <!--==================================================== Ecomm information  ====================================================-->\n         \n         NOUVEAU\n         <p>MONAT<\/p>\n         <h1>MONAT Barrier Booster\u2122 <br \/>Tonique Infus\u00e9 aux C\u00e9ramides <\/h1>\n         <p>Pr\u00e9pare et apaise tout en aidant \u00e0 renforcer la barri\u00e8re cutan\u00e9e naturelle.<\/p> \n         <p> 120 ml e 4 oz liq.<\/p> \n      <!--==================================================== pricing box  ====================================================-->   \n         <p>Prix de d\u00e9tail<br \/>\u20ac00.00<\/p>\n         <p>Prix de client VIP<br \/>\u20ac00.00<\/p>\n      <!--==================================================== pricing box  ====================================================-->     \n         <p>Pour en savoir plus sur le MONAT Barrier Booster\u2122 Tonique Infus\u00e9 aux C\u00e9ramides, veuillez contacter votre partenaire de march\u00e9&nbsp;MONAT.<\/p>\n      <a href=\"\" target=\"_blank\" role=\"button\" aria-label=\"\" rel=\"noopener\"><\/a>\n   <!--==================================================== \/ECOMM SECTION  ====================================================--> \n   <!--==================================================== Benefits image ====================================================-->\n  \n    <source media=\"(max-width: 700px)\" srcset=\"https:\/\/monatglobal.com\/wp-content\/uploads\/2025\/08\/MONAT-Barrier-Booster-Ceramide-Infusion-Toner-benefits-mobile-min.jpg\" loading=\"lazy\"\/>\n      <img decoding=\"async\" src=\"https:\/\/monatglobal.com\/wp-content\/uploads\/2025\/08\/MONAT-Barrier-Booster-Ceramide-Infusion-Toner-benefits-min.jpg\" \n      alt=\"Close-up of a woman with glowing skin, smiling while holding the toner bottle next to her cheek\" loading=\"lazy\"\/>\n    \n   <!--==================================================== Benefits text ====================================================-->\n         <h2>BIENFAITS<\/h2>\n         <h3>Votre barri\u00e8re cutan\u00e9e est votre meilleur bouclier. <br \/>Lorsqu&rsquo;elle est affaiblie par les agressions quotidiennes, cela peut entra\u00eener s\u00e9cheresse, pores obstru\u00e9s et sensibilit\u00e9.<\/h3> \n         <p>Le<strong> MONAT Barrier Booster\u2122 Tonique Infus\u00e9 aux C\u00e9ramides <\/strong>est l\u00e0 pour apaiser et calmer votre peau. Sa formule renforce, hydrate et r\u00e9conforte la peau afin que vous puissiez rayonner en toute confiance.<\/p> \n         *Based on a 28-day consumer study with 48 participants, performed by a third-party laboratory. \n\n         <!--==================================================== features image  ====================================================-->\n         <img decoding=\"async\" alt=\"Three pink toner bottles stacked creatively against a light pink background\" src=\"https:\/\/monatglobal.com\/wp-content\/uploads\/2025\/08\/MONAT-Barrier-Booster-Ceramide-Infusion-Toner-features-min.jpg\" loading=\"lazy\"\/>\n      <!--==================================================== features text ====================================================-->\n            <h3>Caract\u00e9ristiques<\/h3>  \n               <p>\/ 98 % d&rsquo;ingr\u00e9dients d&rsquo;origine naturelle<\/p>\n               <p>\/ Renforce la barri\u00e8re cutan\u00e9e<\/p>\n               <p>\/ Hydrate la peau<\/p>\n               <p>\/ Aide \u00e0 apaiser et calmer la peau tout en r\u00e9duisant les rougeurs<\/p>\n               <p>\/ Convient \u00e0 tous les types de peau, y compris les peaux sensibles<\/p>\n            \n            *Based on a 24-hour instrumental test with 22 participants measuring skin moisturization after product application. Performed by a third-party laboratory.  \n\n<br \/>\n            <p>Parfum  \/ Sans parfum<\/p>\n            <p> Texture \/ Texture laiteuse<\/p>   \n   <!--==================================================== composition image mobile ====================================================-->\n   <img decoding=\"async\" alt=\"MONAT Barrier Booster\u2122 Ceramide Infusion Toner bottle with creamy liquid dripping from a fresh pineapple slice above, set against a pink and yellow gradient background\" src=\"https:\/\/monatglobal.com\/wp-content\/uploads\/2025\/08\/MONAT-Barrier-Booster-Ceramide-Infusion-Toner-composition-min.jpg\" loading=\"lazy\"\/>\n   <!--==================================================== Why it works text ====================================================-->\n      <h2>Protection aux peptides pour une peau \u00e9clatante effet \u00ab\u00a0glass skin\u00a0\u00bb<\/h2>\n      <h3>Formul\u00e9 avec des ingr\u00e9dients cliniquement prouv\u00e9s, dont des peptides, des c\u00e9ramides et de l&rsquo;extrait de feuille de th\u00e9 vert, ce tonique bienfaisant pour la peau renforce la barri\u00e8re cutan\u00e9e et aide \u00e0 pr\u00e9parer, apaiser et calmer la peau pour un teint visiblement&nbsp;plus lumineux.<\/h3>\n      <p>Use with our award-winning <a href=\"https:\/\/monatglobal.com\/eye-smooth\/\">Eye Smooth\u2122 Nourishing Eye Cream<\/a> for the ultimate eye care duo.<\/p>\n<!--==================================================== Composition section ====================================================-->\n      <img decoding=\"async\" alt=\"MONAT Barrier Booster\u2122 Ceramide Infusion Toner bottle with creamy liquid dripping from a fresh pineapple slice above, set against a pink and yellow gradient background\" src=\"https:\/\/monatglobal.com\/wp-content\/uploads\/2025\/08\/MONAT-Barrier-Booster-Ceramide-Infusion-Toner-composition-min.jpg\" loading=\"lazy\"\/>\n      <img decoding=\"async\" alt=\"Woman in a white top smiling while gently applying the MONAT Barrier Booster\u2122 Ceramide Infusion Toner to her face\" src=\"https:\/\/monatglobal.com\/wp-content\/uploads\/2025\/08\/MONAT-Barrier-Booster-Ceramide-Infusion-Toner-composition-model-min.jpg\" loading=\"lazy\"\/>\n            <!--==================================================== Directions text ====================================================--> \n               <h3>Mode d&#8217;emploi<\/h3>\n                    <p>\/ Bien agiter avant usage. Appliquer dans la paume des mains, tapoter et presser sur le visage, le cou et le d\u00e9collet\u00e9. <\/p>\n                    <p>\/ Ne pas rincer. <\/p>\n                    <p>\/ Utiliser matin et soir.<\/p>\n            <!--==================================================== Directions video ====================================================-->\n  <a href=\"\" target=\"_blank\" role=\"button\" aria-label=\"\" rel=\"noopener\"><\/a>\n   <!--==================================================== Ingredients section  ====================================================-->\n      <h2>Ingr\u00e9dients cl\u00e9s<\/h2>\n          <img decoding=\"async\" src=\"https:\/\/monatglobal.com\/wp-content\/uploads\/2025\/08\/Pineapple-Fruit-Crown.svg\" alt=\"icon of Couronne d'ananas\"\/> \n      <p>Couronne d&rsquo;ananas <\/p>\n              <img decoding=\"async\" src=\"https:\/\/monatglobal.com\/wp-content\/uploads\/2025\/08\/Ceramides-Complex.svg\" alt=\"icon of Complexe de c\u00e9ramides\"\/>\n      <p>Complexe de c\u00e9ramides<\/p>\n           <img decoding=\"async\" src=\"https:\/\/monatglobal.com\/wp-content\/uploads\/2025\/08\/Peptide-Blend.svg\" alt=\"icon of M\u00e9lange de peptides\"\/>\n      <p>M\u00e9lange de peptides<\/p>\n            <img decoding=\"async\" src=\"https:\/\/monatglobal.com\/wp-content\/uploads\/2025\/08\/GREEN-TEA-ICON.svg\" alt=\"icon of Extrait de feuille de th\u00e9 vert\"\/> \n      <p>Extrait de feuille de th\u00e9 vert<\/p>\n        <button id=\"myBtn\" type=\"button\">INGR\u00c9DIENTS<\/button>\n      <!--==================================================== Modal content  ====================================================-->\n         &times;\n         Aqua\/Water\/Eau, Glycerin, C12-15 Alkyl Benzoate, Coco-Caprylate\/Caprate,\nPolyglyceryl-10 Oleate, Propanediol, Saccharomyces\/Hydrolyzed Pineapple Fruit Crown Extract Ferment Filtrate, Hexapeptide-11, Tripeptide-29, Ceramide EOP, Lactobacillus Ferment, Ceramide NP, Ceramide AP, Hydroxyacetophenone, Phytosphingosine, Sodium Levulinate, Camellia Sinensis Leaf Extract, Xanthan Gum,Polysorbate 60, Sorbitan Isostearate, Butylene Glycol, Polyglyceryl-10 Stearate, Polyglyceryl-6 Behenate, Cholesterol, Behenic Acid, Cetearyl Alcohol, Glyceryl Stearate, 1,2-Hexanediol, Triethyl Citrate, Hydroxyethyl Acrylate\/Sodium Acryloyldimethyl Taurate Copolymer, Pentylene Glycol, Caprylyl Glycol, Citric Acid,\nEthylhexylglycerin, Potassium Sorbate, Chlorphenesin, Sodium Cetearyl Sulfate, Sodium Benzoate.\n   <!--==================================================== You might also like section ====================================================-->\n      <h2>VOUS POURRIEZ AUSSI AIMER<\/h2>\n      <!--==================================================== Slider YOU MIGHT ALSO LIKE ====================================================-->\n         <!--==================================================== If we need navigation buttons  ====================================================-->\n         <!--==================================================== If we need paginations  ====================================================-->\n    <a href=\"\" aria-label=\"\"><\/a>\n\n","protected":false},"excerpt":{"rendered":"<p>NOUVEAU NOUVEAU MONAT MONAT Barrier Booster\u2122 Tonique Infus\u00e9 aux C\u00e9ramides Pr\u00e9pare et apaise tout en aidant \u00e0 renforcer la barri\u00e8re cutan\u00e9e naturelle. 120 ml e 4 oz liq. Prix de d\u00e9tail\u20ac00.00 Prix de client VIP\u20ac00.00 Pour en savoir plus sur le MONAT Barrier Booster\u2122 Tonique Infus\u00e9 aux C\u00e9ramides, veuillez contacter votre partenaire de march\u00e9&nbsp;MONAT. BIENFAITS&hellip;<\/p>\n","protected":false},"author":57,"featured_media":108894,"parent":0,"menu_order":0,"comment_status":"closed","ping_status":"closed","template":"","meta":{"inline_featured_image":false,"om_disable_all_campaigns":false,"footnotes":""},"categories":[45],"tags":[],"class_list":["post-108442","page","type-page","status-publish","has-post-thumbnail","hentry","category-product-be-fr"],"aioseo_notices":[],"aioseo_head":"\n\t\t<!-- All in One SEO Pro 4.9.5.2 - aioseo.com -->\n\t<meta name=\"description\" content=\"Apaisez, hydratez et renforcez votre peau gr\u00e2ce au Tonique enrichi en c\u00e9ramides Renforcement de la barri\u00e8re cutan\u00e9e. Il soutient la barri\u00e8re naturelle pour une peau calme et radieuse.\" \/>\n\t<meta name=\"robots\" content=\"max-image-preview:large\" \/>\n\t<link rel=\"canonical\" href=\"https:\/\/monatglobal.com\/be\/barrier-booster-toner\/\" \/>\n\t<meta name=\"generator\" content=\"All in One SEO Pro (AIOSEO) 4.9.5.2\" \/>\n\t\t<meta property=\"og:locale\" content=\"fr_FR\" \/>\n\t\t<meta property=\"og:site_name\" content=\"MONAT Belgium - We Are Modern Nature\u2122\" \/>\n\t\t<meta property=\"og:type\" content=\"article\" \/>\n\t\t<meta property=\"og:title\" content=\"Tonique enrichi en c\u00e9ramides Renforcement de la barri\u00e8re cutan\u00e9e | Hydrater la peau\" \/>\n\t\t<meta property=\"og:description\" content=\"Apaisez, hydratez et renforcez votre peau gr\u00e2ce au Tonique enrichi en c\u00e9ramides Renforcement de la barri\u00e8re cutan\u00e9e. Il soutient la barri\u00e8re naturelle pour une peau calme et radieuse.\" \/>\n\t\t<meta property=\"og:url\" content=\"https:\/\/monatglobal.com\/be\/barrier-booster-toner\/\" \/>\n\t\t<meta property=\"article:published_time\" content=\"2025-08-22T00:11:21+00:00\" \/>\n\t\t<meta property=\"article:modified_time\" content=\"2026-02-26T21:27:58+00:00\" \/>\n\t\t<meta name=\"twitter:card\" content=\"summary_large_image\" \/>\n\t\t<meta name=\"twitter:title\" content=\"Tonique enrichi en c\u00e9ramides Renforcement de la barri\u00e8re cutan\u00e9e | Hydrater la peau\" \/>\n\t\t<meta name=\"twitter:description\" content=\"Apaisez, hydratez et renforcez votre peau gr\u00e2ce au Tonique enrichi en c\u00e9ramides Renforcement de la barri\u00e8re cutan\u00e9e. Il soutient la barri\u00e8re naturelle pour une peau calme et radieuse.\" \/>\n\t\t<script type=\"application\/ld+json\" class=\"aioseo-schema\">\n\t\t\t{\"@context\":\"https:\\\/\\\/schema.org\",\"@graph\":[{\"@type\":\"BreadcrumbList\",\"@id\":\"https:\\\/\\\/monatglobal.com\\\/be\\\/barrier-booster-toner\\\/#breadcrumblist\",\"itemListElement\":[{\"@type\":\"ListItem\",\"@id\":\"https:\\\/\\\/monatglobal.com\\\/be#listItem\",\"position\":1,\"name\":\"Home\",\"item\":\"https:\\\/\\\/monatglobal.com\\\/be\",\"nextItem\":{\"@type\":\"ListItem\",\"@id\":\"https:\\\/\\\/monatglobal.com\\\/be\\\/barrier-booster-toner\\\/#listItem\",\"name\":\"MONAT Barrier Booster\\u2122 Ceramide Infusion Toner\"}},{\"@type\":\"ListItem\",\"@id\":\"https:\\\/\\\/monatglobal.com\\\/be\\\/barrier-booster-toner\\\/#listItem\",\"position\":2,\"name\":\"MONAT Barrier Booster\\u2122 Ceramide Infusion Toner\",\"previousItem\":{\"@type\":\"ListItem\",\"@id\":\"https:\\\/\\\/monatglobal.com\\\/be#listItem\",\"name\":\"Home\"}}]},{\"@type\":\"Organization\",\"@id\":\"https:\\\/\\\/monatglobal.com\\\/be\\\/#organization\",\"name\":\"MONAT Belgium\",\"description\":\"We Are Modern Nature\\u2122\",\"url\":\"https:\\\/\\\/monatglobal.com\\\/be\\\/\"},{\"@type\":\"WebPage\",\"@id\":\"https:\\\/\\\/monatglobal.com\\\/be\\\/barrier-booster-toner\\\/#webpage\",\"url\":\"https:\\\/\\\/monatglobal.com\\\/be\\\/barrier-booster-toner\\\/\",\"name\":\"Tonique enrichi en c\\u00e9ramides Renforcement de la barri\\u00e8re cutan\\u00e9e | Hydrater la peau\",\"description\":\"Apaisez, hydratez et renforcez votre peau gr\\u00e2ce au Tonique enrichi en c\\u00e9ramides Renforcement de la barri\\u00e8re cutan\\u00e9e. Il soutient la barri\\u00e8re naturelle pour une peau calme et radieuse.\",\"inLanguage\":\"fr-FR\",\"isPartOf\":{\"@id\":\"https:\\\/\\\/monatglobal.com\\\/be\\\/#website\"},\"breadcrumb\":{\"@id\":\"https:\\\/\\\/monatglobal.com\\\/be\\\/barrier-booster-toner\\\/#breadcrumblist\"},\"image\":{\"@type\":\"ImageObject\",\"url\":\"https:\\\/\\\/monatglobal.com\\\/be\\\/wp-content\\\/uploads\\\/sites\\\/23\\\/2025\\\/10\\\/CERAMIDE-INFUSION-TONER-ECOMM-2025-min.png\",\"@id\":\"https:\\\/\\\/monatglobal.com\\\/be\\\/barrier-booster-toner\\\/#mainImage\",\"width\":641,\"height\":800},\"primaryImageOfPage\":{\"@id\":\"https:\\\/\\\/monatglobal.com\\\/be\\\/barrier-booster-toner\\\/#mainImage\"},\"datePublished\":\"2025-08-22T01:11:21+01:00\",\"dateModified\":\"2026-02-26T21:27:58+00:00\"},{\"@type\":\"WebSite\",\"@id\":\"https:\\\/\\\/monatglobal.com\\\/be\\\/#website\",\"url\":\"https:\\\/\\\/monatglobal.com\\\/be\\\/\",\"name\":\"MONAT Belgium\",\"description\":\"We Are Modern Nature\\u2122\",\"inLanguage\":\"fr-FR\",\"publisher\":{\"@id\":\"https:\\\/\\\/monatglobal.com\\\/be\\\/#organization\"}}]}\n\t\t<\/script>\n\t\t<!-- All in One SEO Pro -->\r\n\t\t<title>Tonique enrichi en c\u00e9ramides Renforcement de la barri\u00e8re cutan\u00e9e | Hydrater la peau<\/title>\n\n","aioseo_head_json":{"title":"Tonique enrichi en c\u00e9ramides Renforcement de la barri\u00e8re cutan\u00e9e | Hydrater la peau","description":"Apaisez, hydratez et renforcez votre peau gr\u00e2ce au Tonique enrichi en c\u00e9ramides Renforcement de la barri\u00e8re cutan\u00e9e. Il soutient la barri\u00e8re naturelle pour une peau calme et radieuse.","canonical_url":"https:\/\/monatglobal.com\/be\/barrier-booster-toner\/","robots":"max-image-preview:large","keywords":"","webmasterTools":{"miscellaneous":""},"schema":{"@context":"https:\/\/schema.org","@graph":[{"@type":"BreadcrumbList","@id":"https:\/\/monatglobal.com\/be\/barrier-booster-toner\/#breadcrumblist","itemListElement":[{"@type":"ListItem","@id":"https:\/\/monatglobal.com\/be#listItem","position":1,"name":"Home","item":"https:\/\/monatglobal.com\/be","nextItem":{"@type":"ListItem","@id":"https:\/\/monatglobal.com\/be\/barrier-booster-toner\/#listItem","name":"MONAT Barrier Booster\u2122 Ceramide Infusion Toner"}},{"@type":"ListItem","@id":"https:\/\/monatglobal.com\/be\/barrier-booster-toner\/#listItem","position":2,"name":"MONAT Barrier Booster\u2122 Ceramide Infusion Toner","previousItem":{"@type":"ListItem","@id":"https:\/\/monatglobal.com\/be#listItem","name":"Home"}}]},{"@type":"Organization","@id":"https:\/\/monatglobal.com\/be\/#organization","name":"MONAT Belgium","description":"We Are Modern Nature\u2122","url":"https:\/\/monatglobal.com\/be\/"},{"@type":"WebPage","@id":"https:\/\/monatglobal.com\/be\/barrier-booster-toner\/#webpage","url":"https:\/\/monatglobal.com\/be\/barrier-booster-toner\/","name":"Tonique enrichi en c\u00e9ramides Renforcement de la barri\u00e8re cutan\u00e9e | Hydrater la peau","description":"Apaisez, hydratez et renforcez votre peau gr\u00e2ce au Tonique enrichi en c\u00e9ramides Renforcement de la barri\u00e8re cutan\u00e9e. Il soutient la barri\u00e8re naturelle pour une peau calme et radieuse.","inLanguage":"fr-FR","isPartOf":{"@id":"https:\/\/monatglobal.com\/be\/#website"},"breadcrumb":{"@id":"https:\/\/monatglobal.com\/be\/barrier-booster-toner\/#breadcrumblist"},"image":{"@type":"ImageObject","url":"https:\/\/monatglobal.com\/be\/wp-content\/uploads\/sites\/23\/2025\/10\/CERAMIDE-INFUSION-TONER-ECOMM-2025-min.png","@id":"https:\/\/monatglobal.com\/be\/barrier-booster-toner\/#mainImage","width":641,"height":800},"primaryImageOfPage":{"@id":"https:\/\/monatglobal.com\/be\/barrier-booster-toner\/#mainImage"},"datePublished":"2025-08-22T01:11:21+01:00","dateModified":"2026-02-26T21:27:58+00:00"},{"@type":"WebSite","@id":"https:\/\/monatglobal.com\/be\/#website","url":"https:\/\/monatglobal.com\/be\/","name":"MONAT Belgium","description":"We Are Modern Nature\u2122","inLanguage":"fr-FR","publisher":{"@id":"https:\/\/monatglobal.com\/be\/#organization"}}]},"og:locale":"fr_FR","og:site_name":"MONAT Belgium - We Are Modern Nature\u2122","og:type":"article","og:title":"Tonique enrichi en c\u00e9ramides Renforcement de la barri\u00e8re cutan\u00e9e | Hydrater la peau","og:description":"Apaisez, hydratez et renforcez votre peau gr\u00e2ce au Tonique enrichi en c\u00e9ramides Renforcement de la barri\u00e8re cutan\u00e9e. Il soutient la barri\u00e8re naturelle pour une peau calme et radieuse.","og:url":"https:\/\/monatglobal.com\/be\/barrier-booster-toner\/","article:published_time":"2025-08-22T00:11:21+00:00","article:modified_time":"2026-02-26T21:27:58+00:00","twitter:card":"summary_large_image","twitter:title":"Tonique enrichi en c\u00e9ramides Renforcement de la barri\u00e8re cutan\u00e9e | Hydrater la peau","twitter:description":"Apaisez, hydratez et renforcez votre peau gr\u00e2ce au Tonique enrichi en c\u00e9ramides Renforcement de la barri\u00e8re cutan\u00e9e. Il soutient la barri\u00e8re naturelle pour une peau calme et radieuse."},"aioseo_meta_data":{"post_id":"108442","title":"Tonique enrichi en c\u00e9ramides Renforcement de la barri\u00e8re cutan\u00e9e | Hydrater la peau","description":"Apaisez, hydratez et renforcez votre peau gr\u00e2ce au Tonique enrichi en c\u00e9ramides Renforcement de la barri\u00e8re cutan\u00e9e. Il soutient la barri\u00e8re naturelle pour une peau calme et radieuse.","keywords":null,"keyphrases":{"focus":{"keyphrase":"","score":0,"analysis":{"keyphraseInTitle":{"score":0,"maxScore":9,"error":1}}},"additional":[]},"primary_term":null,"canonical_url":null,"og_title":null,"og_description":null,"og_object_type":"default","og_image_type":"default","og_image_url":null,"og_image_width":null,"og_image_height":null,"og_image_custom_url":null,"og_image_custom_fields":null,"og_video":"","og_custom_url":null,"og_article_section":null,"og_article_tags":null,"twitter_use_og":false,"twitter_card":"default","twitter_image_type":"default","twitter_image_url":null,"twitter_image_custom_url":null,"twitter_image_custom_fields":null,"twitter_title":null,"twitter_description":null,"schema":{"blockGraphs":[],"customGraphs":[],"default":{"data":{"Article":[],"Course":[],"Dataset":[],"FAQPage":[],"Movie":[],"Person":[],"Product":[],"ProductReview":[],"Car":[],"Recipe":[],"Service":[],"SoftwareApplication":[],"WebPage":[]},"graphName":"WebPage","isEnabled":true},"graphs":[]},"schema_type":"default","schema_type_options":null,"pillar_content":false,"robots_default":true,"robots_noindex":false,"robots_noarchive":false,"robots_nosnippet":false,"robots_nofollow":false,"robots_noimageindex":false,"robots_noodp":false,"robots_notranslate":false,"robots_max_snippet":"-1","robots_max_videopreview":"-1","robots_max_imagepreview":"large","priority":null,"frequency":"default","local_seo":null,"seo_analyzer_scan_date":null,"breadcrumb_settings":null,"limit_modified_date":false,"reviewed_by":"0","open_ai":null,"ai":{"faqs":[],"keyPoints":[],"titles":[],"descriptions":[],"socialPosts":{"email":[],"linkedin":[],"twitter":[],"facebook":[],"instagram":[]}},"created":"2025-09-04 22:00:19","updated":"2026-02-26 22:33:21"},"aioseo_breadcrumb":"<div class=\"aioseo-breadcrumbs\"><span class=\"aioseo-breadcrumb\">\n\t<a href=\"https:\/\/monatglobal.com\/be\" title=\"Home\">Home<\/a>\n<\/span><span class=\"aioseo-breadcrumb-separator\">&raquo;<\/span><span class=\"aioseo-breadcrumb\">\n\tMONAT Barrier Booster\u2122 Ceramide Infusion Toner\n<\/span><\/div>","aioseo_breadcrumb_json":[{"label":"Home","link":"https:\/\/monatglobal.com\/be"},{"label":"MONAT Barrier Booster\u2122 Ceramide Infusion Toner","link":"https:\/\/monatglobal.com\/be\/barrier-booster-toner\/"}],"_links":{"self":[{"href":"https:\/\/monatglobal.com\/be\/wp-json\/wp\/v2\/pages\/108442","targetHints":{"allow":["GET"]}}],"collection":[{"href":"https:\/\/monatglobal.com\/be\/wp-json\/wp\/v2\/pages"}],"about":[{"href":"https:\/\/monatglobal.com\/be\/wp-json\/wp\/v2\/types\/page"}],"author":[{"embeddable":true,"href":"https:\/\/monatglobal.com\/be\/wp-json\/wp\/v2\/users\/57"}],"replies":[{"embeddable":true,"href":"https:\/\/monatglobal.com\/be\/wp-json\/wp\/v2\/comments?post=108442"}],"version-history":[{"count":26,"href":"https:\/\/monatglobal.com\/be\/wp-json\/wp\/v2\/pages\/108442\/revisions"}],"predecessor-version":[{"id":110296,"href":"https:\/\/monatglobal.com\/be\/wp-json\/wp\/v2\/pages\/108442\/revisions\/110296"}],"wp:featuredmedia":[{"embeddable":true,"href":"https:\/\/monatglobal.com\/be\/wp-json\/wp\/v2\/media\/108894"}],"wp:attachment":[{"href":"https:\/\/monatglobal.com\/be\/wp-json\/wp\/v2\/media?parent=108442"}],"wp:term":[{"taxonomy":"category","embeddable":true,"href":"https:\/\/monatglobal.com\/be\/wp-json\/wp\/v2\/categories?post=108442"},{"taxonomy":"post_tag","embeddable":true,"href":"https:\/\/monatglobal.com\/be\/wp-json\/wp\/v2\/tags?post=108442"}],"curies":[{"name":"wp","href":"https:\/\/api.w.org\/{rel}","templated":true}]}}