{"id":69897,"date":"2022-06-30T17:11:42","date_gmt":"2022-06-30T17:11:42","guid":{"rendered":"https:\/\/monatglobal.com\/au\/?page_id=69897"},"modified":"2026-02-26T21:42:48","modified_gmt":"2026-02-26T21:42:48","slug":"vinegar-shampoo","status":"publish","type":"page","link":"https:\/\/monatglobal.com\/au\/vinegar-shampoo\/","title":{"rendered":"Purifying Vinegar Shampoo"},"content":{"rendered":"\n\n\t<link rel=\"stylesheet\" href=\"https:\/\/unpkg.com\/swiper\/swiper-bundle.min.css\" \/>\n<link rel=\"stylesheet\" href=\"https:\/\/monatglobal.com\/wp-content\/creative_css\/product_styles_sheet.css\" \/>\n   <!--==================================================== ECOMM SECTION ====================================================-->\n      <!--==================================================== Ecomm image ====================================================-->\n       \n      <img decoding=\"async\" src=\"https:\/\/monatglobal.com\/es\/wp-content\/uploads\/sites\/10\/2021\/12\/Purifying-vinegar-shampoo-ecomm-2022.png\" alt=\"Champ\u00fa purificante con vinagre\" loading=\"lazy\"\/>\n         \n      <!--==================================================== Ecomm information  ====================================================-->\n         \n         NEW\n         <h1>Purifying<br \/>Vinegar<br \/>Shampoo<\/h1> \n         \n         <p>Deeply cleanses, purifies,and hydrates, leaving the hair looking fresh and clean.<\/p>\n         <p>237 ml \u212e 8 fl. oz<\/p>\n        <!--==================================================== pricing box  ====================================================--> \n   <p>Retail Price<br \/>$00.00<\/p>\n   <p>VIP Customer Price<br \/>$00.00<\/p> \n         <!--==================================================== pricing box  ====================================================-->\n         <p>To learn more about Purifying Vinegar Shampoo, please contact your MONAT Market&nbsp;Partner. <\/p>\n           <a href=\"\" target=\"_blank\" role=\"button\" aria-label=\"\" rel=\"noopener\"><\/a>\n   <!--==================================================== \/ECOMM SECTION  ====================================================-->\n   <!--==================================================== Benefits image ====================================================-->\n  \n    <source media=\"(max-width: 700px)\" srcset=\"https:\/\/monatglobal.com\/es\/wp-content\/uploads\/sites\/10\/2021\/12\/Purifying-Vinegar-Shampoo-benefits_mobile.jpg\" loading=\"lazy\"\/>\n      <img decoding=\"async\" src=\"https:\/\/monatglobal.com\/es\/wp-content\/uploads\/sites\/10\/2021\/12\/Purifying-Vinegar-Shampoo-benefits-.jpg\" \n      alt=\"\" loading=\"lazy\"\/>\n    \n   <!--==================================================== Benefits text ====================================================-->\n         <h2>FEATURES<\/h2>\n         <h3>A gentle, high-performance shampoo infused with apple cider vinegar and potent AHAs to help break down and dissolve dead skin cells, stubborn product buildup, and environmental pollutants that cause lackluster hair.<\/h3>\n         <!--==================================================== features image  ====================================================-->\n         <img decoding=\"async\" alt=\"\" src=\"https:\/\/monatglobal.com\/es\/wp-content\/uploads\/sites\/10\/2021\/12\/Purifying-Vinegar-Shampoo-features.jpg\" loading=\"lazy\"\/>\n      <!--==================================================== features text ====================================================--> \n            <h3>Benefits<\/h3>\n               <p>\/ Reduces excess oil and revitalises the appearance of the scalp<\/p>\n               <p>\/ Removes dirt, oil, and buildup<\/p>\n        <p>\/ Neutralises the dulling effects of environmental pollutants<\/p>\n        <p>\/ Maximises shine and makes hair appear smoother<\/p>\n         <p>\/ Helps extend time between shampoos<\/p>\n               <br \/>\n            <p>Fragrance \/ Unwind and enjoy a coconut-forward, citrusy aroma with notes of blood orange, coconut husk, cashew nut and&nbsp;sandalwood. <\/p>\n            <p> Texture \/ Cream <\/p>\n   <!--==================================================== composition image mobile ====================================================-->\n   <img decoding=\"async\" alt=\"\" src=\"https:\/\/monatglobal.com\/wp-content\/uploads\/2021\/08\/grey-image-placeholder.jpg\" loading=\"lazy\"\/>\n   <!--==================================================== Why it works text ====================================================-->\n      <h2>REJUVENECE Y CALMA<\/h2>\n      <h3>A gentle, high-performance shampoo infused with apple cider vinegar and potent AHAs to help reduce excess oil, stubborn product buildup, and environmental pollutants that cause lackluster hair<\/h3>\n      Formulado con \u00e1cidos frutales naturales (AHA), extractos de az\u00facar granulado naturalmente exfoliantes, \n      REJUVENIQE S\u2122 y semillas de ar\u00e1ndanos ideales para limpiar la piel y lucir un cutis suave y de aspecto saludable. Este fresco y \n      moderno producto multiacci\u00f3n te permite , en menos de 5 minutos, refinar y exfoliar tu&nbsp;piel.\n<!--==================================================== Composition section ====================================================-->\n      <img decoding=\"async\" alt=\"\" src=\"https:\/\/monatglobal.com\/es\/wp-content\/uploads\/sites\/10\/2021\/12\/Purifying-Vinegar-Shampoo-comp-1.jpg\" loading=\"lazy\"\/>\n      <img decoding=\"async\" alt=\"\" \n      src=\"https:\/\/monatglobal.com\/es\/wp-content\/uploads\/sites\/10\/2021\/12\/Purifying-Vinegar-Shampoo-comp-3.jpg\" loading=\"lazy\"\/>\n            <!--==================================================== Directions text ====================================================--> \n               <h3>Directions<\/h3>\n                    <p>\/ Emulsify in hands and apply to wet hair.<\/p>\n                    <p>\/ Leave on for 1-2 minutes.<\/p> \n                    <p>\/ Rinse and repeat.<\/p>\n                    <p>\/ For optimal results, follow with your favorite MONAT conditioner.<\/p>\n            <!--==================================================== Directions video ====================================================-->\n      <p>Be Balanced\u2122 <br \/>Lightweight Moisturizer <br \/>0:35<\/p>\n         <!--==================================================== Suggestion image  ====================================================-->\n         <img decoding=\"async\" alt=\"\" src=\"https:\/\/monatglobal.com\/es\/wp-content\/uploads\/sites\/10\/2021\/12\/berry-refined-scrub-features-SUGGESTIONS.jpg\" loading=\"lazy\"\/>\n      <!--==================================================== Suggestion text ====================================================-->\n            <h3>Sugerencias<\/h3>\n               \/ Personaliza el nivel de exfoliaci\u00f3n utilizando menos agua para una exfoliaci\u00f3n m\u00e1s profunda, o m\u00e1s agua \n               para una exfoliaci\u00f3n m\u00e1s&nbsp;suave.\n               <p>\/ Aplica protector solar 15 minutos antes de salir a la&nbsp;calle.<\/p>\n       <a href=\"\" target=\"_blank\" role=\"button\" aria-label=\"\" rel=\"noopener\"><\/a>\n   <!--==================================================== Ingredients section  ====================================================-->\n      <h2>KEY INGREDIENTS<\/h2>\n      <p>Apple Cider Vinegar<\/p>\n      <p>Vitamin B6<\/p>\n      <p>Superfruit AHAs<\/p>\n        <button id=\"myBtn\" type=\"button\">SEE FULL INGREDIENTS LIST<\/button>\n      <!--==================================================== Modal content  ====================================================-->\n         &times;\n         <p>Aqua\/Water\/Eau, Sodium C14-16 Olefin Sulfonate, Sodium Cocoyl Glutamate, Polysorbate 20, Cocamidopropyl Betaine, Cocamide MIPA, Acetum\/Vinegar\/Vinaigre, Pyridoxine HCl, Menthol, Propanediol, Cassia Hydroxypropyltrimonium Chloride, Sodium Isethionate, Mangifera Indica (Mango) Pulp Extract, Musa Sapientum (Banana) Pulp Extract, Glycerin, Sodium Polyglutamate, Sodium Acetate, Saccharum Officinarum\/Sugar Cane Extract\/Extrait de canne \u00e0 sucre, Benzyl Alcohol, Maclura Cochinchinensis Leaf Prenylflavonoids, Glycolic Acid, Limnanthes Alba (Meadowfoam) Seed Oil, Crambe Abyssinica Seed Oil, Camellia Oleifera Seed Oil, Solanum Lycopersicum (Tomato) Seed Oil, Daucus Carota Sativa (Carrot) Seed Oil, Citrus Limon (Lemon) Peel Oil, Citrus Aurantifolia (Lime) Oil, Citrus Aurantium Bergamia (Bergamot) Fruit Oil, Adansonia Digitata Oil, Mauritia Flexuosa Fruit Oil, Cocos Nucifera (Coconut) Oil, Gardenia Taitensis Flower Extract, Moringa Oleifera Seed Oil, Caryocar Brasiliense Fruit Oil, Helianthus Annuus (Sunflower) Seed Oil, Citric Acid, Sodium Cocoyl Isethionate, PEG-120 Methyl Glucose Dioleate, PEG-150 Distearate, Sodium Stearoyl Lactylate, Sodium Chloride, Sodium Benzoate, Potassium Sorbate, Coconut Acid, Polyquaternium-7, Fragrance\/Parfum.<\/p>\n   <!--==================================================== You might also like section ====================================================-->\n      <h2>YOU MIGHT ALSO LIKE<\/h2>\n      <!--==================================================== Slider YOU MIGHT ALSO LIKE ====================================================-->\n          <!---->\n          <!--   -->\n                <!-- Slides products-->\n          <!--      -->\n          <!--         <a href=\"\/au\/vinegar-scrub\/\" aria-label=\"Go to Scalp Purifying Scrub< shop\">-->\n          <!--          <img decoding=\"async\" src=\"https:\/\/monatglobal.com\/wp-content\/uploads\/2022\/12\/Scalp-purifying-scrub_Ecomm-min.png\" alt=\"Scalp Purifying Scrub\" loading=\"lazy\"\/>-->\n          <!--          <p>Scalp Purifying Scrub<\/p>-->\n          <!--        <\/a>-->\n          <!--      -->\n          <!--      -->\n          <!--         <a href=\"\/au\/the-champ-conditioning-dry-shampoo\/\" aria-label=\"Go to MONAT STUDIO ONE THE CHAMP\u2122 Conditioning Dry Shampoo shop\">-->\n          <!--          <img decoding=\"async\" src=\"https:\/\/monatglobal.com\/wp-content\/uploads\/2022\/12\/CHAMPU-ACONDICIONADOR-EN-SECO-MONAT-STUDIO-ONE-THE-CHAMP-ecomm.png\" alt=\"MONAT STUDIO ONE THE CHAMP\u2122 Conditioning Dry Shampoo\" loading=\"lazy\"\/>-->\n          <!--          <p>MONAT STUDIO ONE<br \/>THE CHAMP\u2122<br \/>Conditioning Dry Shampoo<\/p>-->\n          <!--        <\/a>-->\n          <!--      -->\n          <!--      -->\n          <!--         <a href=\"https:\/\/corp.mymonat.com\/shop\/products\/advanced-hydrating-conditioner-6000000263\" aria-label=\"Go to Advanced Hydrating Conditioner page\">-->\n          <!--            <img decoding=\"async\" src=\"https:\/\/monatglobal.com\/wp-content\/uploads\/2022\/12\/Adavance-Hydrating-Conditioner-Ecomm-min.png\" alt=\"Advanced Hydrating Conditioner\" loading=\"lazy\"\/>-->\n          <!--            <p>Advanced<br \/>Hydrating Conditioner<\/p>-->\n          <!--         <\/a>-->\n          <!--      -->\n          <!--   -->\n             <!-- If we need navigation buttons -->\n          <!--   -->\n          <!--   -->\n             <!-- If we need paginations -->\n          <!--   -->\n          <!---->\n             <!-- If we need navigation buttons -->\n             <!-- If we need paginations -->\n    <a href=\"\" aria-label=\"\"><\/a>\n<!--==================================================== this link has to go last for it to work   ====================================================-->\n\n","protected":false},"excerpt":{"rendered":"<p>NEW PurifyingVinegarShampoo Deeply cleanses, purifies,and hydrates, leaving the hair looking fresh and clean. 237 ml \u212e 8 fl. oz Retail Price$00.00 VIP Customer Price$00.00 To learn more about Purifying Vinegar Shampoo, please contact your MONAT Market&nbsp;Partner. FEATURES A gentle, high-performance shampoo infused with apple cider vinegar and potent AHAs to help break down and dissolve&hellip;<\/p>\n","protected":false},"author":31,"featured_media":109277,"parent":0,"menu_order":0,"comment_status":"closed","ping_status":"closed","template":"","meta":{"inline_featured_image":false,"om_disable_all_campaigns":false,"footnotes":""},"categories":[70],"tags":[],"class_list":["post-69897","page","type-page","status-publish","has-post-thumbnail","hentry","category-product-au"],"aioseo_notices":[],"aioseo_head":"\n\t\t<!-- All in One SEO Pro 4.9.5.2 - aioseo.com -->\n\t<meta name=\"description\" content=\"The Purifying Vinegar Shampoo is a high-performance shampoo infused with apple cider vinegar that reduces excess oil and restores balance to the scalp\" \/>\n\t<meta name=\"robots\" content=\"max-image-preview:large\" \/>\n\t<link rel=\"canonical\" href=\"https:\/\/monatglobal.com\/au\/vinegar-shampoo\/\" \/>\n\t<meta name=\"generator\" content=\"All in One SEO Pro (AIOSEO) 4.9.5.2\" \/>\n\t\t<meta property=\"og:locale\" content=\"en_US\" \/>\n\t\t<meta property=\"og:site_name\" content=\"MONAT AUSTRALIA -\" \/>\n\t\t<meta property=\"og:type\" content=\"article\" \/>\n\t\t<meta property=\"og:title\" content=\"Purifying Vinegar Shampoo | MONAT Haircare for Oily Hair &amp; Scalp\" \/>\n\t\t<meta property=\"og:description\" content=\"The Purifying Vinegar Shampoo is a high-performance shampoo infused with apple cider vinegar that reduces excess oil and restores balance to the scalp\" \/>\n\t\t<meta property=\"og:url\" content=\"https:\/\/monatglobal.com\/au\/vinegar-shampoo\/\" \/>\n\t\t<meta property=\"og:image\" content=\"https:\/\/monatglobal.com\/au\/wp-content\/uploads\/sites\/12\/2026\/02\/Purifying-vinegar-shampoo-ecomm-2022.png\" \/>\n\t\t<meta property=\"og:image:secure_url\" content=\"https:\/\/monatglobal.com\/au\/wp-content\/uploads\/sites\/12\/2026\/02\/Purifying-vinegar-shampoo-ecomm-2022.png\" \/>\n\t\t<meta property=\"og:image:width\" content=\"641\" \/>\n\t\t<meta property=\"og:image:height\" content=\"800\" \/>\n\t\t<meta property=\"article:published_time\" content=\"2022-06-30T17:11:42+00:00\" \/>\n\t\t<meta property=\"article:modified_time\" content=\"2026-02-26T21:42:48+00:00\" \/>\n\t\t<meta name=\"twitter:card\" content=\"summary_large_image\" \/>\n\t\t<meta name=\"twitter:title\" content=\"Purifying Vinegar Shampoo | MONAT Haircare for Oily Hair &amp; Scalp\" \/>\n\t\t<meta name=\"twitter:description\" content=\"The Purifying Vinegar Shampoo is a high-performance shampoo infused with apple cider vinegar that reduces excess oil and restores balance to the scalp\" \/>\n\t\t<meta name=\"twitter:image\" content=\"https:\/\/monatglobal.com\/au\/wp-content\/uploads\/sites\/12\/2026\/02\/Purifying-vinegar-shampoo-ecomm-2022.png\" \/>\n\t\t<script type=\"application\/ld+json\" class=\"aioseo-schema\">\n\t\t\t{\"@context\":\"https:\\\/\\\/schema.org\",\"@graph\":[{\"@type\":\"BreadcrumbList\",\"@id\":\"https:\\\/\\\/monatglobal.com\\\/au\\\/vinegar-shampoo\\\/#breadcrumblist\",\"itemListElement\":[{\"@type\":\"ListItem\",\"@id\":\"https:\\\/\\\/monatglobal.com\\\/au#listItem\",\"position\":1,\"name\":\"Home\",\"item\":\"https:\\\/\\\/monatglobal.com\\\/au\",\"nextItem\":{\"@type\":\"ListItem\",\"@id\":\"https:\\\/\\\/monatglobal.com\\\/au\\\/vinegar-shampoo\\\/#listItem\",\"name\":\"Purifying Vinegar Shampoo\"}},{\"@type\":\"ListItem\",\"@id\":\"https:\\\/\\\/monatglobal.com\\\/au\\\/vinegar-shampoo\\\/#listItem\",\"position\":2,\"name\":\"Purifying Vinegar Shampoo\",\"previousItem\":{\"@type\":\"ListItem\",\"@id\":\"https:\\\/\\\/monatglobal.com\\\/au#listItem\",\"name\":\"Home\"}}]},{\"@type\":\"Organization\",\"@id\":\"https:\\\/\\\/monatglobal.com\\\/au\\\/#organization\",\"name\":\"MONAT AUSTRALIA\",\"url\":\"https:\\\/\\\/monatglobal.com\\\/au\\\/\"},{\"@type\":\"WebPage\",\"@id\":\"https:\\\/\\\/monatglobal.com\\\/au\\\/vinegar-shampoo\\\/#webpage\",\"url\":\"https:\\\/\\\/monatglobal.com\\\/au\\\/vinegar-shampoo\\\/\",\"name\":\"Purifying Vinegar Shampoo | MONAT Haircare for Oily Hair & Scalp\",\"description\":\"The Purifying Vinegar Shampoo is a high-performance shampoo infused with apple cider vinegar that reduces excess oil and restores balance to the scalp\",\"inLanguage\":\"en-US\",\"isPartOf\":{\"@id\":\"https:\\\/\\\/monatglobal.com\\\/au\\\/#website\"},\"breadcrumb\":{\"@id\":\"https:\\\/\\\/monatglobal.com\\\/au\\\/vinegar-shampoo\\\/#breadcrumblist\"},\"image\":{\"@type\":\"ImageObject\",\"url\":\"https:\\\/\\\/monatglobal.com\\\/au\\\/wp-content\\\/uploads\\\/sites\\\/12\\\/2026\\\/02\\\/Purifying-vinegar-shampoo-ecomm-2022.png\",\"@id\":\"https:\\\/\\\/monatglobal.com\\\/au\\\/vinegar-shampoo\\\/#mainImage\",\"width\":641,\"height\":800},\"primaryImageOfPage\":{\"@id\":\"https:\\\/\\\/monatglobal.com\\\/au\\\/vinegar-shampoo\\\/#mainImage\"},\"datePublished\":\"2022-06-30T17:11:42+00:00\",\"dateModified\":\"2026-02-26T21:42:48+00:00\"},{\"@type\":\"WebSite\",\"@id\":\"https:\\\/\\\/monatglobal.com\\\/au\\\/#website\",\"url\":\"https:\\\/\\\/monatglobal.com\\\/au\\\/\",\"name\":\"MONAT AUSTRALIA\",\"inLanguage\":\"en-US\",\"publisher\":{\"@id\":\"https:\\\/\\\/monatglobal.com\\\/au\\\/#organization\"}}]}\n\t\t<\/script>\n\t\t<!-- All in One SEO Pro -->\r\n\t\t<title>Purifying Vinegar Shampoo | MONAT Haircare for Oily Hair &amp; Scalp<\/title>\n\n","aioseo_head_json":{"title":"Purifying Vinegar Shampoo | MONAT Haircare for Oily Hair & Scalp","description":"The Purifying Vinegar Shampoo is a high-performance shampoo infused with apple cider vinegar that reduces excess oil and restores balance to the scalp","canonical_url":"https:\/\/monatglobal.com\/au\/vinegar-shampoo\/","robots":"max-image-preview:large","keywords":"","webmasterTools":{"miscellaneous":""},"schema":{"@context":"https:\/\/schema.org","@graph":[{"@type":"BreadcrumbList","@id":"https:\/\/monatglobal.com\/au\/vinegar-shampoo\/#breadcrumblist","itemListElement":[{"@type":"ListItem","@id":"https:\/\/monatglobal.com\/au#listItem","position":1,"name":"Home","item":"https:\/\/monatglobal.com\/au","nextItem":{"@type":"ListItem","@id":"https:\/\/monatglobal.com\/au\/vinegar-shampoo\/#listItem","name":"Purifying Vinegar Shampoo"}},{"@type":"ListItem","@id":"https:\/\/monatglobal.com\/au\/vinegar-shampoo\/#listItem","position":2,"name":"Purifying Vinegar Shampoo","previousItem":{"@type":"ListItem","@id":"https:\/\/monatglobal.com\/au#listItem","name":"Home"}}]},{"@type":"Organization","@id":"https:\/\/monatglobal.com\/au\/#organization","name":"MONAT AUSTRALIA","url":"https:\/\/monatglobal.com\/au\/"},{"@type":"WebPage","@id":"https:\/\/monatglobal.com\/au\/vinegar-shampoo\/#webpage","url":"https:\/\/monatglobal.com\/au\/vinegar-shampoo\/","name":"Purifying Vinegar Shampoo | MONAT Haircare for Oily Hair & Scalp","description":"The Purifying Vinegar Shampoo is a high-performance shampoo infused with apple cider vinegar that reduces excess oil and restores balance to the scalp","inLanguage":"en-US","isPartOf":{"@id":"https:\/\/monatglobal.com\/au\/#website"},"breadcrumb":{"@id":"https:\/\/monatglobal.com\/au\/vinegar-shampoo\/#breadcrumblist"},"image":{"@type":"ImageObject","url":"https:\/\/monatglobal.com\/au\/wp-content\/uploads\/sites\/12\/2026\/02\/Purifying-vinegar-shampoo-ecomm-2022.png","@id":"https:\/\/monatglobal.com\/au\/vinegar-shampoo\/#mainImage","width":641,"height":800},"primaryImageOfPage":{"@id":"https:\/\/monatglobal.com\/au\/vinegar-shampoo\/#mainImage"},"datePublished":"2022-06-30T17:11:42+00:00","dateModified":"2026-02-26T21:42:48+00:00"},{"@type":"WebSite","@id":"https:\/\/monatglobal.com\/au\/#website","url":"https:\/\/monatglobal.com\/au\/","name":"MONAT AUSTRALIA","inLanguage":"en-US","publisher":{"@id":"https:\/\/monatglobal.com\/au\/#organization"}}]},"og:locale":"en_US","og:site_name":"MONAT AUSTRALIA -","og:type":"article","og:title":"Purifying Vinegar Shampoo | MONAT Haircare for Oily Hair &amp; Scalp","og:description":"The Purifying Vinegar Shampoo is a high-performance shampoo infused with apple cider vinegar that reduces excess oil and restores balance to the scalp","og:url":"https:\/\/monatglobal.com\/au\/vinegar-shampoo\/","og:image":"https:\/\/monatglobal.com\/au\/wp-content\/uploads\/sites\/12\/2026\/02\/Purifying-vinegar-shampoo-ecomm-2022.png","og:image:secure_url":"https:\/\/monatglobal.com\/au\/wp-content\/uploads\/sites\/12\/2026\/02\/Purifying-vinegar-shampoo-ecomm-2022.png","og:image:width":641,"og:image:height":800,"article:published_time":"2022-06-30T17:11:42+00:00","article:modified_time":"2026-02-26T21:42:48+00:00","twitter:card":"summary_large_image","twitter:title":"Purifying Vinegar Shampoo | MONAT Haircare for Oily Hair &amp; Scalp","twitter:description":"The Purifying Vinegar Shampoo is a high-performance shampoo infused with apple cider vinegar that reduces excess oil and restores balance to the scalp","twitter:image":"https:\/\/monatglobal.com\/au\/wp-content\/uploads\/sites\/12\/2026\/02\/Purifying-vinegar-shampoo-ecomm-2022.png"},"aioseo_meta_data":{"post_id":"69897","title":"Purifying Vinegar Shampoo | MONAT Haircare for Oily Hair &amp; Scalp","description":"The Purifying Vinegar Shampoo is a high-performance shampoo infused with apple cider vinegar that reduces excess oil and restores balance to the scalp","keywords":null,"keyphrases":{"focus":{"keyphrase":"","score":0,"analysis":{"keyphraseInTitle":{"score":0,"maxScore":9,"error":1}}},"additional":[]},"primary_term":null,"canonical_url":null,"og_title":null,"og_description":null,"og_object_type":"default","og_image_type":"default","og_image_url":null,"og_image_width":null,"og_image_height":null,"og_image_custom_url":null,"og_image_custom_fields":null,"og_video":"","og_custom_url":null,"og_article_section":null,"og_article_tags":null,"twitter_use_og":false,"twitter_card":"default","twitter_image_type":"default","twitter_image_url":null,"twitter_image_custom_url":null,"twitter_image_custom_fields":null,"twitter_title":null,"twitter_description":null,"schema":{"blockGraphs":[],"customGraphs":[],"default":{"data":{"Article":[],"Course":[],"Dataset":[],"FAQPage":[],"Movie":[],"Person":[],"Product":[],"ProductReview":[],"Car":[],"Recipe":[],"Service":[],"SoftwareApplication":[],"WebPage":[]},"graphName":"WebPage","isEnabled":true},"graphs":[]},"schema_type":"default","schema_type_options":null,"pillar_content":false,"robots_default":true,"robots_noindex":false,"robots_noarchive":false,"robots_nosnippet":false,"robots_nofollow":false,"robots_noimageindex":false,"robots_noodp":false,"robots_notranslate":false,"robots_max_snippet":"-1","robots_max_videopreview":"-1","robots_max_imagepreview":"large","priority":null,"frequency":"default","local_seo":null,"seo_analyzer_scan_date":"2026-02-26 21:56:39","limit_modified_date":false,"reviewed_by":"0","open_ai":"{\"title\":{\"suggestions\":[],\"usage\":0},\"description\":{\"suggestions\":[],\"usage\":0}}","ai":{"faqs":[],"keyPoints":[],"titles":[],"descriptions":[],"socialPosts":{"email":[],"linkedin":[],"twitter":[],"facebook":[],"instagram":[]}},"created":"2023-07-27 01:18:49","updated":"2026-02-26 21:56:39"},"aioseo_breadcrumb":"<div class=\"aioseo-breadcrumbs\"><span class=\"aioseo-breadcrumb\">\n\t<a href=\"https:\/\/monatglobal.com\/au\" title=\"Home\">Home<\/a>\n<\/span><span class=\"aioseo-breadcrumb-separator\">&raquo;<\/span><span class=\"aioseo-breadcrumb\">\n\tPurifying Vinegar Shampoo\n<\/span><\/div>","aioseo_breadcrumb_json":[{"label":"Home","link":"https:\/\/monatglobal.com\/au"},{"label":"Purifying Vinegar Shampoo","link":"https:\/\/monatglobal.com\/au\/vinegar-shampoo\/"}],"_links":{"self":[{"href":"https:\/\/monatglobal.com\/au\/wp-json\/wp\/v2\/pages\/69897","targetHints":{"allow":["GET"]}}],"collection":[{"href":"https:\/\/monatglobal.com\/au\/wp-json\/wp\/v2\/pages"}],"about":[{"href":"https:\/\/monatglobal.com\/au\/wp-json\/wp\/v2\/types\/page"}],"author":[{"embeddable":true,"href":"https:\/\/monatglobal.com\/au\/wp-json\/wp\/v2\/users\/31"}],"replies":[{"embeddable":true,"href":"https:\/\/monatglobal.com\/au\/wp-json\/wp\/v2\/comments?post=69897"}],"version-history":[{"count":23,"href":"https:\/\/monatglobal.com\/au\/wp-json\/wp\/v2\/pages\/69897\/revisions"}],"predecessor-version":[{"id":109278,"href":"https:\/\/monatglobal.com\/au\/wp-json\/wp\/v2\/pages\/69897\/revisions\/109278"}],"wp:featuredmedia":[{"embeddable":true,"href":"https:\/\/monatglobal.com\/au\/wp-json\/wp\/v2\/media\/109277"}],"wp:attachment":[{"href":"https:\/\/monatglobal.com\/au\/wp-json\/wp\/v2\/media?parent=69897"}],"wp:term":[{"taxonomy":"category","embeddable":true,"href":"https:\/\/monatglobal.com\/au\/wp-json\/wp\/v2\/categories?post=69897"},{"taxonomy":"post_tag","embeddable":true,"href":"https:\/\/monatglobal.com\/au\/wp-json\/wp\/v2\/tags?post=69897"}],"curies":[{"name":"wp","href":"https:\/\/api.w.org\/{rel}","templated":true}]}}