{"id":770,"date":"2025-03-20T17:37:20","date_gmt":"2025-03-20T17:37:20","guid":{"rendered":"https:\/\/monatglobal.com\/de\/?page_id=770"},"modified":"2025-08-20T19:52:50","modified_gmt":"2025-08-20T18:52:50","slug":"biotechbeauty","status":"publish","type":"page","link":"https:\/\/monatglobal.com\/at\/biotechbeauty\/","title":{"rendered":"MONAT Biotech Beauty: Innovative Haut- &amp; Haarpflegeprodukte"},"content":{"rendered":"\n:root {\n        &#8211;mediumSizeP: clamp(1.8rem, 1.6vw, 2.3rem); \n        &#8211;smallSizeP: clamp(1.4rem, 1.4vw, 1.8rem);\n        &#8211;gray: #fbfbfb\n   } \n \n<section id=\"bannerSec\">\n        <img decoding=\"async\" id=\"monat_banner_logo\" src=\"https:\/\/monatglobal.com\/wp-content\/uploads\/2024\/11\/monat_logo_2024.svg\" alt=\"MONAT GLOBAL\">\n        <h2>Die <br>Pioniere <br>der Biotech Beauty<\/h2>\n            <p>Biotech Beauty <em>(Substantiv)<\/em> &#8211; Eine Kategorie von Hautpflege- und Kosmetikprodukten, die biotechnologische Verfahren nutzen, um im Labor gez\u00fcchtete oder biotechnologische Inhaltsstoffe zu entwickeln. Diese steigern die Wirksamkeit, f\u00f6rdern Nachhaltigkeit und ethische Beschaffung und verringern die Abh\u00e4ngigkeit von nat\u00fcrlichen oder synthetischen&nbsp;Ressourcen.<\/p> \n<\/section>\n<section id=\"sec1\">\n    <p>Biotech Beauty <em>(Substantiv)<\/em> &#8211; Eine Kategorie von Hautpflege- und Kosmetikprodukten, die biotechnologische Verfahren nutzen, um im Labor gez\u00fcchtete oder biotechnologische Inhaltsstoffe zu entwickeln. Diese steigern die Wirksamkeit, f\u00f6rdern Nachhaltigkeit und ethische Beschaffung und verringern die Abh\u00e4ngigkeit von nat\u00fcrlichen oder synthetischen&nbsp;Ressourcen.<\/p>\n        <p>Bei MONAT ist Innovation mehr als nur <br>ein Trend &#8211; sie ist unser Verm\u00e4chtnis.<\/p>\n        <img decoding=\"async\" src=\"https:\/\/monatglobal.com\/wp-content\/uploads\/2025\/03\/BIOTECH-DERIVED-FORMULATIONS-min.jpg\" alt=\"Oil with bubbles in a petri dish and dropper.\">\n        <p>Seit Jahren stehen wir an der Spitze der Biotechnologie und vereinen bahnbrechende Wissenschaft mit den besten nat\u00fcrlichen Inhaltsstoffen, um Sch\u00f6nheit und Wohlbefinden neu zu&nbsp;definieren.<\/p>\n            <p>Unser unerm\u00fcdliches Streben nach Exzellenz hat uns zu einem Branchenf\u00fchrer gemacht &#8211; mit Produkten, die dich dabei unterst\u00fctzen, dein bestes Ich zu&nbsp;entfalten.<\/p> \n            <br>\n            <br>\n            <br>\n            <h2>BIOTECH-BASIERTE <br> FORMELN<\/h2>\n            <p>Wissenschaftliche Expertise steht im Mittelpunkt unserer preisgekr\u00f6nten Produkte.<\/p>\n                        <img decoding=\"async\" alt=\"essential oil drops picture\" src=\"https:\/\/monatglobal.com\/wp-content\/uploads\/2023\/05\/essential-oil-drops-picture-min.png\">\n                        <img decoding=\"async\" alt=\"ceramides picture\" src=\"https:\/\/monatglobal.com\/wp-content\/uploads\/2025\/03\/ceramides-min.png\">\n                        <img decoding=\"async\" alt=\"hyaluronic acid picture\" src=\"https:\/\/monatglobal.com\/wp-content\/uploads\/2025\/03\/hyaluronic-acid-min.png\">\n                        <img decoding=\"async\" alt=\"oil texture formulations picture\" src=\"https:\/\/monatglobal.com\/wp-content\/uploads\/2025\/03\/oil-texture-formulations-min.png\">\n                        <img decoding=\"async\" alt=\"texture formulation picture\" src=\"https:\/\/monatglobal.com\/wp-content\/uploads\/2025\/03\/texture-formulation-2-min.png\">\n                        <img decoding=\"async\" alt=\"texture formulation picture\" src=\"https:\/\/monatglobal.com\/wp-content\/uploads\/2025\/03\/texture-formulations-min.png\">\n                <p>Die biotechnologisch gewonnenen Naturstoffe in unseren firmeneigenen Formulierungen umfassen Peptide, biobasierte Rohstoffe, Hyalurons\u00e4ure, nat\u00fcrlich gewonnene Polymere, fermentierte Inhaltsstoffe, Ceramide und Pflanzenstammzellen.<\/p>\n            <img decoding=\"async\" src=\"https:\/\/monatglobal.com\/wp-content\/uploads\/2025\/03\/bio-based-raw-materials-min.jpg\" alt=\"Lab professional handling pink liquid\">    \n            <p>Von Haarpflege bis Hautpflege &#8211; nat\u00fcrlich gewonnene Inhaltsstoffe sind ein essenzieller Bestandteil unserer&nbsp;Produktinnovation.<\/p> \n    <img decoding=\"async\" src=\"https:\/\/monatglobal.com\/wp-content\/uploads\/2025\/03\/plant-stem-cells-min.jpg\" alt=\"close up picture of plant cell\">\n<\/section>\n<section id=\"sec2\">\n            <h2>VEGAN <br> &amp; CLEAN<\/h2>\n            <p>Als Leaping Bunny zertifizierte Marke verzichten wir vollst\u00e4ndig auf tierische&nbsp;Inhaltsstoffe.<\/p>\n        <img decoding=\"async\" src=\"https:\/\/monatglobal.com\/wp-content\/uploads\/2025\/03\/vegan-clean-model-mobile-min.jpg\" alt=\"A woman lifts a MONAT scalp care product playfully, emphasizing clean beauty.\">\n                    <img decoding=\"async\" alt=\"picture of a cup of apple vinegar \" src=\"https:\/\/monatglobal.com\/wp-content\/uploads\/2025\/03\/apple-vinegar-min.png\">\n                    <img decoding=\"async\" alt=\"leaping bunny logo\" src=\"https:\/\/monatglobal.com\/wp-content\/uploads\/2025\/03\/leaping-bunny-logo-min.png\">\n                    <img decoding=\"async\" alt=\"Heap of chia-seeds picture\" src=\"https:\/\/monatglobal.com\/wp-content\/uploads\/2025\/03\/Heap-of-chia-seeds-min.png\">\n                    <img decoding=\"async\" alt=\"open Pomegranate picture\" src=\"https:\/\/monatglobal.com\/wp-content\/uploads\/2023\/05\/open-Pomegranate-picture-min.png\">\n                    <img decoding=\"async\" alt=\"Group-aloe-vera-slice-picture\" src=\"https:\/\/monatglobal.com\/wp-content\/uploads\/2025\/03\/Group-aloe-vera-slice-picture-min.png\">\n                    <img decoding=\"async\" alt=\"open coconut picture\" src=\"https:\/\/monatglobal.com\/wp-content\/uploads\/2025\/03\/coconut-min.png\">\n            <p>MONAT ist frei von tierischen Inhaltsstoffen, Parabenen, Mineral\u00f6len, Phthalaten, Petrolatum und anderen sch\u00e4dlichen synthetischen&nbsp;Stoffen.<\/p>\n        <img decoding=\"async\" src=\"https:\/\/monatglobal.com\/wp-content\/uploads\/2025\/03\/vegan-and-clean-model-min-1.png\" alt=\"A woman lifts a MONAT scalp care product playfully, emphasizing clean beauty.\">\n    <img decoding=\"async\" src=\"https:\/\/monatglobal.com\/wp-content\/uploads\/2025\/03\/free-of-animal-derived-ingredients-min.png\" alt=\"Close-up of skincare ingredients, showcasing a fine powder\">\n<\/section>\n<section id=\"sec3\">\n            <h2>NACHHALTIGKEIT<\/h2>\n            <p>MONAT setzt auf Nachhaltigkeit durch verantwortungsbewusste Beschaffung, recycelbare Verpackungen und Ma\u00dfnahmen zur&nbsp;Wassereinsparung.<\/p>\n        <img decoding=\"async\" src=\"https:\/\/monatglobal.com\/wp-content\/uploads\/2025\/03\/responsible-sourcing-min.png\" alt=\"Hands holding a Monat IR Clinical Hair Thinning Defense serum bottle with a dropper releasing a drop of product.\">\n                    <img decoding=\"async\" alt=\"multiple monat bottles picture\" src=\"https:\/\/monatglobal.com\/wp-content\/uploads\/2025\/03\/recycle-byproducts-min.png\">\n                    <img decoding=\"async\" alt=\"cold press process picture\" src=\"https:\/\/monatglobal.com\/wp-content\/uploads\/2025\/03\/cold-processed-min.png\">\n                    <img decoding=\"async\" alt=\"picture of water ripples\" src=\"https:\/\/monatglobal.com\/wp-content\/uploads\/2025\/03\/product-performance-min.png\">\n                    &lt;!&#8211;<img decoding=\"async\" alt=\"open Pomegranate picture\" src=\"https:\/\/monatglobal.com\/wp-content\/uploads\/2023\/05\/open-Pomegranate-picture-min.png\">&#8211;&gt;\n                    &lt;!&#8211;<img decoding=\"async\" alt=\"Group-aloe-vera-slice-picture\" src=\"https:\/\/monatglobal.com\/wp-content\/uploads\/2023\/05\/Group-aloe-vera-slice-picture-min.png\">&#8211;&gt;\n                    &lt;!&#8211;<img decoding=\"async\" alt=\"group of almonds picture\" src=\"https:\/\/monatglobal.com\/wp-content\/uploads\/2023\/05\/istockphoto-1390257052-612x612_1-removebg-preview-min.png\">&#8211;&gt;\n            <p>Wir recyceln Nebenprodukte aus unserer Produktion zum Schutz der Umwelt, und viele unserer Formulierungen werden kalt verarbeitet, um die Wirksamkeit der Inhaltsstoffe und die Produktleistung zu&nbsp;optimieren.<\/p>\n<\/section>\n<section id=\"sec4\"> \n            <h2>AROMA<\/h2>\n            <p>MONAT kreiert unverwechselbare D\u00fcfte mit den sichersten Duftstoffen und nutzt die Kraft \u00e4therischer \u00d6le sowie botanischer Extrakte f\u00fcr ein luxuri\u00f6ses&nbsp;Erlebnis.<\/p>\n                    <img decoding=\"async\" alt=\"lemon picture\" src=\"https:\/\/monatglobal.com\/wp-content\/uploads\/2025\/03\/lemon-aroma-min.png\">\n                    <img decoding=\"async\" alt=\"lavander picture\" src=\"https:\/\/monatglobal.com\/wp-content\/uploads\/2025\/03\/lavander-aroma-min.png\">\n                    <img decoding=\"async\" alt=\"cloves picture\" src=\"https:\/\/monatglobal.com\/wp-content\/uploads\/2025\/03\/cloves-aroma-min.png\">\n                    <img decoding=\"async\" alt=\"jasmin picture\" src=\"https:\/\/monatglobal.com\/wp-content\/uploads\/2025\/03\/jasmin-aroma-min.png\">\n                    <img decoding=\"async\" alt=\"yellow-flower picture\" src=\"https:\/\/monatglobal.com\/wp-content\/uploads\/2025\/03\/yellow-flower-aroma-min.png\">\n                    <img decoding=\"async\" alt=\"vanilla picture\" src=\"https:\/\/monatglobal.com\/wp-content\/uploads\/2025\/03\/vanilla-aroma-min.png\">\n            <p>Wir setzen auf nachhaltige Praktiken mit minimalem Umwelteinfluss und upcyceln Rohstoffe, um leistungsstarke D\u00fcfte zu&nbsp;entwickeln. <\/p>\n            <img decoding=\"async\" src=\"https:\/\/monatglobal.com\/wp-content\/uploads\/2025\/03\/Blending-science-and-creativity-min.jpg\" alt=\" A purple flower petal resting on a smear of lavender-colored gel with a small droplet beside it.\">    \n            <p>Durch die Verbindung von Wissenschaft und Kreativit\u00e4t bieten wir ein luxuri\u00f6ses, sicheres und umweltfreundliches&nbsp;Dufterlebnis.<\/p> \n    <img decoding=\"async\" src=\"https:\/\/monatglobal.com\/wp-content\/uploads\/2025\/03\/aroma-flower-min.png\" alt=\"Close-up of a vibrant tulip.\">\n<\/section>\n<section id=\"sec5\">\n        <img decoding=\"async\" src=\"https:\/\/monatglobal.com\/wp-content\/uploads\/2025\/03\/safe-and-eco-conscious-min.jpg\" alt=\"Glass jars with liquids - Skincare formulations in small jars\">\n            <img decoding=\"async\" src=\"https:\/\/monatglobal.com\/wp-content\/uploads\/2025\/03\/Studio-One_Volume-Lift-Spray_Product_Lifestyle_1103-1-min.jpg\" alt=\"Studio-One Volume-Lift-Spray_Producte with watermelon\">\n                            <img decoding=\"async\" alt=\"Rambutan picture\" src=\"https:\/\/monatglobal.com\/wp-content\/uploads\/2025\/03\/Rambutan-min.png\">\n                            <img decoding=\"async\" alt=\"naturally derived ingredients picture\" src=\"https:\/\/monatglobal.com\/wp-content\/uploads\/2025\/03\/naturally-derived-ingredients-min.png\">\n                            <img decoding=\"async\" alt=\"shea butter picture\" src=\"https:\/\/monatglobal.com\/wp-content\/uploads\/2025\/03\/shea-butter-min.png\">\n                             <img decoding=\"async\" alt=\"Serum gel swatch picture\" src=\"https:\/\/monatglobal.com\/wp-content\/uploads\/2025\/03\/Serum-gel-swatch-picture-min.png\">\n                            <img decoding=\"async\" alt=\"coffee-beans picture\" src=\"https:\/\/monatglobal.com\/wp-content\/uploads\/2025\/03\/coffee-beans-min.png\">\n                            <img decoding=\"async\" alt=\"cutting-edge-technology e-picture\" src=\"https:\/\/monatglobal.com\/wp-content\/uploads\/2025\/03\/cutting-edge-technology-min.png\">\n                    <p>Unser Engagement f\u00fcr nat\u00fcrliche Inhaltsstoffe und modernste Technologien garantiert sichere, nachhaltige und hochwirksame Beauty-Produkte &#8211; unvergleichlich in ihrer&nbsp;Qualit\u00e4t.<\/p>\n                <p>Das ist unser Versprechen: rein, effektiv und immer einen Schritt&nbsp;voraus.<\/p>\n        <img decoding=\"async\" src=\"https:\/\/monatglobal.com\/wp-content\/uploads\/2025\/03\/science-and-creativity-min.jpg\" alt=\"A purple flower petal resting on a smear of lavender-colored gel with a small droplet beside it.\">\n                <h2>UNSER  <br> VERSPRECHEN  <br> AN DICH<\/h2>\n                <p>Bei MONAT sind wir von Anfang an Pioniere der Biotechnologie. Wir setzen die Grenzen von Wissenschaft und Natur immer wieder neu, um innovative, leistungsstarke Produkte zu&nbsp;entwickeln.<\/p>\n        \n            \n            <img decoding=\"async\" src=\"https:\/\/monatglobal.com\/wp-content\/uploads\/2025\/03\/our-commitment-min-1.jpg\" alt=\"Sleek-haired woman exuding beauty. \" loading=\"lazy\">\n        \n<\/section>\n","protected":false},"excerpt":{"rendered":"<p>:root { &#8211;mediumSizeP: clamp(1.8rem, 1.6vw, 2.3rem); &#8211;smallSizeP: clamp(1.4rem, 1.4vw, 1.8rem); &#8211;gray: #fbfbfb } Die Pioniere der Biotech Beauty Biotech Beauty (Substantiv) &#8211; Eine Kategorie von Hautpflege- und Kosmetikprodukten, die biotechnologische Verfahren nutzen, um im Labor gez\u00fcchtete oder biotechnologische Inhaltsstoffe zu entwickeln. Diese steigern die Wirksamkeit, f\u00f6rdern Nachhaltigkeit und ethische Beschaffung und verringern die Abh\u00e4ngigkeit von&hellip;<\/p>\n","protected":false},"author":31,"featured_media":108492,"parent":0,"menu_order":0,"comment_status":"closed","ping_status":"closed","template":"","meta":{"inline_featured_image":false,"footnotes":""},"categories":[],"tags":[],"class_list":["post-770","page","type-page","status-publish","has-post-thumbnail","hentry"],"aioseo_notices":[],"aioseo_head":"\n\t\t<!-- All in One SEO Pro 4.9.5.2 - aioseo.com -->\n\t<meta name=\"description\" content=\"Entdecke MONATs Biotech-Beauty-Produkte, eine perfekte Verbindung aus innovativer Wissenschaft und nat\u00fcrlichen Inhaltsstoffen f\u00fcr reine, nachhaltige Haut- und Haarpflege.\" \/>\n\t<meta name=\"robots\" content=\"noindex, nofollow, max-image-preview:large\" \/>\n\t<link rel=\"canonical\" href=\"https:\/\/monatglobal.com\/at\/biotechbeauty\/\" \/>\n\t<meta name=\"generator\" content=\"All in One SEO Pro (AIOSEO) 4.9.5.2\" \/>\n\t\t<meta property=\"og:locale\" content=\"de_DE\" \/>\n\t\t<meta property=\"og:site_name\" content=\"MONAT Austria - We Are Modern Nature\u00ae\" \/>\n\t\t<meta property=\"og:type\" content=\"article\" \/>\n\t\t<meta property=\"og:title\" content=\"MONAT Biotech Beauty: Innovative Haut- &amp; Haarpflegeprodukte\" \/>\n\t\t<meta property=\"og:description\" content=\"Entdecke MONATs Biotech-Beauty-Produkte, eine perfekte Verbindung aus innovativer Wissenschaft und nat\u00fcrlichen Inhaltsstoffen f\u00fcr reine, nachhaltige Haut- und Haarpflege.\" \/>\n\t\t<meta property=\"og:url\" content=\"https:\/\/monatglobal.com\/at\/biotechbeauty\/\" \/>\n\t\t<meta property=\"article:published_time\" content=\"2025-03-20T17:37:20+00:00\" \/>\n\t\t<meta property=\"article:modified_time\" content=\"2025-08-20T18:52:50+00:00\" \/>\n\t\t<meta name=\"twitter:card\" content=\"summary_large_image\" \/>\n\t\t<meta name=\"twitter:title\" content=\"MONAT Biotech Beauty: Innovative Haut- &amp; Haarpflegeprodukte\" \/>\n\t\t<meta name=\"twitter:description\" content=\"Entdecke MONATs Biotech-Beauty-Produkte, eine perfekte Verbindung aus innovativer Wissenschaft und nat\u00fcrlichen Inhaltsstoffen f\u00fcr reine, nachhaltige Haut- und Haarpflege.\" \/>\n\t\t<script type=\"application\/ld+json\" class=\"aioseo-schema\">\n\t\t\t{\"@context\":\"https:\\\/\\\/schema.org\",\"@graph\":[{\"@type\":\"BreadcrumbList\",\"@id\":\"https:\\\/\\\/monatglobal.com\\\/at\\\/biotechbeauty\\\/#breadcrumblist\",\"itemListElement\":[{\"@type\":\"ListItem\",\"@id\":\"https:\\\/\\\/monatglobal.com\\\/at#listItem\",\"position\":1,\"name\":\"Home\",\"item\":\"https:\\\/\\\/monatglobal.com\\\/at\",\"nextItem\":{\"@type\":\"ListItem\",\"@id\":\"https:\\\/\\\/monatglobal.com\\\/at\\\/biotechbeauty\\\/#listItem\",\"name\":\"MONAT Biotech Beauty: Innovative Haut- &amp; Haarpflegeprodukte\"}},{\"@type\":\"ListItem\",\"@id\":\"https:\\\/\\\/monatglobal.com\\\/at\\\/biotechbeauty\\\/#listItem\",\"position\":2,\"name\":\"MONAT Biotech Beauty: Innovative Haut- &amp; Haarpflegeprodukte\",\"previousItem\":{\"@type\":\"ListItem\",\"@id\":\"https:\\\/\\\/monatglobal.com\\\/at#listItem\",\"name\":\"Home\"}}]},{\"@type\":\"Organization\",\"@id\":\"https:\\\/\\\/monatglobal.com\\\/at\\\/#organization\",\"name\":\"MONAT Austria\",\"description\":\"We Are Modern Nature\\u00ae\",\"url\":\"https:\\\/\\\/monatglobal.com\\\/at\\\/\"},{\"@type\":\"WebPage\",\"@id\":\"https:\\\/\\\/monatglobal.com\\\/at\\\/biotechbeauty\\\/#webpage\",\"url\":\"https:\\\/\\\/monatglobal.com\\\/at\\\/biotechbeauty\\\/\",\"name\":\"MONAT Biotech Beauty: Innovative Haut- & Haarpflegeprodukte\",\"description\":\"Entdecke MONATs Biotech-Beauty-Produkte, eine perfekte Verbindung aus innovativer Wissenschaft und nat\\u00fcrlichen Inhaltsstoffen f\\u00fcr reine, nachhaltige Haut- und Haarpflege.\",\"inLanguage\":\"de-DE\",\"isPartOf\":{\"@id\":\"https:\\\/\\\/monatglobal.com\\\/at\\\/#website\"},\"breadcrumb\":{\"@id\":\"https:\\\/\\\/monatglobal.com\\\/at\\\/biotechbeauty\\\/#breadcrumblist\"},\"image\":{\"@type\":\"ImageObject\",\"url\":\"https:\\\/\\\/monatglobal.com\\\/at\\\/wp-content\\\/uploads\\\/sites\\\/27\\\/2025\\\/08\\\/MONAT-PIONEERS-OF-BIOTECH-BEAUTY-min.jpg\",\"@id\":\"https:\\\/\\\/monatglobal.com\\\/at\\\/biotechbeauty\\\/#mainImage\",\"width\":1200,\"height\":628},\"primaryImageOfPage\":{\"@id\":\"https:\\\/\\\/monatglobal.com\\\/at\\\/biotechbeauty\\\/#mainImage\"},\"datePublished\":\"2025-03-20T17:37:20+00:00\",\"dateModified\":\"2025-08-20T19:52:50+01:00\"},{\"@type\":\"WebSite\",\"@id\":\"https:\\\/\\\/monatglobal.com\\\/at\\\/#website\",\"url\":\"https:\\\/\\\/monatglobal.com\\\/at\\\/\",\"name\":\"MONAT Austria\",\"description\":\"We Are Modern Nature\\u00ae\",\"inLanguage\":\"de-DE\",\"publisher\":{\"@id\":\"https:\\\/\\\/monatglobal.com\\\/at\\\/#organization\"}}]}\n\t\t<\/script>\n\t\t<!-- All in One SEO Pro -->\r\n\t\t<title>MONAT Biotech Beauty: Innovative Haut- &amp; Haarpflegeprodukte<\/title>\n\n","aioseo_head_json":{"title":"MONAT Biotech Beauty: Innovative Haut- & Haarpflegeprodukte","description":"Entdecke MONATs Biotech-Beauty-Produkte, eine perfekte Verbindung aus innovativer Wissenschaft und nat\u00fcrlichen Inhaltsstoffen f\u00fcr reine, nachhaltige Haut- und Haarpflege.","canonical_url":"https:\/\/monatglobal.com\/at\/biotechbeauty\/","robots":"noindex, nofollow, max-image-preview:large","keywords":"","webmasterTools":{"miscellaneous":""},"schema":{"@context":"https:\/\/schema.org","@graph":[{"@type":"BreadcrumbList","@id":"https:\/\/monatglobal.com\/at\/biotechbeauty\/#breadcrumblist","itemListElement":[{"@type":"ListItem","@id":"https:\/\/monatglobal.com\/at#listItem","position":1,"name":"Home","item":"https:\/\/monatglobal.com\/at","nextItem":{"@type":"ListItem","@id":"https:\/\/monatglobal.com\/at\/biotechbeauty\/#listItem","name":"MONAT Biotech Beauty: Innovative Haut- &amp; Haarpflegeprodukte"}},{"@type":"ListItem","@id":"https:\/\/monatglobal.com\/at\/biotechbeauty\/#listItem","position":2,"name":"MONAT Biotech Beauty: Innovative Haut- &amp; Haarpflegeprodukte","previousItem":{"@type":"ListItem","@id":"https:\/\/monatglobal.com\/at#listItem","name":"Home"}}]},{"@type":"Organization","@id":"https:\/\/monatglobal.com\/at\/#organization","name":"MONAT Austria","description":"We Are Modern Nature\u00ae","url":"https:\/\/monatglobal.com\/at\/"},{"@type":"WebPage","@id":"https:\/\/monatglobal.com\/at\/biotechbeauty\/#webpage","url":"https:\/\/monatglobal.com\/at\/biotechbeauty\/","name":"MONAT Biotech Beauty: Innovative Haut- & Haarpflegeprodukte","description":"Entdecke MONATs Biotech-Beauty-Produkte, eine perfekte Verbindung aus innovativer Wissenschaft und nat\u00fcrlichen Inhaltsstoffen f\u00fcr reine, nachhaltige Haut- und Haarpflege.","inLanguage":"de-DE","isPartOf":{"@id":"https:\/\/monatglobal.com\/at\/#website"},"breadcrumb":{"@id":"https:\/\/monatglobal.com\/at\/biotechbeauty\/#breadcrumblist"},"image":{"@type":"ImageObject","url":"https:\/\/monatglobal.com\/at\/wp-content\/uploads\/sites\/27\/2025\/08\/MONAT-PIONEERS-OF-BIOTECH-BEAUTY-min.jpg","@id":"https:\/\/monatglobal.com\/at\/biotechbeauty\/#mainImage","width":1200,"height":628},"primaryImageOfPage":{"@id":"https:\/\/monatglobal.com\/at\/biotechbeauty\/#mainImage"},"datePublished":"2025-03-20T17:37:20+00:00","dateModified":"2025-08-20T19:52:50+01:00"},{"@type":"WebSite","@id":"https:\/\/monatglobal.com\/at\/#website","url":"https:\/\/monatglobal.com\/at\/","name":"MONAT Austria","description":"We Are Modern Nature\u00ae","inLanguage":"de-DE","publisher":{"@id":"https:\/\/monatglobal.com\/at\/#organization"}}]},"og:locale":"de_DE","og:site_name":"MONAT Austria - We Are Modern Nature\u00ae","og:type":"article","og:title":"MONAT Biotech Beauty: Innovative Haut- &amp; Haarpflegeprodukte","og:description":"Entdecke MONATs Biotech-Beauty-Produkte, eine perfekte Verbindung aus innovativer Wissenschaft und nat\u00fcrlichen Inhaltsstoffen f\u00fcr reine, nachhaltige Haut- und Haarpflege.","og:url":"https:\/\/monatglobal.com\/at\/biotechbeauty\/","article:published_time":"2025-03-20T17:37:20+00:00","article:modified_time":"2025-08-20T18:52:50+00:00","twitter:card":"summary_large_image","twitter:title":"MONAT Biotech Beauty: Innovative Haut- &amp; Haarpflegeprodukte","twitter:description":"Entdecke MONATs Biotech-Beauty-Produkte, eine perfekte Verbindung aus innovativer Wissenschaft und nat\u00fcrlichen Inhaltsstoffen f\u00fcr reine, nachhaltige Haut- und Haarpflege."},"aioseo_meta_data":{"post_id":"770","title":"MONAT Biotech Beauty: Innovative Haut- &amp; Haarpflegeprodukte","description":"Entdecke MONATs Biotech-Beauty-Produkte, eine perfekte Verbindung aus innovativer Wissenschaft und nat\u00fcrlichen Inhaltsstoffen f\u00fcr reine, nachhaltige Haut- und Haarpflege.","keywords":null,"keyphrases":{"focus":{"keyphrase":"","score":0,"analysis":{"keyphraseInTitle":{"score":0,"maxScore":9,"error":1}}},"additional":[]},"primary_term":null,"canonical_url":null,"og_title":null,"og_description":null,"og_object_type":"default","og_image_type":"default","og_image_url":null,"og_image_width":null,"og_image_height":null,"og_image_custom_url":null,"og_image_custom_fields":null,"og_video":"","og_custom_url":null,"og_article_section":null,"og_article_tags":null,"twitter_use_og":false,"twitter_card":"default","twitter_image_type":"default","twitter_image_url":null,"twitter_image_custom_url":null,"twitter_image_custom_fields":null,"twitter_title":null,"twitter_description":null,"schema":{"blockGraphs":[],"customGraphs":[],"default":{"data":{"Article":[],"Course":[],"Dataset":[],"FAQPage":[],"Movie":[],"Person":[],"Product":[],"ProductReview":[],"Car":[],"Recipe":[],"Service":[],"SoftwareApplication":[],"WebPage":[]},"graphName":"WebPage","isEnabled":true},"graphs":[]},"schema_type":"default","schema_type_options":null,"pillar_content":false,"robots_default":true,"robots_noindex":false,"robots_noarchive":false,"robots_nosnippet":false,"robots_nofollow":false,"robots_noimageindex":false,"robots_noodp":false,"robots_notranslate":false,"robots_max_snippet":"-1","robots_max_videopreview":"-1","robots_max_imagepreview":"large","priority":null,"frequency":"default","local_seo":null,"seo_analyzer_scan_date":null,"breadcrumb_settings":null,"limit_modified_date":false,"reviewed_by":"0","open_ai":null,"ai":{"faqs":[],"keyPoints":[],"titles":[],"descriptions":[],"socialPosts":{"email":[],"linkedin":[],"twitter":[],"facebook":[],"instagram":[]}},"created":"2025-07-30 02:28:38","updated":"2026-02-10 04:52:04"},"aioseo_breadcrumb":"<div class=\"aioseo-breadcrumbs\"><span class=\"aioseo-breadcrumb\">\n\t<a href=\"https:\/\/monatglobal.com\/at\" title=\"Home\">Home<\/a>\n<\/span><span class=\"aioseo-breadcrumb-separator\">&raquo;<\/span><span class=\"aioseo-breadcrumb\">\n\tMONAT Biotech Beauty: Innovative Haut- &amp; Haarpflegeprodukte\n<\/span><\/div>","aioseo_breadcrumb_json":[{"label":"Home","link":"https:\/\/monatglobal.com\/at"},{"label":"MONAT Biotech Beauty: Innovative Haut- &amp; Haarpflegeprodukte","link":"https:\/\/monatglobal.com\/at\/biotechbeauty\/"}],"_links":{"self":[{"href":"https:\/\/monatglobal.com\/at\/wp-json\/wp\/v2\/pages\/770","targetHints":{"allow":["GET"]}}],"collection":[{"href":"https:\/\/monatglobal.com\/at\/wp-json\/wp\/v2\/pages"}],"about":[{"href":"https:\/\/monatglobal.com\/at\/wp-json\/wp\/v2\/types\/page"}],"author":[{"embeddable":true,"href":"https:\/\/monatglobal.com\/at\/wp-json\/wp\/v2\/users\/31"}],"replies":[{"embeddable":true,"href":"https:\/\/monatglobal.com\/at\/wp-json\/wp\/v2\/comments?post=770"}],"version-history":[{"count":1,"href":"https:\/\/monatglobal.com\/at\/wp-json\/wp\/v2\/pages\/770\/revisions"}],"predecessor-version":[{"id":108493,"href":"https:\/\/monatglobal.com\/at\/wp-json\/wp\/v2\/pages\/770\/revisions\/108493"}],"wp:featuredmedia":[{"embeddable":true,"href":"https:\/\/monatglobal.com\/at\/wp-json\/wp\/v2\/media\/108492"}],"wp:attachment":[{"href":"https:\/\/monatglobal.com\/at\/wp-json\/wp\/v2\/media?parent=770"}],"wp:term":[{"taxonomy":"category","embeddable":true,"href":"https:\/\/monatglobal.com\/at\/wp-json\/wp\/v2\/categories?post=770"},{"taxonomy":"post_tag","embeddable":true,"href":"https:\/\/monatglobal.com\/at\/wp-json\/wp\/v2\/tags?post=770"}],"curies":[{"name":"wp","href":"https:\/\/api.w.org\/{rel}","templated":true}]}}