{"id":648,"date":"2025-02-21T15:08:28","date_gmt":"2025-02-21T15:08:28","guid":{"rendered":"https:\/\/monatglobal.com\/de\/?page_id=648"},"modified":"2025-02-21T15:08:28","modified_gmt":"2025-02-21T15:08:28","slug":"ignite","status":"publish","type":"page","link":"https:\/\/monatglobal.com\/at\/ignite\/","title":{"rendered":"MONAT Ignite 2025 \u2013 Exklusive Incentive-Reise nach Marrakesch"},"content":{"rendered":"\n\n\t\n    :root{\n        &#8211;sand: #fbf5f0;\n        &#8211;red: #c2514a;\n        &#8211;salmon: #f3b7b1;\n        &#8211;dark-purple: #572e3d;\n        &#8211;purple: #522f56;\n    }\n \n<section id=\"bannerSec\">\n    <img decoding=\"async\" src=\"https:\/\/monatglobal.com\/uk\/wp-content\/uploads\/sites\/6\/2025\/02\/ignite-2025-Logo-w.svg\" \/>\n    \n        \n        <img decoding=\"async\" src=\"https:\/\/monatglobal.com\/ie\/wp-content\/uploads\/sites\/13\/2025\/02\/IGNITE-BANNER-2025-DESKTOP_updated-min.jpg\" alt=\"A Moroccan-style tower stands prominently in the heart of the city, showcasing its elegance. It rises majestically against a blue sky, with the sunset light enhancing its magnificence.\" loading=\"lazy\" \/>\n    \n<\/section>\n<main id=\"igniteContainer\">\n    <section id=\"Sec1\">\n            <img decoding=\"async\" src=\"https:\/\/monatglobal.com\/de\/wp-content\/uploads\/sites\/22\/2025\/02\/marrakech-title-1-ger.svg\" alt=\"Marrakech!\" \/>\n            <h1>erwartet dich &#8211; Deine<br \/> Traum-Incentive-Reise<br \/> beginnt hier!<\/h1>\n            <p>Qualifikation:<br \/> 1. M\u00e4rz 2025 &#8211; 31. Juli 2025<\/p>\n            <p>Eventdatum: <br \/>26.-29. September 2025<\/p>\n    <\/section>\n    <section id=\"Sec2\">\n            <h2>Was ist <br \/>dein Traumziel?<br \/> Bist du bereit,<br \/> es Wirklichkeit<br \/> werden zu lassen?<\/h2>  \n            <img decoding=\"async\" src=\"https:\/\/monatglobal.com\/wp-content\/uploads\/2025\/02\/pattern-img.svg\" alt=\"pattern img\" \/>\n                    <h3>Die Zeit ist gekommen!<\/h3>\n                    <p>Wir freuen uns, die exklusive MONAT Europe Incentive-Reise nach Marrakesch ank\u00fcndigen, und vertraue uns &#8211; das ist das Abenteuer, auf das du gewartet hast!<\/p>\n                <img decoding=\"async\" src=\"https:\/\/monatglobal.com\/uk\/wp-content\/uploads\/sites\/6\/2025\/02\/Incentive-Trip-to-Marrakech_archs-min.jpg\" alt=\"A woman seen from behind, wearing a green dress and holding a large hat in her hands, admires the arched architecture of a hallway with Moroccan-style design.\" \/>\n            <img decoding=\"async\" src=\"https:\/\/monatglobal.com\/wp-content\/uploads\/2025\/02\/yellow-star.svg\" alt=\"Yellow eight-pointed star shape\" \/>\n            <img decoding=\"async\" src=\"https:\/\/monatglobal.com\/wp-content\/uploads\/2025\/02\/salmon-star.svg\" alt=\"Salmon eight-pointed star shape\" \/> \n                <p>Wenn du schon einmal eine MONAT Incentive-Reise erlebt hast, wei\u00dft du bereits, dass es mehr als nur ein Kurzurlaub ist &#8211; es ist eine unvergessliche Reise voller besonderer Momente, neuer Freundschaften und Erinnerungen f\u00fcrs Leben.<\/p>\n                <p>Stell dir vor, du tauchst in die lebendige Energie Marrakeschs ein, kn\u00fcpfst wertvolle Kontakte und genie\u00dft Erlebnisse, die mit Geld nicht zu bezahlen sind.<\/p>\n    <\/section>\n    <section id=\"sec3\">\n             <img decoding=\"async\" src=\"https:\/\/monatglobal.com\/uk\/wp-content\/uploads\/sites\/6\/2025\/02\/energy-of-Marrakech_woman-min.jpg\" alt=\"A woman wearing a vibrant, colorful dress is seated gracefully on a chair, exuding elegance and style.\" \/>\n                <img decoding=\"async\" src=\"https:\/\/monatglobal.com\/uk\/wp-content\/uploads\/sites\/6\/2025\/02\/more-than-just-a-getaway_arch-min.jpg\" alt=\"A picturesque scene of the royal palace courtyard in Marrakesh, Morocco, highlighting its stunning architecture and tranquil atmosphere.\" \/>\n            <p>Das ist dein Moment.<br \/> Tr\u00e4ume nicht nur<br \/> davon &#8211; mach es m\u00f6glich!<\/p>\n    <\/section>\n    <section id=\"tableSec\">\n            <img decoding=\"async\" src=\"https:\/\/monatglobal.com\/wp-content\/uploads\/2025\/02\/salmon-star.svg\" alt=\"Yellow eight-pointed star shape\" \/>\n            <img decoding=\"async\" src=\"https:\/\/monatglobal.com\/wp-content\/uploads\/2025\/02\/yellow-star.svg\" alt=\"Salmon eight-pointed star shape\" \/> \n            <img decoding=\"async\" src=\"https:\/\/monatglobal.com\/uk\/wp-content\/uploads\/sites\/6\/2025\/02\/ignite-2025Logo.svg\" alt=\"ignite logo\" \/>\n            <h2>Qualifikationskriterien<\/h2>\n            <p>PV-, VIP- und MP-Anforderung: innerhalb von 5 Monaten erf\u00fcllen <br \/>(f\u00fcr Deutschland und Belgien)<\/p>\n            <p>STUFE<\/p>\n            \n            <p>Auszeichnung<\/p> \n            <p>PV-Anforderungen Einstiegsebene<\/p>\n            <p>7000 PV*<\/p>\n            <p>Programm +  Mehrbettzimmer<\/p>\n            <p>Registrierungsanforderung Einstiegsebene<\/p>\n            <p>6 VIP + 2 MP<\/p>\n            <p>PV-Anforderungen <br \/>Stufe 1<\/p>\n            <p>9000 PV*<\/p>\n            <p>Programm + <br \/>Mehrbettzimmer + <br \/>115 \u20ac<\/p>\n            <p>PV-Anforderungen <br \/>Stufe 2<\/p>\n            <p>12000 PV*<\/p>\n            <p>Programm + <br \/>Mehrbettzimmer + <br \/>Fl\u00fcge<\/p>\n            <p>Registrierungsanforderung Stufe 1 &amp; 2<\/p>\n            <p>10 VIP + 2 MP<\/p>\n            <p>*Mindest-PV muss von Kundeneink\u00e4ufen kumulativ w\u00e4hrend des Qualifikationszeitraums sein (VIP oder Einzelhandel)<\/p>\n            <p>4000 PV<\/p>\n            <p>Alle Market Partner m\u00fcssen im Juli 2025 als MMP oder h\u00f6her bezahlt werden, um sich zu qualifizieren.<\/p>\n            \n                VIP und MP Registrierungsanforderung\n                Einstiegsebene: Einschreibung von 6 VIP mit aktivem Flexship und 2 MP mit Produktpaket, innerhalb von 5 Monaten<br \/>\n                Stufe 1 &amp; 2: Einschreibung von 10 VIP mit aktivem Flexship und 2 MP mit Produktpaket, innerhalb von 5 Monaten\n            \n            \n                PV-Anforderung\n                PV-Anforderungen f\u00fcr alle Stufen z\u00e4hlen kumulativ\n             \n    <\/section>\n    <section id=\"lookLike_container\">  \n            <img decoding=\"async\" src=\"https:\/\/monatglobal.com\/wp-content\/uploads\/2025\/02\/salmon-star.svg\" alt=\"Yellow eight-pointed star shape\" \/>\n            <img decoding=\"async\" src=\"https:\/\/monatglobal.com\/wp-content\/uploads\/2025\/02\/yellow-star.svg\" alt=\"Salmon eight-pointed star shape\" \/> \n                <h2>Bist du dabei?<\/h2>\n                <p>Das erwartete dich <br \/>bei MONAT Ignite<\/p>\n                        <img decoding=\"async\" src=\"https:\/\/monatglobal.com\/uk\/wp-content\/uploads\/sites\/6\/2025\/02\/entry-level-icon.svg\" alt=\"Hotel icon illustration\" \/>\n                        <p>Einstiegsebene <br \/>umfasst:<\/p>\n                        <ul>\n                            <li><p>\u2022 3 \u00dcbernachtungen im Mehrbettzimmer inklusive Fr\u00fchst\u00fcck<\/p><\/li>\n                            <li><p>\u2022 Besonderes MONAT-Erlebnis<\/p><\/li>\n                            <li><p>\u2022 Gala-Feier<\/p><\/li>\n                            <li><p>\u2022 Viele Besonderheiten von MONAT Europe<\/p><\/li>\n                        <\/ul>\n                        <p>Fl\u00fcge werden auf dieser Ebene nicht von MONAT \u00fcbernommen.<\/p>\n                        <img decoding=\"async\" src=\"https:\/\/monatglobal.com\/uk\/wp-content\/uploads\/sites\/6\/2025\/02\/tier-1-eu.svg\" alt=\"money icon illustration\" \/> \n                        <p>Fahrt f\u00fcr Stufe 1<br \/> umfasst:<\/p>\n                        <ul>\n                            <li><p>\u2022 3 \u00dcbernachtungen im Mehrbettzimmer inklusive Fr\u00fchst\u00fcck<\/p><\/li>\n                            <li><p>\u2022 115 \u20ac, die du nach Belieben ausgeben kannst<\/p><\/li>\n                            <li><p>\u2022 Besonderes MONAT-Erlebnis<\/p><\/li>\n                            <li><p>\u2022 Gala-Feier<\/p><\/li>\n                            <li><p>\u2022 Viele Besonderheiten von MONAT Europe<\/p><\/li>\n                        <\/ul>\n                        <p>Fl\u00fcge werden auf dieser Ebene nicht von MONAT \u00fcbernommen.<\/p>\n                        <img decoding=\"async\" src=\"https:\/\/monatglobal.com\/uk\/wp-content\/uploads\/sites\/6\/2025\/02\/tier-2.svg\" alt=\"plane ticket icon illustration\" \/>\n                        <p>Fahrt f\u00fcr Stufe 2<br \/> umfasst:<\/p>\n                        <ul>\n                            <li><p>\u2022 Hin- und R\u00fcckflug von den Hauptflugh\u00e4fen in Gro\u00dfbritannien, Irland, Polen, Spanien, Litauen und Frankreich*<\/p><\/li>\n                            <li><p>\u2022 3 \u00dcbernachtungen im Mehrbettzimmer inklusive Fr\u00fchst\u00fcck<\/p><\/li>\n                            <li><p>\u2022 Besonderes MONAT-Erlebnis<\/p><\/li>\n                            <li><p>\u2022 Gala-Feier<\/p><\/li>\n                            <li><p>\u2022 Viele Besonderheiten von MONAT Europe<\/p><\/li>\n                        <\/ul>\n            <img decoding=\"async\" src=\"https:\/\/monatglobal.com\/uk\/wp-content\/uploads\/sites\/6\/2025\/02\/oil-drop.svg\" alt=\"oil drop logo\" \/>\n    <\/section>\n    <section id=\"bottomSec\">\n        <p>Wir sehen uns in<\/p>\n        <img decoding=\"async\" src=\"https:\/\/monatglobal.com\/de\/wp-content\/uploads\/sites\/22\/2025\/02\/marrakech-title-2-ger.svg\" alt=\"Marrakech!\" \/> \n        <a href=\"https:\/\/monatglobal.com\/de\/wp-content\/uploads\/sites\/22\/2025\/03\/GER_MONAT-Europe-Ignite-2025-FAQ_022825_v3.pdf\" target=\"_blank\" rel=\"noopener\">FAQ<\/a>\n        <p>*Bitte beachte die <a href=\"https:\/\/monatglobal.com\/de\/wp-content\/uploads\/sites\/22\/2025\/03\/GER_MONAT-Europe-Ignite-2025-Terms-and-Conditions_022125_v1.pdf\" target=\"_blank\" rel=\"noopener\">Allgemeinen Gesch\u00e4ftsbedingungen<\/a> zur <br \/>\u00dcbernahme der Flugkosten durch MONAT Global<\/p>\n        <img decoding=\"async\" alt=\"pattern img\" src=\"https:\/\/monatglobal.com\/wp-content\/uploads\/2025\/02\/pattern-img.svg\" \/>\n    <\/section>\n<\/main>\n\n","protected":false},"excerpt":{"rendered":"<p>:root{ &#8211;sand: #fbf5f0; &#8211;red: #c2514a; &#8211;salmon: #f3b7b1; &#8211;dark-purple: #572e3d; &#8211;purple: #522f56; } erwartet dich &#8211; Deine Traum-Incentive-Reise beginnt hier! Qualifikation: 1. M\u00e4rz 2025 &#8211; 31. Juli 2025 Eventdatum: 26.-29. September 2025 Was ist dein Traumziel? Bist du bereit, es Wirklichkeit werden zu lassen? Die Zeit ist gekommen! Wir freuen uns, die exklusive MONAT Europe Incentive-Reise&hellip;<\/p>\n","protected":false},"author":31,"featured_media":636,"parent":0,"menu_order":0,"comment_status":"closed","ping_status":"closed","template":"","meta":{"inline_featured_image":false,"footnotes":""},"categories":[],"tags":[],"class_list":["post-648","page","type-page","status-publish","has-post-thumbnail","hentry"],"aioseo_notices":[],"aioseo_head":"\n\t\t<!-- All in One SEO Pro 4.9.5.2 - aioseo.com -->\n\t<meta name=\"description\" content=\":root{ --sand: #fbf5f0; --red: #c2514a; --salmon: #f3b7b1; --dark-purple: #572e3d; --purple: #522f56; } erwartet dich - Deine Traum-Incentive-Reise beginnt hier! Qualifikation: 1. M\u00e4rz 2025 - 31. Juli 2025 Eventdatum: 26.-29. September 2025 Was ist dein Traumziel? Bist du bereit, es Wirklichkeit werden zu lassen? Die Zeit ist gekommen! Wir freuen uns, die exklusive MONAT Europe Incentive-Reise\" \/>\n\t<meta name=\"robots\" content=\"noindex, nofollow, max-image-preview:large\" \/>\n\t<link rel=\"canonical\" href=\"https:\/\/monatglobal.com\/at\/ignite\/\" \/>\n\t<meta name=\"generator\" content=\"All in One SEO Pro (AIOSEO) 4.9.5.2\" \/>\n\t\t<meta property=\"og:locale\" content=\"de_DE\" \/>\n\t\t<meta property=\"og:site_name\" content=\"MONAT Austria - We Are Modern Nature\u00ae\" \/>\n\t\t<meta property=\"og:type\" content=\"article\" \/>\n\t\t<meta property=\"og:title\" content=\"MONAT Ignite 2025 \u2013 Exklusive Incentive-Reise nach Marrakesch - MONAT Austria\" \/>\n\t\t<meta property=\"og:description\" content=\":root{ --sand: #fbf5f0; --red: #c2514a; --salmon: #f3b7b1; --dark-purple: #572e3d; --purple: #522f56; } erwartet dich - Deine Traum-Incentive-Reise beginnt hier! Qualifikation: 1. M\u00e4rz 2025 - 31. Juli 2025 Eventdatum: 26.-29. September 2025 Was ist dein Traumziel? Bist du bereit, es Wirklichkeit werden zu lassen? Die Zeit ist gekommen! Wir freuen uns, die exklusive MONAT Europe Incentive-Reise\" \/>\n\t\t<meta property=\"og:url\" content=\"https:\/\/monatglobal.com\/at\/ignite\/\" \/>\n\t\t<meta property=\"article:published_time\" content=\"2025-02-21T15:08:28+00:00\" \/>\n\t\t<meta property=\"article:modified_time\" content=\"2025-02-21T15:08:28+00:00\" \/>\n\t\t<meta name=\"twitter:card\" content=\"summary_large_image\" \/>\n\t\t<meta name=\"twitter:title\" content=\"MONAT Ignite 2025 \u2013 Exklusive Incentive-Reise nach Marrakesch - MONAT Austria\" \/>\n\t\t<meta name=\"twitter:description\" content=\":root{ --sand: #fbf5f0; --red: #c2514a; --salmon: #f3b7b1; --dark-purple: #572e3d; --purple: #522f56; } erwartet dich - Deine Traum-Incentive-Reise beginnt hier! Qualifikation: 1. M\u00e4rz 2025 - 31. Juli 2025 Eventdatum: 26.-29. September 2025 Was ist dein Traumziel? Bist du bereit, es Wirklichkeit werden zu lassen? Die Zeit ist gekommen! Wir freuen uns, die exklusive MONAT Europe Incentive-Reise\" \/>\n\t\t<script type=\"application\/ld+json\" class=\"aioseo-schema\">\n\t\t\t{\"@context\":\"https:\\\/\\\/schema.org\",\"@graph\":[{\"@type\":\"BreadcrumbList\",\"@id\":\"https:\\\/\\\/monatglobal.com\\\/at\\\/ignite\\\/#breadcrumblist\",\"itemListElement\":[{\"@type\":\"ListItem\",\"@id\":\"https:\\\/\\\/monatglobal.com\\\/at#listItem\",\"position\":1,\"name\":\"Home\",\"item\":\"https:\\\/\\\/monatglobal.com\\\/at\",\"nextItem\":{\"@type\":\"ListItem\",\"@id\":\"https:\\\/\\\/monatglobal.com\\\/at\\\/ignite\\\/#listItem\",\"name\":\"MONAT Ignite 2025 \\u2013 Exklusive Incentive-Reise nach Marrakesch\"}},{\"@type\":\"ListItem\",\"@id\":\"https:\\\/\\\/monatglobal.com\\\/at\\\/ignite\\\/#listItem\",\"position\":2,\"name\":\"MONAT Ignite 2025 \\u2013 Exklusive Incentive-Reise nach Marrakesch\",\"previousItem\":{\"@type\":\"ListItem\",\"@id\":\"https:\\\/\\\/monatglobal.com\\\/at#listItem\",\"name\":\"Home\"}}]},{\"@type\":\"Organization\",\"@id\":\"https:\\\/\\\/monatglobal.com\\\/at\\\/#organization\",\"name\":\"MONAT Austria\",\"description\":\"We Are Modern Nature\\u00ae\",\"url\":\"https:\\\/\\\/monatglobal.com\\\/at\\\/\"},{\"@type\":\"WebPage\",\"@id\":\"https:\\\/\\\/monatglobal.com\\\/at\\\/ignite\\\/#webpage\",\"url\":\"https:\\\/\\\/monatglobal.com\\\/at\\\/ignite\\\/\",\"name\":\"MONAT Ignite 2025 \\u2013 Exklusive Incentive-Reise nach Marrakesch - MONAT Austria\",\"description\":\":root{ --sand: #fbf5f0; --red: #c2514a; --salmon: #f3b7b1; --dark-purple: #572e3d; --purple: #522f56; } erwartet dich - Deine Traum-Incentive-Reise beginnt hier! Qualifikation: 1. M\\u00e4rz 2025 - 31. Juli 2025 Eventdatum: 26.-29. September 2025 Was ist dein Traumziel? Bist du bereit, es Wirklichkeit werden zu lassen? Die Zeit ist gekommen! Wir freuen uns, die exklusive MONAT Europe Incentive-Reise\",\"inLanguage\":\"de-DE\",\"isPartOf\":{\"@id\":\"https:\\\/\\\/monatglobal.com\\\/at\\\/#website\"},\"breadcrumb\":{\"@id\":\"https:\\\/\\\/monatglobal.com\\\/at\\\/ignite\\\/#breadcrumblist\"},\"image\":{\"@type\":\"ImageObject\",\"url\":636,\"@id\":\"https:\\\/\\\/monatglobal.com\\\/at\\\/ignite\\\/#mainImage\"},\"primaryImageOfPage\":{\"@id\":\"https:\\\/\\\/monatglobal.com\\\/at\\\/ignite\\\/#mainImage\"},\"datePublished\":\"2025-02-21T15:08:28+00:00\",\"dateModified\":\"2025-02-21T15:08:28+00:00\"},{\"@type\":\"WebSite\",\"@id\":\"https:\\\/\\\/monatglobal.com\\\/at\\\/#website\",\"url\":\"https:\\\/\\\/monatglobal.com\\\/at\\\/\",\"name\":\"MONAT Austria\",\"description\":\"We Are Modern Nature\\u00ae\",\"inLanguage\":\"de-DE\",\"publisher\":{\"@id\":\"https:\\\/\\\/monatglobal.com\\\/at\\\/#organization\"}}]}\n\t\t<\/script>\n\t\t<!-- All in One SEO Pro -->\r\n\t\t<title>MONAT Ignite 2025 \u2013 Exklusive Incentive-Reise nach Marrakesch - MONAT Austria<\/title>\n\n","aioseo_head_json":{"title":"MONAT Ignite 2025 \u2013 Exklusive Incentive-Reise nach Marrakesch - MONAT Austria","description":":root{ --sand: #fbf5f0; --red: #c2514a; --salmon: #f3b7b1; --dark-purple: #572e3d; --purple: #522f56; } erwartet dich - Deine Traum-Incentive-Reise beginnt hier! Qualifikation: 1. M\u00e4rz 2025 - 31. Juli 2025 Eventdatum: 26.-29. September 2025 Was ist dein Traumziel? Bist du bereit, es Wirklichkeit werden zu lassen? Die Zeit ist gekommen! Wir freuen uns, die exklusive MONAT Europe Incentive-Reise","canonical_url":"https:\/\/monatglobal.com\/at\/ignite\/","robots":"noindex, nofollow, max-image-preview:large","keywords":"","webmasterTools":{"miscellaneous":""},"schema":{"@context":"https:\/\/schema.org","@graph":[{"@type":"BreadcrumbList","@id":"https:\/\/monatglobal.com\/at\/ignite\/#breadcrumblist","itemListElement":[{"@type":"ListItem","@id":"https:\/\/monatglobal.com\/at#listItem","position":1,"name":"Home","item":"https:\/\/monatglobal.com\/at","nextItem":{"@type":"ListItem","@id":"https:\/\/monatglobal.com\/at\/ignite\/#listItem","name":"MONAT Ignite 2025 \u2013 Exklusive Incentive-Reise nach Marrakesch"}},{"@type":"ListItem","@id":"https:\/\/monatglobal.com\/at\/ignite\/#listItem","position":2,"name":"MONAT Ignite 2025 \u2013 Exklusive Incentive-Reise nach Marrakesch","previousItem":{"@type":"ListItem","@id":"https:\/\/monatglobal.com\/at#listItem","name":"Home"}}]},{"@type":"Organization","@id":"https:\/\/monatglobal.com\/at\/#organization","name":"MONAT Austria","description":"We Are Modern Nature\u00ae","url":"https:\/\/monatglobal.com\/at\/"},{"@type":"WebPage","@id":"https:\/\/monatglobal.com\/at\/ignite\/#webpage","url":"https:\/\/monatglobal.com\/at\/ignite\/","name":"MONAT Ignite 2025 \u2013 Exklusive Incentive-Reise nach Marrakesch - MONAT Austria","description":":root{ --sand: #fbf5f0; --red: #c2514a; --salmon: #f3b7b1; --dark-purple: #572e3d; --purple: #522f56; } erwartet dich - Deine Traum-Incentive-Reise beginnt hier! Qualifikation: 1. M\u00e4rz 2025 - 31. Juli 2025 Eventdatum: 26.-29. September 2025 Was ist dein Traumziel? Bist du bereit, es Wirklichkeit werden zu lassen? Die Zeit ist gekommen! Wir freuen uns, die exklusive MONAT Europe Incentive-Reise","inLanguage":"de-DE","isPartOf":{"@id":"https:\/\/monatglobal.com\/at\/#website"},"breadcrumb":{"@id":"https:\/\/monatglobal.com\/at\/ignite\/#breadcrumblist"},"image":{"@type":"ImageObject","url":636,"@id":"https:\/\/monatglobal.com\/at\/ignite\/#mainImage"},"primaryImageOfPage":{"@id":"https:\/\/monatglobal.com\/at\/ignite\/#mainImage"},"datePublished":"2025-02-21T15:08:28+00:00","dateModified":"2025-02-21T15:08:28+00:00"},{"@type":"WebSite","@id":"https:\/\/monatglobal.com\/at\/#website","url":"https:\/\/monatglobal.com\/at\/","name":"MONAT Austria","description":"We Are Modern Nature\u00ae","inLanguage":"de-DE","publisher":{"@id":"https:\/\/monatglobal.com\/at\/#organization"}}]},"og:locale":"de_DE","og:site_name":"MONAT Austria - We Are Modern Nature\u00ae","og:type":"article","og:title":"MONAT Ignite 2025 \u2013 Exklusive Incentive-Reise nach Marrakesch - MONAT Austria","og:description":":root{ --sand: #fbf5f0; --red: #c2514a; --salmon: #f3b7b1; --dark-purple: #572e3d; --purple: #522f56; } erwartet dich - Deine Traum-Incentive-Reise beginnt hier! Qualifikation: 1. M\u00e4rz 2025 - 31. Juli 2025 Eventdatum: 26.-29. September 2025 Was ist dein Traumziel? Bist du bereit, es Wirklichkeit werden zu lassen? Die Zeit ist gekommen! Wir freuen uns, die exklusive MONAT Europe Incentive-Reise","og:url":"https:\/\/monatglobal.com\/at\/ignite\/","article:published_time":"2025-02-21T15:08:28+00:00","article:modified_time":"2025-02-21T15:08:28+00:00","twitter:card":"summary_large_image","twitter:title":"MONAT Ignite 2025 \u2013 Exklusive Incentive-Reise nach Marrakesch - MONAT Austria","twitter:description":":root{ --sand: #fbf5f0; --red: #c2514a; --salmon: #f3b7b1; --dark-purple: #572e3d; --purple: #522f56; } erwartet dich - Deine Traum-Incentive-Reise beginnt hier! Qualifikation: 1. M\u00e4rz 2025 - 31. Juli 2025 Eventdatum: 26.-29. September 2025 Was ist dein Traumziel? Bist du bereit, es Wirklichkeit werden zu lassen? Die Zeit ist gekommen! Wir freuen uns, die exklusive MONAT Europe Incentive-Reise"},"aioseo_meta_data":{"post_id":"648","title":null,"description":null,"keywords":null,"keyphrases":null,"primary_term":null,"canonical_url":null,"og_title":null,"og_description":null,"og_object_type":"default","og_image_type":"default","og_image_url":null,"og_image_width":null,"og_image_height":null,"og_image_custom_url":null,"og_image_custom_fields":null,"og_video":null,"og_custom_url":null,"og_article_section":null,"og_article_tags":null,"twitter_use_og":false,"twitter_card":"default","twitter_image_type":"default","twitter_image_url":null,"twitter_image_custom_url":null,"twitter_image_custom_fields":null,"twitter_title":null,"twitter_description":null,"schema":{"blockGraphs":[],"customGraphs":[],"default":{"data":{"Article":[],"Course":[],"Dataset":[],"FAQPage":[],"Movie":[],"Person":[],"Product":[],"ProductReview":[],"Car":[],"Recipe":[],"Service":[],"SoftwareApplication":[],"WebPage":[]},"graphName":"","isEnabled":true},"graphs":[]},"schema_type":"default","schema_type_options":null,"pillar_content":false,"robots_default":true,"robots_noindex":false,"robots_noarchive":false,"robots_nosnippet":false,"robots_nofollow":false,"robots_noimageindex":false,"robots_noodp":false,"robots_notranslate":false,"robots_max_snippet":null,"robots_max_videopreview":null,"robots_max_imagepreview":"large","priority":null,"frequency":null,"local_seo":null,"seo_analyzer_scan_date":null,"breadcrumb_settings":null,"limit_modified_date":false,"reviewed_by":null,"open_ai":null,"ai":null,"created":"2025-07-30 02:28:37","updated":"2026-02-10 05:14:01"},"aioseo_breadcrumb":"<div class=\"aioseo-breadcrumbs\"><span class=\"aioseo-breadcrumb\">\n\t<a href=\"https:\/\/monatglobal.com\/at\" title=\"Home\">Home<\/a>\n<\/span><span class=\"aioseo-breadcrumb-separator\">&raquo;<\/span><span class=\"aioseo-breadcrumb\">\n\tMONAT Ignite 2025 \u2013 Exklusive Incentive-Reise nach Marrakesch\n<\/span><\/div>","aioseo_breadcrumb_json":[{"label":"Home","link":"https:\/\/monatglobal.com\/at"},{"label":"MONAT Ignite 2025 \u2013 Exklusive Incentive-Reise nach Marrakesch","link":"https:\/\/monatglobal.com\/at\/ignite\/"}],"_links":{"self":[{"href":"https:\/\/monatglobal.com\/at\/wp-json\/wp\/v2\/pages\/648","targetHints":{"allow":["GET"]}}],"collection":[{"href":"https:\/\/monatglobal.com\/at\/wp-json\/wp\/v2\/pages"}],"about":[{"href":"https:\/\/monatglobal.com\/at\/wp-json\/wp\/v2\/types\/page"}],"author":[{"embeddable":true,"href":"https:\/\/monatglobal.com\/at\/wp-json\/wp\/v2\/users\/31"}],"replies":[{"embeddable":true,"href":"https:\/\/monatglobal.com\/at\/wp-json\/wp\/v2\/comments?post=648"}],"version-history":[{"count":0,"href":"https:\/\/monatglobal.com\/at\/wp-json\/wp\/v2\/pages\/648\/revisions"}],"wp:featuredmedia":[{"embeddable":true,"href":"https:\/\/monatglobal.com\/at\/wp-json\/"}],"wp:attachment":[{"href":"https:\/\/monatglobal.com\/at\/wp-json\/wp\/v2\/media?parent=648"}],"wp:term":[{"taxonomy":"category","embeddable":true,"href":"https:\/\/monatglobal.com\/at\/wp-json\/wp\/v2\/categories?post=648"},{"taxonomy":"post_tag","embeddable":true,"href":"https:\/\/monatglobal.com\/at\/wp-json\/wp\/v2\/tags?post=648"}],"curies":[{"name":"wp","href":"https:\/\/api.w.org\/{rel}","templated":true}]}}