{"id":60,"date":"2024-12-19T16:56:52","date_gmt":"2024-12-19T16:56:52","guid":{"rendered":"https:\/\/monatglobal.com\/de\/?page_id=60"},"modified":"2025-11-21T15:18:19","modified_gmt":"2025-11-21T15:18:19","slug":"vip","status":"publish","type":"page","link":"https:\/\/monatglobal.com\/at\/vip\/","title":{"rendered":"VIP PERKS\u2122 Belohnungen stehen dir gut"},"content":{"rendered":"\n\n\t<style>\n    :root{\n        --gray: #F4F3F2;\n        --green: #8C966A;\n    } \n<\/style>\n    <section id=\"bannerSec\">\n            <h3>WILLKOMMEN BEI<\/h3>\n            <img decoding=\"async\" id=\"monatLogo_w\" src=\"https:\/\/monatglobal.com\/wp-content\/uploads\/2023\/08\/monat-logo-white-1.svg\" alt=\"monat logo\"\/>\n            <h1>VIP PERKS\u2122<\/h1> \n            <h2>Belohnungen stehen Dir gut.<\/h2>\n            <!--<a>Ab dem 1. November verf\u00fcgbar<\/a>-->\n            <a href=\"https:\/\/corp.mymonat.com\/pyr_core\/v2_enrollments\/select_market?sponsor_id=&#038;enroll_params=profile_form_type%3Dvip_for_life&#038;market=at&#038;lang_code=de\" target=\"_blank\" rel=\"noopener\">JETZT BEITRETEN<\/a>\n    <\/section> \n        <a href=\"https:\/\/monatglobal.com\/de\/vip\/#incredible-savings\">UNGLAUBLICHE ERSPARNISSE<\/a> \n        <a href=\"https:\/\/monatglobal.com\/de\/vip\/#exclusive-rewards\">EXKLUSIVE BELOHNUNGEN<\/a>\n        <a href=\"https:\/\/monatglobal.com\/de\/vip\/#beautiful-results\">SCH\u00d6NE ERGEBNISSE<\/a>\n    <img decoding=\"async\" src=\"https:\/\/monatglobal.com\/wp-content\/uploads\/2024\/11\/vip-perks-main-banner-2024-final-min.jpg\" alt=\"A woman with dark brown hair sitting on a couch, smiling while holding a MONAT Product bottle, set in a cozy, natural-lit living room\" loading=\"lazy\"\/>\n        <img decoding=\"async\" src=\"https:\/\/monatglobal.com\/wp-content\/uploads\/2024\/11\/vip-perks-main-banner-2024-mobile-min.jpg\" alt=\"A woman with dark brown hair sitting on a couch, smiling while holding a MONAT Product bottle, set in a cozy, natural-lit living room\" loading=\"lazy\"\/>\n        Werde Monat-VIP und genie\u00dfe eine Vielzahl an Vorteilen, darunter \nunglaubliche Ersparnisse, exklusive Belohnungen, sch\u00f6ne Ergebnisse und vieles&nbsp;mehr.\n        <p>MELDE DICH NOCH HEUTE KOSTENLOS AN UND BEGINNE VORTEILE ZU&nbsp;SAMMELN!<\/p>\n    <section id=\"incredible-savings\">\n                <h2>01UNGLAUBLICHE <br \/> ERSPARNISSE<\/h2>\n            <img decoding=\"async\" src=\"https:\/\/monatglobal.com\/au\/wp-content\/uploads\/sites\/12\/2024\/11\/HEALTHY-SAVINGS-banner-apac-min.jpg\" alt=\"A blonde woman wearing a white top smiling as she holds a yellow bottle of Monat product outdoors near a poolside.\" loading=\"lazy\"\/>\n                <img decoding=\"async\" src=\"https:\/\/monatglobal.com\/de\/wp-content\/uploads\/sites\/22\/2024\/12\/15-OFF-GERMAN.svg\" alt=\"15 off icon\"\/>\n                <h3>15% RABATT<\/h3>\n                <p>Jedes Produkt. Jeden Tag.<\/p>\n                <p>Du erh\u00e4ltst immer 15&nbsp;% Rabatt auf den Verkaufspreis von MONAT-Produkten.<\/p>\n                <img decoding=\"async\" src=\"https:\/\/monatglobal.com\/wp-content\/uploads\/2024\/11\/PURCHASE.svg\" alt=\"PURCHASE+ icon\"\/>\n                <h3>SPARE <br \/> NOCH MEHR <\/h3>\n                <p>mit MONAT Purchase +\u2122<\/p>\n                <p>Erhalte einen zus\u00e4tzlichen Rabatt von 15 bis 25&nbsp;% auf Deinen Einkauf, abh\u00e4ngig von der Gesamtsumme Deiner Bestellung.<\/p>\n                <img decoding=\"async\" src=\"https:\/\/monatglobal.com\/wp-content\/uploads\/2024\/11\/FLAT-RATE-SHIPPING.svg\" alt=\"FLAT RATE SHIPPING icon\"\/>\n                <h3>KOSTENLOSER <br \/> VERSAND<\/h3>\n                <p>Das liest jeder gerne.<\/p>\n                <p>Qualifizierende Flexship-Bestellungen versandkostenfrei ab 75&nbsp;\u20ac.<\/p>\n    <\/section>\n    <section id=\"exclusive-rewards\">\n            <img decoding=\"async\" src=\"https:\/\/monatglobal.com\/wp-content\/uploads\/2024\/11\/Exclusive-Rewards-NA-pages-min.jpg\" alt=\"A brunette woman holding and examining two Monat product bottles in a warm, homey setting with light wood tones.\" loading=\"lazy\"\/>\n                <h2>02EXKLUSIVE<br \/>BELOHNUNGEN<\/h2>\n                <img decoding=\"async\" src=\"https:\/\/monatglobal.com\/wp-content\/uploads\/2024\/11\/VIP-POINTS.svg\" alt=\"VIP POINTS icon\"\/>\n                <h3>VIP-PUNKTE<\/h3>\n                <p>Verdienen, einl\u00f6sen, sparen.<\/p>\n                <p>Mit jedem Kauf erh\u00e4ltst Du Punkte, die Du sammeln und f\u00fcr exklusive Pr\u00e4mien einl\u00f6sen kannst &#8211; darunter ausgew\u00e4hlte Produkte und zus\u00e4tzliche&nbsp;Rabatte.<\/p>\n                <img decoding=\"async\" src=\"https:\/\/monatglobal.com\/wp-content\/uploads\/2024\/11\/BIRTHDAY-GIFT.svg\" alt=\"BIRTHDAY GIFT icon\"\/>\n                <h3>GEBURTSTAGSBONUS<\/h3>\n                <p>Unser Geschenk an Dich.<\/p>\n                <p>Erhalte eine Pr\u00e4mie im Wert von 25&nbsp;\u20ac an Deinem besonderen&nbsp;Tag.<\/p>\n                <img decoding=\"async\" src=\"https:\/\/monatglobal.com\/wp-content\/uploads\/2024\/11\/ANNI-GIFT.svg\" alt=\"ANNI GIFT icon\"\/>\n                <h3>JUBIL\u00c4UMSGESCHENK<\/h3>\n                <p>Wir wissen Dich zu sch\u00e4tzen.<\/p>\n                <p>Feiere Dein MONAT Jubil\u00e4um mit einer zus\u00e4tzlichen Pr\u00e4mie von 10&nbsp;\u20ac.<\/p>\n    <\/section>\n    <section id=\"beautiful-results\">\n                <h2>03SCH\u00d6NE<br \/>ERGEBNISSE<\/h2> \n            <img decoding=\"async\" src=\"https:\/\/monatglobal.com\/wp-content\/uploads\/2024\/11\/Beautiful-Results-NA-pages-min.jpg\" alt=\"A dark-haired woman in a bathroom, smiling while reaching for a Monat product on a stylish shelf filled with other beauty products.\" loading=\"lazy\"\/>\n                <img decoding=\"async\" src=\"https:\/\/monatglobal.com\/wp-content\/uploads\/2024\/11\/FLEXSHIP-1.svg\" alt=\"FLEXSHIP icon\"\/>\n                <h3>FLEXSHIP<\/h3>\n                <p>Hab Deine wichtigsten Produkte immer auf Lager.<\/p>\n                <p>W\u00e4hle Deine Produkte und die H\u00e4ufigkeit &#8211; alle 30 oder 60 Tage. Aktualisiere Deine Bestellung oder passe Deinen Zeitplan jederzeit problemlos&nbsp;an.<\/p>\n                <img decoding=\"async\" src=\"https:\/\/monatglobal.com\/de\/wp-content\/uploads\/sites\/22\/2025\/08\/FREE-PRODUCTS-GERMAN.svg\" alt=\"FREE icon\"\/>\n                <h3>KOSTENLOSE<br \/> PRODUKTE<\/h3>\n                <p>Flexship zahlt sich aus.<\/p>\n                <p>Erhalte ein KOSTENLOSES Produkt auf Deine zweite, dritte und vierte Flexship-Bestellung im Wert von mindestens 75&nbsp;\u20ac.<\/p>\n                <img decoding=\"async\" src=\"https:\/\/monatglobal.com\/wp-content\/uploads\/2024\/11\/SALES-AND-PROMOS.svg\" alt=\"SALES AND PROMOS icon\"\/>\n                <h3>EXKLUSIVE ANGEBOTE &#038; AKTIONEN<\/h3>\n                <p>Du bist dabei.<\/p>\n                <p>Genie\u00dfe den exklusiven Zugang zu Flash Sales und Sonderaktionen, bei denen Du noch mehr&nbsp;sparst.<\/p>\n    <\/section>\n    <section id=\"preFooter\">\n        <h2>Bereit, ein MONAT-VIP zu werden?<\/h2>\n        <p>Mach den ersten Schritt zu sch\u00f6nem Haar und gesunder Haut. <br \/> Sammle mit jedem Einkauf VIP-Punkte und schau dabei zu, wie sich Deine Belohnungen summieren.<\/p>\n        <!--<a>Ab dem 1. November verf\u00fcgbar<\/a>-->\n        <a href=\"https:\/\/corp.mymonat.com\/pyr_core\/v2_enrollments\/select_market?sponsor_id=&#038;enroll_params=profile_form_type%3Dvip_for_life&#038;market=at&#038;lang_code=de\" target=\"_blank\" rel=\"noopener\">JETZT BEITRETEN<\/a>\n        <a href=\"https:\/\/monatglobal.com\/at\/wp-content\/uploads\/sites\/27\/2025\/08\/GERAT_MONAT-VIP-Perks-FAQs_081925_v3-1.pdf\" target=\"_blank\" id=\"faq_btn\" rel=\"noopener\">MONAT VIP PERKS\u2122 FAQ<\/a>\n        <!-- TrustBox widget - Slider -->\n  <a href=\"https:\/\/de.trustpilot.com\/review\/monatglobal.com\" target=\"_blank\" rel=\"noopener\">Trustpilot<\/a>\n<!-- End TrustBox widget -->\n    <\/section>\n\n","protected":false},"excerpt":{"rendered":"<p>WILLKOMMEN BEI VIP PERKS\u2122 Belohnungen stehen Dir gut. JETZT BEITRETEN UNGLAUBLICHE ERSPARNISSE EXKLUSIVE BELOHNUNGEN SCH\u00d6NE ERGEBNISSE Werde Monat-VIP und genie\u00dfe eine Vielzahl an Vorteilen, darunter unglaubliche Ersparnisse, exklusive Belohnungen, sch\u00f6ne Ergebnisse und vieles&nbsp;mehr. MELDE DICH NOCH HEUTE KOSTENLOS AN UND BEGINNE VORTEILE ZU&nbsp;SAMMELN! 01UNGLAUBLICHE ERSPARNISSE 15% RABATT Jedes Produkt. Jeden Tag. Du erh\u00e4ltst immer 15&nbsp;%&hellip;<\/p>\n","protected":false},"author":31,"featured_media":108489,"parent":0,"menu_order":0,"comment_status":"closed","ping_status":"closed","template":"","meta":{"inline_featured_image":false,"footnotes":""},"categories":[],"tags":[],"class_list":["post-60","page","type-page","status-publish","has-post-thumbnail","hentry"],"aioseo_notices":[],"aioseo_head":"\n\t\t<!-- All in One SEO Pro 4.9.5.2 - aioseo.com -->\n\t<meta name=\"description\" content=\"WILLKOMMEN BEI VIP PERKS\u2122 Belohnungen stehen Dir gut. JETZT BEITRETEN UNGLAUBLICHE ERSPARNISSE EXKLUSIVE BELOHNUNGEN SCH\u00d6NE ERGEBNISSE Werde Monat-VIP und genie\u00dfe eine Vielzahl an Vorteilen, darunter unglaubliche Ersparnisse, exklusive Belohnungen, sch\u00f6ne Ergebnisse und vieles mehr. MELDE DICH NOCH HEUTE KOSTENLOS AN UND BEGINNE VORTEILE ZU SAMMELN! 01UNGLAUBLICHE ERSPARNISSE 15% RABATT Jedes Produkt. Jeden Tag. Du erh\u00e4ltst immer 15 %\" \/>\n\t<meta name=\"robots\" content=\"noindex, nofollow, max-image-preview:large\" \/>\n\t<link rel=\"canonical\" href=\"https:\/\/monatglobal.com\/at\/vip\/\" \/>\n\t<meta name=\"generator\" content=\"All in One SEO Pro (AIOSEO) 4.9.5.2\" \/>\n\t\t<meta property=\"og:locale\" content=\"de_DE\" \/>\n\t\t<meta property=\"og:site_name\" content=\"MONAT Austria - We Are Modern Nature\u00ae\" \/>\n\t\t<meta property=\"og:type\" content=\"article\" \/>\n\t\t<meta property=\"og:title\" content=\"VIP PERKS\u2122 Belohnungen stehen dir gut - MONAT Austria\" \/>\n\t\t<meta property=\"og:description\" content=\"WILLKOMMEN BEI VIP PERKS\u2122 Belohnungen stehen Dir gut. JETZT BEITRETEN UNGLAUBLICHE ERSPARNISSE EXKLUSIVE BELOHNUNGEN SCH\u00d6NE ERGEBNISSE Werde Monat-VIP und genie\u00dfe eine Vielzahl an Vorteilen, darunter unglaubliche Ersparnisse, exklusive Belohnungen, sch\u00f6ne Ergebnisse und vieles mehr. MELDE DICH NOCH HEUTE KOSTENLOS AN UND BEGINNE VORTEILE ZU SAMMELN! 01UNGLAUBLICHE ERSPARNISSE 15% RABATT Jedes Produkt. Jeden Tag. Du erh\u00e4ltst immer 15 %\" \/>\n\t\t<meta property=\"og:url\" content=\"https:\/\/monatglobal.com\/at\/vip\/\" \/>\n\t\t<meta property=\"article:published_time\" content=\"2024-12-19T16:56:52+00:00\" \/>\n\t\t<meta property=\"article:modified_time\" content=\"2025-11-21T15:18:19+00:00\" \/>\n\t\t<meta name=\"twitter:card\" content=\"summary_large_image\" \/>\n\t\t<meta name=\"twitter:title\" content=\"VIP PERKS\u2122 Belohnungen stehen dir gut - MONAT Austria\" \/>\n\t\t<meta name=\"twitter:description\" content=\"WILLKOMMEN BEI VIP PERKS\u2122 Belohnungen stehen Dir gut. JETZT BEITRETEN UNGLAUBLICHE ERSPARNISSE EXKLUSIVE BELOHNUNGEN SCH\u00d6NE ERGEBNISSE Werde Monat-VIP und genie\u00dfe eine Vielzahl an Vorteilen, darunter unglaubliche Ersparnisse, exklusive Belohnungen, sch\u00f6ne Ergebnisse und vieles mehr. MELDE DICH NOCH HEUTE KOSTENLOS AN UND BEGINNE VORTEILE ZU SAMMELN! 01UNGLAUBLICHE ERSPARNISSE 15% RABATT Jedes Produkt. Jeden Tag. Du erh\u00e4ltst immer 15 %\" \/>\n\t\t<script type=\"application\/ld+json\" class=\"aioseo-schema\">\n\t\t\t{\"@context\":\"https:\\\/\\\/schema.org\",\"@graph\":[{\"@type\":\"BreadcrumbList\",\"@id\":\"https:\\\/\\\/monatglobal.com\\\/at\\\/vip\\\/#breadcrumblist\",\"itemListElement\":[{\"@type\":\"ListItem\",\"@id\":\"https:\\\/\\\/monatglobal.com\\\/at#listItem\",\"position\":1,\"name\":\"Home\",\"item\":\"https:\\\/\\\/monatglobal.com\\\/at\",\"nextItem\":{\"@type\":\"ListItem\",\"@id\":\"https:\\\/\\\/monatglobal.com\\\/at\\\/vip\\\/#listItem\",\"name\":\"VIP PERKS\\u2122 Belohnungen stehen dir gut\"}},{\"@type\":\"ListItem\",\"@id\":\"https:\\\/\\\/monatglobal.com\\\/at\\\/vip\\\/#listItem\",\"position\":2,\"name\":\"VIP PERKS\\u2122 Belohnungen stehen dir gut\",\"previousItem\":{\"@type\":\"ListItem\",\"@id\":\"https:\\\/\\\/monatglobal.com\\\/at#listItem\",\"name\":\"Home\"}}]},{\"@type\":\"Organization\",\"@id\":\"https:\\\/\\\/monatglobal.com\\\/at\\\/#organization\",\"name\":\"MONAT Austria\",\"description\":\"We Are Modern Nature\\u00ae\",\"url\":\"https:\\\/\\\/monatglobal.com\\\/at\\\/\"},{\"@type\":\"WebPage\",\"@id\":\"https:\\\/\\\/monatglobal.com\\\/at\\\/vip\\\/#webpage\",\"url\":\"https:\\\/\\\/monatglobal.com\\\/at\\\/vip\\\/\",\"name\":\"VIP PERKS\\u2122 Belohnungen stehen dir gut - MONAT Austria\",\"description\":\"WILLKOMMEN BEI VIP PERKS\\u2122 Belohnungen stehen Dir gut. JETZT BEITRETEN UNGLAUBLICHE ERSPARNISSE EXKLUSIVE BELOHNUNGEN SCH\\u00d6NE ERGEBNISSE Werde Monat-VIP und genie\\u00dfe eine Vielzahl an Vorteilen, darunter unglaubliche Ersparnisse, exklusive Belohnungen, sch\\u00f6ne Ergebnisse und vieles mehr. MELDE DICH NOCH HEUTE KOSTENLOS AN UND BEGINNE VORTEILE ZU SAMMELN! 01UNGLAUBLICHE ERSPARNISSE 15% RABATT Jedes Produkt. Jeden Tag. Du erh\\u00e4ltst immer 15 %\",\"inLanguage\":\"de-DE\",\"isPartOf\":{\"@id\":\"https:\\\/\\\/monatglobal.com\\\/at\\\/#website\"},\"breadcrumb\":{\"@id\":\"https:\\\/\\\/monatglobal.com\\\/at\\\/vip\\\/#breadcrumblist\"},\"image\":{\"@type\":\"ImageObject\",\"url\":\"https:\\\/\\\/monatglobal.com\\\/at\\\/wp-content\\\/uploads\\\/sites\\\/27\\\/2025\\\/08\\\/VIP-FT-IMG-2026-min.jpg\",\"@id\":\"https:\\\/\\\/monatglobal.com\\\/at\\\/vip\\\/#mainImage\",\"width\":1200,\"height\":628},\"primaryImageOfPage\":{\"@id\":\"https:\\\/\\\/monatglobal.com\\\/at\\\/vip\\\/#mainImage\"},\"datePublished\":\"2024-12-19T16:56:52+00:00\",\"dateModified\":\"2025-11-21T15:18:19+00:00\"},{\"@type\":\"WebSite\",\"@id\":\"https:\\\/\\\/monatglobal.com\\\/at\\\/#website\",\"url\":\"https:\\\/\\\/monatglobal.com\\\/at\\\/\",\"name\":\"MONAT Austria\",\"description\":\"We Are Modern Nature\\u00ae\",\"inLanguage\":\"de-DE\",\"publisher\":{\"@id\":\"https:\\\/\\\/monatglobal.com\\\/at\\\/#organization\"}}]}\n\t\t<\/script>\n\t\t<!-- All in One SEO Pro -->\r\n\t\t<title>VIP PERKS\u2122 Belohnungen stehen dir gut - MONAT Austria<\/title>\n\n","aioseo_head_json":{"title":"VIP PERKS\u2122 Belohnungen stehen dir gut - MONAT Austria","description":"WILLKOMMEN BEI VIP PERKS\u2122 Belohnungen stehen Dir gut. JETZT BEITRETEN UNGLAUBLICHE ERSPARNISSE EXKLUSIVE BELOHNUNGEN SCH\u00d6NE ERGEBNISSE Werde Monat-VIP und genie\u00dfe eine Vielzahl an Vorteilen, darunter unglaubliche Ersparnisse, exklusive Belohnungen, sch\u00f6ne Ergebnisse und vieles mehr. MELDE DICH NOCH HEUTE KOSTENLOS AN UND BEGINNE VORTEILE ZU SAMMELN! 01UNGLAUBLICHE ERSPARNISSE 15% RABATT Jedes Produkt. Jeden Tag. Du erh\u00e4ltst immer 15 %","canonical_url":"https:\/\/monatglobal.com\/at\/vip\/","robots":"noindex, nofollow, max-image-preview:large","keywords":"","webmasterTools":{"miscellaneous":""},"schema":{"@context":"https:\/\/schema.org","@graph":[{"@type":"BreadcrumbList","@id":"https:\/\/monatglobal.com\/at\/vip\/#breadcrumblist","itemListElement":[{"@type":"ListItem","@id":"https:\/\/monatglobal.com\/at#listItem","position":1,"name":"Home","item":"https:\/\/monatglobal.com\/at","nextItem":{"@type":"ListItem","@id":"https:\/\/monatglobal.com\/at\/vip\/#listItem","name":"VIP PERKS\u2122 Belohnungen stehen dir gut"}},{"@type":"ListItem","@id":"https:\/\/monatglobal.com\/at\/vip\/#listItem","position":2,"name":"VIP PERKS\u2122 Belohnungen stehen dir gut","previousItem":{"@type":"ListItem","@id":"https:\/\/monatglobal.com\/at#listItem","name":"Home"}}]},{"@type":"Organization","@id":"https:\/\/monatglobal.com\/at\/#organization","name":"MONAT Austria","description":"We Are Modern Nature\u00ae","url":"https:\/\/monatglobal.com\/at\/"},{"@type":"WebPage","@id":"https:\/\/monatglobal.com\/at\/vip\/#webpage","url":"https:\/\/monatglobal.com\/at\/vip\/","name":"VIP PERKS\u2122 Belohnungen stehen dir gut - MONAT Austria","description":"WILLKOMMEN BEI VIP PERKS\u2122 Belohnungen stehen Dir gut. JETZT BEITRETEN UNGLAUBLICHE ERSPARNISSE EXKLUSIVE BELOHNUNGEN SCH\u00d6NE ERGEBNISSE Werde Monat-VIP und genie\u00dfe eine Vielzahl an Vorteilen, darunter unglaubliche Ersparnisse, exklusive Belohnungen, sch\u00f6ne Ergebnisse und vieles mehr. MELDE DICH NOCH HEUTE KOSTENLOS AN UND BEGINNE VORTEILE ZU SAMMELN! 01UNGLAUBLICHE ERSPARNISSE 15% RABATT Jedes Produkt. Jeden Tag. Du erh\u00e4ltst immer 15 %","inLanguage":"de-DE","isPartOf":{"@id":"https:\/\/monatglobal.com\/at\/#website"},"breadcrumb":{"@id":"https:\/\/monatglobal.com\/at\/vip\/#breadcrumblist"},"image":{"@type":"ImageObject","url":"https:\/\/monatglobal.com\/at\/wp-content\/uploads\/sites\/27\/2025\/08\/VIP-FT-IMG-2026-min.jpg","@id":"https:\/\/monatglobal.com\/at\/vip\/#mainImage","width":1200,"height":628},"primaryImageOfPage":{"@id":"https:\/\/monatglobal.com\/at\/vip\/#mainImage"},"datePublished":"2024-12-19T16:56:52+00:00","dateModified":"2025-11-21T15:18:19+00:00"},{"@type":"WebSite","@id":"https:\/\/monatglobal.com\/at\/#website","url":"https:\/\/monatglobal.com\/at\/","name":"MONAT Austria","description":"We Are Modern Nature\u00ae","inLanguage":"de-DE","publisher":{"@id":"https:\/\/monatglobal.com\/at\/#organization"}}]},"og:locale":"de_DE","og:site_name":"MONAT Austria - We Are Modern Nature\u00ae","og:type":"article","og:title":"VIP PERKS\u2122 Belohnungen stehen dir gut - MONAT Austria","og:description":"WILLKOMMEN BEI VIP PERKS\u2122 Belohnungen stehen Dir gut. JETZT BEITRETEN UNGLAUBLICHE ERSPARNISSE EXKLUSIVE BELOHNUNGEN SCH\u00d6NE ERGEBNISSE Werde Monat-VIP und genie\u00dfe eine Vielzahl an Vorteilen, darunter unglaubliche Ersparnisse, exklusive Belohnungen, sch\u00f6ne Ergebnisse und vieles mehr. MELDE DICH NOCH HEUTE KOSTENLOS AN UND BEGINNE VORTEILE ZU SAMMELN! 01UNGLAUBLICHE ERSPARNISSE 15% RABATT Jedes Produkt. Jeden Tag. Du erh\u00e4ltst immer 15 %","og:url":"https:\/\/monatglobal.com\/at\/vip\/","article:published_time":"2024-12-19T16:56:52+00:00","article:modified_time":"2025-11-21T15:18:19+00:00","twitter:card":"summary_large_image","twitter:title":"VIP PERKS\u2122 Belohnungen stehen dir gut - MONAT Austria","twitter:description":"WILLKOMMEN BEI VIP PERKS\u2122 Belohnungen stehen Dir gut. JETZT BEITRETEN UNGLAUBLICHE ERSPARNISSE EXKLUSIVE BELOHNUNGEN SCH\u00d6NE ERGEBNISSE Werde Monat-VIP und genie\u00dfe eine Vielzahl an Vorteilen, darunter unglaubliche Ersparnisse, exklusive Belohnungen, sch\u00f6ne Ergebnisse und vieles mehr. MELDE DICH NOCH HEUTE KOSTENLOS AN UND BEGINNE VORTEILE ZU SAMMELN! 01UNGLAUBLICHE ERSPARNISSE 15% RABATT Jedes Produkt. Jeden Tag. Du erh\u00e4ltst immer 15 %"},"aioseo_meta_data":{"post_id":"60","title":null,"description":null,"keywords":null,"keyphrases":{"focus":{"keyphrase":"","score":0,"analysis":{"keyphraseInTitle":{"score":0,"maxScore":9,"error":1}}},"additional":[]},"primary_term":null,"canonical_url":null,"og_title":null,"og_description":null,"og_object_type":"default","og_image_type":"default","og_image_url":null,"og_image_width":null,"og_image_height":null,"og_image_custom_url":null,"og_image_custom_fields":null,"og_video":"","og_custom_url":null,"og_article_section":null,"og_article_tags":null,"twitter_use_og":false,"twitter_card":"default","twitter_image_type":"default","twitter_image_url":null,"twitter_image_custom_url":null,"twitter_image_custom_fields":null,"twitter_title":null,"twitter_description":null,"schema":{"blockGraphs":[],"customGraphs":[],"default":{"data":{"Article":[],"Course":[],"Dataset":[],"FAQPage":[],"Movie":[],"Person":[],"Product":[],"ProductReview":[],"Car":[],"Recipe":[],"Service":[],"SoftwareApplication":[],"WebPage":[]},"graphName":"WebPage","isEnabled":true},"graphs":[]},"schema_type":"default","schema_type_options":null,"pillar_content":false,"robots_default":true,"robots_noindex":false,"robots_noarchive":false,"robots_nosnippet":false,"robots_nofollow":false,"robots_noimageindex":false,"robots_noodp":false,"robots_notranslate":false,"robots_max_snippet":"-1","robots_max_videopreview":"-1","robots_max_imagepreview":"large","priority":null,"frequency":"default","local_seo":null,"seo_analyzer_scan_date":null,"breadcrumb_settings":null,"limit_modified_date":false,"reviewed_by":"0","open_ai":null,"ai":{"faqs":[],"keyPoints":[],"titles":[],"descriptions":[],"socialPosts":{"email":[],"linkedin":[],"twitter":[],"facebook":[],"instagram":[]}},"created":"2025-07-30 02:28:33","updated":"2026-02-11 16:35:54"},"aioseo_breadcrumb":"<div class=\"aioseo-breadcrumbs\"><span class=\"aioseo-breadcrumb\">\n\t<a href=\"https:\/\/monatglobal.com\/at\" title=\"Home\">Home<\/a>\n<\/span><span class=\"aioseo-breadcrumb-separator\">&raquo;<\/span><span class=\"aioseo-breadcrumb\">\n\tVIP PERKS\u2122 Belohnungen stehen dir gut\n<\/span><\/div>","aioseo_breadcrumb_json":[{"label":"Home","link":"https:\/\/monatglobal.com\/at"},{"label":"VIP PERKS\u2122 Belohnungen stehen dir gut","link":"https:\/\/monatglobal.com\/at\/vip\/"}],"_links":{"self":[{"href":"https:\/\/monatglobal.com\/at\/wp-json\/wp\/v2\/pages\/60","targetHints":{"allow":["GET"]}}],"collection":[{"href":"https:\/\/monatglobal.com\/at\/wp-json\/wp\/v2\/pages"}],"about":[{"href":"https:\/\/monatglobal.com\/at\/wp-json\/wp\/v2\/types\/page"}],"author":[{"embeddable":true,"href":"https:\/\/monatglobal.com\/at\/wp-json\/wp\/v2\/users\/31"}],"replies":[{"embeddable":true,"href":"https:\/\/monatglobal.com\/at\/wp-json\/wp\/v2\/comments?post=60"}],"version-history":[{"count":8,"href":"https:\/\/monatglobal.com\/at\/wp-json\/wp\/v2\/pages\/60\/revisions"}],"predecessor-version":[{"id":108854,"href":"https:\/\/monatglobal.com\/at\/wp-json\/wp\/v2\/pages\/60\/revisions\/108854"}],"wp:featuredmedia":[{"embeddable":true,"href":"https:\/\/monatglobal.com\/at\/wp-json\/wp\/v2\/media\/108489"}],"wp:attachment":[{"href":"https:\/\/monatglobal.com\/at\/wp-json\/wp\/v2\/media?parent=60"}],"wp:term":[{"taxonomy":"category","embeddable":true,"href":"https:\/\/monatglobal.com\/at\/wp-json\/wp\/v2\/categories?post=60"},{"taxonomy":"post_tag","embeddable":true,"href":"https:\/\/monatglobal.com\/at\/wp-json\/wp\/v2\/tags?post=60"}],"curies":[{"name":"wp","href":"https:\/\/api.w.org\/{rel}","templated":true}]}}