{"id":44449,"date":"2019-08-18T19:10:57","date_gmt":"2019-08-19T00:10:57","guid":{"rendered":"https:\/\/monatglobal.com\/?page_id=44449"},"modified":"2026-01-28T21:11:51","modified_gmt":"2026-01-28T21:11:51","slug":"foamy-cleanser","status":"publish","type":"page","link":"https:\/\/monatglobal.com\/at\/foamy-cleanser\/","title":{"rendered":"Be Balanced\u2122 Sch\u00e4umender Gesichtsreiniger"},"content":{"rendered":"\n<!--Title: Gesichtsreiniger I MONAT Gesichtspflege I BE BALANCED\u2122 Sch\u00e4umender Gesichtsreiniger-->\n<!--Meta: Ein luxuri\u00f6s erfrischender Reinigungsschaum, der Unreinheiten l\u00f6st, die Hautfeuchtigkeit bewahrt und einen strahlenden, gesunden Teint zum Vorschein bringt.-->\n<link rel=\"stylesheet\" href=\"https:\/\/unpkg.com\/swiper\/swiper-bundle.min.css\">\n<link rel=\"stylesheet\" href=\"https:\/\/monatglobal.com\/wp-content\/creative_css\/product_styles_sheet.css\">\n   <!--==================================================== ECOMM SECTION ====================================================-->\n   <p>BESTSELLER<\/p>\n      <!--==================================================== Ecomm image ====================================================-->\n      <img decoding=\"async\" src=\"https:\/\/monatglobal.com\/au\/wp-content\/uploads\/sites\/12\/2021\/12\/BE-balanced-Creamy-Cleanser-ecomm-2022.png\" alt=\"BE BALANCED\u2122 Foamy Cleanser\" loading=\"lazy\">\n      <!--==================================================== Ecomm information  ====================================================-->\n          NEU\n          <p>BESTSELLER<\/p>\n         <p>BE BALANCED\u2122<\/p>\n         <h1>Sch\u00e4umender Gesichtsreiniger<\/h1> \n         \n         <p>Reinigend &amp; Pflegend<br> Hautgl\u00e4ttende Antioxidantien und nat\u00fcrliche Fruchts\u00e4uren <\/p>\n         <p>120 ml \u212e 4.0 fl. oz.<\/p>\n      <!--==================================================== pricing box  ====================================================-->     \n               <p>Einzelhandelspreis<br>00.00 \u20ac<\/p>\n               <p>Preis f\u00fcr VIP-Kunden<br>00.00 \u20ac<\/p>\n       <!--==================================================== pricing box  ====================================================-->\n         <p>Um mehr \u00fcber BE BALANCED\u2122 Sch\u00e4umender Gesichtsreiniger zu erfahren, wende Dich bitte an Deinen MONAT Markenpartner.<\/p>\n          <a href=\"\" target=\"_blank\" role=\"button\" aria-label=\"\" rel=\"noopener\"><\/a>\n   <!--==================================================== \/ECOMM SECTION  ====================================================-->\n   <!--==================================================== Benefits image ====================================================-->\n  \n    <source media=\"(max-width: 700px)\" srcset=\"https:\/\/monatglobal.com\/au\/wp-content\/uploads\/sites\/12\/2021\/12\/BE-balanced-foamy-Cleanser-benefits_mobile.jpg\" loading=\"lazy\">\n      <img decoding=\"async\" src=\"https:\/\/monatglobal.com\/au\/wp-content\/uploads\/sites\/12\/2021\/12\/BE-balanced-foamy-Cleanser-benefits.jpg\" alt=\"\" loading=\"lazy\">\n    \n   <!--==================================================== Benefits text ====================================================-->\n         <h2>VORTEILE<\/h2>\n         <h3>Ein luxuri\u00f6s erfrischender Reinigungsschaum, der Unreinheiten l\u00f6st, die Hautfeuchtigkeit bewahrt und einen strahlenden, gesunden Teint zum Vorschein bringt.<\/h3>\n         <!--==================================================== features image  ====================================================-->\n         <img decoding=\"async\" alt=\"\" src=\"https:\/\/monatglobal.com\/au\/wp-content\/uploads\/sites\/12\/2021\/12\/be-balanced-foamy-cleanser-features.jpg\" loading=\"lazy\">\n      <!--==================================================== features text ====================================================-->\n            <h3>Eigenschaften<\/h3>\n               <p>\/ Reinigt die Haut sanft von Unreinheiten und Umwelteinfl\u00fcssen und hinterl\u00e4sst sie weich und geschmeidig.<\/p>\n               <p>\/ Verfeinert und kl\u00e4rt die Poren, ohne die Haut auszutrocknen.<\/p>\n               <p>\/ Beruhigt, erfrischt und l\u00e4sst den Teint strahlender erscheinen.<\/p>\n               <p>\/ Entfernt \u00fcbersch\u00fcssiges \u00d6l und spendet bis zu 24 Stunden Feuchtigkeit.<\/p>\n               <p>\/ Ideal f\u00fcr normale bis Mischhaut.<\/p>\n               <br>\n            <p>Fragrance \/ Unwind and enjoy a coconut-forward, citrusy aroma with notes of blood orange, coconut husk, cashew nut and&nbsp;sandalwood<\/p>\n            <p> Texture \/ Cream <\/p>\n   <!--==================================================== composition image mobile ====================================================-->\n   <img decoding=\"async\" alt=\"\" src=\"https:\/\/monatglobal.com\/au\/wp-content\/uploads\/sites\/12\/2021\/12\/Be-Balanced-Foamy-Cleanser-composition-1.jpg\" loading=\"lazy\">\n   <!--==================================================== Why it works text ====================================================-->\n      <h2>REINIGEND &amp; PFLEGEND<\/h2>\n      <h3>Luxuri\u00f6s erfrischender Reinigungsschaum, der Unreinheiten, Umwelteinfl\u00fcsse und \u00fcbersch\u00fcssige \u00d6le zuverl\u00e4ssig entfernt. Die Schaumtextur reinigt gr\u00fcndlich und hinterl\u00e4sst die Haut samtig glatt und verfeinert. Das Hautbild wirkt strahlender und sichtbar ges\u00fcnder.<\/h3>\n      <!--*Based on a 14-day consumer study with 55 participants, performed by a third-party laboratory-->\n      <!--<br \/>-->\n      <!-- **Based on an instrumental test with 31 participants, performed by a third-party laboratory.-->\n<!--==================================================== Composition section ====================================================-->\n      <img decoding=\"async\" alt=\"\" src=\"https:\/\/monatglobal.com\/au\/wp-content\/uploads\/sites\/12\/2021\/12\/Be-Balanced-Foamy-Cleanser-composition-1.jpg\" loading=\"lazy\">\n      <img decoding=\"async\" alt=\"\" src=\"https:\/\/monatglobal.com\/au\/wp-content\/uploads\/sites\/12\/2021\/12\/Be-Balanced-Foamy-Cleanser-composition-3.jpg\" loading=\"lazy\">\n            <!--==================================================== Directions text ====================================================--> \n               <h3>Anwendung<\/h3>\n                    <p>\/ T\u00e4glich morgens und abends anwenden.<\/p>\n                    <p>\/ Eine kleine Menge in den H\u00e4nden mit Wasser aufsch\u00e4umen.<\/p>\n                    <p>\/ Gesicht, Hals und Dekollet\u00e9 in sanften, kreisenden Bewegungen reinigen.<\/p>\n                    <p>\/ Augenpartie aussparen.<\/p>\n                    <p>\/ Mit warmem Wasser absp\u00fclen.<\/p>\n                    <p>\/ Danach die MONAT Hautpflegeroutine anwenden.<\/p>\n            <!--==================================================== Directions video ====================================================-->\n      <p>Be Balanced\u2122 <br>Sch\u00e4umender Gesichtsreiniger <br>0:40<\/p>\n         <!--==================================================== features image  ====================================================-->\n         <img decoding=\"async\" alt=\"\" src=\"https:\/\/monatglobal.com\/au\/wp-content\/uploads\/sites\/12\/2021\/12\/sunscreen-suggestion.jpg\" loading=\"lazy\">\n      <!--==================================================== features text ====================================================-->\n            <h3>Tipps<\/h3>\n               <p>\/ Doppelreinigung f\u00fcr optimale Ergebnisse. <\/p>\n               <p>\/ Sonnenschutz 15 Minuten vor dem Aufenthalt im Freien auftragen.<\/p>\n      <a href=\"\" target=\"_blank\" role=\"button\" aria-label=\"\" rel=\"noopener\"><\/a>\n   <!--==================================================== Ingredients section  ====================================================-->\n      <h2>Wichtige Inhaltsstoffe<\/h2>\n      <p>REJUVENIQE S\u2122<br> Spendet Feuchtigkeit, pflegt und n\u00e4hrt<\/p>\n      <p>Peptid<br> Strafft und verleiht F\u00fclle<\/p>\n      <p>Nat\u00fcrliche Fruchts\u00e4uren (AHAs)<br>Gl\u00e4tten und erhellt<\/p>\n      <p>Antioxidantien<br> Sch\u00fctzen vor \u00e4u\u00dferen Einfl\u00fcssen<\/p>\n        <button id=\"myBtn\" type=\"button\">Alle Inhaltsstoffe ansehen<\/button>\n      <!--==================================================== Modal content  ====================================================-->\n         \u00d7\n         <p>Aqua\/Water\/Eau, Sodium Cocoyl Isethionate, C12-16 Alcohols, Glycerin, Coconut Acid, Lecithin, Palmitic Acid, Tripeptide-2, Mangifera Indica (Mango) Pulp Extract, Musa Sapientum (Banana) Pulp Extract, Saccharum Officinarum (Sugarcane) Extract, Glycolic Acid, Tocopherol, Limnanthes Alba (Meadowfoam) Seed Oil, Crambe Abyssinica Seed Oil, Camellia Oleifera Seed Oil, Solanum Lycopersicum (Tomato) Seed Oil, Daucus Carota Sativa (Carrot) Seed Oil, Citrus Limon (Lemon) Peel Oil, Citrus Aurantifolia (Lime) Oil, Citrus Aurantium Bergamia (Bergamot) Fruit Oil, Adansonia Digitata Oil, Mauritia Flexuosa Fruit Oil, Cocos Nucifera (Coconut) Oil, Gardenia Taitensis Flower Extract, Moringa Oleifera Seed Oil, Caryocar Brasiliense Fruit Oil, Helianthus Annuus (Sunflower) Seed Oil, Olea Europaea (Olive) Fruit Oil, Simmondsia Chinensis (Jojoba) Seed Extract, Sodium Phytate, Xanthan Gum, Sclerotium Gum, Pullulan, Fragrance\/Parfum, Ethylhexylglycerin, Benzyl Alcohol,Sodium Isethionate, Silica.<\/p>\n   <!--==================================================== You might also like section ====================================================-->\n      <h2>DAS K\u00d6NNTE DIR AUCH GEFALLEN<\/h2>\n      <!--==================================================== Slider YOU MIGHT ALSO LIKE ====================================================-->\n         <!--==================================================== If we need navigation buttons  ====================================================-->\n         <!--==================================================== If we need paginations  ====================================================-->\n    <a href=\"\" aria-label=\"\"><\/a>\n<!--==================================================== this link has to go last for it to work   ====================================================-->\n\t<link rel=\"stylesheet\" href=\"https:\/\/unpkg.com\/swiper\/swiper-bundle.min.css\">\n<link rel=\"stylesheet\" href=\"https:\/\/monatglobal.com\/wp-content\/creative_css\/product_styles_sheet.css\">\n   <!--==================================================== You might also like section ====================================================-->\n      <h2>YOU MIGHT ALSO LIKE<\/h2>\n      <!--==================================================== Slider YOU MIGHT ALSO LIKE ====================================================-->\n            <!--==================================================== Slides products ====================================================-->\n               <a href=\"\/holidays-2021-minis-mirror\" aria-label=\"Go to Magic Minis &amp; Mirror page\">\n                  <img decoding=\"async\" src=\"https:\/\/monatglobal.com\/wp-content\/uploads\/2021\/10\/magic-mini-mirror-300x300-1.jpg\" alt=\"Magic Minis &amp; Mirror\">\n                  <p>Magic Minis &amp; Mirror<\/p>\n               <\/a>\n               <a href=\"https:\/\/monatglobal.com\/at\/age-control-nectar\/\" aria-label=\"Go to Rewind\u2122 Age Control Nectar page\">\n                  <img decoding=\"async\" src=\"https:\/\/monatglobal.com\/wp-content\/uploads\/2019\/09\/rewind-age-control-nectar-1.png\" alt=\"Rewind\u2122 Age Control Nectar\">\n                  <p>Rewind\u2122 <br>Age Control Nectar<\/p>\n               <\/a>\n               <a href=\"https:\/\/monatglobal.com\/at\/eye-smooth\/\" aria-label=\"Go to Eye Smooth\u2122 page\">\n                  <img decoding=\"async\" src=\"https:\/\/monatglobal.com\/wp-content\/uploads\/2020\/10\/eye-smooth-500x438.png\" alt=\"Eye Smooth\u2122\">\n                  <p>Eye Smooth\u2122 <br>Nourishing Eye Cream<\/p>\n               <\/a>\n         <!--==================================================== If we need navigation buttons  ====================================================-->\n         <!--==================================================== If we need paginations  ====================================================-->\n<!--==================================================== this link has to go last for it to work   ====================================================-->\n","protected":false},"excerpt":{"rendered":"<p>BESTSELLER NEU BESTSELLER BE BALANCED\u2122 Sch\u00e4umender Gesichtsreiniger Reinigend &amp; Pflegend Hautgl\u00e4ttende Antioxidantien und nat\u00fcrliche Fruchts\u00e4uren 120 ml \u212e 4.0 fl. oz. Einzelhandelspreis00.00 \u20ac Preis f\u00fcr VIP-Kunden00.00 \u20ac Um mehr \u00fcber BE BALANCED\u2122 Sch\u00e4umender Gesichtsreiniger zu erfahren, wende Dich bitte an Deinen MONAT Markenpartner. VORTEILE Ein luxuri\u00f6s erfrischender Reinigungsschaum, der Unreinheiten l\u00f6st, die Hautfeuchtigkeit bewahrt und&hellip;<\/p>\n","protected":false},"author":31,"featured_media":109145,"parent":0,"menu_order":0,"comment_status":"closed","ping_status":"closed","template":"","meta":{"inline_featured_image":false,"footnotes":""},"categories":[21],"tags":[],"class_list":["post-44449","page","type-page","status-publish","has-post-thumbnail","hentry","category-product-at"],"aioseo_notices":[],"aioseo_head":"\n\t\t<!-- All in One SEO Pro 4.9.5.2 - aioseo.com -->\n\t<meta name=\"description\" content=\"BESTSELLER --&gt; Anwendung \/ T\u00e4glich morgens und abends anwenden. \/ Eine kleine Menge in den H\u00e4nden mit Wasser aufsch\u00e4umen. \/ Gesicht, Hals und Dekollet\u00e9 in sanften, kreisenden Bewegungen reinigen. \/ Augenpartie aussparen. \/ Mit warmem Wasser absp\u00fclen. \/ Danach die MONAT Hautpflegeroutine anwenden. Be Balanced\u2122 Sch\u00e4umender Gesichtsreiniger 0:40 Tipps \/ Doppelreinigung f\u00fcr optimale Ergebnisse. \/\" \/>\n\t<meta name=\"robots\" content=\"noindex, nofollow, max-image-preview:large\" \/>\n\t<link rel=\"canonical\" href=\"https:\/\/monatglobal.com\/at\/foamy-cleanser\/\" \/>\n\t<meta name=\"generator\" content=\"All in One SEO Pro (AIOSEO) 4.9.5.2\" \/>\n\t\t<meta property=\"og:locale\" content=\"de_DE\" \/>\n\t\t<meta property=\"og:site_name\" content=\"MONAT Austria - We Are Modern Nature\u00ae\" \/>\n\t\t<meta property=\"og:type\" content=\"article\" \/>\n\t\t<meta property=\"og:title\" content=\"Be Balanced\u2122 Sch\u00e4umender Gesichtsreiniger - MONAT Austria\" \/>\n\t\t<meta property=\"og:description\" content=\"BESTSELLER --&gt; Anwendung \/ T\u00e4glich morgens und abends anwenden. \/ Eine kleine Menge in den H\u00e4nden mit Wasser aufsch\u00e4umen. \/ Gesicht, Hals und Dekollet\u00e9 in sanften, kreisenden Bewegungen reinigen. \/ Augenpartie aussparen. \/ Mit warmem Wasser absp\u00fclen. \/ Danach die MONAT Hautpflegeroutine anwenden. Be Balanced\u2122 Sch\u00e4umender Gesichtsreiniger 0:40 Tipps \/ Doppelreinigung f\u00fcr optimale Ergebnisse. \/\" \/>\n\t\t<meta property=\"og:url\" content=\"https:\/\/monatglobal.com\/at\/foamy-cleanser\/\" \/>\n\t\t<meta property=\"article:published_time\" content=\"2019-08-19T00:10:57+00:00\" \/>\n\t\t<meta property=\"article:modified_time\" content=\"2026-01-28T21:11:51+00:00\" \/>\n\t\t<meta name=\"twitter:card\" content=\"summary_large_image\" \/>\n\t\t<meta name=\"twitter:title\" content=\"Be Balanced\u2122 Sch\u00e4umender Gesichtsreiniger - MONAT Austria\" \/>\n\t\t<meta name=\"twitter:description\" content=\"BESTSELLER --&gt; Anwendung \/ T\u00e4glich morgens und abends anwenden. \/ Eine kleine Menge in den H\u00e4nden mit Wasser aufsch\u00e4umen. \/ Gesicht, Hals und Dekollet\u00e9 in sanften, kreisenden Bewegungen reinigen. \/ Augenpartie aussparen. \/ Mit warmem Wasser absp\u00fclen. \/ Danach die MONAT Hautpflegeroutine anwenden. Be Balanced\u2122 Sch\u00e4umender Gesichtsreiniger 0:40 Tipps \/ Doppelreinigung f\u00fcr optimale Ergebnisse. \/\" \/>\n\t\t<script type=\"application\/ld+json\" class=\"aioseo-schema\">\n\t\t\t{\"@context\":\"https:\\\/\\\/schema.org\",\"@graph\":[{\"@type\":\"BreadcrumbList\",\"@id\":\"https:\\\/\\\/monatglobal.com\\\/at\\\/foamy-cleanser\\\/#breadcrumblist\",\"itemListElement\":[{\"@type\":\"ListItem\",\"@id\":\"https:\\\/\\\/monatglobal.com\\\/at#listItem\",\"position\":1,\"name\":\"Home\",\"item\":\"https:\\\/\\\/monatglobal.com\\\/at\",\"nextItem\":{\"@type\":\"ListItem\",\"@id\":\"https:\\\/\\\/monatglobal.com\\\/at\\\/foamy-cleanser\\\/#listItem\",\"name\":\"Be Balanced\\u2122 Sch\\u00e4umender Gesichtsreiniger\"}},{\"@type\":\"ListItem\",\"@id\":\"https:\\\/\\\/monatglobal.com\\\/at\\\/foamy-cleanser\\\/#listItem\",\"position\":2,\"name\":\"Be Balanced\\u2122 Sch\\u00e4umender Gesichtsreiniger\",\"previousItem\":{\"@type\":\"ListItem\",\"@id\":\"https:\\\/\\\/monatglobal.com\\\/at#listItem\",\"name\":\"Home\"}}]},{\"@type\":\"Organization\",\"@id\":\"https:\\\/\\\/monatglobal.com\\\/at\\\/#organization\",\"name\":\"MONAT Austria\",\"description\":\"We Are Modern Nature\\u00ae\",\"url\":\"https:\\\/\\\/monatglobal.com\\\/at\\\/\"},{\"@type\":\"WebPage\",\"@id\":\"https:\\\/\\\/monatglobal.com\\\/at\\\/foamy-cleanser\\\/#webpage\",\"url\":\"https:\\\/\\\/monatglobal.com\\\/at\\\/foamy-cleanser\\\/\",\"name\":\"Be Balanced\\u2122 Sch\\u00e4umender Gesichtsreiniger - MONAT Austria\",\"description\":\"BESTSELLER --> Anwendung \\\/ T\\u00e4glich morgens und abends anwenden. \\\/ Eine kleine Menge in den H\\u00e4nden mit Wasser aufsch\\u00e4umen. \\\/ Gesicht, Hals und Dekollet\\u00e9 in sanften, kreisenden Bewegungen reinigen. \\\/ Augenpartie aussparen. \\\/ Mit warmem Wasser absp\\u00fclen. \\\/ Danach die MONAT Hautpflegeroutine anwenden. Be Balanced\\u2122 Sch\\u00e4umender Gesichtsreiniger 0:40 Tipps \\\/ Doppelreinigung f\\u00fcr optimale Ergebnisse. \\\/\",\"inLanguage\":\"de-DE\",\"isPartOf\":{\"@id\":\"https:\\\/\\\/monatglobal.com\\\/at\\\/#website\"},\"breadcrumb\":{\"@id\":\"https:\\\/\\\/monatglobal.com\\\/at\\\/foamy-cleanser\\\/#breadcrumblist\"},\"image\":{\"@type\":\"ImageObject\",\"url\":\"https:\\\/\\\/monatglobal.com\\\/at\\\/wp-content\\\/uploads\\\/sites\\\/27\\\/2026\\\/01\\\/foamy-cleanser-500x438-150x150-1.png\",\"@id\":\"https:\\\/\\\/monatglobal.com\\\/at\\\/foamy-cleanser\\\/#mainImage\",\"width\":150,\"height\":150},\"primaryImageOfPage\":{\"@id\":\"https:\\\/\\\/monatglobal.com\\\/at\\\/foamy-cleanser\\\/#mainImage\"},\"datePublished\":\"2019-08-18T19:10:57+01:00\",\"dateModified\":\"2026-01-28T21:11:51+00:00\"},{\"@type\":\"WebSite\",\"@id\":\"https:\\\/\\\/monatglobal.com\\\/at\\\/#website\",\"url\":\"https:\\\/\\\/monatglobal.com\\\/at\\\/\",\"name\":\"MONAT Austria\",\"description\":\"We Are Modern Nature\\u00ae\",\"inLanguage\":\"de-DE\",\"publisher\":{\"@id\":\"https:\\\/\\\/monatglobal.com\\\/at\\\/#organization\"}}]}\n\t\t<\/script>\n\t\t<!-- All in One SEO Pro -->\r\n\t\t<title>Be Balanced\u2122 Sch\u00e4umender Gesichtsreiniger - MONAT Austria<\/title>\n\n","aioseo_head_json":{"title":"Be Balanced\u2122 Sch\u00e4umender Gesichtsreiniger - MONAT Austria","description":"BESTSELLER --> Anwendung \/ T\u00e4glich morgens und abends anwenden. \/ Eine kleine Menge in den H\u00e4nden mit Wasser aufsch\u00e4umen. \/ Gesicht, Hals und Dekollet\u00e9 in sanften, kreisenden Bewegungen reinigen. \/ Augenpartie aussparen. \/ Mit warmem Wasser absp\u00fclen. \/ Danach die MONAT Hautpflegeroutine anwenden. Be Balanced\u2122 Sch\u00e4umender Gesichtsreiniger 0:40 Tipps \/ Doppelreinigung f\u00fcr optimale Ergebnisse. \/","canonical_url":"https:\/\/monatglobal.com\/at\/foamy-cleanser\/","robots":"noindex, nofollow, max-image-preview:large","keywords":"","webmasterTools":{"miscellaneous":""},"schema":{"@context":"https:\/\/schema.org","@graph":[{"@type":"BreadcrumbList","@id":"https:\/\/monatglobal.com\/at\/foamy-cleanser\/#breadcrumblist","itemListElement":[{"@type":"ListItem","@id":"https:\/\/monatglobal.com\/at#listItem","position":1,"name":"Home","item":"https:\/\/monatglobal.com\/at","nextItem":{"@type":"ListItem","@id":"https:\/\/monatglobal.com\/at\/foamy-cleanser\/#listItem","name":"Be Balanced\u2122 Sch\u00e4umender Gesichtsreiniger"}},{"@type":"ListItem","@id":"https:\/\/monatglobal.com\/at\/foamy-cleanser\/#listItem","position":2,"name":"Be Balanced\u2122 Sch\u00e4umender Gesichtsreiniger","previousItem":{"@type":"ListItem","@id":"https:\/\/monatglobal.com\/at#listItem","name":"Home"}}]},{"@type":"Organization","@id":"https:\/\/monatglobal.com\/at\/#organization","name":"MONAT Austria","description":"We Are Modern Nature\u00ae","url":"https:\/\/monatglobal.com\/at\/"},{"@type":"WebPage","@id":"https:\/\/monatglobal.com\/at\/foamy-cleanser\/#webpage","url":"https:\/\/monatglobal.com\/at\/foamy-cleanser\/","name":"Be Balanced\u2122 Sch\u00e4umender Gesichtsreiniger - MONAT Austria","description":"BESTSELLER --> Anwendung \/ T\u00e4glich morgens und abends anwenden. \/ Eine kleine Menge in den H\u00e4nden mit Wasser aufsch\u00e4umen. \/ Gesicht, Hals und Dekollet\u00e9 in sanften, kreisenden Bewegungen reinigen. \/ Augenpartie aussparen. \/ Mit warmem Wasser absp\u00fclen. \/ Danach die MONAT Hautpflegeroutine anwenden. Be Balanced\u2122 Sch\u00e4umender Gesichtsreiniger 0:40 Tipps \/ Doppelreinigung f\u00fcr optimale Ergebnisse. \/","inLanguage":"de-DE","isPartOf":{"@id":"https:\/\/monatglobal.com\/at\/#website"},"breadcrumb":{"@id":"https:\/\/monatglobal.com\/at\/foamy-cleanser\/#breadcrumblist"},"image":{"@type":"ImageObject","url":"https:\/\/monatglobal.com\/at\/wp-content\/uploads\/sites\/27\/2026\/01\/foamy-cleanser-500x438-150x150-1.png","@id":"https:\/\/monatglobal.com\/at\/foamy-cleanser\/#mainImage","width":150,"height":150},"primaryImageOfPage":{"@id":"https:\/\/monatglobal.com\/at\/foamy-cleanser\/#mainImage"},"datePublished":"2019-08-18T19:10:57+01:00","dateModified":"2026-01-28T21:11:51+00:00"},{"@type":"WebSite","@id":"https:\/\/monatglobal.com\/at\/#website","url":"https:\/\/monatglobal.com\/at\/","name":"MONAT Austria","description":"We Are Modern Nature\u00ae","inLanguage":"de-DE","publisher":{"@id":"https:\/\/monatglobal.com\/at\/#organization"}}]},"og:locale":"de_DE","og:site_name":"MONAT Austria - We Are Modern Nature\u00ae","og:type":"article","og:title":"Be Balanced\u2122 Sch\u00e4umender Gesichtsreiniger - MONAT Austria","og:description":"BESTSELLER --&gt; Anwendung \/ T\u00e4glich morgens und abends anwenden. \/ Eine kleine Menge in den H\u00e4nden mit Wasser aufsch\u00e4umen. \/ Gesicht, Hals und Dekollet\u00e9 in sanften, kreisenden Bewegungen reinigen. \/ Augenpartie aussparen. \/ Mit warmem Wasser absp\u00fclen. \/ Danach die MONAT Hautpflegeroutine anwenden. Be Balanced\u2122 Sch\u00e4umender Gesichtsreiniger 0:40 Tipps \/ Doppelreinigung f\u00fcr optimale Ergebnisse. \/","og:url":"https:\/\/monatglobal.com\/at\/foamy-cleanser\/","article:published_time":"2019-08-19T00:10:57+00:00","article:modified_time":"2026-01-28T21:11:51+00:00","twitter:card":"summary_large_image","twitter:title":"Be Balanced\u2122 Sch\u00e4umender Gesichtsreiniger - MONAT Austria","twitter:description":"BESTSELLER --&gt; Anwendung \/ T\u00e4glich morgens und abends anwenden. \/ Eine kleine Menge in den H\u00e4nden mit Wasser aufsch\u00e4umen. \/ Gesicht, Hals und Dekollet\u00e9 in sanften, kreisenden Bewegungen reinigen. \/ Augenpartie aussparen. \/ Mit warmem Wasser absp\u00fclen. \/ Danach die MONAT Hautpflegeroutine anwenden. Be Balanced\u2122 Sch\u00e4umender Gesichtsreiniger 0:40 Tipps \/ Doppelreinigung f\u00fcr optimale Ergebnisse. \/"},"aioseo_meta_data":{"post_id":"44449","title":null,"description":null,"keywords":null,"keyphrases":null,"primary_term":null,"canonical_url":null,"og_title":null,"og_description":null,"og_object_type":"default","og_image_type":"default","og_image_url":null,"og_image_width":null,"og_image_height":null,"og_image_custom_url":null,"og_image_custom_fields":null,"og_video":null,"og_custom_url":null,"og_article_section":null,"og_article_tags":null,"twitter_use_og":false,"twitter_card":"default","twitter_image_type":"default","twitter_image_url":null,"twitter_image_custom_url":null,"twitter_image_custom_fields":null,"twitter_title":null,"twitter_description":null,"schema":{"blockGraphs":[],"customGraphs":[],"default":{"data":{"Article":[],"Course":[],"Dataset":[],"FAQPage":[],"Movie":[],"Person":[],"Product":[],"ProductReview":[],"Car":[],"Recipe":[],"Service":[],"SoftwareApplication":[],"WebPage":[]},"graphName":"","isEnabled":true},"graphs":[]},"schema_type":"default","schema_type_options":null,"pillar_content":false,"robots_default":true,"robots_noindex":false,"robots_noarchive":false,"robots_nosnippet":false,"robots_nofollow":false,"robots_noimageindex":false,"robots_noodp":false,"robots_notranslate":false,"robots_max_snippet":null,"robots_max_videopreview":null,"robots_max_imagepreview":"large","priority":null,"frequency":null,"local_seo":null,"seo_analyzer_scan_date":null,"breadcrumb_settings":null,"limit_modified_date":false,"reviewed_by":null,"open_ai":null,"ai":null,"created":"2026-02-09 20:56:08","updated":"2026-02-11 16:35:54"},"aioseo_breadcrumb":"<div class=\"aioseo-breadcrumbs\"><span class=\"aioseo-breadcrumb\">\n\t<a href=\"https:\/\/monatglobal.com\/at\" title=\"Home\">Home<\/a>\n<\/span><span class=\"aioseo-breadcrumb-separator\">&raquo;<\/span><span class=\"aioseo-breadcrumb\">\n\tBe Balanced\u2122 Sch\u00e4umender Gesichtsreiniger\n<\/span><\/div>","aioseo_breadcrumb_json":[{"label":"Home","link":"https:\/\/monatglobal.com\/at"},{"label":"Be Balanced\u2122 Sch\u00e4umender Gesichtsreiniger","link":"https:\/\/monatglobal.com\/at\/foamy-cleanser\/"}],"_links":{"self":[{"href":"https:\/\/monatglobal.com\/at\/wp-json\/wp\/v2\/pages\/44449","targetHints":{"allow":["GET"]}}],"collection":[{"href":"https:\/\/monatglobal.com\/at\/wp-json\/wp\/v2\/pages"}],"about":[{"href":"https:\/\/monatglobal.com\/at\/wp-json\/wp\/v2\/types\/page"}],"author":[{"embeddable":true,"href":"https:\/\/monatglobal.com\/at\/wp-json\/wp\/v2\/users\/31"}],"replies":[{"embeddable":true,"href":"https:\/\/monatglobal.com\/at\/wp-json\/wp\/v2\/comments?post=44449"}],"version-history":[{"count":14,"href":"https:\/\/monatglobal.com\/at\/wp-json\/wp\/v2\/pages\/44449\/revisions"}],"predecessor-version":[{"id":109182,"href":"https:\/\/monatglobal.com\/at\/wp-json\/wp\/v2\/pages\/44449\/revisions\/109182"}],"wp:featuredmedia":[{"embeddable":true,"href":"https:\/\/monatglobal.com\/at\/wp-json\/wp\/v2\/media\/109145"}],"wp:attachment":[{"href":"https:\/\/monatglobal.com\/at\/wp-json\/wp\/v2\/media?parent=44449"}],"wp:term":[{"taxonomy":"category","embeddable":true,"href":"https:\/\/monatglobal.com\/at\/wp-json\/wp\/v2\/categories?post=44449"},{"taxonomy":"post_tag","embeddable":true,"href":"https:\/\/monatglobal.com\/at\/wp-json\/wp\/v2\/tags?post=44449"}],"curies":[{"name":"wp","href":"https:\/\/api.w.org\/{rel}","templated":true}]}}