{"id":44441,"date":"2019-08-18T15:17:30","date_gmt":"2019-08-18T20:17:30","guid":{"rendered":"https:\/\/monatglobal.com\/?page_id=44441"},"modified":"2026-01-28T21:13:03","modified_gmt":"2026-01-28T21:13:03","slug":"creamy-cleanser","status":"publish","type":"page","link":"https:\/\/monatglobal.com\/at\/creamy-cleanser\/","title":{"rendered":"Be Gentle\u2122 Reinigungscreme"},"content":{"rendered":"\n<!--Title: Gesichtsreiniger I MONAT Gesichtspflege I BE GENTLE\u2122 Reinigungscreme-->\n<!--Meta: Eine Reinigungscreme f\u00fcr trockene und empfindliche Haut der Unreinheiten sanft entfernt. Er hinterl\u00e4sst die Haut sauber, weich und geschmeidig und spendet Feuchtigkeit.-->\n<link rel=\"stylesheet\" href=\"https:\/\/unpkg.com\/swiper\/swiper-bundle.min.css\">\n<link rel=\"stylesheet\" href=\"https:\/\/monatglobal.com\/wp-content\/creative_css\/product_styles_sheet.css\">\n   <!--==================================================== ECOMM SECTION ====================================================-->\n      <!--==================================================== Ecomm image ====================================================-->\n      <img decoding=\"async\" src=\"https:\/\/monatglobal.com\/au\/wp-content\/uploads\/sites\/12\/2021\/12\/BE-GENTLE-Creamy-Cleanser-ecomm-2022.png\" alt=\"BE GENTLE\u2122 Creamy Cleanser\" loading=\"lazy\">\n      <!--==================================================== Ecomm information  ====================================================-->\n         <p>BE GENTLE\u2122 <\/p>\n         <h1>Reinigungscreme<\/h1>\n         \n         <p>Reinigend &amp; Beruhigend<br>Hautpflegenden Antioxidantien und REJUVENIQE S\u2122<\/p>\n         <p>120 ml \u212e 4.0 fl. oz.<\/p>\n      <!--==================================================== pricing box  ====================================================-->     \n               <p>Einzelhandelspreis<br>00.00 \u20ac<\/p>\n               <p>Preis f\u00fcr VIP-Kunden<br>00.00 \u20ac<\/p>\n      <!--==================================================== pricing box  ====================================================-->   \n         <p>Um mehr \u00fcber BE GENTLE\u2122 Reinigungscreme zu erfahren, wende Dich bitte an Deinen MONAT Markenpartner.<\/p>\n          <a href=\"\" target=\"_blank\" role=\"button\" aria-label=\"\" rel=\"noopener\"><\/a>\n   <!--==================================================== \/ECOMM SECTION  ====================================================-->\n   <!--==================================================== Benefits image ====================================================-->\n  \n    <source media=\"(max-width: 700px)\" srcset=\"https:\/\/monatglobal.com\/au\/wp-content\/uploads\/sites\/12\/2021\/12\/BE-GENTLE-Creamy-Cleanser-benefits-close-up_mobile.jpg\" loading=\"lazy\">\n      <img decoding=\"async\" src=\"https:\/\/monatglobal.com\/au\/wp-content\/uploads\/sites\/12\/2021\/12\/BE-GENTLE-Creamy-Cleanser-benefits-close-up.jpg\" alt=\"\" loading=\"lazy\">\n    \n   <!--==================================================== Benefits text ====================================================-->\n         <h2>VORTEILE<\/h2>\n         <h3>Ein sanfter, cremiger Reiniger, der Schmutz und Unreinheiten schonend entfernt und die Haut gleichzeitig pflegt &#8211; f\u00fcr erfrischte und hydratisierte Haut.<\/h3>\n         <!--==================================================== features image  ====================================================-->\n         <img decoding=\"async\" alt=\"\" src=\"https:\/\/monatglobal.com\/au\/wp-content\/uploads\/sites\/12\/2021\/12\/BE-GENTLE-Creamy-Cleanser-features.jpg\" loading=\"lazy\">\n      <!--==================================================== features text ====================================================-->\n            <h3>Eigenschaften<\/h3>\n               <p>\/ Reinigt sanft Unreinheiten, ohne die Haut zu strapazieren.<\/p>\n               <p>\/ Pflegende Formel hinterl\u00e4sst ein sauberes Hautgef\u00fchl, ohne Spannungsgef\u00fchl oder Trockenheit.<\/p>\n               <p>\/ Beruhigt &amp; entspannt die Haut und sorgt f\u00fcr angenehmes Hautgef\u00fchl.<\/p>\n               <br>\n            <!--<p>Fragrance \/ Unwind and enjoy a coconut-forward, citrusy aroma with notes of blood orange, coconut husk, cashew nut and&nbsp;sandalwood. <\/p>-->\n            <!--<p> Texture \/ Cream <\/p>-->\n   <!--==================================================== composition image mobile ====================================================-->\n   <img decoding=\"async\" alt=\"\" src=\"https:\/\/monatglobal.com\/au\/wp-content\/uploads\/sites\/12\/2021\/12\/BE-GENTLE-Creamy-Cleanser-composition-1.jpg\" loading=\"lazy\">\n   <!--==================================================== Why it works text ====================================================-->\n      <h2>REINIGEND &amp; BERUHIGEND<\/h2>\n      <h3>Ein besonders milder, cremiger Reiniger, der sanft Unreinheiten und Umwelteinfl\u00fcsse entfernt, die Haut weich und geschmeidig macht und Make-up, \u00fcbersch\u00fcssiges \u00d6l sowie abgestorbene Hautzellen l\u00f6st &#8211; f\u00fcr einen klaren, gepflegten, hydratisierten und erneuerten Teint.<\/h3>\n      <!--<p>*Based on a 14-day consumer study with 50 participants, performed by a third-party laboratory.<\/p>-->\n<!--==================================================== Composition section ====================================================-->\n      <img decoding=\"async\" alt=\"\" src=\"https:\/\/monatglobal.com\/au\/wp-content\/uploads\/sites\/12\/2021\/12\/BE-GENTLE-Creamy-Cleanser-composition-1.jpg\" loading=\"lazy\">\n      <img decoding=\"async\" alt=\"\" src=\"https:\/\/monatglobal.com\/au\/wp-content\/uploads\/sites\/12\/2021\/12\/be-gentle-creamy-clenaser-composition-3.jpg\" loading=\"lazy\">\n            <!--==================================================== Directions text ====================================================--> \n               <h3>Anwendung<\/h3>\n                    <p>\/ T\u00e4glich morgens und abends anwenden.<\/p>\n                    <p>\/ Eine kleine Menge in den H\u00e4nden aufsch\u00e4umen.<\/p>\n                    <p>\/ Auf die feuchte Haut auftragen. Gesicht, Hals und Dekollet\u00e9 sanft in kreisenden Bewegungen reinigen.<\/p>\n                    <p>\/ Augenpartie aussparen.<\/p>\n                    <p>\/ Mit warmem Wasser absp\u00fclen.<\/p>\n                    <p>\/ Anschlie\u00dfend Deine MONAT Hautpflegeroutine anwenden.<\/p>\n            <!--==================================================== Directions video ====================================================-->\n      <p>Be Gentle\u2122 <br>Reinigungscreme <br>0:37<\/p>\n         <!--==================================================== features image  ====================================================-->\n         <img decoding=\"async\" alt=\"\" src=\"https:\/\/monatglobal.com\/au\/wp-content\/uploads\/sites\/12\/2021\/12\/sunscreen-suggestion.jpg\" loading=\"lazy\">\n      <!--==================================================== features text ====================================================-->\n            <h3>Tipps<\/h3>\n               <p>\/ Doppelreinigung f\u00fcr optimale Ergebnisse. <\/p>\n               <p>\/ Sonnenschutz 15 Minuten vor dem Aufenthalt im Freien auftragen.<\/p>\n      <a href=\"\" target=\"_blank\" role=\"button\" aria-label=\"\" rel=\"noopener\"><\/a>\n   <!--==================================================== Ingredients section  ====================================================-->\n      <h2>Wichtige Inhaltsstoffe<\/h2>\n      <p>REJUVENIQE S\u2122<br>Spendet Feuchtigkeit, pflegt und n\u00e4hrt<\/p>\n      <p>Peptid<br>Strafft und verleiht F\u00fclle<\/p>\n      <p>Nat\u00fcrliche Fruchts\u00e4uren<br>(AHAs) Gl\u00e4tten und erhellt<\/p>\n      <p>Beruhigender Komplex<br>(Ingwerwurzel &amp; Bisabolol) Beruhigt und spendet Feuchtigkeit<\/p>\n        <button id=\"myBtn\" type=\"button\">Alle Inhaltsstoffe ansehen<\/button>\n      <!--==================================================== Modal content  ====================================================-->\n         \u00d7\n         <p>Aqua\/Water\/Eau, Cetearyl Alcohol, Sodium Cocoyl Glutamate, Sodium Cocoyl Isethionate, Glyceryl Stearate SE, Helianthus Annuus (Sunflower) Seed Oil, Cetearyl Glucoside, Glycerin, Cetyl Alcohol, Sodium Lauroyl Glutamate, Butyrospermum Parkii (Shea) Butter, Sodium Astrocaryum Murumuruate, Tripeptide-2, Bisabolol, Zingiber Officinale (Ginger) Root Extract, Glycolic Acid, Mangifera Indica (Mango) Pulp Extract, Musa Sapientun (Banana) Pulp Extract, Saccharum Officinarum (Sugarcane) Extract, Limnanthes Alba (Meadowfoam) Seed Oil, Crambe Abyssinica Seed Oil, Camellia Oleifera Seed Oil, Solanum Lycopersicum (Tomato) Seed Oil, Daucus Carota Sativa (Carrot) Seed Oil, Citrus Limon (Lemon) Peel Oil, Citrus Aurantifolia (Lime) Oil, Citrus Aurantium Bergamia (Bergamot) Fruit Oil, Adansonia Digitata Oil, Mauritia Flexuosa Fruit Oil, Cocos Nucifera (Coconut) Oil, Gardenia Taitensis Flower Extract, Moringa Oleifera Seed Oil, Caryocar Brasiliense Fruit Oil, Olea Europaea (Olive) Fruit Oil, Simmondsia Chinensis (Jojoba) Seed Extract, Tocopherol, Sodium Polyacrylate, Xylitol, Caprylic Acid, Glyceryl Stearate, Fragrance\/Parfum, Ethylhexylglycerin, Benzyl Alcohol, Coconut Acid, Isopropyl Alcohol, Sodium Isethionate, Sodium Gluconate, Tetramethyl Acetyloctahydronaphthalenes.<\/p>\n   <!--==================================================== You might also like section ====================================================-->\n      <h2>DAS K\u00d6NNTE DIR AUCH GEFALLEN<\/h2>\n      <!--==================================================== Slider YOU MIGHT ALSO LIKE ====================================================-->\n         <!--==================================================== If we need navigation buttons  ====================================================-->\n         <!--==================================================== If we need paginations  ====================================================-->\n    <a href=\"\" aria-label=\"\"><\/a>\n<!--==================================================== this link has to go last for it to work   ====================================================-->\n\t<link rel=\"stylesheet\" href=\"https:\/\/unpkg.com\/swiper\/swiper-bundle.min.css\">\n<link rel=\"stylesheet\" href=\"https:\/\/monatglobal.com\/wp-content\/creative_css\/product_styles_sheet.css\">\n   <!--==================================================== You might also like section ====================================================-->\n      <h2>YOU MIGHT ALSO LIKE<\/h2>\n      <!--==================================================== Slider YOU MIGHT ALSO LIKE ====================================================-->\n            <!--==================================================== Slides products ====================================================-->\n               <a href=\"\/holidays-2021-minis-mirror\" aria-label=\"Go to Magic Minis &amp; Mirror page\">\n                  <img decoding=\"async\" src=\"https:\/\/monatglobal.com\/wp-content\/uploads\/2021\/10\/magic-mini-mirror-300x300-1.jpg\" alt=\"Magic Minis &amp; Mirror\">\n                  <p>Magic Minis &amp; Mirror<\/p>\n               <\/a>\n               <a href=\"https:\/\/monatglobal.com\/at\/age-control-nectar\/\" aria-label=\"Go to Rewind\u2122 Age Control Nectar page\">\n                  <img decoding=\"async\" src=\"https:\/\/monatglobal.com\/wp-content\/uploads\/2019\/09\/rewind-age-control-nectar-1.png\" alt=\"Rewind\u2122 Age Control Nectar\">\n                  <p>Rewind\u2122 Age Control Nectar<\/p>\n               <\/a>\n               <a href=\"https:\/\/monatglobal.com\/at\/skin-revitalizing\/\" aria-label=\"Go to Skin Revitalizing Essence\u2122 page\">\n                  <img decoding=\"async\" src=\"https:\/\/monatglobal.com\/wp-content\/uploads\/2019\/09\/sking-revitalizing-essence.png\" alt=\"Skin Revitalizing Essence\u2122\">\n                  <p>Skin Revitalizing Essence\u2122<\/p>\n               <\/a>\n         <!--==================================================== If we need navigation buttons  ====================================================-->\n         <!--==================================================== If we need paginations  ====================================================-->\n<!--==================================================== this link has to go last for it to work   ====================================================-->\n","protected":false},"excerpt":{"rendered":"<p>BE GENTLE\u2122 Reinigungscreme Reinigend &amp; BeruhigendHautpflegenden Antioxidantien und REJUVENIQE S\u2122 120 ml \u212e 4.0 fl. oz. Einzelhandelspreis00.00 \u20ac Preis f\u00fcr VIP-Kunden00.00 \u20ac Um mehr \u00fcber BE GENTLE\u2122 Reinigungscreme zu erfahren, wende Dich bitte an Deinen MONAT Markenpartner. VORTEILE Ein sanfter, cremiger Reiniger, der Schmutz und Unreinheiten schonend entfernt und die Haut gleichzeitig pflegt &#8211; f\u00fcr&hellip;<\/p>\n","protected":false},"author":31,"featured_media":109152,"parent":0,"menu_order":0,"comment_status":"closed","ping_status":"closed","template":"","meta":{"inline_featured_image":false,"footnotes":""},"categories":[21],"tags":[],"class_list":["post-44441","page","type-page","status-publish","has-post-thumbnail","hentry","category-product-at"],"aioseo_notices":[],"aioseo_head":"\n\t\t<!-- All in One SEO Pro 4.9.5.2 - aioseo.com -->\n\t<meta name=\"description\" content=\"BE GENTLE\u2122 Reinigungscreme Reinigend &amp; BeruhigendHautpflegenden Antioxidantien und REJUVENIQE S\u2122 120 ml \u212e 4.0 fl. oz. Einzelhandelspreis00.00 \u20ac Preis f\u00fcr VIP-Kunden00.00 \u20ac Um mehr \u00fcber BE GENTLE\u2122 Reinigungscreme zu erfahren, wende Dich bitte an Deinen MONAT Markenpartner. VORTEILE Ein sanfter, cremiger Reiniger, der Schmutz und Unreinheiten schonend entfernt und die Haut gleichzeitig pflegt - f\u00fcr\" \/>\n\t<meta name=\"robots\" content=\"noindex, nofollow, max-image-preview:large\" \/>\n\t<link rel=\"canonical\" href=\"https:\/\/monatglobal.com\/at\/creamy-cleanser\/\" \/>\n\t<meta name=\"generator\" content=\"All in One SEO Pro (AIOSEO) 4.9.5.2\" \/>\n\t\t<meta property=\"og:locale\" content=\"de_DE\" \/>\n\t\t<meta property=\"og:site_name\" content=\"MONAT Austria - We Are Modern Nature\u00ae\" \/>\n\t\t<meta property=\"og:type\" content=\"article\" \/>\n\t\t<meta property=\"og:title\" content=\"Be Gentle\u2122 Reinigungscreme - MONAT Austria\" \/>\n\t\t<meta property=\"og:description\" content=\"BE GENTLE\u2122 Reinigungscreme Reinigend &amp; BeruhigendHautpflegenden Antioxidantien und REJUVENIQE S\u2122 120 ml \u212e 4.0 fl. oz. Einzelhandelspreis00.00 \u20ac Preis f\u00fcr VIP-Kunden00.00 \u20ac Um mehr \u00fcber BE GENTLE\u2122 Reinigungscreme zu erfahren, wende Dich bitte an Deinen MONAT Markenpartner. VORTEILE Ein sanfter, cremiger Reiniger, der Schmutz und Unreinheiten schonend entfernt und die Haut gleichzeitig pflegt - f\u00fcr\" \/>\n\t\t<meta property=\"og:url\" content=\"https:\/\/monatglobal.com\/at\/creamy-cleanser\/\" \/>\n\t\t<meta property=\"article:published_time\" content=\"2019-08-18T20:17:30+00:00\" \/>\n\t\t<meta property=\"article:modified_time\" content=\"2026-01-28T21:13:03+00:00\" \/>\n\t\t<meta name=\"twitter:card\" content=\"summary_large_image\" \/>\n\t\t<meta name=\"twitter:title\" content=\"Be Gentle\u2122 Reinigungscreme - MONAT Austria\" \/>\n\t\t<meta name=\"twitter:description\" content=\"BE GENTLE\u2122 Reinigungscreme Reinigend &amp; BeruhigendHautpflegenden Antioxidantien und REJUVENIQE S\u2122 120 ml \u212e 4.0 fl. oz. Einzelhandelspreis00.00 \u20ac Preis f\u00fcr VIP-Kunden00.00 \u20ac Um mehr \u00fcber BE GENTLE\u2122 Reinigungscreme zu erfahren, wende Dich bitte an Deinen MONAT Markenpartner. VORTEILE Ein sanfter, cremiger Reiniger, der Schmutz und Unreinheiten schonend entfernt und die Haut gleichzeitig pflegt - f\u00fcr\" \/>\n\t\t<script type=\"application\/ld+json\" class=\"aioseo-schema\">\n\t\t\t{\"@context\":\"https:\\\/\\\/schema.org\",\"@graph\":[{\"@type\":\"BreadcrumbList\",\"@id\":\"https:\\\/\\\/monatglobal.com\\\/at\\\/creamy-cleanser\\\/#breadcrumblist\",\"itemListElement\":[{\"@type\":\"ListItem\",\"@id\":\"https:\\\/\\\/monatglobal.com\\\/at#listItem\",\"position\":1,\"name\":\"Home\",\"item\":\"https:\\\/\\\/monatglobal.com\\\/at\",\"nextItem\":{\"@type\":\"ListItem\",\"@id\":\"https:\\\/\\\/monatglobal.com\\\/at\\\/creamy-cleanser\\\/#listItem\",\"name\":\"Be Gentle\\u2122 Reinigungscreme\"}},{\"@type\":\"ListItem\",\"@id\":\"https:\\\/\\\/monatglobal.com\\\/at\\\/creamy-cleanser\\\/#listItem\",\"position\":2,\"name\":\"Be Gentle\\u2122 Reinigungscreme\",\"previousItem\":{\"@type\":\"ListItem\",\"@id\":\"https:\\\/\\\/monatglobal.com\\\/at#listItem\",\"name\":\"Home\"}}]},{\"@type\":\"Organization\",\"@id\":\"https:\\\/\\\/monatglobal.com\\\/at\\\/#organization\",\"name\":\"MONAT Austria\",\"description\":\"We Are Modern Nature\\u00ae\",\"url\":\"https:\\\/\\\/monatglobal.com\\\/at\\\/\"},{\"@type\":\"WebPage\",\"@id\":\"https:\\\/\\\/monatglobal.com\\\/at\\\/creamy-cleanser\\\/#webpage\",\"url\":\"https:\\\/\\\/monatglobal.com\\\/at\\\/creamy-cleanser\\\/\",\"name\":\"Be Gentle\\u2122 Reinigungscreme - MONAT Austria\",\"description\":\"BE GENTLE\\u2122 Reinigungscreme Reinigend & BeruhigendHautpflegenden Antioxidantien und REJUVENIQE S\\u2122 120 ml \\u212e 4.0 fl. oz. Einzelhandelspreis00.00 \\u20ac Preis f\\u00fcr VIP-Kunden00.00 \\u20ac Um mehr \\u00fcber BE GENTLE\\u2122 Reinigungscreme zu erfahren, wende Dich bitte an Deinen MONAT Markenpartner. VORTEILE Ein sanfter, cremiger Reiniger, der Schmutz und Unreinheiten schonend entfernt und die Haut gleichzeitig pflegt - f\\u00fcr\",\"inLanguage\":\"de-DE\",\"isPartOf\":{\"@id\":\"https:\\\/\\\/monatglobal.com\\\/at\\\/#website\"},\"breadcrumb\":{\"@id\":\"https:\\\/\\\/monatglobal.com\\\/at\\\/creamy-cleanser\\\/#breadcrumblist\"},\"image\":{\"@type\":\"ImageObject\",\"url\":\"https:\\\/\\\/monatglobal.com\\\/at\\\/wp-content\\\/uploads\\\/sites\\\/27\\\/2026\\\/01\\\/creamy-cleanser-500x438-150x150-1.png\",\"@id\":\"https:\\\/\\\/monatglobal.com\\\/at\\\/creamy-cleanser\\\/#mainImage\",\"width\":150,\"height\":150},\"primaryImageOfPage\":{\"@id\":\"https:\\\/\\\/monatglobal.com\\\/at\\\/creamy-cleanser\\\/#mainImage\"},\"datePublished\":\"2019-08-18T15:17:30+01:00\",\"dateModified\":\"2026-01-28T21:13:03+00:00\"},{\"@type\":\"WebSite\",\"@id\":\"https:\\\/\\\/monatglobal.com\\\/at\\\/#website\",\"url\":\"https:\\\/\\\/monatglobal.com\\\/at\\\/\",\"name\":\"MONAT Austria\",\"description\":\"We Are Modern Nature\\u00ae\",\"inLanguage\":\"de-DE\",\"publisher\":{\"@id\":\"https:\\\/\\\/monatglobal.com\\\/at\\\/#organization\"}}]}\n\t\t<\/script>\n\t\t<!-- All in One SEO Pro -->\r\n\t\t<title>Be Gentle\u2122 Reinigungscreme - MONAT Austria<\/title>\n\n","aioseo_head_json":{"title":"Be Gentle\u2122 Reinigungscreme - MONAT Austria","description":"BE GENTLE\u2122 Reinigungscreme Reinigend & BeruhigendHautpflegenden Antioxidantien und REJUVENIQE S\u2122 120 ml \u212e 4.0 fl. oz. Einzelhandelspreis00.00 \u20ac Preis f\u00fcr VIP-Kunden00.00 \u20ac Um mehr \u00fcber BE GENTLE\u2122 Reinigungscreme zu erfahren, wende Dich bitte an Deinen MONAT Markenpartner. VORTEILE Ein sanfter, cremiger Reiniger, der Schmutz und Unreinheiten schonend entfernt und die Haut gleichzeitig pflegt - f\u00fcr","canonical_url":"https:\/\/monatglobal.com\/at\/creamy-cleanser\/","robots":"noindex, nofollow, max-image-preview:large","keywords":"","webmasterTools":{"miscellaneous":""},"schema":{"@context":"https:\/\/schema.org","@graph":[{"@type":"BreadcrumbList","@id":"https:\/\/monatglobal.com\/at\/creamy-cleanser\/#breadcrumblist","itemListElement":[{"@type":"ListItem","@id":"https:\/\/monatglobal.com\/at#listItem","position":1,"name":"Home","item":"https:\/\/monatglobal.com\/at","nextItem":{"@type":"ListItem","@id":"https:\/\/monatglobal.com\/at\/creamy-cleanser\/#listItem","name":"Be Gentle\u2122 Reinigungscreme"}},{"@type":"ListItem","@id":"https:\/\/monatglobal.com\/at\/creamy-cleanser\/#listItem","position":2,"name":"Be Gentle\u2122 Reinigungscreme","previousItem":{"@type":"ListItem","@id":"https:\/\/monatglobal.com\/at#listItem","name":"Home"}}]},{"@type":"Organization","@id":"https:\/\/monatglobal.com\/at\/#organization","name":"MONAT Austria","description":"We Are Modern Nature\u00ae","url":"https:\/\/monatglobal.com\/at\/"},{"@type":"WebPage","@id":"https:\/\/monatglobal.com\/at\/creamy-cleanser\/#webpage","url":"https:\/\/monatglobal.com\/at\/creamy-cleanser\/","name":"Be Gentle\u2122 Reinigungscreme - MONAT Austria","description":"BE GENTLE\u2122 Reinigungscreme Reinigend & BeruhigendHautpflegenden Antioxidantien und REJUVENIQE S\u2122 120 ml \u212e 4.0 fl. oz. Einzelhandelspreis00.00 \u20ac Preis f\u00fcr VIP-Kunden00.00 \u20ac Um mehr \u00fcber BE GENTLE\u2122 Reinigungscreme zu erfahren, wende Dich bitte an Deinen MONAT Markenpartner. VORTEILE Ein sanfter, cremiger Reiniger, der Schmutz und Unreinheiten schonend entfernt und die Haut gleichzeitig pflegt - f\u00fcr","inLanguage":"de-DE","isPartOf":{"@id":"https:\/\/monatglobal.com\/at\/#website"},"breadcrumb":{"@id":"https:\/\/monatglobal.com\/at\/creamy-cleanser\/#breadcrumblist"},"image":{"@type":"ImageObject","url":"https:\/\/monatglobal.com\/at\/wp-content\/uploads\/sites\/27\/2026\/01\/creamy-cleanser-500x438-150x150-1.png","@id":"https:\/\/monatglobal.com\/at\/creamy-cleanser\/#mainImage","width":150,"height":150},"primaryImageOfPage":{"@id":"https:\/\/monatglobal.com\/at\/creamy-cleanser\/#mainImage"},"datePublished":"2019-08-18T15:17:30+01:00","dateModified":"2026-01-28T21:13:03+00:00"},{"@type":"WebSite","@id":"https:\/\/monatglobal.com\/at\/#website","url":"https:\/\/monatglobal.com\/at\/","name":"MONAT Austria","description":"We Are Modern Nature\u00ae","inLanguage":"de-DE","publisher":{"@id":"https:\/\/monatglobal.com\/at\/#organization"}}]},"og:locale":"de_DE","og:site_name":"MONAT Austria - We Are Modern Nature\u00ae","og:type":"article","og:title":"Be Gentle\u2122 Reinigungscreme - MONAT Austria","og:description":"BE GENTLE\u2122 Reinigungscreme Reinigend &amp; BeruhigendHautpflegenden Antioxidantien und REJUVENIQE S\u2122 120 ml \u212e 4.0 fl. oz. Einzelhandelspreis00.00 \u20ac Preis f\u00fcr VIP-Kunden00.00 \u20ac Um mehr \u00fcber BE GENTLE\u2122 Reinigungscreme zu erfahren, wende Dich bitte an Deinen MONAT Markenpartner. VORTEILE Ein sanfter, cremiger Reiniger, der Schmutz und Unreinheiten schonend entfernt und die Haut gleichzeitig pflegt - f\u00fcr","og:url":"https:\/\/monatglobal.com\/at\/creamy-cleanser\/","article:published_time":"2019-08-18T20:17:30+00:00","article:modified_time":"2026-01-28T21:13:03+00:00","twitter:card":"summary_large_image","twitter:title":"Be Gentle\u2122 Reinigungscreme - MONAT Austria","twitter:description":"BE GENTLE\u2122 Reinigungscreme Reinigend &amp; BeruhigendHautpflegenden Antioxidantien und REJUVENIQE S\u2122 120 ml \u212e 4.0 fl. oz. Einzelhandelspreis00.00 \u20ac Preis f\u00fcr VIP-Kunden00.00 \u20ac Um mehr \u00fcber BE GENTLE\u2122 Reinigungscreme zu erfahren, wende Dich bitte an Deinen MONAT Markenpartner. VORTEILE Ein sanfter, cremiger Reiniger, der Schmutz und Unreinheiten schonend entfernt und die Haut gleichzeitig pflegt - f\u00fcr"},"aioseo_meta_data":{"post_id":"44441","title":null,"description":null,"keywords":null,"keyphrases":null,"primary_term":null,"canonical_url":null,"og_title":null,"og_description":null,"og_object_type":"default","og_image_type":"default","og_image_url":null,"og_image_width":null,"og_image_height":null,"og_image_custom_url":null,"og_image_custom_fields":null,"og_video":null,"og_custom_url":null,"og_article_section":null,"og_article_tags":null,"twitter_use_og":false,"twitter_card":"default","twitter_image_type":"default","twitter_image_url":null,"twitter_image_custom_url":null,"twitter_image_custom_fields":null,"twitter_title":null,"twitter_description":null,"schema":{"blockGraphs":[],"customGraphs":[],"default":{"data":{"Article":[],"Course":[],"Dataset":[],"FAQPage":[],"Movie":[],"Person":[],"Product":[],"ProductReview":[],"Car":[],"Recipe":[],"Service":[],"SoftwareApplication":[],"WebPage":[]},"graphName":"","isEnabled":true},"graphs":[]},"schema_type":"default","schema_type_options":null,"pillar_content":false,"robots_default":true,"robots_noindex":false,"robots_noarchive":false,"robots_nosnippet":false,"robots_nofollow":false,"robots_noimageindex":false,"robots_noodp":false,"robots_notranslate":false,"robots_max_snippet":null,"robots_max_videopreview":null,"robots_max_imagepreview":"large","priority":null,"frequency":null,"local_seo":null,"seo_analyzer_scan_date":null,"breadcrumb_settings":null,"limit_modified_date":false,"reviewed_by":null,"open_ai":null,"ai":null,"created":"2026-02-09 20:56:08","updated":"2026-02-11 16:34:54"},"aioseo_breadcrumb":"<div class=\"aioseo-breadcrumbs\"><span class=\"aioseo-breadcrumb\">\n\t<a href=\"https:\/\/monatglobal.com\/at\" title=\"Home\">Home<\/a>\n<\/span><span class=\"aioseo-breadcrumb-separator\">&raquo;<\/span><span class=\"aioseo-breadcrumb\">\n\tBe Gentle\u2122 Reinigungscreme\n<\/span><\/div>","aioseo_breadcrumb_json":[{"label":"Home","link":"https:\/\/monatglobal.com\/at"},{"label":"Be Gentle\u2122 Reinigungscreme","link":"https:\/\/monatglobal.com\/at\/creamy-cleanser\/"}],"_links":{"self":[{"href":"https:\/\/monatglobal.com\/at\/wp-json\/wp\/v2\/pages\/44441","targetHints":{"allow":["GET"]}}],"collection":[{"href":"https:\/\/monatglobal.com\/at\/wp-json\/wp\/v2\/pages"}],"about":[{"href":"https:\/\/monatglobal.com\/at\/wp-json\/wp\/v2\/types\/page"}],"author":[{"embeddable":true,"href":"https:\/\/monatglobal.com\/at\/wp-json\/wp\/v2\/users\/31"}],"replies":[{"embeddable":true,"href":"https:\/\/monatglobal.com\/at\/wp-json\/wp\/v2\/comments?post=44441"}],"version-history":[{"count":10,"href":"https:\/\/monatglobal.com\/at\/wp-json\/wp\/v2\/pages\/44441\/revisions"}],"predecessor-version":[{"id":109185,"href":"https:\/\/monatglobal.com\/at\/wp-json\/wp\/v2\/pages\/44441\/revisions\/109185"}],"wp:featuredmedia":[{"embeddable":true,"href":"https:\/\/monatglobal.com\/at\/wp-json\/wp\/v2\/media\/109152"}],"wp:attachment":[{"href":"https:\/\/monatglobal.com\/at\/wp-json\/wp\/v2\/media?parent=44441"}],"wp:term":[{"taxonomy":"category","embeddable":true,"href":"https:\/\/monatglobal.com\/at\/wp-json\/wp\/v2\/categories?post=44441"},{"taxonomy":"post_tag","embeddable":true,"href":"https:\/\/monatglobal.com\/at\/wp-json\/wp\/v2\/tags?post=44441"}],"curies":[{"name":"wp","href":"https:\/\/api.w.org\/{rel}","templated":true}]}}