{"id":44427,"date":"2019-08-17T17:03:07","date_gmt":"2019-08-17T22:03:07","guid":{"rendered":"https:\/\/monatglobal.com\/?page_id=44427"},"modified":"2026-01-28T20:17:39","modified_gmt":"2026-01-28T20:17:39","slug":"skin-revitalizing","status":"publish","type":"page","link":"https:\/\/monatglobal.com\/at\/skin-revitalizing\/","title":{"rendered":"SKIN REVITALIZING ESSENCE\u2122"},"content":{"rendered":"\n<!--Title: Gesichtsreiniger | MONAT Gesichtspflege | Skin Revitalizing Essence\u2122-->\n<!--Meta: Ein leichtes Wunderwasser, das die Haut schnell mit Feuchtigkeit versorgt und pflegt - f\u00fcr einen glatten und strahlenden Teint, geeignet f\u00fcr alle Hauttypen.-->\n<link rel=\"stylesheet\" href=\"https:\/\/unpkg.com\/swiper\/swiper-bundle.min.css\">\n<link rel=\"stylesheet\" href=\"https:\/\/monatglobal.com\/wp-content\/creative_css\/product_styles_sheet.css\">\n   <!--==================================================== ECOMM SECTION ====================================================-->\n      <!--==================================================== Ecomm image ====================================================-->\n      <img decoding=\"async\" src=\"https:\/\/monatglobal.com\/au\/wp-content\/uploads\/sites\/12\/2021\/12\/Skin-Revitalizing-Essence-ecomm-2022.png\" alt=\"Skin Revitalizing Essence\u2122\" loading=\"lazy\">\n      <!--==================================================== Ecomm information  ====================================================-->\n         \n         NEU\n         <h1>Skin<br> Revitalizing<br> Essence\u2122<\/h1>\n         \n         Pflegend &amp; Beruhigend<br>\n              Porenverfeinernde nat\u00fcrliche Fruchts\u00e4uren und Kamille\n         <p>120 ml \u212e 4.0 fl. oz.<\/p>\n       <!--==================================================== pricing box  ====================================================-->      \n               <p>Einzelhandelspreis<br>00.00 \u20ac<\/p>\n               <p>Preis f\u00fcr VIP-Kunden<br>00.00 \u20ac<\/p>\n        <!--==================================================== pricing box  ====================================================-->    \n         <p>Um mehr \u00fcber Skin Revitalizing Essence\u2122 zu erfahren, wende Dich bitte an Deinen MONAT Markenpartner.<\/p>\n          <a href=\"\" target=\"_blank\" role=\"button\" aria-label=\"\" rel=\"noopener\"><\/a>\n   <!--==================================================== \/ECOMM SECTION  ====================================================-->\n   <!--==================================================== Benefits image ====================================================-->\n  \n    <source media=\"(max-width: 700px)\" srcset=\"https:\/\/monatglobal.com\/au\/wp-content\/uploads\/sites\/12\/2021\/12\/Skin-Revitalizing-Essence-benefits-close-up_mobile.jpg\" loading=\"lazy\">\n      <img decoding=\"async\" src=\"https:\/\/monatglobal.com\/au\/wp-content\/uploads\/sites\/12\/2021\/12\/Skin-Revitalizing-Essence-benefits-close-up.jpg\" alt=\"\" loading=\"lazy\">\n    \n   <!--==================================================== Benefits text ====================================================-->\n         <h2>VORTEILE<\/h2>\n         <h3>Ein leichtes Wunderwasser, das die Haut schnell mit Feuchtigkeit versorgt und pflegt &#8211; f\u00fcr einen glatten und strahlenden Teint, geeignet f\u00fcr alle Hauttypen.<\/h3>\n         <!--==================================================== features image  ====================================================-->\n         <img decoding=\"async\" alt=\"\" src=\"https:\/\/monatglobal.com\/au\/wp-content\/uploads\/sites\/12\/2021\/12\/Skin-Revitalizing-Essence-features.jpg\" loading=\"lazy\">\n      <!--==================================================== features text ====================================================-->\n            <h3>Eigenschaften<\/h3>\n               <p>\/ Bereitet die Haut darauf vor, die N\u00e4hrstoffe der MONAT Hautpflegeprodukte aufzunehmen.<\/p>\n               <p>\/ Die Haut wirkt strahlend und heller.<\/p>\n               <p>\/ Die Poren wirken verfeinert.<\/p>\n               <p>\/ Die Haut ist hydratisiert und mit Feuchtigkeit versorgt.<\/p>\n               <p>\/ Hilft, das Erscheinungsbild feiner Linien und Falten zu reduzieren.<\/p>\n               <p>\/ Die Haut f\u00fchlt sich weich und geschmeidig an.<\/p>\n               <br>\n            <!--<p>Fragrance \/ Unwind and enjoy a coconut-forward, citrusy aroma with notes of blood orange, coconut husk, cashew nut and&nbsp;sandalwood. <\/p>-->\n            <!--<p> Texture \/ Cream <\/p>-->\n   <!--==================================================== composition image mobile ====================================================-->\n   <img decoding=\"async\" alt=\"\" src=\"https:\/\/monatglobal.com\/au\/wp-content\/uploads\/sites\/12\/2021\/12\/Skin-Revitalizing-Essence-composition-1.jpg\" loading=\"lazy\">\n   <!--==================================================== Why it works text ====================================================-->\n      <h2>PFLEGEND &amp; BERUHIGEND<\/h2>\n      <h3>Diese sanfte, pflegende Fl\u00fcssigkeit vereint die ideale Kombination aus feuchtigkeitsspendenden, hautauff\u00fcllenden und Anti-Aging-Wirkstoffen, die die Haut gl\u00e4tten, geschmeidig machen und ihr einen strahlenden, frischen Teint verleihen.<\/h3>\n      <!--<p>*Based on a 28-day consumer study with 32 participants, performed by a third-party laboratory.<\/p>-->\n<!--==================================================== Composition section ====================================================-->\n      <img decoding=\"async\" alt=\"\" src=\"https:\/\/monatglobal.com\/au\/wp-content\/uploads\/sites\/12\/2021\/12\/Skin-Revitalizing-Essence-composition-1.jpg\" loading=\"lazy\">\n      <img decoding=\"async\" alt=\"\" src=\"https:\/\/monatglobal.com\/au\/wp-content\/uploads\/sites\/12\/2021\/12\/Skin-Revitalizing-Essence-composition-3.jpg\" loading=\"lazy\">\n            <!--==================================================== Directions text ====================================================--> \n               <h3>Anwendung<\/h3>\n                    <p>\/ T\u00e4glich morgens und abends anwenden.<\/p>\n                    <p>\/ Nach der Reinigung eine kleine Menge in die H\u00e4nde geben und sanft auf Gesicht, Hals und Dekollet\u00e9 auftragen.<\/p>\n                    <p>\/ Produkt vollst\u00e4ndig einziehen lassen, bevor MONAT Serum und Feuchtigkeitspflege aufgetragen werden.<\/p>\n            <!--==================================================== Directions video ====================================================-->\n      <p>Skin Revitalizing Essence\u2122<br>0:30<\/p>\n         <!--==================================================== features image  ====================================================-->\n         <img decoding=\"async\" alt=\"\" src=\"https:\/\/monatglobal.com\/au\/wp-content\/uploads\/sites\/12\/2021\/12\/sunscreen-suggestion.jpg\" loading=\"lazy\">\n      <!--==================================================== features text ====================================================-->\n            <h3>Tipps<\/h3>\n               <p>\/ Trage 15 Minuten vor dem Aufenthalt im Freien Sonnenschutz auf.<\/p>\n      <a href=\"\" target=\"_blank\" role=\"button\" aria-label=\"\" rel=\"noopener\"><\/a>\n   <!--==================================================== Ingredients section  ====================================================-->\n      <h2>Wichtige Inhaltsstoffe<\/h2>\n      <p>Nat\u00fcrliche Fruchts\u00e4uren (AHAs)<br>Gl\u00e4tten und erhellen<\/p>\n      <p>Colubrine-Extrakt<br>Hydratisiert und regeneriert<\/p>\n      <p>Feuchtigkeitsspendende Mischung<br>(mit Rote-Bete-Extrakt): N\u00e4hrt und spendet Feuchtigkeit<\/p>\n      <p>Kamille<br>Beruhigt und sch\u00fctzt<\/p>\n        <button id=\"myBtn\" type=\"button\">Alle Inhaltsstoffe ansehen<\/button>\n      <!--==================================================== Modal content  ====================================================-->\n         \u00d7\n         <p>Aqua\/Water\/Eau, Propanediol, Glycerin, Anadenanthera Colubrina Bark Extract, Chamomilla Recutita (Matricaria) Flower Extract, Mangifera Indica (Mango) Pulp Extract, Musa Sapientum (Banana) Pulp Extract, Saccharum Officinarum (Sugarcane) Extract, Fructooligosaccharides, Beta Vulgaris (Beet) Root Extract, Glycolic Acid, Potassium Lactate, Lactic Acid, Sodium Phytate, Citric Acid, Fragrance\/Parfum, Sodium Benzoate, Potassium Sorbate, Rosa Canina Fruit Extract, Camellia Sinensis Leaf Extract, Caprylic Acid, Caprylyl Glycol, Xylitol, Benzyl Alcohol. <\/p>\n   <!--==================================================== You might also like section ====================================================-->\n      <h2>DAS K\u00d6NNTE DIR AUCH GEFALLEN<\/h2>\n      <!--==================================================== Slider YOU MIGHT ALSO LIKE ====================================================-->\n         <!--==================================================== If we need navigation buttons  ====================================================-->\n         <!--==================================================== If we need paginations  ====================================================-->\n    <a href=\"\" aria-label=\"\"><\/a>\n<!--==================================================== this link has to go last for it to work   ====================================================-->\n\t<link rel=\"stylesheet\" href=\"https:\/\/unpkg.com\/swiper\/swiper-bundle.min.css\">\n<link rel=\"stylesheet\" href=\"https:\/\/monatglobal.com\/wp-content\/creative_css\/product_styles_sheet.css\">\n   <!--==================================================== You might also like section ====================================================-->\n      <h2>YOU MIGHT ALSO LIKE<\/h2>\n      <!--==================================================== Slider YOU MIGHT ALSO LIKE ====================================================-->\n            <!--==================================================== Slides products ====================================================-->\n               <a href=\"\/holidays-2021-minis-mirror\" aria-label=\"Go to Magic Minis &amp; Mirror page\">\n                  <img decoding=\"async\" src=\"https:\/\/monatglobal.com\/wp-content\/uploads\/2021\/10\/magic-mini-mirror-300x300-1.jpg\" alt=\"Magic Minis &amp; Mirror\">\n                  <p>Magic Minis &amp; Mirror<\/p>\n               <\/a>\n               <a href=\"https:\/\/monatglobal.com\/at\/age-control-nectar\/\" aria-label=\"Go to Rewind\u2122 Age Control Nectar page\">\n                  <img decoding=\"async\" src=\"https:\/\/monatglobal.com\/wp-content\/uploads\/2019\/09\/rewind-age-control-nectar-1.png\" alt=\"Rewind\u2122 Age Control Nectar\">\n                  <p>Rewind\u2122 <br>Age Control Nectar<\/p>\n               <\/a>\n               <a href=\"https:\/\/monatglobal.com\/at\/eye-smooth\/\" aria-label=\"Go to Eye Smooth\u2122 page\">\n                  <img decoding=\"async\" src=\"https:\/\/monatglobal.com\/wp-content\/uploads\/2020\/10\/eye-smooth-500x438.png\" alt=\"Eye Smooth\u2122\">\n                  <p>Eye Smooth\u2122 <br>Nourishing Eye Cream<\/p>\n               <\/a>\n         <!--==================================================== If we need navigation buttons  ====================================================-->\n         <!--==================================================== If we need paginations  ====================================================-->\n<!--==================================================== this link has to go last for it to work   ====================================================-->\n","protected":false},"excerpt":{"rendered":"<p>NEU Skin Revitalizing Essence\u2122 Pflegend &amp; Beruhigend Porenverfeinernde nat\u00fcrliche Fruchts\u00e4uren und Kamille 120 ml \u212e 4.0 fl. oz. Einzelhandelspreis00.00 \u20ac Preis f\u00fcr VIP-Kunden00.00 \u20ac Um mehr \u00fcber Skin Revitalizing Essence\u2122 zu erfahren, wende Dich bitte an Deinen MONAT Markenpartner. VORTEILE Ein leichtes Wunderwasser, das die Haut schnell mit Feuchtigkeit versorgt und pflegt &#8211; f\u00fcr einen&hellip;<\/p>\n","protected":false},"author":31,"featured_media":109164,"parent":0,"menu_order":0,"comment_status":"closed","ping_status":"closed","template":"","meta":{"inline_featured_image":false,"footnotes":""},"categories":[21],"tags":[],"class_list":["post-44427","page","type-page","status-publish","has-post-thumbnail","hentry","category-product-at"],"aioseo_notices":[],"aioseo_head":"\n\t\t<!-- All in One SEO Pro 4.9.5.2 - aioseo.com -->\n\t<meta name=\"description\" content=\"NEU Skin Revitalizing Essence\u2122 Pflegend &amp; Beruhigend Porenverfeinernde nat\u00fcrliche Fruchts\u00e4uren und Kamille 120 ml \u212e 4.0 fl. oz. Einzelhandelspreis00.00 \u20ac Preis f\u00fcr VIP-Kunden00.00 \u20ac Um mehr \u00fcber Skin Revitalizing Essence\u2122 zu erfahren, wende Dich bitte an Deinen MONAT Markenpartner. VORTEILE Ein leichtes Wunderwasser, das die Haut schnell mit Feuchtigkeit versorgt und pflegt - f\u00fcr einen\" \/>\n\t<meta name=\"robots\" content=\"noindex, nofollow, max-image-preview:large\" \/>\n\t<link rel=\"canonical\" href=\"https:\/\/monatglobal.com\/at\/skin-revitalizing\/\" \/>\n\t<meta name=\"generator\" content=\"All in One SEO Pro (AIOSEO) 4.9.5.2\" \/>\n\t\t<meta property=\"og:locale\" content=\"de_DE\" \/>\n\t\t<meta property=\"og:site_name\" content=\"MONAT Austria - We Are Modern Nature\u00ae\" \/>\n\t\t<meta property=\"og:type\" content=\"article\" \/>\n\t\t<meta property=\"og:title\" content=\"SKIN REVITALIZING ESSENCE\u2122 - MONAT Austria\" \/>\n\t\t<meta property=\"og:description\" content=\"NEU Skin Revitalizing Essence\u2122 Pflegend &amp; Beruhigend Porenverfeinernde nat\u00fcrliche Fruchts\u00e4uren und Kamille 120 ml \u212e 4.0 fl. oz. Einzelhandelspreis00.00 \u20ac Preis f\u00fcr VIP-Kunden00.00 \u20ac Um mehr \u00fcber Skin Revitalizing Essence\u2122 zu erfahren, wende Dich bitte an Deinen MONAT Markenpartner. VORTEILE Ein leichtes Wunderwasser, das die Haut schnell mit Feuchtigkeit versorgt und pflegt - f\u00fcr einen\" \/>\n\t\t<meta property=\"og:url\" content=\"https:\/\/monatglobal.com\/at\/skin-revitalizing\/\" \/>\n\t\t<meta property=\"article:published_time\" content=\"2019-08-17T22:03:07+00:00\" \/>\n\t\t<meta property=\"article:modified_time\" content=\"2026-01-28T20:17:39+00:00\" \/>\n\t\t<meta name=\"twitter:card\" content=\"summary_large_image\" \/>\n\t\t<meta name=\"twitter:title\" content=\"SKIN REVITALIZING ESSENCE\u2122 - MONAT Austria\" \/>\n\t\t<meta name=\"twitter:description\" content=\"NEU Skin Revitalizing Essence\u2122 Pflegend &amp; Beruhigend Porenverfeinernde nat\u00fcrliche Fruchts\u00e4uren und Kamille 120 ml \u212e 4.0 fl. oz. Einzelhandelspreis00.00 \u20ac Preis f\u00fcr VIP-Kunden00.00 \u20ac Um mehr \u00fcber Skin Revitalizing Essence\u2122 zu erfahren, wende Dich bitte an Deinen MONAT Markenpartner. VORTEILE Ein leichtes Wunderwasser, das die Haut schnell mit Feuchtigkeit versorgt und pflegt - f\u00fcr einen\" \/>\n\t\t<script type=\"application\/ld+json\" class=\"aioseo-schema\">\n\t\t\t{\"@context\":\"https:\\\/\\\/schema.org\",\"@graph\":[{\"@type\":\"BreadcrumbList\",\"@id\":\"https:\\\/\\\/monatglobal.com\\\/at\\\/skin-revitalizing\\\/#breadcrumblist\",\"itemListElement\":[{\"@type\":\"ListItem\",\"@id\":\"https:\\\/\\\/monatglobal.com\\\/at#listItem\",\"position\":1,\"name\":\"Home\",\"item\":\"https:\\\/\\\/monatglobal.com\\\/at\",\"nextItem\":{\"@type\":\"ListItem\",\"@id\":\"https:\\\/\\\/monatglobal.com\\\/at\\\/skin-revitalizing\\\/#listItem\",\"name\":\"SKIN REVITALIZING ESSENCE\\u2122\"}},{\"@type\":\"ListItem\",\"@id\":\"https:\\\/\\\/monatglobal.com\\\/at\\\/skin-revitalizing\\\/#listItem\",\"position\":2,\"name\":\"SKIN REVITALIZING ESSENCE\\u2122\",\"previousItem\":{\"@type\":\"ListItem\",\"@id\":\"https:\\\/\\\/monatglobal.com\\\/at#listItem\",\"name\":\"Home\"}}]},{\"@type\":\"Organization\",\"@id\":\"https:\\\/\\\/monatglobal.com\\\/at\\\/#organization\",\"name\":\"MONAT Austria\",\"description\":\"We Are Modern Nature\\u00ae\",\"url\":\"https:\\\/\\\/monatglobal.com\\\/at\\\/\"},{\"@type\":\"WebPage\",\"@id\":\"https:\\\/\\\/monatglobal.com\\\/at\\\/skin-revitalizing\\\/#webpage\",\"url\":\"https:\\\/\\\/monatglobal.com\\\/at\\\/skin-revitalizing\\\/\",\"name\":\"SKIN REVITALIZING ESSENCE\\u2122 - MONAT Austria\",\"description\":\"NEU Skin Revitalizing Essence\\u2122 Pflegend & Beruhigend Porenverfeinernde nat\\u00fcrliche Fruchts\\u00e4uren und Kamille 120 ml \\u212e 4.0 fl. oz. Einzelhandelspreis00.00 \\u20ac Preis f\\u00fcr VIP-Kunden00.00 \\u20ac Um mehr \\u00fcber Skin Revitalizing Essence\\u2122 zu erfahren, wende Dich bitte an Deinen MONAT Markenpartner. VORTEILE Ein leichtes Wunderwasser, das die Haut schnell mit Feuchtigkeit versorgt und pflegt - f\\u00fcr einen\",\"inLanguage\":\"de-DE\",\"isPartOf\":{\"@id\":\"https:\\\/\\\/monatglobal.com\\\/at\\\/#website\"},\"breadcrumb\":{\"@id\":\"https:\\\/\\\/monatglobal.com\\\/at\\\/skin-revitalizing\\\/#breadcrumblist\"},\"image\":{\"@type\":\"ImageObject\",\"url\":\"https:\\\/\\\/monatglobal.com\\\/at\\\/wp-content\\\/uploads\\\/sites\\\/27\\\/2026\\\/01\\\/skin-revitalizing-essence-500x438-150x150-1.png\",\"@id\":\"https:\\\/\\\/monatglobal.com\\\/at\\\/skin-revitalizing\\\/#mainImage\",\"width\":150,\"height\":150},\"primaryImageOfPage\":{\"@id\":\"https:\\\/\\\/monatglobal.com\\\/at\\\/skin-revitalizing\\\/#mainImage\"},\"datePublished\":\"2019-08-17T17:03:07+01:00\",\"dateModified\":\"2026-01-28T20:17:39+00:00\"},{\"@type\":\"WebSite\",\"@id\":\"https:\\\/\\\/monatglobal.com\\\/at\\\/#website\",\"url\":\"https:\\\/\\\/monatglobal.com\\\/at\\\/\",\"name\":\"MONAT Austria\",\"description\":\"We Are Modern Nature\\u00ae\",\"inLanguage\":\"de-DE\",\"publisher\":{\"@id\":\"https:\\\/\\\/monatglobal.com\\\/at\\\/#organization\"}}]}\n\t\t<\/script>\n\t\t<!-- All in One SEO Pro -->\r\n\t\t<title>SKIN REVITALIZING ESSENCE\u2122 - MONAT Austria<\/title>\n\n","aioseo_head_json":{"title":"SKIN REVITALIZING ESSENCE\u2122 - MONAT Austria","description":"NEU Skin Revitalizing Essence\u2122 Pflegend & Beruhigend Porenverfeinernde nat\u00fcrliche Fruchts\u00e4uren und Kamille 120 ml \u212e 4.0 fl. oz. Einzelhandelspreis00.00 \u20ac Preis f\u00fcr VIP-Kunden00.00 \u20ac Um mehr \u00fcber Skin Revitalizing Essence\u2122 zu erfahren, wende Dich bitte an Deinen MONAT Markenpartner. VORTEILE Ein leichtes Wunderwasser, das die Haut schnell mit Feuchtigkeit versorgt und pflegt - f\u00fcr einen","canonical_url":"https:\/\/monatglobal.com\/at\/skin-revitalizing\/","robots":"noindex, nofollow, max-image-preview:large","keywords":"","webmasterTools":{"miscellaneous":""},"schema":{"@context":"https:\/\/schema.org","@graph":[{"@type":"BreadcrumbList","@id":"https:\/\/monatglobal.com\/at\/skin-revitalizing\/#breadcrumblist","itemListElement":[{"@type":"ListItem","@id":"https:\/\/monatglobal.com\/at#listItem","position":1,"name":"Home","item":"https:\/\/monatglobal.com\/at","nextItem":{"@type":"ListItem","@id":"https:\/\/monatglobal.com\/at\/skin-revitalizing\/#listItem","name":"SKIN REVITALIZING ESSENCE\u2122"}},{"@type":"ListItem","@id":"https:\/\/monatglobal.com\/at\/skin-revitalizing\/#listItem","position":2,"name":"SKIN REVITALIZING ESSENCE\u2122","previousItem":{"@type":"ListItem","@id":"https:\/\/monatglobal.com\/at#listItem","name":"Home"}}]},{"@type":"Organization","@id":"https:\/\/monatglobal.com\/at\/#organization","name":"MONAT Austria","description":"We Are Modern Nature\u00ae","url":"https:\/\/monatglobal.com\/at\/"},{"@type":"WebPage","@id":"https:\/\/monatglobal.com\/at\/skin-revitalizing\/#webpage","url":"https:\/\/monatglobal.com\/at\/skin-revitalizing\/","name":"SKIN REVITALIZING ESSENCE\u2122 - MONAT Austria","description":"NEU Skin Revitalizing Essence\u2122 Pflegend & Beruhigend Porenverfeinernde nat\u00fcrliche Fruchts\u00e4uren und Kamille 120 ml \u212e 4.0 fl. oz. Einzelhandelspreis00.00 \u20ac Preis f\u00fcr VIP-Kunden00.00 \u20ac Um mehr \u00fcber Skin Revitalizing Essence\u2122 zu erfahren, wende Dich bitte an Deinen MONAT Markenpartner. VORTEILE Ein leichtes Wunderwasser, das die Haut schnell mit Feuchtigkeit versorgt und pflegt - f\u00fcr einen","inLanguage":"de-DE","isPartOf":{"@id":"https:\/\/monatglobal.com\/at\/#website"},"breadcrumb":{"@id":"https:\/\/monatglobal.com\/at\/skin-revitalizing\/#breadcrumblist"},"image":{"@type":"ImageObject","url":"https:\/\/monatglobal.com\/at\/wp-content\/uploads\/sites\/27\/2026\/01\/skin-revitalizing-essence-500x438-150x150-1.png","@id":"https:\/\/monatglobal.com\/at\/skin-revitalizing\/#mainImage","width":150,"height":150},"primaryImageOfPage":{"@id":"https:\/\/monatglobal.com\/at\/skin-revitalizing\/#mainImage"},"datePublished":"2019-08-17T17:03:07+01:00","dateModified":"2026-01-28T20:17:39+00:00"},{"@type":"WebSite","@id":"https:\/\/monatglobal.com\/at\/#website","url":"https:\/\/monatglobal.com\/at\/","name":"MONAT Austria","description":"We Are Modern Nature\u00ae","inLanguage":"de-DE","publisher":{"@id":"https:\/\/monatglobal.com\/at\/#organization"}}]},"og:locale":"de_DE","og:site_name":"MONAT Austria - We Are Modern Nature\u00ae","og:type":"article","og:title":"SKIN REVITALIZING ESSENCE\u2122 - MONAT Austria","og:description":"NEU Skin Revitalizing Essence\u2122 Pflegend &amp; Beruhigend Porenverfeinernde nat\u00fcrliche Fruchts\u00e4uren und Kamille 120 ml \u212e 4.0 fl. oz. Einzelhandelspreis00.00 \u20ac Preis f\u00fcr VIP-Kunden00.00 \u20ac Um mehr \u00fcber Skin Revitalizing Essence\u2122 zu erfahren, wende Dich bitte an Deinen MONAT Markenpartner. VORTEILE Ein leichtes Wunderwasser, das die Haut schnell mit Feuchtigkeit versorgt und pflegt - f\u00fcr einen","og:url":"https:\/\/monatglobal.com\/at\/skin-revitalizing\/","article:published_time":"2019-08-17T22:03:07+00:00","article:modified_time":"2026-01-28T20:17:39+00:00","twitter:card":"summary_large_image","twitter:title":"SKIN REVITALIZING ESSENCE\u2122 - MONAT Austria","twitter:description":"NEU Skin Revitalizing Essence\u2122 Pflegend &amp; Beruhigend Porenverfeinernde nat\u00fcrliche Fruchts\u00e4uren und Kamille 120 ml \u212e 4.0 fl. oz. Einzelhandelspreis00.00 \u20ac Preis f\u00fcr VIP-Kunden00.00 \u20ac Um mehr \u00fcber Skin Revitalizing Essence\u2122 zu erfahren, wende Dich bitte an Deinen MONAT Markenpartner. VORTEILE Ein leichtes Wunderwasser, das die Haut schnell mit Feuchtigkeit versorgt und pflegt - f\u00fcr einen"},"aioseo_meta_data":{"post_id":"44427","title":null,"description":null,"keywords":null,"keyphrases":null,"primary_term":null,"canonical_url":null,"og_title":null,"og_description":null,"og_object_type":"default","og_image_type":"default","og_image_url":null,"og_image_width":null,"og_image_height":null,"og_image_custom_url":null,"og_image_custom_fields":null,"og_video":null,"og_custom_url":null,"og_article_section":null,"og_article_tags":null,"twitter_use_og":false,"twitter_card":"default","twitter_image_type":"default","twitter_image_url":null,"twitter_image_custom_url":null,"twitter_image_custom_fields":null,"twitter_title":null,"twitter_description":null,"schema":{"blockGraphs":[],"customGraphs":[],"default":{"data":{"Article":[],"Course":[],"Dataset":[],"FAQPage":[],"Movie":[],"Person":[],"Product":[],"ProductReview":[],"Car":[],"Recipe":[],"Service":[],"SoftwareApplication":[],"WebPage":[]},"graphName":"","isEnabled":true},"graphs":[]},"schema_type":"default","schema_type_options":null,"pillar_content":false,"robots_default":true,"robots_noindex":false,"robots_noarchive":false,"robots_nosnippet":false,"robots_nofollow":false,"robots_noimageindex":false,"robots_noodp":false,"robots_notranslate":false,"robots_max_snippet":null,"robots_max_videopreview":null,"robots_max_imagepreview":"large","priority":null,"frequency":null,"local_seo":null,"seo_analyzer_scan_date":null,"breadcrumb_settings":null,"limit_modified_date":false,"reviewed_by":null,"open_ai":null,"ai":null,"created":"2026-02-09 20:56:08","updated":"2026-02-11 16:34:53"},"aioseo_breadcrumb":"<div class=\"aioseo-breadcrumbs\"><span class=\"aioseo-breadcrumb\">\n\t<a href=\"https:\/\/monatglobal.com\/at\" title=\"Home\">Home<\/a>\n<\/span><span class=\"aioseo-breadcrumb-separator\">&raquo;<\/span><span class=\"aioseo-breadcrumb\">\n\tSKIN REVITALIZING ESSENCE\u2122\n<\/span><\/div>","aioseo_breadcrumb_json":[{"label":"Home","link":"https:\/\/monatglobal.com\/at"},{"label":"SKIN REVITALIZING ESSENCE\u2122","link":"https:\/\/monatglobal.com\/at\/skin-revitalizing\/"}],"_links":{"self":[{"href":"https:\/\/monatglobal.com\/at\/wp-json\/wp\/v2\/pages\/44427","targetHints":{"allow":["GET"]}}],"collection":[{"href":"https:\/\/monatglobal.com\/at\/wp-json\/wp\/v2\/pages"}],"about":[{"href":"https:\/\/monatglobal.com\/at\/wp-json\/wp\/v2\/types\/page"}],"author":[{"embeddable":true,"href":"https:\/\/monatglobal.com\/at\/wp-json\/wp\/v2\/users\/31"}],"replies":[{"embeddable":true,"href":"https:\/\/monatglobal.com\/at\/wp-json\/wp\/v2\/comments?post=44427"}],"version-history":[{"count":13,"href":"https:\/\/monatglobal.com\/at\/wp-json\/wp\/v2\/pages\/44427\/revisions"}],"predecessor-version":[{"id":109165,"href":"https:\/\/monatglobal.com\/at\/wp-json\/wp\/v2\/pages\/44427\/revisions\/109165"}],"wp:featuredmedia":[{"embeddable":true,"href":"https:\/\/monatglobal.com\/at\/wp-json\/wp\/v2\/media\/109164"}],"wp:attachment":[{"href":"https:\/\/monatglobal.com\/at\/wp-json\/wp\/v2\/media?parent=44427"}],"wp:term":[{"taxonomy":"category","embeddable":true,"href":"https:\/\/monatglobal.com\/at\/wp-json\/wp\/v2\/categories?post=44427"},{"taxonomy":"post_tag","embeddable":true,"href":"https:\/\/monatglobal.com\/at\/wp-json\/wp\/v2\/tags?post=44427"}],"curies":[{"name":"wp","href":"https:\/\/api.w.org\/{rel}","templated":true}]}}