{"id":362,"date":"2025-01-10T17:59:24","date_gmt":"2025-01-10T17:59:24","guid":{"rendered":"https:\/\/monatglobal.com\/de\/?page_id=362"},"modified":"2025-11-01T14:34:05","modified_gmt":"2025-11-01T14:34:05","slug":"refunds-returns-shipping-and-cancellation-policy","status":"publish","type":"page","link":"https:\/\/monatglobal.com\/at\/refunds-returns-shipping-and-cancellation-policy\/","title":{"rendered":"R\u00fcckerstattungs-, R\u00fcckgabe- und Stornierungsrichtlinie"},"content":{"rendered":"\n\n\t\t\t\t<img loading=\"lazy\" decoding=\"async\" src=\"https:\/\/monatglobal.com\/de\/wp-content\/uploads\/sites\/22\/2024\/12\/MONAT-Logos-grey.png\" alt=\"MONAT-Logos-grey\" itemprop=\"image\" height=\"231\" width=\"287\" title=\"MONAT-Logos-grey\" onerror=\"this.style.display='none'\"  \/>\n\t<main>\n   <h1>R\u00fcckerstattungs-, R\u00fcckgabe- und Stornierungsrichtlinie<\/h1>\n   <section>\n    <h2>VERSAND<\/h2>\n    Du erh\u00e4ltst eine E-Mail-Best\u00e4tigung, sobald deine Bestellung erfolgreich aufgegeben wurde. Diese enth\u00e4lt deine Bestellnummer und die Versandmethode. Bitte stelle sicher, dass deine Versandadresse korrekt ist, da wir die Sendung nach dem Versand nicht mehr umleiten k\u00f6nnen. Bestellungen k\u00f6nnen bis zu 5-7 Werktage ben\u00f6tigen, um bearbeitet und versendet zu werden. Sobald deine Bestellung f\u00fcr den Versand vorbereitet wurde, erh\u00e4ltst du eine Versandbest\u00e4tigungs-E-Mail mit deinen Sendungsverfolgungsinformationen. Die anfallende Mehrwertsteuer wird auf den Warenwert erhoben, entsprechend dem Versandziel berechnet und auf der Bestell\u00fcbersichtsseite der Rechnung aufgef\u00fchrt. \n    \n    <br \/>\n    <h2>R\u00dcCKGABERICHTLINIE<\/h2>\n      MONAT ist zuversichtlich, dass du alles lieben wirst, was du bei uns kaufst. Wir bieten jedoch eine 30-t\u00e4gige Geld-zur\u00fcck-Garantie. Artikel, die beim Kauf eindeutig als vom Umtausch ausgeschlossen, auslaufend oder saisonal gekennzeichnet sind, k\u00f6nnen leider nicht zur\u00fcckgegeben oder erstattet werden.\n      <br \/><br \/>\n      Nach 30 Tagen bietet MONAT eine R\u00fcckerstattung von 90 % des Kaufpreises (exklusive Versandkosten) f\u00fcr die R\u00fcckgabe aller unge\u00f6ffneten und unbenutzten Produkte in ihrer Originalverpackung aus regul\u00e4ren Bestellungen, Flash-Sales, Promotionen, Flexship-Bestellungen oder Einschreibebestellungen im Rahmen des VIP-Kundenprogramms. R\u00fcckgaben nach 90 Tagen nach Versanddatum werden nicht akzeptiert. Bitte beachte, dass wir keine R\u00fcckgaben f\u00fcr Sonderangebote, Ausverk\u00e4ufe oder Produkte akzeptieren, die in ihrer Beschreibung als nicht r\u00fcckgabef\u00e4hig angegeben sind, es sei denn, sie sind fehlerhaft. Ausnahmen von dieser Richtlinie werden unter den Produktdetails auf der Produktseite aufgef\u00fchrt. F\u00fcr eine R\u00fcckgabe befolge bitte die folgenden Schritte: \n      <ol>\n          <li>Beantrage eine R\u00fccksendenummer (RMA-Nummer) entweder durch Kontaktaufnahme mit dem MONAT-Kundendienstteam unter 800 250 100, per E-Mail an <a href=\"mailto:ATkundendienst@monatglobal.com\" target=\"_blank\" rel=\"noopener\">ATkundendienst@monatglobal.com<\/a> oder \u00fcber die Chat-Funktion in deinem Konto. Gib dabei klar an, dass du das Produkt zur\u00fcckgeben m\u00f6chtest, und nenne deinen Namen, Adresse, Bestellnummer sowie die Best\u00e4tigung, ob du eine vollst\u00e4ndige oder teilweise R\u00fcckerstattung beantragst.<\/li>\n          <li>Verwende geeignete Versandkartons und Verpackungsmaterialien f\u00fcr die R\u00fccksendung. Alle Versandkosten m\u00fcssen im Voraus bezahlt werden. MONAT akzeptiert keine unfrei versandten Pakete. Falls das zur\u00fcckgesendete Produkt nicht im MONAT-Distributionszentrum eingeht, liegt es in der Verantwortung des Market-Partners oder Kunden, den Versand nachzuverfolgen.<\/li>\n          <li>R\u00fccksendungen sind zu senden an:<br \/> \n          MONAT Global, c\/o Radial Sp. z o.o.<br \/>\n          Moszna Parcela 29, Budynek C3, 05-840 Brwin\u00f3w, POLEN<\/li>\n          <li>Die Artikel werden in den folgenden zwei F\u00e4llen zur\u00fcckgenommen:<\/li>\n          <\/ol><ol>\n              <li>Die Produkte sind unge\u00f6ffnet, unbenutzt und die Verpackung sowie das Etikett sind unbesch\u00e4digt.<\/li>\n              <li>Wenn du mit einem Produkt nicht zufrieden bist, kannst du es innerhalb von 30 Tagen zusammen mit dem restlichen Inhalt an MONAT zur\u00fcckschicken. Du bekommst dann den vollen Kaufpreis. Bitte achte auf eine stabile Verpackung, damit beim Versand nichts ausl\u00e4uft oder besch\u00e4digt wird. Die Kosten f\u00fcr den R\u00fcckversand \u00fcbernimmst du selbst.<\/li>\n          <\/ol>\n      \n      <br \/>\n      <h2>R\u00dcCKERSTATTUNGEN<\/h2>\n        <p>Eine R\u00fcckerstattung wird ausgestellt, sobald die zur\u00fcckgesendeten Artikel bei uns eingegangen sind. Besch\u00e4digte Artikel sind von der R\u00fcckerstattung ausgeschlossen. Der Betrag wird auf die urspr\u00fcnglich verwendete Zahlungsmethode gutgeschrieben und umfasst den Produktpreis sowie die urspr\u00fcnglichen Versandkosten. Bitte beachte, dass die R\u00fcckerstattung je nach Bearbeitungszeiten deiner Bank bis zu 10 Werktage dauern kann.<\/p>\n        <br \/>\n    <h2>VERSANDKOSTEN<\/h2>\n         <p>Standardversand: 9,95 \u20ac<\/p>\n         <p>Alle Bestellungen \u00fcber 75 \u20ac erhalten kostenlosen Versand, w\u00e4hrend ein Market-Partner oder VIP-Kunde im aktiven Flexship-Programm eingeschrieben ist. Wenn du aus dem Flexship-Programm austreten, erh\u00e4ltst du keinen kostenlosen Versand mehr f\u00fcr Produktbestellungen. Anfallende Versandkosten werden f\u00fcr Bestellungen unter diesem Schwellenwert gem\u00e4\u00df den Angaben bei der Bestellung hinzugef\u00fcgt. Du kannst jederzeit eine E-Mail an unser Kundenservice-Team unter <a href=\"mailto:ATkundendienst@monatglobal.com\" target=\"_blank\" rel=\"noopener\">ATkundendienst@monatglobal.com<\/a> senden, um dich aus dem VIP-Flexship-Programm abzumelden.<\/p>\n   <\/section>\n   <br \/>\n   <br \/>\n   <br \/>\n<section>         \n         <!-- ======== box_1 ======== -->\n               <p><strong>R\u00dcCKGABE- &#038; R\u00dcCKERSTATTUNGSRICHTLINIE F\u00dcR MARKET-PARTNER<\/strong><\/p>\n               <p>Produkt-R\u00fcckgabezeitraum<\/p>\n               <p>R\u00fcckerstattung des Kaufpreises<\/p>\n               <p>R\u00fcckerstattung der Versandkosten<\/p>\n               <p>Market-Partner \u00fcbernimmt R\u00fccksendekosten<\/p>\n            <!-- first row  -->\n               <p>Bestellung** innerhalb von 30&nbsp;Tagen nach Lieferdatum zur\u00fcckgegeben<\/p>\n               <p>VOLLST\u00c4NDIG<\/p>\n               <p>NEIN<\/p>\n               <p>JA<\/p>\n            <!-- second  row  -->\n               <p>Bestellung 30 Tagen nach dem urspr\u00fcnglichen Lieferdatum zur\u00fcckgegeben<\/p>\n               <p>90 %<\/p>\n               <p>NEIN**<\/p>\n               <p>JA<\/p>\n            <!-- third  row  -->\n               <p>Bestellung 90 Tagen nach dem urspr\u00fcnglichen Lieferdatum zur\u00fcckgegeben<\/p>\n               <p>NEIN <\/p>\n               <p>NEIN<\/p>\n               <p>N\/A<\/p>\n            <!-- fourth  row  -->\n               <p>Starter Kit und\/oder Produktpaket-Bestellung* innerhalb von 30 Tagen nach Lieferdatum zur\u00fcckgegeben<\/p>\n               <p>100 %<\/p>\n               <p>NEIN<\/p>\n               <p>JA<\/p>\n            <!-- fifth  row  -->\n               <p>Starter Kit und\/oder Produktpaket-Bestellung** nach 30 Tagen nach Lieferdatum zur\u00fcckgegeben<\/p>\n               <p>90 %<\/p>\n               <p>NEIN**<\/p>\n               <p>JA<\/p>\n            <!-- sixth row  -->\n               * \n                  Kann eine teilweise oder vollst\u00e4ndige Bestellung sein. Wenn das Produkt und\/oder die Werbeaktion, bei der der Kunde gekauft hat, auf dem Werbematerial deutlich als nicht umtauschbar und nicht erstattbar gekennzeichnet ist, wird keine R\u00fcckerstattung angeboten. Wenn die Werbeaktion deutlich besagt, dass die gesamte Bestellung zur\u00fcckgegeben werden muss, um eine vollst\u00e4ndige R\u00fcckerstattung zu erhalten, und dies nicht geschieht, erh\u00e4lt der Kunde keine R\u00fcckerstattung.\n               \n               ** \n                  Wenn der Market-Partner eine qualifizierte Flexship-Bestellung hatte, wird ihm keine Versandgeb\u00fchr f\u00fcr seine Bestellung berechnet; daher wird auch keine Versandgeb\u00fchr von seiner R\u00fcckerstattung abgezogen.\n         <br \/>\n         <br \/>\n         <br \/>\n         <!-- ======== box_2 ======== -->\n               <p><strong>R\u00dcCKGABE- &#038; R\u00dcCKERSTATTUNG F\u00dcR EINZELHANDELS- UND VIP-KUNDEN<\/strong><\/p>\n               <p>Produkt-R\u00fcckgabezeitraum<\/p>\n               <p>R\u00fcckerstattung des Kaufpreises<\/p>\n               <p>R\u00fcckerstattung der Versandkosten<\/p>\n               <p>Kunde verantwortlich f\u00fcr R\u00fccksendekosten<\/p>\n            <!-- first row  -->\n               <p>Bestellung* innerhalb von 30 Tagen nach Lieferdatum zur\u00fcckgegeben<\/p>\n               <p>VOLLST\u00c4NDIG<\/p>\n               <p>NEIN<\/p>\n               <p>JA<\/p>\n            <!-- second  row  -->\n               <p>Bestellung 30 Tagen nach dem urspr\u00fcnglichen Lieferdatum zur\u00fcckgegeben<\/p>\n               <p>90 %<\/p>\n               <p>NEIN**<\/p>\n               <p>JA<\/p>\n            <!-- third  row  -->\n               <p>Bestellung 90 Tagen nach dem urspr\u00fcnglichen Lieferdatum zur\u00fcckgegeben<\/p>\n               <p>NEIN<\/p>\n               <p>NEIN<\/p>\n               <p>N\/A<\/p>\n            <!-- fourth row  -->\n               <p>* Kann eine teilweise oder vollst\u00e4ndige Bestellung sein. Wenn das Produkt und\/oder die Werbeaktion, bei der der Kunde gekauft hat, auf dem Werbematerial deutlich als nicht umtauschbar und nicht erstattbar gekennzeichnet ist, wird keine R\u00fcckerstattung angeboten. Wenn die Werbeaktion eindeutig besagt, dass die gesamte Bestellung zur\u00fcckgegeben werden muss, um eine vollst\u00e4ndige R\u00fcckerstattung zu erhalten, und dies nicht geschieht, erh\u00e4lt der Kunde keine R\u00fcckerstattung.<\/p>\n               \n               ** \n                  Wenn der VIP-Kunde eine qualifizierte Flexship-Bestellung hatte, wird ihm keine Versandgeb\u00fchr f\u00fcr seine Bestellung berechnet; daher wird auch keine Versandgeb\u00fchr von seiner R\u00fcckerstattung abgezogen.\n         <p>Letzte Aktualisierung: 22. August 2025<\/p>\n    <\/section>\n<\/main> \n\n","protected":false},"excerpt":{"rendered":"<p>R\u00fcckerstattungs-, R\u00fcckgabe- und Stornierungsrichtlinie VERSAND Du erh\u00e4ltst eine E-Mail-Best\u00e4tigung, sobald deine Bestellung erfolgreich aufgegeben wurde. Diese enth\u00e4lt deine Bestellnummer und die Versandmethode. Bitte stelle sicher, dass deine Versandadresse korrekt ist, da wir die Sendung nach dem Versand nicht mehr umleiten k\u00f6nnen. Bestellungen k\u00f6nnen bis zu 5-7 Werktage ben\u00f6tigen, um bearbeitet und versendet zu werden. Sobald&hellip;<\/p>\n","protected":false},"author":31,"featured_media":114,"parent":0,"menu_order":0,"comment_status":"closed","ping_status":"closed","template":"","meta":{"inline_featured_image":false,"footnotes":""},"categories":[],"tags":[],"class_list":["post-362","page","type-page","status-publish","has-post-thumbnail","hentry"],"aioseo_notices":[],"aioseo_head":"\n\t\t<!-- All in One SEO Pro 4.9.5.2 - aioseo.com -->\n\t<meta name=\"description\" content=\"R\u00fcckerstattungs-, R\u00fcckgabe- und Stornierungsrichtlinie VERSAND Du erh\u00e4ltst eine E-Mail-Best\u00e4tigung, sobald deine Bestellung erfolgreich aufgegeben wurde. Diese enth\u00e4lt deine Bestellnummer und die Versandmethode. Bitte stelle sicher, dass deine Versandadresse korrekt ist, da wir die Sendung nach dem Versand nicht mehr umleiten k\u00f6nnen. Bestellungen k\u00f6nnen bis zu 5-7 Werktage ben\u00f6tigen, um bearbeitet und versendet zu werden. Sobald\" \/>\n\t<meta name=\"robots\" content=\"noindex, nofollow, max-image-preview:large\" \/>\n\t<link rel=\"canonical\" href=\"https:\/\/monatglobal.com\/at\/refunds-returns-shipping-and-cancellation-policy\/\" \/>\n\t<meta name=\"generator\" content=\"All in One SEO Pro (AIOSEO) 4.9.5.2\" \/>\n\t\t<meta property=\"og:locale\" content=\"de_DE\" \/>\n\t\t<meta property=\"og:site_name\" content=\"MONAT Austria - We Are Modern Nature\u00ae\" \/>\n\t\t<meta property=\"og:type\" content=\"article\" \/>\n\t\t<meta property=\"og:title\" content=\"R\u00fcckerstattungs-, R\u00fcckgabe- und Stornierungsrichtlinie - MONAT Austria\" \/>\n\t\t<meta property=\"og:description\" content=\"R\u00fcckerstattungs-, R\u00fcckgabe- und Stornierungsrichtlinie VERSAND Du erh\u00e4ltst eine E-Mail-Best\u00e4tigung, sobald deine Bestellung erfolgreich aufgegeben wurde. Diese enth\u00e4lt deine Bestellnummer und die Versandmethode. Bitte stelle sicher, dass deine Versandadresse korrekt ist, da wir die Sendung nach dem Versand nicht mehr umleiten k\u00f6nnen. Bestellungen k\u00f6nnen bis zu 5-7 Werktage ben\u00f6tigen, um bearbeitet und versendet zu werden. Sobald\" \/>\n\t\t<meta property=\"og:url\" content=\"https:\/\/monatglobal.com\/at\/refunds-returns-shipping-and-cancellation-policy\/\" \/>\n\t\t<meta property=\"article:published_time\" content=\"2025-01-10T17:59:24+00:00\" \/>\n\t\t<meta property=\"article:modified_time\" content=\"2025-11-01T14:34:05+00:00\" \/>\n\t\t<meta name=\"twitter:card\" content=\"summary_large_image\" \/>\n\t\t<meta name=\"twitter:title\" content=\"R\u00fcckerstattungs-, R\u00fcckgabe- und Stornierungsrichtlinie - MONAT Austria\" \/>\n\t\t<meta name=\"twitter:description\" content=\"R\u00fcckerstattungs-, R\u00fcckgabe- und Stornierungsrichtlinie VERSAND Du erh\u00e4ltst eine E-Mail-Best\u00e4tigung, sobald deine Bestellung erfolgreich aufgegeben wurde. Diese enth\u00e4lt deine Bestellnummer und die Versandmethode. Bitte stelle sicher, dass deine Versandadresse korrekt ist, da wir die Sendung nach dem Versand nicht mehr umleiten k\u00f6nnen. Bestellungen k\u00f6nnen bis zu 5-7 Werktage ben\u00f6tigen, um bearbeitet und versendet zu werden. Sobald\" \/>\n\t\t<script type=\"application\/ld+json\" class=\"aioseo-schema\">\n\t\t\t{\"@context\":\"https:\\\/\\\/schema.org\",\"@graph\":[{\"@type\":\"BreadcrumbList\",\"@id\":\"https:\\\/\\\/monatglobal.com\\\/at\\\/refunds-returns-shipping-and-cancellation-policy\\\/#breadcrumblist\",\"itemListElement\":[{\"@type\":\"ListItem\",\"@id\":\"https:\\\/\\\/monatglobal.com\\\/at#listItem\",\"position\":1,\"name\":\"Home\",\"item\":\"https:\\\/\\\/monatglobal.com\\\/at\",\"nextItem\":{\"@type\":\"ListItem\",\"@id\":\"https:\\\/\\\/monatglobal.com\\\/at\\\/refunds-returns-shipping-and-cancellation-policy\\\/#listItem\",\"name\":\"R\\u00fcckerstattungs-, R\\u00fcckgabe- und Stornierungsrichtlinie\"}},{\"@type\":\"ListItem\",\"@id\":\"https:\\\/\\\/monatglobal.com\\\/at\\\/refunds-returns-shipping-and-cancellation-policy\\\/#listItem\",\"position\":2,\"name\":\"R\\u00fcckerstattungs-, R\\u00fcckgabe- und Stornierungsrichtlinie\",\"previousItem\":{\"@type\":\"ListItem\",\"@id\":\"https:\\\/\\\/monatglobal.com\\\/at#listItem\",\"name\":\"Home\"}}]},{\"@type\":\"Organization\",\"@id\":\"https:\\\/\\\/monatglobal.com\\\/at\\\/#organization\",\"name\":\"MONAT Austria\",\"description\":\"We Are Modern Nature\\u00ae\",\"url\":\"https:\\\/\\\/monatglobal.com\\\/at\\\/\"},{\"@type\":\"WebPage\",\"@id\":\"https:\\\/\\\/monatglobal.com\\\/at\\\/refunds-returns-shipping-and-cancellation-policy\\\/#webpage\",\"url\":\"https:\\\/\\\/monatglobal.com\\\/at\\\/refunds-returns-shipping-and-cancellation-policy\\\/\",\"name\":\"R\\u00fcckerstattungs-, R\\u00fcckgabe- und Stornierungsrichtlinie - MONAT Austria\",\"description\":\"R\\u00fcckerstattungs-, R\\u00fcckgabe- und Stornierungsrichtlinie VERSAND Du erh\\u00e4ltst eine E-Mail-Best\\u00e4tigung, sobald deine Bestellung erfolgreich aufgegeben wurde. Diese enth\\u00e4lt deine Bestellnummer und die Versandmethode. Bitte stelle sicher, dass deine Versandadresse korrekt ist, da wir die Sendung nach dem Versand nicht mehr umleiten k\\u00f6nnen. Bestellungen k\\u00f6nnen bis zu 5-7 Werktage ben\\u00f6tigen, um bearbeitet und versendet zu werden. Sobald\",\"inLanguage\":\"de-DE\",\"isPartOf\":{\"@id\":\"https:\\\/\\\/monatglobal.com\\\/at\\\/#website\"},\"breadcrumb\":{\"@id\":\"https:\\\/\\\/monatglobal.com\\\/at\\\/refunds-returns-shipping-and-cancellation-policy\\\/#breadcrumblist\"},\"image\":{\"@type\":\"ImageObject\",\"url\":114,\"@id\":\"https:\\\/\\\/monatglobal.com\\\/at\\\/refunds-returns-shipping-and-cancellation-policy\\\/#mainImage\"},\"primaryImageOfPage\":{\"@id\":\"https:\\\/\\\/monatglobal.com\\\/at\\\/refunds-returns-shipping-and-cancellation-policy\\\/#mainImage\"},\"datePublished\":\"2025-01-10T17:59:24+00:00\",\"dateModified\":\"2025-11-01T14:34:05+00:00\"},{\"@type\":\"WebSite\",\"@id\":\"https:\\\/\\\/monatglobal.com\\\/at\\\/#website\",\"url\":\"https:\\\/\\\/monatglobal.com\\\/at\\\/\",\"name\":\"MONAT Austria\",\"description\":\"We Are Modern Nature\\u00ae\",\"inLanguage\":\"de-DE\",\"publisher\":{\"@id\":\"https:\\\/\\\/monatglobal.com\\\/at\\\/#organization\"}}]}\n\t\t<\/script>\n\t\t<!-- All in One SEO Pro -->\r\n\t\t<title>R\u00fcckerstattungs-, R\u00fcckgabe- und Stornierungsrichtlinie - MONAT Austria<\/title>\n\n","aioseo_head_json":{"title":"R\u00fcckerstattungs-, R\u00fcckgabe- und Stornierungsrichtlinie - MONAT Austria","description":"R\u00fcckerstattungs-, R\u00fcckgabe- und Stornierungsrichtlinie VERSAND Du erh\u00e4ltst eine E-Mail-Best\u00e4tigung, sobald deine Bestellung erfolgreich aufgegeben wurde. Diese enth\u00e4lt deine Bestellnummer und die Versandmethode. Bitte stelle sicher, dass deine Versandadresse korrekt ist, da wir die Sendung nach dem Versand nicht mehr umleiten k\u00f6nnen. Bestellungen k\u00f6nnen bis zu 5-7 Werktage ben\u00f6tigen, um bearbeitet und versendet zu werden. Sobald","canonical_url":"https:\/\/monatglobal.com\/at\/refunds-returns-shipping-and-cancellation-policy\/","robots":"noindex, nofollow, max-image-preview:large","keywords":"","webmasterTools":{"miscellaneous":""},"schema":{"@context":"https:\/\/schema.org","@graph":[{"@type":"BreadcrumbList","@id":"https:\/\/monatglobal.com\/at\/refunds-returns-shipping-and-cancellation-policy\/#breadcrumblist","itemListElement":[{"@type":"ListItem","@id":"https:\/\/monatglobal.com\/at#listItem","position":1,"name":"Home","item":"https:\/\/monatglobal.com\/at","nextItem":{"@type":"ListItem","@id":"https:\/\/monatglobal.com\/at\/refunds-returns-shipping-and-cancellation-policy\/#listItem","name":"R\u00fcckerstattungs-, R\u00fcckgabe- und Stornierungsrichtlinie"}},{"@type":"ListItem","@id":"https:\/\/monatglobal.com\/at\/refunds-returns-shipping-and-cancellation-policy\/#listItem","position":2,"name":"R\u00fcckerstattungs-, R\u00fcckgabe- und Stornierungsrichtlinie","previousItem":{"@type":"ListItem","@id":"https:\/\/monatglobal.com\/at#listItem","name":"Home"}}]},{"@type":"Organization","@id":"https:\/\/monatglobal.com\/at\/#organization","name":"MONAT Austria","description":"We Are Modern Nature\u00ae","url":"https:\/\/monatglobal.com\/at\/"},{"@type":"WebPage","@id":"https:\/\/monatglobal.com\/at\/refunds-returns-shipping-and-cancellation-policy\/#webpage","url":"https:\/\/monatglobal.com\/at\/refunds-returns-shipping-and-cancellation-policy\/","name":"R\u00fcckerstattungs-, R\u00fcckgabe- und Stornierungsrichtlinie - MONAT Austria","description":"R\u00fcckerstattungs-, R\u00fcckgabe- und Stornierungsrichtlinie VERSAND Du erh\u00e4ltst eine E-Mail-Best\u00e4tigung, sobald deine Bestellung erfolgreich aufgegeben wurde. Diese enth\u00e4lt deine Bestellnummer und die Versandmethode. Bitte stelle sicher, dass deine Versandadresse korrekt ist, da wir die Sendung nach dem Versand nicht mehr umleiten k\u00f6nnen. Bestellungen k\u00f6nnen bis zu 5-7 Werktage ben\u00f6tigen, um bearbeitet und versendet zu werden. Sobald","inLanguage":"de-DE","isPartOf":{"@id":"https:\/\/monatglobal.com\/at\/#website"},"breadcrumb":{"@id":"https:\/\/monatglobal.com\/at\/refunds-returns-shipping-and-cancellation-policy\/#breadcrumblist"},"image":{"@type":"ImageObject","url":114,"@id":"https:\/\/monatglobal.com\/at\/refunds-returns-shipping-and-cancellation-policy\/#mainImage"},"primaryImageOfPage":{"@id":"https:\/\/monatglobal.com\/at\/refunds-returns-shipping-and-cancellation-policy\/#mainImage"},"datePublished":"2025-01-10T17:59:24+00:00","dateModified":"2025-11-01T14:34:05+00:00"},{"@type":"WebSite","@id":"https:\/\/monatglobal.com\/at\/#website","url":"https:\/\/monatglobal.com\/at\/","name":"MONAT Austria","description":"We Are Modern Nature\u00ae","inLanguage":"de-DE","publisher":{"@id":"https:\/\/monatglobal.com\/at\/#organization"}}]},"og:locale":"de_DE","og:site_name":"MONAT Austria - We Are Modern Nature\u00ae","og:type":"article","og:title":"R\u00fcckerstattungs-, R\u00fcckgabe- und Stornierungsrichtlinie - MONAT Austria","og:description":"R\u00fcckerstattungs-, R\u00fcckgabe- und Stornierungsrichtlinie VERSAND Du erh\u00e4ltst eine E-Mail-Best\u00e4tigung, sobald deine Bestellung erfolgreich aufgegeben wurde. Diese enth\u00e4lt deine Bestellnummer und die Versandmethode. Bitte stelle sicher, dass deine Versandadresse korrekt ist, da wir die Sendung nach dem Versand nicht mehr umleiten k\u00f6nnen. Bestellungen k\u00f6nnen bis zu 5-7 Werktage ben\u00f6tigen, um bearbeitet und versendet zu werden. Sobald","og:url":"https:\/\/monatglobal.com\/at\/refunds-returns-shipping-and-cancellation-policy\/","article:published_time":"2025-01-10T17:59:24+00:00","article:modified_time":"2025-11-01T14:34:05+00:00","twitter:card":"summary_large_image","twitter:title":"R\u00fcckerstattungs-, R\u00fcckgabe- und Stornierungsrichtlinie - MONAT Austria","twitter:description":"R\u00fcckerstattungs-, R\u00fcckgabe- und Stornierungsrichtlinie VERSAND Du erh\u00e4ltst eine E-Mail-Best\u00e4tigung, sobald deine Bestellung erfolgreich aufgegeben wurde. Diese enth\u00e4lt deine Bestellnummer und die Versandmethode. Bitte stelle sicher, dass deine Versandadresse korrekt ist, da wir die Sendung nach dem Versand nicht mehr umleiten k\u00f6nnen. Bestellungen k\u00f6nnen bis zu 5-7 Werktage ben\u00f6tigen, um bearbeitet und versendet zu werden. Sobald"},"aioseo_meta_data":{"post_id":"362","title":null,"description":null,"keywords":null,"keyphrases":null,"primary_term":null,"canonical_url":null,"og_title":null,"og_description":null,"og_object_type":"default","og_image_type":"default","og_image_url":null,"og_image_width":null,"og_image_height":null,"og_image_custom_url":null,"og_image_custom_fields":null,"og_video":null,"og_custom_url":null,"og_article_section":null,"og_article_tags":null,"twitter_use_og":false,"twitter_card":"default","twitter_image_type":"default","twitter_image_url":null,"twitter_image_custom_url":null,"twitter_image_custom_fields":null,"twitter_title":null,"twitter_description":null,"schema":{"blockGraphs":[],"customGraphs":[],"default":{"data":{"Article":[],"Course":[],"Dataset":[],"FAQPage":[],"Movie":[],"Person":[],"Product":[],"ProductReview":[],"Car":[],"Recipe":[],"Service":[],"SoftwareApplication":[],"WebPage":[]},"graphName":"WebPage","isEnabled":true},"graphs":[]},"schema_type":"default","schema_type_options":null,"pillar_content":false,"robots_default":true,"robots_noindex":false,"robots_noarchive":false,"robots_nosnippet":false,"robots_nofollow":false,"robots_noimageindex":false,"robots_noodp":false,"robots_notranslate":false,"robots_max_snippet":null,"robots_max_videopreview":null,"robots_max_imagepreview":"large","priority":null,"frequency":null,"local_seo":null,"seo_analyzer_scan_date":null,"breadcrumb_settings":null,"limit_modified_date":false,"reviewed_by":null,"open_ai":null,"ai":null,"created":"2025-07-30 02:28:36","updated":"2026-02-11 16:35:54"},"aioseo_breadcrumb":"<div class=\"aioseo-breadcrumbs\"><span class=\"aioseo-breadcrumb\">\n\t<a href=\"https:\/\/monatglobal.com\/at\" title=\"Home\">Home<\/a>\n<\/span><span class=\"aioseo-breadcrumb-separator\">&raquo;<\/span><span class=\"aioseo-breadcrumb\">\n\tR\u00fcckerstattungs-, R\u00fcckgabe- und Stornierungsrichtlinie\n<\/span><\/div>","aioseo_breadcrumb_json":[{"label":"Home","link":"https:\/\/monatglobal.com\/at"},{"label":"R\u00fcckerstattungs-, R\u00fcckgabe- und Stornierungsrichtlinie","link":"https:\/\/monatglobal.com\/at\/refunds-returns-shipping-and-cancellation-policy\/"}],"_links":{"self":[{"href":"https:\/\/monatglobal.com\/at\/wp-json\/wp\/v2\/pages\/362","targetHints":{"allow":["GET"]}}],"collection":[{"href":"https:\/\/monatglobal.com\/at\/wp-json\/wp\/v2\/pages"}],"about":[{"href":"https:\/\/monatglobal.com\/at\/wp-json\/wp\/v2\/types\/page"}],"author":[{"embeddable":true,"href":"https:\/\/monatglobal.com\/at\/wp-json\/wp\/v2\/users\/31"}],"replies":[{"embeddable":true,"href":"https:\/\/monatglobal.com\/at\/wp-json\/wp\/v2\/comments?post=362"}],"version-history":[{"count":2,"href":"https:\/\/monatglobal.com\/at\/wp-json\/wp\/v2\/pages\/362\/revisions"}],"predecessor-version":[{"id":108810,"href":"https:\/\/monatglobal.com\/at\/wp-json\/wp\/v2\/pages\/362\/revisions\/108810"}],"wp:featuredmedia":[{"embeddable":true,"href":"https:\/\/monatglobal.com\/at\/wp-json\/"}],"wp:attachment":[{"href":"https:\/\/monatglobal.com\/at\/wp-json\/wp\/v2\/media?parent=362"}],"wp:term":[{"taxonomy":"category","embeddable":true,"href":"https:\/\/monatglobal.com\/at\/wp-json\/wp\/v2\/categories?post=362"},{"taxonomy":"post_tag","embeddable":true,"href":"https:\/\/monatglobal.com\/at\/wp-json\/wp\/v2\/tags?post=362"}],"curies":[{"name":"wp","href":"https:\/\/api.w.org\/{rel}","templated":true}]}}